{"id":4942,"date":"2025-11-25T12:05:29","date_gmt":"2025-11-25T11:05:29","guid":{"rendered":"https:\/\/retrofit.de\/?page_id=4942"},"modified":"2025-11-27T15:42:10","modified_gmt":"2025-11-27T14:42:10","slug":"cnc-machine-tools-china-import","status":"publish","type":"page","link":"https:\/\/retrofit.de\/index.php\/en\/machine-tool-manufacturer\/cnc-machine-tools-china-import\/","title":{"rendered":"CNC machine tools from China"},"content":{"rendered":"<div id='av_section_1'  class='avia-section av-av_section-f716ba51e7bf82947c918c6ed882cb73 main_color avia-section-default avia-no-border-styling  avia-builder-el-0  el_before_av_section  avia-builder-el-first  avia-bg-style-scroll container_wrap fullsize'  ><div class='container av-section-cont-open' ><main  role=\"main\" itemprop=\"mainContentOfPage\"  class='template-page content  av-content-full alpha units'><div class='post-entry post-entry-type-page post-entry-4942'><div class='entry-content-wrapper clearfix'>\n<div  class='flex_column av-av_one_full-7714eba142aeda1f8b5272a3c372b279 av_one_full  avia-builder-el-1  el_before_av_image  avia-builder-el-first  first flex_column_div  '     ><p>\n<style type=\"text\/css\" data-created_by=\"avia_inline_auto\" id=\"style-css-av-av_hr-35d53d7be2491954ac97ecc375137ffb\">\n#top .hr.hr-invisible.av-av_hr-35d53d7be2491954ac97ecc375137ffb{\nheight:15px;\n}\n<\/style>\n<div  class='hr av-av_hr-35d53d7be2491954ac97ecc375137ffb hr-invisible  avia-builder-el-2  el_before_av_heading  avia-builder-el-first '><span class='hr-inner '><span class=\"hr-inner-style\"><\/span><\/span><\/div><br \/>\n\n<style type=\"text\/css\" data-created_by=\"avia_inline_auto\" id=\"style-css-av-mieb0wo6-2da189dcfdb1bcbd297300ad997eb209\">\n#top .av-special-heading.av-mieb0wo6-2da189dcfdb1bcbd297300ad997eb209{\npadding-bottom:10px;\n}\nbody .av-special-heading.av-mieb0wo6-2da189dcfdb1bcbd297300ad997eb209 .av-special-heading-tag .heading-char{\nfont-size:25px;\n}\n.av-special-heading.av-mieb0wo6-2da189dcfdb1bcbd297300ad997eb209 .av-subheading{\nfont-size:15px;\n}\n<\/style>\n<div  class='av-special-heading av-mieb0wo6-2da189dcfdb1bcbd297300ad997eb209 av-special-heading-h1 blockquote modern-quote  avia-builder-el-3  el_after_av_hr  el_before_av_hr '><h1 class='av-special-heading-tag '  itemprop=\"headline\"  >CNC machine tools from China \u2013 Chinese machine imports<\/h1><div class=\"special-heading-border\"><div class=\"special-heading-inner-border\"><\/div><\/div><\/div><br \/>\n\n<style type=\"text\/css\" data-created_by=\"avia_inline_auto\" id=\"style-css-av-av_hr-d25c98c2beecd8532cbab9d479c75414\">\n#top .hr.hr-invisible.av-av_hr-d25c98c2beecd8532cbab9d479c75414{\nheight:55px;\n}\n<\/style>\n<div  class='hr av-av_hr-d25c98c2beecd8532cbab9d479c75414 hr-invisible  avia-builder-el-4  el_after_av_heading  avia-builder-el-last '><span class='hr-inner '><span class=\"hr-inner-style\"><\/span><\/span><\/div><\/p><\/div>\n<style type=\"text\/css\" data-created_by=\"avia_inline_auto\" id=\"style-css-av-av_image-e50637420e4855b99a4496edaa9abb45\">\n.avia-image-container.av-av_image-e50637420e4855b99a4496edaa9abb45 img.avia_image{\nbox-shadow:none;\n}\n.avia-image-container.av-av_image-e50637420e4855b99a4496edaa9abb45 .av-image-caption-overlay-center{\ncolor:#ffffff;\n}\n.avia-image-container.av-av_image-e50637420e4855b99a4496edaa9abb45 .avia-curtain-reveal-overlay{\nanimation-duration:1.5s;\nbackground:#d9000e;\nz-index:100;\n}\n<\/style>\n<div  class='avia-image-container av-av_image-e50637420e4855b99a4496edaa9abb45 av-styling- avia-align-left  avia-builder-el-5  el_after_av_one_full  el_before_av_one_full '   itemprop=\"image\" itemscope=\"itemscope\" itemtype=\"https:\/\/schema.org\/ImageObject\" ><div class=\"avia-image-container-inner\"><div class=\"avia-image-overlay-wrap\"><div class='avia-curtain-reveal-overlay av-animated-when-visible-95 animate-all-devices curtain-reveal-btt'><\/div><img decoding=\"async\" fetchpriority=\"high\" class='wp-image-1457 avia-img-lazy-loading-not-1457 avia_image ' src=\"https:\/\/retrofit.de\/wp-content\/uploads\/2023\/05\/Kugelschleifmaschine-Hersteller-6-1.webp\" alt='Kugelschleifmaschine Hersteller' title='Kugelschleifmaschine Hersteller 6'  height=\"750\" width=\"1920\"  itemprop=\"thumbnailUrl\" srcset=\"https:\/\/retrofit.de\/wp-content\/uploads\/2023\/05\/Kugelschleifmaschine-Hersteller-6-1.webp 1920w, https:\/\/retrofit.de\/wp-content\/uploads\/2023\/05\/Kugelschleifmaschine-Hersteller-6-1-300x117.webp 300w, https:\/\/retrofit.de\/wp-content\/uploads\/2023\/05\/Kugelschleifmaschine-Hersteller-6-1-1030x402.webp 1030w, https:\/\/retrofit.de\/wp-content\/uploads\/2023\/05\/Kugelschleifmaschine-Hersteller-6-1-768x300.webp 768w, https:\/\/retrofit.de\/wp-content\/uploads\/2023\/05\/Kugelschleifmaschine-Hersteller-6-1-1536x600.webp 1536w, https:\/\/retrofit.de\/wp-content\/uploads\/2023\/05\/Kugelschleifmaschine-Hersteller-6-1-1500x586.webp 1500w, https:\/\/retrofit.de\/wp-content\/uploads\/2023\/05\/Kugelschleifmaschine-Hersteller-6-1-705x275.webp 705w\" sizes=\"(max-width: 1920px) 100vw, 1920px\" \/><\/div><\/div><\/div>\n<div  class='flex_column av-av_one_full-62182491de0c8640dccef865bfe8b366 av_one_full  avia-builder-el-6  el_after_av_image  avia-builder-el-last  first flex_column_div  '     ><p>\n<style type=\"text\/css\" data-created_by=\"avia_inline_auto\" id=\"style-css-av-av_hr-d25c98c2beecd8532cbab9d479c75414\">\n#top .hr.hr-invisible.av-av_hr-d25c98c2beecd8532cbab9d479c75414{\nheight:55px;\n}\n<\/style>\n<div  class='hr av-av_hr-d25c98c2beecd8532cbab9d479c75414 hr-invisible  avia-builder-el-7  el_before_av_textblock  avia-builder-el-first '><span class='hr-inner '><span class=\"hr-inner-style\"><\/span><\/span><\/div><br \/>\n<section  class='av_textblock_section av-mieb15aw-f1e6d0fd50516683c1ade05322fe0384 '   itemscope=\"itemscope\" itemtype=\"https:\/\/schema.org\/CreativeWork\" ><div class='avia_textblock av_inherit_color'  itemprop=\"text\" ><p>CNC machine tools from China are increasingly in demand, and for good reason. Whereas in the past, low prices meant low quality, today&#8217;s machines are of high quality. High standards in metalworking are met with a very good price-performance ratio.<\/p>\n<p>If you would like to buy or rent Chinese CNC machines, we can help you make the right decisions right from the planning stage.<\/p>\n<p>With our network, we also provide you with a proven way to import high-quality machinery.<\/p>\n<p>If necessary, we will put you in touch with the right contacts and support you before and after your purchase.<\/p>\n<p>We will find the right machine for your production needs. Just give us a call.<\/p>\n<\/div><\/section><\/p><\/div><\/div><\/div><\/main><!-- close content main element --><\/div><\/div><div id='av_section_2'  class='avia-section av-av_section-f716ba51e7bf82947c918c6ed882cb73 main_color avia-section-default avia-no-border-styling  avia-builder-el-9  el_after_av_section  avia-builder-el-last  avia-bg-style-scroll container_wrap fullsize'  ><div class='container av-section-cont-open' ><div class='template-page content  av-content-full alpha units'><div class='post-entry post-entry-type-page post-entry-4942'><div class='entry-content-wrapper clearfix'>\n\n<style type=\"text\/css\" data-created_by=\"avia_inline_auto\" id=\"style-css-av-av_heading-0b73b1e7d817b4fb3528e0d140d5c8c8\">\n#top .av-special-heading.av-av_heading-0b73b1e7d817b4fb3528e0d140d5c8c8{\npadding-bottom:10px;\n}\nbody .av-special-heading.av-av_heading-0b73b1e7d817b4fb3528e0d140d5c8c8 .av-special-heading-tag .heading-char{\nfont-size:25px;\n}\n.av-special-heading.av-av_heading-0b73b1e7d817b4fb3528e0d140d5c8c8 .av-subheading{\nfont-size:15px;\n}\n<\/style>\n<div  class='av-special-heading av-av_heading-0b73b1e7d817b4fb3528e0d140d5c8c8 av-special-heading-h2 blockquote modern-quote  avia-builder-el-10  el_before_av_textblock  avia-builder-el-first '><h2 class='av-special-heading-tag '  itemprop=\"headline\"  >HOW CAN WE HELP YOU?<\/h2><div class=\"special-heading-border\"><div class=\"special-heading-inner-border\"><\/div><\/div><\/div>\n\n<style type=\"text\/css\" data-created_by=\"avia_inline_auto\" id=\"style-css-av-av_textblock-1eb3f6d206b5d99f51ef7585e0a26fdc\">\n#top .av_textblock_section.av-av_textblock-1eb3f6d206b5d99f51ef7585e0a26fdc .avia_textblock{\nfont-size:30px;\n}\n<\/style>\n<section  class='av_textblock_section av-av_textblock-1eb3f6d206b5d99f51ef7585e0a26fdc '   itemscope=\"itemscope\" itemtype=\"https:\/\/schema.org\/CreativeWork\" ><div class='avia_textblock'  itemprop=\"text\" ><p>HDC HUTTELMAIER \u2013 RETROFITTING OF MACHINES FOR HIGH-END PRECISION<\/p>\n<\/div><\/section>\n<div  class='flex_column av-av_one_fourth-7714eba142aeda1f8b5272a3c372b279 av_one_fourth  avia-builder-el-12  el_after_av_textblock  el_before_av_one_half  first flex_column_div  column-top-margin'     ><style type=\"text\/css\" data-created_by=\"avia_inline_auto\" id=\"style-css-av-av_image-9e658f253e303a06beb42b5291bdea43\">\n.avia-image-container.av-av_image-9e658f253e303a06beb42b5291bdea43 img.avia_image{\nbox-shadow:none;\n}\n.avia-image-container.av-av_image-9e658f253e303a06beb42b5291bdea43 .av-image-caption-overlay-center{\ncolor:#ffffff;\n}\n<\/style>\n<div  class='avia-image-container av-av_image-9e658f253e303a06beb42b5291bdea43 av-styling- avia-align-center  avia-builder-el-13  avia-builder-el-no-sibling '   itemprop=\"image\" itemscope=\"itemscope\" itemtype=\"https:\/\/schema.org\/ImageObject\" ><div class=\"avia-image-container-inner\"><div class=\"avia-image-overlay-wrap\"><img decoding=\"async\" fetchpriority=\"high\" class='wp-image-1454 avia-img-lazy-loading-not-1454 avia_image ' src=\"https:\/\/retrofit.de\/wp-content\/uploads\/2023\/05\/Joerg-Huttelmaier-_-Geschaeftsfuehrer-bei-HDC-01-1-300x300.webp\" alt='J\u00f6rg Huttelmaier-Gesch\u00e4ftsf\u00fchrer bei HDC' title='J\u00f6rg Huttelmaier-Gesch\u00e4ftsf\u00fchrer bei HDC'  height=\"300\" width=\"300\"  itemprop=\"thumbnailUrl\" srcset=\"https:\/\/retrofit.de\/wp-content\/uploads\/2023\/05\/Joerg-Huttelmaier-_-Geschaeftsfuehrer-bei-HDC-01-1-300x300.webp 300w, https:\/\/retrofit.de\/wp-content\/uploads\/2023\/05\/Joerg-Huttelmaier-_-Geschaeftsfuehrer-bei-HDC-01-1-1030x1030.webp 1030w, https:\/\/retrofit.de\/wp-content\/uploads\/2023\/05\/Joerg-Huttelmaier-_-Geschaeftsfuehrer-bei-HDC-01-1-80x80.webp 80w, https:\/\/retrofit.de\/wp-content\/uploads\/2023\/05\/Joerg-Huttelmaier-_-Geschaeftsfuehrer-bei-HDC-01-1-768x768.webp 768w, https:\/\/retrofit.de\/wp-content\/uploads\/2023\/05\/Joerg-Huttelmaier-_-Geschaeftsfuehrer-bei-HDC-01-1-1536x1536.webp 1536w, https:\/\/retrofit.de\/wp-content\/uploads\/2023\/05\/Joerg-Huttelmaier-_-Geschaeftsfuehrer-bei-HDC-01-1-36x36.webp 36w, https:\/\/retrofit.de\/wp-content\/uploads\/2023\/05\/Joerg-Huttelmaier-_-Geschaeftsfuehrer-bei-HDC-01-1-180x180.webp 180w, https:\/\/retrofit.de\/wp-content\/uploads\/2023\/05\/Joerg-Huttelmaier-_-Geschaeftsfuehrer-bei-HDC-01-1-1500x1500.webp 1500w, https:\/\/retrofit.de\/wp-content\/uploads\/2023\/05\/Joerg-Huttelmaier-_-Geschaeftsfuehrer-bei-HDC-01-1-705x705.webp 705w, https:\/\/retrofit.de\/wp-content\/uploads\/2023\/05\/Joerg-Huttelmaier-_-Geschaeftsfuehrer-bei-HDC-01-1.webp 1600w\" sizes=\"(max-width: 300px) 100vw, 300px\" \/><\/div><\/div><\/div><\/div><div  class='flex_column av-av_one_half-76ab3ec13c1473fb92f9aa300de7f059 av_one_half  avia-builder-el-14  el_after_av_one_fourth  avia-builder-el-last  linie-links flex_column_div  column-top-margin'     ><style type=\"text\/css\" data-created_by=\"avia_inline_auto\" id=\"style-css-av-av_textblock-f7876b936f90c7fd03c58e41c7534242\">\n#top .av_textblock_section.av-av_textblock-f7876b936f90c7fd03c58e41c7534242 .avia_textblock{\nfont-size:18px;\n}\n<\/style>\n<section  class='av_textblock_section av-av_textblock-f7876b936f90c7fd03c58e41c7534242 '   itemscope=\"itemscope\" itemtype=\"https:\/\/schema.org\/CreativeWork\" ><div class='avia_textblock kontakt'  itemprop=\"text\" ><p><strong>J\u00f6rg Huttelmaier<\/strong><\/p>\n<p>Owner<br \/>\nHuttelmaier GmbH<br \/>\nWinterbacher Stra\u00dfe 66<br \/>\n73614 Schorndorf \/ Germany<\/p>\n<p><strong>Get in touch<\/strong><\/p>\n<p><img loading=\"lazy\" decoding=\"async\" style=\"margin-right: 10px;\" src=\"https:\/\/retrofit.de\/wp-content\/uploads\/2023\/04\/HDC-Website_Kontakt-Icons_Phone.svg\" width=\"32\" height=\"32\" \/><a href=\"tel:+4907181978680\">+49 (0) 7181-97868-0<\/a><br \/>\n<img loading=\"lazy\" decoding=\"async\" style=\"margin-right: 10px; margin-bottom: -10px; padding-top: 10px;\" src=\"https:\/\/retrofit.de\/wp-content\/uploads\/2023\/04\/HDC-Website_Kontakt-Icons_Mail.svg\" width=\"32\" height=\"32\" \/><a href=\"mailto:joerg@huttelmaier.de\">joerg@huttelmaier.de<\/a><\/p>\n<\/div><\/section><\/div>\n<\/p>\n","protected":false},"excerpt":{"rendered":"","protected":false},"author":5,"featured_media":0,"parent":3706,"menu_order":2,"comment_status":"closed","ping_status":"closed","template":"","meta":{"footnotes":""},"class_list":["post-4942","page","type-page","status-publish","hentry"],"yoast_head":"<!-- This site is optimized with the Yoast SEO plugin v27.2 - https:\/\/yoast.com\/product\/yoast-seo-wordpress\/ -->\n<title>CNC machine tools from China \u2013 Chinese machine imports<\/title>\n<meta name=\"description\" content=\"CNC machine tools from China for sale or rental \u2713 Import Chinese CNC machines \u2606 Good price-performance ratio \u27a8 We are happy to advise you!\" \/>\n<meta name=\"robots\" content=\"index, follow, max-snippet:-1, max-image-preview:large, max-video-preview:-1\" \/>\n<link rel=\"canonical\" href=\"https:\/\/retrofit.de\/index.php\/en\/machine-tool-manufacturer\/cnc-machine-tools-china-import\/\" \/>\n<meta property=\"og:locale\" content=\"de_DE\" \/>\n<meta property=\"og:type\" content=\"article\" \/>\n<meta property=\"og:title\" content=\"CNC machine tools from China \u2013 Chinese machine imports\" \/>\n<meta property=\"og:description\" content=\"CNC machine tools from China for sale or rental \u2713 Import Chinese CNC machines \u2606 Good price-performance ratio \u27a8 We are happy to advise you!\" \/>\n<meta property=\"og:url\" content=\"https:\/\/retrofit.de\/index.php\/en\/machine-tool-manufacturer\/cnc-machine-tools-china-import\/\" \/>\n<meta property=\"og:site_name\" content=\"HDC Huttelmaier Retrofit\" \/>\n<meta property=\"article:modified_time\" content=\"2025-11-27T14:42:10+00:00\" \/>\n<meta property=\"og:image\" content=\"https:\/\/retrofit.de\/wp-content\/uploads\/2023\/04\/HDC-Website_Kontakt-Icons_Phone.svg\" \/>\n<meta name=\"twitter:card\" content=\"summary_large_image\" \/>\n<meta name=\"twitter:label1\" content=\"Gesch\u00e4tzte Lesezeit\" \/>\n\t<meta name=\"twitter:data1\" content=\"2\u00a0Minuten\" \/>\n<script type=\"application\/ld+json\" class=\"yoast-schema-graph\">{\"@context\":\"https:\/\/schema.org\",\"@graph\":[{\"@type\":\"WebPage\",\"@id\":\"https:\/\/retrofit.de\/index.php\/en\/machine-tool-manufacturer\/cnc-machine-tools-china-import\/\",\"url\":\"https:\/\/retrofit.de\/index.php\/en\/machine-tool-manufacturer\/cnc-machine-tools-china-import\/\",\"name\":\"CNC machine tools from China \u2013 Chinese machine imports\",\"isPartOf\":{\"@id\":\"https:\/\/retrofit.de\/#website\"},\"primaryImageOfPage\":{\"@id\":\"https:\/\/retrofit.de\/index.php\/en\/machine-tool-manufacturer\/cnc-machine-tools-china-import\/#primaryimage\"},\"image\":{\"@id\":\"https:\/\/retrofit.de\/index.php\/en\/machine-tool-manufacturer\/cnc-machine-tools-china-import\/#primaryimage\"},\"thumbnailUrl\":\"https:\/\/retrofit.de\/wp-content\/uploads\/2023\/04\/HDC-Website_Kontakt-Icons_Phone.svg\",\"datePublished\":\"2025-11-25T11:05:29+00:00\",\"dateModified\":\"2025-11-27T14:42:10+00:00\",\"description\":\"CNC machine tools from China for sale or rental \u2713 Import Chinese CNC machines \u2606 Good price-performance ratio \u27a8 We are happy to advise you!\",\"breadcrumb\":{\"@id\":\"https:\/\/retrofit.de\/index.php\/en\/machine-tool-manufacturer\/cnc-machine-tools-china-import\/#breadcrumb\"},\"inLanguage\":\"de\",\"potentialAction\":[{\"@type\":\"ReadAction\",\"target\":[\"https:\/\/retrofit.de\/index.php\/en\/machine-tool-manufacturer\/cnc-machine-tools-china-import\/\"]}]},{\"@type\":\"ImageObject\",\"inLanguage\":\"de\",\"@id\":\"https:\/\/retrofit.de\/index.php\/en\/machine-tool-manufacturer\/cnc-machine-tools-china-import\/#primaryimage\",\"url\":\"https:\/\/retrofit.de\/wp-content\/uploads\/2023\/04\/HDC-Website_Kontakt-Icons_Phone.svg\",\"contentUrl\":\"https:\/\/retrofit.de\/wp-content\/uploads\/2023\/04\/HDC-Website_Kontakt-Icons_Phone.svg\"},{\"@type\":\"BreadcrumbList\",\"@id\":\"https:\/\/retrofit.de\/index.php\/en\/machine-tool-manufacturer\/cnc-machine-tools-china-import\/#breadcrumb\",\"itemListElement\":[{\"@type\":\"ListItem\",\"position\":1,\"name\":\"Startseite\",\"item\":\"https:\/\/retrofit.de\/index.php\/de\/startseite\/\"},{\"@type\":\"ListItem\",\"position\":2,\"name\":\"Machine tool manufacturer\",\"item\":\"https:\/\/retrofit.de\/index.php\/en\/machine-tool-manufacturer\/\"},{\"@type\":\"ListItem\",\"position\":3,\"name\":\"CNC machine tools from China\"}]},{\"@type\":\"WebSite\",\"@id\":\"https:\/\/retrofit.de\/#website\",\"url\":\"https:\/\/retrofit.de\/\",\"name\":\"HDC Huttelmaier Retrofit\",\"description\":\"Maschinen \u00dcberholung f\u00fcr High End Pr\u00e4zision\",\"publisher\":{\"@id\":\"https:\/\/retrofit.de\/#organization\"},\"potentialAction\":[{\"@type\":\"SearchAction\",\"target\":{\"@type\":\"EntryPoint\",\"urlTemplate\":\"https:\/\/retrofit.de\/?s={search_term_string}\"},\"query-input\":{\"@type\":\"PropertyValueSpecification\",\"valueRequired\":true,\"valueName\":\"search_term_string\"}}],\"inLanguage\":\"de\"},{\"@type\":\"Organization\",\"@id\":\"https:\/\/retrofit.de\/#organization\",\"name\":\"HDC Huttelmaier GmbH\",\"alternateName\":\"HDC\",\"url\":\"https:\/\/retrofit.de\/\",\"logo\":{\"@type\":\"ImageObject\",\"inLanguage\":\"de\",\"@id\":\"https:\/\/retrofit.de\/#\/schema\/logo\/image\/\",\"url\":\"https:\/\/retrofit.de\/wp-content\/uploads\/2023\/04\/Logo.jpg\",\"contentUrl\":\"https:\/\/retrofit.de\/wp-content\/uploads\/2023\/04\/Logo.jpg\",\"width\":2083,\"height\":2083,\"caption\":\"HDC Huttelmaier GmbH\"},\"image\":{\"@id\":\"https:\/\/retrofit.de\/#\/schema\/logo\/image\/\"}}]}<\/script>\n<!-- \/ Yoast SEO plugin. -->","yoast_head_json":{"title":"CNC machine tools from China \u2013 Chinese machine imports","description":"CNC machine tools from China for sale or rental \u2713 Import Chinese CNC machines \u2606 Good price-performance ratio \u27a8 We are happy to advise you!","robots":{"index":"index","follow":"follow","max-snippet":"max-snippet:-1","max-image-preview":"max-image-preview:large","max-video-preview":"max-video-preview:-1"},"canonical":"https:\/\/retrofit.de\/index.php\/en\/machine-tool-manufacturer\/cnc-machine-tools-china-import\/","og_locale":"de_DE","og_type":"article","og_title":"CNC machine tools from China \u2013 Chinese machine imports","og_description":"CNC machine tools from China for sale or rental \u2713 Import Chinese CNC machines \u2606 Good price-performance ratio \u27a8 We are happy to advise you!","og_url":"https:\/\/retrofit.de\/index.php\/en\/machine-tool-manufacturer\/cnc-machine-tools-china-import\/","og_site_name":"HDC Huttelmaier Retrofit","article_modified_time":"2025-11-27T14:42:10+00:00","og_image":[{"url":"https:\/\/retrofit.de\/wp-content\/uploads\/2023\/04\/HDC-Website_Kontakt-Icons_Phone.svg","type":"","width":"","height":""}],"twitter_card":"summary_large_image","twitter_misc":{"Gesch\u00e4tzte Lesezeit":"2\u00a0Minuten"},"schema":{"@context":"https:\/\/schema.org","@graph":[{"@type":"WebPage","@id":"https:\/\/retrofit.de\/index.php\/en\/machine-tool-manufacturer\/cnc-machine-tools-china-import\/","url":"https:\/\/retrofit.de\/index.php\/en\/machine-tool-manufacturer\/cnc-machine-tools-china-import\/","name":"CNC machine tools from China \u2013 Chinese machine imports","isPartOf":{"@id":"https:\/\/retrofit.de\/#website"},"primaryImageOfPage":{"@id":"https:\/\/retrofit.de\/index.php\/en\/machine-tool-manufacturer\/cnc-machine-tools-china-import\/#primaryimage"},"image":{"@id":"https:\/\/retrofit.de\/index.php\/en\/machine-tool-manufacturer\/cnc-machine-tools-china-import\/#primaryimage"},"thumbnailUrl":"https:\/\/retrofit.de\/wp-content\/uploads\/2023\/04\/HDC-Website_Kontakt-Icons_Phone.svg","datePublished":"2025-11-25T11:05:29+00:00","dateModified":"2025-11-27T14:42:10+00:00","description":"CNC machine tools from China for sale or rental \u2713 Import Chinese CNC machines \u2606 Good price-performance ratio \u27a8 We are happy to advise you!","breadcrumb":{"@id":"https:\/\/retrofit.de\/index.php\/en\/machine-tool-manufacturer\/cnc-machine-tools-china-import\/#breadcrumb"},"inLanguage":"de","potentialAction":[{"@type":"ReadAction","target":["https:\/\/retrofit.de\/index.php\/en\/machine-tool-manufacturer\/cnc-machine-tools-china-import\/"]}]},{"@type":"ImageObject","inLanguage":"de","@id":"https:\/\/retrofit.de\/index.php\/en\/machine-tool-manufacturer\/cnc-machine-tools-china-import\/#primaryimage","url":"https:\/\/retrofit.de\/wp-content\/uploads\/2023\/04\/HDC-Website_Kontakt-Icons_Phone.svg","contentUrl":"https:\/\/retrofit.de\/wp-content\/uploads\/2023\/04\/HDC-Website_Kontakt-Icons_Phone.svg"},{"@type":"BreadcrumbList","@id":"https:\/\/retrofit.de\/index.php\/en\/machine-tool-manufacturer\/cnc-machine-tools-china-import\/#breadcrumb","itemListElement":[{"@type":"ListItem","position":1,"name":"Startseite","item":"https:\/\/retrofit.de\/index.php\/de\/startseite\/"},{"@type":"ListItem","position":2,"name":"Machine tool manufacturer","item":"https:\/\/retrofit.de\/index.php\/en\/machine-tool-manufacturer\/"},{"@type":"ListItem","position":3,"name":"CNC machine tools from China"}]},{"@type":"WebSite","@id":"https:\/\/retrofit.de\/#website","url":"https:\/\/retrofit.de\/","name":"HDC Huttelmaier Retrofit","description":"Maschinen \u00dcberholung f\u00fcr High End Pr\u00e4zision","publisher":{"@id":"https:\/\/retrofit.de\/#organization"},"potentialAction":[{"@type":"SearchAction","target":{"@type":"EntryPoint","urlTemplate":"https:\/\/retrofit.de\/?s={search_term_string}"},"query-input":{"@type":"PropertyValueSpecification","valueRequired":true,"valueName":"search_term_string"}}],"inLanguage":"de"},{"@type":"Organization","@id":"https:\/\/retrofit.de\/#organization","name":"HDC Huttelmaier GmbH","alternateName":"HDC","url":"https:\/\/retrofit.de\/","logo":{"@type":"ImageObject","inLanguage":"de","@id":"https:\/\/retrofit.de\/#\/schema\/logo\/image\/","url":"https:\/\/retrofit.de\/wp-content\/uploads\/2023\/04\/Logo.jpg","contentUrl":"https:\/\/retrofit.de\/wp-content\/uploads\/2023\/04\/Logo.jpg","width":2083,"height":2083,"caption":"HDC Huttelmaier GmbH"},"image":{"@id":"https:\/\/retrofit.de\/#\/schema\/logo\/image\/"}}]}},"_links":{"self":[{"href":"https:\/\/retrofit.de\/index.php\/wp-json\/wp\/v2\/pages\/4942","targetHints":{"allow":["GET"]}}],"collection":[{"href":"https:\/\/retrofit.de\/index.php\/wp-json\/wp\/v2\/pages"}],"about":[{"href":"https:\/\/retrofit.de\/index.php\/wp-json\/wp\/v2\/types\/page"}],"author":[{"embeddable":true,"href":"https:\/\/retrofit.de\/index.php\/wp-json\/wp\/v2\/users\/5"}],"replies":[{"embeddable":true,"href":"https:\/\/retrofit.de\/index.php\/wp-json\/wp\/v2\/comments?post=4942"}],"version-history":[{"count":2,"href":"https:\/\/retrofit.de\/index.php\/wp-json\/wp\/v2\/pages\/4942\/revisions"}],"predecessor-version":[{"id":5052,"href":"https:\/\/retrofit.de\/index.php\/wp-json\/wp\/v2\/pages\/4942\/revisions\/5052"}],"up":[{"embeddable":true,"href":"https:\/\/retrofit.de\/index.php\/wp-json\/wp\/v2\/pages\/3706"}],"wp:attachment":[{"href":"https:\/\/retrofit.de\/index.php\/wp-json\/wp\/v2\/media?parent=4942"}],"curies":[{"name":"wp","href":"https:\/\/api.w.org\/{rel}","templated":true}]}}