{"id":4938,"date":"2025-11-25T12:05:50","date_gmt":"2025-11-25T11:05:50","guid":{"rendered":"https:\/\/retrofit.de\/?page_id=4938"},"modified":"2025-11-27T15:42:29","modified_gmt":"2025-11-27T14:42:29","slug":"fiber-laser-sheet-cutting-machine-sale-rental","status":"publish","type":"page","link":"https:\/\/retrofit.de\/index.php\/en\/machine-tool-manufacturer\/fiber-laser-sheet-cutting-machine-sale-rental\/","title":{"rendered":"Fiber laser for sheets"},"content":{"rendered":"<div id='av_section_1'  class='avia-section av-now716-ce81ca19afbf40a1e74a08a6bfa05ce5 main_color avia-section-default avia-no-border-styling  avia-builder-el-0  el_before_av_section  avia-builder-el-first  avia-bg-style-scroll container_wrap fullsize'  ><div class='container av-section-cont-open' ><main  role=\"main\" itemprop=\"mainContentOfPage\"  class='template-page content  av-content-full alpha units'><div class='post-entry post-entry-type-page post-entry-4938'><div class='entry-content-wrapper clearfix'>\n<div  class='flex_column av-me8vsa-d6ad62442b910029963d826771691aba av_one_full  avia-builder-el-1  el_before_av_image  avia-builder-el-first  first flex_column_div  '     ><p>\n<style type=\"text\/css\" data-created_by=\"avia_inline_auto\" id=\"style-css-av-l7g13u-4c784ceed45fd9b7bb5fc8800980ffda\">\n#top .hr.hr-invisible.av-l7g13u-4c784ceed45fd9b7bb5fc8800980ffda{\nheight:15px;\n}\n<\/style>\n<div  class='hr av-l7g13u-4c784ceed45fd9b7bb5fc8800980ffda hr-invisible  avia-builder-el-2  el_before_av_heading  avia-builder-el-first '><span class='hr-inner '><span class=\"hr-inner-style\"><\/span><\/span><\/div><br \/>\n\n<style type=\"text\/css\" data-created_by=\"avia_inline_auto\" id=\"style-css-av-mieaurwf-7a952b732cea023bf3c91129e2563c38\">\n#top .av-special-heading.av-mieaurwf-7a952b732cea023bf3c91129e2563c38{\npadding-bottom:10px;\n}\nbody .av-special-heading.av-mieaurwf-7a952b732cea023bf3c91129e2563c38 .av-special-heading-tag .heading-char{\nfont-size:25px;\n}\n.av-special-heading.av-mieaurwf-7a952b732cea023bf3c91129e2563c38 .av-subheading{\nfont-size:15px;\n}\n<\/style>\n<div  class='av-special-heading av-mieaurwf-7a952b732cea023bf3c91129e2563c38 av-special-heading-h1 blockquote modern-quote  avia-builder-el-3  el_after_av_hr  el_before_av_hr '><h1 class='av-special-heading-tag '  itemprop=\"headline\"  >Fiber laser sheet cutting machine \u2013 sale or rental<\/h1><div class=\"special-heading-border\"><div class=\"special-heading-inner-border\"><\/div><\/div><\/div><br \/>\n\n<style type=\"text\/css\" data-created_by=\"avia_inline_auto\" id=\"style-css-av-1vlg4a-3fe38233d5d910f3c6597bed4da2e0a2\">\n#top .hr.hr-invisible.av-1vlg4a-3fe38233d5d910f3c6597bed4da2e0a2{\nheight:55px;\n}\n<\/style>\n<div  class='hr av-1vlg4a-3fe38233d5d910f3c6597bed4da2e0a2 hr-invisible  avia-builder-el-4  el_after_av_heading  avia-builder-el-last '><span class='hr-inner '><span class=\"hr-inner-style\"><\/span><\/span><\/div><\/p><\/div>\n<style type=\"text\/css\" data-created_by=\"avia_inline_auto\" id=\"style-css-av-hf0z9m-5e6bb1335f5b447581c7493eb4d59403\">\n.avia-image-container.av-hf0z9m-5e6bb1335f5b447581c7493eb4d59403 img.avia_image{\nbox-shadow:none;\n}\n.avia-image-container.av-hf0z9m-5e6bb1335f5b447581c7493eb4d59403 .av-image-caption-overlay-center{\ncolor:#ffffff;\n}\n.avia-image-container.av-hf0z9m-5e6bb1335f5b447581c7493eb4d59403 .avia-curtain-reveal-overlay{\nanimation-duration:1.5s;\nbackground:#d9000e;\nz-index:100;\n}\n<\/style>\n<div  class='avia-image-container av-hf0z9m-5e6bb1335f5b447581c7493eb4d59403 av-styling- avia-align-left  avia-builder-el-5  el_after_av_one_full  el_before_av_one_full '   itemprop=\"image\" itemscope=\"itemscope\" itemtype=\"https:\/\/schema.org\/ImageObject\" ><div class=\"avia-image-container-inner\"><div class=\"avia-image-overlay-wrap\"><div class='avia-curtain-reveal-overlay av-animated-when-visible-95 animate-all-devices curtain-reveal-btt'><\/div><img decoding=\"async\" fetchpriority=\"high\" class='wp-image-4999 avia-img-lazy-loading-not-4999 avia_image ' src=\"https:\/\/retrofit.de\/wp-content\/uploads\/fiber-laser-sheet-cutting-machine-sale-rental.jpg\" alt='Fiber laser sheet cutting machine \u2013 sale or rental' title='Fiber laser sheet cutting machine \u2013 sale or rental'  height=\"1080\" width=\"1920\"  itemprop=\"thumbnailUrl\" srcset=\"https:\/\/retrofit.de\/wp-content\/uploads\/fiber-laser-sheet-cutting-machine-sale-rental.jpg 1920w, https:\/\/retrofit.de\/wp-content\/uploads\/fiber-laser-sheet-cutting-machine-sale-rental-300x169.jpg 300w, https:\/\/retrofit.de\/wp-content\/uploads\/fiber-laser-sheet-cutting-machine-sale-rental-1030x579.jpg 1030w, https:\/\/retrofit.de\/wp-content\/uploads\/fiber-laser-sheet-cutting-machine-sale-rental-768x432.jpg 768w, https:\/\/retrofit.de\/wp-content\/uploads\/fiber-laser-sheet-cutting-machine-sale-rental-1536x864.jpg 1536w, https:\/\/retrofit.de\/wp-content\/uploads\/fiber-laser-sheet-cutting-machine-sale-rental-1500x844.jpg 1500w, https:\/\/retrofit.de\/wp-content\/uploads\/fiber-laser-sheet-cutting-machine-sale-rental-705x397.jpg 705w\" sizes=\"(max-width: 1920px) 100vw, 1920px\" \/><\/div><\/div><\/div>\n<div  class='flex_column av-gax08q-69cbe8fe35f1db56fb4aa5a854b21c48 av_one_full  avia-builder-el-6  el_after_av_image  avia-builder-el-last  first flex_column_div  '     ><p>\n<style type=\"text\/css\" data-created_by=\"avia_inline_auto\" id=\"style-css-av-dgwlga-f27104f43f262d61e698eb663eca3456\">\n#top .hr.hr-invisible.av-dgwlga-f27104f43f262d61e698eb663eca3456{\nheight:55px;\n}\n<\/style>\n<div  class='hr av-dgwlga-f27104f43f262d61e698eb663eca3456 hr-invisible  avia-builder-el-7  el_before_av_textblock  avia-builder-el-first '><span class='hr-inner '><span class=\"hr-inner-style\"><\/span><\/span><\/div><br \/>\n<section  class='av_textblock_section av-mieav3ce-f3c932fe856c7c1eff3f2d5ddd64624c '   itemscope=\"itemscope\" itemtype=\"https:\/\/schema.org\/CreativeWork\" ><div class='avia_textblock av_inherit_color'  itemprop=\"text\" ><p>The fiber laser is the more affordable alternative to the CO2 laser. Mechanical engineering companies that have previously purchased sheet metal parts can save money in the long term by investing in an inexpensive sheet fiber laser cutting machine and cutting their own sheet metal. We offer two models.<\/p>\n<p>Fiber laser type 1)<br \/>\nHigh-precision laser cutting machine for sheet metal.<\/p>\n<p>Power: 1,500W-40,000W<br \/>\nWorking area: 3,060 x 1,530 mm<br \/>\nPositioning accuracy: 0.03 mm<br \/>\nMax. running speed: 115 m\/min<br \/>\nMax. acceleration: 0.8G<\/p>\n<p>Fiber laser type 2)<br \/>\nLaser cutting machine for sheet metal with full protection and variants.<\/p>\n<p>Power: 1,500W-20,000W | 1,500W-40,000W<br \/>\nWorking area: 3,050 x 1,530 mm | 4,050 x 2,030 mm | 6,050 x 2,030 mm | 8,050 x 2,530 mm<br \/>\nPositioning accuracy: 0.03 mm<br \/>\nMax. running speed: 120m\/min<br \/>\nMax. acceleration: 1.5G<\/p>\n<p>Both 2D laser cutting systems are available for purchase or rent. Our expert sales team offers in-depth advice. Give us a call!<\/p>\n<\/div><\/section><\/p><\/div><\/div><\/div><\/main><!-- close content main element --><\/div><\/div><div id='av_section_2'  class='avia-section av-chp0qi-c002f6235a3419dbc212dc7f0a651bbb main_color avia-section-default avia-no-border-styling  avia-builder-el-9  el_after_av_section  avia-builder-el-last  avia-bg-style-scroll container_wrap fullsize'  ><div class='container av-section-cont-open' ><div class='template-page content  av-content-full alpha units'><div class='post-entry post-entry-type-page post-entry-4938'><div class='entry-content-wrapper clearfix'>\n\n<style type=\"text\/css\" data-created_by=\"avia_inline_auto\" id=\"style-css-av-acgvuy-60f108cf5fe925ffba935c0507e32eca\">\n#top .av-special-heading.av-acgvuy-60f108cf5fe925ffba935c0507e32eca{\npadding-bottom:10px;\n}\nbody .av-special-heading.av-acgvuy-60f108cf5fe925ffba935c0507e32eca .av-special-heading-tag .heading-char{\nfont-size:25px;\n}\n.av-special-heading.av-acgvuy-60f108cf5fe925ffba935c0507e32eca .av-subheading{\nfont-size:15px;\n}\n<\/style>\n<div  class='av-special-heading av-acgvuy-60f108cf5fe925ffba935c0507e32eca av-special-heading-h2 blockquote modern-quote  avia-builder-el-10  el_before_av_textblock  avia-builder-el-first '><h2 class='av-special-heading-tag '  itemprop=\"headline\"  >HOW CAN WE HELP YOU?<\/h2><div class=\"special-heading-border\"><div class=\"special-heading-inner-border\"><\/div><\/div><\/div>\n\n<style type=\"text\/css\" data-created_by=\"avia_inline_auto\" id=\"style-css-av-9du3lm-a28cdbd4e0d75db797d2b362b226c18d\">\n#top .av_textblock_section.av-9du3lm-a28cdbd4e0d75db797d2b362b226c18d .avia_textblock{\nfont-size:30px;\n}\n<\/style>\n<section  class='av_textblock_section av-9du3lm-a28cdbd4e0d75db797d2b362b226c18d '   itemscope=\"itemscope\" itemtype=\"https:\/\/schema.org\/CreativeWork\" ><div class='avia_textblock'  itemprop=\"text\" ><p>HDC HUTTELMAIER \u2013 RETROFITTING OF MACHINES FOR HIGH-END PRECISION<\/p>\n<\/div><\/section>\n<div  class='flex_column av-7yujcq-a4e052230dc71806b5914a0c8ed15628 av_one_fourth  avia-builder-el-12  el_after_av_textblock  el_before_av_one_half  first flex_column_div  column-top-margin'     ><style type=\"text\/css\" data-created_by=\"avia_inline_auto\" id=\"style-css-av-5a3lju-e1fa1f658c7e13ed1e5055f8ef3a3e40\">\n.avia-image-container.av-5a3lju-e1fa1f658c7e13ed1e5055f8ef3a3e40 img.avia_image{\nbox-shadow:none;\n}\n.avia-image-container.av-5a3lju-e1fa1f658c7e13ed1e5055f8ef3a3e40 .av-image-caption-overlay-center{\ncolor:#ffffff;\n}\n<\/style>\n<div  class='avia-image-container av-5a3lju-e1fa1f658c7e13ed1e5055f8ef3a3e40 av-styling- avia-align-center  avia-builder-el-13  avia-builder-el-no-sibling '   itemprop=\"image\" itemscope=\"itemscope\" itemtype=\"https:\/\/schema.org\/ImageObject\" ><div class=\"avia-image-container-inner\"><div class=\"avia-image-overlay-wrap\"><img decoding=\"async\" fetchpriority=\"high\" class='wp-image-1454 avia-img-lazy-loading-not-1454 avia_image ' src=\"https:\/\/retrofit.de\/wp-content\/uploads\/2023\/05\/Joerg-Huttelmaier-_-Geschaeftsfuehrer-bei-HDC-01-1-300x300.webp\" alt='J\u00f6rg Huttelmaier-Gesch\u00e4ftsf\u00fchrer bei HDC' title='J\u00f6rg Huttelmaier-Gesch\u00e4ftsf\u00fchrer bei HDC'  height=\"300\" width=\"300\"  itemprop=\"thumbnailUrl\" srcset=\"https:\/\/retrofit.de\/wp-content\/uploads\/2023\/05\/Joerg-Huttelmaier-_-Geschaeftsfuehrer-bei-HDC-01-1-300x300.webp 300w, https:\/\/retrofit.de\/wp-content\/uploads\/2023\/05\/Joerg-Huttelmaier-_-Geschaeftsfuehrer-bei-HDC-01-1-1030x1030.webp 1030w, https:\/\/retrofit.de\/wp-content\/uploads\/2023\/05\/Joerg-Huttelmaier-_-Geschaeftsfuehrer-bei-HDC-01-1-80x80.webp 80w, https:\/\/retrofit.de\/wp-content\/uploads\/2023\/05\/Joerg-Huttelmaier-_-Geschaeftsfuehrer-bei-HDC-01-1-768x768.webp 768w, https:\/\/retrofit.de\/wp-content\/uploads\/2023\/05\/Joerg-Huttelmaier-_-Geschaeftsfuehrer-bei-HDC-01-1-1536x1536.webp 1536w, https:\/\/retrofit.de\/wp-content\/uploads\/2023\/05\/Joerg-Huttelmaier-_-Geschaeftsfuehrer-bei-HDC-01-1-36x36.webp 36w, https:\/\/retrofit.de\/wp-content\/uploads\/2023\/05\/Joerg-Huttelmaier-_-Geschaeftsfuehrer-bei-HDC-01-1-180x180.webp 180w, https:\/\/retrofit.de\/wp-content\/uploads\/2023\/05\/Joerg-Huttelmaier-_-Geschaeftsfuehrer-bei-HDC-01-1-1500x1500.webp 1500w, https:\/\/retrofit.de\/wp-content\/uploads\/2023\/05\/Joerg-Huttelmaier-_-Geschaeftsfuehrer-bei-HDC-01-1-705x705.webp 705w, https:\/\/retrofit.de\/wp-content\/uploads\/2023\/05\/Joerg-Huttelmaier-_-Geschaeftsfuehrer-bei-HDC-01-1.webp 1600w\" sizes=\"(max-width: 300px) 100vw, 300px\" \/><\/div><\/div><\/div><\/div><div  class='flex_column av-4lpwbu-6a0bef1181281cce05941af31ebe2fb7 av_one_half  avia-builder-el-14  el_after_av_one_fourth  avia-builder-el-last  linie-links flex_column_div  column-top-margin'     ><style type=\"text\/css\" data-created_by=\"avia_inline_auto\" id=\"style-css-av-2lvb1m-4fe788ac93c6de6a0c80a1073a0061f4\">\n#top .av_textblock_section.av-2lvb1m-4fe788ac93c6de6a0c80a1073a0061f4 .avia_textblock{\nfont-size:18px;\n}\n<\/style>\n<section  class='av_textblock_section av-2lvb1m-4fe788ac93c6de6a0c80a1073a0061f4 '   itemscope=\"itemscope\" itemtype=\"https:\/\/schema.org\/CreativeWork\" ><div class='avia_textblock kontakt'  itemprop=\"text\" ><p><strong>J\u00f6rg Huttelmaier<\/strong><\/p>\n<p>Owner<br \/>\nHuttelmaier GmbH<br \/>\nWinterbacher Stra\u00dfe 66<br \/>\n73614 Schorndorf \/ Germany<\/p>\n<p><strong>Get in touch<\/strong><\/p>\n<p><img loading=\"lazy\" decoding=\"async\" style=\"margin-right: 10px;\" src=\"https:\/\/retrofit.de\/wp-content\/uploads\/2023\/04\/HDC-Website_Kontakt-Icons_Phone.svg\" width=\"32\" height=\"32\" \/><a href=\"tel:+4907181978680\">+49 (0) 7181-97868-0<\/a><br \/>\n<img loading=\"lazy\" decoding=\"async\" style=\"margin-right: 10px; margin-bottom: -10px; padding-top: 10px;\" src=\"https:\/\/retrofit.de\/wp-content\/uploads\/2023\/04\/HDC-Website_Kontakt-Icons_Mail.svg\" width=\"32\" height=\"32\" \/><a href=\"mailto:joerg@huttelmaier.de\">joerg@huttelmaier.de<\/a><\/p>\n<\/div><\/section><\/div>\n<\/p>\n","protected":false},"excerpt":{"rendered":"","protected":false},"author":5,"featured_media":0,"parent":3706,"menu_order":2,"comment_status":"closed","ping_status":"closed","template":"","meta":{"footnotes":""},"class_list":["post-4938","page","type-page","status-publish","hentry"],"yoast_head":"<!-- This site is optimized with the Yoast SEO plugin v27.3 - https:\/\/yoast.com\/product\/yoast-seo-wordpress\/ -->\n<title>Fiber laser sheet cutting machine \u2013 sale or rental<\/title>\n<meta name=\"description\" content=\"Fiber laser sheet cutting machine for sale or rental \u2713 Affordable CO2 laser alternative \u2606 1,500W-40,000W \u27a8 Sales and in-depth advice!\" \/>\n<meta name=\"robots\" content=\"index, follow, max-snippet:-1, max-image-preview:large, max-video-preview:-1\" \/>\n<link rel=\"canonical\" href=\"https:\/\/retrofit.de\/index.php\/en\/machine-tool-manufacturer\/fiber-laser-sheet-cutting-machine-sale-rental\/\" \/>\n<meta property=\"og:locale\" content=\"de_DE\" \/>\n<meta property=\"og:type\" content=\"article\" \/>\n<meta property=\"og:title\" content=\"Fiber laser sheet cutting machine \u2013 sale or rental\" \/>\n<meta property=\"og:description\" content=\"Fiber laser sheet cutting machine for sale or rental \u2713 Affordable CO2 laser alternative \u2606 1,500W-40,000W \u27a8 Sales and in-depth advice!\" \/>\n<meta property=\"og:url\" content=\"https:\/\/retrofit.de\/index.php\/en\/machine-tool-manufacturer\/fiber-laser-sheet-cutting-machine-sale-rental\/\" \/>\n<meta property=\"og:site_name\" content=\"HDC Huttelmaier Retrofit\" \/>\n<meta property=\"article:modified_time\" content=\"2025-11-27T14:42:29+00:00\" \/>\n<meta property=\"og:image\" content=\"https:\/\/retrofit.de\/wp-content\/uploads\/2023\/04\/HDC-Website_Kontakt-Icons_Phone.svg\" \/>\n<meta name=\"twitter:card\" content=\"summary_large_image\" \/>\n<meta name=\"twitter:label1\" content=\"Gesch\u00e4tzte Lesezeit\" \/>\n\t<meta name=\"twitter:data1\" content=\"2\u00a0Minuten\" \/>\n<script type=\"application\/ld+json\" class=\"yoast-schema-graph\">{\"@context\":\"https:\\\/\\\/schema.org\",\"@graph\":[{\"@type\":\"WebPage\",\"@id\":\"https:\\\/\\\/retrofit.de\\\/index.php\\\/en\\\/machine-tool-manufacturer\\\/fiber-laser-sheet-cutting-machine-sale-rental\\\/\",\"url\":\"https:\\\/\\\/retrofit.de\\\/index.php\\\/en\\\/machine-tool-manufacturer\\\/fiber-laser-sheet-cutting-machine-sale-rental\\\/\",\"name\":\"Fiber laser sheet cutting machine \u2013 sale or rental\",\"isPartOf\":{\"@id\":\"https:\\\/\\\/retrofit.de\\\/#website\"},\"primaryImageOfPage\":{\"@id\":\"https:\\\/\\\/retrofit.de\\\/index.php\\\/en\\\/machine-tool-manufacturer\\\/fiber-laser-sheet-cutting-machine-sale-rental\\\/#primaryimage\"},\"image\":{\"@id\":\"https:\\\/\\\/retrofit.de\\\/index.php\\\/en\\\/machine-tool-manufacturer\\\/fiber-laser-sheet-cutting-machine-sale-rental\\\/#primaryimage\"},\"thumbnailUrl\":\"https:\\\/\\\/retrofit.de\\\/wp-content\\\/uploads\\\/2023\\\/04\\\/HDC-Website_Kontakt-Icons_Phone.svg\",\"datePublished\":\"2025-11-25T11:05:50+00:00\",\"dateModified\":\"2025-11-27T14:42:29+00:00\",\"description\":\"Fiber laser sheet cutting machine for sale or rental \u2713 Affordable CO2 laser alternative \u2606 1,500W-40,000W \u27a8 Sales and in-depth advice!\",\"breadcrumb\":{\"@id\":\"https:\\\/\\\/retrofit.de\\\/index.php\\\/en\\\/machine-tool-manufacturer\\\/fiber-laser-sheet-cutting-machine-sale-rental\\\/#breadcrumb\"},\"inLanguage\":\"de\",\"potentialAction\":[{\"@type\":\"ReadAction\",\"target\":[\"https:\\\/\\\/retrofit.de\\\/index.php\\\/en\\\/machine-tool-manufacturer\\\/fiber-laser-sheet-cutting-machine-sale-rental\\\/\"]}]},{\"@type\":\"ImageObject\",\"inLanguage\":\"de\",\"@id\":\"https:\\\/\\\/retrofit.de\\\/index.php\\\/en\\\/machine-tool-manufacturer\\\/fiber-laser-sheet-cutting-machine-sale-rental\\\/#primaryimage\",\"url\":\"https:\\\/\\\/retrofit.de\\\/wp-content\\\/uploads\\\/2023\\\/04\\\/HDC-Website_Kontakt-Icons_Phone.svg\",\"contentUrl\":\"https:\\\/\\\/retrofit.de\\\/wp-content\\\/uploads\\\/2023\\\/04\\\/HDC-Website_Kontakt-Icons_Phone.svg\"},{\"@type\":\"BreadcrumbList\",\"@id\":\"https:\\\/\\\/retrofit.de\\\/index.php\\\/en\\\/machine-tool-manufacturer\\\/fiber-laser-sheet-cutting-machine-sale-rental\\\/#breadcrumb\",\"itemListElement\":[{\"@type\":\"ListItem\",\"position\":1,\"name\":\"Startseite\",\"item\":\"https:\\\/\\\/retrofit.de\\\/index.php\\\/de\\\/startseite\\\/\"},{\"@type\":\"ListItem\",\"position\":2,\"name\":\"Machine tool manufacturer\",\"item\":\"https:\\\/\\\/retrofit.de\\\/index.php\\\/en\\\/machine-tool-manufacturer\\\/\"},{\"@type\":\"ListItem\",\"position\":3,\"name\":\"Fiber laser for sheets\"}]},{\"@type\":\"WebSite\",\"@id\":\"https:\\\/\\\/retrofit.de\\\/#website\",\"url\":\"https:\\\/\\\/retrofit.de\\\/\",\"name\":\"HDC Huttelmaier Retrofit\",\"description\":\"Maschinen \u00dcberholung f\u00fcr High End Pr\u00e4zision\",\"publisher\":{\"@id\":\"https:\\\/\\\/retrofit.de\\\/#organization\"},\"potentialAction\":[{\"@type\":\"SearchAction\",\"target\":{\"@type\":\"EntryPoint\",\"urlTemplate\":\"https:\\\/\\\/retrofit.de\\\/?s={search_term_string}\"},\"query-input\":{\"@type\":\"PropertyValueSpecification\",\"valueRequired\":true,\"valueName\":\"search_term_string\"}}],\"inLanguage\":\"de\"},{\"@type\":\"Organization\",\"@id\":\"https:\\\/\\\/retrofit.de\\\/#organization\",\"name\":\"HDC Huttelmaier GmbH\",\"alternateName\":\"HDC\",\"url\":\"https:\\\/\\\/retrofit.de\\\/\",\"logo\":{\"@type\":\"ImageObject\",\"inLanguage\":\"de\",\"@id\":\"https:\\\/\\\/retrofit.de\\\/#\\\/schema\\\/logo\\\/image\\\/\",\"url\":\"https:\\\/\\\/retrofit.de\\\/wp-content\\\/uploads\\\/2023\\\/04\\\/Logo.jpg\",\"contentUrl\":\"https:\\\/\\\/retrofit.de\\\/wp-content\\\/uploads\\\/2023\\\/04\\\/Logo.jpg\",\"width\":2083,\"height\":2083,\"caption\":\"HDC Huttelmaier GmbH\"},\"image\":{\"@id\":\"https:\\\/\\\/retrofit.de\\\/#\\\/schema\\\/logo\\\/image\\\/\"}}]}<\/script>\n<!-- \/ Yoast SEO plugin. -->","yoast_head_json":{"title":"Fiber laser sheet cutting machine \u2013 sale or rental","description":"Fiber laser sheet cutting machine for sale or rental \u2713 Affordable CO2 laser alternative \u2606 1,500W-40,000W \u27a8 Sales and in-depth advice!","robots":{"index":"index","follow":"follow","max-snippet":"max-snippet:-1","max-image-preview":"max-image-preview:large","max-video-preview":"max-video-preview:-1"},"canonical":"https:\/\/retrofit.de\/index.php\/en\/machine-tool-manufacturer\/fiber-laser-sheet-cutting-machine-sale-rental\/","og_locale":"de_DE","og_type":"article","og_title":"Fiber laser sheet cutting machine \u2013 sale or rental","og_description":"Fiber laser sheet cutting machine for sale or rental \u2713 Affordable CO2 laser alternative \u2606 1,500W-40,000W \u27a8 Sales and in-depth advice!","og_url":"https:\/\/retrofit.de\/index.php\/en\/machine-tool-manufacturer\/fiber-laser-sheet-cutting-machine-sale-rental\/","og_site_name":"HDC Huttelmaier Retrofit","article_modified_time":"2025-11-27T14:42:29+00:00","og_image":[{"url":"https:\/\/retrofit.de\/wp-content\/uploads\/2023\/04\/HDC-Website_Kontakt-Icons_Phone.svg","type":"","width":"","height":""}],"twitter_card":"summary_large_image","twitter_misc":{"Gesch\u00e4tzte Lesezeit":"2\u00a0Minuten"},"schema":{"@context":"https:\/\/schema.org","@graph":[{"@type":"WebPage","@id":"https:\/\/retrofit.de\/index.php\/en\/machine-tool-manufacturer\/fiber-laser-sheet-cutting-machine-sale-rental\/","url":"https:\/\/retrofit.de\/index.php\/en\/machine-tool-manufacturer\/fiber-laser-sheet-cutting-machine-sale-rental\/","name":"Fiber laser sheet cutting machine \u2013 sale or rental","isPartOf":{"@id":"https:\/\/retrofit.de\/#website"},"primaryImageOfPage":{"@id":"https:\/\/retrofit.de\/index.php\/en\/machine-tool-manufacturer\/fiber-laser-sheet-cutting-machine-sale-rental\/#primaryimage"},"image":{"@id":"https:\/\/retrofit.de\/index.php\/en\/machine-tool-manufacturer\/fiber-laser-sheet-cutting-machine-sale-rental\/#primaryimage"},"thumbnailUrl":"https:\/\/retrofit.de\/wp-content\/uploads\/2023\/04\/HDC-Website_Kontakt-Icons_Phone.svg","datePublished":"2025-11-25T11:05:50+00:00","dateModified":"2025-11-27T14:42:29+00:00","description":"Fiber laser sheet cutting machine for sale or rental \u2713 Affordable CO2 laser alternative \u2606 1,500W-40,000W \u27a8 Sales and in-depth advice!","breadcrumb":{"@id":"https:\/\/retrofit.de\/index.php\/en\/machine-tool-manufacturer\/fiber-laser-sheet-cutting-machine-sale-rental\/#breadcrumb"},"inLanguage":"de","potentialAction":[{"@type":"ReadAction","target":["https:\/\/retrofit.de\/index.php\/en\/machine-tool-manufacturer\/fiber-laser-sheet-cutting-machine-sale-rental\/"]}]},{"@type":"ImageObject","inLanguage":"de","@id":"https:\/\/retrofit.de\/index.php\/en\/machine-tool-manufacturer\/fiber-laser-sheet-cutting-machine-sale-rental\/#primaryimage","url":"https:\/\/retrofit.de\/wp-content\/uploads\/2023\/04\/HDC-Website_Kontakt-Icons_Phone.svg","contentUrl":"https:\/\/retrofit.de\/wp-content\/uploads\/2023\/04\/HDC-Website_Kontakt-Icons_Phone.svg"},{"@type":"BreadcrumbList","@id":"https:\/\/retrofit.de\/index.php\/en\/machine-tool-manufacturer\/fiber-laser-sheet-cutting-machine-sale-rental\/#breadcrumb","itemListElement":[{"@type":"ListItem","position":1,"name":"Startseite","item":"https:\/\/retrofit.de\/index.php\/de\/startseite\/"},{"@type":"ListItem","position":2,"name":"Machine tool manufacturer","item":"https:\/\/retrofit.de\/index.php\/en\/machine-tool-manufacturer\/"},{"@type":"ListItem","position":3,"name":"Fiber laser for sheets"}]},{"@type":"WebSite","@id":"https:\/\/retrofit.de\/#website","url":"https:\/\/retrofit.de\/","name":"HDC Huttelmaier Retrofit","description":"Maschinen \u00dcberholung f\u00fcr High End Pr\u00e4zision","publisher":{"@id":"https:\/\/retrofit.de\/#organization"},"potentialAction":[{"@type":"SearchAction","target":{"@type":"EntryPoint","urlTemplate":"https:\/\/retrofit.de\/?s={search_term_string}"},"query-input":{"@type":"PropertyValueSpecification","valueRequired":true,"valueName":"search_term_string"}}],"inLanguage":"de"},{"@type":"Organization","@id":"https:\/\/retrofit.de\/#organization","name":"HDC Huttelmaier GmbH","alternateName":"HDC","url":"https:\/\/retrofit.de\/","logo":{"@type":"ImageObject","inLanguage":"de","@id":"https:\/\/retrofit.de\/#\/schema\/logo\/image\/","url":"https:\/\/retrofit.de\/wp-content\/uploads\/2023\/04\/Logo.jpg","contentUrl":"https:\/\/retrofit.de\/wp-content\/uploads\/2023\/04\/Logo.jpg","width":2083,"height":2083,"caption":"HDC Huttelmaier GmbH"},"image":{"@id":"https:\/\/retrofit.de\/#\/schema\/logo\/image\/"}}]}},"_links":{"self":[{"href":"https:\/\/retrofit.de\/index.php\/wp-json\/wp\/v2\/pages\/4938","targetHints":{"allow":["GET"]}}],"collection":[{"href":"https:\/\/retrofit.de\/index.php\/wp-json\/wp\/v2\/pages"}],"about":[{"href":"https:\/\/retrofit.de\/index.php\/wp-json\/wp\/v2\/types\/page"}],"author":[{"embeddable":true,"href":"https:\/\/retrofit.de\/index.php\/wp-json\/wp\/v2\/users\/5"}],"replies":[{"embeddable":true,"href":"https:\/\/retrofit.de\/index.php\/wp-json\/wp\/v2\/comments?post=4938"}],"version-history":[{"count":4,"href":"https:\/\/retrofit.de\/index.php\/wp-json\/wp\/v2\/pages\/4938\/revisions"}],"predecessor-version":[{"id":5054,"href":"https:\/\/retrofit.de\/index.php\/wp-json\/wp\/v2\/pages\/4938\/revisions\/5054"}],"up":[{"embeddable":true,"href":"https:\/\/retrofit.de\/index.php\/wp-json\/wp\/v2\/pages\/3706"}],"wp:attachment":[{"href":"https:\/\/retrofit.de\/index.php\/wp-json\/wp\/v2\/media?parent=4938"}],"curies":[{"name":"wp","href":"https:\/\/api.w.org\/{rel}","templated":true}]}}