{"id":4936,"date":"2025-11-25T12:05:59","date_gmt":"2025-11-25T11:05:59","guid":{"rendered":"https:\/\/retrofit.de\/?page_id=4936"},"modified":"2025-11-27T15:42:39","modified_gmt":"2025-11-27T14:42:39","slug":"2-in-1-industrial-laser-cutter-sale-rental","status":"publish","type":"page","link":"https:\/\/retrofit.de\/index.php\/en\/machine-tool-manufacturer\/2-in-1-industrial-laser-cutter-sale-rental\/","title":{"rendered":"2-in-1 industrial laser cutter"},"content":{"rendered":"<div id='av_section_1'  class='avia-section av-of2u7s-9a38b868c3ffc1fa0537bc54a79512de main_color avia-section-default avia-no-border-styling  avia-builder-el-0  el_before_av_section  avia-builder-el-first  avia-bg-style-scroll container_wrap fullsize'  ><div class='container av-section-cont-open' ><main  role=\"main\" itemprop=\"mainContentOfPage\"  class='template-page content  av-content-full alpha units'><div class='post-entry post-entry-type-page post-entry-4936'><div class='entry-content-wrapper clearfix'>\n<div  class='flex_column av-ltxsc8-f16234b1d9d4ad23ca8f8d3719058812 av_one_full  avia-builder-el-1  el_before_av_image  avia-builder-el-first  first flex_column_div  '     ><p>\n<style type=\"text\/css\" data-created_by=\"avia_inline_auto\" id=\"style-css-av-kvgczc-63f746feb28e01244d58be392d494ba6\">\n#top .hr.hr-invisible.av-kvgczc-63f746feb28e01244d58be392d494ba6{\nheight:15px;\n}\n<\/style>\n<div  class='hr av-kvgczc-63f746feb28e01244d58be392d494ba6 hr-invisible  avia-builder-el-2  el_before_av_heading  avia-builder-el-first '><span class='hr-inner '><span class=\"hr-inner-style\"><\/span><\/span><\/div><br \/>\n\n<style type=\"text\/css\" data-created_by=\"avia_inline_auto\" id=\"style-css-av-mieaqto8-db494d01ad90e6e293f79cc2e05b8cd2\">\n#top .av-special-heading.av-mieaqto8-db494d01ad90e6e293f79cc2e05b8cd2{\npadding-bottom:10px;\n}\nbody .av-special-heading.av-mieaqto8-db494d01ad90e6e293f79cc2e05b8cd2 .av-special-heading-tag .heading-char{\nfont-size:25px;\n}\n.av-special-heading.av-mieaqto8-db494d01ad90e6e293f79cc2e05b8cd2 .av-subheading{\nfont-size:15px;\n}\n<\/style>\n<div  class='av-special-heading av-mieaqto8-db494d01ad90e6e293f79cc2e05b8cd2 av-special-heading-h1 blockquote modern-quote  avia-builder-el-3  el_after_av_hr  el_before_av_hr '><h1 class='av-special-heading-tag '  itemprop=\"headline\"  >2-in-1 industrial laser cutter \u2013 sale or rental<\/h1><div class=\"special-heading-border\"><div class=\"special-heading-inner-border\"><\/div><\/div><\/div><br \/>\n\n<style type=\"text\/css\" data-created_by=\"avia_inline_auto\" id=\"style-css-av-jsponc-554ff1ce660a4d4ae477a122ccfb2957\">\n#top .hr.hr-invisible.av-jsponc-554ff1ce660a4d4ae477a122ccfb2957{\nheight:55px;\n}\n<\/style>\n<div  class='hr av-jsponc-554ff1ce660a4d4ae477a122ccfb2957 hr-invisible  avia-builder-el-4  el_after_av_heading  avia-builder-el-last '><span class='hr-inner '><span class=\"hr-inner-style\"><\/span><\/span><\/div><\/p><\/div>\n<style type=\"text\/css\" data-created_by=\"avia_inline_auto\" id=\"style-css-av-h6tu9k-e46e4a9f4f646edfb3f88b8689b673fd\">\n.avia-image-container.av-h6tu9k-e46e4a9f4f646edfb3f88b8689b673fd img.avia_image{\nbox-shadow:none;\n}\n.avia-image-container.av-h6tu9k-e46e4a9f4f646edfb3f88b8689b673fd .av-image-caption-overlay-center{\ncolor:#ffffff;\n}\n.avia-image-container.av-h6tu9k-e46e4a9f4f646edfb3f88b8689b673fd .avia-curtain-reveal-overlay{\nanimation-duration:1.5s;\nbackground:#d9000e;\nz-index:100;\n}\n<\/style>\n<div  class='avia-image-container av-h6tu9k-e46e4a9f4f646edfb3f88b8689b673fd av-styling- avia-align-left  avia-builder-el-5  el_after_av_one_full  el_before_av_one_full '   itemprop=\"image\" itemscope=\"itemscope\" itemtype=\"https:\/\/schema.org\/ImageObject\" ><div class=\"avia-image-container-inner\"><div class=\"avia-image-overlay-wrap\"><div class='avia-curtain-reveal-overlay av-animated-when-visible-95 animate-all-devices curtain-reveal-btt'><\/div><img decoding=\"async\" fetchpriority=\"high\" class='wp-image-5005 avia-img-lazy-loading-not-5005 avia_image ' src=\"https:\/\/retrofit.de\/wp-content\/uploads\/2-in-1-industrial-laser-cutter-sale-rental.jpg\" alt='2-in-1 industrial laser cutter \u2013 sale or rental' title='2-in-1 industrial laser cutter \u2013 sale or rental'  height=\"1080\" width=\"1919\"  itemprop=\"thumbnailUrl\" srcset=\"https:\/\/retrofit.de\/wp-content\/uploads\/2-in-1-industrial-laser-cutter-sale-rental.jpg 1919w, https:\/\/retrofit.de\/wp-content\/uploads\/2-in-1-industrial-laser-cutter-sale-rental-300x169.jpg 300w, https:\/\/retrofit.de\/wp-content\/uploads\/2-in-1-industrial-laser-cutter-sale-rental-1030x580.jpg 1030w, https:\/\/retrofit.de\/wp-content\/uploads\/2-in-1-industrial-laser-cutter-sale-rental-768x432.jpg 768w, https:\/\/retrofit.de\/wp-content\/uploads\/2-in-1-industrial-laser-cutter-sale-rental-1536x864.jpg 1536w, https:\/\/retrofit.de\/wp-content\/uploads\/2-in-1-industrial-laser-cutter-sale-rental-1500x844.jpg 1500w, https:\/\/retrofit.de\/wp-content\/uploads\/2-in-1-industrial-laser-cutter-sale-rental-705x397.jpg 705w\" sizes=\"(max-width: 1919px) 100vw, 1919px\" \/><\/div><\/div><\/div>\n<div  class='flex_column av-foc19k-e1a3165c1933e65cce8447a5dc349f0d av_one_full  avia-builder-el-6  el_after_av_image  avia-builder-el-last  first flex_column_div  '     ><p>\n<style type=\"text\/css\" data-created_by=\"avia_inline_auto\" id=\"style-css-av-1cnv2w-2d52d80076e8c5e2f9d396101e135c96\">\n#top .hr.hr-invisible.av-1cnv2w-2d52d80076e8c5e2f9d396101e135c96{\nheight:55px;\n}\n<\/style>\n<div  class='hr av-1cnv2w-2d52d80076e8c5e2f9d396101e135c96 hr-invisible  avia-builder-el-7  el_before_av_textblock  avia-builder-el-first '><span class='hr-inner '><span class=\"hr-inner-style\"><\/span><\/span><\/div><br \/>\n<section  class='av_textblock_section av-miear2ng-10a16aa0ec334a6af13f8ec92222ed56 '   itemscope=\"itemscope\" itemtype=\"https:\/\/schema.org\/CreativeWork\" ><div class='avia_textblock av_inherit_color'  itemprop=\"text\" ><p>Why buy a separate sheet metal laser machine and a separate tube laser machine?<\/p>\n<p>With our 2-in-1 industrial laser cutter, you get a sheet metal laser and tube laser in a single cutting system. Save space and take advantage of innovative, high-speed metal processing that goes hand in hand.<\/p>\n<p>The fully protected laser cutting machine is a safe, energy-saving and highly efficient all-in-one fiber laser for sheet metal and tubes. A time-saving design for loading and unloading also ensures high throughput.<\/p>\n<p>The combi laser is available in various configurations.<\/p>\n<p>Power: 1,500W-20,000W | 1,500W-40,000W<br \/>\nWorking area: 3,050 x 1,530 mm | 4,050 x 2,030 mm | 6,050 x 1,530 mm<br \/>\nPositioning accuracy: 0.03 mm<br \/>\nMax. running speed: 115m\/min | 120m\/min<br \/>\nMax. acceleration: 1.2G<\/p>\n<p>You can purchase or rent this pioneering laser cutting system. Our expert sales team offers in-depth advice. Give us a call!<\/p>\n<\/div><\/section><\/p><\/div><\/div><\/div><\/main><!-- close content main element --><\/div><\/div><div id='av_section_2'  class='avia-section av-cg05dk-6ca49e5ee7fbf0db6a9a70be56f27915 main_color avia-section-default avia-no-border-styling  avia-builder-el-9  el_after_av_section  avia-builder-el-last  avia-bg-style-scroll container_wrap fullsize'  ><div class='container av-section-cont-open' ><div class='template-page content  av-content-full alpha units'><div class='post-entry post-entry-type-page post-entry-4936'><div class='entry-content-wrapper clearfix'>\n\n<style type=\"text\/css\" data-created_by=\"avia_inline_auto\" id=\"style-css-av-b596yg-e43a8d5ec5e525376b36d37f414b3ef2\">\n#top .av-special-heading.av-b596yg-e43a8d5ec5e525376b36d37f414b3ef2{\npadding-bottom:10px;\n}\nbody .av-special-heading.av-b596yg-e43a8d5ec5e525376b36d37f414b3ef2 .av-special-heading-tag .heading-char{\nfont-size:25px;\n}\n.av-special-heading.av-b596yg-e43a8d5ec5e525376b36d37f414b3ef2 .av-subheading{\nfont-size:15px;\n}\n<\/style>\n<div  class='av-special-heading av-b596yg-e43a8d5ec5e525376b36d37f414b3ef2 av-special-heading-h2 blockquote modern-quote  avia-builder-el-10  el_before_av_textblock  avia-builder-el-first '><h2 class='av-special-heading-tag '  itemprop=\"headline\"  >HOW CAN WE HELP YOU?<\/h2><div class=\"special-heading-border\"><div class=\"special-heading-inner-border\"><\/div><\/div><\/div>\n\n<style type=\"text\/css\" data-created_by=\"avia_inline_auto\" id=\"style-css-av-9w6914-81f94f9a92235b927d199045ab23218b\">\n#top .av_textblock_section.av-9w6914-81f94f9a92235b927d199045ab23218b .avia_textblock{\nfont-size:30px;\n}\n<\/style>\n<section  class='av_textblock_section av-9w6914-81f94f9a92235b927d199045ab23218b '   itemscope=\"itemscope\" itemtype=\"https:\/\/schema.org\/CreativeWork\" ><div class='avia_textblock'  itemprop=\"text\" ><p>HDC HUTTELMAIER \u2013 RETROFITTING OF MACHINES FOR HIGH-END PRECISION<\/p>\n<\/div><\/section>\n<div  class='flex_column av-6uumxk-2f38e7965c7e4c3a12cbf5e6f68daa75 av_one_fourth  avia-builder-el-12  el_after_av_textblock  el_before_av_one_half  first flex_column_div  column-top-margin'     ><style type=\"text\/css\" data-created_by=\"avia_inline_auto\" id=\"style-css-av-6ffxso-28bf50e283dba529b0a365749e7291c0\">\n.avia-image-container.av-6ffxso-28bf50e283dba529b0a365749e7291c0 img.avia_image{\nbox-shadow:none;\n}\n.avia-image-container.av-6ffxso-28bf50e283dba529b0a365749e7291c0 .av-image-caption-overlay-center{\ncolor:#ffffff;\n}\n<\/style>\n<div  class='avia-image-container av-6ffxso-28bf50e283dba529b0a365749e7291c0 av-styling- avia-align-center  avia-builder-el-13  avia-builder-el-no-sibling '   itemprop=\"image\" itemscope=\"itemscope\" itemtype=\"https:\/\/schema.org\/ImageObject\" ><div class=\"avia-image-container-inner\"><div class=\"avia-image-overlay-wrap\"><img decoding=\"async\" fetchpriority=\"high\" class='wp-image-1454 avia-img-lazy-loading-not-1454 avia_image ' src=\"https:\/\/retrofit.de\/wp-content\/uploads\/2023\/05\/Joerg-Huttelmaier-_-Geschaeftsfuehrer-bei-HDC-01-1-300x300.webp\" alt='J\u00f6rg Huttelmaier-Gesch\u00e4ftsf\u00fchrer bei HDC' title='J\u00f6rg Huttelmaier-Gesch\u00e4ftsf\u00fchrer bei HDC'  height=\"300\" width=\"300\"  itemprop=\"thumbnailUrl\" srcset=\"https:\/\/retrofit.de\/wp-content\/uploads\/2023\/05\/Joerg-Huttelmaier-_-Geschaeftsfuehrer-bei-HDC-01-1-300x300.webp 300w, https:\/\/retrofit.de\/wp-content\/uploads\/2023\/05\/Joerg-Huttelmaier-_-Geschaeftsfuehrer-bei-HDC-01-1-1030x1030.webp 1030w, https:\/\/retrofit.de\/wp-content\/uploads\/2023\/05\/Joerg-Huttelmaier-_-Geschaeftsfuehrer-bei-HDC-01-1-80x80.webp 80w, https:\/\/retrofit.de\/wp-content\/uploads\/2023\/05\/Joerg-Huttelmaier-_-Geschaeftsfuehrer-bei-HDC-01-1-768x768.webp 768w, https:\/\/retrofit.de\/wp-content\/uploads\/2023\/05\/Joerg-Huttelmaier-_-Geschaeftsfuehrer-bei-HDC-01-1-1536x1536.webp 1536w, https:\/\/retrofit.de\/wp-content\/uploads\/2023\/05\/Joerg-Huttelmaier-_-Geschaeftsfuehrer-bei-HDC-01-1-36x36.webp 36w, https:\/\/retrofit.de\/wp-content\/uploads\/2023\/05\/Joerg-Huttelmaier-_-Geschaeftsfuehrer-bei-HDC-01-1-180x180.webp 180w, https:\/\/retrofit.de\/wp-content\/uploads\/2023\/05\/Joerg-Huttelmaier-_-Geschaeftsfuehrer-bei-HDC-01-1-1500x1500.webp 1500w, https:\/\/retrofit.de\/wp-content\/uploads\/2023\/05\/Joerg-Huttelmaier-_-Geschaeftsfuehrer-bei-HDC-01-1-705x705.webp 705w, https:\/\/retrofit.de\/wp-content\/uploads\/2023\/05\/Joerg-Huttelmaier-_-Geschaeftsfuehrer-bei-HDC-01-1.webp 1600w\" sizes=\"(max-width: 300px) 100vw, 300px\" \/><\/div><\/div><\/div><\/div><div  class='flex_column av-44i1ig-0a826f7d41c546800e1cf8a9d374fe70 av_one_half  avia-builder-el-14  el_after_av_one_fourth  avia-builder-el-last  linie-links flex_column_div  column-top-margin'     ><style type=\"text\/css\" data-created_by=\"avia_inline_auto\" id=\"style-css-av-2m1it4-61bfbbe992896e2c1b056d26842a8713\">\n#top .av_textblock_section.av-2m1it4-61bfbbe992896e2c1b056d26842a8713 .avia_textblock{\nfont-size:18px;\n}\n<\/style>\n<section  class='av_textblock_section av-2m1it4-61bfbbe992896e2c1b056d26842a8713 '   itemscope=\"itemscope\" itemtype=\"https:\/\/schema.org\/CreativeWork\" ><div class='avia_textblock kontakt'  itemprop=\"text\" ><p><strong>J\u00f6rg Huttelmaier<\/strong><\/p>\n<p>Owner<br \/>\nHuttelmaier GmbH<br \/>\nWinterbacher Stra\u00dfe 66<br \/>\n73614 Schorndorf \/ Germany<\/p>\n<p><strong>Get in touch<\/strong><\/p>\n<p><img loading=\"lazy\" decoding=\"async\" style=\"margin-right: 10px;\" src=\"https:\/\/retrofit.de\/wp-content\/uploads\/2023\/04\/HDC-Website_Kontakt-Icons_Phone.svg\" width=\"32\" height=\"32\" \/><a href=\"tel:+4907181978680\">+49 (0) 7181-97868-0<\/a><br \/>\n<img loading=\"lazy\" decoding=\"async\" style=\"margin-right: 10px; margin-bottom: -10px; padding-top: 10px;\" src=\"https:\/\/retrofit.de\/wp-content\/uploads\/2023\/04\/HDC-Website_Kontakt-Icons_Mail.svg\" width=\"32\" height=\"32\" \/><a href=\"mailto:joerg@huttelmaier.de\">joerg@huttelmaier.de<\/a><\/p>\n<\/div><\/section><\/div>\n<\/p>\n","protected":false},"excerpt":{"rendered":"","protected":false},"author":5,"featured_media":0,"parent":3706,"menu_order":2,"comment_status":"closed","ping_status":"closed","template":"","meta":{"footnotes":""},"class_list":["post-4936","page","type-page","status-publish","hentry"],"yoast_head":"<!-- This site is optimized with the Yoast SEO plugin v27.3 - https:\/\/yoast.com\/product\/yoast-seo-wordpress\/ -->\n<title>2-in-1 industrial laser cutter \u2013 sale or rental<\/title>\n<meta name=\"description\" content=\"2-in-1 industrial laser cutter for sale or rental \u2713 Sheet metal lasers and tube lasers in one laser cutting system \u2606 1,500W-40,000W \u27a8 Sales and advice!\" \/>\n<meta name=\"robots\" content=\"index, follow, max-snippet:-1, max-image-preview:large, max-video-preview:-1\" \/>\n<link rel=\"canonical\" href=\"https:\/\/retrofit.de\/index.php\/en\/machine-tool-manufacturer\/2-in-1-industrial-laser-cutter-sale-rental\/\" \/>\n<meta property=\"og:locale\" content=\"de_DE\" \/>\n<meta property=\"og:type\" content=\"article\" \/>\n<meta property=\"og:title\" content=\"2-in-1 industrial laser cutter \u2013 sale or rental\" \/>\n<meta property=\"og:description\" content=\"2-in-1 industrial laser cutter for sale or rental \u2713 Sheet metal lasers and tube lasers in one laser cutting system \u2606 1,500W-40,000W \u27a8 Sales and advice!\" \/>\n<meta property=\"og:url\" content=\"https:\/\/retrofit.de\/index.php\/en\/machine-tool-manufacturer\/2-in-1-industrial-laser-cutter-sale-rental\/\" \/>\n<meta property=\"og:site_name\" content=\"HDC Huttelmaier Retrofit\" \/>\n<meta property=\"article:modified_time\" content=\"2025-11-27T14:42:39+00:00\" \/>\n<meta property=\"og:image\" content=\"https:\/\/retrofit.de\/wp-content\/uploads\/2023\/04\/HDC-Website_Kontakt-Icons_Phone.svg\" \/>\n<meta name=\"twitter:card\" content=\"summary_large_image\" \/>\n<meta name=\"twitter:label1\" content=\"Gesch\u00e4tzte Lesezeit\" \/>\n\t<meta name=\"twitter:data1\" content=\"2\u00a0Minuten\" \/>\n<script type=\"application\/ld+json\" class=\"yoast-schema-graph\">{\"@context\":\"https:\\\/\\\/schema.org\",\"@graph\":[{\"@type\":\"WebPage\",\"@id\":\"https:\\\/\\\/retrofit.de\\\/index.php\\\/en\\\/machine-tool-manufacturer\\\/2-in-1-industrial-laser-cutter-sale-rental\\\/\",\"url\":\"https:\\\/\\\/retrofit.de\\\/index.php\\\/en\\\/machine-tool-manufacturer\\\/2-in-1-industrial-laser-cutter-sale-rental\\\/\",\"name\":\"2-in-1 industrial laser cutter \u2013 sale or rental\",\"isPartOf\":{\"@id\":\"https:\\\/\\\/retrofit.de\\\/#website\"},\"primaryImageOfPage\":{\"@id\":\"https:\\\/\\\/retrofit.de\\\/index.php\\\/en\\\/machine-tool-manufacturer\\\/2-in-1-industrial-laser-cutter-sale-rental\\\/#primaryimage\"},\"image\":{\"@id\":\"https:\\\/\\\/retrofit.de\\\/index.php\\\/en\\\/machine-tool-manufacturer\\\/2-in-1-industrial-laser-cutter-sale-rental\\\/#primaryimage\"},\"thumbnailUrl\":\"https:\\\/\\\/retrofit.de\\\/wp-content\\\/uploads\\\/2023\\\/04\\\/HDC-Website_Kontakt-Icons_Phone.svg\",\"datePublished\":\"2025-11-25T11:05:59+00:00\",\"dateModified\":\"2025-11-27T14:42:39+00:00\",\"description\":\"2-in-1 industrial laser cutter for sale or rental \u2713 Sheet metal lasers and tube lasers in one laser cutting system \u2606 1,500W-40,000W \u27a8 Sales and advice!\",\"breadcrumb\":{\"@id\":\"https:\\\/\\\/retrofit.de\\\/index.php\\\/en\\\/machine-tool-manufacturer\\\/2-in-1-industrial-laser-cutter-sale-rental\\\/#breadcrumb\"},\"inLanguage\":\"de\",\"potentialAction\":[{\"@type\":\"ReadAction\",\"target\":[\"https:\\\/\\\/retrofit.de\\\/index.php\\\/en\\\/machine-tool-manufacturer\\\/2-in-1-industrial-laser-cutter-sale-rental\\\/\"]}]},{\"@type\":\"ImageObject\",\"inLanguage\":\"de\",\"@id\":\"https:\\\/\\\/retrofit.de\\\/index.php\\\/en\\\/machine-tool-manufacturer\\\/2-in-1-industrial-laser-cutter-sale-rental\\\/#primaryimage\",\"url\":\"https:\\\/\\\/retrofit.de\\\/wp-content\\\/uploads\\\/2023\\\/04\\\/HDC-Website_Kontakt-Icons_Phone.svg\",\"contentUrl\":\"https:\\\/\\\/retrofit.de\\\/wp-content\\\/uploads\\\/2023\\\/04\\\/HDC-Website_Kontakt-Icons_Phone.svg\"},{\"@type\":\"BreadcrumbList\",\"@id\":\"https:\\\/\\\/retrofit.de\\\/index.php\\\/en\\\/machine-tool-manufacturer\\\/2-in-1-industrial-laser-cutter-sale-rental\\\/#breadcrumb\",\"itemListElement\":[{\"@type\":\"ListItem\",\"position\":1,\"name\":\"Startseite\",\"item\":\"https:\\\/\\\/retrofit.de\\\/index.php\\\/de\\\/startseite\\\/\"},{\"@type\":\"ListItem\",\"position\":2,\"name\":\"Machine tool manufacturer\",\"item\":\"https:\\\/\\\/retrofit.de\\\/index.php\\\/en\\\/machine-tool-manufacturer\\\/\"},{\"@type\":\"ListItem\",\"position\":3,\"name\":\"2-in-1 industrial laser cutter\"}]},{\"@type\":\"WebSite\",\"@id\":\"https:\\\/\\\/retrofit.de\\\/#website\",\"url\":\"https:\\\/\\\/retrofit.de\\\/\",\"name\":\"HDC Huttelmaier Retrofit\",\"description\":\"Maschinen \u00dcberholung f\u00fcr High End Pr\u00e4zision\",\"publisher\":{\"@id\":\"https:\\\/\\\/retrofit.de\\\/#organization\"},\"potentialAction\":[{\"@type\":\"SearchAction\",\"target\":{\"@type\":\"EntryPoint\",\"urlTemplate\":\"https:\\\/\\\/retrofit.de\\\/?s={search_term_string}\"},\"query-input\":{\"@type\":\"PropertyValueSpecification\",\"valueRequired\":true,\"valueName\":\"search_term_string\"}}],\"inLanguage\":\"de\"},{\"@type\":\"Organization\",\"@id\":\"https:\\\/\\\/retrofit.de\\\/#organization\",\"name\":\"HDC Huttelmaier GmbH\",\"alternateName\":\"HDC\",\"url\":\"https:\\\/\\\/retrofit.de\\\/\",\"logo\":{\"@type\":\"ImageObject\",\"inLanguage\":\"de\",\"@id\":\"https:\\\/\\\/retrofit.de\\\/#\\\/schema\\\/logo\\\/image\\\/\",\"url\":\"https:\\\/\\\/retrofit.de\\\/wp-content\\\/uploads\\\/2023\\\/04\\\/Logo.jpg\",\"contentUrl\":\"https:\\\/\\\/retrofit.de\\\/wp-content\\\/uploads\\\/2023\\\/04\\\/Logo.jpg\",\"width\":2083,\"height\":2083,\"caption\":\"HDC Huttelmaier GmbH\"},\"image\":{\"@id\":\"https:\\\/\\\/retrofit.de\\\/#\\\/schema\\\/logo\\\/image\\\/\"}}]}<\/script>\n<!-- \/ Yoast SEO plugin. -->","yoast_head_json":{"title":"2-in-1 industrial laser cutter \u2013 sale or rental","description":"2-in-1 industrial laser cutter for sale or rental \u2713 Sheet metal lasers and tube lasers in one laser cutting system \u2606 1,500W-40,000W \u27a8 Sales and advice!","robots":{"index":"index","follow":"follow","max-snippet":"max-snippet:-1","max-image-preview":"max-image-preview:large","max-video-preview":"max-video-preview:-1"},"canonical":"https:\/\/retrofit.de\/index.php\/en\/machine-tool-manufacturer\/2-in-1-industrial-laser-cutter-sale-rental\/","og_locale":"de_DE","og_type":"article","og_title":"2-in-1 industrial laser cutter \u2013 sale or rental","og_description":"2-in-1 industrial laser cutter for sale or rental \u2713 Sheet metal lasers and tube lasers in one laser cutting system \u2606 1,500W-40,000W \u27a8 Sales and advice!","og_url":"https:\/\/retrofit.de\/index.php\/en\/machine-tool-manufacturer\/2-in-1-industrial-laser-cutter-sale-rental\/","og_site_name":"HDC Huttelmaier Retrofit","article_modified_time":"2025-11-27T14:42:39+00:00","og_image":[{"url":"https:\/\/retrofit.de\/wp-content\/uploads\/2023\/04\/HDC-Website_Kontakt-Icons_Phone.svg","type":"","width":"","height":""}],"twitter_card":"summary_large_image","twitter_misc":{"Gesch\u00e4tzte Lesezeit":"2\u00a0Minuten"},"schema":{"@context":"https:\/\/schema.org","@graph":[{"@type":"WebPage","@id":"https:\/\/retrofit.de\/index.php\/en\/machine-tool-manufacturer\/2-in-1-industrial-laser-cutter-sale-rental\/","url":"https:\/\/retrofit.de\/index.php\/en\/machine-tool-manufacturer\/2-in-1-industrial-laser-cutter-sale-rental\/","name":"2-in-1 industrial laser cutter \u2013 sale or rental","isPartOf":{"@id":"https:\/\/retrofit.de\/#website"},"primaryImageOfPage":{"@id":"https:\/\/retrofit.de\/index.php\/en\/machine-tool-manufacturer\/2-in-1-industrial-laser-cutter-sale-rental\/#primaryimage"},"image":{"@id":"https:\/\/retrofit.de\/index.php\/en\/machine-tool-manufacturer\/2-in-1-industrial-laser-cutter-sale-rental\/#primaryimage"},"thumbnailUrl":"https:\/\/retrofit.de\/wp-content\/uploads\/2023\/04\/HDC-Website_Kontakt-Icons_Phone.svg","datePublished":"2025-11-25T11:05:59+00:00","dateModified":"2025-11-27T14:42:39+00:00","description":"2-in-1 industrial laser cutter for sale or rental \u2713 Sheet metal lasers and tube lasers in one laser cutting system \u2606 1,500W-40,000W \u27a8 Sales and advice!","breadcrumb":{"@id":"https:\/\/retrofit.de\/index.php\/en\/machine-tool-manufacturer\/2-in-1-industrial-laser-cutter-sale-rental\/#breadcrumb"},"inLanguage":"de","potentialAction":[{"@type":"ReadAction","target":["https:\/\/retrofit.de\/index.php\/en\/machine-tool-manufacturer\/2-in-1-industrial-laser-cutter-sale-rental\/"]}]},{"@type":"ImageObject","inLanguage":"de","@id":"https:\/\/retrofit.de\/index.php\/en\/machine-tool-manufacturer\/2-in-1-industrial-laser-cutter-sale-rental\/#primaryimage","url":"https:\/\/retrofit.de\/wp-content\/uploads\/2023\/04\/HDC-Website_Kontakt-Icons_Phone.svg","contentUrl":"https:\/\/retrofit.de\/wp-content\/uploads\/2023\/04\/HDC-Website_Kontakt-Icons_Phone.svg"},{"@type":"BreadcrumbList","@id":"https:\/\/retrofit.de\/index.php\/en\/machine-tool-manufacturer\/2-in-1-industrial-laser-cutter-sale-rental\/#breadcrumb","itemListElement":[{"@type":"ListItem","position":1,"name":"Startseite","item":"https:\/\/retrofit.de\/index.php\/de\/startseite\/"},{"@type":"ListItem","position":2,"name":"Machine tool manufacturer","item":"https:\/\/retrofit.de\/index.php\/en\/machine-tool-manufacturer\/"},{"@type":"ListItem","position":3,"name":"2-in-1 industrial laser cutter"}]},{"@type":"WebSite","@id":"https:\/\/retrofit.de\/#website","url":"https:\/\/retrofit.de\/","name":"HDC Huttelmaier Retrofit","description":"Maschinen \u00dcberholung f\u00fcr High End Pr\u00e4zision","publisher":{"@id":"https:\/\/retrofit.de\/#organization"},"potentialAction":[{"@type":"SearchAction","target":{"@type":"EntryPoint","urlTemplate":"https:\/\/retrofit.de\/?s={search_term_string}"},"query-input":{"@type":"PropertyValueSpecification","valueRequired":true,"valueName":"search_term_string"}}],"inLanguage":"de"},{"@type":"Organization","@id":"https:\/\/retrofit.de\/#organization","name":"HDC Huttelmaier GmbH","alternateName":"HDC","url":"https:\/\/retrofit.de\/","logo":{"@type":"ImageObject","inLanguage":"de","@id":"https:\/\/retrofit.de\/#\/schema\/logo\/image\/","url":"https:\/\/retrofit.de\/wp-content\/uploads\/2023\/04\/Logo.jpg","contentUrl":"https:\/\/retrofit.de\/wp-content\/uploads\/2023\/04\/Logo.jpg","width":2083,"height":2083,"caption":"HDC Huttelmaier GmbH"},"image":{"@id":"https:\/\/retrofit.de\/#\/schema\/logo\/image\/"}}]}},"_links":{"self":[{"href":"https:\/\/retrofit.de\/index.php\/wp-json\/wp\/v2\/pages\/4936","targetHints":{"allow":["GET"]}}],"collection":[{"href":"https:\/\/retrofit.de\/index.php\/wp-json\/wp\/v2\/pages"}],"about":[{"href":"https:\/\/retrofit.de\/index.php\/wp-json\/wp\/v2\/types\/page"}],"author":[{"embeddable":true,"href":"https:\/\/retrofit.de\/index.php\/wp-json\/wp\/v2\/users\/5"}],"replies":[{"embeddable":true,"href":"https:\/\/retrofit.de\/index.php\/wp-json\/wp\/v2\/comments?post=4936"}],"version-history":[{"count":4,"href":"https:\/\/retrofit.de\/index.php\/wp-json\/wp\/v2\/pages\/4936\/revisions"}],"predecessor-version":[{"id":5055,"href":"https:\/\/retrofit.de\/index.php\/wp-json\/wp\/v2\/pages\/4936\/revisions\/5055"}],"up":[{"embeddable":true,"href":"https:\/\/retrofit.de\/index.php\/wp-json\/wp\/v2\/pages\/3706"}],"wp:attachment":[{"href":"https:\/\/retrofit.de\/index.php\/wp-json\/wp\/v2\/media?parent=4936"}],"curies":[{"name":"wp","href":"https:\/\/api.w.org\/{rel}","templated":true}]}}