{"id":4932,"date":"2025-11-25T12:06:20","date_gmt":"2025-11-25T11:06:20","guid":{"rendered":"https:\/\/retrofit.de\/?page_id=4932"},"modified":"2025-11-27T15:42:57","modified_gmt":"2025-11-27T14:42:57","slug":"metalworking-machine-tool-rental","status":"publish","type":"page","link":"https:\/\/retrofit.de\/index.php\/en\/machine-tool-manufacturer\/metalworking-machine-tool-rental\/","title":{"rendered":"Machine tool rental"},"content":{"rendered":"<div id='av_section_1'  class='avia-section av-o9rfs4-7f545a809c6549147466fd71cdde4ca1 main_color avia-section-default avia-no-border-styling  avia-builder-el-0  el_before_av_section  avia-builder-el-first  avia-bg-style-scroll container_wrap fullsize'  ><div class='container av-section-cont-open' ><main  role=\"main\" itemprop=\"mainContentOfPage\"  class='template-page content  av-content-full alpha units'><div class='post-entry post-entry-type-page post-entry-4932'><div class='entry-content-wrapper clearfix'>\n<div  class='flex_column av-mleq6s-2fe83866bdb055df7dc3f8559297f437 av_one_full  avia-builder-el-1  el_before_av_image  avia-builder-el-first  first flex_column_div  '     ><p>\n<style type=\"text\/css\" data-created_by=\"avia_inline_auto\" id=\"style-css-av-kzc3uc-3122d23d59573299f617763453c579f4\">\n#top .hr.hr-invisible.av-kzc3uc-3122d23d59573299f617763453c579f4{\nheight:15px;\n}\n<\/style>\n<div  class='hr av-kzc3uc-3122d23d59573299f617763453c579f4 hr-invisible  avia-builder-el-2  el_before_av_heading  avia-builder-el-first '><span class='hr-inner '><span class=\"hr-inner-style\"><\/span><\/span><\/div><br \/>\n\n<style type=\"text\/css\" data-created_by=\"avia_inline_auto\" id=\"style-css-av-mieadhd6-a3ea05fbc364b021c8cf9c6538dcabc9\">\n#top .av-special-heading.av-mieadhd6-a3ea05fbc364b021c8cf9c6538dcabc9{\npadding-bottom:10px;\n}\nbody .av-special-heading.av-mieadhd6-a3ea05fbc364b021c8cf9c6538dcabc9 .av-special-heading-tag .heading-char{\nfont-size:25px;\n}\n.av-special-heading.av-mieadhd6-a3ea05fbc364b021c8cf9c6538dcabc9 .av-subheading{\nfont-size:15px;\n}\n<\/style>\n<div  class='av-special-heading av-mieadhd6-a3ea05fbc364b021c8cf9c6538dcabc9 av-special-heading-h1 blockquote modern-quote  avia-builder-el-3  el_after_av_hr  el_before_av_hr '><h1 class='av-special-heading-tag '  itemprop=\"headline\"  >Metalworking machine tool rental <\/h1><div class=\"special-heading-border\"><div class=\"special-heading-inner-border\"><\/div><\/div><\/div><br \/>\n\n<style type=\"text\/css\" data-created_by=\"avia_inline_auto\" id=\"style-css-av-1ua2v8-8b0e7d1d2956076a0d0b5ddcf1e29532\">\n#top .hr.hr-invisible.av-1ua2v8-8b0e7d1d2956076a0d0b5ddcf1e29532{\nheight:55px;\n}\n<\/style>\n<div  class='hr av-1ua2v8-8b0e7d1d2956076a0d0b5ddcf1e29532 hr-invisible  avia-builder-el-4  el_after_av_heading  avia-builder-el-last '><span class='hr-inner '><span class=\"hr-inner-style\"><\/span><\/span><\/div><\/p><\/div>\n<style type=\"text\/css\" data-created_by=\"avia_inline_auto\" id=\"style-css-av-hpncp0-33a085192655105ede9dffe223d3e3ba\">\n.avia-image-container.av-hpncp0-33a085192655105ede9dffe223d3e3ba img.avia_image{\nbox-shadow:none;\n}\n.avia-image-container.av-hpncp0-33a085192655105ede9dffe223d3e3ba .av-image-caption-overlay-center{\ncolor:#ffffff;\n}\n.avia-image-container.av-hpncp0-33a085192655105ede9dffe223d3e3ba .avia-curtain-reveal-overlay{\nanimation-duration:1.5s;\nbackground:#d9000e;\nz-index:100;\n}\n<\/style>\n<div  class='avia-image-container av-hpncp0-33a085192655105ede9dffe223d3e3ba av-styling- avia-align-left  avia-builder-el-5  el_after_av_one_full  el_before_av_one_full '   itemprop=\"image\" itemscope=\"itemscope\" itemtype=\"https:\/\/schema.org\/ImageObject\" ><div class=\"avia-image-container-inner\"><div class=\"avia-image-overlay-wrap\"><div class='avia-curtain-reveal-overlay av-animated-when-visible-95 animate-all-devices curtain-reveal-btt'><\/div><img decoding=\"async\" fetchpriority=\"high\" class='wp-image-5016 avia-img-lazy-loading-not-5016 avia_image ' src=\"https:\/\/retrofit.de\/wp-content\/uploads\/werkzeugmaschinen-mieten.jpg\" alt='Werkzeugmaschinen f\u00fcr Metall mieten' title='Werkzeugmaschinen f\u00fcr Metall mieten'  height=\"1081\" width=\"1920\"  itemprop=\"thumbnailUrl\" srcset=\"https:\/\/retrofit.de\/wp-content\/uploads\/werkzeugmaschinen-mieten.jpg 1920w, https:\/\/retrofit.de\/wp-content\/uploads\/werkzeugmaschinen-mieten-300x169.jpg 300w, https:\/\/retrofit.de\/wp-content\/uploads\/werkzeugmaschinen-mieten-1030x580.jpg 1030w, https:\/\/retrofit.de\/wp-content\/uploads\/werkzeugmaschinen-mieten-768x432.jpg 768w, https:\/\/retrofit.de\/wp-content\/uploads\/werkzeugmaschinen-mieten-1536x865.jpg 1536w, https:\/\/retrofit.de\/wp-content\/uploads\/werkzeugmaschinen-mieten-1500x845.jpg 1500w, https:\/\/retrofit.de\/wp-content\/uploads\/werkzeugmaschinen-mieten-705x397.jpg 705w\" sizes=\"(max-width: 1920px) 100vw, 1920px\" \/><\/div><\/div><\/div>\n<div  class='flex_column av-fggon8-2d2d3633db8457d9d329957dcb6014fb av_one_full  avia-builder-el-6  el_after_av_image  avia-builder-el-last  first flex_column_div  '     ><p>\n<style type=\"text\/css\" data-created_by=\"avia_inline_auto\" id=\"style-css-av-ee15jo-0e1bb7505c2fd4b7ccfdb70c02d854f8\">\n#top .hr.hr-invisible.av-ee15jo-0e1bb7505c2fd4b7ccfdb70c02d854f8{\nheight:55px;\n}\n<\/style>\n<div  class='hr av-ee15jo-0e1bb7505c2fd4b7ccfdb70c02d854f8 hr-invisible  avia-builder-el-7  el_before_av_textblock  avia-builder-el-first '><span class='hr-inner '><span class=\"hr-inner-style\"><\/span><\/span><\/div><br \/>\n<section  class='av_textblock_section av-mieadw5p-24793cb2f0a5c76815e8c730cdf7b630 '   itemscope=\"itemscope\" itemtype=\"https:\/\/schema.org\/CreativeWork\" ><div class='avia_textblock av_inherit_color'  itemprop=\"text\" ><p>CNC-controlled machine tools for metalworking are HDC Huttelmaier&#8217;s area of expertise. Renting or financing CNC machines is practical and economical. We believe that using rather than owning is a modern solution that secures liquidity and sensibly supports our customers&#8216; success, even in economically challenging times.<\/p>\n<p>HDC Huttelmaier offers machines for high-end precision without any ifs or buts. If we do not have the right machine in our portfolio, we will turn to partner companies or our special machine construction department. We will find a suitable machine leasing solution for you. Just give us a call.<\/p>\n<\/div><\/section><\/p><\/div><\/div><\/div><\/main><!-- close content main element --><\/div><\/div><div id='av_section_2'  class='avia-section av-d4fclw-c3f99f9473ec30d3ae1892959ac2bf80 main_color avia-section-default avia-no-border-styling  avia-builder-el-9  el_after_av_section  avia-builder-el-last  avia-bg-style-scroll container_wrap fullsize'  ><div class='container av-section-cont-open' ><div class='template-page content  av-content-full alpha units'><div class='post-entry post-entry-type-page post-entry-4932'><div class='entry-content-wrapper clearfix'>\n\n<style type=\"text\/css\" data-created_by=\"avia_inline_auto\" id=\"style-css-av-aqds9g-db4ed3118a0ae160046609a5efe71df8\">\n#top .av-special-heading.av-aqds9g-db4ed3118a0ae160046609a5efe71df8{\npadding-bottom:10px;\n}\nbody .av-special-heading.av-aqds9g-db4ed3118a0ae160046609a5efe71df8 .av-special-heading-tag .heading-char{\nfont-size:25px;\n}\n.av-special-heading.av-aqds9g-db4ed3118a0ae160046609a5efe71df8 .av-subheading{\nfont-size:15px;\n}\n<\/style>\n<div  class='av-special-heading av-aqds9g-db4ed3118a0ae160046609a5efe71df8 av-special-heading-h2 blockquote modern-quote  avia-builder-el-10  el_before_av_textblock  avia-builder-el-first '><h2 class='av-special-heading-tag '  itemprop=\"headline\"  >HOW CAN WE HELP YOU?<\/h2><div class=\"special-heading-border\"><div class=\"special-heading-inner-border\"><\/div><\/div><\/div>\n\n<style type=\"text\/css\" data-created_by=\"avia_inline_auto\" id=\"style-css-av-9an7sk-1b45c5043bdc73c27ec982179f273245\">\n#top .av_textblock_section.av-9an7sk-1b45c5043bdc73c27ec982179f273245 .avia_textblock{\nfont-size:30px;\n}\n<\/style>\n<section  class='av_textblock_section av-9an7sk-1b45c5043bdc73c27ec982179f273245 '   itemscope=\"itemscope\" itemtype=\"https:\/\/schema.org\/CreativeWork\" ><div class='avia_textblock'  itemprop=\"text\" ><p>HDC HUTTELMAIER \u2013 RETROFITTING OF MACHINES FOR HIGH-END PRECISION<\/p>\n<\/div><\/section>\n<div  class='flex_column av-74k7t0-665564948c0b890496fac53c2825623d av_one_fourth  avia-builder-el-12  el_after_av_textblock  el_before_av_one_half  first flex_column_div  column-top-margin'     ><style type=\"text\/css\" data-created_by=\"avia_inline_auto\" id=\"style-css-av-5djhf8-5b9ff5ec28ee817fe42032031d097f20\">\n.avia-image-container.av-5djhf8-5b9ff5ec28ee817fe42032031d097f20 img.avia_image{\nbox-shadow:none;\n}\n.avia-image-container.av-5djhf8-5b9ff5ec28ee817fe42032031d097f20 .av-image-caption-overlay-center{\ncolor:#ffffff;\n}\n<\/style>\n<div  class='avia-image-container av-5djhf8-5b9ff5ec28ee817fe42032031d097f20 av-styling- avia-align-center  avia-builder-el-13  avia-builder-el-no-sibling '   itemprop=\"image\" itemscope=\"itemscope\" itemtype=\"https:\/\/schema.org\/ImageObject\" ><div class=\"avia-image-container-inner\"><div class=\"avia-image-overlay-wrap\"><img decoding=\"async\" fetchpriority=\"high\" class='wp-image-1454 avia-img-lazy-loading-not-1454 avia_image ' src=\"https:\/\/retrofit.de\/wp-content\/uploads\/2023\/05\/Joerg-Huttelmaier-_-Geschaeftsfuehrer-bei-HDC-01-1-300x300.webp\" alt='J\u00f6rg Huttelmaier-Gesch\u00e4ftsf\u00fchrer bei HDC' title='J\u00f6rg Huttelmaier-Gesch\u00e4ftsf\u00fchrer bei HDC'  height=\"300\" width=\"300\"  itemprop=\"thumbnailUrl\" srcset=\"https:\/\/retrofit.de\/wp-content\/uploads\/2023\/05\/Joerg-Huttelmaier-_-Geschaeftsfuehrer-bei-HDC-01-1-300x300.webp 300w, https:\/\/retrofit.de\/wp-content\/uploads\/2023\/05\/Joerg-Huttelmaier-_-Geschaeftsfuehrer-bei-HDC-01-1-1030x1030.webp 1030w, https:\/\/retrofit.de\/wp-content\/uploads\/2023\/05\/Joerg-Huttelmaier-_-Geschaeftsfuehrer-bei-HDC-01-1-80x80.webp 80w, https:\/\/retrofit.de\/wp-content\/uploads\/2023\/05\/Joerg-Huttelmaier-_-Geschaeftsfuehrer-bei-HDC-01-1-768x768.webp 768w, https:\/\/retrofit.de\/wp-content\/uploads\/2023\/05\/Joerg-Huttelmaier-_-Geschaeftsfuehrer-bei-HDC-01-1-1536x1536.webp 1536w, https:\/\/retrofit.de\/wp-content\/uploads\/2023\/05\/Joerg-Huttelmaier-_-Geschaeftsfuehrer-bei-HDC-01-1-36x36.webp 36w, https:\/\/retrofit.de\/wp-content\/uploads\/2023\/05\/Joerg-Huttelmaier-_-Geschaeftsfuehrer-bei-HDC-01-1-180x180.webp 180w, https:\/\/retrofit.de\/wp-content\/uploads\/2023\/05\/Joerg-Huttelmaier-_-Geschaeftsfuehrer-bei-HDC-01-1-1500x1500.webp 1500w, https:\/\/retrofit.de\/wp-content\/uploads\/2023\/05\/Joerg-Huttelmaier-_-Geschaeftsfuehrer-bei-HDC-01-1-705x705.webp 705w, https:\/\/retrofit.de\/wp-content\/uploads\/2023\/05\/Joerg-Huttelmaier-_-Geschaeftsfuehrer-bei-HDC-01-1.webp 1600w\" sizes=\"(max-width: 300px) 100vw, 300px\" \/><\/div><\/div><\/div><\/div><div  class='flex_column av-44iwdg-19bef372bcc7b8acd1cfefe96bfc3d7e av_one_half  avia-builder-el-14  el_after_av_one_fourth  avia-builder-el-last  linie-links flex_column_div  column-top-margin'     ><style type=\"text\/css\" data-created_by=\"avia_inline_auto\" id=\"style-css-av-8nbic-c6515415d59acab175e04a5677480fe9\">\n#top .av_textblock_section.av-8nbic-c6515415d59acab175e04a5677480fe9 .avia_textblock{\nfont-size:18px;\n}\n<\/style>\n<section  class='av_textblock_section av-8nbic-c6515415d59acab175e04a5677480fe9 '   itemscope=\"itemscope\" itemtype=\"https:\/\/schema.org\/CreativeWork\" ><div class='avia_textblock kontakt'  itemprop=\"text\" ><p><strong>J\u00f6rg Huttelmaier<\/strong><\/p>\n<p>Owner<br \/>\nHuttelmaier GmbH<br \/>\nWinterbacher Stra\u00dfe 66<br \/>\n73614 Schorndorf \/ Germany<\/p>\n<p><strong>Get in touch<\/strong><\/p>\n<p><img loading=\"lazy\" decoding=\"async\" style=\"margin-right: 10px;\" src=\"https:\/\/retrofit.de\/wp-content\/uploads\/2023\/04\/HDC-Website_Kontakt-Icons_Phone.svg\" width=\"32\" height=\"32\" \/><a href=\"tel:+4907181978680\">+49 (0) 7181-97868-0<\/a><br \/>\n<img loading=\"lazy\" decoding=\"async\" style=\"margin-right: 10px; margin-bottom: -10px; padding-top: 10px;\" src=\"https:\/\/retrofit.de\/wp-content\/uploads\/2023\/04\/HDC-Website_Kontakt-Icons_Mail.svg\" width=\"32\" height=\"32\" \/><a href=\"mailto:joerg@huttelmaier.de\">joerg@huttelmaier.de<\/a><\/p>\n<\/div><\/section><\/div>\n<\/p>\n","protected":false},"excerpt":{"rendered":"","protected":false},"author":5,"featured_media":0,"parent":3706,"menu_order":2,"comment_status":"closed","ping_status":"closed","template":"","meta":{"footnotes":""},"class_list":["post-4932","page","type-page","status-publish","hentry"],"yoast_head":"<!-- This site is optimized with the Yoast SEO plugin v27.3 - https:\/\/yoast.com\/product\/yoast-seo-wordpress\/ -->\n<title>Metalworking machine tool rental \u2013 leasing &amp; financing<\/title>\n<meta name=\"description\" content=\"Metalworking machine tool rental \u2713 Financing of CNC machines \u2606 Machine leasing \u2606 Practical \u2606Economical \u27a8 Using rather than owning!\" \/>\n<meta name=\"robots\" content=\"index, follow, max-snippet:-1, max-image-preview:large, max-video-preview:-1\" \/>\n<link rel=\"canonical\" href=\"https:\/\/retrofit.de\/index.php\/en\/machine-tool-manufacturer\/metalworking-machine-tool-rental\/\" \/>\n<meta property=\"og:locale\" content=\"de_DE\" \/>\n<meta property=\"og:type\" content=\"article\" \/>\n<meta property=\"og:title\" content=\"Metalworking machine tool rental \u2013 leasing &amp; financing\" \/>\n<meta property=\"og:description\" content=\"Metalworking machine tool rental \u2713 Financing of CNC machines \u2606 Machine leasing \u2606 Practical \u2606Economical \u27a8 Using rather than owning!\" \/>\n<meta property=\"og:url\" content=\"https:\/\/retrofit.de\/index.php\/en\/machine-tool-manufacturer\/metalworking-machine-tool-rental\/\" \/>\n<meta property=\"og:site_name\" content=\"HDC Huttelmaier Retrofit\" \/>\n<meta property=\"article:modified_time\" content=\"2025-11-27T14:42:57+00:00\" \/>\n<meta property=\"og:image\" content=\"https:\/\/retrofit.de\/wp-content\/uploads\/2023\/04\/HDC-Website_Kontakt-Icons_Phone.svg\" \/>\n<meta name=\"twitter:card\" content=\"summary_large_image\" \/>\n<meta name=\"twitter:label1\" content=\"Gesch\u00e4tzte Lesezeit\" \/>\n\t<meta name=\"twitter:data1\" content=\"2\u00a0Minuten\" \/>\n<script type=\"application\/ld+json\" class=\"yoast-schema-graph\">{\"@context\":\"https:\\\/\\\/schema.org\",\"@graph\":[{\"@type\":\"WebPage\",\"@id\":\"https:\\\/\\\/retrofit.de\\\/index.php\\\/en\\\/machine-tool-manufacturer\\\/metalworking-machine-tool-rental\\\/\",\"url\":\"https:\\\/\\\/retrofit.de\\\/index.php\\\/en\\\/machine-tool-manufacturer\\\/metalworking-machine-tool-rental\\\/\",\"name\":\"Metalworking machine tool rental \u2013 leasing & financing\",\"isPartOf\":{\"@id\":\"https:\\\/\\\/retrofit.de\\\/#website\"},\"primaryImageOfPage\":{\"@id\":\"https:\\\/\\\/retrofit.de\\\/index.php\\\/en\\\/machine-tool-manufacturer\\\/metalworking-machine-tool-rental\\\/#primaryimage\"},\"image\":{\"@id\":\"https:\\\/\\\/retrofit.de\\\/index.php\\\/en\\\/machine-tool-manufacturer\\\/metalworking-machine-tool-rental\\\/#primaryimage\"},\"thumbnailUrl\":\"https:\\\/\\\/retrofit.de\\\/wp-content\\\/uploads\\\/2023\\\/04\\\/HDC-Website_Kontakt-Icons_Phone.svg\",\"datePublished\":\"2025-11-25T11:06:20+00:00\",\"dateModified\":\"2025-11-27T14:42:57+00:00\",\"description\":\"Metalworking machine tool rental \u2713 Financing of CNC machines \u2606 Machine leasing \u2606 Practical \u2606Economical \u27a8 Using rather than owning!\",\"breadcrumb\":{\"@id\":\"https:\\\/\\\/retrofit.de\\\/index.php\\\/en\\\/machine-tool-manufacturer\\\/metalworking-machine-tool-rental\\\/#breadcrumb\"},\"inLanguage\":\"de\",\"potentialAction\":[{\"@type\":\"ReadAction\",\"target\":[\"https:\\\/\\\/retrofit.de\\\/index.php\\\/en\\\/machine-tool-manufacturer\\\/metalworking-machine-tool-rental\\\/\"]}]},{\"@type\":\"ImageObject\",\"inLanguage\":\"de\",\"@id\":\"https:\\\/\\\/retrofit.de\\\/index.php\\\/en\\\/machine-tool-manufacturer\\\/metalworking-machine-tool-rental\\\/#primaryimage\",\"url\":\"https:\\\/\\\/retrofit.de\\\/wp-content\\\/uploads\\\/2023\\\/04\\\/HDC-Website_Kontakt-Icons_Phone.svg\",\"contentUrl\":\"https:\\\/\\\/retrofit.de\\\/wp-content\\\/uploads\\\/2023\\\/04\\\/HDC-Website_Kontakt-Icons_Phone.svg\"},{\"@type\":\"BreadcrumbList\",\"@id\":\"https:\\\/\\\/retrofit.de\\\/index.php\\\/en\\\/machine-tool-manufacturer\\\/metalworking-machine-tool-rental\\\/#breadcrumb\",\"itemListElement\":[{\"@type\":\"ListItem\",\"position\":1,\"name\":\"Startseite\",\"item\":\"https:\\\/\\\/retrofit.de\\\/index.php\\\/de\\\/startseite\\\/\"},{\"@type\":\"ListItem\",\"position\":2,\"name\":\"Machine tool manufacturer\",\"item\":\"https:\\\/\\\/retrofit.de\\\/index.php\\\/en\\\/machine-tool-manufacturer\\\/\"},{\"@type\":\"ListItem\",\"position\":3,\"name\":\"Machine tool rental\"}]},{\"@type\":\"WebSite\",\"@id\":\"https:\\\/\\\/retrofit.de\\\/#website\",\"url\":\"https:\\\/\\\/retrofit.de\\\/\",\"name\":\"HDC Huttelmaier Retrofit\",\"description\":\"Maschinen \u00dcberholung f\u00fcr High End Pr\u00e4zision\",\"publisher\":{\"@id\":\"https:\\\/\\\/retrofit.de\\\/#organization\"},\"potentialAction\":[{\"@type\":\"SearchAction\",\"target\":{\"@type\":\"EntryPoint\",\"urlTemplate\":\"https:\\\/\\\/retrofit.de\\\/?s={search_term_string}\"},\"query-input\":{\"@type\":\"PropertyValueSpecification\",\"valueRequired\":true,\"valueName\":\"search_term_string\"}}],\"inLanguage\":\"de\"},{\"@type\":\"Organization\",\"@id\":\"https:\\\/\\\/retrofit.de\\\/#organization\",\"name\":\"HDC Huttelmaier GmbH\",\"alternateName\":\"HDC\",\"url\":\"https:\\\/\\\/retrofit.de\\\/\",\"logo\":{\"@type\":\"ImageObject\",\"inLanguage\":\"de\",\"@id\":\"https:\\\/\\\/retrofit.de\\\/#\\\/schema\\\/logo\\\/image\\\/\",\"url\":\"https:\\\/\\\/retrofit.de\\\/wp-content\\\/uploads\\\/2023\\\/04\\\/Logo.jpg\",\"contentUrl\":\"https:\\\/\\\/retrofit.de\\\/wp-content\\\/uploads\\\/2023\\\/04\\\/Logo.jpg\",\"width\":2083,\"height\":2083,\"caption\":\"HDC Huttelmaier GmbH\"},\"image\":{\"@id\":\"https:\\\/\\\/retrofit.de\\\/#\\\/schema\\\/logo\\\/image\\\/\"}}]}<\/script>\n<!-- \/ Yoast SEO plugin. -->","yoast_head_json":{"title":"Metalworking machine tool rental \u2013 leasing & financing","description":"Metalworking machine tool rental \u2713 Financing of CNC machines \u2606 Machine leasing \u2606 Practical \u2606Economical \u27a8 Using rather than owning!","robots":{"index":"index","follow":"follow","max-snippet":"max-snippet:-1","max-image-preview":"max-image-preview:large","max-video-preview":"max-video-preview:-1"},"canonical":"https:\/\/retrofit.de\/index.php\/en\/machine-tool-manufacturer\/metalworking-machine-tool-rental\/","og_locale":"de_DE","og_type":"article","og_title":"Metalworking machine tool rental \u2013 leasing & financing","og_description":"Metalworking machine tool rental \u2713 Financing of CNC machines \u2606 Machine leasing \u2606 Practical \u2606Economical \u27a8 Using rather than owning!","og_url":"https:\/\/retrofit.de\/index.php\/en\/machine-tool-manufacturer\/metalworking-machine-tool-rental\/","og_site_name":"HDC Huttelmaier Retrofit","article_modified_time":"2025-11-27T14:42:57+00:00","og_image":[{"url":"https:\/\/retrofit.de\/wp-content\/uploads\/2023\/04\/HDC-Website_Kontakt-Icons_Phone.svg","type":"","width":"","height":""}],"twitter_card":"summary_large_image","twitter_misc":{"Gesch\u00e4tzte Lesezeit":"2\u00a0Minuten"},"schema":{"@context":"https:\/\/schema.org","@graph":[{"@type":"WebPage","@id":"https:\/\/retrofit.de\/index.php\/en\/machine-tool-manufacturer\/metalworking-machine-tool-rental\/","url":"https:\/\/retrofit.de\/index.php\/en\/machine-tool-manufacturer\/metalworking-machine-tool-rental\/","name":"Metalworking machine tool rental \u2013 leasing & financing","isPartOf":{"@id":"https:\/\/retrofit.de\/#website"},"primaryImageOfPage":{"@id":"https:\/\/retrofit.de\/index.php\/en\/machine-tool-manufacturer\/metalworking-machine-tool-rental\/#primaryimage"},"image":{"@id":"https:\/\/retrofit.de\/index.php\/en\/machine-tool-manufacturer\/metalworking-machine-tool-rental\/#primaryimage"},"thumbnailUrl":"https:\/\/retrofit.de\/wp-content\/uploads\/2023\/04\/HDC-Website_Kontakt-Icons_Phone.svg","datePublished":"2025-11-25T11:06:20+00:00","dateModified":"2025-11-27T14:42:57+00:00","description":"Metalworking machine tool rental \u2713 Financing of CNC machines \u2606 Machine leasing \u2606 Practical \u2606Economical \u27a8 Using rather than owning!","breadcrumb":{"@id":"https:\/\/retrofit.de\/index.php\/en\/machine-tool-manufacturer\/metalworking-machine-tool-rental\/#breadcrumb"},"inLanguage":"de","potentialAction":[{"@type":"ReadAction","target":["https:\/\/retrofit.de\/index.php\/en\/machine-tool-manufacturer\/metalworking-machine-tool-rental\/"]}]},{"@type":"ImageObject","inLanguage":"de","@id":"https:\/\/retrofit.de\/index.php\/en\/machine-tool-manufacturer\/metalworking-machine-tool-rental\/#primaryimage","url":"https:\/\/retrofit.de\/wp-content\/uploads\/2023\/04\/HDC-Website_Kontakt-Icons_Phone.svg","contentUrl":"https:\/\/retrofit.de\/wp-content\/uploads\/2023\/04\/HDC-Website_Kontakt-Icons_Phone.svg"},{"@type":"BreadcrumbList","@id":"https:\/\/retrofit.de\/index.php\/en\/machine-tool-manufacturer\/metalworking-machine-tool-rental\/#breadcrumb","itemListElement":[{"@type":"ListItem","position":1,"name":"Startseite","item":"https:\/\/retrofit.de\/index.php\/de\/startseite\/"},{"@type":"ListItem","position":2,"name":"Machine tool manufacturer","item":"https:\/\/retrofit.de\/index.php\/en\/machine-tool-manufacturer\/"},{"@type":"ListItem","position":3,"name":"Machine tool rental"}]},{"@type":"WebSite","@id":"https:\/\/retrofit.de\/#website","url":"https:\/\/retrofit.de\/","name":"HDC Huttelmaier Retrofit","description":"Maschinen \u00dcberholung f\u00fcr High End Pr\u00e4zision","publisher":{"@id":"https:\/\/retrofit.de\/#organization"},"potentialAction":[{"@type":"SearchAction","target":{"@type":"EntryPoint","urlTemplate":"https:\/\/retrofit.de\/?s={search_term_string}"},"query-input":{"@type":"PropertyValueSpecification","valueRequired":true,"valueName":"search_term_string"}}],"inLanguage":"de"},{"@type":"Organization","@id":"https:\/\/retrofit.de\/#organization","name":"HDC Huttelmaier GmbH","alternateName":"HDC","url":"https:\/\/retrofit.de\/","logo":{"@type":"ImageObject","inLanguage":"de","@id":"https:\/\/retrofit.de\/#\/schema\/logo\/image\/","url":"https:\/\/retrofit.de\/wp-content\/uploads\/2023\/04\/Logo.jpg","contentUrl":"https:\/\/retrofit.de\/wp-content\/uploads\/2023\/04\/Logo.jpg","width":2083,"height":2083,"caption":"HDC Huttelmaier GmbH"},"image":{"@id":"https:\/\/retrofit.de\/#\/schema\/logo\/image\/"}}]}},"_links":{"self":[{"href":"https:\/\/retrofit.de\/index.php\/wp-json\/wp\/v2\/pages\/4932","targetHints":{"allow":["GET"]}}],"collection":[{"href":"https:\/\/retrofit.de\/index.php\/wp-json\/wp\/v2\/pages"}],"about":[{"href":"https:\/\/retrofit.de\/index.php\/wp-json\/wp\/v2\/types\/page"}],"author":[{"embeddable":true,"href":"https:\/\/retrofit.de\/index.php\/wp-json\/wp\/v2\/users\/5"}],"replies":[{"embeddable":true,"href":"https:\/\/retrofit.de\/index.php\/wp-json\/wp\/v2\/comments?post=4932"}],"version-history":[{"count":3,"href":"https:\/\/retrofit.de\/index.php\/wp-json\/wp\/v2\/pages\/4932\/revisions"}],"predecessor-version":[{"id":5057,"href":"https:\/\/retrofit.de\/index.php\/wp-json\/wp\/v2\/pages\/4932\/revisions\/5057"}],"up":[{"embeddable":true,"href":"https:\/\/retrofit.de\/index.php\/wp-json\/wp\/v2\/pages\/3706"}],"wp:attachment":[{"href":"https:\/\/retrofit.de\/index.php\/wp-json\/wp\/v2\/media?parent=4932"}],"curies":[{"name":"wp","href":"https:\/\/api.w.org\/{rel}","templated":true}]}}