{"id":4928,"date":"2025-11-25T12:06:31","date_gmt":"2025-11-25T11:06:31","guid":{"rendered":"https:\/\/retrofit.de\/?page_id=4928"},"modified":"2025-11-27T15:43:06","modified_gmt":"2025-11-27T14:43:06","slug":"metalworking-machinery-for-sale","status":"publish","type":"page","link":"https:\/\/retrofit.de\/index.php\/en\/machine-tool-manufacturer\/metalworking-machinery-for-sale\/","title":{"rendered":"Machine tools for sale"},"content":{"rendered":"<div id='av_section_1'  class='avia-section av-niji00-8b1dd2a47b5d5d6679c9f3497d326322 main_color avia-section-default avia-no-border-styling  avia-builder-el-0  el_before_av_section  avia-builder-el-first  avia-bg-style-scroll container_wrap fullsize'  ><div class='container av-section-cont-open' ><main  role=\"main\" itemprop=\"mainContentOfPage\"  class='template-page content  av-content-full alpha units'><div class='post-entry post-entry-type-page post-entry-4928'><div class='entry-content-wrapper clearfix'>\n<div  class='flex_column av-n1bfgw-d302cd19564ee332fbe7132fc7df5bab av_one_full  avia-builder-el-1  el_before_av_image  avia-builder-el-first  first flex_column_div  '     ><p>\n<style type=\"text\/css\" data-created_by=\"avia_inline_auto\" id=\"style-css-av-l2vf68-a0d853ffaa6a2c7f022effbea47d223f\">\n#top .hr.hr-invisible.av-l2vf68-a0d853ffaa6a2c7f022effbea47d223f{\nheight:15px;\n}\n<\/style>\n<div  class='hr av-l2vf68-a0d853ffaa6a2c7f022effbea47d223f hr-invisible  avia-builder-el-2  el_before_av_heading  avia-builder-el-first '><span class='hr-inner '><span class=\"hr-inner-style\"><\/span><\/span><\/div><br \/>\n\n<style type=\"text\/css\" data-created_by=\"avia_inline_auto\" id=\"style-css-av-miea4uay-edc78dfa4faa61edd299c37b0f6433e0\">\n#top .av-special-heading.av-miea4uay-edc78dfa4faa61edd299c37b0f6433e0{\npadding-bottom:10px;\n}\nbody .av-special-heading.av-miea4uay-edc78dfa4faa61edd299c37b0f6433e0 .av-special-heading-tag .heading-char{\nfont-size:25px;\n}\n.av-special-heading.av-miea4uay-edc78dfa4faa61edd299c37b0f6433e0 .av-subheading{\nfont-size:15px;\n}\n<\/style>\n<div  class='av-special-heading av-miea4uay-edc78dfa4faa61edd299c37b0f6433e0 av-special-heading-h1 blockquote modern-quote  avia-builder-el-3  el_after_av_hr  el_before_av_hr '><h1 class='av-special-heading-tag '  itemprop=\"headline\"  >Metalworking machine tools for sale<\/h1><div class=\"special-heading-border\"><div class=\"special-heading-inner-border\"><\/div><\/div><\/div><br \/>\n\n<style type=\"text\/css\" data-created_by=\"avia_inline_auto\" id=\"style-css-av-jkvels-709d1c40f0b81435ba7ffd732edea397\">\n#top .hr.hr-invisible.av-jkvels-709d1c40f0b81435ba7ffd732edea397{\nheight:55px;\n}\n<\/style>\n<div  class='hr av-jkvels-709d1c40f0b81435ba7ffd732edea397 hr-invisible  avia-builder-el-4  el_after_av_heading  avia-builder-el-last '><span class='hr-inner '><span class=\"hr-inner-style\"><\/span><\/span><\/div><\/p><\/div>\n<style type=\"text\/css\" data-created_by=\"avia_inline_auto\" id=\"style-css-av-hg3cfk-37e640e06f369cdc8593a5c8aa599d12\">\n.avia-image-container.av-hg3cfk-37e640e06f369cdc8593a5c8aa599d12 img.avia_image{\nbox-shadow:none;\n}\n.avia-image-container.av-hg3cfk-37e640e06f369cdc8593a5c8aa599d12 .av-image-caption-overlay-center{\ncolor:#ffffff;\n}\n.avia-image-container.av-hg3cfk-37e640e06f369cdc8593a5c8aa599d12 .avia-curtain-reveal-overlay{\nanimation-duration:1.5s;\nbackground:#d9000e;\nz-index:100;\n}\n<\/style>\n<div  class='avia-image-container av-hg3cfk-37e640e06f369cdc8593a5c8aa599d12 av-styling- avia-align-left  avia-builder-el-5  el_after_av_one_full  el_before_av_one_full '   itemprop=\"image\" itemscope=\"itemscope\" itemtype=\"https:\/\/schema.org\/ImageObject\" ><div class=\"avia-image-container-inner\"><div class=\"avia-image-overlay-wrap\"><div class='avia-curtain-reveal-overlay av-animated-when-visible-95 animate-all-devices curtain-reveal-btt'><\/div><img decoding=\"async\" fetchpriority=\"high\" class='wp-image-5011 avia-img-lazy-loading-not-5011 avia_image ' src=\"https:\/\/retrofit.de\/wp-content\/uploads\/werkzeugmaschinen-kaufen-1.jpg\" alt='Werkzeugmaschinen f\u00fcr Metall kaufen' title='Werkzeugmaschinen f\u00fcr Metall kaufen'  height=\"1081\" width=\"1920\"  itemprop=\"thumbnailUrl\" srcset=\"https:\/\/retrofit.de\/wp-content\/uploads\/werkzeugmaschinen-kaufen-1.jpg 1920w, https:\/\/retrofit.de\/wp-content\/uploads\/werkzeugmaschinen-kaufen-1-300x169.jpg 300w, https:\/\/retrofit.de\/wp-content\/uploads\/werkzeugmaschinen-kaufen-1-1030x580.jpg 1030w, https:\/\/retrofit.de\/wp-content\/uploads\/werkzeugmaschinen-kaufen-1-768x432.jpg 768w, https:\/\/retrofit.de\/wp-content\/uploads\/werkzeugmaschinen-kaufen-1-1536x865.jpg 1536w, https:\/\/retrofit.de\/wp-content\/uploads\/werkzeugmaschinen-kaufen-1-1500x845.jpg 1500w, https:\/\/retrofit.de\/wp-content\/uploads\/werkzeugmaschinen-kaufen-1-705x397.jpg 705w\" sizes=\"(max-width: 1920px) 100vw, 1920px\" \/><\/div><\/div><\/div>\n<div  class='flex_column av-g0m7gw-ec5ca3dcc813a99ac0420967c1e036b7 av_one_full  avia-builder-el-6  el_after_av_image  avia-builder-el-last  first flex_column_div  '     ><p>\n<style type=\"text\/css\" data-created_by=\"avia_inline_auto\" id=\"style-css-av-eeasrk-cdd42442e90452db88ede15465736386\">\n#top .hr.hr-invisible.av-eeasrk-cdd42442e90452db88ede15465736386{\nheight:55px;\n}\n<\/style>\n<div  class='hr av-eeasrk-cdd42442e90452db88ede15465736386 hr-invisible  avia-builder-el-7  el_before_av_textblock  avia-builder-el-first '><span class='hr-inner '><span class=\"hr-inner-style\"><\/span><\/span><\/div><br \/>\n<section  class='av_textblock_section av-miea52m6-e5d0f5414c251efe3b8da960f17c0fe4 '   itemscope=\"itemscope\" itemtype=\"https:\/\/schema.org\/CreativeWork\" ><div class='avia_textblock av_inherit_color'  itemprop=\"text\" ><p>Since 1947, HDC Huttelmaier has been working with machine tools for metalworking in industrial settings with the highest standards.<\/p>\n<p>We advise you on whether a professional machine overhaul or the purchase of a new machine makes more sense for you. HDC offers both options, both as a retrofit specialist and as a machine tool dealer.<\/p>\n<p>We now have retrofit experience with 145 machine tool manufacturers. We offer both classic machine overhauls and modern upgrades, from CNC controls to safety enclosures.<\/p>\n<p>In addition, we also sell CNC industrial machines for metal and develop high-end special-purpose machines in our in-house machine shop.<\/p>\n<p>Our expert sales team offers in-depth advice and will work with you to find a cost-effective solution for high-end precision. Get in touch with us.<\/p>\n<\/div><\/section><\/p><\/div><\/div><\/div><\/main><!-- close content main element --><\/div><\/div><div id='av_section_2'  class='avia-section av-c3btwg-93f21d6572a7b7b15a5689a70760d71c main_color avia-section-default avia-no-border-styling  avia-builder-el-9  el_after_av_section  avia-builder-el-last  avia-bg-style-scroll container_wrap fullsize'  ><div class='container av-section-cont-open' ><div class='template-page content  av-content-full alpha units'><div class='post-entry post-entry-type-page post-entry-4928'><div class='entry-content-wrapper clearfix'>\n\n<style type=\"text\/css\" data-created_by=\"avia_inline_auto\" id=\"style-css-av-abldlc-fd5f9c238ba5f15241d635fa4b43bab3\">\n#top .av-special-heading.av-abldlc-fd5f9c238ba5f15241d635fa4b43bab3{\npadding-bottom:10px;\n}\nbody .av-special-heading.av-abldlc-fd5f9c238ba5f15241d635fa4b43bab3 .av-special-heading-tag .heading-char{\nfont-size:25px;\n}\n.av-special-heading.av-abldlc-fd5f9c238ba5f15241d635fa4b43bab3 .av-subheading{\nfont-size:15px;\n}\n<\/style>\n<div  class='av-special-heading av-abldlc-fd5f9c238ba5f15241d635fa4b43bab3 av-special-heading-h2 blockquote modern-quote  avia-builder-el-10  el_before_av_textblock  avia-builder-el-first '><h2 class='av-special-heading-tag '  itemprop=\"headline\"  >HOW CAN WE HELP YOU?<\/h2><div class=\"special-heading-border\"><div class=\"special-heading-inner-border\"><\/div><\/div><\/div>\n\n<style type=\"text\/css\" data-created_by=\"avia_inline_auto\" id=\"style-css-av-9mhqq8-cd4fbcc1fe5a735814e8c4296fef1360\">\n#top .av_textblock_section.av-9mhqq8-cd4fbcc1fe5a735814e8c4296fef1360 .avia_textblock{\nfont-size:30px;\n}\n<\/style>\n<section  class='av_textblock_section av-9mhqq8-cd4fbcc1fe5a735814e8c4296fef1360 '   itemscope=\"itemscope\" itemtype=\"https:\/\/schema.org\/CreativeWork\" ><div class='avia_textblock'  itemprop=\"text\" ><p>HDC HUTTELMAIER \u2013 RETROFITTING OF MACHINES FOR HIGH-END PRECISION<\/p>\n<\/div><\/section>\n<div  class='flex_column av-7fsvpc-ba2525e6d3ba0082478d251983575899 av_one_fourth  avia-builder-el-12  el_after_av_textblock  el_before_av_one_half  first flex_column_div  column-top-margin'     ><style type=\"text\/css\" data-created_by=\"avia_inline_auto\" id=\"style-css-av-65550w-cb13387037549212f58bf33046b2e093\">\n.avia-image-container.av-65550w-cb13387037549212f58bf33046b2e093 img.avia_image{\nbox-shadow:none;\n}\n.avia-image-container.av-65550w-cb13387037549212f58bf33046b2e093 .av-image-caption-overlay-center{\ncolor:#ffffff;\n}\n<\/style>\n<div  class='avia-image-container av-65550w-cb13387037549212f58bf33046b2e093 av-styling- avia-align-center  avia-builder-el-13  avia-builder-el-no-sibling '   itemprop=\"image\" itemscope=\"itemscope\" itemtype=\"https:\/\/schema.org\/ImageObject\" ><div class=\"avia-image-container-inner\"><div class=\"avia-image-overlay-wrap\"><img decoding=\"async\" fetchpriority=\"high\" class='wp-image-1454 avia-img-lazy-loading-not-1454 avia_image ' src=\"https:\/\/retrofit.de\/wp-content\/uploads\/2023\/05\/Joerg-Huttelmaier-_-Geschaeftsfuehrer-bei-HDC-01-1-300x300.webp\" alt='J\u00f6rg Huttelmaier-Gesch\u00e4ftsf\u00fchrer bei HDC' title='J\u00f6rg Huttelmaier-Gesch\u00e4ftsf\u00fchrer bei HDC'  height=\"300\" width=\"300\"  itemprop=\"thumbnailUrl\" srcset=\"https:\/\/retrofit.de\/wp-content\/uploads\/2023\/05\/Joerg-Huttelmaier-_-Geschaeftsfuehrer-bei-HDC-01-1-300x300.webp 300w, https:\/\/retrofit.de\/wp-content\/uploads\/2023\/05\/Joerg-Huttelmaier-_-Geschaeftsfuehrer-bei-HDC-01-1-1030x1030.webp 1030w, https:\/\/retrofit.de\/wp-content\/uploads\/2023\/05\/Joerg-Huttelmaier-_-Geschaeftsfuehrer-bei-HDC-01-1-80x80.webp 80w, https:\/\/retrofit.de\/wp-content\/uploads\/2023\/05\/Joerg-Huttelmaier-_-Geschaeftsfuehrer-bei-HDC-01-1-768x768.webp 768w, https:\/\/retrofit.de\/wp-content\/uploads\/2023\/05\/Joerg-Huttelmaier-_-Geschaeftsfuehrer-bei-HDC-01-1-1536x1536.webp 1536w, https:\/\/retrofit.de\/wp-content\/uploads\/2023\/05\/Joerg-Huttelmaier-_-Geschaeftsfuehrer-bei-HDC-01-1-36x36.webp 36w, https:\/\/retrofit.de\/wp-content\/uploads\/2023\/05\/Joerg-Huttelmaier-_-Geschaeftsfuehrer-bei-HDC-01-1-180x180.webp 180w, https:\/\/retrofit.de\/wp-content\/uploads\/2023\/05\/Joerg-Huttelmaier-_-Geschaeftsfuehrer-bei-HDC-01-1-1500x1500.webp 1500w, https:\/\/retrofit.de\/wp-content\/uploads\/2023\/05\/Joerg-Huttelmaier-_-Geschaeftsfuehrer-bei-HDC-01-1-705x705.webp 705w, https:\/\/retrofit.de\/wp-content\/uploads\/2023\/05\/Joerg-Huttelmaier-_-Geschaeftsfuehrer-bei-HDC-01-1.webp 1600w\" sizes=\"(max-width: 300px) 100vw, 300px\" \/><\/div><\/div><\/div><\/div><div  class='flex_column av-3qj7nk-1b503864ff7b77755de87a6f48da6f63 av_one_half  avia-builder-el-14  el_after_av_one_fourth  avia-builder-el-last  linie-links flex_column_div  column-top-margin'     ><style type=\"text\/css\" data-created_by=\"avia_inline_auto\" id=\"style-css-av-31m7zk-86212bcc2cee62c80ec669fb19590e32\">\n#top .av_textblock_section.av-31m7zk-86212bcc2cee62c80ec669fb19590e32 .avia_textblock{\nfont-size:18px;\n}\n<\/style>\n<section  class='av_textblock_section av-31m7zk-86212bcc2cee62c80ec669fb19590e32 '   itemscope=\"itemscope\" itemtype=\"https:\/\/schema.org\/CreativeWork\" ><div class='avia_textblock kontakt'  itemprop=\"text\" ><p><strong>J\u00f6rg Huttelmaier<\/strong><\/p>\n<p>Owner<br \/>\nHuttelmaier GmbH<br \/>\nWinterbacher Stra\u00dfe 66<br \/>\n73614 Schorndorf \/ Germany<\/p>\n<p><strong>Get in touch<\/strong><\/p>\n<p><img loading=\"lazy\" decoding=\"async\" style=\"margin-right: 10px;\" src=\"https:\/\/retrofit.de\/wp-content\/uploads\/2023\/04\/HDC-Website_Kontakt-Icons_Phone.svg\" width=\"32\" height=\"32\" \/><a href=\"tel:+4907181978680\">+49 (0) 7181-97868-0<\/a><br \/>\n<img loading=\"lazy\" decoding=\"async\" style=\"margin-right: 10px; margin-bottom: -10px; padding-top: 10px;\" src=\"https:\/\/retrofit.de\/wp-content\/uploads\/2023\/04\/HDC-Website_Kontakt-Icons_Mail.svg\" width=\"32\" height=\"32\" \/><a href=\"mailto:joerg@huttelmaier.de\">joerg@huttelmaier.de<\/a><\/p>\n<\/div><\/section><\/div>\n<\/p>\n","protected":false},"excerpt":{"rendered":"","protected":false},"author":5,"featured_media":0,"parent":3706,"menu_order":2,"comment_status":"closed","ping_status":"closed","template":"","meta":{"footnotes":""},"class_list":["post-4928","page","type-page","status-publish","hentry"],"yoast_head":"<!-- This site is optimized with the Yoast SEO plugin v27.3 - https:\/\/yoast.com\/product\/yoast-seo-wordpress\/ -->\n<title>Metalworking machine tools for sale \u2013 Industrial machinery<\/title>\n<meta name=\"description\" content=\"Buy metalworking machine tools \u2713 Industrial machines \u2606 High-end special-purpose machines \u2606 CNC control \u27a8 Sales and in-depth advice!\" \/>\n<meta name=\"robots\" content=\"index, follow, max-snippet:-1, max-image-preview:large, max-video-preview:-1\" \/>\n<link rel=\"canonical\" href=\"https:\/\/retrofit.de\/index.php\/en\/machine-tool-manufacturer\/metalworking-machinery-for-sale\/\" \/>\n<meta property=\"og:locale\" content=\"de_DE\" \/>\n<meta property=\"og:type\" content=\"article\" \/>\n<meta property=\"og:title\" content=\"Metalworking machine tools for sale \u2013 Industrial machinery\" \/>\n<meta property=\"og:description\" content=\"Buy metalworking machine tools \u2713 Industrial machines \u2606 High-end special-purpose machines \u2606 CNC control \u27a8 Sales and in-depth advice!\" \/>\n<meta property=\"og:url\" content=\"https:\/\/retrofit.de\/index.php\/en\/machine-tool-manufacturer\/metalworking-machinery-for-sale\/\" \/>\n<meta property=\"og:site_name\" content=\"HDC Huttelmaier Retrofit\" \/>\n<meta property=\"article:modified_time\" content=\"2025-11-27T14:43:06+00:00\" \/>\n<meta property=\"og:image\" content=\"https:\/\/retrofit.de\/wp-content\/uploads\/2023\/04\/HDC-Website_Kontakt-Icons_Phone.svg\" \/>\n<meta name=\"twitter:card\" content=\"summary_large_image\" \/>\n<meta name=\"twitter:label1\" content=\"Gesch\u00e4tzte Lesezeit\" \/>\n\t<meta name=\"twitter:data1\" content=\"2\u00a0Minuten\" \/>\n<script type=\"application\/ld+json\" class=\"yoast-schema-graph\">{\"@context\":\"https:\\\/\\\/schema.org\",\"@graph\":[{\"@type\":\"WebPage\",\"@id\":\"https:\\\/\\\/retrofit.de\\\/index.php\\\/en\\\/machine-tool-manufacturer\\\/metalworking-machinery-for-sale\\\/\",\"url\":\"https:\\\/\\\/retrofit.de\\\/index.php\\\/en\\\/machine-tool-manufacturer\\\/metalworking-machinery-for-sale\\\/\",\"name\":\"Metalworking machine tools for sale \u2013 Industrial machinery\",\"isPartOf\":{\"@id\":\"https:\\\/\\\/retrofit.de\\\/#website\"},\"primaryImageOfPage\":{\"@id\":\"https:\\\/\\\/retrofit.de\\\/index.php\\\/en\\\/machine-tool-manufacturer\\\/metalworking-machinery-for-sale\\\/#primaryimage\"},\"image\":{\"@id\":\"https:\\\/\\\/retrofit.de\\\/index.php\\\/en\\\/machine-tool-manufacturer\\\/metalworking-machinery-for-sale\\\/#primaryimage\"},\"thumbnailUrl\":\"https:\\\/\\\/retrofit.de\\\/wp-content\\\/uploads\\\/2023\\\/04\\\/HDC-Website_Kontakt-Icons_Phone.svg\",\"datePublished\":\"2025-11-25T11:06:31+00:00\",\"dateModified\":\"2025-11-27T14:43:06+00:00\",\"description\":\"Buy metalworking machine tools \u2713 Industrial machines \u2606 High-end special-purpose machines \u2606 CNC control \u27a8 Sales and in-depth advice!\",\"breadcrumb\":{\"@id\":\"https:\\\/\\\/retrofit.de\\\/index.php\\\/en\\\/machine-tool-manufacturer\\\/metalworking-machinery-for-sale\\\/#breadcrumb\"},\"inLanguage\":\"de\",\"potentialAction\":[{\"@type\":\"ReadAction\",\"target\":[\"https:\\\/\\\/retrofit.de\\\/index.php\\\/en\\\/machine-tool-manufacturer\\\/metalworking-machinery-for-sale\\\/\"]}]},{\"@type\":\"ImageObject\",\"inLanguage\":\"de\",\"@id\":\"https:\\\/\\\/retrofit.de\\\/index.php\\\/en\\\/machine-tool-manufacturer\\\/metalworking-machinery-for-sale\\\/#primaryimage\",\"url\":\"https:\\\/\\\/retrofit.de\\\/wp-content\\\/uploads\\\/2023\\\/04\\\/HDC-Website_Kontakt-Icons_Phone.svg\",\"contentUrl\":\"https:\\\/\\\/retrofit.de\\\/wp-content\\\/uploads\\\/2023\\\/04\\\/HDC-Website_Kontakt-Icons_Phone.svg\"},{\"@type\":\"BreadcrumbList\",\"@id\":\"https:\\\/\\\/retrofit.de\\\/index.php\\\/en\\\/machine-tool-manufacturer\\\/metalworking-machinery-for-sale\\\/#breadcrumb\",\"itemListElement\":[{\"@type\":\"ListItem\",\"position\":1,\"name\":\"Startseite\",\"item\":\"https:\\\/\\\/retrofit.de\\\/index.php\\\/de\\\/startseite\\\/\"},{\"@type\":\"ListItem\",\"position\":2,\"name\":\"Machine tool manufacturer\",\"item\":\"https:\\\/\\\/retrofit.de\\\/index.php\\\/en\\\/machine-tool-manufacturer\\\/\"},{\"@type\":\"ListItem\",\"position\":3,\"name\":\"Machine tools for sale\"}]},{\"@type\":\"WebSite\",\"@id\":\"https:\\\/\\\/retrofit.de\\\/#website\",\"url\":\"https:\\\/\\\/retrofit.de\\\/\",\"name\":\"HDC Huttelmaier Retrofit\",\"description\":\"Maschinen \u00dcberholung f\u00fcr High End Pr\u00e4zision\",\"publisher\":{\"@id\":\"https:\\\/\\\/retrofit.de\\\/#organization\"},\"potentialAction\":[{\"@type\":\"SearchAction\",\"target\":{\"@type\":\"EntryPoint\",\"urlTemplate\":\"https:\\\/\\\/retrofit.de\\\/?s={search_term_string}\"},\"query-input\":{\"@type\":\"PropertyValueSpecification\",\"valueRequired\":true,\"valueName\":\"search_term_string\"}}],\"inLanguage\":\"de\"},{\"@type\":\"Organization\",\"@id\":\"https:\\\/\\\/retrofit.de\\\/#organization\",\"name\":\"HDC Huttelmaier GmbH\",\"alternateName\":\"HDC\",\"url\":\"https:\\\/\\\/retrofit.de\\\/\",\"logo\":{\"@type\":\"ImageObject\",\"inLanguage\":\"de\",\"@id\":\"https:\\\/\\\/retrofit.de\\\/#\\\/schema\\\/logo\\\/image\\\/\",\"url\":\"https:\\\/\\\/retrofit.de\\\/wp-content\\\/uploads\\\/2023\\\/04\\\/Logo.jpg\",\"contentUrl\":\"https:\\\/\\\/retrofit.de\\\/wp-content\\\/uploads\\\/2023\\\/04\\\/Logo.jpg\",\"width\":2083,\"height\":2083,\"caption\":\"HDC Huttelmaier GmbH\"},\"image\":{\"@id\":\"https:\\\/\\\/retrofit.de\\\/#\\\/schema\\\/logo\\\/image\\\/\"}}]}<\/script>\n<!-- \/ Yoast SEO plugin. -->","yoast_head_json":{"title":"Metalworking machine tools for sale \u2013 Industrial machinery","description":"Buy metalworking machine tools \u2713 Industrial machines \u2606 High-end special-purpose machines \u2606 CNC control \u27a8 Sales and in-depth advice!","robots":{"index":"index","follow":"follow","max-snippet":"max-snippet:-1","max-image-preview":"max-image-preview:large","max-video-preview":"max-video-preview:-1"},"canonical":"https:\/\/retrofit.de\/index.php\/en\/machine-tool-manufacturer\/metalworking-machinery-for-sale\/","og_locale":"de_DE","og_type":"article","og_title":"Metalworking machine tools for sale \u2013 Industrial machinery","og_description":"Buy metalworking machine tools \u2713 Industrial machines \u2606 High-end special-purpose machines \u2606 CNC control \u27a8 Sales and in-depth advice!","og_url":"https:\/\/retrofit.de\/index.php\/en\/machine-tool-manufacturer\/metalworking-machinery-for-sale\/","og_site_name":"HDC Huttelmaier Retrofit","article_modified_time":"2025-11-27T14:43:06+00:00","og_image":[{"url":"https:\/\/retrofit.de\/wp-content\/uploads\/2023\/04\/HDC-Website_Kontakt-Icons_Phone.svg","type":"","width":"","height":""}],"twitter_card":"summary_large_image","twitter_misc":{"Gesch\u00e4tzte Lesezeit":"2\u00a0Minuten"},"schema":{"@context":"https:\/\/schema.org","@graph":[{"@type":"WebPage","@id":"https:\/\/retrofit.de\/index.php\/en\/machine-tool-manufacturer\/metalworking-machinery-for-sale\/","url":"https:\/\/retrofit.de\/index.php\/en\/machine-tool-manufacturer\/metalworking-machinery-for-sale\/","name":"Metalworking machine tools for sale \u2013 Industrial machinery","isPartOf":{"@id":"https:\/\/retrofit.de\/#website"},"primaryImageOfPage":{"@id":"https:\/\/retrofit.de\/index.php\/en\/machine-tool-manufacturer\/metalworking-machinery-for-sale\/#primaryimage"},"image":{"@id":"https:\/\/retrofit.de\/index.php\/en\/machine-tool-manufacturer\/metalworking-machinery-for-sale\/#primaryimage"},"thumbnailUrl":"https:\/\/retrofit.de\/wp-content\/uploads\/2023\/04\/HDC-Website_Kontakt-Icons_Phone.svg","datePublished":"2025-11-25T11:06:31+00:00","dateModified":"2025-11-27T14:43:06+00:00","description":"Buy metalworking machine tools \u2713 Industrial machines \u2606 High-end special-purpose machines \u2606 CNC control \u27a8 Sales and in-depth advice!","breadcrumb":{"@id":"https:\/\/retrofit.de\/index.php\/en\/machine-tool-manufacturer\/metalworking-machinery-for-sale\/#breadcrumb"},"inLanguage":"de","potentialAction":[{"@type":"ReadAction","target":["https:\/\/retrofit.de\/index.php\/en\/machine-tool-manufacturer\/metalworking-machinery-for-sale\/"]}]},{"@type":"ImageObject","inLanguage":"de","@id":"https:\/\/retrofit.de\/index.php\/en\/machine-tool-manufacturer\/metalworking-machinery-for-sale\/#primaryimage","url":"https:\/\/retrofit.de\/wp-content\/uploads\/2023\/04\/HDC-Website_Kontakt-Icons_Phone.svg","contentUrl":"https:\/\/retrofit.de\/wp-content\/uploads\/2023\/04\/HDC-Website_Kontakt-Icons_Phone.svg"},{"@type":"BreadcrumbList","@id":"https:\/\/retrofit.de\/index.php\/en\/machine-tool-manufacturer\/metalworking-machinery-for-sale\/#breadcrumb","itemListElement":[{"@type":"ListItem","position":1,"name":"Startseite","item":"https:\/\/retrofit.de\/index.php\/de\/startseite\/"},{"@type":"ListItem","position":2,"name":"Machine tool manufacturer","item":"https:\/\/retrofit.de\/index.php\/en\/machine-tool-manufacturer\/"},{"@type":"ListItem","position":3,"name":"Machine tools for sale"}]},{"@type":"WebSite","@id":"https:\/\/retrofit.de\/#website","url":"https:\/\/retrofit.de\/","name":"HDC Huttelmaier Retrofit","description":"Maschinen \u00dcberholung f\u00fcr High End Pr\u00e4zision","publisher":{"@id":"https:\/\/retrofit.de\/#organization"},"potentialAction":[{"@type":"SearchAction","target":{"@type":"EntryPoint","urlTemplate":"https:\/\/retrofit.de\/?s={search_term_string}"},"query-input":{"@type":"PropertyValueSpecification","valueRequired":true,"valueName":"search_term_string"}}],"inLanguage":"de"},{"@type":"Organization","@id":"https:\/\/retrofit.de\/#organization","name":"HDC Huttelmaier GmbH","alternateName":"HDC","url":"https:\/\/retrofit.de\/","logo":{"@type":"ImageObject","inLanguage":"de","@id":"https:\/\/retrofit.de\/#\/schema\/logo\/image\/","url":"https:\/\/retrofit.de\/wp-content\/uploads\/2023\/04\/Logo.jpg","contentUrl":"https:\/\/retrofit.de\/wp-content\/uploads\/2023\/04\/Logo.jpg","width":2083,"height":2083,"caption":"HDC Huttelmaier GmbH"},"image":{"@id":"https:\/\/retrofit.de\/#\/schema\/logo\/image\/"}}]}},"_links":{"self":[{"href":"https:\/\/retrofit.de\/index.php\/wp-json\/wp\/v2\/pages\/4928","targetHints":{"allow":["GET"]}}],"collection":[{"href":"https:\/\/retrofit.de\/index.php\/wp-json\/wp\/v2\/pages"}],"about":[{"href":"https:\/\/retrofit.de\/index.php\/wp-json\/wp\/v2\/types\/page"}],"author":[{"embeddable":true,"href":"https:\/\/retrofit.de\/index.php\/wp-json\/wp\/v2\/users\/5"}],"replies":[{"embeddable":true,"href":"https:\/\/retrofit.de\/index.php\/wp-json\/wp\/v2\/comments?post=4928"}],"version-history":[{"count":4,"href":"https:\/\/retrofit.de\/index.php\/wp-json\/wp\/v2\/pages\/4928\/revisions"}],"predecessor-version":[{"id":5058,"href":"https:\/\/retrofit.de\/index.php\/wp-json\/wp\/v2\/pages\/4928\/revisions\/5058"}],"up":[{"embeddable":true,"href":"https:\/\/retrofit.de\/index.php\/wp-json\/wp\/v2\/pages\/3706"}],"wp:attachment":[{"href":"https:\/\/retrofit.de\/index.php\/wp-json\/wp\/v2\/media?parent=4928"}],"curies":[{"name":"wp","href":"https:\/\/api.w.org\/{rel}","templated":true}]}}