{"id":4909,"date":"2025-11-25T12:03:03","date_gmt":"2025-11-25T11:03:03","guid":{"rendered":"https:\/\/retrofit.de\/?page_id=4909"},"modified":"2025-11-27T15:41:36","modified_gmt":"2025-11-27T14:41:36","slug":"werkzeugmaschinen-kaufen","status":"publish","type":"page","link":"https:\/\/retrofit.de\/index.php\/de\/werkzeugmaschinenbau\/werkzeugmaschinen-kaufen\/","title":{"rendered":"Werkzeugmaschinen kaufen"},"content":{"rendered":"<div id='av_section_1'  class='avia-section av-1jlel-1bc90ba3e1ffa55f8d3a7be395c03e85 main_color avia-section-default avia-no-border-styling  avia-builder-el-0  el_before_av_section  avia-builder-el-first  avia-bg-style-scroll container_wrap fullsize'  ><div class='container av-section-cont-open' ><main  role=\"main\" itemprop=\"mainContentOfPage\"  class='template-page content  av-content-full alpha units'><div class='post-entry post-entry-type-page post-entry-4909'><div class='entry-content-wrapper clearfix'>\n<div  class='flex_column av-ok4d-ec5e928a20181e29bd166158ddb8e152 av_one_full  avia-builder-el-1  el_before_av_image  avia-builder-el-first  first flex_column_div  '     ><p>\n<style type=\"text\/css\" data-created_by=\"avia_inline_auto\" id=\"style-css-av-li2vnq8d-44904df20fbf0b97c4a62be99b5cbdf9\">\n#top .hr.hr-invisible.av-li2vnq8d-44904df20fbf0b97c4a62be99b5cbdf9{\nheight:15px;\n}\n<\/style>\n<div  class='hr av-li2vnq8d-44904df20fbf0b97c4a62be99b5cbdf9 hr-invisible  avia-builder-el-2  el_before_av_heading  avia-builder-el-first '><span class='hr-inner '><span class=\"hr-inner-style\"><\/span><\/span><\/div><br \/>\n\n<style type=\"text\/css\" data-created_by=\"avia_inline_auto\" id=\"style-css-av-ecyit-62a9fad2ccb808cb68f88b26dc07d2d0\">\n#top .av-special-heading.av-ecyit-62a9fad2ccb808cb68f88b26dc07d2d0{\npadding-bottom:10px;\n}\nbody .av-special-heading.av-ecyit-62a9fad2ccb808cb68f88b26dc07d2d0 .av-special-heading-tag .heading-char{\nfont-size:25px;\n}\n.av-special-heading.av-ecyit-62a9fad2ccb808cb68f88b26dc07d2d0 .av-subheading{\nfont-size:15px;\n}\n<\/style>\n<div  class='av-special-heading av-ecyit-62a9fad2ccb808cb68f88b26dc07d2d0 av-special-heading-h1 blockquote modern-quote  avia-builder-el-3  el_after_av_hr  el_before_av_hr '><h1 class='av-special-heading-tag '  itemprop=\"headline\"  >Werkzeugmaschinen f\u00fcr Metall kaufen<\/h1><div class=\"special-heading-border\"><div class=\"special-heading-inner-border\"><\/div><\/div><\/div><br \/>\n\n<style type=\"text\/css\" data-created_by=\"avia_inline_auto\" id=\"style-css-av-li2voewt-bd95101cb9d97f521c2dd8bc022b1e7e\">\n#top .hr.hr-invisible.av-li2voewt-bd95101cb9d97f521c2dd8bc022b1e7e{\nheight:55px;\n}\n<\/style>\n<div  class='hr av-li2voewt-bd95101cb9d97f521c2dd8bc022b1e7e hr-invisible  avia-builder-el-4  el_after_av_heading  avia-builder-el-last '><span class='hr-inner '><span class=\"hr-inner-style\"><\/span><\/span><\/div><\/p><\/div>\n<style type=\"text\/css\" data-created_by=\"avia_inline_auto\" id=\"style-css-av-li2vme5s-507850c8e34697593cb1707fd869712b\">\n.avia-image-container.av-li2vme5s-507850c8e34697593cb1707fd869712b img.avia_image{\nbox-shadow:none;\n}\n.avia-image-container.av-li2vme5s-507850c8e34697593cb1707fd869712b .av-image-caption-overlay-center{\ncolor:#ffffff;\n}\n.avia-image-container.av-li2vme5s-507850c8e34697593cb1707fd869712b .avia-curtain-reveal-overlay{\nanimation-duration:1.5s;\nbackground:#d9000e;\nz-index:100;\n}\n<\/style>\n<div  class='avia-image-container av-li2vme5s-507850c8e34697593cb1707fd869712b av-styling- avia-align-left  avia-builder-el-5  el_after_av_one_full  el_before_av_one_full '   itemprop=\"image\" itemscope=\"itemscope\" itemtype=\"https:\/\/schema.org\/ImageObject\" ><div class=\"avia-image-container-inner\"><div class=\"avia-image-overlay-wrap\"><div class='avia-curtain-reveal-overlay av-animated-when-visible-95 animate-all-devices curtain-reveal-btt'><\/div><img decoding=\"async\" fetchpriority=\"high\" class='wp-image-5011 avia-img-lazy-loading-not-5011 avia_image ' src=\"https:\/\/retrofit.de\/wp-content\/uploads\/werkzeugmaschinen-kaufen-1.jpg\" alt='Werkzeugmaschinen f\u00fcr Metall kaufen' title='Werkzeugmaschinen f\u00fcr Metall kaufen'  height=\"1081\" width=\"1920\"  itemprop=\"thumbnailUrl\" srcset=\"https:\/\/retrofit.de\/wp-content\/uploads\/werkzeugmaschinen-kaufen-1.jpg 1920w, https:\/\/retrofit.de\/wp-content\/uploads\/werkzeugmaschinen-kaufen-1-300x169.jpg 300w, https:\/\/retrofit.de\/wp-content\/uploads\/werkzeugmaschinen-kaufen-1-1030x580.jpg 1030w, https:\/\/retrofit.de\/wp-content\/uploads\/werkzeugmaschinen-kaufen-1-768x432.jpg 768w, https:\/\/retrofit.de\/wp-content\/uploads\/werkzeugmaschinen-kaufen-1-1536x865.jpg 1536w, https:\/\/retrofit.de\/wp-content\/uploads\/werkzeugmaschinen-kaufen-1-1500x845.jpg 1500w, https:\/\/retrofit.de\/wp-content\/uploads\/werkzeugmaschinen-kaufen-1-705x397.jpg 705w\" sizes=\"(max-width: 1920px) 100vw, 1920px\" \/><\/div><\/div><\/div>\n<div  class='flex_column av-lg29yef9-109989141a5dfb52d41595f0b8f08f30 av_one_full  avia-builder-el-6  el_after_av_image  avia-builder-el-last  first flex_column_div  '     ><p>\n<style type=\"text\/css\" data-created_by=\"avia_inline_auto\" id=\"style-css-av-5595x-9cabd74e49840f84262d43379c2859dc\">\n#top .hr.hr-invisible.av-5595x-9cabd74e49840f84262d43379c2859dc{\nheight:55px;\n}\n<\/style>\n<div  class='hr av-5595x-9cabd74e49840f84262d43379c2859dc hr-invisible  avia-builder-el-7  el_before_av_textblock  avia-builder-el-first '><span class='hr-inner '><span class=\"hr-inner-style\"><\/span><\/span><\/div><br \/>\n<section  class='av_textblock_section av-lg29xm1f-01cc101e2b160edd0e33387d7f495c0e '   itemscope=\"itemscope\" itemtype=\"https:\/\/schema.org\/CreativeWork\" ><div class='avia_textblock av_inherit_color'  itemprop=\"text\" ><p>HDC Huttelmaier ist seit 1947 erfahren im Umgang mit Werkzeugmaschinen zur Metallbearbeitung im Industrieumfeld mit h\u00f6chsten Anspr\u00fcchen.<\/p>\n<p>Wir beraten Sie, ob eine professionelle Maschinen\u00fcberholung oder der Kauf einer neuen Maschine sinnvoller f\u00fcr Sie ist. Denn HDC bietet beide Optionen, einmal als Retrofit-Spezialist, als auch als Werkzeugmaschinen-H\u00e4ndler.<\/p>\n<p>Wir haben Retrofit Erfahrung mit inzwischen 145 Herstellern von Werkzeugmaschinen. Sie erhalten bei uns sowohl eine klassische Maschinen\u00fcberholung als auch eine zeitgem\u00e4\u00dfe Modernisierung von der CNC Steuerung bis hin zur Schutzeinhausung.<\/p>\n<p>Dar\u00fcber hinaus verkaufen wir auch CNC-Industriemaschinen f\u00fcr Metall und entwickeln High-End Sondermaschinen im hauseigenen Maschinenbau.<\/p>\n<p>Unser kompetenter Vertrieb bietet eine intensive Beratung und findet mit Ihnen eine wirtschaftliche L\u00f6sung f\u00fcr High-End Pr\u00e4zision. Sprechen Sie mit uns.<\/p>\n<\/div><\/section><\/p><\/div><\/div><\/div><\/main><!-- close content main element --><\/div><\/div><div id='av_section_2'  class='avia-section av-177a5h-c4759478e71a9b1ec6415cd985a1851d main_color avia-section-default avia-no-border-styling  avia-builder-el-9  el_after_av_section  avia-builder-el-last  avia-bg-style-scroll container_wrap fullsize'  ><div class='container av-section-cont-open' ><div class='template-page content  av-content-full alpha units'><div class='post-entry post-entry-type-page post-entry-4909'><div class='entry-content-wrapper clearfix'>\n\n<style type=\"text\/css\" data-created_by=\"avia_inline_auto\" id=\"style-css-av-14zc2d-1d485a8c2549b5ecf4143f6b3b18ae57\">\n#top .av-special-heading.av-14zc2d-1d485a8c2549b5ecf4143f6b3b18ae57{\npadding-bottom:10px;\n}\nbody .av-special-heading.av-14zc2d-1d485a8c2549b5ecf4143f6b3b18ae57 .av-special-heading-tag .heading-char{\nfont-size:25px;\n}\n.av-special-heading.av-14zc2d-1d485a8c2549b5ecf4143f6b3b18ae57 .av-subheading{\nfont-size:15px;\n}\n<\/style>\n<div  class='av-special-heading av-14zc2d-1d485a8c2549b5ecf4143f6b3b18ae57 av-special-heading-h2 blockquote modern-quote  avia-builder-el-10  el_before_av_textblock  avia-builder-el-first '><h2 class='av-special-heading-tag '  itemprop=\"headline\"  >Wie k\u00f6nnen wir Ihnen helfen?<\/h2><div class=\"special-heading-border\"><div class=\"special-heading-inner-border\"><\/div><\/div><\/div>\n\n<style type=\"text\/css\" data-created_by=\"avia_inline_auto\" id=\"style-css-av-yxf5p-0f6940321d12e914109def317cbd3717\">\n#top .av_textblock_section.av-yxf5p-0f6940321d12e914109def317cbd3717 .avia_textblock{\nfont-size:30px;\n}\n<\/style>\n<section  class='av_textblock_section av-yxf5p-0f6940321d12e914109def317cbd3717 '   itemscope=\"itemscope\" itemtype=\"https:\/\/schema.org\/CreativeWork\" ><div class='avia_textblock'  itemprop=\"text\" ><p>HDC Huttelmaier Retrofit \u2013 Maschinen \u00dcberholung f\u00fcr High End Pr\u00e4zision<\/p>\n<\/div><\/section>\n<div  class='flex_column av-sctet-50c74574d86e448403bcad192589be71 av_one_fourth  avia-builder-el-12  el_after_av_textblock  el_before_av_one_half  first flex_column_div  column-top-margin'     ><style type=\"text\/css\" data-created_by=\"avia_inline_auto\" id=\"style-css-av-k25v9-0de1228b887e0ed1c7920d712656f701\">\n.avia-image-container.av-k25v9-0de1228b887e0ed1c7920d712656f701 img.avia_image{\nbox-shadow:none;\n}\n.avia-image-container.av-k25v9-0de1228b887e0ed1c7920d712656f701 .av-image-caption-overlay-center{\ncolor:#ffffff;\n}\n<\/style>\n<div  class='avia-image-container av-k25v9-0de1228b887e0ed1c7920d712656f701 av-styling- avia-align-center  avia-builder-el-13  avia-builder-el-no-sibling '   itemprop=\"image\" itemscope=\"itemscope\" itemtype=\"https:\/\/schema.org\/ImageObject\" ><div class=\"avia-image-container-inner\"><div class=\"avia-image-overlay-wrap\"><img decoding=\"async\" fetchpriority=\"high\" class='wp-image-1454 avia-img-lazy-loading-not-1454 avia_image ' src=\"https:\/\/retrofit.de\/wp-content\/uploads\/2023\/05\/Joerg-Huttelmaier-_-Geschaeftsfuehrer-bei-HDC-01-1-1500x1500.webp\" alt='J\u00f6rg Huttelmaier-Gesch\u00e4ftsf\u00fchrer bei HDC' title='J\u00f6rg Huttelmaier-Gesch\u00e4ftsf\u00fchrer bei HDC'  height=\"1500\" width=\"1500\"  itemprop=\"thumbnailUrl\" srcset=\"https:\/\/retrofit.de\/wp-content\/uploads\/2023\/05\/Joerg-Huttelmaier-_-Geschaeftsfuehrer-bei-HDC-01-1-1500x1500.webp 1500w, https:\/\/retrofit.de\/wp-content\/uploads\/2023\/05\/Joerg-Huttelmaier-_-Geschaeftsfuehrer-bei-HDC-01-1-300x300.webp 300w, https:\/\/retrofit.de\/wp-content\/uploads\/2023\/05\/Joerg-Huttelmaier-_-Geschaeftsfuehrer-bei-HDC-01-1-1030x1030.webp 1030w, https:\/\/retrofit.de\/wp-content\/uploads\/2023\/05\/Joerg-Huttelmaier-_-Geschaeftsfuehrer-bei-HDC-01-1-80x80.webp 80w, https:\/\/retrofit.de\/wp-content\/uploads\/2023\/05\/Joerg-Huttelmaier-_-Geschaeftsfuehrer-bei-HDC-01-1-768x768.webp 768w, https:\/\/retrofit.de\/wp-content\/uploads\/2023\/05\/Joerg-Huttelmaier-_-Geschaeftsfuehrer-bei-HDC-01-1-1536x1536.webp 1536w, https:\/\/retrofit.de\/wp-content\/uploads\/2023\/05\/Joerg-Huttelmaier-_-Geschaeftsfuehrer-bei-HDC-01-1-36x36.webp 36w, https:\/\/retrofit.de\/wp-content\/uploads\/2023\/05\/Joerg-Huttelmaier-_-Geschaeftsfuehrer-bei-HDC-01-1-180x180.webp 180w, https:\/\/retrofit.de\/wp-content\/uploads\/2023\/05\/Joerg-Huttelmaier-_-Geschaeftsfuehrer-bei-HDC-01-1-705x705.webp 705w, https:\/\/retrofit.de\/wp-content\/uploads\/2023\/05\/Joerg-Huttelmaier-_-Geschaeftsfuehrer-bei-HDC-01-1.webp 1600w\" sizes=\"(max-width: 1500px) 100vw, 1500px\" \/><\/div><\/div><\/div><\/div><div  class='flex_column av-coeql-6ec52868ce63ca000ad5584e4b35f196 av_one_half  avia-builder-el-14  el_after_av_one_fourth  avia-builder-el-last  linie-links flex_column_div  column-top-margin'     ><style type=\"text\/css\" data-created_by=\"avia_inline_auto\" id=\"style-css-av-9xyr9-042a455b9a10d96493951ac64e93729c\">\n#top .av_textblock_section.av-9xyr9-042a455b9a10d96493951ac64e93729c .avia_textblock{\nfont-size:18px;\n}\n<\/style>\n<section  class='av_textblock_section av-9xyr9-042a455b9a10d96493951ac64e93729c '   itemscope=\"itemscope\" itemtype=\"https:\/\/schema.org\/CreativeWork\" ><div class='avia_textblock kontakt'  itemprop=\"text\" ><p><strong>J\u00f6rg Huttelmaier<\/strong><\/p>\n<p>Inhaber<br \/>\nHuttelmaier GmbH<br \/>\nWinterbacher Stra\u00dfe 66<br \/>\nD &#8211; 73614 Schorndorf im Rems-Murr-Kreis<\/p>\n<p><strong>Kontaktieren Sie mich<\/strong><\/p>\n<p><img loading=\"lazy\" decoding=\"async\" style=\"margin-right: 10px;\" src=\"https:\/\/retrofit.de\/wp-content\/uploads\/2023\/04\/HDC-Website_Kontakt-Icons_Phone.svg\" width=\"32\" height=\"32\" \/><a href=\"tel:+4907181978680\">+49 (0) 7181-97868-0<\/a><br \/>\n<img loading=\"lazy\" decoding=\"async\" style=\"margin-right: 10px; margin-bottom: -10px; padding-top: 10px;\" src=\"https:\/\/retrofit.de\/wp-content\/uploads\/2023\/04\/HDC-Website_Kontakt-Icons_Mail.svg\" width=\"32\" height=\"32\" \/><a href=\"mailto:joerg@huttelmaier.de\">joerg@huttelmaier.de<\/a><\/p>\n<\/div><\/section><\/div>\n<\/p>\n","protected":false},"excerpt":{"rendered":"","protected":false},"author":5,"featured_media":0,"parent":25,"menu_order":2,"comment_status":"closed","ping_status":"closed","template":"","meta":{"footnotes":""},"class_list":["post-4909","page","type-page","status-publish","hentry"],"yoast_head":"<!-- This site is optimized with the Yoast SEO plugin v27.3 - https:\/\/yoast.com\/product\/yoast-seo-wordpress\/ -->\n<title>Werkzeugmaschinen f\u00fcr Metall kaufen \u2013 Vertrieb<\/title>\n<meta name=\"description\" content=\"Werkzeugmaschinen f\u00fcr Metall kaufen \u2713 Industriemaschinen \u2606 High-End Sondermaschinen \u2606 CNC Steuerung \u27a8 Vertrieb und intensive Beratung!\" \/>\n<meta name=\"robots\" content=\"index, follow, max-snippet:-1, max-image-preview:large, max-video-preview:-1\" \/>\n<link rel=\"canonical\" href=\"https:\/\/retrofit.de\/index.php\/de\/werkzeugmaschinenbau\/werkzeugmaschinen-kaufen\/\" \/>\n<meta property=\"og:locale\" content=\"de_DE\" \/>\n<meta property=\"og:type\" content=\"article\" \/>\n<meta property=\"og:title\" content=\"Werkzeugmaschinen f\u00fcr Metall kaufen \u2013 Vertrieb\" \/>\n<meta property=\"og:description\" content=\"Werkzeugmaschinen f\u00fcr Metall kaufen \u2713 Industriemaschinen \u2606 High-End Sondermaschinen \u2606 CNC Steuerung \u27a8 Vertrieb und intensive Beratung!\" \/>\n<meta property=\"og:url\" content=\"https:\/\/retrofit.de\/index.php\/de\/werkzeugmaschinenbau\/werkzeugmaschinen-kaufen\/\" \/>\n<meta property=\"og:site_name\" content=\"HDC Huttelmaier Retrofit\" \/>\n<meta property=\"article:modified_time\" content=\"2025-11-27T14:41:36+00:00\" \/>\n<meta property=\"og:image\" content=\"https:\/\/retrofit.de\/wp-content\/uploads\/2023\/04\/HDC-Website_Kontakt-Icons_Phone.svg\" \/>\n<meta name=\"twitter:card\" content=\"summary_large_image\" \/>\n<meta name=\"twitter:label1\" content=\"Gesch\u00e4tzte Lesezeit\" \/>\n\t<meta name=\"twitter:data1\" content=\"2\u00a0Minuten\" \/>\n<script type=\"application\/ld+json\" class=\"yoast-schema-graph\">{\"@context\":\"https:\\\/\\\/schema.org\",\"@graph\":[{\"@type\":\"WebPage\",\"@id\":\"https:\\\/\\\/retrofit.de\\\/index.php\\\/de\\\/werkzeugmaschinenbau\\\/werkzeugmaschinen-kaufen\\\/\",\"url\":\"https:\\\/\\\/retrofit.de\\\/index.php\\\/de\\\/werkzeugmaschinenbau\\\/werkzeugmaschinen-kaufen\\\/\",\"name\":\"Werkzeugmaschinen f\u00fcr Metall kaufen \u2013 Vertrieb\",\"isPartOf\":{\"@id\":\"https:\\\/\\\/retrofit.de\\\/#website\"},\"primaryImageOfPage\":{\"@id\":\"https:\\\/\\\/retrofit.de\\\/index.php\\\/de\\\/werkzeugmaschinenbau\\\/werkzeugmaschinen-kaufen\\\/#primaryimage\"},\"image\":{\"@id\":\"https:\\\/\\\/retrofit.de\\\/index.php\\\/de\\\/werkzeugmaschinenbau\\\/werkzeugmaschinen-kaufen\\\/#primaryimage\"},\"thumbnailUrl\":\"https:\\\/\\\/retrofit.de\\\/wp-content\\\/uploads\\\/2023\\\/04\\\/HDC-Website_Kontakt-Icons_Phone.svg\",\"datePublished\":\"2025-11-25T11:03:03+00:00\",\"dateModified\":\"2025-11-27T14:41:36+00:00\",\"description\":\"Werkzeugmaschinen f\u00fcr Metall kaufen \u2713 Industriemaschinen \u2606 High-End Sondermaschinen \u2606 CNC Steuerung \u27a8 Vertrieb und intensive Beratung!\",\"breadcrumb\":{\"@id\":\"https:\\\/\\\/retrofit.de\\\/index.php\\\/de\\\/werkzeugmaschinenbau\\\/werkzeugmaschinen-kaufen\\\/#breadcrumb\"},\"inLanguage\":\"de\",\"potentialAction\":[{\"@type\":\"ReadAction\",\"target\":[\"https:\\\/\\\/retrofit.de\\\/index.php\\\/de\\\/werkzeugmaschinenbau\\\/werkzeugmaschinen-kaufen\\\/\"]}]},{\"@type\":\"ImageObject\",\"inLanguage\":\"de\",\"@id\":\"https:\\\/\\\/retrofit.de\\\/index.php\\\/de\\\/werkzeugmaschinenbau\\\/werkzeugmaschinen-kaufen\\\/#primaryimage\",\"url\":\"https:\\\/\\\/retrofit.de\\\/wp-content\\\/uploads\\\/2023\\\/04\\\/HDC-Website_Kontakt-Icons_Phone.svg\",\"contentUrl\":\"https:\\\/\\\/retrofit.de\\\/wp-content\\\/uploads\\\/2023\\\/04\\\/HDC-Website_Kontakt-Icons_Phone.svg\"},{\"@type\":\"BreadcrumbList\",\"@id\":\"https:\\\/\\\/retrofit.de\\\/index.php\\\/de\\\/werkzeugmaschinenbau\\\/werkzeugmaschinen-kaufen\\\/#breadcrumb\",\"itemListElement\":[{\"@type\":\"ListItem\",\"position\":1,\"name\":\"Startseite\",\"item\":\"https:\\\/\\\/retrofit.de\\\/index.php\\\/de\\\/startseite\\\/\"},{\"@type\":\"ListItem\",\"position\":2,\"name\":\"Maschinenbau\",\"item\":\"https:\\\/\\\/retrofit.de\\\/index.php\\\/de\\\/werkzeugmaschinenbau\\\/\"},{\"@type\":\"ListItem\",\"position\":3,\"name\":\"Werkzeugmaschinen kaufen\"}]},{\"@type\":\"WebSite\",\"@id\":\"https:\\\/\\\/retrofit.de\\\/#website\",\"url\":\"https:\\\/\\\/retrofit.de\\\/\",\"name\":\"HDC Huttelmaier Retrofit\",\"description\":\"Maschinen \u00dcberholung f\u00fcr High End Pr\u00e4zision\",\"publisher\":{\"@id\":\"https:\\\/\\\/retrofit.de\\\/#organization\"},\"potentialAction\":[{\"@type\":\"SearchAction\",\"target\":{\"@type\":\"EntryPoint\",\"urlTemplate\":\"https:\\\/\\\/retrofit.de\\\/?s={search_term_string}\"},\"query-input\":{\"@type\":\"PropertyValueSpecification\",\"valueRequired\":true,\"valueName\":\"search_term_string\"}}],\"inLanguage\":\"de\"},{\"@type\":\"Organization\",\"@id\":\"https:\\\/\\\/retrofit.de\\\/#organization\",\"name\":\"HDC Huttelmaier GmbH\",\"alternateName\":\"HDC\",\"url\":\"https:\\\/\\\/retrofit.de\\\/\",\"logo\":{\"@type\":\"ImageObject\",\"inLanguage\":\"de\",\"@id\":\"https:\\\/\\\/retrofit.de\\\/#\\\/schema\\\/logo\\\/image\\\/\",\"url\":\"https:\\\/\\\/retrofit.de\\\/wp-content\\\/uploads\\\/2023\\\/04\\\/Logo.jpg\",\"contentUrl\":\"https:\\\/\\\/retrofit.de\\\/wp-content\\\/uploads\\\/2023\\\/04\\\/Logo.jpg\",\"width\":2083,\"height\":2083,\"caption\":\"HDC Huttelmaier GmbH\"},\"image\":{\"@id\":\"https:\\\/\\\/retrofit.de\\\/#\\\/schema\\\/logo\\\/image\\\/\"}}]}<\/script>\n<!-- \/ Yoast SEO plugin. -->","yoast_head_json":{"title":"Werkzeugmaschinen f\u00fcr Metall kaufen \u2013 Vertrieb","description":"Werkzeugmaschinen f\u00fcr Metall kaufen \u2713 Industriemaschinen \u2606 High-End Sondermaschinen \u2606 CNC Steuerung \u27a8 Vertrieb und intensive Beratung!","robots":{"index":"index","follow":"follow","max-snippet":"max-snippet:-1","max-image-preview":"max-image-preview:large","max-video-preview":"max-video-preview:-1"},"canonical":"https:\/\/retrofit.de\/index.php\/de\/werkzeugmaschinenbau\/werkzeugmaschinen-kaufen\/","og_locale":"de_DE","og_type":"article","og_title":"Werkzeugmaschinen f\u00fcr Metall kaufen \u2013 Vertrieb","og_description":"Werkzeugmaschinen f\u00fcr Metall kaufen \u2713 Industriemaschinen \u2606 High-End Sondermaschinen \u2606 CNC Steuerung \u27a8 Vertrieb und intensive Beratung!","og_url":"https:\/\/retrofit.de\/index.php\/de\/werkzeugmaschinenbau\/werkzeugmaschinen-kaufen\/","og_site_name":"HDC Huttelmaier Retrofit","article_modified_time":"2025-11-27T14:41:36+00:00","og_image":[{"url":"https:\/\/retrofit.de\/wp-content\/uploads\/2023\/04\/HDC-Website_Kontakt-Icons_Phone.svg","type":"","width":"","height":""}],"twitter_card":"summary_large_image","twitter_misc":{"Gesch\u00e4tzte Lesezeit":"2\u00a0Minuten"},"schema":{"@context":"https:\/\/schema.org","@graph":[{"@type":"WebPage","@id":"https:\/\/retrofit.de\/index.php\/de\/werkzeugmaschinenbau\/werkzeugmaschinen-kaufen\/","url":"https:\/\/retrofit.de\/index.php\/de\/werkzeugmaschinenbau\/werkzeugmaschinen-kaufen\/","name":"Werkzeugmaschinen f\u00fcr Metall kaufen \u2013 Vertrieb","isPartOf":{"@id":"https:\/\/retrofit.de\/#website"},"primaryImageOfPage":{"@id":"https:\/\/retrofit.de\/index.php\/de\/werkzeugmaschinenbau\/werkzeugmaschinen-kaufen\/#primaryimage"},"image":{"@id":"https:\/\/retrofit.de\/index.php\/de\/werkzeugmaschinenbau\/werkzeugmaschinen-kaufen\/#primaryimage"},"thumbnailUrl":"https:\/\/retrofit.de\/wp-content\/uploads\/2023\/04\/HDC-Website_Kontakt-Icons_Phone.svg","datePublished":"2025-11-25T11:03:03+00:00","dateModified":"2025-11-27T14:41:36+00:00","description":"Werkzeugmaschinen f\u00fcr Metall kaufen \u2713 Industriemaschinen \u2606 High-End Sondermaschinen \u2606 CNC Steuerung \u27a8 Vertrieb und intensive Beratung!","breadcrumb":{"@id":"https:\/\/retrofit.de\/index.php\/de\/werkzeugmaschinenbau\/werkzeugmaschinen-kaufen\/#breadcrumb"},"inLanguage":"de","potentialAction":[{"@type":"ReadAction","target":["https:\/\/retrofit.de\/index.php\/de\/werkzeugmaschinenbau\/werkzeugmaschinen-kaufen\/"]}]},{"@type":"ImageObject","inLanguage":"de","@id":"https:\/\/retrofit.de\/index.php\/de\/werkzeugmaschinenbau\/werkzeugmaschinen-kaufen\/#primaryimage","url":"https:\/\/retrofit.de\/wp-content\/uploads\/2023\/04\/HDC-Website_Kontakt-Icons_Phone.svg","contentUrl":"https:\/\/retrofit.de\/wp-content\/uploads\/2023\/04\/HDC-Website_Kontakt-Icons_Phone.svg"},{"@type":"BreadcrumbList","@id":"https:\/\/retrofit.de\/index.php\/de\/werkzeugmaschinenbau\/werkzeugmaschinen-kaufen\/#breadcrumb","itemListElement":[{"@type":"ListItem","position":1,"name":"Startseite","item":"https:\/\/retrofit.de\/index.php\/de\/startseite\/"},{"@type":"ListItem","position":2,"name":"Maschinenbau","item":"https:\/\/retrofit.de\/index.php\/de\/werkzeugmaschinenbau\/"},{"@type":"ListItem","position":3,"name":"Werkzeugmaschinen kaufen"}]},{"@type":"WebSite","@id":"https:\/\/retrofit.de\/#website","url":"https:\/\/retrofit.de\/","name":"HDC Huttelmaier Retrofit","description":"Maschinen \u00dcberholung f\u00fcr High End Pr\u00e4zision","publisher":{"@id":"https:\/\/retrofit.de\/#organization"},"potentialAction":[{"@type":"SearchAction","target":{"@type":"EntryPoint","urlTemplate":"https:\/\/retrofit.de\/?s={search_term_string}"},"query-input":{"@type":"PropertyValueSpecification","valueRequired":true,"valueName":"search_term_string"}}],"inLanguage":"de"},{"@type":"Organization","@id":"https:\/\/retrofit.de\/#organization","name":"HDC Huttelmaier GmbH","alternateName":"HDC","url":"https:\/\/retrofit.de\/","logo":{"@type":"ImageObject","inLanguage":"de","@id":"https:\/\/retrofit.de\/#\/schema\/logo\/image\/","url":"https:\/\/retrofit.de\/wp-content\/uploads\/2023\/04\/Logo.jpg","contentUrl":"https:\/\/retrofit.de\/wp-content\/uploads\/2023\/04\/Logo.jpg","width":2083,"height":2083,"caption":"HDC Huttelmaier GmbH"},"image":{"@id":"https:\/\/retrofit.de\/#\/schema\/logo\/image\/"}}]}},"_links":{"self":[{"href":"https:\/\/retrofit.de\/index.php\/wp-json\/wp\/v2\/pages\/4909","targetHints":{"allow":["GET"]}}],"collection":[{"href":"https:\/\/retrofit.de\/index.php\/wp-json\/wp\/v2\/pages"}],"about":[{"href":"https:\/\/retrofit.de\/index.php\/wp-json\/wp\/v2\/types\/page"}],"author":[{"embeddable":true,"href":"https:\/\/retrofit.de\/index.php\/wp-json\/wp\/v2\/users\/5"}],"replies":[{"embeddable":true,"href":"https:\/\/retrofit.de\/index.php\/wp-json\/wp\/v2\/comments?post=4909"}],"version-history":[{"count":6,"href":"https:\/\/retrofit.de\/index.php\/wp-json\/wp\/v2\/pages\/4909\/revisions"}],"predecessor-version":[{"id":5051,"href":"https:\/\/retrofit.de\/index.php\/wp-json\/wp\/v2\/pages\/4909\/revisions\/5051"}],"up":[{"embeddable":true,"href":"https:\/\/retrofit.de\/index.php\/wp-json\/wp\/v2\/pages\/25"}],"wp:attachment":[{"href":"https:\/\/retrofit.de\/index.php\/wp-json\/wp\/v2\/media?parent=4909"}],"curies":[{"name":"wp","href":"https:\/\/api.w.org\/{rel}","templated":true}]}}