{"id":4672,"date":"2025-08-26T08:23:07","date_gmt":"2025-08-26T06:23:07","guid":{"rendered":"https:\/\/retrofit.de\/?page_id=4672"},"modified":"2025-10-22T12:10:29","modified_gmt":"2025-10-22T10:10:29","slug":"anwenderbericht","status":"publish","type":"page","link":"https:\/\/retrofit.de\/index.php\/de\/anwenderbericht\/","title":{"rendered":"Anwenderbericht"},"content":{"rendered":"<div id='av_section_1'  class='avia-section av-1jlel-1bc90ba3e1ffa55f8d3a7be395c03e85 main_color avia-section-default avia-no-border-styling  avia-builder-el-0  el_before_av_section  avia-builder-el-first  avia-bg-style-scroll container_wrap fullsize'  ><div class='container av-section-cont-open' ><main  role=\"main\" itemprop=\"mainContentOfPage\"  class='template-page content  av-content-full alpha units'><div class='post-entry post-entry-type-page post-entry-4672'><div class='entry-content-wrapper clearfix'>\n<div  class='flex_column av-ok4d-ec5e928a20181e29bd166158ddb8e152 av_one_full  avia-builder-el-1  el_before_av_codeblock  avia-builder-el-first  first flex_column_div  '     ><p>\n<style type=\"text\/css\" data-created_by=\"avia_inline_auto\" id=\"style-css-av-li2t545j-419fcb08d0a2afec8fc9757037bd33da\">\n#top .hr.hr-invisible.av-li2t545j-419fcb08d0a2afec8fc9757037bd33da{\nheight:15px;\n}\n<\/style>\n<div  class='hr av-li2t545j-419fcb08d0a2afec8fc9757037bd33da hr-invisible  avia-builder-el-2  el_before_av_heading  avia-builder-el-first '><span class='hr-inner '><span class=\"hr-inner-style\"><\/span><\/span><\/div><br \/>\n\n<style type=\"text\/css\" data-created_by=\"avia_inline_auto\" id=\"style-css-av-laqsz-80e2af9ec359b3febc8a5d5175b41c9d\">\n#top .av-special-heading.av-laqsz-80e2af9ec359b3febc8a5d5175b41c9d{\npadding-bottom:10px;\n}\nbody .av-special-heading.av-laqsz-80e2af9ec359b3febc8a5d5175b41c9d .av-special-heading-tag .heading-char{\nfont-size:25px;\n}\n.av-special-heading.av-laqsz-80e2af9ec359b3febc8a5d5175b41c9d .av-subheading{\nfont-size:15px;\n}\n<\/style>\n<div  class='av-special-heading av-laqsz-80e2af9ec359b3febc8a5d5175b41c9d av-special-heading-h1 blockquote modern-quote  avia-builder-el-3  el_after_av_hr  el_before_av_hr '><h1 class='av-special-heading-tag '  itemprop=\"headline\"  >Anwenderbericht<\/h1><div class=\"special-heading-border\"><div class=\"special-heading-inner-border\"><\/div><\/div><\/div><br \/>\n\n<style type=\"text\/css\" data-created_by=\"avia_inline_auto\" id=\"style-css-av-li2t5lv3-f1ae6098a8ea5bd2c40c91fbaa10be1d\">\n#top .hr.hr-invisible.av-li2t5lv3-f1ae6098a8ea5bd2c40c91fbaa10be1d{\nheight:55px;\n}\n<\/style>\n<div  class='hr av-li2t5lv3-f1ae6098a8ea5bd2c40c91fbaa10be1d hr-invisible  avia-builder-el-4  el_after_av_heading  avia-builder-el-last '><span class='hr-inner '><span class=\"hr-inner-style\"><\/span><\/span><\/div><\/p><\/div>\n<div  class='flex_column av-lg29yef9-109989141a5dfb52d41595f0b8f08f30 av_one_full  avia-builder-el-6  el_after_av_codeblock  avia-builder-el-last  first flex_column_div  '     ><p>\n<style type=\"text\/css\" data-created_by=\"avia_inline_auto\" id=\"style-css-av-li2twpc2-fddc5cf16c84a09a155df13a9cdb1c19\">\n#top .hr.hr-invisible.av-li2twpc2-fddc5cf16c84a09a155df13a9cdb1c19{\nheight:55px;\n}\n<\/style>\n<div  class='hr av-li2twpc2-fddc5cf16c84a09a155df13a9cdb1c19 hr-invisible  avia-builder-el-7  el_before_av_textblock  avia-builder-el-first '><span class='hr-inner '><span class=\"hr-inner-style\"><\/span><\/span><\/div><br \/>\n<section  class='av_textblock_section av-lg29xm1f-01cc101e2b160edd0e33387d7f495c0e '   itemscope=\"itemscope\" itemtype=\"https:\/\/schema.org\/CreativeWork\" ><div class='avia_textblock av_inherit_color'  itemprop=\"text\" ><p class=\"false\"><span style=\"font-family: verdana, geneva, sans-serif;\"><strong><span style=\"font-size: 18px; color: #ffffff; background-color: #e30613;\"><span style=\"font-size: 15px; background-color: #e30613;\"><strong class=\"false\">HDC HAT WIEDER GELIEFERT \u2013 UND ZWAR PR\u00c4ZISE!<\/strong><\/span><span style=\"font-size: 15px;\"><br \/>\n<\/span><\/span><\/strong><\/span><strong><span style=\"font-family: verdana, geneva, sans-serif;\"><span style=\"font-size: 14px;\">Was hat das mit Ihrem Zahnarzt zu tun?<\/span><\/span><\/strong><br \/>\n<span style=\"font-family: verdana, geneva, sans-serif;\"><span style=\"font-size: 14px;\">Erfahren Sie in diesem Anwenderbericht, wie unsere Retrofit-L\u00f6sung eine besondere Anlage zur Bohrerbearbeitung auf ein neues Niveau hebt.<br \/>\n<strong>Interaktiv. Animiert. Informativ.<\/strong><br \/>\n<\/span><\/span><\/p>\n<\/div><\/section><\/p><\/div><\/div><\/div><\/main><!-- close content main element --><\/div><\/div><div id='av_section_2'  class='avia-section av-bdetqo-32fa2e54efa62dd85f2e05bf8932bb64 main_color avia-section-default avia-no-border-styling  avia-builder-el-9  el_after_av_section  avia-builder-el-last  avia-bg-style-scroll container_wrap fullsize'  ><div class='container av-section-cont-open' ><div class='template-page content  av-content-full alpha units'><div class='post-entry post-entry-type-page post-entry-4672'><div class='entry-content-wrapper clearfix'>\n\n<style type=\"text\/css\" data-created_by=\"avia_inline_auto\" id=\"style-css-av-92u7uo-4b115950a9e8ddc9f1bbecdd78036cda\">\n#top .av_textblock_section.av-92u7uo-4b115950a9e8ddc9f1bbecdd78036cda .avia_textblock{\nfont-size:30px;\n}\n<\/style>\n<section  class='av_textblock_section av-92u7uo-4b115950a9e8ddc9f1bbecdd78036cda '   itemscope=\"itemscope\" itemtype=\"https:\/\/schema.org\/CreativeWork\" ><div class='avia_textblock'  itemprop=\"text\" ><p>HDC Huttelmaier Retrofit \u2013 Maschinen \u00dcberholung f\u00fcr High End Pr\u00e4zision<\/p>\n<\/div><\/section>\n<div  class='flex_column av-7esv7k-96a401ed889697f7df46ba0e1c88e225 av_one_fourth  avia-builder-el-11  el_after_av_textblock  el_before_av_one_fourth  first flex_column_div  column-top-margin'     ><style type=\"text\/css\" data-created_by=\"avia_inline_auto\" id=\"style-css-av-56r4xc-6e386eceb44421bfa1497d5eaadcd8a4\">\n.avia-image-container.av-56r4xc-6e386eceb44421bfa1497d5eaadcd8a4 img.avia_image{\nbox-shadow:none;\n}\n.avia-image-container.av-56r4xc-6e386eceb44421bfa1497d5eaadcd8a4 .av-image-caption-overlay-center{\ncolor:#ffffff;\n}\n<\/style>\n<div  class='avia-image-container av-56r4xc-6e386eceb44421bfa1497d5eaadcd8a4 av-styling- avia-align-center  avia-builder-el-12  avia-builder-el-no-sibling '   itemprop=\"image\" itemscope=\"itemscope\" itemtype=\"https:\/\/schema.org\/ImageObject\" ><div class=\"avia-image-container-inner\"><div class=\"avia-image-overlay-wrap\"><img decoding=\"async\" fetchpriority=\"high\" class='wp-image-4431 avia-img-lazy-loading-not-4431 avia_image ' src=\"https:\/\/retrofit.de\/wp-content\/uploads\/Joerg-Huttelmaier-_-Geschaeftsfuehrer-bei-HDC-01-1-1500x1500.jpg\" alt='' title='Joerg-Huttelmaier-_-Geschaeftsfuehrer-bei-HDC-01-1'  height=\"1500\" width=\"1500\"  itemprop=\"thumbnailUrl\" srcset=\"https:\/\/retrofit.de\/wp-content\/uploads\/Joerg-Huttelmaier-_-Geschaeftsfuehrer-bei-HDC-01-1-1500x1500.jpg 1500w, https:\/\/retrofit.de\/wp-content\/uploads\/Joerg-Huttelmaier-_-Geschaeftsfuehrer-bei-HDC-01-1-300x300.jpg 300w, https:\/\/retrofit.de\/wp-content\/uploads\/Joerg-Huttelmaier-_-Geschaeftsfuehrer-bei-HDC-01-1-1030x1030.jpg 1030w, https:\/\/retrofit.de\/wp-content\/uploads\/Joerg-Huttelmaier-_-Geschaeftsfuehrer-bei-HDC-01-1-80x80.jpg 80w, https:\/\/retrofit.de\/wp-content\/uploads\/Joerg-Huttelmaier-_-Geschaeftsfuehrer-bei-HDC-01-1-768x768.jpg 768w, https:\/\/retrofit.de\/wp-content\/uploads\/Joerg-Huttelmaier-_-Geschaeftsfuehrer-bei-HDC-01-1-1536x1536.jpg 1536w, https:\/\/retrofit.de\/wp-content\/uploads\/Joerg-Huttelmaier-_-Geschaeftsfuehrer-bei-HDC-01-1-36x36.jpg 36w, https:\/\/retrofit.de\/wp-content\/uploads\/Joerg-Huttelmaier-_-Geschaeftsfuehrer-bei-HDC-01-1-180x180.jpg 180w, https:\/\/retrofit.de\/wp-content\/uploads\/Joerg-Huttelmaier-_-Geschaeftsfuehrer-bei-HDC-01-1-705x705.jpg 705w, https:\/\/retrofit.de\/wp-content\/uploads\/Joerg-Huttelmaier-_-Geschaeftsfuehrer-bei-HDC-01-1.jpg 1600w\" sizes=\"(max-width: 1500px) 100vw, 1500px\" \/><\/div><\/div><\/div><\/div><div  class='flex_column av-3uwygw-1e694afa2e5acd37ad31c244e1e3781b av_one_fourth  avia-builder-el-13  el_after_av_one_fourth  avia-builder-el-last  linie-links flex_column_div  column-top-margin'     ><style type=\"text\/css\" data-created_by=\"avia_inline_auto\" id=\"style-css-av-24gl40-d4ca81fa2e16bfe29f4635109c695f07\">\n#top .av_textblock_section.av-24gl40-d4ca81fa2e16bfe29f4635109c695f07 .avia_textblock{\nfont-size:18px;\n}\n<\/style>\n<section  class='av_textblock_section av-24gl40-d4ca81fa2e16bfe29f4635109c695f07 '   itemscope=\"itemscope\" itemtype=\"https:\/\/schema.org\/CreativeWork\" ><div class='avia_textblock kontakt'  itemprop=\"text\" ><p><strong>J\u00f6rg Huttelmaier<\/strong><\/p>\n<p>Inhaber<br \/>\nHuttelmaier GmbH<br \/>\nWinterbacher Stra\u00dfe 66<br \/>\nD &#8211; 73614 Schorndorf im Rems-Murr-Kreis<\/p>\n<p><strong>Kontaktieren Sie mich<\/strong><\/p>\n<p><img loading=\"lazy\" decoding=\"async\" style=\"margin-right: 10px;\" src=\"https:\/\/retrofit.de\/wp-content\/uploads\/2023\/04\/HDC-Website_Kontakt-Icons_Phone.svg\" width=\"32\" height=\"32\" \/><a href=\"tel:+4907181978680\">+49 (0) 7181-97868-0<\/a><br \/>\n<img loading=\"lazy\" decoding=\"async\" style=\"margin-right: 10px; margin-bottom: -10px; padding-top: 10px;\" src=\"https:\/\/retrofit.de\/wp-content\/uploads\/2023\/04\/HDC-Website_Kontakt-Icons_Mail.svg\" width=\"32\" height=\"32\" \/><a href=\"mailto:joerg@huttelmaier.de\">joerg@huttelmaier.de<\/a><\/p>\n<\/div><\/section><\/div>\n<\/p>\n","protected":false},"excerpt":{"rendered":"","protected":false},"author":5,"featured_media":0,"parent":0,"menu_order":99,"comment_status":"closed","ping_status":"closed","template":"","meta":{"footnotes":""},"class_list":["post-4672","page","type-page","status-publish","hentry"],"yoast_head":"<!-- This site is optimized with the Yoast SEO plugin v27.2 - https:\/\/yoast.com\/product\/yoast-seo-wordpress\/ -->\n<title>Retrofit Anwenderbericht<\/title>\n<meta name=\"description\" content=\"Retrofit Anwenderbericht \u2713 Maschinenmodernisierung \u2606 Steuerungsupgrade \u2606 Effizienzsteigerung \u2606 Hersteller-Service \u27a8 Ihr Retrofit-Experte!\" \/>\n<meta name=\"robots\" content=\"index, follow, max-snippet:-1, max-image-preview:large, max-video-preview:-1\" \/>\n<link rel=\"canonical\" href=\"https:\/\/retrofit.de\/index.php\/de\/anwenderbericht\/\" \/>\n<meta property=\"og:locale\" content=\"de_DE\" \/>\n<meta property=\"og:type\" content=\"article\" \/>\n<meta property=\"og:title\" content=\"Retrofit Anwenderbericht\" \/>\n<meta property=\"og:description\" content=\"Retrofit Anwenderbericht \u2713 Maschinenmodernisierung \u2606 Steuerungsupgrade \u2606 Effizienzsteigerung \u2606 Hersteller-Service \u27a8 Ihr Retrofit-Experte!\" \/>\n<meta property=\"og:url\" content=\"https:\/\/retrofit.de\/index.php\/de\/anwenderbericht\/\" \/>\n<meta property=\"og:site_name\" content=\"HDC Huttelmaier Retrofit\" \/>\n<meta property=\"article:modified_time\" content=\"2025-10-22T10:10:29+00:00\" \/>\n<meta property=\"og:image\" content=\"https:\/\/retrofit.de\/wp-content\/uploads\/2023\/04\/HDC-Website_Kontakt-Icons_Phone.svg\" \/>\n<meta name=\"twitter:card\" content=\"summary_large_image\" \/>\n<script type=\"application\/ld+json\" class=\"yoast-schema-graph\">{\"@context\":\"https:\/\/schema.org\",\"@graph\":[{\"@type\":\"WebPage\",\"@id\":\"https:\/\/retrofit.de\/index.php\/de\/anwenderbericht\/\",\"url\":\"https:\/\/retrofit.de\/index.php\/de\/anwenderbericht\/\",\"name\":\"Retrofit Anwenderbericht\",\"isPartOf\":{\"@id\":\"https:\/\/retrofit.de\/#website\"},\"primaryImageOfPage\":{\"@id\":\"https:\/\/retrofit.de\/index.php\/de\/anwenderbericht\/#primaryimage\"},\"image\":{\"@id\":\"https:\/\/retrofit.de\/index.php\/de\/anwenderbericht\/#primaryimage\"},\"thumbnailUrl\":\"https:\/\/retrofit.de\/wp-content\/uploads\/2023\/04\/HDC-Website_Kontakt-Icons_Phone.svg\",\"datePublished\":\"2025-08-26T06:23:07+00:00\",\"dateModified\":\"2025-10-22T10:10:29+00:00\",\"description\":\"Retrofit Anwenderbericht \u2713 Maschinenmodernisierung \u2606 Steuerungsupgrade \u2606 Effizienzsteigerung \u2606 Hersteller-Service \u27a8 Ihr Retrofit-Experte!\",\"breadcrumb\":{\"@id\":\"https:\/\/retrofit.de\/index.php\/de\/anwenderbericht\/#breadcrumb\"},\"inLanguage\":\"de\",\"potentialAction\":[{\"@type\":\"ReadAction\",\"target\":[\"https:\/\/retrofit.de\/index.php\/de\/anwenderbericht\/\"]}]},{\"@type\":\"ImageObject\",\"inLanguage\":\"de\",\"@id\":\"https:\/\/retrofit.de\/index.php\/de\/anwenderbericht\/#primaryimage\",\"url\":\"https:\/\/retrofit.de\/wp-content\/uploads\/2023\/04\/HDC-Website_Kontakt-Icons_Phone.svg\",\"contentUrl\":\"https:\/\/retrofit.de\/wp-content\/uploads\/2023\/04\/HDC-Website_Kontakt-Icons_Phone.svg\"},{\"@type\":\"BreadcrumbList\",\"@id\":\"https:\/\/retrofit.de\/index.php\/de\/anwenderbericht\/#breadcrumb\",\"itemListElement\":[{\"@type\":\"ListItem\",\"position\":1,\"name\":\"Startseite\",\"item\":\"https:\/\/retrofit.de\/index.php\/de\/startseite\/\"},{\"@type\":\"ListItem\",\"position\":2,\"name\":\"Anwenderbericht\"}]},{\"@type\":\"WebSite\",\"@id\":\"https:\/\/retrofit.de\/#website\",\"url\":\"https:\/\/retrofit.de\/\",\"name\":\"HDC Huttelmaier Retrofit\",\"description\":\"Maschinen \u00dcberholung f\u00fcr High End Pr\u00e4zision\",\"publisher\":{\"@id\":\"https:\/\/retrofit.de\/#organization\"},\"potentialAction\":[{\"@type\":\"SearchAction\",\"target\":{\"@type\":\"EntryPoint\",\"urlTemplate\":\"https:\/\/retrofit.de\/?s={search_term_string}\"},\"query-input\":{\"@type\":\"PropertyValueSpecification\",\"valueRequired\":true,\"valueName\":\"search_term_string\"}}],\"inLanguage\":\"de\"},{\"@type\":\"Organization\",\"@id\":\"https:\/\/retrofit.de\/#organization\",\"name\":\"HDC Huttelmaier GmbH\",\"alternateName\":\"HDC\",\"url\":\"https:\/\/retrofit.de\/\",\"logo\":{\"@type\":\"ImageObject\",\"inLanguage\":\"de\",\"@id\":\"https:\/\/retrofit.de\/#\/schema\/logo\/image\/\",\"url\":\"https:\/\/retrofit.de\/wp-content\/uploads\/2023\/04\/Logo.jpg\",\"contentUrl\":\"https:\/\/retrofit.de\/wp-content\/uploads\/2023\/04\/Logo.jpg\",\"width\":2083,\"height\":2083,\"caption\":\"HDC Huttelmaier GmbH\"},\"image\":{\"@id\":\"https:\/\/retrofit.de\/#\/schema\/logo\/image\/\"}}]}<\/script>\n<!-- \/ Yoast SEO plugin. -->","yoast_head_json":{"title":"Retrofit Anwenderbericht","description":"Retrofit Anwenderbericht \u2713 Maschinenmodernisierung \u2606 Steuerungsupgrade \u2606 Effizienzsteigerung \u2606 Hersteller-Service \u27a8 Ihr Retrofit-Experte!","robots":{"index":"index","follow":"follow","max-snippet":"max-snippet:-1","max-image-preview":"max-image-preview:large","max-video-preview":"max-video-preview:-1"},"canonical":"https:\/\/retrofit.de\/index.php\/de\/anwenderbericht\/","og_locale":"de_DE","og_type":"article","og_title":"Retrofit Anwenderbericht","og_description":"Retrofit Anwenderbericht \u2713 Maschinenmodernisierung \u2606 Steuerungsupgrade \u2606 Effizienzsteigerung \u2606 Hersteller-Service \u27a8 Ihr Retrofit-Experte!","og_url":"https:\/\/retrofit.de\/index.php\/de\/anwenderbericht\/","og_site_name":"HDC Huttelmaier Retrofit","article_modified_time":"2025-10-22T10:10:29+00:00","og_image":[{"url":"https:\/\/retrofit.de\/wp-content\/uploads\/2023\/04\/HDC-Website_Kontakt-Icons_Phone.svg","type":"","width":"","height":""}],"twitter_card":"summary_large_image","schema":{"@context":"https:\/\/schema.org","@graph":[{"@type":"WebPage","@id":"https:\/\/retrofit.de\/index.php\/de\/anwenderbericht\/","url":"https:\/\/retrofit.de\/index.php\/de\/anwenderbericht\/","name":"Retrofit Anwenderbericht","isPartOf":{"@id":"https:\/\/retrofit.de\/#website"},"primaryImageOfPage":{"@id":"https:\/\/retrofit.de\/index.php\/de\/anwenderbericht\/#primaryimage"},"image":{"@id":"https:\/\/retrofit.de\/index.php\/de\/anwenderbericht\/#primaryimage"},"thumbnailUrl":"https:\/\/retrofit.de\/wp-content\/uploads\/2023\/04\/HDC-Website_Kontakt-Icons_Phone.svg","datePublished":"2025-08-26T06:23:07+00:00","dateModified":"2025-10-22T10:10:29+00:00","description":"Retrofit Anwenderbericht \u2713 Maschinenmodernisierung \u2606 Steuerungsupgrade \u2606 Effizienzsteigerung \u2606 Hersteller-Service \u27a8 Ihr Retrofit-Experte!","breadcrumb":{"@id":"https:\/\/retrofit.de\/index.php\/de\/anwenderbericht\/#breadcrumb"},"inLanguage":"de","potentialAction":[{"@type":"ReadAction","target":["https:\/\/retrofit.de\/index.php\/de\/anwenderbericht\/"]}]},{"@type":"ImageObject","inLanguage":"de","@id":"https:\/\/retrofit.de\/index.php\/de\/anwenderbericht\/#primaryimage","url":"https:\/\/retrofit.de\/wp-content\/uploads\/2023\/04\/HDC-Website_Kontakt-Icons_Phone.svg","contentUrl":"https:\/\/retrofit.de\/wp-content\/uploads\/2023\/04\/HDC-Website_Kontakt-Icons_Phone.svg"},{"@type":"BreadcrumbList","@id":"https:\/\/retrofit.de\/index.php\/de\/anwenderbericht\/#breadcrumb","itemListElement":[{"@type":"ListItem","position":1,"name":"Startseite","item":"https:\/\/retrofit.de\/index.php\/de\/startseite\/"},{"@type":"ListItem","position":2,"name":"Anwenderbericht"}]},{"@type":"WebSite","@id":"https:\/\/retrofit.de\/#website","url":"https:\/\/retrofit.de\/","name":"HDC Huttelmaier Retrofit","description":"Maschinen \u00dcberholung f\u00fcr High End Pr\u00e4zision","publisher":{"@id":"https:\/\/retrofit.de\/#organization"},"potentialAction":[{"@type":"SearchAction","target":{"@type":"EntryPoint","urlTemplate":"https:\/\/retrofit.de\/?s={search_term_string}"},"query-input":{"@type":"PropertyValueSpecification","valueRequired":true,"valueName":"search_term_string"}}],"inLanguage":"de"},{"@type":"Organization","@id":"https:\/\/retrofit.de\/#organization","name":"HDC Huttelmaier GmbH","alternateName":"HDC","url":"https:\/\/retrofit.de\/","logo":{"@type":"ImageObject","inLanguage":"de","@id":"https:\/\/retrofit.de\/#\/schema\/logo\/image\/","url":"https:\/\/retrofit.de\/wp-content\/uploads\/2023\/04\/Logo.jpg","contentUrl":"https:\/\/retrofit.de\/wp-content\/uploads\/2023\/04\/Logo.jpg","width":2083,"height":2083,"caption":"HDC Huttelmaier GmbH"},"image":{"@id":"https:\/\/retrofit.de\/#\/schema\/logo\/image\/"}}]}},"_links":{"self":[{"href":"https:\/\/retrofit.de\/index.php\/wp-json\/wp\/v2\/pages\/4672","targetHints":{"allow":["GET"]}}],"collection":[{"href":"https:\/\/retrofit.de\/index.php\/wp-json\/wp\/v2\/pages"}],"about":[{"href":"https:\/\/retrofit.de\/index.php\/wp-json\/wp\/v2\/types\/page"}],"author":[{"embeddable":true,"href":"https:\/\/retrofit.de\/index.php\/wp-json\/wp\/v2\/users\/5"}],"replies":[{"embeddable":true,"href":"https:\/\/retrofit.de\/index.php\/wp-json\/wp\/v2\/comments?post=4672"}],"version-history":[{"count":8,"href":"https:\/\/retrofit.de\/index.php\/wp-json\/wp\/v2\/pages\/4672\/revisions"}],"predecessor-version":[{"id":4868,"href":"https:\/\/retrofit.de\/index.php\/wp-json\/wp\/v2\/pages\/4672\/revisions\/4868"}],"wp:attachment":[{"href":"https:\/\/retrofit.de\/index.php\/wp-json\/wp\/v2\/media?parent=4672"}],"curies":[{"name":"wp","href":"https:\/\/api.w.org\/{rel}","templated":true}]}}