{"id":4482,"date":"2025-03-17T12:37:19","date_gmt":"2025-03-17T11:37:19","guid":{"rendered":"https:\/\/retrofit.de\/?page_id=4482"},"modified":"2025-03-18T10:13:04","modified_gmt":"2025-03-18T09:13:04","slug":"finnsafety-maschinensicherheit-werkzeugmaschinen","status":"publish","type":"page","link":"https:\/\/retrofit.de\/index.php\/de\/maschinenueberholung\/maschinenmodernisierung\/schutzeinrichtungen-an-werkzeugmaschinen\/finnsafety-maschinensicherheit-werkzeugmaschinen\/","title":{"rendered":"FinnSafety"},"content":{"rendered":"<div id='av_section_1'  class='avia-section av-mng8g2-a355565da4c7f6527b7e666e438a79ab main_color avia-section-default avia-no-border-styling  avia-builder-el-0  el_before_av_section  avia-builder-el-first  avia-bg-style-scroll container_wrap fullsize'  ><div class='container av-section-cont-open' ><main  role=\"main\" itemprop=\"mainContentOfPage\"  class='template-page content  av-content-full alpha units'><div class='post-entry post-entry-type-page post-entry-4482'><div class='entry-content-wrapper clearfix'>\n<div  class='flex_column av-l48hsy-c34f0718f0063ee527588832d31fefc9 av_one_full  avia-builder-el-1  el_before_av_image  avia-builder-el-first  first flex_column_div  '     ><p>\n<style type=\"text\/css\" data-created_by=\"avia_inline_auto\" id=\"style-css-av-m8czms30-ac86eb91cab155eec92fce930ad172fe\">\n#top .av-special-heading.av-m8czms30-ac86eb91cab155eec92fce930ad172fe{\npadding-bottom:10px;\n}\nbody .av-special-heading.av-m8czms30-ac86eb91cab155eec92fce930ad172fe .av-special-heading-tag .heading-char{\nfont-size:25px;\n}\n.av-special-heading.av-m8czms30-ac86eb91cab155eec92fce930ad172fe .av-subheading{\nfont-size:15px;\n}\n<\/style>\n<div  class='av-special-heading av-m8czms30-ac86eb91cab155eec92fce930ad172fe av-special-heading-h1 blockquote modern-quote  avia-builder-el-2  el_before_av_hr  avia-builder-el-first '><h1 class='av-special-heading-tag '  itemprop=\"headline\"  >FinnSafety \u2013 Maschinensicherheit f\u00fcr Werkzeugmaschinen<\/h1><div class=\"special-heading-border\"><div class=\"special-heading-inner-border\"><\/div><\/div><\/div><br \/>\n\n<style type=\"text\/css\" data-created_by=\"avia_inline_auto\" id=\"style-css-av-m8e8475r-77f7f57e8fd30ff6f62a460d85869214\">\n#top .hr.hr-invisible.av-m8e8475r-77f7f57e8fd30ff6f62a460d85869214{\nheight:55px;\n}\n<\/style>\n<div  class='hr av-m8e8475r-77f7f57e8fd30ff6f62a460d85869214 hr-invisible  avia-builder-el-3  el_after_av_heading  avia-builder-el-last '><span class='hr-inner '><span class=\"hr-inner-style\"><\/span><\/span><\/div><\/p><\/div>\n<style type=\"text\/css\" data-created_by=\"avia_inline_auto\" id=\"style-css-av-m8e85uyz-ce92081045ad2319576b4d2cbb2ffa90\">\n.avia-image-container.av-m8e85uyz-ce92081045ad2319576b4d2cbb2ffa90 img.avia_image{\nbox-shadow:none;\n}\n.avia-image-container.av-m8e85uyz-ce92081045ad2319576b4d2cbb2ffa90 .av-image-caption-overlay-center{\ncolor:#ffffff;\n}\n<\/style>\n<div  class='avia-image-container av-m8e85uyz-ce92081045ad2319576b4d2cbb2ffa90 av-styling- avia-align-left  avia-builder-el-4  el_after_av_one_full  el_before_av_one_full '   itemprop=\"image\" itemscope=\"itemscope\" itemtype=\"https:\/\/schema.org\/ImageObject\" ><div class=\"avia-image-container-inner\"><div class=\"avia-image-overlay-wrap\"><img decoding=\"async\" fetchpriority=\"high\" class='wp-image-4529 avia-img-lazy-loading-not-4529 avia_image ' src=\"https:\/\/retrofit.de\/wp-content\/uploads\/finnsafety-maschinensicherheit.jpg\" alt='FinnSafety \u2013 Maschinensicherheit f\u00fcr Werkzeugmaschinen' title='FinnSafety \u2013 Maschinensicherheit f\u00fcr Werkzeugmaschinen'  height=\"533\" width=\"800\"  itemprop=\"thumbnailUrl\" srcset=\"https:\/\/retrofit.de\/wp-content\/uploads\/finnsafety-maschinensicherheit.jpg 800w, https:\/\/retrofit.de\/wp-content\/uploads\/finnsafety-maschinensicherheit-300x200.jpg 300w, https:\/\/retrofit.de\/wp-content\/uploads\/finnsafety-maschinensicherheit-768x512.jpg 768w, https:\/\/retrofit.de\/wp-content\/uploads\/finnsafety-maschinensicherheit-705x470.jpg 705w\" sizes=\"(max-width: 800px) 100vw, 800px\" \/><\/div><\/div><\/div>\n<div  class='flex_column av-av_one_full-7714eba142aeda1f8b5272a3c372b279 av_one_full  avia-builder-el-5  el_after_av_image  el_before_av_one_full  first flex_column_div  '     ><p>\n<style type=\"text\/css\" data-created_by=\"avia_inline_auto\" id=\"style-css-av-av_hr-d25c98c2beecd8532cbab9d479c75414\">\n#top .hr.hr-invisible.av-av_hr-d25c98c2beecd8532cbab9d479c75414{\nheight:55px;\n}\n<\/style>\n<div  class='hr av-av_hr-d25c98c2beecd8532cbab9d479c75414 hr-invisible  avia-builder-el-6  el_before_av_textblock  avia-builder-el-first '><span class='hr-inner '><span class=\"hr-inner-style\"><\/span><\/span><\/div><br \/>\n<section  class='av_textblock_section av-av_textblock-f558dfda6bcb9aa019cc85fca91fc66b '   itemscope=\"itemscope\" itemtype=\"https:\/\/schema.org\/CreativeWork\" ><div class='avia_textblock av_inherit_color'  itemprop=\"text\" ><p>FinnSafety L\u00f6sungen zur Maschinensicherheit von Werkzeugmaschinen stehen f\u00fcr Sicherheitseinrichtungen mit Mehrwert.<\/p>\n<p>Der Firmengr\u00fcnder und Produktentwickler Erkki A. Jaatinen fertigte seine ersten Drehfutter- und Spanschutzvorrichtungen bereits im Jahre 1983. Sein Ziel war, die besten Schutzvorrichtungen auf den Markt zu bringen, die man nur bauen konnte.<\/p>\n<p>Das Unternehmen entwickelte sich und wurde zur Aktiengesellschaft Keuruun FinnSafety Oy. Heutzutage suchen die Produkte immer noch ihresgleichen und werden nach der urspr\u00fcnglichen Zielstellung gefertigt:<\/p>\n<p>H\u00f6chste Qualit\u00e4t und praktische Handhabung.<\/p>\n<p>Unsere FinnSafety System-Produkte sind in zwei Klassen eingeteilt:<\/p>\n<\/div><\/section><\/p><\/div><div  class='flex_column av-hiti1e-28f91b92f6601194cfbc3481d665180b av_one_full  avia-builder-el-8  el_after_av_one_full  el_before_av_one_full  first flex_column_div  column-top-margin'     ><p>\n<style type=\"text\/css\" data-created_by=\"avia_inline_auto\" id=\"style-css-av-m8cznith-0e12bc867941781b491a649f07e5e1f1\">\n#top .av-special-heading.av-m8cznith-0e12bc867941781b491a649f07e5e1f1{\npadding-bottom:10px;\n}\nbody .av-special-heading.av-m8cznith-0e12bc867941781b491a649f07e5e1f1 .av-special-heading-tag .heading-char{\nfont-size:25px;\n}\n.av-special-heading.av-m8cznith-0e12bc867941781b491a649f07e5e1f1 .av-subheading{\nfont-size:15px;\n}\n<\/style>\n<div  class='av-special-heading av-m8cznith-0e12bc867941781b491a649f07e5e1f1 av-special-heading-h2 blockquote modern-quote  avia-builder-el-9  el_before_av_textblock  avia-builder-el-first '><h2 class='av-special-heading-tag '  itemprop=\"headline\"  >Standardm\u00e4\u00dfige Schutzvorrichtungen:<\/h2><div class=\"special-heading-border\"><div class=\"special-heading-inner-border\"><\/div><\/div><\/div><br \/>\n<section  class='av_textblock_section av-e2rmfm-a9c732825b775a569e976c86cf766b15 '   itemscope=\"itemscope\" itemtype=\"https:\/\/schema.org\/CreativeWork\" ><div class='avia_textblock av_inherit_color'  itemprop=\"text\" ><p>Seriengefertigte Schutzvorrichtungen f\u00fcr kleinere Werkzeugmaschinen.<\/p>\n<\/div><\/section><\/p><\/div><div  class='flex_column av-cgguvm-89ad136a703f92bce3211ccf98682350 av_one_full  avia-builder-el-11  el_after_av_one_full  avia-builder-el-last  first flex_column_div  column-top-margin'     ><p>\n<style type=\"text\/css\" data-created_by=\"avia_inline_auto\" id=\"style-css-av-m8czoi6g-129718ef057dfe470333451c37a17d7f\">\n#top .av-special-heading.av-m8czoi6g-129718ef057dfe470333451c37a17d7f{\npadding-bottom:10px;\n}\nbody .av-special-heading.av-m8czoi6g-129718ef057dfe470333451c37a17d7f .av-special-heading-tag .heading-char{\nfont-size:25px;\n}\n.av-special-heading.av-m8czoi6g-129718ef057dfe470333451c37a17d7f .av-subheading{\nfont-size:15px;\n}\n<\/style>\n<div  class='av-special-heading av-m8czoi6g-129718ef057dfe470333451c37a17d7f av-special-heading-h2 blockquote modern-quote  avia-builder-el-12  el_before_av_textblock  avia-builder-el-first '><h2 class='av-special-heading-tag '  itemprop=\"headline\"  >Spezial-Schutzvorrichtungen:<\/h2><div class=\"special-heading-border\"><div class=\"special-heading-inner-border\"><\/div><\/div><\/div><br \/>\n<section  class='av_textblock_section av-m8czo55d-5a4e749accce5d7d446794f8935c2d8f '   itemscope=\"itemscope\" itemtype=\"https:\/\/schema.org\/CreativeWork\" ><div class='avia_textblock av_inherit_color'  itemprop=\"text\" ><p>Nach Ma\u00df entwickelte und gefertigte Schutzvorrichtungen f\u00fcr halb- und vollautomatische Werkzeugmaschinen.<\/p>\n<p>HDC Huttelmaier unterst\u00fctzt Sie als Maschinensicherheitsexperte bei der Implementierung von FinnSafety Sicherheitsvorrichtungen.<\/p>\n<\/div><\/section><\/p><\/div><\/div><\/div><\/main><!-- close content main element --><\/div><\/div><div id='av_section_2'  class='avia-section av-9sbcoi-62b5f45040bd4dd502c59fab63a2562c main_color avia-section-default avia-no-border-styling  avia-builder-el-14  el_after_av_section  avia-builder-el-last  avia-bg-style-scroll container_wrap fullsize'  ><div class='container av-section-cont-open' ><div class='template-page content  av-content-full alpha units'><div class='post-entry post-entry-type-page post-entry-4482'><div class='entry-content-wrapper clearfix'>\n\n<style type=\"text\/css\" data-created_by=\"avia_inline_auto\" id=\"style-css-av-7xe0ki-839209be6dcc0ddc2bb250672386400d\">\n#top .av_textblock_section.av-7xe0ki-839209be6dcc0ddc2bb250672386400d .avia_textblock{\nfont-size:30px;\n}\n<\/style>\n<section  class='av_textblock_section av-7xe0ki-839209be6dcc0ddc2bb250672386400d '   itemscope=\"itemscope\" itemtype=\"https:\/\/schema.org\/CreativeWork\" ><div class='avia_textblock'  itemprop=\"text\" ><p>HDC Huttelmaier \u2013 Ihr Maschinensicherheitsexperte<\/p>\n<\/div><\/section>\n<div  class='flex_column av-kyc8i-ae2717bd843a797ab01f9f608bb6e2e9 av_one_fourth  avia-builder-el-16  el_after_av_textblock  el_before_av_one_half  first flex_column_div  column-top-margin'     ><style type=\"text\/css\" data-created_by=\"avia_inline_auto\" id=\"style-css-av-3k0aiq-3c4c59f7d5fcba85ac96569660d15248\">\n.avia-image-container.av-3k0aiq-3c4c59f7d5fcba85ac96569660d15248 img.avia_image{\nbox-shadow:none;\n}\n.avia-image-container.av-3k0aiq-3c4c59f7d5fcba85ac96569660d15248 .av-image-caption-overlay-center{\ncolor:#ffffff;\n}\n<\/style>\n<div  class='avia-image-container av-3k0aiq-3c4c59f7d5fcba85ac96569660d15248 av-styling- avia-align-center  avia-builder-el-17  avia-builder-el-no-sibling '   itemprop=\"image\" itemscope=\"itemscope\" itemtype=\"https:\/\/schema.org\/ImageObject\" ><div class=\"avia-image-container-inner\"><div class=\"avia-image-overlay-wrap\"><img decoding=\"async\" fetchpriority=\"high\" class='wp-image-451 avia-img-lazy-loading-not-451 avia_image ' src=\"https:\/\/retrofit.de\/wp-content\/uploads\/2023\/04\/Falko-Rehorst-_-Vertrieb-bei-HDC.webp\" alt='Falko Rehorst-Vertrieb-bei-HDC' title='Falko Rehorst-Vertrieb-bei-HDC'  height=\"400\" width=\"400\"  itemprop=\"thumbnailUrl\" srcset=\"https:\/\/retrofit.de\/wp-content\/uploads\/2023\/04\/Falko-Rehorst-_-Vertrieb-bei-HDC.webp 400w, https:\/\/retrofit.de\/wp-content\/uploads\/2023\/04\/Falko-Rehorst-_-Vertrieb-bei-HDC-300x300.webp 300w, https:\/\/retrofit.de\/wp-content\/uploads\/2023\/04\/Falko-Rehorst-_-Vertrieb-bei-HDC-80x80.webp 80w, https:\/\/retrofit.de\/wp-content\/uploads\/2023\/04\/Falko-Rehorst-_-Vertrieb-bei-HDC-36x36.webp 36w, https:\/\/retrofit.de\/wp-content\/uploads\/2023\/04\/Falko-Rehorst-_-Vertrieb-bei-HDC-180x180.webp 180w\" sizes=\"(max-width: 400px) 100vw, 400px\" \/><\/div><\/div><\/div><\/div><div  class='flex_column av-2ppyz6-b3f2ffc6a67a3419a010da6e6d29346c av_one_half  avia-builder-el-18  el_after_av_one_fourth  avia-builder-el-last  linie-links flex_column_div  column-top-margin'     ><style type=\"text\/css\" data-created_by=\"avia_inline_auto\" id=\"style-css-av-m8czp31c-f2b29aed16f44b47d3ee9efe8d68fe72\">\n#top .av_textblock_section.av-m8czp31c-f2b29aed16f44b47d3ee9efe8d68fe72 .avia_textblock{\nfont-size:18px;\n}\n<\/style>\n<section  class='av_textblock_section av-m8czp31c-f2b29aed16f44b47d3ee9efe8d68fe72 '   itemscope=\"itemscope\" itemtype=\"https:\/\/schema.org\/CreativeWork\" ><div class='avia_textblock kontakt'  itemprop=\"text\" ><p><strong>Falko Rehorst<\/strong><\/p>\n<p>Berater f\u00fcr Maschinensicherheit<br \/>\nHuttelmaier GmbH<\/p>\n<p><strong>Kontaktieren Sie mich<\/strong><\/p>\n<p><img loading=\"lazy\" decoding=\"async\" style=\"margin-right: 10px;\" src=\"https:\/\/retrofit.de\/wp-content\/uploads\/2023\/04\/HDC-Website_Kontakt-Icons_Phone.svg\" width=\"32\" height=\"32\" \/><a href=\"tel:+4971819786829\">+49 (0) 7181-97868-29<\/a><br \/>\n<img loading=\"lazy\" decoding=\"async\" style=\"margin-right: 10px; margin-bottom: -5px; padding-top: 5px;\" src=\"https:\/\/retrofit.de\/wp-content\/uploads\/2023\/04\/HDC-Website_Kontakt-Icons_Mobile.svg\" width=\"32\" height=\"32\" \/><a href=\"tel:+491727121011\">+49 (0) 172-7121011<\/a><br \/>\n<img loading=\"lazy\" decoding=\"async\" style=\"margin-right: 10px; margin-bottom: -10px; padding-top: 10px;\" src=\"https:\/\/retrofit.de\/wp-content\/uploads\/2023\/04\/HDC-Website_Kontakt-Icons_Mail.svg\" width=\"32\" height=\"32\" \/><a href=\"mailto:rehorst@huttelmaier.de\">rehorst@huttelmaier.de<\/a><\/p>\n<p>Ich freue mich auf ein Gespr\u00e4ch mit Ihnen!<\/p>\n<\/div><\/section><\/div>\n<\/p>\n","protected":false},"excerpt":{"rendered":"","protected":false},"author":5,"featured_media":0,"parent":4454,"menu_order":0,"comment_status":"closed","ping_status":"closed","template":"","meta":{"footnotes":""},"class_list":["post-4482","page","type-page","status-publish","hentry"],"yoast_head":"<!-- This site is optimized with the Yoast SEO plugin v27.4 - https:\/\/yoast.com\/product\/yoast-seo-wordpress\/ -->\n<title>FinnSafety \u2013 Maschinensicherheit f\u00fcr Werkzeugmaschinen<\/title>\n<meta name=\"description\" content=\"FinnSafety \u2713 Maschinensicherheit f\u00fcr Werkzeugmaschinen \u2606 H\u00f6chste Qualit\u00e4t \u2606 Praktische Handhabung \u27a8 Sicherheitseinrichtungen an Maschinen!\" \/>\n<meta name=\"robots\" content=\"index, follow, max-snippet:-1, max-image-preview:large, max-video-preview:-1\" \/>\n<link rel=\"canonical\" href=\"https:\/\/retrofit.de\/index.php\/de\/maschinenueberholung\/maschinenmodernisierung\/schutzeinrichtungen-an-werkzeugmaschinen\/finnsafety-maschinensicherheit-werkzeugmaschinen\/\" \/>\n<meta property=\"og:locale\" content=\"de_DE\" \/>\n<meta property=\"og:type\" content=\"article\" \/>\n<meta property=\"og:title\" content=\"FinnSafety \u2013 Maschinensicherheit f\u00fcr Werkzeugmaschinen\" \/>\n<meta property=\"og:description\" content=\"FinnSafety \u2713 Maschinensicherheit f\u00fcr Werkzeugmaschinen \u2606 H\u00f6chste Qualit\u00e4t \u2606 Praktische Handhabung \u27a8 Sicherheitseinrichtungen an Maschinen!\" \/>\n<meta property=\"og:url\" content=\"https:\/\/retrofit.de\/index.php\/de\/maschinenueberholung\/maschinenmodernisierung\/schutzeinrichtungen-an-werkzeugmaschinen\/finnsafety-maschinensicherheit-werkzeugmaschinen\/\" \/>\n<meta property=\"og:site_name\" content=\"HDC Huttelmaier Retrofit\" \/>\n<meta property=\"article:modified_time\" content=\"2025-03-18T09:13:04+00:00\" \/>\n<meta property=\"og:image\" content=\"https:\/\/retrofit.de\/wp-content\/uploads\/2023\/04\/HDC-Website_Kontakt-Icons_Phone.svg\" \/>\n<meta name=\"twitter:card\" content=\"summary_large_image\" \/>\n<meta name=\"twitter:label1\" content=\"Gesch\u00e4tzte Lesezeit\" \/>\n\t<meta name=\"twitter:data1\" content=\"2\u00a0Minuten\" \/>\n<script type=\"application\/ld+json\" class=\"yoast-schema-graph\">{\"@context\":\"https:\\\/\\\/schema.org\",\"@graph\":[{\"@type\":\"WebPage\",\"@id\":\"https:\\\/\\\/retrofit.de\\\/index.php\\\/de\\\/maschinenueberholung\\\/maschinenmodernisierung\\\/schutzeinrichtungen-an-werkzeugmaschinen\\\/finnsafety-maschinensicherheit-werkzeugmaschinen\\\/\",\"url\":\"https:\\\/\\\/retrofit.de\\\/index.php\\\/de\\\/maschinenueberholung\\\/maschinenmodernisierung\\\/schutzeinrichtungen-an-werkzeugmaschinen\\\/finnsafety-maschinensicherheit-werkzeugmaschinen\\\/\",\"name\":\"FinnSafety \u2013 Maschinensicherheit f\u00fcr Werkzeugmaschinen\",\"isPartOf\":{\"@id\":\"https:\\\/\\\/retrofit.de\\\/#website\"},\"primaryImageOfPage\":{\"@id\":\"https:\\\/\\\/retrofit.de\\\/index.php\\\/de\\\/maschinenueberholung\\\/maschinenmodernisierung\\\/schutzeinrichtungen-an-werkzeugmaschinen\\\/finnsafety-maschinensicherheit-werkzeugmaschinen\\\/#primaryimage\"},\"image\":{\"@id\":\"https:\\\/\\\/retrofit.de\\\/index.php\\\/de\\\/maschinenueberholung\\\/maschinenmodernisierung\\\/schutzeinrichtungen-an-werkzeugmaschinen\\\/finnsafety-maschinensicherheit-werkzeugmaschinen\\\/#primaryimage\"},\"thumbnailUrl\":\"https:\\\/\\\/retrofit.de\\\/wp-content\\\/uploads\\\/2023\\\/04\\\/HDC-Website_Kontakt-Icons_Phone.svg\",\"datePublished\":\"2025-03-17T11:37:19+00:00\",\"dateModified\":\"2025-03-18T09:13:04+00:00\",\"description\":\"FinnSafety \u2713 Maschinensicherheit f\u00fcr Werkzeugmaschinen \u2606 H\u00f6chste Qualit\u00e4t \u2606 Praktische Handhabung \u27a8 Sicherheitseinrichtungen an Maschinen!\",\"breadcrumb\":{\"@id\":\"https:\\\/\\\/retrofit.de\\\/index.php\\\/de\\\/maschinenueberholung\\\/maschinenmodernisierung\\\/schutzeinrichtungen-an-werkzeugmaschinen\\\/finnsafety-maschinensicherheit-werkzeugmaschinen\\\/#breadcrumb\"},\"inLanguage\":\"de\",\"potentialAction\":[{\"@type\":\"ReadAction\",\"target\":[\"https:\\\/\\\/retrofit.de\\\/index.php\\\/de\\\/maschinenueberholung\\\/maschinenmodernisierung\\\/schutzeinrichtungen-an-werkzeugmaschinen\\\/finnsafety-maschinensicherheit-werkzeugmaschinen\\\/\"]}]},{\"@type\":\"ImageObject\",\"inLanguage\":\"de\",\"@id\":\"https:\\\/\\\/retrofit.de\\\/index.php\\\/de\\\/maschinenueberholung\\\/maschinenmodernisierung\\\/schutzeinrichtungen-an-werkzeugmaschinen\\\/finnsafety-maschinensicherheit-werkzeugmaschinen\\\/#primaryimage\",\"url\":\"https:\\\/\\\/retrofit.de\\\/wp-content\\\/uploads\\\/2023\\\/04\\\/HDC-Website_Kontakt-Icons_Phone.svg\",\"contentUrl\":\"https:\\\/\\\/retrofit.de\\\/wp-content\\\/uploads\\\/2023\\\/04\\\/HDC-Website_Kontakt-Icons_Phone.svg\"},{\"@type\":\"BreadcrumbList\",\"@id\":\"https:\\\/\\\/retrofit.de\\\/index.php\\\/de\\\/maschinenueberholung\\\/maschinenmodernisierung\\\/schutzeinrichtungen-an-werkzeugmaschinen\\\/finnsafety-maschinensicherheit-werkzeugmaschinen\\\/#breadcrumb\",\"itemListElement\":[{\"@type\":\"ListItem\",\"position\":1,\"name\":\"Startseite\",\"item\":\"https:\\\/\\\/retrofit.de\\\/index.php\\\/de\\\/startseite\\\/\"},{\"@type\":\"ListItem\",\"position\":2,\"name\":\"Maschinen\u00fcberholung\",\"item\":\"https:\\\/\\\/retrofit.de\\\/index.php\\\/de\\\/maschinenueberholung\\\/\"},{\"@type\":\"ListItem\",\"position\":3,\"name\":\"Modernisierung\",\"item\":\"https:\\\/\\\/retrofit.de\\\/index.php\\\/de\\\/maschinenueberholung\\\/maschinenmodernisierung\\\/\"},{\"@type\":\"ListItem\",\"position\":4,\"name\":\"Schutzeinrichtungen an Werkzeugmaschinen\",\"item\":\"https:\\\/\\\/retrofit.de\\\/index.php\\\/de\\\/maschinenueberholung\\\/maschinenmodernisierung\\\/schutzeinrichtungen-an-werkzeugmaschinen\\\/\"},{\"@type\":\"ListItem\",\"position\":5,\"name\":\"FinnSafety\"}]},{\"@type\":\"WebSite\",\"@id\":\"https:\\\/\\\/retrofit.de\\\/#website\",\"url\":\"https:\\\/\\\/retrofit.de\\\/\",\"name\":\"HDC Huttelmaier Retrofit\",\"description\":\"Maschinen \u00dcberholung f\u00fcr High End Pr\u00e4zision\",\"publisher\":{\"@id\":\"https:\\\/\\\/retrofit.de\\\/#organization\"},\"potentialAction\":[{\"@type\":\"SearchAction\",\"target\":{\"@type\":\"EntryPoint\",\"urlTemplate\":\"https:\\\/\\\/retrofit.de\\\/?s={search_term_string}\"},\"query-input\":{\"@type\":\"PropertyValueSpecification\",\"valueRequired\":true,\"valueName\":\"search_term_string\"}}],\"inLanguage\":\"de\"},{\"@type\":\"Organization\",\"@id\":\"https:\\\/\\\/retrofit.de\\\/#organization\",\"name\":\"HDC Huttelmaier GmbH\",\"alternateName\":\"HDC\",\"url\":\"https:\\\/\\\/retrofit.de\\\/\",\"logo\":{\"@type\":\"ImageObject\",\"inLanguage\":\"de\",\"@id\":\"https:\\\/\\\/retrofit.de\\\/#\\\/schema\\\/logo\\\/image\\\/\",\"url\":\"https:\\\/\\\/retrofit.de\\\/wp-content\\\/uploads\\\/2023\\\/04\\\/Logo.jpg\",\"contentUrl\":\"https:\\\/\\\/retrofit.de\\\/wp-content\\\/uploads\\\/2023\\\/04\\\/Logo.jpg\",\"width\":2083,\"height\":2083,\"caption\":\"HDC Huttelmaier GmbH\"},\"image\":{\"@id\":\"https:\\\/\\\/retrofit.de\\\/#\\\/schema\\\/logo\\\/image\\\/\"}}]}<\/script>\n<!-- \/ Yoast SEO plugin. -->","yoast_head_json":{"title":"FinnSafety \u2013 Maschinensicherheit f\u00fcr Werkzeugmaschinen","description":"FinnSafety \u2713 Maschinensicherheit f\u00fcr Werkzeugmaschinen \u2606 H\u00f6chste Qualit\u00e4t \u2606 Praktische Handhabung \u27a8 Sicherheitseinrichtungen an Maschinen!","robots":{"index":"index","follow":"follow","max-snippet":"max-snippet:-1","max-image-preview":"max-image-preview:large","max-video-preview":"max-video-preview:-1"},"canonical":"https:\/\/retrofit.de\/index.php\/de\/maschinenueberholung\/maschinenmodernisierung\/schutzeinrichtungen-an-werkzeugmaschinen\/finnsafety-maschinensicherheit-werkzeugmaschinen\/","og_locale":"de_DE","og_type":"article","og_title":"FinnSafety \u2013 Maschinensicherheit f\u00fcr Werkzeugmaschinen","og_description":"FinnSafety \u2713 Maschinensicherheit f\u00fcr Werkzeugmaschinen \u2606 H\u00f6chste Qualit\u00e4t \u2606 Praktische Handhabung \u27a8 Sicherheitseinrichtungen an Maschinen!","og_url":"https:\/\/retrofit.de\/index.php\/de\/maschinenueberholung\/maschinenmodernisierung\/schutzeinrichtungen-an-werkzeugmaschinen\/finnsafety-maschinensicherheit-werkzeugmaschinen\/","og_site_name":"HDC Huttelmaier Retrofit","article_modified_time":"2025-03-18T09:13:04+00:00","og_image":[{"url":"https:\/\/retrofit.de\/wp-content\/uploads\/2023\/04\/HDC-Website_Kontakt-Icons_Phone.svg","type":"","width":"","height":""}],"twitter_card":"summary_large_image","twitter_misc":{"Gesch\u00e4tzte Lesezeit":"2\u00a0Minuten"},"schema":{"@context":"https:\/\/schema.org","@graph":[{"@type":"WebPage","@id":"https:\/\/retrofit.de\/index.php\/de\/maschinenueberholung\/maschinenmodernisierung\/schutzeinrichtungen-an-werkzeugmaschinen\/finnsafety-maschinensicherheit-werkzeugmaschinen\/","url":"https:\/\/retrofit.de\/index.php\/de\/maschinenueberholung\/maschinenmodernisierung\/schutzeinrichtungen-an-werkzeugmaschinen\/finnsafety-maschinensicherheit-werkzeugmaschinen\/","name":"FinnSafety \u2013 Maschinensicherheit f\u00fcr Werkzeugmaschinen","isPartOf":{"@id":"https:\/\/retrofit.de\/#website"},"primaryImageOfPage":{"@id":"https:\/\/retrofit.de\/index.php\/de\/maschinenueberholung\/maschinenmodernisierung\/schutzeinrichtungen-an-werkzeugmaschinen\/finnsafety-maschinensicherheit-werkzeugmaschinen\/#primaryimage"},"image":{"@id":"https:\/\/retrofit.de\/index.php\/de\/maschinenueberholung\/maschinenmodernisierung\/schutzeinrichtungen-an-werkzeugmaschinen\/finnsafety-maschinensicherheit-werkzeugmaschinen\/#primaryimage"},"thumbnailUrl":"https:\/\/retrofit.de\/wp-content\/uploads\/2023\/04\/HDC-Website_Kontakt-Icons_Phone.svg","datePublished":"2025-03-17T11:37:19+00:00","dateModified":"2025-03-18T09:13:04+00:00","description":"FinnSafety \u2713 Maschinensicherheit f\u00fcr Werkzeugmaschinen \u2606 H\u00f6chste Qualit\u00e4t \u2606 Praktische Handhabung \u27a8 Sicherheitseinrichtungen an Maschinen!","breadcrumb":{"@id":"https:\/\/retrofit.de\/index.php\/de\/maschinenueberholung\/maschinenmodernisierung\/schutzeinrichtungen-an-werkzeugmaschinen\/finnsafety-maschinensicherheit-werkzeugmaschinen\/#breadcrumb"},"inLanguage":"de","potentialAction":[{"@type":"ReadAction","target":["https:\/\/retrofit.de\/index.php\/de\/maschinenueberholung\/maschinenmodernisierung\/schutzeinrichtungen-an-werkzeugmaschinen\/finnsafety-maschinensicherheit-werkzeugmaschinen\/"]}]},{"@type":"ImageObject","inLanguage":"de","@id":"https:\/\/retrofit.de\/index.php\/de\/maschinenueberholung\/maschinenmodernisierung\/schutzeinrichtungen-an-werkzeugmaschinen\/finnsafety-maschinensicherheit-werkzeugmaschinen\/#primaryimage","url":"https:\/\/retrofit.de\/wp-content\/uploads\/2023\/04\/HDC-Website_Kontakt-Icons_Phone.svg","contentUrl":"https:\/\/retrofit.de\/wp-content\/uploads\/2023\/04\/HDC-Website_Kontakt-Icons_Phone.svg"},{"@type":"BreadcrumbList","@id":"https:\/\/retrofit.de\/index.php\/de\/maschinenueberholung\/maschinenmodernisierung\/schutzeinrichtungen-an-werkzeugmaschinen\/finnsafety-maschinensicherheit-werkzeugmaschinen\/#breadcrumb","itemListElement":[{"@type":"ListItem","position":1,"name":"Startseite","item":"https:\/\/retrofit.de\/index.php\/de\/startseite\/"},{"@type":"ListItem","position":2,"name":"Maschinen\u00fcberholung","item":"https:\/\/retrofit.de\/index.php\/de\/maschinenueberholung\/"},{"@type":"ListItem","position":3,"name":"Modernisierung","item":"https:\/\/retrofit.de\/index.php\/de\/maschinenueberholung\/maschinenmodernisierung\/"},{"@type":"ListItem","position":4,"name":"Schutzeinrichtungen an Werkzeugmaschinen","item":"https:\/\/retrofit.de\/index.php\/de\/maschinenueberholung\/maschinenmodernisierung\/schutzeinrichtungen-an-werkzeugmaschinen\/"},{"@type":"ListItem","position":5,"name":"FinnSafety"}]},{"@type":"WebSite","@id":"https:\/\/retrofit.de\/#website","url":"https:\/\/retrofit.de\/","name":"HDC Huttelmaier Retrofit","description":"Maschinen \u00dcberholung f\u00fcr High End Pr\u00e4zision","publisher":{"@id":"https:\/\/retrofit.de\/#organization"},"potentialAction":[{"@type":"SearchAction","target":{"@type":"EntryPoint","urlTemplate":"https:\/\/retrofit.de\/?s={search_term_string}"},"query-input":{"@type":"PropertyValueSpecification","valueRequired":true,"valueName":"search_term_string"}}],"inLanguage":"de"},{"@type":"Organization","@id":"https:\/\/retrofit.de\/#organization","name":"HDC Huttelmaier GmbH","alternateName":"HDC","url":"https:\/\/retrofit.de\/","logo":{"@type":"ImageObject","inLanguage":"de","@id":"https:\/\/retrofit.de\/#\/schema\/logo\/image\/","url":"https:\/\/retrofit.de\/wp-content\/uploads\/2023\/04\/Logo.jpg","contentUrl":"https:\/\/retrofit.de\/wp-content\/uploads\/2023\/04\/Logo.jpg","width":2083,"height":2083,"caption":"HDC Huttelmaier GmbH"},"image":{"@id":"https:\/\/retrofit.de\/#\/schema\/logo\/image\/"}}]}},"_links":{"self":[{"href":"https:\/\/retrofit.de\/index.php\/wp-json\/wp\/v2\/pages\/4482","targetHints":{"allow":["GET"]}}],"collection":[{"href":"https:\/\/retrofit.de\/index.php\/wp-json\/wp\/v2\/pages"}],"about":[{"href":"https:\/\/retrofit.de\/index.php\/wp-json\/wp\/v2\/types\/page"}],"author":[{"embeddable":true,"href":"https:\/\/retrofit.de\/index.php\/wp-json\/wp\/v2\/users\/5"}],"replies":[{"embeddable":true,"href":"https:\/\/retrofit.de\/index.php\/wp-json\/wp\/v2\/comments?post=4482"}],"version-history":[{"count":6,"href":"https:\/\/retrofit.de\/index.php\/wp-json\/wp\/v2\/pages\/4482\/revisions"}],"predecessor-version":[{"id":4562,"href":"https:\/\/retrofit.de\/index.php\/wp-json\/wp\/v2\/pages\/4482\/revisions\/4562"}],"up":[{"embeddable":true,"href":"https:\/\/retrofit.de\/index.php\/wp-json\/wp\/v2\/pages\/4454"}],"wp:attachment":[{"href":"https:\/\/retrofit.de\/index.php\/wp-json\/wp\/v2\/media?parent=4482"}],"curies":[{"name":"wp","href":"https:\/\/api.w.org\/{rel}","templated":true}]}}