{"id":4479,"date":"2025-03-17T12:34:20","date_gmt":"2025-03-17T11:34:20","guid":{"rendered":"https:\/\/retrofit.de\/?page_id=4479"},"modified":"2026-05-11T11:36:08","modified_gmt":"2026-05-11T09:36:08","slug":"cnc-schleifmaschinen","status":"publish","type":"page","link":"https:\/\/retrofit.de\/index.php\/de\/maschinenueberholung\/maschinenmodernisierung\/schutzeinrichtungen-an-werkzeugmaschinen\/cnc-schleifmaschinen\/","title":{"rendered":"Schutzeinrichtungen an Schleifmaschinen"},"content":{"rendered":"<div id='av_section_1'  class='avia-section av-ef4snz-81fef69820db4406bc4f025b0d2e95cf main_color avia-section-default avia-no-border-styling  avia-builder-el-0  el_before_av_section  avia-builder-el-first  avia-bg-style-scroll container_wrap fullsize'  ><div class='container av-section-cont-open' ><main  role=\"main\" itemprop=\"mainContentOfPage\"  class='template-page content  av-content-full alpha units'><div class='post-entry post-entry-type-page post-entry-4479'><div class='entry-content-wrapper clearfix'>\n<div  class='flex_column av-17zlmn-e0da253fbb4497130f4a8610178e1d18 av_one_full  avia-builder-el-1  el_before_av_image  avia-builder-el-first  first flex_column_div  '     ><p>\n<style type=\"text\/css\" data-created_by=\"avia_inline_auto\" id=\"style-css-av-m8czkjkf-dc4f324a7a68fe089718633316fed89d\">\n#top .av-special-heading.av-m8czkjkf-dc4f324a7a68fe089718633316fed89d{\npadding-bottom:10px;\n}\nbody .av-special-heading.av-m8czkjkf-dc4f324a7a68fe089718633316fed89d .av-special-heading-tag .heading-char{\nfont-size:25px;\n}\n.av-special-heading.av-m8czkjkf-dc4f324a7a68fe089718633316fed89d .av-subheading{\nfont-size:15px;\n}\n<\/style>\n<div  class='av-special-heading av-m8czkjkf-dc4f324a7a68fe089718633316fed89d av-special-heading-h1 blockquote modern-quote  avia-builder-el-2  el_before_av_hr  avia-builder-el-first '><h1 class='av-special-heading-tag '  itemprop=\"headline\"  >Schutzeinrichtungen an CNC Schleifmaschinen<\/h1><div class=\"special-heading-border\"><div class=\"special-heading-inner-border\"><\/div><\/div><\/div><br \/>\n\n<style type=\"text\/css\" data-created_by=\"avia_inline_auto\" id=\"style-css-av-m8e8bx8u-e6ca3128d320aeacd919ecbca20a08b1\">\n#top .hr.hr-invisible.av-m8e8bx8u-e6ca3128d320aeacd919ecbca20a08b1{\nheight:55px;\n}\n<\/style>\n<div  class='hr av-m8e8bx8u-e6ca3128d320aeacd919ecbca20a08b1 hr-invisible  avia-builder-el-3  el_after_av_heading  avia-builder-el-last '><span class='hr-inner '><span class=\"hr-inner-style\"><\/span><\/span><\/div><\/p><\/div>\n<style type=\"text\/css\" data-created_by=\"avia_inline_auto\" id=\"style-css-av-m8e8dlc0-a3f248473232f09b6653f15eb31d5be7\">\n.avia-image-container.av-m8e8dlc0-a3f248473232f09b6653f15eb31d5be7 img.avia_image{\nbox-shadow:none;\n}\n.avia-image-container.av-m8e8dlc0-a3f248473232f09b6653f15eb31d5be7 .av-image-caption-overlay-center{\ncolor:#ffffff;\n}\n<\/style>\n<div  class='avia-image-container av-m8e8dlc0-a3f248473232f09b6653f15eb31d5be7 av-styling- avia-align-left  avia-builder-el-4  el_after_av_one_full  el_before_av_one_full '   itemprop=\"image\" itemscope=\"itemscope\" itemtype=\"https:\/\/schema.org\/ImageObject\" ><div class=\"avia-image-container-inner\"><div class=\"avia-image-overlay-wrap\"><img decoding=\"async\" fetchpriority=\"high\" class='wp-image-4528 avia-img-lazy-loading-not-4528 avia_image ' src=\"https:\/\/retrofit.de\/wp-content\/uploads\/schutzvorrichtungen-fuer-schleifmaschinen.jpg\" alt='Schutzeinrichtungen an CNC Schleifmaschinen' title='Schutzeinrichtungen an CNC Schleifmaschinen'  height=\"534\" width=\"800\"  itemprop=\"thumbnailUrl\" srcset=\"https:\/\/retrofit.de\/wp-content\/uploads\/schutzvorrichtungen-fuer-schleifmaschinen.jpg 800w, https:\/\/retrofit.de\/wp-content\/uploads\/schutzvorrichtungen-fuer-schleifmaschinen-300x200.jpg 300w, https:\/\/retrofit.de\/wp-content\/uploads\/schutzvorrichtungen-fuer-schleifmaschinen-768x513.jpg 768w, https:\/\/retrofit.de\/wp-content\/uploads\/schutzvorrichtungen-fuer-schleifmaschinen-705x471.jpg 705w\" sizes=\"(max-width: 800px) 100vw, 800px\" \/><\/div><\/div><\/div>\n<div  class='flex_column av-nmd0v-53c8394cfcca320735c7d50ffdac43a3 av_one_full  avia-builder-el-5  el_after_av_image  avia-builder-el-last  first flex_column_div  '     ><p>\n<style type=\"text\/css\" data-created_by=\"avia_inline_auto\" id=\"style-css-av-4fxzen-d79bbcefaa30c0a1b3c0e16dc60a26e9\">\n#top .hr.hr-invisible.av-4fxzen-d79bbcefaa30c0a1b3c0e16dc60a26e9{\nheight:55px;\n}\n<\/style>\n<div  class='hr av-4fxzen-d79bbcefaa30c0a1b3c0e16dc60a26e9 hr-invisible  avia-builder-el-6  el_before_av_textblock  avia-builder-el-first '><span class='hr-inner '><span class=\"hr-inner-style\"><\/span><\/span><\/div><br \/>\n<section  class='av_textblock_section av-2q5ej3-6cd9454c2ebf9b00201c1c73bc6957c9 '   itemscope=\"itemscope\" itemtype=\"https:\/\/schema.org\/CreativeWork\" ><div class='avia_textblock av_inherit_color'  itemprop=\"text\" ><p>HDC Huttelmaier ist Ihr erfahrender Partner, um Schutzeinrichtungen an (CNC-) Schleifmaschinen nachzur\u00fcsten: von der Gef\u00e4hrdungsbeurteilung bis zum Spanschutz der Schleifmaschine.<\/p>\n<p>Seit mehr als 70 Jahren steht HDC Huttelmaier f\u00fcr zuverl\u00e4ssige und professionelle Wartung, Modernisierung und General\u00fcberholung von Werkzeugmaschinen und Anlagen. Retrofit hat bei uns eine lange Tradition. Dabei sind wir f\u00fcr Unternehmen in verschiedenen Gr\u00f6\u00dfen t\u00e4tig und bieten unsere Dienstleistung unabh\u00e4ngig von Hersteller und Baujahr an.<\/p>\n<\/div><\/section><\/p><\/div>\n\n<\/div><\/div><\/main><!-- close content main element --><\/div><\/div><div id='av_section_2'  class='avia-section av-av_section-f716ba51e7bf82947c918c6ed882cb73 main_color avia-section-default avia-no-border-styling  avia-builder-el-8  el_after_av_section  avia-builder-el-last  avia-bg-style-scroll container_wrap fullsize'  ><div class='container av-section-cont-open' ><div class='template-page content  av-content-full alpha units'><div class='post-entry post-entry-type-page post-entry-4479'><div class='entry-content-wrapper clearfix'>\n\n<style type=\"text\/css\" data-created_by=\"avia_inline_auto\" id=\"style-css-av-av_heading-5b6559c213b40613d9fa6a33fcba26d6\">\n#top .av-special-heading.av-av_heading-5b6559c213b40613d9fa6a33fcba26d6{\npadding-bottom:10px;\n}\nbody .av-special-heading.av-av_heading-5b6559c213b40613d9fa6a33fcba26d6 .av-special-heading-tag .heading-char{\nfont-size:25px;\n}\n.av-special-heading.av-av_heading-5b6559c213b40613d9fa6a33fcba26d6 .av-subheading{\nfont-size:15px;\n}\n<\/style>\n<div  class='av-special-heading av-av_heading-5b6559c213b40613d9fa6a33fcba26d6 av-special-heading-h2 blockquote modern-quote  avia-builder-el-9  el_before_av_textblock  avia-builder-el-first '><h2 class='av-special-heading-tag '  itemprop=\"headline\"  >Wie k\u00f6nnen wir Ihnen helfen?<\/h2><div class=\"special-heading-border\"><div class=\"special-heading-inner-border\"><\/div><\/div><\/div>\n\n<style type=\"text\/css\" data-created_by=\"avia_inline_auto\" id=\"style-css-av-av_textblock-e6c71bcb3537a88e4fe9a4e8ef2eb741\">\n#top .av_textblock_section.av-av_textblock-e6c71bcb3537a88e4fe9a4e8ef2eb741 .avia_textblock{\nfont-size:30px;\n}\n<\/style>\n<section  class='av_textblock_section av-av_textblock-e6c71bcb3537a88e4fe9a4e8ef2eb741 '   itemscope=\"itemscope\" itemtype=\"https:\/\/schema.org\/CreativeWork\" ><div class='avia_textblock'  itemprop=\"text\" ><p>HDC Huttelmaier Retrofit \u2013 Maschinen \u00dcberholung f\u00fcr High End Pr\u00e4zision<\/p>\n<\/div><\/section>\n<div  class='flex_column av-av_one_fourth-7714eba142aeda1f8b5272a3c372b279 av_one_fourth  avia-builder-el-11  el_after_av_textblock  el_before_av_one_half  first flex_column_div  column-top-margin'     ><style type=\"text\/css\" data-created_by=\"avia_inline_auto\" id=\"style-css-av-av_image-9e658f253e303a06beb42b5291bdea43\">\n.avia-image-container.av-av_image-9e658f253e303a06beb42b5291bdea43 img.avia_image{\nbox-shadow:none;\n}\n.avia-image-container.av-av_image-9e658f253e303a06beb42b5291bdea43 .av-image-caption-overlay-center{\ncolor:#ffffff;\n}\n<\/style>\n<div  class='avia-image-container av-av_image-9e658f253e303a06beb42b5291bdea43 av-styling- avia-align-center  avia-builder-el-12  avia-builder-el-no-sibling '   itemprop=\"image\" itemscope=\"itemscope\" itemtype=\"https:\/\/schema.org\/ImageObject\" ><div class=\"avia-image-container-inner\"><div class=\"avia-image-overlay-wrap\"><img decoding=\"async\" fetchpriority=\"high\" class='wp-image-1454 avia-img-lazy-loading-not-1454 avia_image ' src=\"https:\/\/retrofit.de\/wp-content\/uploads\/2023\/05\/Joerg-Huttelmaier-_-Geschaeftsfuehrer-bei-HDC-01-1-300x300.webp\" alt='J\u00f6rg Huttelmaier-Gesch\u00e4ftsf\u00fchrer bei HDC' title='J\u00f6rg Huttelmaier-Gesch\u00e4ftsf\u00fchrer bei HDC'  height=\"300\" width=\"300\"  itemprop=\"thumbnailUrl\" srcset=\"https:\/\/retrofit.de\/wp-content\/uploads\/2023\/05\/Joerg-Huttelmaier-_-Geschaeftsfuehrer-bei-HDC-01-1-300x300.webp 300w, https:\/\/retrofit.de\/wp-content\/uploads\/2023\/05\/Joerg-Huttelmaier-_-Geschaeftsfuehrer-bei-HDC-01-1-1030x1030.webp 1030w, https:\/\/retrofit.de\/wp-content\/uploads\/2023\/05\/Joerg-Huttelmaier-_-Geschaeftsfuehrer-bei-HDC-01-1-80x80.webp 80w, https:\/\/retrofit.de\/wp-content\/uploads\/2023\/05\/Joerg-Huttelmaier-_-Geschaeftsfuehrer-bei-HDC-01-1-768x768.webp 768w, https:\/\/retrofit.de\/wp-content\/uploads\/2023\/05\/Joerg-Huttelmaier-_-Geschaeftsfuehrer-bei-HDC-01-1-1536x1536.webp 1536w, https:\/\/retrofit.de\/wp-content\/uploads\/2023\/05\/Joerg-Huttelmaier-_-Geschaeftsfuehrer-bei-HDC-01-1-36x36.webp 36w, https:\/\/retrofit.de\/wp-content\/uploads\/2023\/05\/Joerg-Huttelmaier-_-Geschaeftsfuehrer-bei-HDC-01-1-180x180.webp 180w, https:\/\/retrofit.de\/wp-content\/uploads\/2023\/05\/Joerg-Huttelmaier-_-Geschaeftsfuehrer-bei-HDC-01-1-1500x1500.webp 1500w, https:\/\/retrofit.de\/wp-content\/uploads\/2023\/05\/Joerg-Huttelmaier-_-Geschaeftsfuehrer-bei-HDC-01-1-705x705.webp 705w, https:\/\/retrofit.de\/wp-content\/uploads\/2023\/05\/Joerg-Huttelmaier-_-Geschaeftsfuehrer-bei-HDC-01-1.webp 1600w\" sizes=\"(max-width: 300px) 100vw, 300px\" \/><\/div><\/div><\/div><\/div><div  class='flex_column av-av_one_half-76ab3ec13c1473fb92f9aa300de7f059 av_one_half  avia-builder-el-13  el_after_av_one_fourth  avia-builder-el-last  linie-links flex_column_div  column-top-margin'     ><style type=\"text\/css\" data-created_by=\"avia_inline_auto\" id=\"style-css-av-av_textblock-f7876b936f90c7fd03c58e41c7534242\">\n#top .av_textblock_section.av-av_textblock-f7876b936f90c7fd03c58e41c7534242 .avia_textblock{\nfont-size:18px;\n}\n<\/style>\n<section  class='av_textblock_section av-av_textblock-f7876b936f90c7fd03c58e41c7534242 '   itemscope=\"itemscope\" itemtype=\"https:\/\/schema.org\/CreativeWork\" ><div class='avia_textblock kontakt'  itemprop=\"text\" ><p><strong>J\u00f6rg Huttelmaier<\/strong><\/p>\n<p>Inhaber<br \/>\nHuttelmaier GmbH<br \/>\nWinterbacher Stra\u00dfe 66<br \/>\nD &#8211; 73614 Schorndorf im Rems-Murr-Kreis<\/p>\n<p><strong>Kontaktieren Sie mich<\/strong><\/p>\n<p><img loading=\"lazy\" decoding=\"async\" style=\"margin-right: 10px;\" src=\"https:\/\/retrofit.de\/wp-content\/uploads\/2023\/04\/HDC-Website_Kontakt-Icons_Phone.svg\" width=\"32\" height=\"32\" \/><a href=\"tel:+4907181978680\">+49 (0) 7181-97868-0<\/a><br \/>\n<img loading=\"lazy\" decoding=\"async\" style=\"margin-right: 10px; margin-bottom: -10px; padding-top: 10px;\" src=\"https:\/\/retrofit.de\/wp-content\/uploads\/2023\/04\/HDC-Website_Kontakt-Icons_Mail.svg\" width=\"32\" height=\"32\" \/><a href=\"mailto:vertrieb@huttelmaier.de\">vertrieb@huttelmaier.de<\/a><\/p>\n<\/div><\/section><\/div>\n\n","protected":false},"excerpt":{"rendered":"","protected":false},"author":5,"featured_media":0,"parent":4454,"menu_order":0,"comment_status":"closed","ping_status":"closed","template":"","meta":{"footnotes":""},"class_list":["post-4479","page","type-page","status-publish","hentry"],"yoast_head":"<!-- This site is optimized with the Yoast SEO plugin v27.5 - https:\/\/yoast.com\/product\/yoast-seo-wordpress\/ -->\n<title>Schutzeinrichtungen an CNC Schleifmaschinen nachr\u00fcsten \u2013 HDC<\/title>\n<meta name=\"description\" content=\"Schutzeinrichtungen an CNC Schleifmaschinen nachr\u00fcsten \u2713 Gef\u00e4hrdungsbeurteilung \u2606 Speziell entwickelte L\u00f6sungen \u27a8 Erfahrung seit 1947!\" \/>\n<meta name=\"robots\" content=\"index, follow, max-snippet:-1, max-image-preview:large, max-video-preview:-1\" \/>\n<link rel=\"canonical\" href=\"https:\/\/retrofit.de\/index.php\/de\/maschinenueberholung\/maschinenmodernisierung\/schutzeinrichtungen-an-werkzeugmaschinen\/cnc-schleifmaschinen\/\" \/>\n<meta property=\"og:locale\" content=\"de_DE\" \/>\n<meta property=\"og:type\" content=\"article\" \/>\n<meta property=\"og:title\" content=\"Schutzeinrichtungen an CNC Schleifmaschinen nachr\u00fcsten \u2013 HDC\" \/>\n<meta property=\"og:description\" content=\"Schutzeinrichtungen an CNC Schleifmaschinen nachr\u00fcsten \u2713 Gef\u00e4hrdungsbeurteilung \u2606 Speziell entwickelte L\u00f6sungen \u27a8 Erfahrung seit 1947!\" \/>\n<meta property=\"og:url\" content=\"https:\/\/retrofit.de\/index.php\/de\/maschinenueberholung\/maschinenmodernisierung\/schutzeinrichtungen-an-werkzeugmaschinen\/cnc-schleifmaschinen\/\" \/>\n<meta property=\"og:site_name\" content=\"HDC Huttelmaier Retrofit\" \/>\n<meta property=\"article:modified_time\" content=\"2026-05-11T09:36:08+00:00\" \/>\n<meta property=\"og:image\" content=\"https:\/\/retrofit.de\/wp-content\/uploads\/2023\/04\/HDC-Website_Kontakt-Icons_Phone.svg\" \/>\n<meta name=\"twitter:card\" content=\"summary_large_image\" \/>\n<meta name=\"twitter:label1\" content=\"Gesch\u00e4tzte Lesezeit\" \/>\n\t<meta name=\"twitter:data1\" content=\"3\u00a0Minuten\" \/>\n<script type=\"application\/ld+json\" class=\"yoast-schema-graph\">{\"@context\":\"https:\\\/\\\/schema.org\",\"@graph\":[{\"@type\":\"WebPage\",\"@id\":\"https:\\\/\\\/retrofit.de\\\/index.php\\\/de\\\/maschinenueberholung\\\/maschinenmodernisierung\\\/schutzeinrichtungen-an-werkzeugmaschinen\\\/cnc-schleifmaschinen\\\/\",\"url\":\"https:\\\/\\\/retrofit.de\\\/index.php\\\/de\\\/maschinenueberholung\\\/maschinenmodernisierung\\\/schutzeinrichtungen-an-werkzeugmaschinen\\\/cnc-schleifmaschinen\\\/\",\"name\":\"Schutzeinrichtungen an CNC Schleifmaschinen nachr\u00fcsten \u2013 HDC\",\"isPartOf\":{\"@id\":\"https:\\\/\\\/retrofit.de\\\/#website\"},\"primaryImageOfPage\":{\"@id\":\"https:\\\/\\\/retrofit.de\\\/index.php\\\/de\\\/maschinenueberholung\\\/maschinenmodernisierung\\\/schutzeinrichtungen-an-werkzeugmaschinen\\\/cnc-schleifmaschinen\\\/#primaryimage\"},\"image\":{\"@id\":\"https:\\\/\\\/retrofit.de\\\/index.php\\\/de\\\/maschinenueberholung\\\/maschinenmodernisierung\\\/schutzeinrichtungen-an-werkzeugmaschinen\\\/cnc-schleifmaschinen\\\/#primaryimage\"},\"thumbnailUrl\":\"https:\\\/\\\/retrofit.de\\\/wp-content\\\/uploads\\\/2023\\\/04\\\/HDC-Website_Kontakt-Icons_Phone.svg\",\"datePublished\":\"2025-03-17T11:34:20+00:00\",\"dateModified\":\"2026-05-11T09:36:08+00:00\",\"description\":\"Schutzeinrichtungen an CNC Schleifmaschinen nachr\u00fcsten \u2713 Gef\u00e4hrdungsbeurteilung \u2606 Speziell entwickelte L\u00f6sungen \u27a8 Erfahrung seit 1947!\",\"breadcrumb\":{\"@id\":\"https:\\\/\\\/retrofit.de\\\/index.php\\\/de\\\/maschinenueberholung\\\/maschinenmodernisierung\\\/schutzeinrichtungen-an-werkzeugmaschinen\\\/cnc-schleifmaschinen\\\/#breadcrumb\"},\"inLanguage\":\"de\",\"potentialAction\":[{\"@type\":\"ReadAction\",\"target\":[\"https:\\\/\\\/retrofit.de\\\/index.php\\\/de\\\/maschinenueberholung\\\/maschinenmodernisierung\\\/schutzeinrichtungen-an-werkzeugmaschinen\\\/cnc-schleifmaschinen\\\/\"]}]},{\"@type\":\"ImageObject\",\"inLanguage\":\"de\",\"@id\":\"https:\\\/\\\/retrofit.de\\\/index.php\\\/de\\\/maschinenueberholung\\\/maschinenmodernisierung\\\/schutzeinrichtungen-an-werkzeugmaschinen\\\/cnc-schleifmaschinen\\\/#primaryimage\",\"url\":\"https:\\\/\\\/retrofit.de\\\/wp-content\\\/uploads\\\/2023\\\/04\\\/HDC-Website_Kontakt-Icons_Phone.svg\",\"contentUrl\":\"https:\\\/\\\/retrofit.de\\\/wp-content\\\/uploads\\\/2023\\\/04\\\/HDC-Website_Kontakt-Icons_Phone.svg\"},{\"@type\":\"BreadcrumbList\",\"@id\":\"https:\\\/\\\/retrofit.de\\\/index.php\\\/de\\\/maschinenueberholung\\\/maschinenmodernisierung\\\/schutzeinrichtungen-an-werkzeugmaschinen\\\/cnc-schleifmaschinen\\\/#breadcrumb\",\"itemListElement\":[{\"@type\":\"ListItem\",\"position\":1,\"name\":\"Startseite\",\"item\":\"https:\\\/\\\/retrofit.de\\\/index.php\\\/de\\\/startseite\\\/\"},{\"@type\":\"ListItem\",\"position\":2,\"name\":\"Maschinen\u00fcberholung\",\"item\":\"https:\\\/\\\/retrofit.de\\\/index.php\\\/de\\\/maschinenueberholung\\\/\"},{\"@type\":\"ListItem\",\"position\":3,\"name\":\"Modernisierung\",\"item\":\"https:\\\/\\\/retrofit.de\\\/index.php\\\/de\\\/maschinenueberholung\\\/maschinenmodernisierung\\\/\"},{\"@type\":\"ListItem\",\"position\":4,\"name\":\"Schutzeinrichtungen an Werkzeugmaschinen\",\"item\":\"https:\\\/\\\/retrofit.de\\\/index.php\\\/de\\\/maschinenueberholung\\\/maschinenmodernisierung\\\/schutzeinrichtungen-an-werkzeugmaschinen\\\/\"},{\"@type\":\"ListItem\",\"position\":5,\"name\":\"Schutzeinrichtungen an Schleifmaschinen\"}]},{\"@type\":\"WebSite\",\"@id\":\"https:\\\/\\\/retrofit.de\\\/#website\",\"url\":\"https:\\\/\\\/retrofit.de\\\/\",\"name\":\"HDC Huttelmaier Retrofit\",\"description\":\"Maschinen \u00dcberholung f\u00fcr High End Pr\u00e4zision\",\"publisher\":{\"@id\":\"https:\\\/\\\/retrofit.de\\\/#organization\"},\"potentialAction\":[{\"@type\":\"SearchAction\",\"target\":{\"@type\":\"EntryPoint\",\"urlTemplate\":\"https:\\\/\\\/retrofit.de\\\/?s={search_term_string}\"},\"query-input\":{\"@type\":\"PropertyValueSpecification\",\"valueRequired\":true,\"valueName\":\"search_term_string\"}}],\"inLanguage\":\"de\"},{\"@type\":\"Organization\",\"@id\":\"https:\\\/\\\/retrofit.de\\\/#organization\",\"name\":\"HDC Huttelmaier GmbH\",\"alternateName\":\"HDC\",\"url\":\"https:\\\/\\\/retrofit.de\\\/\",\"logo\":{\"@type\":\"ImageObject\",\"inLanguage\":\"de\",\"@id\":\"https:\\\/\\\/retrofit.de\\\/#\\\/schema\\\/logo\\\/image\\\/\",\"url\":\"https:\\\/\\\/retrofit.de\\\/wp-content\\\/uploads\\\/2023\\\/04\\\/Logo.jpg\",\"contentUrl\":\"https:\\\/\\\/retrofit.de\\\/wp-content\\\/uploads\\\/2023\\\/04\\\/Logo.jpg\",\"width\":2083,\"height\":2083,\"caption\":\"HDC Huttelmaier GmbH\"},\"image\":{\"@id\":\"https:\\\/\\\/retrofit.de\\\/#\\\/schema\\\/logo\\\/image\\\/\"}}]}<\/script>\n<!-- \/ Yoast SEO plugin. -->","yoast_head_json":{"title":"Schutzeinrichtungen an CNC Schleifmaschinen nachr\u00fcsten \u2013 HDC","description":"Schutzeinrichtungen an CNC Schleifmaschinen nachr\u00fcsten \u2713 Gef\u00e4hrdungsbeurteilung \u2606 Speziell entwickelte L\u00f6sungen \u27a8 Erfahrung seit 1947!","robots":{"index":"index","follow":"follow","max-snippet":"max-snippet:-1","max-image-preview":"max-image-preview:large","max-video-preview":"max-video-preview:-1"},"canonical":"https:\/\/retrofit.de\/index.php\/de\/maschinenueberholung\/maschinenmodernisierung\/schutzeinrichtungen-an-werkzeugmaschinen\/cnc-schleifmaschinen\/","og_locale":"de_DE","og_type":"article","og_title":"Schutzeinrichtungen an CNC Schleifmaschinen nachr\u00fcsten \u2013 HDC","og_description":"Schutzeinrichtungen an CNC Schleifmaschinen nachr\u00fcsten \u2713 Gef\u00e4hrdungsbeurteilung \u2606 Speziell entwickelte L\u00f6sungen \u27a8 Erfahrung seit 1947!","og_url":"https:\/\/retrofit.de\/index.php\/de\/maschinenueberholung\/maschinenmodernisierung\/schutzeinrichtungen-an-werkzeugmaschinen\/cnc-schleifmaschinen\/","og_site_name":"HDC Huttelmaier Retrofit","article_modified_time":"2026-05-11T09:36:08+00:00","og_image":[{"url":"https:\/\/retrofit.de\/wp-content\/uploads\/2023\/04\/HDC-Website_Kontakt-Icons_Phone.svg","type":"","width":"","height":""}],"twitter_card":"summary_large_image","twitter_misc":{"Gesch\u00e4tzte Lesezeit":"3\u00a0Minuten"},"schema":{"@context":"https:\/\/schema.org","@graph":[{"@type":"WebPage","@id":"https:\/\/retrofit.de\/index.php\/de\/maschinenueberholung\/maschinenmodernisierung\/schutzeinrichtungen-an-werkzeugmaschinen\/cnc-schleifmaschinen\/","url":"https:\/\/retrofit.de\/index.php\/de\/maschinenueberholung\/maschinenmodernisierung\/schutzeinrichtungen-an-werkzeugmaschinen\/cnc-schleifmaschinen\/","name":"Schutzeinrichtungen an CNC Schleifmaschinen nachr\u00fcsten \u2013 HDC","isPartOf":{"@id":"https:\/\/retrofit.de\/#website"},"primaryImageOfPage":{"@id":"https:\/\/retrofit.de\/index.php\/de\/maschinenueberholung\/maschinenmodernisierung\/schutzeinrichtungen-an-werkzeugmaschinen\/cnc-schleifmaschinen\/#primaryimage"},"image":{"@id":"https:\/\/retrofit.de\/index.php\/de\/maschinenueberholung\/maschinenmodernisierung\/schutzeinrichtungen-an-werkzeugmaschinen\/cnc-schleifmaschinen\/#primaryimage"},"thumbnailUrl":"https:\/\/retrofit.de\/wp-content\/uploads\/2023\/04\/HDC-Website_Kontakt-Icons_Phone.svg","datePublished":"2025-03-17T11:34:20+00:00","dateModified":"2026-05-11T09:36:08+00:00","description":"Schutzeinrichtungen an CNC Schleifmaschinen nachr\u00fcsten \u2713 Gef\u00e4hrdungsbeurteilung \u2606 Speziell entwickelte L\u00f6sungen \u27a8 Erfahrung seit 1947!","breadcrumb":{"@id":"https:\/\/retrofit.de\/index.php\/de\/maschinenueberholung\/maschinenmodernisierung\/schutzeinrichtungen-an-werkzeugmaschinen\/cnc-schleifmaschinen\/#breadcrumb"},"inLanguage":"de","potentialAction":[{"@type":"ReadAction","target":["https:\/\/retrofit.de\/index.php\/de\/maschinenueberholung\/maschinenmodernisierung\/schutzeinrichtungen-an-werkzeugmaschinen\/cnc-schleifmaschinen\/"]}]},{"@type":"ImageObject","inLanguage":"de","@id":"https:\/\/retrofit.de\/index.php\/de\/maschinenueberholung\/maschinenmodernisierung\/schutzeinrichtungen-an-werkzeugmaschinen\/cnc-schleifmaschinen\/#primaryimage","url":"https:\/\/retrofit.de\/wp-content\/uploads\/2023\/04\/HDC-Website_Kontakt-Icons_Phone.svg","contentUrl":"https:\/\/retrofit.de\/wp-content\/uploads\/2023\/04\/HDC-Website_Kontakt-Icons_Phone.svg"},{"@type":"BreadcrumbList","@id":"https:\/\/retrofit.de\/index.php\/de\/maschinenueberholung\/maschinenmodernisierung\/schutzeinrichtungen-an-werkzeugmaschinen\/cnc-schleifmaschinen\/#breadcrumb","itemListElement":[{"@type":"ListItem","position":1,"name":"Startseite","item":"https:\/\/retrofit.de\/index.php\/de\/startseite\/"},{"@type":"ListItem","position":2,"name":"Maschinen\u00fcberholung","item":"https:\/\/retrofit.de\/index.php\/de\/maschinenueberholung\/"},{"@type":"ListItem","position":3,"name":"Modernisierung","item":"https:\/\/retrofit.de\/index.php\/de\/maschinenueberholung\/maschinenmodernisierung\/"},{"@type":"ListItem","position":4,"name":"Schutzeinrichtungen an Werkzeugmaschinen","item":"https:\/\/retrofit.de\/index.php\/de\/maschinenueberholung\/maschinenmodernisierung\/schutzeinrichtungen-an-werkzeugmaschinen\/"},{"@type":"ListItem","position":5,"name":"Schutzeinrichtungen an Schleifmaschinen"}]},{"@type":"WebSite","@id":"https:\/\/retrofit.de\/#website","url":"https:\/\/retrofit.de\/","name":"HDC Huttelmaier Retrofit","description":"Maschinen \u00dcberholung f\u00fcr High End Pr\u00e4zision","publisher":{"@id":"https:\/\/retrofit.de\/#organization"},"potentialAction":[{"@type":"SearchAction","target":{"@type":"EntryPoint","urlTemplate":"https:\/\/retrofit.de\/?s={search_term_string}"},"query-input":{"@type":"PropertyValueSpecification","valueRequired":true,"valueName":"search_term_string"}}],"inLanguage":"de"},{"@type":"Organization","@id":"https:\/\/retrofit.de\/#organization","name":"HDC Huttelmaier GmbH","alternateName":"HDC","url":"https:\/\/retrofit.de\/","logo":{"@type":"ImageObject","inLanguage":"de","@id":"https:\/\/retrofit.de\/#\/schema\/logo\/image\/","url":"https:\/\/retrofit.de\/wp-content\/uploads\/2023\/04\/Logo.jpg","contentUrl":"https:\/\/retrofit.de\/wp-content\/uploads\/2023\/04\/Logo.jpg","width":2083,"height":2083,"caption":"HDC Huttelmaier GmbH"},"image":{"@id":"https:\/\/retrofit.de\/#\/schema\/logo\/image\/"}}]}},"_links":{"self":[{"href":"https:\/\/retrofit.de\/index.php\/wp-json\/wp\/v2\/pages\/4479","targetHints":{"allow":["GET"]}}],"collection":[{"href":"https:\/\/retrofit.de\/index.php\/wp-json\/wp\/v2\/pages"}],"about":[{"href":"https:\/\/retrofit.de\/index.php\/wp-json\/wp\/v2\/types\/page"}],"author":[{"embeddable":true,"href":"https:\/\/retrofit.de\/index.php\/wp-json\/wp\/v2\/users\/5"}],"replies":[{"embeddable":true,"href":"https:\/\/retrofit.de\/index.php\/wp-json\/wp\/v2\/comments?post=4479"}],"version-history":[{"count":6,"href":"https:\/\/retrofit.de\/index.php\/wp-json\/wp\/v2\/pages\/4479\/revisions"}],"predecessor-version":[{"id":5143,"href":"https:\/\/retrofit.de\/index.php\/wp-json\/wp\/v2\/pages\/4479\/revisions\/5143"}],"up":[{"embeddable":true,"href":"https:\/\/retrofit.de\/index.php\/wp-json\/wp\/v2\/pages\/4454"}],"wp:attachment":[{"href":"https:\/\/retrofit.de\/index.php\/wp-json\/wp\/v2\/media?parent=4479"}],"curies":[{"name":"wp","href":"https:\/\/api.w.org\/{rel}","templated":true}]}}