{"id":4461,"date":"2025-03-17T12:17:33","date_gmt":"2025-03-17T11:17:33","guid":{"rendered":"https:\/\/retrofit.de\/?page_id=4461"},"modified":"2025-03-18T10:10:09","modified_gmt":"2025-03-18T09:10:09","slug":"cnc-bohrmaschinen","status":"publish","type":"page","link":"https:\/\/retrofit.de\/index.php\/de\/maschinenueberholung\/maschinenmodernisierung\/schutzeinrichtungen-an-werkzeugmaschinen\/cnc-bohrmaschinen\/","title":{"rendered":"Schutzeinrichtungen an Bohrmaschinen"},"content":{"rendered":"<div id='av_section_1'  class='avia-section av-flecvx-6584c7d493fdf0a712a72f4140029776 main_color avia-section-default avia-no-border-styling  avia-builder-el-0  el_before_av_section  avia-builder-el-first  avia-bg-style-scroll container_wrap fullsize'  ><div class='container av-section-cont-open' ><main  role=\"main\" itemprop=\"mainContentOfPage\"  class='template-page content  av-content-full alpha units'><div class='post-entry post-entry-type-page post-entry-4461'><div class='entry-content-wrapper clearfix'>\n<div  class='flex_column av-eke1x9-200491a1bb2f5a3eb5e1b6d17d2449d2 av_one_full  avia-builder-el-1  el_before_av_image  avia-builder-el-first  first flex_column_div  '     ><p>\n<style type=\"text\/css\" data-created_by=\"avia_inline_auto\" id=\"style-css-av-m8cyzf3z-9f91818247182a27416adeee974f29fe\">\n#top .av-special-heading.av-m8cyzf3z-9f91818247182a27416adeee974f29fe{\npadding-bottom:10px;\n}\nbody .av-special-heading.av-m8cyzf3z-9f91818247182a27416adeee974f29fe .av-special-heading-tag .heading-char{\nfont-size:25px;\n}\n.av-special-heading.av-m8cyzf3z-9f91818247182a27416adeee974f29fe .av-subheading{\nfont-size:15px;\n}\n<\/style>\n<div  class='av-special-heading av-m8cyzf3z-9f91818247182a27416adeee974f29fe av-special-heading-h1 blockquote modern-quote  avia-builder-el-2  el_before_av_hr  avia-builder-el-first '><h1 class='av-special-heading-tag '  itemprop=\"headline\"  >Schutzeinrichtungen an CNC Bohrmaschinen<\/h1><div class=\"special-heading-border\"><div class=\"special-heading-inner-border\"><\/div><\/div><\/div><br \/>\n\n<style type=\"text\/css\" data-created_by=\"avia_inline_auto\" id=\"style-css-av-m8e8flhf-b6002d2ef337882cd5342ea5caaebcb5\">\n#top .hr.hr-invisible.av-m8e8flhf-b6002d2ef337882cd5342ea5caaebcb5{\nheight:55px;\n}\n<\/style>\n<div  class='hr av-m8e8flhf-b6002d2ef337882cd5342ea5caaebcb5 hr-invisible  avia-builder-el-3  el_after_av_heading  avia-builder-el-last '><span class='hr-inner '><span class=\"hr-inner-style\"><\/span><\/span><\/div><\/p><\/div>\n<style type=\"text\/css\" data-created_by=\"avia_inline_auto\" id=\"style-css-av-m8e8ijxv-11b851a2f256925131601c4e6f2a6d46\">\n.avia-image-container.av-m8e8ijxv-11b851a2f256925131601c4e6f2a6d46 img.avia_image{\nbox-shadow:none;\n}\n.avia-image-container.av-m8e8ijxv-11b851a2f256925131601c4e6f2a6d46 .av-image-caption-overlay-center{\ncolor:#ffffff;\n}\n<\/style>\n<div  class='avia-image-container av-m8e8ijxv-11b851a2f256925131601c4e6f2a6d46 av-styling- avia-align-left  avia-builder-el-4  el_after_av_one_full  el_before_av_one_full '   itemprop=\"image\" itemscope=\"itemscope\" itemtype=\"https:\/\/schema.org\/ImageObject\" ><div class=\"avia-image-container-inner\"><div class=\"avia-image-overlay-wrap\"><img decoding=\"async\" fetchpriority=\"high\" class='wp-image-4527 avia-img-lazy-loading-not-4527 avia_image ' src=\"https:\/\/retrofit.de\/wp-content\/uploads\/spanschutz-fuer-bohrmaschinen.jpg\" alt='Schutzeinrichtungen an CNC Bohrmaschinen' title='Schutzeinrichtungen an CNC Bohrmaschinen'  height=\"534\" width=\"800\"  itemprop=\"thumbnailUrl\" srcset=\"https:\/\/retrofit.de\/wp-content\/uploads\/spanschutz-fuer-bohrmaschinen.jpg 800w, https:\/\/retrofit.de\/wp-content\/uploads\/spanschutz-fuer-bohrmaschinen-300x200.jpg 300w, https:\/\/retrofit.de\/wp-content\/uploads\/spanschutz-fuer-bohrmaschinen-768x513.jpg 768w, https:\/\/retrofit.de\/wp-content\/uploads\/spanschutz-fuer-bohrmaschinen-705x471.jpg 705w\" sizes=\"(max-width: 800px) 100vw, 800px\" \/><\/div><\/div><\/div>\n<div  class='flex_column av-av_one_full-7714eba142aeda1f8b5272a3c372b279 av_one_full  avia-builder-el-5  el_after_av_image  avia-builder-el-last  first flex_column_div  '     ><p>\n<style type=\"text\/css\" data-created_by=\"avia_inline_auto\" id=\"style-css-av-av_hr-d25c98c2beecd8532cbab9d479c75414\">\n#top .hr.hr-invisible.av-av_hr-d25c98c2beecd8532cbab9d479c75414{\nheight:55px;\n}\n<\/style>\n<div  class='hr av-av_hr-d25c98c2beecd8532cbab9d479c75414 hr-invisible  avia-builder-el-6  el_before_av_textblock  avia-builder-el-first '><span class='hr-inner '><span class=\"hr-inner-style\"><\/span><\/span><\/div><br \/>\n<section  class='av_textblock_section av-av_textblock-f558dfda6bcb9aa019cc85fca91fc66b '   itemscope=\"itemscope\" itemtype=\"https:\/\/schema.org\/CreativeWork\" ><div class='avia_textblock av_inherit_color'  itemprop=\"text\" ><p>HDC Huttelmaier ist Ihr erfahrender Partner, um Schutzeinrichtungen an (CNC-) Bohrmaschinen nachzur\u00fcsten: von der Gef\u00e4hrdungsbeurteilung bis zum Spindelschutz f\u00fcr die St\u00e4nderbohrmaschine.<\/p>\n<p>Seit mehr als 70 Jahren steht HDC Huttelmaier f\u00fcr zuverl\u00e4ssige und professionelle Wartung, Modernisierung und General\u00fcberholung von Werkzeugmaschinen und Anlagen. Retrofit hat bei uns eine lange Tradition. Dabei sind wir f\u00fcr Unternehmen in verschiedenen Gr\u00f6\u00dfen t\u00e4tig und bieten unsere Dienstleistung unabh\u00e4ngig von Hersteller und Baujahr an.<\/p>\n<\/div><\/section><\/p><\/div><\/div><\/div><\/main><!-- close content main element --><\/div><\/div><div id='av_section_2'  class='avia-section av-bau0j1-67ee1be13cdee22a0a369de1a00e22de main_color avia-section-default avia-no-border-styling  avia-builder-el-8  el_after_av_section  avia-builder-el-last  avia-bg-style-scroll container_wrap fullsize'  ><div class='container av-section-cont-open' ><div class='template-page content  av-content-full alpha units'><div class='post-entry post-entry-type-page post-entry-4461'><div class='entry-content-wrapper clearfix'>\n\n<style type=\"text\/css\" data-created_by=\"avia_inline_auto\" id=\"style-css-av-x70f1-2b390e623a1053547cb7f0ca7518afc1\">\n#top .av_textblock_section.av-x70f1-2b390e623a1053547cb7f0ca7518afc1 .avia_textblock{\nfont-size:30px;\n}\n<\/style>\n<section  class='av_textblock_section av-x70f1-2b390e623a1053547cb7f0ca7518afc1 '   itemscope=\"itemscope\" itemtype=\"https:\/\/schema.org\/CreativeWork\" ><div class='avia_textblock'  itemprop=\"text\" ><p>HDC Huttelmaier \u2013 Ihr Maschinensicherheitsexperte<\/p>\n<\/div><\/section>\n<div  class='flex_column av-7er5bh-3c722a0e75adce97f4e15463294a4680 av_one_fourth  avia-builder-el-10  el_after_av_textblock  el_before_av_one_half  first flex_column_div  column-top-margin'     ><style type=\"text\/css\" data-created_by=\"avia_inline_auto\" id=\"style-css-av-6gmsn1-7c704de3042fdd6b763b4de589abe9f5\">\n.avia-image-container.av-6gmsn1-7c704de3042fdd6b763b4de589abe9f5 img.avia_image{\nbox-shadow:none;\n}\n.avia-image-container.av-6gmsn1-7c704de3042fdd6b763b4de589abe9f5 .av-image-caption-overlay-center{\ncolor:#ffffff;\n}\n<\/style>\n<div  class='avia-image-container av-6gmsn1-7c704de3042fdd6b763b4de589abe9f5 av-styling- avia-align-center  avia-builder-el-11  avia-builder-el-no-sibling '   itemprop=\"image\" itemscope=\"itemscope\" itemtype=\"https:\/\/schema.org\/ImageObject\" ><div class=\"avia-image-container-inner\"><div class=\"avia-image-overlay-wrap\"><img decoding=\"async\" fetchpriority=\"high\" class='wp-image-451 avia-img-lazy-loading-not-451 avia_image ' src=\"https:\/\/retrofit.de\/wp-content\/uploads\/2023\/04\/Falko-Rehorst-_-Vertrieb-bei-HDC.webp\" alt='Falko Rehorst-Vertrieb-bei-HDC' title='Falko Rehorst-Vertrieb-bei-HDC'  height=\"400\" width=\"400\"  itemprop=\"thumbnailUrl\" srcset=\"https:\/\/retrofit.de\/wp-content\/uploads\/2023\/04\/Falko-Rehorst-_-Vertrieb-bei-HDC.webp 400w, https:\/\/retrofit.de\/wp-content\/uploads\/2023\/04\/Falko-Rehorst-_-Vertrieb-bei-HDC-300x300.webp 300w, https:\/\/retrofit.de\/wp-content\/uploads\/2023\/04\/Falko-Rehorst-_-Vertrieb-bei-HDC-80x80.webp 80w, https:\/\/retrofit.de\/wp-content\/uploads\/2023\/04\/Falko-Rehorst-_-Vertrieb-bei-HDC-36x36.webp 36w, https:\/\/retrofit.de\/wp-content\/uploads\/2023\/04\/Falko-Rehorst-_-Vertrieb-bei-HDC-180x180.webp 180w\" sizes=\"(max-width: 400px) 100vw, 400px\" \/><\/div><\/div><\/div><\/div><div  class='flex_column av-418sgt-3f80011d71dca2ab8cb605108cfb6906 av_one_half  avia-builder-el-12  el_after_av_one_fourth  avia-builder-el-last  linie-links flex_column_div  column-top-margin'     ><style type=\"text\/css\" data-created_by=\"avia_inline_auto\" id=\"style-css-av-2z1u0d-3d99d5f835e7c689f4ad0c25624d114f\">\n#top .av_textblock_section.av-2z1u0d-3d99d5f835e7c689f4ad0c25624d114f .avia_textblock{\nfont-size:18px;\n}\n<\/style>\n<section  class='av_textblock_section av-2z1u0d-3d99d5f835e7c689f4ad0c25624d114f '   itemscope=\"itemscope\" itemtype=\"https:\/\/schema.org\/CreativeWork\" ><div class='avia_textblock kontakt'  itemprop=\"text\" ><p><strong>Falko Rehorst<\/strong><\/p>\n<p>Berater f\u00fcr Maschinensicherheit<br \/>\nHuttelmaier GmbH<\/p>\n<p><strong>Kontaktieren Sie mich<\/strong><\/p>\n<p><img loading=\"lazy\" decoding=\"async\" style=\"margin-right: 10px;\" src=\"https:\/\/retrofit.de\/wp-content\/uploads\/2023\/04\/HDC-Website_Kontakt-Icons_Phone.svg\" width=\"32\" height=\"32\" \/><a href=\"tel:+4971819786829\">+49 (0) 7181-97868-29<\/a><br \/>\n<img loading=\"lazy\" decoding=\"async\" style=\"margin-right: 10px; margin-bottom: -5px; padding-top: 5px;\" src=\"https:\/\/retrofit.de\/wp-content\/uploads\/2023\/04\/HDC-Website_Kontakt-Icons_Mobile.svg\" width=\"32\" height=\"32\" \/><a href=\"tel:+491727121011\">+49 (0) 172-7121011<\/a><br \/>\n<img loading=\"lazy\" decoding=\"async\" style=\"margin-right: 10px; margin-bottom: -10px; padding-top: 10px;\" src=\"https:\/\/retrofit.de\/wp-content\/uploads\/2023\/04\/HDC-Website_Kontakt-Icons_Mail.svg\" width=\"32\" height=\"32\" \/><a href=\"mailto:rehorst@huttelmaier.de\">rehorst@huttelmaier.de<\/a><\/p>\n<p>Ich freue mich auf ein Gespr\u00e4ch mit Ihnen!<\/p>\n<\/div><\/section><\/div>\n<\/p>\n","protected":false},"excerpt":{"rendered":"","protected":false},"author":5,"featured_media":0,"parent":4454,"menu_order":0,"comment_status":"closed","ping_status":"closed","template":"","meta":{"footnotes":""},"class_list":["post-4461","page","type-page","status-publish","hentry"],"yoast_head":"<!-- This site is optimized with the Yoast SEO plugin v27.3 - https:\/\/yoast.com\/product\/yoast-seo-wordpress\/ -->\n<title>Schutzeinrichtungen an CNC Bohrmaschinen nachr\u00fcsten \u2013 HDC<\/title>\n<meta name=\"description\" content=\"Schutzeinrichtungen an CNC Bohrmaschinen nachr\u00fcsten \u2713 Gef\u00e4hrdungsbeurteilung \u2606 Speziell entwickelte L\u00f6sungen \u27a8 Erfahrung seit 1947!\" \/>\n<meta name=\"robots\" content=\"index, follow, max-snippet:-1, max-image-preview:large, max-video-preview:-1\" \/>\n<link rel=\"canonical\" href=\"https:\/\/retrofit.de\/index.php\/de\/maschinenueberholung\/maschinenmodernisierung\/schutzeinrichtungen-an-werkzeugmaschinen\/cnc-bohrmaschinen\/\" \/>\n<meta property=\"og:locale\" content=\"de_DE\" \/>\n<meta property=\"og:type\" content=\"article\" \/>\n<meta property=\"og:title\" content=\"Schutzeinrichtungen an CNC Bohrmaschinen nachr\u00fcsten \u2013 HDC\" \/>\n<meta property=\"og:description\" content=\"Schutzeinrichtungen an CNC Bohrmaschinen nachr\u00fcsten \u2713 Gef\u00e4hrdungsbeurteilung \u2606 Speziell entwickelte L\u00f6sungen \u27a8 Erfahrung seit 1947!\" \/>\n<meta property=\"og:url\" content=\"https:\/\/retrofit.de\/index.php\/de\/maschinenueberholung\/maschinenmodernisierung\/schutzeinrichtungen-an-werkzeugmaschinen\/cnc-bohrmaschinen\/\" \/>\n<meta property=\"og:site_name\" content=\"HDC Huttelmaier Retrofit\" \/>\n<meta property=\"article:modified_time\" content=\"2025-03-18T09:10:09+00:00\" \/>\n<meta property=\"og:image\" content=\"https:\/\/retrofit.de\/wp-content\/uploads\/2023\/04\/HDC-Website_Kontakt-Icons_Phone.svg\" \/>\n<meta name=\"twitter:card\" content=\"summary_large_image\" \/>\n<meta name=\"twitter:label1\" content=\"Gesch\u00e4tzte Lesezeit\" \/>\n\t<meta name=\"twitter:data1\" content=\"2\u00a0Minuten\" \/>\n<script type=\"application\/ld+json\" class=\"yoast-schema-graph\">{\"@context\":\"https:\\\/\\\/schema.org\",\"@graph\":[{\"@type\":\"WebPage\",\"@id\":\"https:\\\/\\\/retrofit.de\\\/index.php\\\/de\\\/maschinenueberholung\\\/maschinenmodernisierung\\\/schutzeinrichtungen-an-werkzeugmaschinen\\\/cnc-bohrmaschinen\\\/\",\"url\":\"https:\\\/\\\/retrofit.de\\\/index.php\\\/de\\\/maschinenueberholung\\\/maschinenmodernisierung\\\/schutzeinrichtungen-an-werkzeugmaschinen\\\/cnc-bohrmaschinen\\\/\",\"name\":\"Schutzeinrichtungen an CNC Bohrmaschinen nachr\u00fcsten \u2013 HDC\",\"isPartOf\":{\"@id\":\"https:\\\/\\\/retrofit.de\\\/#website\"},\"primaryImageOfPage\":{\"@id\":\"https:\\\/\\\/retrofit.de\\\/index.php\\\/de\\\/maschinenueberholung\\\/maschinenmodernisierung\\\/schutzeinrichtungen-an-werkzeugmaschinen\\\/cnc-bohrmaschinen\\\/#primaryimage\"},\"image\":{\"@id\":\"https:\\\/\\\/retrofit.de\\\/index.php\\\/de\\\/maschinenueberholung\\\/maschinenmodernisierung\\\/schutzeinrichtungen-an-werkzeugmaschinen\\\/cnc-bohrmaschinen\\\/#primaryimage\"},\"thumbnailUrl\":\"https:\\\/\\\/retrofit.de\\\/wp-content\\\/uploads\\\/2023\\\/04\\\/HDC-Website_Kontakt-Icons_Phone.svg\",\"datePublished\":\"2025-03-17T11:17:33+00:00\",\"dateModified\":\"2025-03-18T09:10:09+00:00\",\"description\":\"Schutzeinrichtungen an CNC Bohrmaschinen nachr\u00fcsten \u2713 Gef\u00e4hrdungsbeurteilung \u2606 Speziell entwickelte L\u00f6sungen \u27a8 Erfahrung seit 1947!\",\"breadcrumb\":{\"@id\":\"https:\\\/\\\/retrofit.de\\\/index.php\\\/de\\\/maschinenueberholung\\\/maschinenmodernisierung\\\/schutzeinrichtungen-an-werkzeugmaschinen\\\/cnc-bohrmaschinen\\\/#breadcrumb\"},\"inLanguage\":\"de\",\"potentialAction\":[{\"@type\":\"ReadAction\",\"target\":[\"https:\\\/\\\/retrofit.de\\\/index.php\\\/de\\\/maschinenueberholung\\\/maschinenmodernisierung\\\/schutzeinrichtungen-an-werkzeugmaschinen\\\/cnc-bohrmaschinen\\\/\"]}]},{\"@type\":\"ImageObject\",\"inLanguage\":\"de\",\"@id\":\"https:\\\/\\\/retrofit.de\\\/index.php\\\/de\\\/maschinenueberholung\\\/maschinenmodernisierung\\\/schutzeinrichtungen-an-werkzeugmaschinen\\\/cnc-bohrmaschinen\\\/#primaryimage\",\"url\":\"https:\\\/\\\/retrofit.de\\\/wp-content\\\/uploads\\\/2023\\\/04\\\/HDC-Website_Kontakt-Icons_Phone.svg\",\"contentUrl\":\"https:\\\/\\\/retrofit.de\\\/wp-content\\\/uploads\\\/2023\\\/04\\\/HDC-Website_Kontakt-Icons_Phone.svg\"},{\"@type\":\"BreadcrumbList\",\"@id\":\"https:\\\/\\\/retrofit.de\\\/index.php\\\/de\\\/maschinenueberholung\\\/maschinenmodernisierung\\\/schutzeinrichtungen-an-werkzeugmaschinen\\\/cnc-bohrmaschinen\\\/#breadcrumb\",\"itemListElement\":[{\"@type\":\"ListItem\",\"position\":1,\"name\":\"Startseite\",\"item\":\"https:\\\/\\\/retrofit.de\\\/index.php\\\/de\\\/startseite\\\/\"},{\"@type\":\"ListItem\",\"position\":2,\"name\":\"Maschinen\u00fcberholung\",\"item\":\"https:\\\/\\\/retrofit.de\\\/index.php\\\/de\\\/maschinenueberholung\\\/\"},{\"@type\":\"ListItem\",\"position\":3,\"name\":\"Modernisierung\",\"item\":\"https:\\\/\\\/retrofit.de\\\/index.php\\\/de\\\/maschinenueberholung\\\/maschinenmodernisierung\\\/\"},{\"@type\":\"ListItem\",\"position\":4,\"name\":\"Schutzeinrichtungen an Werkzeugmaschinen\",\"item\":\"https:\\\/\\\/retrofit.de\\\/index.php\\\/de\\\/maschinenueberholung\\\/maschinenmodernisierung\\\/schutzeinrichtungen-an-werkzeugmaschinen\\\/\"},{\"@type\":\"ListItem\",\"position\":5,\"name\":\"Schutzeinrichtungen an Bohrmaschinen\"}]},{\"@type\":\"WebSite\",\"@id\":\"https:\\\/\\\/retrofit.de\\\/#website\",\"url\":\"https:\\\/\\\/retrofit.de\\\/\",\"name\":\"HDC Huttelmaier Retrofit\",\"description\":\"Maschinen \u00dcberholung f\u00fcr High End Pr\u00e4zision\",\"publisher\":{\"@id\":\"https:\\\/\\\/retrofit.de\\\/#organization\"},\"potentialAction\":[{\"@type\":\"SearchAction\",\"target\":{\"@type\":\"EntryPoint\",\"urlTemplate\":\"https:\\\/\\\/retrofit.de\\\/?s={search_term_string}\"},\"query-input\":{\"@type\":\"PropertyValueSpecification\",\"valueRequired\":true,\"valueName\":\"search_term_string\"}}],\"inLanguage\":\"de\"},{\"@type\":\"Organization\",\"@id\":\"https:\\\/\\\/retrofit.de\\\/#organization\",\"name\":\"HDC Huttelmaier GmbH\",\"alternateName\":\"HDC\",\"url\":\"https:\\\/\\\/retrofit.de\\\/\",\"logo\":{\"@type\":\"ImageObject\",\"inLanguage\":\"de\",\"@id\":\"https:\\\/\\\/retrofit.de\\\/#\\\/schema\\\/logo\\\/image\\\/\",\"url\":\"https:\\\/\\\/retrofit.de\\\/wp-content\\\/uploads\\\/2023\\\/04\\\/Logo.jpg\",\"contentUrl\":\"https:\\\/\\\/retrofit.de\\\/wp-content\\\/uploads\\\/2023\\\/04\\\/Logo.jpg\",\"width\":2083,\"height\":2083,\"caption\":\"HDC Huttelmaier GmbH\"},\"image\":{\"@id\":\"https:\\\/\\\/retrofit.de\\\/#\\\/schema\\\/logo\\\/image\\\/\"}}]}<\/script>\n<!-- \/ Yoast SEO plugin. -->","yoast_head_json":{"title":"Schutzeinrichtungen an CNC Bohrmaschinen nachr\u00fcsten \u2013 HDC","description":"Schutzeinrichtungen an CNC Bohrmaschinen nachr\u00fcsten \u2713 Gef\u00e4hrdungsbeurteilung \u2606 Speziell entwickelte L\u00f6sungen \u27a8 Erfahrung seit 1947!","robots":{"index":"index","follow":"follow","max-snippet":"max-snippet:-1","max-image-preview":"max-image-preview:large","max-video-preview":"max-video-preview:-1"},"canonical":"https:\/\/retrofit.de\/index.php\/de\/maschinenueberholung\/maschinenmodernisierung\/schutzeinrichtungen-an-werkzeugmaschinen\/cnc-bohrmaschinen\/","og_locale":"de_DE","og_type":"article","og_title":"Schutzeinrichtungen an CNC Bohrmaschinen nachr\u00fcsten \u2013 HDC","og_description":"Schutzeinrichtungen an CNC Bohrmaschinen nachr\u00fcsten \u2713 Gef\u00e4hrdungsbeurteilung \u2606 Speziell entwickelte L\u00f6sungen \u27a8 Erfahrung seit 1947!","og_url":"https:\/\/retrofit.de\/index.php\/de\/maschinenueberholung\/maschinenmodernisierung\/schutzeinrichtungen-an-werkzeugmaschinen\/cnc-bohrmaschinen\/","og_site_name":"HDC Huttelmaier Retrofit","article_modified_time":"2025-03-18T09:10:09+00:00","og_image":[{"url":"https:\/\/retrofit.de\/wp-content\/uploads\/2023\/04\/HDC-Website_Kontakt-Icons_Phone.svg","type":"","width":"","height":""}],"twitter_card":"summary_large_image","twitter_misc":{"Gesch\u00e4tzte Lesezeit":"2\u00a0Minuten"},"schema":{"@context":"https:\/\/schema.org","@graph":[{"@type":"WebPage","@id":"https:\/\/retrofit.de\/index.php\/de\/maschinenueberholung\/maschinenmodernisierung\/schutzeinrichtungen-an-werkzeugmaschinen\/cnc-bohrmaschinen\/","url":"https:\/\/retrofit.de\/index.php\/de\/maschinenueberholung\/maschinenmodernisierung\/schutzeinrichtungen-an-werkzeugmaschinen\/cnc-bohrmaschinen\/","name":"Schutzeinrichtungen an CNC Bohrmaschinen nachr\u00fcsten \u2013 HDC","isPartOf":{"@id":"https:\/\/retrofit.de\/#website"},"primaryImageOfPage":{"@id":"https:\/\/retrofit.de\/index.php\/de\/maschinenueberholung\/maschinenmodernisierung\/schutzeinrichtungen-an-werkzeugmaschinen\/cnc-bohrmaschinen\/#primaryimage"},"image":{"@id":"https:\/\/retrofit.de\/index.php\/de\/maschinenueberholung\/maschinenmodernisierung\/schutzeinrichtungen-an-werkzeugmaschinen\/cnc-bohrmaschinen\/#primaryimage"},"thumbnailUrl":"https:\/\/retrofit.de\/wp-content\/uploads\/2023\/04\/HDC-Website_Kontakt-Icons_Phone.svg","datePublished":"2025-03-17T11:17:33+00:00","dateModified":"2025-03-18T09:10:09+00:00","description":"Schutzeinrichtungen an CNC Bohrmaschinen nachr\u00fcsten \u2713 Gef\u00e4hrdungsbeurteilung \u2606 Speziell entwickelte L\u00f6sungen \u27a8 Erfahrung seit 1947!","breadcrumb":{"@id":"https:\/\/retrofit.de\/index.php\/de\/maschinenueberholung\/maschinenmodernisierung\/schutzeinrichtungen-an-werkzeugmaschinen\/cnc-bohrmaschinen\/#breadcrumb"},"inLanguage":"de","potentialAction":[{"@type":"ReadAction","target":["https:\/\/retrofit.de\/index.php\/de\/maschinenueberholung\/maschinenmodernisierung\/schutzeinrichtungen-an-werkzeugmaschinen\/cnc-bohrmaschinen\/"]}]},{"@type":"ImageObject","inLanguage":"de","@id":"https:\/\/retrofit.de\/index.php\/de\/maschinenueberholung\/maschinenmodernisierung\/schutzeinrichtungen-an-werkzeugmaschinen\/cnc-bohrmaschinen\/#primaryimage","url":"https:\/\/retrofit.de\/wp-content\/uploads\/2023\/04\/HDC-Website_Kontakt-Icons_Phone.svg","contentUrl":"https:\/\/retrofit.de\/wp-content\/uploads\/2023\/04\/HDC-Website_Kontakt-Icons_Phone.svg"},{"@type":"BreadcrumbList","@id":"https:\/\/retrofit.de\/index.php\/de\/maschinenueberholung\/maschinenmodernisierung\/schutzeinrichtungen-an-werkzeugmaschinen\/cnc-bohrmaschinen\/#breadcrumb","itemListElement":[{"@type":"ListItem","position":1,"name":"Startseite","item":"https:\/\/retrofit.de\/index.php\/de\/startseite\/"},{"@type":"ListItem","position":2,"name":"Maschinen\u00fcberholung","item":"https:\/\/retrofit.de\/index.php\/de\/maschinenueberholung\/"},{"@type":"ListItem","position":3,"name":"Modernisierung","item":"https:\/\/retrofit.de\/index.php\/de\/maschinenueberholung\/maschinenmodernisierung\/"},{"@type":"ListItem","position":4,"name":"Schutzeinrichtungen an Werkzeugmaschinen","item":"https:\/\/retrofit.de\/index.php\/de\/maschinenueberholung\/maschinenmodernisierung\/schutzeinrichtungen-an-werkzeugmaschinen\/"},{"@type":"ListItem","position":5,"name":"Schutzeinrichtungen an Bohrmaschinen"}]},{"@type":"WebSite","@id":"https:\/\/retrofit.de\/#website","url":"https:\/\/retrofit.de\/","name":"HDC Huttelmaier Retrofit","description":"Maschinen \u00dcberholung f\u00fcr High End Pr\u00e4zision","publisher":{"@id":"https:\/\/retrofit.de\/#organization"},"potentialAction":[{"@type":"SearchAction","target":{"@type":"EntryPoint","urlTemplate":"https:\/\/retrofit.de\/?s={search_term_string}"},"query-input":{"@type":"PropertyValueSpecification","valueRequired":true,"valueName":"search_term_string"}}],"inLanguage":"de"},{"@type":"Organization","@id":"https:\/\/retrofit.de\/#organization","name":"HDC Huttelmaier GmbH","alternateName":"HDC","url":"https:\/\/retrofit.de\/","logo":{"@type":"ImageObject","inLanguage":"de","@id":"https:\/\/retrofit.de\/#\/schema\/logo\/image\/","url":"https:\/\/retrofit.de\/wp-content\/uploads\/2023\/04\/Logo.jpg","contentUrl":"https:\/\/retrofit.de\/wp-content\/uploads\/2023\/04\/Logo.jpg","width":2083,"height":2083,"caption":"HDC Huttelmaier GmbH"},"image":{"@id":"https:\/\/retrofit.de\/#\/schema\/logo\/image\/"}}]}},"_links":{"self":[{"href":"https:\/\/retrofit.de\/index.php\/wp-json\/wp\/v2\/pages\/4461","targetHints":{"allow":["GET"]}}],"collection":[{"href":"https:\/\/retrofit.de\/index.php\/wp-json\/wp\/v2\/pages"}],"about":[{"href":"https:\/\/retrofit.de\/index.php\/wp-json\/wp\/v2\/types\/page"}],"author":[{"embeddable":true,"href":"https:\/\/retrofit.de\/index.php\/wp-json\/wp\/v2\/users\/5"}],"replies":[{"embeddable":true,"href":"https:\/\/retrofit.de\/index.php\/wp-json\/wp\/v2\/comments?post=4461"}],"version-history":[{"count":6,"href":"https:\/\/retrofit.de\/index.php\/wp-json\/wp\/v2\/pages\/4461\/revisions"}],"predecessor-version":[{"id":4560,"href":"https:\/\/retrofit.de\/index.php\/wp-json\/wp\/v2\/pages\/4461\/revisions\/4560"}],"up":[{"embeddable":true,"href":"https:\/\/retrofit.de\/index.php\/wp-json\/wp\/v2\/pages\/4454"}],"wp:attachment":[{"href":"https:\/\/retrofit.de\/index.php\/wp-json\/wp\/v2\/media?parent=4461"}],"curies":[{"name":"wp","href":"https:\/\/api.w.org\/{rel}","templated":true}]}}