{"id":4454,"date":"2025-03-17T12:10:02","date_gmt":"2025-03-17T11:10:02","guid":{"rendered":"https:\/\/retrofit.de\/?page_id=4454"},"modified":"2025-03-18T10:03:41","modified_gmt":"2025-03-18T09:03:41","slug":"schutzeinrichtungen-an-werkzeugmaschinen","status":"publish","type":"page","link":"https:\/\/retrofit.de\/index.php\/de\/maschinenueberholung\/maschinenmodernisierung\/schutzeinrichtungen-an-werkzeugmaschinen\/","title":{"rendered":"Schutzeinrichtungen an Werkzeugmaschinen"},"content":{"rendered":"<div id='av_section_1'  class='avia-section av-23mseu-dab5293d99d986f79142bb575e1b0cfd main_color avia-section-default avia-no-border-styling  avia-builder-el-0  el_before_av_section  avia-builder-el-first  avia-bg-style-scroll container_wrap fullsize'  ><div class='container av-section-cont-open' ><main  role=\"main\" itemprop=\"mainContentOfPage\"  class='template-page content  av-content-full alpha units'><div class='post-entry post-entry-type-page post-entry-4454'><div class='entry-content-wrapper clearfix'>\n<div  class='flex_column av-irt87a-3b9afd44b4d2db8fdd9ebdaa73b37bca av_one_full  avia-builder-el-1  el_before_av_one_full  avia-builder-el-first  first flex_column_div  '     ><p>\n<style type=\"text\/css\" data-created_by=\"avia_inline_auto\" id=\"style-css-av-m8cymdfc-c44c629ef06a612f53904475805101f1\">\n#top .av-special-heading.av-m8cymdfc-c44c629ef06a612f53904475805101f1{\npadding-bottom:10px;\n}\nbody .av-special-heading.av-m8cymdfc-c44c629ef06a612f53904475805101f1 .av-special-heading-tag .heading-char{\nfont-size:25px;\n}\n.av-special-heading.av-m8cymdfc-c44c629ef06a612f53904475805101f1 .av-subheading{\nfont-size:15px;\n}\n<\/style>\n<div  class='av-special-heading av-m8cymdfc-c44c629ef06a612f53904475805101f1 av-special-heading-h1 blockquote modern-quote  avia-builder-el-2  el_before_av_textblock  avia-builder-el-first '><h1 class='av-special-heading-tag '  itemprop=\"headline\"  >Schutzeinrichtungen an Werkzeugmaschine<\/h1><div class=\"special-heading-border\"><div class=\"special-heading-inner-border\"><\/div><\/div><\/div><br \/>\n<section  class='av_textblock_section av-1kizly-03cdff0ca4864a890ac6a81f74305683 '   itemscope=\"itemscope\" itemtype=\"https:\/\/schema.org\/CreativeWork\" ><div class='avia_textblock av_inherit_color'  itemprop=\"text\" ><p>Die Betriebssicherheitsverordnung trifft eine klare Aussage: Schutzeinrichtungen an Werkzeugmaschinen sind notwendig. Oftmals werden die nachger\u00fcsteten Schutzeinrichtungen aber als unpraktisch wahrgenommen. Sie st\u00f6ren einen effektiven Fertigungsablauf und erscheinen l\u00e4stig.<\/p>\n<p>Anders die in Deutschland exklusiv von HDC Huttelmaier angebotenen Schutzeinrichtungen des finnischen Herstellers <a href=\"https:\/\/retrofit.de\/index.php\/de\/maschinenueberholung\/maschinenmodernisierung\/schutzeinrichtungen-an-werkzeugmaschinen\/finnsafety-maschinensicherheit-werkzeugmaschinen\/\">FinnSafety<\/a>. Leichte Handhabung, einfache Justage und ein unglaublich gro\u00dfer Mehrwert durch LED-Technik k\u00f6nnen Schutzeinrichtungen zu beliebten Begleitern im Alltag werden lassen.<\/p>\n<\/div><\/section><\/p><\/div><div  class='flex_column av-dnps8m-86b59b4e23e0a7d1f4ca83eed208a281 av_one_full  avia-builder-el-4  el_after_av_one_full  avia-builder-el-last  first flex_column_div  column-top-margin'     ><p>\n<style type=\"text\/css\" data-created_by=\"avia_inline_auto\" id=\"style-css-av-m8cyohk1-ffa0e56a4c8d8f671ceba0315cd4f657\">\n#top .av-special-heading.av-m8cyohk1-ffa0e56a4c8d8f671ceba0315cd4f657{\npadding-bottom:10px;\n}\nbody .av-special-heading.av-m8cyohk1-ffa0e56a4c8d8f671ceba0315cd4f657 .av-special-heading-tag .heading-char{\nfont-size:25px;\n}\n.av-special-heading.av-m8cyohk1-ffa0e56a4c8d8f671ceba0315cd4f657 .av-subheading{\nfont-size:15px;\n}\n<\/style>\n<div  class='av-special-heading av-m8cyohk1-ffa0e56a4c8d8f671ceba0315cd4f657 av-special-heading-h2 blockquote modern-quote  avia-builder-el-5  el_before_av_textblock  avia-builder-el-first '><h2 class='av-special-heading-tag '  itemprop=\"headline\"  >Maschinensicherheit pr\u00fcfen und umsetzen<\/h2><div class=\"special-heading-border\"><div class=\"special-heading-inner-border\"><\/div><\/div><\/div><br \/>\n<section  class='av_textblock_section av-m8cyo192-a5893bcb47e68038c24f8071faec87ac '   itemscope=\"itemscope\" itemtype=\"https:\/\/schema.org\/CreativeWork\" ><div class='avia_textblock av_inherit_color'  itemprop=\"text\" ><p>Zuerst pr\u00fcfen wir f\u00fcr Sie die Maschinensicherheit durch eine professionelle <a href=\"https:\/\/retrofit.de\/index.php\/de\/maschinenueberholung\/maschinenmodernisierung\/schutzeinrichtungen-an-werkzeugmaschinen\/gefaehrdungsbeurteilung-werkzeugmaschinen\/\">Gef\u00e4hrdungsbeurteilung<\/a> Ihrer Maschinen.<\/p>\n<p>Zur Nachr\u00fcstung bieten wir dann speziell f\u00fcr Werkzeugmaschinen entwickelte Schutzeinrichtungen f\u00fcr:<\/p>\n<ul>\n<li><a href=\"https:\/\/retrofit.de\/index.php\/de\/maschinenueberholung\/maschinenmodernisierung\/schutzeinrichtungen-an-werkzeugmaschinen\/cnc-bohrmaschinen\/\">Bohrmaschinen<\/a><\/li>\n<li><a href=\"https:\/\/retrofit.de\/index.php\/de\/maschinenueberholung\/maschinenmodernisierung\/schutzeinrichtungen-an-werkzeugmaschinen\/cnc-drehmaschinen\/\">Drehmaschinen<\/a><\/li>\n<li><a href=\"https:\/\/retrofit.de\/index.php\/de\/maschinenueberholung\/maschinenmodernisierung\/schutzeinrichtungen-an-werkzeugmaschinen\/cnc-fraesmaschinen\/\">Fr\u00e4smaschinen<\/a><\/li>\n<li><a href=\"https:\/\/retrofit.de\/index.php\/de\/maschinenueberholung\/maschinenmodernisierung\/schutzeinrichtungen-an-werkzeugmaschinen\/cnc-schleifmaschinen\/\">Schleifmaschinen<\/a><\/li>\n<\/ul>\n<p>HDC steht f\u00fcr Beratung und Umsetzung zur Maschinensicherheit aus einer Hand mit praktischer Erfahrung seit 1947.<\/p>\n<\/div><\/section><\/p><\/div><\/div><\/div><\/main><!-- close content main element --><\/div><\/div><div id='av_section_2'  class='avia-section av-b1o5iu-cc41c45b4f1b0f2fcf07f66043629fdf main_color avia-section-default avia-no-border-styling  avia-builder-el-7  el_after_av_section  avia-builder-el-last  avia-bg-style-scroll container_wrap fullsize'  ><div class='container av-section-cont-open' ><div class='template-page content  av-content-full alpha units'><div class='post-entry post-entry-type-page post-entry-4454'><div class='entry-content-wrapper clearfix'>\n\n<style type=\"text\/css\" data-created_by=\"avia_inline_auto\" id=\"style-css-av-907wme-c89af5cbfcbc357900f7a5c5765f506d\">\n#top .av_textblock_section.av-907wme-c89af5cbfcbc357900f7a5c5765f506d .avia_textblock{\nfont-size:30px;\n}\n<\/style>\n<section  class='av_textblock_section av-907wme-c89af5cbfcbc357900f7a5c5765f506d '   itemscope=\"itemscope\" itemtype=\"https:\/\/schema.org\/CreativeWork\" ><div class='avia_textblock'  itemprop=\"text\" ><p>HDC Huttelmaier \u2013 Ihr Maschinensicherheitsexperte<\/p>\n<\/div><\/section>\n<div  class='flex_column av-85i5iu-cf59704a1ea81c372e63dc58ee7b8bdd av_one_fourth  avia-builder-el-9  el_after_av_textblock  el_before_av_one_half  first flex_column_div  column-top-margin'     ><style type=\"text\/css\" data-created_by=\"avia_inline_auto\" id=\"style-css-av-60x5za-9357016f0eb6faa2e01d682fcb55e1c2\">\n.avia-image-container.av-60x5za-9357016f0eb6faa2e01d682fcb55e1c2 img.avia_image{\nbox-shadow:none;\n}\n.avia-image-container.av-60x5za-9357016f0eb6faa2e01d682fcb55e1c2 .av-image-caption-overlay-center{\ncolor:#ffffff;\n}\n<\/style>\n<div  class='avia-image-container av-60x5za-9357016f0eb6faa2e01d682fcb55e1c2 av-styling- avia-align-center  avia-builder-el-10  avia-builder-el-no-sibling '   itemprop=\"image\" itemscope=\"itemscope\" itemtype=\"https:\/\/schema.org\/ImageObject\" ><div class=\"avia-image-container-inner\"><div class=\"avia-image-overlay-wrap\"><img decoding=\"async\" fetchpriority=\"high\" class='wp-image-451 avia-img-lazy-loading-not-451 avia_image ' src=\"https:\/\/retrofit.de\/wp-content\/uploads\/2023\/04\/Falko-Rehorst-_-Vertrieb-bei-HDC.webp\" alt='Falko Rehorst-Vertrieb-bei-HDC' title='Falko Rehorst-Vertrieb-bei-HDC'  height=\"400\" width=\"400\"  itemprop=\"thumbnailUrl\" srcset=\"https:\/\/retrofit.de\/wp-content\/uploads\/2023\/04\/Falko-Rehorst-_-Vertrieb-bei-HDC.webp 400w, https:\/\/retrofit.de\/wp-content\/uploads\/2023\/04\/Falko-Rehorst-_-Vertrieb-bei-HDC-300x300.webp 300w, https:\/\/retrofit.de\/wp-content\/uploads\/2023\/04\/Falko-Rehorst-_-Vertrieb-bei-HDC-80x80.webp 80w, https:\/\/retrofit.de\/wp-content\/uploads\/2023\/04\/Falko-Rehorst-_-Vertrieb-bei-HDC-36x36.webp 36w, https:\/\/retrofit.de\/wp-content\/uploads\/2023\/04\/Falko-Rehorst-_-Vertrieb-bei-HDC-180x180.webp 180w\" sizes=\"(max-width: 400px) 100vw, 400px\" \/><\/div><\/div><\/div><\/div><div  class='flex_column av-4g1u9y-55d686f98f2bd4e648f986dcb5d7a369 av_one_half  avia-builder-el-11  el_after_av_one_fourth  avia-builder-el-last  linie-links flex_column_div  column-top-margin'     ><style type=\"text\/css\" data-created_by=\"avia_inline_auto\" id=\"style-css-av-1ylgmu-a09956c966c9dbcb80d3bcd110b33fea\">\n#top .av_textblock_section.av-1ylgmu-a09956c966c9dbcb80d3bcd110b33fea .avia_textblock{\nfont-size:18px;\n}\n<\/style>\n<section  class='av_textblock_section av-1ylgmu-a09956c966c9dbcb80d3bcd110b33fea '   itemscope=\"itemscope\" itemtype=\"https:\/\/schema.org\/CreativeWork\" ><div class='avia_textblock kontakt'  itemprop=\"text\" ><p><strong>Falko Rehorst<\/strong><\/p>\n<p style=\"line-height: 1.65em;\">Berater f\u00fcr Maschinensicherheit<br \/>\nHuttelmaier GmbH<\/p>\n<p><strong>Kontaktieren Sie mich<\/strong><\/p>\n<p><img loading=\"lazy\" decoding=\"async\" style=\"margin-right: 10px;\" src=\"https:\/\/retrofit.de\/wp-content\/uploads\/2023\/04\/HDC-Website_Kontakt-Icons_Phone.svg\" width=\"32\" height=\"32\" \/><a href=\"tel:+4971819786829\">+49 (0) 7181-97868-29<\/a><br \/>\n<img loading=\"lazy\" decoding=\"async\" style=\"margin-right: 10px; margin-bottom: -5px; padding-top: 5px;\" src=\"https:\/\/retrofit.de\/wp-content\/uploads\/2023\/04\/HDC-Website_Kontakt-Icons_Mobile.svg\" width=\"32\" height=\"32\" \/><a href=\"tel:+491727121011\">+49 (0) 172-7121011<\/a><br \/>\n<img loading=\"lazy\" decoding=\"async\" style=\"margin-right: 10px; margin-bottom: -10px; padding-top: 10px;\" src=\"https:\/\/retrofit.de\/wp-content\/uploads\/2023\/04\/HDC-Website_Kontakt-Icons_Mail.svg\" width=\"32\" height=\"32\" \/><a href=\"mailto:rehorst@huttelmaier.de\">rehorst@huttelmaier.de<\/a><\/p>\n<p>Ich freue mich auf ein Gespr\u00e4ch mit Ihnen!<\/p>\n<\/div><\/section><\/div>\n<\/p>\n","protected":false},"excerpt":{"rendered":"","protected":false},"author":5,"featured_media":0,"parent":139,"menu_order":0,"comment_status":"closed","ping_status":"closed","template":"","meta":{"footnotes":""},"class_list":["post-4454","page","type-page","status-publish","hentry"],"yoast_head":"<!-- This site is optimized with the Yoast SEO plugin v27.2 - https:\/\/yoast.com\/product\/yoast-seo-wordpress\/ -->\n<title>Schutzeinrichtungen an Werkzeugmaschinen nachr\u00fcsten \u2013 HDC<\/title>\n<meta name=\"description\" content=\"Schutzeinrichtungen an Werkzeugmaschinen nachr\u00fcsten \u2713 Gef\u00e4hrdungsbeurteilung \u2606 Speziell entwickelte L\u00f6sungen \u27a8 Erfahrung seit 1947!\" \/>\n<meta name=\"robots\" content=\"index, follow, max-snippet:-1, max-image-preview:large, max-video-preview:-1\" \/>\n<link rel=\"canonical\" href=\"https:\/\/retrofit.de\/index.php\/de\/maschinenueberholung\/maschinenmodernisierung\/schutzeinrichtungen-an-werkzeugmaschinen\/\" \/>\n<meta property=\"og:locale\" content=\"de_DE\" \/>\n<meta property=\"og:type\" content=\"article\" \/>\n<meta property=\"og:title\" content=\"Schutzeinrichtungen an Werkzeugmaschinen nachr\u00fcsten \u2013 HDC\" \/>\n<meta property=\"og:description\" content=\"Schutzeinrichtungen an Werkzeugmaschinen nachr\u00fcsten \u2713 Gef\u00e4hrdungsbeurteilung \u2606 Speziell entwickelte L\u00f6sungen \u27a8 Erfahrung seit 1947!\" \/>\n<meta property=\"og:url\" content=\"https:\/\/retrofit.de\/index.php\/de\/maschinenueberholung\/maschinenmodernisierung\/schutzeinrichtungen-an-werkzeugmaschinen\/\" \/>\n<meta property=\"og:site_name\" content=\"HDC Huttelmaier Retrofit\" \/>\n<meta property=\"article:modified_time\" content=\"2025-03-18T09:03:41+00:00\" \/>\n<meta property=\"og:image\" content=\"https:\/\/retrofit.de\/wp-content\/uploads\/2023\/04\/HDC-Website_Kontakt-Icons_Phone.svg\" \/>\n<meta name=\"twitter:card\" content=\"summary_large_image\" \/>\n<meta name=\"twitter:label1\" content=\"Gesch\u00e4tzte Lesezeit\" \/>\n\t<meta name=\"twitter:data1\" content=\"2\u00a0Minuten\" \/>\n<script type=\"application\/ld+json\" class=\"yoast-schema-graph\">{\"@context\":\"https:\/\/schema.org\",\"@graph\":[{\"@type\":\"WebPage\",\"@id\":\"https:\/\/retrofit.de\/index.php\/de\/maschinenueberholung\/maschinenmodernisierung\/schutzeinrichtungen-an-werkzeugmaschinen\/\",\"url\":\"https:\/\/retrofit.de\/index.php\/de\/maschinenueberholung\/maschinenmodernisierung\/schutzeinrichtungen-an-werkzeugmaschinen\/\",\"name\":\"Schutzeinrichtungen an Werkzeugmaschinen nachr\u00fcsten \u2013 HDC\",\"isPartOf\":{\"@id\":\"https:\/\/retrofit.de\/#website\"},\"primaryImageOfPage\":{\"@id\":\"https:\/\/retrofit.de\/index.php\/de\/maschinenueberholung\/maschinenmodernisierung\/schutzeinrichtungen-an-werkzeugmaschinen\/#primaryimage\"},\"image\":{\"@id\":\"https:\/\/retrofit.de\/index.php\/de\/maschinenueberholung\/maschinenmodernisierung\/schutzeinrichtungen-an-werkzeugmaschinen\/#primaryimage\"},\"thumbnailUrl\":\"https:\/\/retrofit.de\/wp-content\/uploads\/2023\/04\/HDC-Website_Kontakt-Icons_Phone.svg\",\"datePublished\":\"2025-03-17T11:10:02+00:00\",\"dateModified\":\"2025-03-18T09:03:41+00:00\",\"description\":\"Schutzeinrichtungen an Werkzeugmaschinen nachr\u00fcsten \u2713 Gef\u00e4hrdungsbeurteilung \u2606 Speziell entwickelte L\u00f6sungen \u27a8 Erfahrung seit 1947!\",\"breadcrumb\":{\"@id\":\"https:\/\/retrofit.de\/index.php\/de\/maschinenueberholung\/maschinenmodernisierung\/schutzeinrichtungen-an-werkzeugmaschinen\/#breadcrumb\"},\"inLanguage\":\"de\",\"potentialAction\":[{\"@type\":\"ReadAction\",\"target\":[\"https:\/\/retrofit.de\/index.php\/de\/maschinenueberholung\/maschinenmodernisierung\/schutzeinrichtungen-an-werkzeugmaschinen\/\"]}]},{\"@type\":\"ImageObject\",\"inLanguage\":\"de\",\"@id\":\"https:\/\/retrofit.de\/index.php\/de\/maschinenueberholung\/maschinenmodernisierung\/schutzeinrichtungen-an-werkzeugmaschinen\/#primaryimage\",\"url\":\"https:\/\/retrofit.de\/wp-content\/uploads\/2023\/04\/HDC-Website_Kontakt-Icons_Phone.svg\",\"contentUrl\":\"https:\/\/retrofit.de\/wp-content\/uploads\/2023\/04\/HDC-Website_Kontakt-Icons_Phone.svg\"},{\"@type\":\"BreadcrumbList\",\"@id\":\"https:\/\/retrofit.de\/index.php\/de\/maschinenueberholung\/maschinenmodernisierung\/schutzeinrichtungen-an-werkzeugmaschinen\/#breadcrumb\",\"itemListElement\":[{\"@type\":\"ListItem\",\"position\":1,\"name\":\"Startseite\",\"item\":\"https:\/\/retrofit.de\/index.php\/de\/startseite\/\"},{\"@type\":\"ListItem\",\"position\":2,\"name\":\"Maschinen\u00fcberholung\",\"item\":\"https:\/\/retrofit.de\/index.php\/de\/maschinenueberholung\/\"},{\"@type\":\"ListItem\",\"position\":3,\"name\":\"Modernisierung\",\"item\":\"https:\/\/retrofit.de\/index.php\/de\/maschinenueberholung\/maschinenmodernisierung\/\"},{\"@type\":\"ListItem\",\"position\":4,\"name\":\"Schutzeinrichtungen an Werkzeugmaschinen\"}]},{\"@type\":\"WebSite\",\"@id\":\"https:\/\/retrofit.de\/#website\",\"url\":\"https:\/\/retrofit.de\/\",\"name\":\"HDC Huttelmaier Retrofit\",\"description\":\"Maschinen \u00dcberholung f\u00fcr High End Pr\u00e4zision\",\"publisher\":{\"@id\":\"https:\/\/retrofit.de\/#organization\"},\"potentialAction\":[{\"@type\":\"SearchAction\",\"target\":{\"@type\":\"EntryPoint\",\"urlTemplate\":\"https:\/\/retrofit.de\/?s={search_term_string}\"},\"query-input\":{\"@type\":\"PropertyValueSpecification\",\"valueRequired\":true,\"valueName\":\"search_term_string\"}}],\"inLanguage\":\"de\"},{\"@type\":\"Organization\",\"@id\":\"https:\/\/retrofit.de\/#organization\",\"name\":\"HDC Huttelmaier GmbH\",\"alternateName\":\"HDC\",\"url\":\"https:\/\/retrofit.de\/\",\"logo\":{\"@type\":\"ImageObject\",\"inLanguage\":\"de\",\"@id\":\"https:\/\/retrofit.de\/#\/schema\/logo\/image\/\",\"url\":\"https:\/\/retrofit.de\/wp-content\/uploads\/2023\/04\/Logo.jpg\",\"contentUrl\":\"https:\/\/retrofit.de\/wp-content\/uploads\/2023\/04\/Logo.jpg\",\"width\":2083,\"height\":2083,\"caption\":\"HDC Huttelmaier GmbH\"},\"image\":{\"@id\":\"https:\/\/retrofit.de\/#\/schema\/logo\/image\/\"}}]}<\/script>\n<!-- \/ Yoast SEO plugin. -->","yoast_head_json":{"title":"Schutzeinrichtungen an Werkzeugmaschinen nachr\u00fcsten \u2013 HDC","description":"Schutzeinrichtungen an Werkzeugmaschinen nachr\u00fcsten \u2713 Gef\u00e4hrdungsbeurteilung \u2606 Speziell entwickelte L\u00f6sungen \u27a8 Erfahrung seit 1947!","robots":{"index":"index","follow":"follow","max-snippet":"max-snippet:-1","max-image-preview":"max-image-preview:large","max-video-preview":"max-video-preview:-1"},"canonical":"https:\/\/retrofit.de\/index.php\/de\/maschinenueberholung\/maschinenmodernisierung\/schutzeinrichtungen-an-werkzeugmaschinen\/","og_locale":"de_DE","og_type":"article","og_title":"Schutzeinrichtungen an Werkzeugmaschinen nachr\u00fcsten \u2013 HDC","og_description":"Schutzeinrichtungen an Werkzeugmaschinen nachr\u00fcsten \u2713 Gef\u00e4hrdungsbeurteilung \u2606 Speziell entwickelte L\u00f6sungen \u27a8 Erfahrung seit 1947!","og_url":"https:\/\/retrofit.de\/index.php\/de\/maschinenueberholung\/maschinenmodernisierung\/schutzeinrichtungen-an-werkzeugmaschinen\/","og_site_name":"HDC Huttelmaier Retrofit","article_modified_time":"2025-03-18T09:03:41+00:00","og_image":[{"url":"https:\/\/retrofit.de\/wp-content\/uploads\/2023\/04\/HDC-Website_Kontakt-Icons_Phone.svg","type":"","width":"","height":""}],"twitter_card":"summary_large_image","twitter_misc":{"Gesch\u00e4tzte Lesezeit":"2\u00a0Minuten"},"schema":{"@context":"https:\/\/schema.org","@graph":[{"@type":"WebPage","@id":"https:\/\/retrofit.de\/index.php\/de\/maschinenueberholung\/maschinenmodernisierung\/schutzeinrichtungen-an-werkzeugmaschinen\/","url":"https:\/\/retrofit.de\/index.php\/de\/maschinenueberholung\/maschinenmodernisierung\/schutzeinrichtungen-an-werkzeugmaschinen\/","name":"Schutzeinrichtungen an Werkzeugmaschinen nachr\u00fcsten \u2013 HDC","isPartOf":{"@id":"https:\/\/retrofit.de\/#website"},"primaryImageOfPage":{"@id":"https:\/\/retrofit.de\/index.php\/de\/maschinenueberholung\/maschinenmodernisierung\/schutzeinrichtungen-an-werkzeugmaschinen\/#primaryimage"},"image":{"@id":"https:\/\/retrofit.de\/index.php\/de\/maschinenueberholung\/maschinenmodernisierung\/schutzeinrichtungen-an-werkzeugmaschinen\/#primaryimage"},"thumbnailUrl":"https:\/\/retrofit.de\/wp-content\/uploads\/2023\/04\/HDC-Website_Kontakt-Icons_Phone.svg","datePublished":"2025-03-17T11:10:02+00:00","dateModified":"2025-03-18T09:03:41+00:00","description":"Schutzeinrichtungen an Werkzeugmaschinen nachr\u00fcsten \u2713 Gef\u00e4hrdungsbeurteilung \u2606 Speziell entwickelte L\u00f6sungen \u27a8 Erfahrung seit 1947!","breadcrumb":{"@id":"https:\/\/retrofit.de\/index.php\/de\/maschinenueberholung\/maschinenmodernisierung\/schutzeinrichtungen-an-werkzeugmaschinen\/#breadcrumb"},"inLanguage":"de","potentialAction":[{"@type":"ReadAction","target":["https:\/\/retrofit.de\/index.php\/de\/maschinenueberholung\/maschinenmodernisierung\/schutzeinrichtungen-an-werkzeugmaschinen\/"]}]},{"@type":"ImageObject","inLanguage":"de","@id":"https:\/\/retrofit.de\/index.php\/de\/maschinenueberholung\/maschinenmodernisierung\/schutzeinrichtungen-an-werkzeugmaschinen\/#primaryimage","url":"https:\/\/retrofit.de\/wp-content\/uploads\/2023\/04\/HDC-Website_Kontakt-Icons_Phone.svg","contentUrl":"https:\/\/retrofit.de\/wp-content\/uploads\/2023\/04\/HDC-Website_Kontakt-Icons_Phone.svg"},{"@type":"BreadcrumbList","@id":"https:\/\/retrofit.de\/index.php\/de\/maschinenueberholung\/maschinenmodernisierung\/schutzeinrichtungen-an-werkzeugmaschinen\/#breadcrumb","itemListElement":[{"@type":"ListItem","position":1,"name":"Startseite","item":"https:\/\/retrofit.de\/index.php\/de\/startseite\/"},{"@type":"ListItem","position":2,"name":"Maschinen\u00fcberholung","item":"https:\/\/retrofit.de\/index.php\/de\/maschinenueberholung\/"},{"@type":"ListItem","position":3,"name":"Modernisierung","item":"https:\/\/retrofit.de\/index.php\/de\/maschinenueberholung\/maschinenmodernisierung\/"},{"@type":"ListItem","position":4,"name":"Schutzeinrichtungen an Werkzeugmaschinen"}]},{"@type":"WebSite","@id":"https:\/\/retrofit.de\/#website","url":"https:\/\/retrofit.de\/","name":"HDC Huttelmaier Retrofit","description":"Maschinen \u00dcberholung f\u00fcr High End Pr\u00e4zision","publisher":{"@id":"https:\/\/retrofit.de\/#organization"},"potentialAction":[{"@type":"SearchAction","target":{"@type":"EntryPoint","urlTemplate":"https:\/\/retrofit.de\/?s={search_term_string}"},"query-input":{"@type":"PropertyValueSpecification","valueRequired":true,"valueName":"search_term_string"}}],"inLanguage":"de"},{"@type":"Organization","@id":"https:\/\/retrofit.de\/#organization","name":"HDC Huttelmaier GmbH","alternateName":"HDC","url":"https:\/\/retrofit.de\/","logo":{"@type":"ImageObject","inLanguage":"de","@id":"https:\/\/retrofit.de\/#\/schema\/logo\/image\/","url":"https:\/\/retrofit.de\/wp-content\/uploads\/2023\/04\/Logo.jpg","contentUrl":"https:\/\/retrofit.de\/wp-content\/uploads\/2023\/04\/Logo.jpg","width":2083,"height":2083,"caption":"HDC Huttelmaier GmbH"},"image":{"@id":"https:\/\/retrofit.de\/#\/schema\/logo\/image\/"}}]}},"_links":{"self":[{"href":"https:\/\/retrofit.de\/index.php\/wp-json\/wp\/v2\/pages\/4454","targetHints":{"allow":["GET"]}}],"collection":[{"href":"https:\/\/retrofit.de\/index.php\/wp-json\/wp\/v2\/pages"}],"about":[{"href":"https:\/\/retrofit.de\/index.php\/wp-json\/wp\/v2\/types\/page"}],"author":[{"embeddable":true,"href":"https:\/\/retrofit.de\/index.php\/wp-json\/wp\/v2\/users\/5"}],"replies":[{"embeddable":true,"href":"https:\/\/retrofit.de\/index.php\/wp-json\/wp\/v2\/comments?post=4454"}],"version-history":[{"count":11,"href":"https:\/\/retrofit.de\/index.php\/wp-json\/wp\/v2\/pages\/4454\/revisions"}],"predecessor-version":[{"id":4556,"href":"https:\/\/retrofit.de\/index.php\/wp-json\/wp\/v2\/pages\/4454\/revisions\/4556"}],"up":[{"embeddable":true,"href":"https:\/\/retrofit.de\/index.php\/wp-json\/wp\/v2\/pages\/139"}],"wp:attachment":[{"href":"https:\/\/retrofit.de\/index.php\/wp-json\/wp\/v2\/media?parent=4454"}],"curies":[{"name":"wp","href":"https:\/\/api.w.org\/{rel}","templated":true}]}}