{"id":4452,"date":"2025-03-17T12:14:10","date_gmt":"2025-03-17T11:14:10","guid":{"rendered":"https:\/\/retrofit.de\/?page_id=4452"},"modified":"2025-03-18T10:06:13","modified_gmt":"2025-03-18T09:06:13","slug":"gefaehrdungsbeurteilung-werkzeugmaschinen","status":"publish","type":"page","link":"https:\/\/retrofit.de\/index.php\/de\/maschinenueberholung\/maschinenmodernisierung\/schutzeinrichtungen-an-werkzeugmaschinen\/gefaehrdungsbeurteilung-werkzeugmaschinen\/","title":{"rendered":"Gef\u00e4hrdungsbeurteilung Werkzeugmaschinen"},"content":{"rendered":"<div id='av_section_1'  class='avia-section av-bvjono-76e56373e2f6d6cefce6a4dcb8e76ab7 main_color avia-section-default avia-no-border-styling  avia-builder-el-0  el_before_av_section  avia-builder-el-first  avia-bg-style-scroll container_wrap fullsize'  ><div class='container av-section-cont-open' ><main  role=\"main\" itemprop=\"mainContentOfPage\"  class='template-page content  av-content-full alpha units'><div class='post-entry post-entry-type-page post-entry-4452'><div class='entry-content-wrapper clearfix'>\n<div  class='flex_column av-auto2c-6965ba1486bae7d5f6205f083b6458a2 av_one_full  avia-builder-el-1  avia-builder-el-no-sibling  first flex_column_div  '     ><p>\n<style type=\"text\/css\" data-created_by=\"avia_inline_auto\" id=\"style-css-av-m8cyc08j-64928349ce364074185820cd778506b6\">\n#top .av-special-heading.av-m8cyc08j-64928349ce364074185820cd778506b6{\npadding-bottom:10px;\n}\nbody .av-special-heading.av-m8cyc08j-64928349ce364074185820cd778506b6 .av-special-heading-tag .heading-char{\nfont-size:25px;\n}\n.av-special-heading.av-m8cyc08j-64928349ce364074185820cd778506b6 .av-subheading{\nfont-size:15px;\n}\n<\/style>\n<div  class='av-special-heading av-m8cyc08j-64928349ce364074185820cd778506b6 av-special-heading-h1 blockquote modern-quote  avia-builder-el-2  el_before_av_textblock  avia-builder-el-first '><h1 class='av-special-heading-tag '  itemprop=\"headline\"  >Gef\u00e4hrdungsbeurteilung f\u00fcr Werkzeugmaschinen<\/h1><div class=\"special-heading-border\"><div class=\"special-heading-inner-border\"><\/div><\/div><\/div><br \/>\n<section  class='av_textblock_section av-m8cydihj-cca64df069609b39a1dc4312447a7e95 '   itemscope=\"itemscope\" itemtype=\"https:\/\/schema.org\/CreativeWork\" ><div class='avia_textblock av_inherit_color'  itemprop=\"text\" ><p>Eine professionelle Gef\u00e4hrdungsbeurteilung f\u00fcr Werkzeugmaschinen pr\u00fcft auf den aktuellen Stand der Sicherheitstechnik und die Einhaltung von Richtlinien.<\/p>\n<p>Wir bieten eine Gef\u00e4hrdungsbeurteilung f\u00fcr:<\/p>\n<ul>\n<li>CNC Bohrmaschinen<\/li>\n<li>CNC Drehmaschinen<\/li>\n<li>CNC Fr\u00e4smaschinen<\/li>\n<li>CNC Schleifmaschinen<\/li>\n<\/ul>\n<p>Nutzen Sie unsere Beratung zur Betriebssicherheitsverordnung bei CNC Maschinen. Wir helfen Ihnen die Maschinensicherheit zu pr\u00fcfen und auch umzusetzen.<\/p>\n<p>Dabei legen wir Wert auf eine praktische Handhabung, etwa durch<\/p>\n<ul>\n<li>einen Eingreifschutz<\/li>\n<li>trennende Schutzeinrichtungen<\/li>\n<li>bewegliche, trennende Schutzeinrichtungen<\/li>\n<\/ul>\n<\/div><\/section><\/p><\/div><\/div><\/div><\/main><!-- close content main element --><\/div><\/div><div id='av_section_2'  class='avia-section av-88fltg-c6a2a1c7607f0091f902df7a89387214 main_color avia-section-default avia-no-border-styling  avia-builder-el-4  el_after_av_section  avia-builder-el-last  avia-bg-style-scroll container_wrap fullsize'  ><div class='container av-section-cont-open' ><div class='template-page content  av-content-full alpha units'><div class='post-entry post-entry-type-page post-entry-4452'><div class='entry-content-wrapper clearfix'>\n\n<style type=\"text\/css\" data-created_by=\"avia_inline_auto\" id=\"style-css-av-m8cyedep-911cf042323853d407353e577805ada3\">\n#top .av_textblock_section.av-m8cyedep-911cf042323853d407353e577805ada3 .avia_textblock{\nfont-size:30px;\n}\n<\/style>\n<section  class='av_textblock_section av-m8cyedep-911cf042323853d407353e577805ada3 '   itemscope=\"itemscope\" itemtype=\"https:\/\/schema.org\/CreativeWork\" ><div class='avia_textblock'  itemprop=\"text\" ><p>HDC Huttelmaier \u2013 Ihr Maschinensicherheitsexperte<\/p>\n<\/div><\/section>\n<div  class='flex_column av-6e99xg-ea3870638535c8aeb0fad0c6ed961c17 av_one_fourth  avia-builder-el-6  el_after_av_textblock  el_before_av_one_half  first flex_column_div  column-top-margin'     ><style type=\"text\/css\" data-created_by=\"avia_inline_auto\" id=\"style-css-av-f1xlw-d15768941c55c8f42610111310590635\">\n.avia-image-container.av-f1xlw-d15768941c55c8f42610111310590635 img.avia_image{\nbox-shadow:none;\n}\n.avia-image-container.av-f1xlw-d15768941c55c8f42610111310590635 .av-image-caption-overlay-center{\ncolor:#ffffff;\n}\n<\/style>\n<div  class='avia-image-container av-f1xlw-d15768941c55c8f42610111310590635 av-styling- avia-align-center  avia-builder-el-7  avia-builder-el-no-sibling '   itemprop=\"image\" itemscope=\"itemscope\" itemtype=\"https:\/\/schema.org\/ImageObject\" ><div class=\"avia-image-container-inner\"><div class=\"avia-image-overlay-wrap\"><img decoding=\"async\" fetchpriority=\"high\" class='wp-image-451 avia-img-lazy-loading-not-451 avia_image ' src=\"https:\/\/retrofit.de\/wp-content\/uploads\/2023\/04\/Falko-Rehorst-_-Vertrieb-bei-HDC.webp\" alt='Falko Rehorst-Vertrieb-bei-HDC' title='Falko Rehorst-Vertrieb-bei-HDC'  height=\"400\" width=\"400\"  itemprop=\"thumbnailUrl\" srcset=\"https:\/\/retrofit.de\/wp-content\/uploads\/2023\/04\/Falko-Rehorst-_-Vertrieb-bei-HDC.webp 400w, https:\/\/retrofit.de\/wp-content\/uploads\/2023\/04\/Falko-Rehorst-_-Vertrieb-bei-HDC-300x300.webp 300w, https:\/\/retrofit.de\/wp-content\/uploads\/2023\/04\/Falko-Rehorst-_-Vertrieb-bei-HDC-80x80.webp 80w, https:\/\/retrofit.de\/wp-content\/uploads\/2023\/04\/Falko-Rehorst-_-Vertrieb-bei-HDC-36x36.webp 36w, https:\/\/retrofit.de\/wp-content\/uploads\/2023\/04\/Falko-Rehorst-_-Vertrieb-bei-HDC-180x180.webp 180w\" sizes=\"(max-width: 400px) 100vw, 400px\" \/><\/div><\/div><\/div><\/div><div  class='flex_column av-1tt4xg-92a01d0ea778e53855dd1831d03c740b av_one_half  avia-builder-el-8  el_after_av_one_fourth  avia-builder-el-last  linie-links flex_column_div  column-top-margin'     ><style type=\"text\/css\" data-created_by=\"avia_inline_auto\" id=\"style-css-av-m8cydzu5-9e8fe684ffd571e5b38d0aa6e05c407e\">\n#top .av_textblock_section.av-m8cydzu5-9e8fe684ffd571e5b38d0aa6e05c407e .avia_textblock{\nfont-size:18px;\n}\n<\/style>\n<section  class='av_textblock_section av-m8cydzu5-9e8fe684ffd571e5b38d0aa6e05c407e '   itemscope=\"itemscope\" itemtype=\"https:\/\/schema.org\/CreativeWork\" ><div class='avia_textblock kontakt'  itemprop=\"text\" ><p><strong>Falko Rehorst<\/strong><\/p>\n<p>Berater f\u00fcr Maschinensicherheit<br \/>\nHuttelmaier GmbH<\/p>\n<p><strong>Kontaktieren Sie mich<\/strong><\/p>\n<p><img loading=\"lazy\" decoding=\"async\" style=\"margin-right: 10px;\" src=\"https:\/\/retrofit.de\/wp-content\/uploads\/2023\/04\/HDC-Website_Kontakt-Icons_Phone.svg\" width=\"32\" height=\"32\" \/><a href=\"tel:+4971819786829\">+49 (0) 7181-97868-29<\/a><br \/>\n<img loading=\"lazy\" decoding=\"async\" style=\"margin-right: 10px; margin-bottom: -5px; padding-top: 5px;\" src=\"https:\/\/retrofit.de\/wp-content\/uploads\/2023\/04\/HDC-Website_Kontakt-Icons_Mobile.svg\" width=\"32\" height=\"32\" \/><a href=\"tel:+491727121011\">+49 (0) 172-7121011<\/a><br \/>\n<img loading=\"lazy\" decoding=\"async\" style=\"margin-right: 10px; margin-bottom: -10px; padding-top: 10px;\" src=\"https:\/\/retrofit.de\/wp-content\/uploads\/2023\/04\/HDC-Website_Kontakt-Icons_Mail.svg\" width=\"32\" height=\"32\" \/><a href=\"mailto:rehorst@huttelmaier.de\">rehorst@huttelmaier.de<\/a><\/p>\n<p>Ich freue mich auf ein Gespr\u00e4ch mit Ihnen!<\/p>\n<\/div><\/section><\/div>\n<\/p>\n","protected":false},"excerpt":{"rendered":"","protected":false},"author":5,"featured_media":0,"parent":4454,"menu_order":0,"comment_status":"closed","ping_status":"closed","template":"","meta":{"footnotes":""},"class_list":["post-4452","page","type-page","status-publish","hentry"],"yoast_head":"<!-- This site is optimized with the Yoast SEO plugin v27.4 - https:\/\/yoast.com\/product\/yoast-seo-wordpress\/ -->\n<title>Gef\u00e4hrdungsbeurteilung f\u00fcr Werkzeugmaschinen \u2013 CNC Maschinen<\/title>\n<meta name=\"description\" content=\"Schutzeinrichtung f\u00fcr Maschinen nachr\u00fcsten \u2713 Maschinensicherheit pr\u00fcfen \u27a8 Betriebssicherheitsverordnung bei CNC Maschinen umsetzen!\" \/>\n<meta name=\"robots\" content=\"index, follow, max-snippet:-1, max-image-preview:large, max-video-preview:-1\" \/>\n<link rel=\"canonical\" href=\"https:\/\/retrofit.de\/index.php\/de\/maschinenueberholung\/maschinenmodernisierung\/schutzeinrichtungen-an-werkzeugmaschinen\/gefaehrdungsbeurteilung-werkzeugmaschinen\/\" \/>\n<meta property=\"og:locale\" content=\"de_DE\" \/>\n<meta property=\"og:type\" content=\"article\" \/>\n<meta property=\"og:title\" content=\"Gef\u00e4hrdungsbeurteilung f\u00fcr Werkzeugmaschinen \u2013 CNC Maschinen\" \/>\n<meta property=\"og:description\" content=\"Schutzeinrichtung f\u00fcr Maschinen nachr\u00fcsten \u2713 Maschinensicherheit pr\u00fcfen \u27a8 Betriebssicherheitsverordnung bei CNC Maschinen umsetzen!\" \/>\n<meta property=\"og:url\" content=\"https:\/\/retrofit.de\/index.php\/de\/maschinenueberholung\/maschinenmodernisierung\/schutzeinrichtungen-an-werkzeugmaschinen\/gefaehrdungsbeurteilung-werkzeugmaschinen\/\" \/>\n<meta property=\"og:site_name\" content=\"HDC Huttelmaier Retrofit\" \/>\n<meta property=\"article:modified_time\" content=\"2025-03-18T09:06:13+00:00\" \/>\n<meta property=\"og:image\" content=\"https:\/\/retrofit.de\/wp-content\/uploads\/2023\/04\/HDC-Website_Kontakt-Icons_Phone.svg\" \/>\n<meta name=\"twitter:card\" content=\"summary_large_image\" \/>\n<meta name=\"twitter:label1\" content=\"Gesch\u00e4tzte Lesezeit\" \/>\n\t<meta name=\"twitter:data1\" content=\"2\u00a0Minuten\" \/>\n<script type=\"application\/ld+json\" class=\"yoast-schema-graph\">{\"@context\":\"https:\\\/\\\/schema.org\",\"@graph\":[{\"@type\":\"WebPage\",\"@id\":\"https:\\\/\\\/retrofit.de\\\/index.php\\\/de\\\/maschinenueberholung\\\/maschinenmodernisierung\\\/schutzeinrichtungen-an-werkzeugmaschinen\\\/gefaehrdungsbeurteilung-werkzeugmaschinen\\\/\",\"url\":\"https:\\\/\\\/retrofit.de\\\/index.php\\\/de\\\/maschinenueberholung\\\/maschinenmodernisierung\\\/schutzeinrichtungen-an-werkzeugmaschinen\\\/gefaehrdungsbeurteilung-werkzeugmaschinen\\\/\",\"name\":\"Gef\u00e4hrdungsbeurteilung f\u00fcr Werkzeugmaschinen \u2013 CNC Maschinen\",\"isPartOf\":{\"@id\":\"https:\\\/\\\/retrofit.de\\\/#website\"},\"primaryImageOfPage\":{\"@id\":\"https:\\\/\\\/retrofit.de\\\/index.php\\\/de\\\/maschinenueberholung\\\/maschinenmodernisierung\\\/schutzeinrichtungen-an-werkzeugmaschinen\\\/gefaehrdungsbeurteilung-werkzeugmaschinen\\\/#primaryimage\"},\"image\":{\"@id\":\"https:\\\/\\\/retrofit.de\\\/index.php\\\/de\\\/maschinenueberholung\\\/maschinenmodernisierung\\\/schutzeinrichtungen-an-werkzeugmaschinen\\\/gefaehrdungsbeurteilung-werkzeugmaschinen\\\/#primaryimage\"},\"thumbnailUrl\":\"https:\\\/\\\/retrofit.de\\\/wp-content\\\/uploads\\\/2023\\\/04\\\/HDC-Website_Kontakt-Icons_Phone.svg\",\"datePublished\":\"2025-03-17T11:14:10+00:00\",\"dateModified\":\"2025-03-18T09:06:13+00:00\",\"description\":\"Schutzeinrichtung f\u00fcr Maschinen nachr\u00fcsten \u2713 Maschinensicherheit pr\u00fcfen \u27a8 Betriebssicherheitsverordnung bei CNC Maschinen umsetzen!\",\"breadcrumb\":{\"@id\":\"https:\\\/\\\/retrofit.de\\\/index.php\\\/de\\\/maschinenueberholung\\\/maschinenmodernisierung\\\/schutzeinrichtungen-an-werkzeugmaschinen\\\/gefaehrdungsbeurteilung-werkzeugmaschinen\\\/#breadcrumb\"},\"inLanguage\":\"de\",\"potentialAction\":[{\"@type\":\"ReadAction\",\"target\":[\"https:\\\/\\\/retrofit.de\\\/index.php\\\/de\\\/maschinenueberholung\\\/maschinenmodernisierung\\\/schutzeinrichtungen-an-werkzeugmaschinen\\\/gefaehrdungsbeurteilung-werkzeugmaschinen\\\/\"]}]},{\"@type\":\"ImageObject\",\"inLanguage\":\"de\",\"@id\":\"https:\\\/\\\/retrofit.de\\\/index.php\\\/de\\\/maschinenueberholung\\\/maschinenmodernisierung\\\/schutzeinrichtungen-an-werkzeugmaschinen\\\/gefaehrdungsbeurteilung-werkzeugmaschinen\\\/#primaryimage\",\"url\":\"https:\\\/\\\/retrofit.de\\\/wp-content\\\/uploads\\\/2023\\\/04\\\/HDC-Website_Kontakt-Icons_Phone.svg\",\"contentUrl\":\"https:\\\/\\\/retrofit.de\\\/wp-content\\\/uploads\\\/2023\\\/04\\\/HDC-Website_Kontakt-Icons_Phone.svg\"},{\"@type\":\"BreadcrumbList\",\"@id\":\"https:\\\/\\\/retrofit.de\\\/index.php\\\/de\\\/maschinenueberholung\\\/maschinenmodernisierung\\\/schutzeinrichtungen-an-werkzeugmaschinen\\\/gefaehrdungsbeurteilung-werkzeugmaschinen\\\/#breadcrumb\",\"itemListElement\":[{\"@type\":\"ListItem\",\"position\":1,\"name\":\"Startseite\",\"item\":\"https:\\\/\\\/retrofit.de\\\/index.php\\\/de\\\/startseite\\\/\"},{\"@type\":\"ListItem\",\"position\":2,\"name\":\"Maschinen\u00fcberholung\",\"item\":\"https:\\\/\\\/retrofit.de\\\/index.php\\\/de\\\/maschinenueberholung\\\/\"},{\"@type\":\"ListItem\",\"position\":3,\"name\":\"Modernisierung\",\"item\":\"https:\\\/\\\/retrofit.de\\\/index.php\\\/de\\\/maschinenueberholung\\\/maschinenmodernisierung\\\/\"},{\"@type\":\"ListItem\",\"position\":4,\"name\":\"Schutzeinrichtungen an Werkzeugmaschinen\",\"item\":\"https:\\\/\\\/retrofit.de\\\/index.php\\\/de\\\/maschinenueberholung\\\/maschinenmodernisierung\\\/schutzeinrichtungen-an-werkzeugmaschinen\\\/\"},{\"@type\":\"ListItem\",\"position\":5,\"name\":\"Gef\u00e4hrdungsbeurteilung Werkzeugmaschinen\"}]},{\"@type\":\"WebSite\",\"@id\":\"https:\\\/\\\/retrofit.de\\\/#website\",\"url\":\"https:\\\/\\\/retrofit.de\\\/\",\"name\":\"HDC Huttelmaier Retrofit\",\"description\":\"Maschinen \u00dcberholung f\u00fcr High End Pr\u00e4zision\",\"publisher\":{\"@id\":\"https:\\\/\\\/retrofit.de\\\/#organization\"},\"potentialAction\":[{\"@type\":\"SearchAction\",\"target\":{\"@type\":\"EntryPoint\",\"urlTemplate\":\"https:\\\/\\\/retrofit.de\\\/?s={search_term_string}\"},\"query-input\":{\"@type\":\"PropertyValueSpecification\",\"valueRequired\":true,\"valueName\":\"search_term_string\"}}],\"inLanguage\":\"de\"},{\"@type\":\"Organization\",\"@id\":\"https:\\\/\\\/retrofit.de\\\/#organization\",\"name\":\"HDC Huttelmaier GmbH\",\"alternateName\":\"HDC\",\"url\":\"https:\\\/\\\/retrofit.de\\\/\",\"logo\":{\"@type\":\"ImageObject\",\"inLanguage\":\"de\",\"@id\":\"https:\\\/\\\/retrofit.de\\\/#\\\/schema\\\/logo\\\/image\\\/\",\"url\":\"https:\\\/\\\/retrofit.de\\\/wp-content\\\/uploads\\\/2023\\\/04\\\/Logo.jpg\",\"contentUrl\":\"https:\\\/\\\/retrofit.de\\\/wp-content\\\/uploads\\\/2023\\\/04\\\/Logo.jpg\",\"width\":2083,\"height\":2083,\"caption\":\"HDC Huttelmaier GmbH\"},\"image\":{\"@id\":\"https:\\\/\\\/retrofit.de\\\/#\\\/schema\\\/logo\\\/image\\\/\"}}]}<\/script>\n<!-- \/ Yoast SEO plugin. -->","yoast_head_json":{"title":"Gef\u00e4hrdungsbeurteilung f\u00fcr Werkzeugmaschinen \u2013 CNC Maschinen","description":"Schutzeinrichtung f\u00fcr Maschinen nachr\u00fcsten \u2713 Maschinensicherheit pr\u00fcfen \u27a8 Betriebssicherheitsverordnung bei CNC Maschinen umsetzen!","robots":{"index":"index","follow":"follow","max-snippet":"max-snippet:-1","max-image-preview":"max-image-preview:large","max-video-preview":"max-video-preview:-1"},"canonical":"https:\/\/retrofit.de\/index.php\/de\/maschinenueberholung\/maschinenmodernisierung\/schutzeinrichtungen-an-werkzeugmaschinen\/gefaehrdungsbeurteilung-werkzeugmaschinen\/","og_locale":"de_DE","og_type":"article","og_title":"Gef\u00e4hrdungsbeurteilung f\u00fcr Werkzeugmaschinen \u2013 CNC Maschinen","og_description":"Schutzeinrichtung f\u00fcr Maschinen nachr\u00fcsten \u2713 Maschinensicherheit pr\u00fcfen \u27a8 Betriebssicherheitsverordnung bei CNC Maschinen umsetzen!","og_url":"https:\/\/retrofit.de\/index.php\/de\/maschinenueberholung\/maschinenmodernisierung\/schutzeinrichtungen-an-werkzeugmaschinen\/gefaehrdungsbeurteilung-werkzeugmaschinen\/","og_site_name":"HDC Huttelmaier Retrofit","article_modified_time":"2025-03-18T09:06:13+00:00","og_image":[{"url":"https:\/\/retrofit.de\/wp-content\/uploads\/2023\/04\/HDC-Website_Kontakt-Icons_Phone.svg","type":"","width":"","height":""}],"twitter_card":"summary_large_image","twitter_misc":{"Gesch\u00e4tzte Lesezeit":"2\u00a0Minuten"},"schema":{"@context":"https:\/\/schema.org","@graph":[{"@type":"WebPage","@id":"https:\/\/retrofit.de\/index.php\/de\/maschinenueberholung\/maschinenmodernisierung\/schutzeinrichtungen-an-werkzeugmaschinen\/gefaehrdungsbeurteilung-werkzeugmaschinen\/","url":"https:\/\/retrofit.de\/index.php\/de\/maschinenueberholung\/maschinenmodernisierung\/schutzeinrichtungen-an-werkzeugmaschinen\/gefaehrdungsbeurteilung-werkzeugmaschinen\/","name":"Gef\u00e4hrdungsbeurteilung f\u00fcr Werkzeugmaschinen \u2013 CNC Maschinen","isPartOf":{"@id":"https:\/\/retrofit.de\/#website"},"primaryImageOfPage":{"@id":"https:\/\/retrofit.de\/index.php\/de\/maschinenueberholung\/maschinenmodernisierung\/schutzeinrichtungen-an-werkzeugmaschinen\/gefaehrdungsbeurteilung-werkzeugmaschinen\/#primaryimage"},"image":{"@id":"https:\/\/retrofit.de\/index.php\/de\/maschinenueberholung\/maschinenmodernisierung\/schutzeinrichtungen-an-werkzeugmaschinen\/gefaehrdungsbeurteilung-werkzeugmaschinen\/#primaryimage"},"thumbnailUrl":"https:\/\/retrofit.de\/wp-content\/uploads\/2023\/04\/HDC-Website_Kontakt-Icons_Phone.svg","datePublished":"2025-03-17T11:14:10+00:00","dateModified":"2025-03-18T09:06:13+00:00","description":"Schutzeinrichtung f\u00fcr Maschinen nachr\u00fcsten \u2713 Maschinensicherheit pr\u00fcfen \u27a8 Betriebssicherheitsverordnung bei CNC Maschinen umsetzen!","breadcrumb":{"@id":"https:\/\/retrofit.de\/index.php\/de\/maschinenueberholung\/maschinenmodernisierung\/schutzeinrichtungen-an-werkzeugmaschinen\/gefaehrdungsbeurteilung-werkzeugmaschinen\/#breadcrumb"},"inLanguage":"de","potentialAction":[{"@type":"ReadAction","target":["https:\/\/retrofit.de\/index.php\/de\/maschinenueberholung\/maschinenmodernisierung\/schutzeinrichtungen-an-werkzeugmaschinen\/gefaehrdungsbeurteilung-werkzeugmaschinen\/"]}]},{"@type":"ImageObject","inLanguage":"de","@id":"https:\/\/retrofit.de\/index.php\/de\/maschinenueberholung\/maschinenmodernisierung\/schutzeinrichtungen-an-werkzeugmaschinen\/gefaehrdungsbeurteilung-werkzeugmaschinen\/#primaryimage","url":"https:\/\/retrofit.de\/wp-content\/uploads\/2023\/04\/HDC-Website_Kontakt-Icons_Phone.svg","contentUrl":"https:\/\/retrofit.de\/wp-content\/uploads\/2023\/04\/HDC-Website_Kontakt-Icons_Phone.svg"},{"@type":"BreadcrumbList","@id":"https:\/\/retrofit.de\/index.php\/de\/maschinenueberholung\/maschinenmodernisierung\/schutzeinrichtungen-an-werkzeugmaschinen\/gefaehrdungsbeurteilung-werkzeugmaschinen\/#breadcrumb","itemListElement":[{"@type":"ListItem","position":1,"name":"Startseite","item":"https:\/\/retrofit.de\/index.php\/de\/startseite\/"},{"@type":"ListItem","position":2,"name":"Maschinen\u00fcberholung","item":"https:\/\/retrofit.de\/index.php\/de\/maschinenueberholung\/"},{"@type":"ListItem","position":3,"name":"Modernisierung","item":"https:\/\/retrofit.de\/index.php\/de\/maschinenueberholung\/maschinenmodernisierung\/"},{"@type":"ListItem","position":4,"name":"Schutzeinrichtungen an Werkzeugmaschinen","item":"https:\/\/retrofit.de\/index.php\/de\/maschinenueberholung\/maschinenmodernisierung\/schutzeinrichtungen-an-werkzeugmaschinen\/"},{"@type":"ListItem","position":5,"name":"Gef\u00e4hrdungsbeurteilung Werkzeugmaschinen"}]},{"@type":"WebSite","@id":"https:\/\/retrofit.de\/#website","url":"https:\/\/retrofit.de\/","name":"HDC Huttelmaier Retrofit","description":"Maschinen \u00dcberholung f\u00fcr High End Pr\u00e4zision","publisher":{"@id":"https:\/\/retrofit.de\/#organization"},"potentialAction":[{"@type":"SearchAction","target":{"@type":"EntryPoint","urlTemplate":"https:\/\/retrofit.de\/?s={search_term_string}"},"query-input":{"@type":"PropertyValueSpecification","valueRequired":true,"valueName":"search_term_string"}}],"inLanguage":"de"},{"@type":"Organization","@id":"https:\/\/retrofit.de\/#organization","name":"HDC Huttelmaier GmbH","alternateName":"HDC","url":"https:\/\/retrofit.de\/","logo":{"@type":"ImageObject","inLanguage":"de","@id":"https:\/\/retrofit.de\/#\/schema\/logo\/image\/","url":"https:\/\/retrofit.de\/wp-content\/uploads\/2023\/04\/Logo.jpg","contentUrl":"https:\/\/retrofit.de\/wp-content\/uploads\/2023\/04\/Logo.jpg","width":2083,"height":2083,"caption":"HDC Huttelmaier GmbH"},"image":{"@id":"https:\/\/retrofit.de\/#\/schema\/logo\/image\/"}}]}},"_links":{"self":[{"href":"https:\/\/retrofit.de\/index.php\/wp-json\/wp\/v2\/pages\/4452","targetHints":{"allow":["GET"]}}],"collection":[{"href":"https:\/\/retrofit.de\/index.php\/wp-json\/wp\/v2\/pages"}],"about":[{"href":"https:\/\/retrofit.de\/index.php\/wp-json\/wp\/v2\/types\/page"}],"author":[{"embeddable":true,"href":"https:\/\/retrofit.de\/index.php\/wp-json\/wp\/v2\/users\/5"}],"replies":[{"embeddable":true,"href":"https:\/\/retrofit.de\/index.php\/wp-json\/wp\/v2\/comments?post=4452"}],"version-history":[{"count":6,"href":"https:\/\/retrofit.de\/index.php\/wp-json\/wp\/v2\/pages\/4452\/revisions"}],"predecessor-version":[{"id":4557,"href":"https:\/\/retrofit.de\/index.php\/wp-json\/wp\/v2\/pages\/4452\/revisions\/4557"}],"up":[{"embeddable":true,"href":"https:\/\/retrofit.de\/index.php\/wp-json\/wp\/v2\/pages\/4454"}],"wp:attachment":[{"href":"https:\/\/retrofit.de\/index.php\/wp-json\/wp\/v2\/media?parent=4452"}],"curies":[{"name":"wp","href":"https:\/\/api.w.org\/{rel}","templated":true}]}}