{"id":44,"date":"2023-04-03T14:42:39","date_gmt":"2023-04-03T12:42:39","guid":{"rendered":"https:\/\/retrofit.de\/wordpress\/?page_id=44"},"modified":"2023-07-17T10:08:09","modified_gmt":"2023-07-17T08:08:09","slug":"impressum","status":"publish","type":"page","link":"https:\/\/retrofit.de\/index.php\/de\/impressum\/","title":{"rendered":"Impressum"},"content":{"rendered":"<div id='av_section_1'  class='avia-section av-1jzgs-67ec7105257556117bf3e41249342e25 main_color avia-section-default avia-no-border-styling  avia-builder-el-0  avia-builder-el-no-sibling  avia-bg-style-scroll container_wrap fullsize'  ><div class='container av-section-cont-open' ><main  role=\"main\" itemprop=\"mainContentOfPage\"  class='template-page content  av-content-full alpha units'><div class='post-entry post-entry-type-page post-entry-44'><div class='entry-content-wrapper clearfix'>\n<div  class='flex_column av-p0f4-7353e8d77738eb9e4e4556599eff0b68 av_one_full  avia-builder-el-1  el_before_av_two_third  avia-builder-el-first  first flex_column_div  '     ><p>\n<style type=\"text\/css\" data-created_by=\"avia_inline_auto\" id=\"style-css-av-lk6klg7g-2f2a4fa8e6dc0d8ffb35619b4927f11b\">\n#top .av-special-heading.av-lk6klg7g-2f2a4fa8e6dc0d8ffb35619b4927f11b{\npadding-bottom:10px;\n}\nbody .av-special-heading.av-lk6klg7g-2f2a4fa8e6dc0d8ffb35619b4927f11b .av-special-heading-tag .heading-char{\nfont-size:25px;\n}\n.av-special-heading.av-lk6klg7g-2f2a4fa8e6dc0d8ffb35619b4927f11b .av-subheading{\nfont-size:15px;\n}\n<\/style>\n<div  class='av-special-heading av-lk6klg7g-2f2a4fa8e6dc0d8ffb35619b4927f11b av-special-heading-h1 blockquote modern-quote  avia-builder-el-2  el_before_av_hr  avia-builder-el-first '><h1 class='av-special-heading-tag '  itemprop=\"headline\"  >Impressum<\/h1><div class=\"special-heading-border\"><div class=\"special-heading-inner-border\"><\/div><\/div><\/div><br \/>\n\n<style type=\"text\/css\" data-created_by=\"avia_inline_auto\" id=\"style-css-av-lk6kph9u-60b2ee174cb82c0390f644c7904befef\">\n#top .hr.hr-invisible.av-lk6kph9u-60b2ee174cb82c0390f644c7904befef{\nheight:50px;\n}\n<\/style>\n<div  class='hr av-lk6kph9u-60b2ee174cb82c0390f644c7904befef hr-invisible  avia-builder-el-3  el_after_av_heading  avia-builder-el-last '><span class='hr-inner '><span class=\"hr-inner-style\"><\/span><\/span><\/div><\/p><\/div><div  class='flex_column av-q1m0-0ceedd45cf005616df5accd7e89fbb9a av_two_third  avia-builder-el-4  el_after_av_one_full  el_before_av_one_third  first flex_column_div  column-top-margin'     ><section  class='av_textblock_section av-lk6kofa6-41bd34b8a5ad49dec9853c9e109ee542 '   itemscope=\"itemscope\" itemtype=\"https:\/\/schema.org\/CreativeWork\" ><div class='avia_textblock'  itemprop=\"text\" ><h3>Redaktion &amp; Herausgeber<\/h3>\n<p>Huttelmaier GmbH<br \/>\nWinterbacher Stra\u00dfe 66<br \/>\nD-73614 Schorndorf<br \/>\nFON +49 (0) 7181 97868-0<br \/>\nFAX +49 (0) 7181 97868-4<br \/>\n<a href=\"mailto:info@huttelmaier.de\">info@huttelmaier.de<\/a><br \/>\n<a href=\"http:\/\/retrofit.de\">www.retrofit.de<\/a><\/p>\n<h3>Gesch\u00e4ftsleitung<\/h3>\n<p>Herr J\u00f6rg Huttelmaier<br \/>\nDE-Ident-Nr. 231031656<br \/>\nAmtsgericht Schorndorf HRB 282066<\/p>\n<h3>Konzeption<\/h3>\n<p>komFOUR GmbH &amp; Co.KG<br \/>\n<a href=\"http:\/\/www.komfour.de\/\" target=\"_blank\" rel=\"noopener\">www.komfour.de<\/a><\/p>\n<h3>Disclaimer<\/h3>\n<p>F\u00fcr externe Links \u00fcbernehmen wir keine Haftung. Zum Zeitpunkt der Installation eines externen Links wurde dieser \u00fcberpr\u00fcft und als rechtm\u00e4\u00dfig eingestuft. Sollte sich zu einem sp\u00e4teren Zeitpunkt die Legalit\u00e4t eines Links ver\u00e4ndern und Sie es vor uns bemerken, freuen wir uns \u00fcber Ihren Hinweis und werden entsprechende Ma\u00dfnahmen einleiten.<\/p>\n<h3>Bilder<\/h3>\n<p>Huttelmaier GmbH \/\u00a0<a href=\"http:\/\/www.fotolia.de\/\" target=\"_blank\" rel=\"noopener\">fotolia.de<\/a><\/p>\n<h3>Videointerview<\/h3>\n<p>Idee Konzept &amp; Realisation<br \/>\n<a href=\"http:\/\/www.filmforbusiness.de\/\" target=\"_blank\" rel=\"noopener\">www.filmforbusiness.de<\/a><\/p>\n<\/div><\/section><\/div>\n<style type=\"text\/css\" data-created_by=\"avia_inline_auto\" id=\"style-css-av-lk6ku56q-1e3f243ad65078a691cf84731ffd74b5\">\n.flex_column.av-lk6ku56q-1e3f243ad65078a691cf84731ffd74b5{\npadding:30px 30px 30px 30px;\nbackground-color:#f8f8f8;\n}\n<\/style>\n<div  class='flex_column av-lk6ku56q-1e3f243ad65078a691cf84731ffd74b5 av_one_third  avia-builder-el-6  el_after_av_two_third  avia-builder-el-last  flex_column_div  column-top-margin'     ><section  class='av_textblock_section av-lk6kueos-2aee8c81f7ddcd30b777d14df7bfd501 '   itemscope=\"itemscope\" itemtype=\"https:\/\/schema.org\/CreativeWork\" ><div class='avia_textblock'  itemprop=\"text\" ><h3>Kontakt<\/h3>\n<p>Huttelmaier GmbH<br \/>\nWinterbacher Stra\u00dfe 66<br \/>\nD-73614 Schorndorf<br \/>\nTEL +49 (0) 7181 97868-0<br \/>\nFAX +49 (0) 7181 97868-4<br \/>\n<a href=\"mailto:info@huttelmaier.de\">info@huttelmaier.de<\/a><\/p>\n<\/div><\/section><\/div>\n","protected":false},"excerpt":{"rendered":"","protected":false},"author":1,"featured_media":0,"parent":0,"menu_order":9,"comment_status":"closed","ping_status":"closed","template":"","meta":{"footnotes":""},"class_list":["post-44","page","type-page","status-publish","hentry"],"yoast_head":"<!-- This site is optimized with the Yoast SEO plugin v27.3 - https:\/\/yoast.com\/product\/yoast-seo-wordpress\/ -->\n<title>Impressum - HDC Huttelmaier Retrofit<\/title>\n<meta name=\"robots\" content=\"noindex, follow\" \/>\n<meta property=\"og:locale\" content=\"de_DE\" \/>\n<meta property=\"og:type\" content=\"article\" \/>\n<meta property=\"og:title\" content=\"Impressum - HDC Huttelmaier Retrofit\" \/>\n<meta property=\"og:url\" content=\"https:\/\/retrofit.de\/index.php\/de\/impressum\/\" \/>\n<meta property=\"og:site_name\" content=\"HDC Huttelmaier Retrofit\" \/>\n<meta property=\"article:modified_time\" content=\"2023-07-17T08:08:09+00:00\" \/>\n<meta name=\"twitter:card\" content=\"summary_large_image\" \/>\n<script type=\"application\/ld+json\" class=\"yoast-schema-graph\">{\"@context\":\"https:\\\/\\\/schema.org\",\"@graph\":[{\"@type\":\"WebPage\",\"@id\":\"https:\\\/\\\/retrofit.de\\\/index.php\\\/de\\\/impressum\\\/\",\"url\":\"https:\\\/\\\/retrofit.de\\\/index.php\\\/de\\\/impressum\\\/\",\"name\":\"Impressum - HDC Huttelmaier Retrofit\",\"isPartOf\":{\"@id\":\"https:\\\/\\\/retrofit.de\\\/#website\"},\"datePublished\":\"2023-04-03T12:42:39+00:00\",\"dateModified\":\"2023-07-17T08:08:09+00:00\",\"breadcrumb\":{\"@id\":\"https:\\\/\\\/retrofit.de\\\/index.php\\\/de\\\/impressum\\\/#breadcrumb\"},\"inLanguage\":\"de\",\"potentialAction\":[{\"@type\":\"ReadAction\",\"target\":[\"https:\\\/\\\/retrofit.de\\\/index.php\\\/de\\\/impressum\\\/\"]}]},{\"@type\":\"BreadcrumbList\",\"@id\":\"https:\\\/\\\/retrofit.de\\\/index.php\\\/de\\\/impressum\\\/#breadcrumb\",\"itemListElement\":[{\"@type\":\"ListItem\",\"position\":1,\"name\":\"Startseite\",\"item\":\"https:\\\/\\\/retrofit.de\\\/index.php\\\/de\\\/startseite\\\/\"},{\"@type\":\"ListItem\",\"position\":2,\"name\":\"Impressum\"}]},{\"@type\":\"WebSite\",\"@id\":\"https:\\\/\\\/retrofit.de\\\/#website\",\"url\":\"https:\\\/\\\/retrofit.de\\\/\",\"name\":\"HDC Huttelmaier Retrofit\",\"description\":\"Maschinen \u00dcberholung f\u00fcr High End Pr\u00e4zision\",\"publisher\":{\"@id\":\"https:\\\/\\\/retrofit.de\\\/#organization\"},\"potentialAction\":[{\"@type\":\"SearchAction\",\"target\":{\"@type\":\"EntryPoint\",\"urlTemplate\":\"https:\\\/\\\/retrofit.de\\\/?s={search_term_string}\"},\"query-input\":{\"@type\":\"PropertyValueSpecification\",\"valueRequired\":true,\"valueName\":\"search_term_string\"}}],\"inLanguage\":\"de\"},{\"@type\":\"Organization\",\"@id\":\"https:\\\/\\\/retrofit.de\\\/#organization\",\"name\":\"HDC Huttelmaier GmbH\",\"alternateName\":\"HDC\",\"url\":\"https:\\\/\\\/retrofit.de\\\/\",\"logo\":{\"@type\":\"ImageObject\",\"inLanguage\":\"de\",\"@id\":\"https:\\\/\\\/retrofit.de\\\/#\\\/schema\\\/logo\\\/image\\\/\",\"url\":\"https:\\\/\\\/retrofit.de\\\/wp-content\\\/uploads\\\/2023\\\/04\\\/Logo.jpg\",\"contentUrl\":\"https:\\\/\\\/retrofit.de\\\/wp-content\\\/uploads\\\/2023\\\/04\\\/Logo.jpg\",\"width\":2083,\"height\":2083,\"caption\":\"HDC Huttelmaier GmbH\"},\"image\":{\"@id\":\"https:\\\/\\\/retrofit.de\\\/#\\\/schema\\\/logo\\\/image\\\/\"}}]}<\/script>\n<!-- \/ Yoast SEO plugin. -->","yoast_head_json":{"title":"Impressum - HDC Huttelmaier Retrofit","robots":{"index":"noindex","follow":"follow"},"og_locale":"de_DE","og_type":"article","og_title":"Impressum - HDC Huttelmaier Retrofit","og_url":"https:\/\/retrofit.de\/index.php\/de\/impressum\/","og_site_name":"HDC Huttelmaier Retrofit","article_modified_time":"2023-07-17T08:08:09+00:00","twitter_card":"summary_large_image","schema":{"@context":"https:\/\/schema.org","@graph":[{"@type":"WebPage","@id":"https:\/\/retrofit.de\/index.php\/de\/impressum\/","url":"https:\/\/retrofit.de\/index.php\/de\/impressum\/","name":"Impressum - HDC Huttelmaier Retrofit","isPartOf":{"@id":"https:\/\/retrofit.de\/#website"},"datePublished":"2023-04-03T12:42:39+00:00","dateModified":"2023-07-17T08:08:09+00:00","breadcrumb":{"@id":"https:\/\/retrofit.de\/index.php\/de\/impressum\/#breadcrumb"},"inLanguage":"de","potentialAction":[{"@type":"ReadAction","target":["https:\/\/retrofit.de\/index.php\/de\/impressum\/"]}]},{"@type":"BreadcrumbList","@id":"https:\/\/retrofit.de\/index.php\/de\/impressum\/#breadcrumb","itemListElement":[{"@type":"ListItem","position":1,"name":"Startseite","item":"https:\/\/retrofit.de\/index.php\/de\/startseite\/"},{"@type":"ListItem","position":2,"name":"Impressum"}]},{"@type":"WebSite","@id":"https:\/\/retrofit.de\/#website","url":"https:\/\/retrofit.de\/","name":"HDC Huttelmaier Retrofit","description":"Maschinen \u00dcberholung f\u00fcr High End Pr\u00e4zision","publisher":{"@id":"https:\/\/retrofit.de\/#organization"},"potentialAction":[{"@type":"SearchAction","target":{"@type":"EntryPoint","urlTemplate":"https:\/\/retrofit.de\/?s={search_term_string}"},"query-input":{"@type":"PropertyValueSpecification","valueRequired":true,"valueName":"search_term_string"}}],"inLanguage":"de"},{"@type":"Organization","@id":"https:\/\/retrofit.de\/#organization","name":"HDC Huttelmaier GmbH","alternateName":"HDC","url":"https:\/\/retrofit.de\/","logo":{"@type":"ImageObject","inLanguage":"de","@id":"https:\/\/retrofit.de\/#\/schema\/logo\/image\/","url":"https:\/\/retrofit.de\/wp-content\/uploads\/2023\/04\/Logo.jpg","contentUrl":"https:\/\/retrofit.de\/wp-content\/uploads\/2023\/04\/Logo.jpg","width":2083,"height":2083,"caption":"HDC Huttelmaier GmbH"},"image":{"@id":"https:\/\/retrofit.de\/#\/schema\/logo\/image\/"}}]}},"_links":{"self":[{"href":"https:\/\/retrofit.de\/index.php\/wp-json\/wp\/v2\/pages\/44","targetHints":{"allow":["GET"]}}],"collection":[{"href":"https:\/\/retrofit.de\/index.php\/wp-json\/wp\/v2\/pages"}],"about":[{"href":"https:\/\/retrofit.de\/index.php\/wp-json\/wp\/v2\/types\/page"}],"author":[{"embeddable":true,"href":"https:\/\/retrofit.de\/index.php\/wp-json\/wp\/v2\/users\/1"}],"replies":[{"embeddable":true,"href":"https:\/\/retrofit.de\/index.php\/wp-json\/wp\/v2\/comments?post=44"}],"version-history":[{"count":13,"href":"https:\/\/retrofit.de\/index.php\/wp-json\/wp\/v2\/pages\/44\/revisions"}],"predecessor-version":[{"id":4110,"href":"https:\/\/retrofit.de\/index.php\/wp-json\/wp\/v2\/pages\/44\/revisions\/4110"}],"wp:attachment":[{"href":"https:\/\/retrofit.de\/index.php\/wp-json\/wp\/v2\/media?parent=44"}],"curies":[{"name":"wp","href":"https:\/\/api.w.org\/{rel}","templated":true}]}}