{"id":4394,"date":"2025-02-14T14:50:40","date_gmt":"2025-02-14T13:50:40","guid":{"rendered":"https:\/\/retrofit.de\/?page_id=4394"},"modified":"2025-02-14T16:00:35","modified_gmt":"2025-02-14T15:00:35","slug":"retrofit-high-precision-insert-surface-grinding-machines","status":"publish","type":"page","link":"https:\/\/retrofit.de\/index.php\/en\/tool-grinding-machine-manufacturer\/retrofit-high-precision-insert-surface-grinding-machines\/","title":{"rendered":"Retrofit"},"content":{"rendered":"<div id='av_section_1'  class='avia-section av-qw47be-cbc9fdda82f6b34b155c9a29d1a0c264 main_color avia-section-default avia-no-border-styling  avia-builder-el-0  el_before_av_section  avia-builder-el-first  avia-bg-style-scroll container_wrap fullsize'  ><div class='container av-section-cont-open' ><main  role=\"main\" itemprop=\"mainContentOfPage\"  class='template-page content  av-content-full alpha units'><div class='post-entry post-entry-type-page post-entry-4394'><div class='entry-content-wrapper clearfix'>\n<div  class='flex_column av-pxg4re-ce3a7157564f7168e348e96b232055f4 av_one_full  avia-builder-el-1  el_before_av_image  avia-builder-el-first  first flex_column_div  '     ><p>\n<style type=\"text\/css\" data-created_by=\"avia_inline_auto\" id=\"style-css-av-o4ft7u-b3b7722b002dab78d6a8fa5c3f1642f8\">\n#top .hr.hr-invisible.av-o4ft7u-b3b7722b002dab78d6a8fa5c3f1642f8{\nheight:15px;\n}\n<\/style>\n<div  class='hr av-o4ft7u-b3b7722b002dab78d6a8fa5c3f1642f8 hr-invisible  avia-builder-el-2  el_before_av_heading  avia-builder-el-first '><span class='hr-inner '><span class=\"hr-inner-style\"><\/span><\/span><\/div><br \/>\n\n<style type=\"text\/css\" data-created_by=\"avia_inline_auto\" id=\"style-css-av-lyz3p6-831a5dbe26c8065dbde55ed5490f8452\">\n#top .av-special-heading.av-lyz3p6-831a5dbe26c8065dbde55ed5490f8452{\npadding-bottom:10px;\n}\nbody .av-special-heading.av-lyz3p6-831a5dbe26c8065dbde55ed5490f8452 .av-special-heading-tag .heading-char{\nfont-size:25px;\n}\n.av-special-heading.av-lyz3p6-831a5dbe26c8065dbde55ed5490f8452 .av-subheading{\nfont-size:15px;\n}\n<\/style>\n<div  class='av-special-heading av-lyz3p6-831a5dbe26c8065dbde55ed5490f8452 av-special-heading-h1 blockquote modern-quote  avia-builder-el-3  el_after_av_hr  el_before_av_hr '><h1 class='av-special-heading-tag '  itemprop=\"headline\"  >Retrofit for high-precision insert surface grinding machines<\/h1><div class=\"special-heading-border\"><div class=\"special-heading-inner-border\"><\/div><\/div><\/div><br \/>\n\n<style type=\"text\/css\" data-created_by=\"avia_inline_auto\" id=\"style-css-av-ky0q6i-dbfa3bfe56c38c9a660193448967700f\">\n#top .hr.hr-invisible.av-ky0q6i-dbfa3bfe56c38c9a660193448967700f{\nheight:55px;\n}\n<\/style>\n<div  class='hr av-ky0q6i-dbfa3bfe56c38c9a660193448967700f hr-invisible  avia-builder-el-4  el_after_av_heading  avia-builder-el-last '><span class='hr-inner '><span class=\"hr-inner-style\"><\/span><\/span><\/div><\/p><\/div>\n<style type=\"text\/css\" data-created_by=\"avia_inline_auto\" id=\"style-css-av-j7bcqy-0ad23372a919b06e600fcc7a580c95bc\">\n.avia-image-container.av-j7bcqy-0ad23372a919b06e600fcc7a580c95bc img.avia_image{\nbox-shadow:none;\n}\n.avia-image-container.av-j7bcqy-0ad23372a919b06e600fcc7a580c95bc .av-image-caption-overlay-center{\ncolor:#ffffff;\n}\n.avia-image-container.av-j7bcqy-0ad23372a919b06e600fcc7a580c95bc .avia-curtain-reveal-overlay{\nanimation-duration:1.5s;\nbackground:#d9000e;\nz-index:100;\n}\n<\/style>\n<div  class='avia-image-container av-j7bcqy-0ad23372a919b06e600fcc7a580c95bc av-styling- avia-align-left  avia-builder-el-5  el_after_av_one_full  el_before_av_one_full '   itemprop=\"image\" itemscope=\"itemscope\" itemtype=\"https:\/\/schema.org\/ImageObject\" ><div class=\"avia-image-container-inner\"><div class=\"avia-image-overlay-wrap\"><div class='avia-curtain-reveal-overlay av-animated-when-visible-95 animate-all-devices curtain-reveal-btt'><\/div><img decoding=\"async\" fetchpriority=\"high\" class='wp-image-1528 avia-img-lazy-loading-not-1528 avia_image ' src=\"https:\/\/retrofit.de\/wp-content\/uploads\/2023\/05\/Wendt-Maschinenbau-5-1.webp\" alt='Wendt Maschinenbau' title='Wendt Maschinenbau 5'  height=\"750\" width=\"1920\"  itemprop=\"thumbnailUrl\" srcset=\"https:\/\/retrofit.de\/wp-content\/uploads\/2023\/05\/Wendt-Maschinenbau-5-1.webp 1920w, https:\/\/retrofit.de\/wp-content\/uploads\/2023\/05\/Wendt-Maschinenbau-5-1-300x117.webp 300w, https:\/\/retrofit.de\/wp-content\/uploads\/2023\/05\/Wendt-Maschinenbau-5-1-1030x402.webp 1030w, https:\/\/retrofit.de\/wp-content\/uploads\/2023\/05\/Wendt-Maschinenbau-5-1-768x300.webp 768w, https:\/\/retrofit.de\/wp-content\/uploads\/2023\/05\/Wendt-Maschinenbau-5-1-1536x600.webp 1536w, https:\/\/retrofit.de\/wp-content\/uploads\/2023\/05\/Wendt-Maschinenbau-5-1-1500x586.webp 1500w, https:\/\/retrofit.de\/wp-content\/uploads\/2023\/05\/Wendt-Maschinenbau-5-1-705x275.webp 705w\" sizes=\"(max-width: 1920px) 100vw, 1920px\" \/><\/div><\/div><\/div>\n<div  class='flex_column av-gvmnyi-0413e58f9fb2560f7062891c212cb67b av_one_full  avia-builder-el-6  el_after_av_image  avia-builder-el-last  first flex_column_div  '     ><p>\n<style type=\"text\/css\" data-created_by=\"avia_inline_auto\" id=\"style-css-av-f2s4qy-bb8f501dbfa674913718cb0c6efc9820\">\n#top .hr.hr-invisible.av-f2s4qy-bb8f501dbfa674913718cb0c6efc9820{\nheight:55px;\n}\n<\/style>\n<div  class='hr av-f2s4qy-bb8f501dbfa674913718cb0c6efc9820 hr-invisible  avia-builder-el-7  el_before_av_textblock  avia-builder-el-first '><span class='hr-inner '><span class=\"hr-inner-style\"><\/span><\/span><\/div><br \/>\n<section  class='av_textblock_section av-er83wa-56eecb8536ec0742166433e8b7af29d7 '   itemscope=\"itemscope\" itemtype=\"https:\/\/schema.org\/CreativeWork\" ><div class='avia_textblock av_inherit_color'  itemprop=\"text\" ><p>HDC Huttelmaier offers repairs, conversions and complete retrofits on high-precision insert surface grinding machines from Wendt and other brand manufacturers for special grinding machines. After several years of close cooperation in mechanical engineering with Wendt, HDC Huttelmaier now carries out the retrofit services in its own mechanical engineering plant.<\/p>\n<p>Our retrofits for insert surface grinding machines are divided into several areas.<\/p>\n<ul>\n<li>Machine overhaul including geometric overhaul<\/li>\n<li>Retrofit returns your machine to its precise original condition.<\/li>\n<li>The modernization extends the range of functions.<\/li>\n<li>The repair eliminates the causes of malfunctions.<\/li>\n<\/ul>\n<p>We offer manufacturer-independent general overhauls for your CNC surface grinding machines or your entire machinery: Surface grinding with the highest precision!<\/p>\n<p><strong>Services for CNC machines<\/strong><\/p>\n<ul>\n<li>Retrofit<\/li>\n<li>Machine geometry<\/li>\n<li>Scraping<\/li>\n<li>Spindle service<\/li>\n<li>Control system conversion<\/li>\n<li>Modernization of the control system<\/li>\n<li>Machine guards<\/li>\n<li>Measuring probe<\/li>\n<li>Automation<\/li>\n<li>Machine data acquisition<\/li>\n<li>Repair<\/li>\n<li>Lathes<\/li>\n<li>Milling machines<\/li>\n<li>Grinders<\/li>\n<li>Manufacturer independent service<\/li>\n<\/ul>\n<\/div><\/section><\/p><\/div>\n\n<\/div><\/div><\/main><!-- close content main element --><\/div><\/div><div id='av_section_2'  class='avia-section av-d1w15m-8a689ca225056d1e653df6df1d74d2de main_color avia-section-default avia-no-border-styling  avia-builder-el-9  el_after_av_section  avia-builder-el-last  avia-bg-style-scroll container_wrap fullsize'  ><div class='container av-section-cont-open' ><div class='template-page content  av-content-full alpha units'><div class='post-entry post-entry-type-page post-entry-4394'><div class='entry-content-wrapper clearfix'>\n\n<style type=\"text\/css\" data-created_by=\"avia_inline_auto\" id=\"style-css-av-ajin8q-08a639814c0b19fce89423180771243e\">\n#top .av-special-heading.av-ajin8q-08a639814c0b19fce89423180771243e{\npadding-bottom:10px;\n}\nbody .av-special-heading.av-ajin8q-08a639814c0b19fce89423180771243e .av-special-heading-tag .heading-char{\nfont-size:25px;\n}\n.av-special-heading.av-ajin8q-08a639814c0b19fce89423180771243e .av-subheading{\nfont-size:15px;\n}\n<\/style>\n<div  class='av-special-heading av-ajin8q-08a639814c0b19fce89423180771243e av-special-heading-h2 blockquote modern-quote  avia-builder-el-10  el_before_av_textblock  avia-builder-el-first '><h2 class='av-special-heading-tag '  itemprop=\"headline\"  >How can we help you?<\/h2><div class=\"special-heading-border\"><div class=\"special-heading-inner-border\"><\/div><\/div><\/div>\n\n<style type=\"text\/css\" data-created_by=\"avia_inline_auto\" id=\"style-css-av-98prdm-5f8fc66ceca1f31aa3f5862eb1d7ec60\">\n#top .av_textblock_section.av-98prdm-5f8fc66ceca1f31aa3f5862eb1d7ec60 .avia_textblock{\nfont-size:30px;\n}\n<\/style>\n<section  class='av_textblock_section av-98prdm-5f8fc66ceca1f31aa3f5862eb1d7ec60 '   itemscope=\"itemscope\" itemtype=\"https:\/\/schema.org\/CreativeWork\" ><div class='avia_textblock'  itemprop=\"text\" ><p>HDC Huttelmaier \u2013 Your tool grinding machine manufacturer from Germany<\/p>\n<\/div><\/section>\n<div  class='flex_column av-7qgj0q-116e5bb20b2449257e05b53720f8457f av_one_fourth  avia-builder-el-12  el_after_av_textblock  el_before_av_one_half  first flex_column_div  column-top-margin'     ><style type=\"text\/css\" data-created_by=\"avia_inline_auto\" id=\"style-css-av-5y3zyi-65d6596cbe8d9ab846ccad23fb242a97\">\n.avia-image-container.av-5y3zyi-65d6596cbe8d9ab846ccad23fb242a97 img.avia_image{\nbox-shadow:none;\n}\n.avia-image-container.av-5y3zyi-65d6596cbe8d9ab846ccad23fb242a97 .av-image-caption-overlay-center{\ncolor:#ffffff;\n}\n<\/style>\n<div  class='avia-image-container av-5y3zyi-65d6596cbe8d9ab846ccad23fb242a97 av-styling- avia-align-center  avia-builder-el-13  avia-builder-el-no-sibling '   itemprop=\"image\" itemscope=\"itemscope\" itemtype=\"https:\/\/schema.org\/ImageObject\" ><div class=\"avia-image-container-inner\"><div class=\"avia-image-overlay-wrap\"><img decoding=\"async\" fetchpriority=\"high\" class='wp-image-451 avia-img-lazy-loading-not-451 avia_image ' src=\"https:\/\/retrofit.de\/wp-content\/uploads\/2023\/04\/Falko-Rehorst-_-Vertrieb-bei-HDC.webp\" alt='Falko Rehorst-Vertrieb-bei-HDC' title='Falko Rehorst-Vertrieb-bei-HDC'  height=\"400\" width=\"400\"  itemprop=\"thumbnailUrl\" srcset=\"https:\/\/retrofit.de\/wp-content\/uploads\/2023\/04\/Falko-Rehorst-_-Vertrieb-bei-HDC.webp 400w, https:\/\/retrofit.de\/wp-content\/uploads\/2023\/04\/Falko-Rehorst-_-Vertrieb-bei-HDC-300x300.webp 300w, https:\/\/retrofit.de\/wp-content\/uploads\/2023\/04\/Falko-Rehorst-_-Vertrieb-bei-HDC-80x80.webp 80w, https:\/\/retrofit.de\/wp-content\/uploads\/2023\/04\/Falko-Rehorst-_-Vertrieb-bei-HDC-36x36.webp 36w, https:\/\/retrofit.de\/wp-content\/uploads\/2023\/04\/Falko-Rehorst-_-Vertrieb-bei-HDC-180x180.webp 180w\" sizes=\"(max-width: 400px) 100vw, 400px\" \/><\/div><\/div><\/div><\/div><div  class='flex_column av-g5l16-eb494b10c104878f02a2a1acd38d3a29 av_one_half  avia-builder-el-14  el_after_av_one_fourth  avia-builder-el-last  linie-links flex_column_div  column-top-margin'     ><style type=\"text\/css\" data-created_by=\"avia_inline_auto\" id=\"style-css-av-358yd6-bfe74c15dffe93bdfe092e907b59887f\">\n#top .av_textblock_section.av-358yd6-bfe74c15dffe93bdfe092e907b59887f .avia_textblock{\nfont-size:18px;\n}\n<\/style>\n<section  class='av_textblock_section av-358yd6-bfe74c15dffe93bdfe092e907b59887f '   itemscope=\"itemscope\" itemtype=\"https:\/\/schema.org\/CreativeWork\" ><div class='avia_textblock kontakt'  itemprop=\"text\" ><p><strong>Falko Rehorst<\/strong><\/p>\n<p style=\"line-height: 1.65em;\">Retrofit consultant<br \/>\nHuttelmaier GmbH<\/p>\n<p><strong>Get in touch<\/strong><\/p>\n<p><img loading=\"lazy\" decoding=\"async\" style=\"margin-right: 10px;\" src=\"https:\/\/retrofit.de\/wp-content\/uploads\/2023\/04\/HDC-Website_Kontakt-Icons_Phone.svg\" width=\"32\" height=\"32\" \/><a href=\"tel:+4971819786829\">+49 (0) 7181-97868-29<\/a><br \/>\n<img loading=\"lazy\" decoding=\"async\" style=\"margin-right: 10px; margin-bottom: -5px; padding-top: 5px;\" src=\"https:\/\/retrofit.de\/wp-content\/uploads\/2023\/04\/HDC-Website_Kontakt-Icons_Mobile.svg\" width=\"32\" height=\"32\" \/><a href=\"tel:+491727121011\">+49 (0) 172-7121011<\/a><br \/>\n<img loading=\"lazy\" decoding=\"async\" style=\"margin-right: 10px; margin-bottom: -10px; padding-top: 10px;\" src=\"https:\/\/retrofit.de\/wp-content\/uploads\/2023\/04\/HDC-Website_Kontakt-Icons_Mail.svg\" width=\"32\" height=\"32\" \/><a href=\"mailto:rehorst@huttelmaier.de\">rehorst@huttelmaier.de<\/a><\/p>\n<p>I look forward to speaking with you!<\/p>\n<\/div><\/section><\/div>\n","protected":false},"excerpt":{"rendered":"","protected":false},"author":5,"featured_media":0,"parent":3723,"menu_order":1,"comment_status":"closed","ping_status":"closed","template":"","meta":{"footnotes":""},"class_list":["post-4394","page","type-page","status-publish","hentry"],"yoast_head":"<!-- This site is optimized with the Yoast SEO plugin v27.4 - https:\/\/yoast.com\/product\/yoast-seo-wordpress\/ -->\n<title>Retrofit for high-precision insert surface grinding machines<\/title>\n<meta name=\"description\" content=\"Retrofit for high-precision insert surface grinding machines \u2713 Machine overhaul \u2606 Modernization \u2606 Repair \u2606 Manufacturer service \u27a8 Visit us!\" \/>\n<meta name=\"robots\" content=\"index, follow, max-snippet:-1, max-image-preview:large, max-video-preview:-1\" \/>\n<link rel=\"canonical\" href=\"https:\/\/retrofit.de\/index.php\/en\/tool-grinding-machine-manufacturer\/retrofit-high-precision-insert-surface-grinding-machines\/\" \/>\n<meta property=\"og:locale\" content=\"de_DE\" \/>\n<meta property=\"og:type\" content=\"article\" \/>\n<meta property=\"og:title\" content=\"Retrofit for high-precision insert surface grinding machines\" \/>\n<meta property=\"og:description\" content=\"Retrofit for high-precision insert surface grinding machines \u2713 Machine overhaul \u2606 Modernization \u2606 Repair \u2606 Manufacturer service \u27a8 Visit us!\" \/>\n<meta property=\"og:url\" content=\"https:\/\/retrofit.de\/index.php\/en\/tool-grinding-machine-manufacturer\/retrofit-high-precision-insert-surface-grinding-machines\/\" \/>\n<meta property=\"og:site_name\" content=\"HDC Huttelmaier Retrofit\" \/>\n<meta property=\"article:modified_time\" content=\"2025-02-14T15:00:35+00:00\" \/>\n<meta property=\"og:image\" content=\"https:\/\/retrofit.de\/wp-content\/uploads\/2023\/04\/HDC-Website_Kontakt-Icons_Phone.svg\" \/>\n<meta name=\"twitter:card\" content=\"summary_large_image\" \/>\n<meta name=\"twitter:label1\" content=\"Gesch\u00e4tzte Lesezeit\" \/>\n\t<meta name=\"twitter:data1\" content=\"3\u00a0Minuten\" \/>\n<script type=\"application\/ld+json\" class=\"yoast-schema-graph\">{\"@context\":\"https:\\\/\\\/schema.org\",\"@graph\":[{\"@type\":\"WebPage\",\"@id\":\"https:\\\/\\\/retrofit.de\\\/index.php\\\/en\\\/tool-grinding-machine-manufacturer\\\/retrofit-high-precision-insert-surface-grinding-machines\\\/\",\"url\":\"https:\\\/\\\/retrofit.de\\\/index.php\\\/en\\\/tool-grinding-machine-manufacturer\\\/retrofit-high-precision-insert-surface-grinding-machines\\\/\",\"name\":\"Retrofit for high-precision insert surface grinding machines\",\"isPartOf\":{\"@id\":\"https:\\\/\\\/retrofit.de\\\/#website\"},\"primaryImageOfPage\":{\"@id\":\"https:\\\/\\\/retrofit.de\\\/index.php\\\/en\\\/tool-grinding-machine-manufacturer\\\/retrofit-high-precision-insert-surface-grinding-machines\\\/#primaryimage\"},\"image\":{\"@id\":\"https:\\\/\\\/retrofit.de\\\/index.php\\\/en\\\/tool-grinding-machine-manufacturer\\\/retrofit-high-precision-insert-surface-grinding-machines\\\/#primaryimage\"},\"thumbnailUrl\":\"https:\\\/\\\/retrofit.de\\\/wp-content\\\/uploads\\\/2023\\\/04\\\/HDC-Website_Kontakt-Icons_Phone.svg\",\"datePublished\":\"2025-02-14T13:50:40+00:00\",\"dateModified\":\"2025-02-14T15:00:35+00:00\",\"description\":\"Retrofit for high-precision insert surface grinding machines \u2713 Machine overhaul \u2606 Modernization \u2606 Repair \u2606 Manufacturer service \u27a8 Visit us!\",\"breadcrumb\":{\"@id\":\"https:\\\/\\\/retrofit.de\\\/index.php\\\/en\\\/tool-grinding-machine-manufacturer\\\/retrofit-high-precision-insert-surface-grinding-machines\\\/#breadcrumb\"},\"inLanguage\":\"de\",\"potentialAction\":[{\"@type\":\"ReadAction\",\"target\":[\"https:\\\/\\\/retrofit.de\\\/index.php\\\/en\\\/tool-grinding-machine-manufacturer\\\/retrofit-high-precision-insert-surface-grinding-machines\\\/\"]}]},{\"@type\":\"ImageObject\",\"inLanguage\":\"de\",\"@id\":\"https:\\\/\\\/retrofit.de\\\/index.php\\\/en\\\/tool-grinding-machine-manufacturer\\\/retrofit-high-precision-insert-surface-grinding-machines\\\/#primaryimage\",\"url\":\"https:\\\/\\\/retrofit.de\\\/wp-content\\\/uploads\\\/2023\\\/04\\\/HDC-Website_Kontakt-Icons_Phone.svg\",\"contentUrl\":\"https:\\\/\\\/retrofit.de\\\/wp-content\\\/uploads\\\/2023\\\/04\\\/HDC-Website_Kontakt-Icons_Phone.svg\"},{\"@type\":\"BreadcrumbList\",\"@id\":\"https:\\\/\\\/retrofit.de\\\/index.php\\\/en\\\/tool-grinding-machine-manufacturer\\\/retrofit-high-precision-insert-surface-grinding-machines\\\/#breadcrumb\",\"itemListElement\":[{\"@type\":\"ListItem\",\"position\":1,\"name\":\"Startseite\",\"item\":\"https:\\\/\\\/retrofit.de\\\/index.php\\\/de\\\/startseite\\\/\"},{\"@type\":\"ListItem\",\"position\":2,\"name\":\"Tool grinding machines\",\"item\":\"https:\\\/\\\/retrofit.de\\\/index.php\\\/en\\\/tool-grinding-machine-manufacturer\\\/\"},{\"@type\":\"ListItem\",\"position\":3,\"name\":\"Retrofit\"}]},{\"@type\":\"WebSite\",\"@id\":\"https:\\\/\\\/retrofit.de\\\/#website\",\"url\":\"https:\\\/\\\/retrofit.de\\\/\",\"name\":\"HDC Huttelmaier Retrofit\",\"description\":\"Maschinen \u00dcberholung f\u00fcr High End Pr\u00e4zision\",\"publisher\":{\"@id\":\"https:\\\/\\\/retrofit.de\\\/#organization\"},\"potentialAction\":[{\"@type\":\"SearchAction\",\"target\":{\"@type\":\"EntryPoint\",\"urlTemplate\":\"https:\\\/\\\/retrofit.de\\\/?s={search_term_string}\"},\"query-input\":{\"@type\":\"PropertyValueSpecification\",\"valueRequired\":true,\"valueName\":\"search_term_string\"}}],\"inLanguage\":\"de\"},{\"@type\":\"Organization\",\"@id\":\"https:\\\/\\\/retrofit.de\\\/#organization\",\"name\":\"HDC Huttelmaier GmbH\",\"alternateName\":\"HDC\",\"url\":\"https:\\\/\\\/retrofit.de\\\/\",\"logo\":{\"@type\":\"ImageObject\",\"inLanguage\":\"de\",\"@id\":\"https:\\\/\\\/retrofit.de\\\/#\\\/schema\\\/logo\\\/image\\\/\",\"url\":\"https:\\\/\\\/retrofit.de\\\/wp-content\\\/uploads\\\/2023\\\/04\\\/Logo.jpg\",\"contentUrl\":\"https:\\\/\\\/retrofit.de\\\/wp-content\\\/uploads\\\/2023\\\/04\\\/Logo.jpg\",\"width\":2083,\"height\":2083,\"caption\":\"HDC Huttelmaier GmbH\"},\"image\":{\"@id\":\"https:\\\/\\\/retrofit.de\\\/#\\\/schema\\\/logo\\\/image\\\/\"}}]}<\/script>\n<!-- \/ Yoast SEO plugin. -->","yoast_head_json":{"title":"Retrofit for high-precision insert surface grinding machines","description":"Retrofit for high-precision insert surface grinding machines \u2713 Machine overhaul \u2606 Modernization \u2606 Repair \u2606 Manufacturer service \u27a8 Visit us!","robots":{"index":"index","follow":"follow","max-snippet":"max-snippet:-1","max-image-preview":"max-image-preview:large","max-video-preview":"max-video-preview:-1"},"canonical":"https:\/\/retrofit.de\/index.php\/en\/tool-grinding-machine-manufacturer\/retrofit-high-precision-insert-surface-grinding-machines\/","og_locale":"de_DE","og_type":"article","og_title":"Retrofit for high-precision insert surface grinding machines","og_description":"Retrofit for high-precision insert surface grinding machines \u2713 Machine overhaul \u2606 Modernization \u2606 Repair \u2606 Manufacturer service \u27a8 Visit us!","og_url":"https:\/\/retrofit.de\/index.php\/en\/tool-grinding-machine-manufacturer\/retrofit-high-precision-insert-surface-grinding-machines\/","og_site_name":"HDC Huttelmaier Retrofit","article_modified_time":"2025-02-14T15:00:35+00:00","og_image":[{"url":"https:\/\/retrofit.de\/wp-content\/uploads\/2023\/04\/HDC-Website_Kontakt-Icons_Phone.svg","type":"","width":"","height":""}],"twitter_card":"summary_large_image","twitter_misc":{"Gesch\u00e4tzte Lesezeit":"3\u00a0Minuten"},"schema":{"@context":"https:\/\/schema.org","@graph":[{"@type":"WebPage","@id":"https:\/\/retrofit.de\/index.php\/en\/tool-grinding-machine-manufacturer\/retrofit-high-precision-insert-surface-grinding-machines\/","url":"https:\/\/retrofit.de\/index.php\/en\/tool-grinding-machine-manufacturer\/retrofit-high-precision-insert-surface-grinding-machines\/","name":"Retrofit for high-precision insert surface grinding machines","isPartOf":{"@id":"https:\/\/retrofit.de\/#website"},"primaryImageOfPage":{"@id":"https:\/\/retrofit.de\/index.php\/en\/tool-grinding-machine-manufacturer\/retrofit-high-precision-insert-surface-grinding-machines\/#primaryimage"},"image":{"@id":"https:\/\/retrofit.de\/index.php\/en\/tool-grinding-machine-manufacturer\/retrofit-high-precision-insert-surface-grinding-machines\/#primaryimage"},"thumbnailUrl":"https:\/\/retrofit.de\/wp-content\/uploads\/2023\/04\/HDC-Website_Kontakt-Icons_Phone.svg","datePublished":"2025-02-14T13:50:40+00:00","dateModified":"2025-02-14T15:00:35+00:00","description":"Retrofit for high-precision insert surface grinding machines \u2713 Machine overhaul \u2606 Modernization \u2606 Repair \u2606 Manufacturer service \u27a8 Visit us!","breadcrumb":{"@id":"https:\/\/retrofit.de\/index.php\/en\/tool-grinding-machine-manufacturer\/retrofit-high-precision-insert-surface-grinding-machines\/#breadcrumb"},"inLanguage":"de","potentialAction":[{"@type":"ReadAction","target":["https:\/\/retrofit.de\/index.php\/en\/tool-grinding-machine-manufacturer\/retrofit-high-precision-insert-surface-grinding-machines\/"]}]},{"@type":"ImageObject","inLanguage":"de","@id":"https:\/\/retrofit.de\/index.php\/en\/tool-grinding-machine-manufacturer\/retrofit-high-precision-insert-surface-grinding-machines\/#primaryimage","url":"https:\/\/retrofit.de\/wp-content\/uploads\/2023\/04\/HDC-Website_Kontakt-Icons_Phone.svg","contentUrl":"https:\/\/retrofit.de\/wp-content\/uploads\/2023\/04\/HDC-Website_Kontakt-Icons_Phone.svg"},{"@type":"BreadcrumbList","@id":"https:\/\/retrofit.de\/index.php\/en\/tool-grinding-machine-manufacturer\/retrofit-high-precision-insert-surface-grinding-machines\/#breadcrumb","itemListElement":[{"@type":"ListItem","position":1,"name":"Startseite","item":"https:\/\/retrofit.de\/index.php\/de\/startseite\/"},{"@type":"ListItem","position":2,"name":"Tool grinding machines","item":"https:\/\/retrofit.de\/index.php\/en\/tool-grinding-machine-manufacturer\/"},{"@type":"ListItem","position":3,"name":"Retrofit"}]},{"@type":"WebSite","@id":"https:\/\/retrofit.de\/#website","url":"https:\/\/retrofit.de\/","name":"HDC Huttelmaier Retrofit","description":"Maschinen \u00dcberholung f\u00fcr High End Pr\u00e4zision","publisher":{"@id":"https:\/\/retrofit.de\/#organization"},"potentialAction":[{"@type":"SearchAction","target":{"@type":"EntryPoint","urlTemplate":"https:\/\/retrofit.de\/?s={search_term_string}"},"query-input":{"@type":"PropertyValueSpecification","valueRequired":true,"valueName":"search_term_string"}}],"inLanguage":"de"},{"@type":"Organization","@id":"https:\/\/retrofit.de\/#organization","name":"HDC Huttelmaier GmbH","alternateName":"HDC","url":"https:\/\/retrofit.de\/","logo":{"@type":"ImageObject","inLanguage":"de","@id":"https:\/\/retrofit.de\/#\/schema\/logo\/image\/","url":"https:\/\/retrofit.de\/wp-content\/uploads\/2023\/04\/Logo.jpg","contentUrl":"https:\/\/retrofit.de\/wp-content\/uploads\/2023\/04\/Logo.jpg","width":2083,"height":2083,"caption":"HDC Huttelmaier GmbH"},"image":{"@id":"https:\/\/retrofit.de\/#\/schema\/logo\/image\/"}}]}},"_links":{"self":[{"href":"https:\/\/retrofit.de\/index.php\/wp-json\/wp\/v2\/pages\/4394","targetHints":{"allow":["GET"]}}],"collection":[{"href":"https:\/\/retrofit.de\/index.php\/wp-json\/wp\/v2\/pages"}],"about":[{"href":"https:\/\/retrofit.de\/index.php\/wp-json\/wp\/v2\/types\/page"}],"author":[{"embeddable":true,"href":"https:\/\/retrofit.de\/index.php\/wp-json\/wp\/v2\/users\/5"}],"replies":[{"embeddable":true,"href":"https:\/\/retrofit.de\/index.php\/wp-json\/wp\/v2\/comments?post=4394"}],"version-history":[{"count":3,"href":"https:\/\/retrofit.de\/index.php\/wp-json\/wp\/v2\/pages\/4394\/revisions"}],"predecessor-version":[{"id":4422,"href":"https:\/\/retrofit.de\/index.php\/wp-json\/wp\/v2\/pages\/4394\/revisions\/4422"}],"up":[{"embeddable":true,"href":"https:\/\/retrofit.de\/index.php\/wp-json\/wp\/v2\/pages\/3723"}],"wp:attachment":[{"href":"https:\/\/retrofit.de\/index.php\/wp-json\/wp\/v2\/media?parent=4394"}],"curies":[{"name":"wp","href":"https:\/\/api.w.org\/{rel}","templated":true}]}}