{"id":3728,"date":"2024-03-26T10:59:34","date_gmt":"2024-03-26T09:59:34","guid":{"rendered":"https:\/\/retrofit.de\/?page_id=3728"},"modified":"2025-10-27T10:58:16","modified_gmt":"2025-10-27T09:58:16","slug":"machinery-refurbishment","status":"publish","type":"page","link":"https:\/\/retrofit.de\/index.php\/en\/machine-overhaul\/machinery-refurbishment\/","title":{"rendered":"Machinery refurbishment"},"content":{"rendered":"<div id='av_section_1'  class='avia-section av-fgsvj4-03ebd7649b406e28641b8a0365acd7d4 main_color avia-section-default avia-no-border-styling  avia-builder-el-0  el_before_av_section  avia-builder-el-first  avia-bg-style-scroll container_wrap fullsize'  ><div class='container av-section-cont-open' ><main  role=\"main\" itemprop=\"mainContentOfPage\"  class='template-page content  av-content-full alpha units'><div class='post-entry post-entry-type-page post-entry-3728'><div class='entry-content-wrapper clearfix'>\n<div  class='flex_column av-dg72b4-01726050a31548d30a520cc56f09ed94 av_one_full  avia-builder-el-1  el_before_av_one_half  avia-builder-el-first  first flex_column_div  '     ><style type=\"text\/css\" data-created_by=\"avia_inline_auto\" id=\"style-css-av-lu87cxcw-8f89439f9294ed570fc608560df96ffd\">\n#top .av-special-heading.av-lu87cxcw-8f89439f9294ed570fc608560df96ffd{\npadding-bottom:10px;\n}\nbody .av-special-heading.av-lu87cxcw-8f89439f9294ed570fc608560df96ffd .av-special-heading-tag .heading-char{\nfont-size:25px;\n}\n.av-special-heading.av-lu87cxcw-8f89439f9294ed570fc608560df96ffd .av-subheading{\nfont-size:15px;\n}\n<\/style>\n<div  class='av-special-heading av-lu87cxcw-8f89439f9294ed570fc608560df96ffd av-special-heading-h1 blockquote modern-quote  avia-builder-el-2  avia-builder-el-no-sibling '><h1 class='av-special-heading-tag '  itemprop=\"headline\"  >MACHINERY REFURBISHMENT<\/h1><div class=\"special-heading-border\"><div class=\"special-heading-inner-border\"><\/div><\/div><\/div><\/div><div  class='flex_column av-d3o3qo-ae606c713d16d138432bee655eded1b5 av_one_half  avia-builder-el-3  el_after_av_one_full  el_before_av_one_half  first flex_column_div  column-top-margin'     ><style type=\"text\/css\" data-created_by=\"avia_inline_auto\" id=\"style-css-av-a41sfk-fdfb45cb94541af548eb51dc8c17cb3c\">\n.avia-image-container.av-a41sfk-fdfb45cb94541af548eb51dc8c17cb3c img.avia_image{\nbox-shadow:none;\n}\n.avia-image-container.av-a41sfk-fdfb45cb94541af548eb51dc8c17cb3c .av-image-caption-overlay-center{\ncolor:#ffffff;\n}\n<\/style>\n<div  class='avia-image-container av-a41sfk-fdfb45cb94541af548eb51dc8c17cb3c av-styling- avia-align-left  avia-builder-el-4  avia-builder-el-no-sibling '   itemprop=\"image\" itemscope=\"itemscope\" itemtype=\"https:\/\/schema.org\/ImageObject\" ><div class=\"avia-image-container-inner\"><div class=\"avia-image-overlay-wrap\"><img decoding=\"async\" fetchpriority=\"high\" class='wp-image-1477 avia-img-lazy-loading-not-1477 avia_image ' src=\"https:\/\/retrofit.de\/wp-content\/uploads\/2023\/05\/Modernisierung-Werkzeugmaschinen.webp\" alt='Maschinenmodernisierung' title='Maschinenmodernisierung'  height=\"261\" width=\"685\"  itemprop=\"thumbnailUrl\" srcset=\"https:\/\/retrofit.de\/wp-content\/uploads\/2023\/05\/Modernisierung-Werkzeugmaschinen.webp 685w, https:\/\/retrofit.de\/wp-content\/uploads\/2023\/05\/Modernisierung-Werkzeugmaschinen-300x114.webp 300w\" sizes=\"(max-width: 685px) 100vw, 685px\" \/><\/div><\/div><\/div><\/div><div  class='flex_column av-8u6c9s-e55849ffb391c240e64919623d5d30fa av_one_half  avia-builder-el-5  el_after_av_one_half  avia-builder-el-last  flex_column_div  column-top-margin'     ><p><section  class='av_textblock_section av-lu87dfro-536cbbf47c3adda18a5e8a8a16d8bec1 '   itemscope=\"itemscope\" itemtype=\"https:\/\/schema.org\/CreativeWork\" ><div class='avia_textblock av_inherit_color'  itemprop=\"text\" ><p>Since 1947, HDC Huttelmaier has been the contact for professional retrofitting of old machines.<\/p>\n<p><span data-olk-copy-source=\"MessageBody\">Our machinery refurbishment includes<\/span>, among other things, the control system, the protective device, measurement sensors, automation and MDA systems.<\/p>\n<\/div><\/section><br \/>\n<section  class='av_textblock_section av-lu87f5xn-a8f516006d9db3adb8afdc37e946e0b2 '   itemscope=\"itemscope\" itemtype=\"https:\/\/schema.org\/CreativeWork\" ><div class='avia_textblock av_inherit_color'  itemprop=\"text\" ><p><strong>More information<\/strong><\/p>\n<ul>\n<li>Control system modernisation<\/li>\n<li>Machine guarding<\/li>\n<li>Measurement sensors<\/li>\n<li>Machine automation<\/li>\n<li>Machine data acquisition<\/li>\n<\/ul>\n<\/div><\/section><\/p><\/div><\/div><\/div><\/main><!-- close content main element --><\/div><\/div><div id='av_section_2'  class='avia-section av-6uctkg-e36a1836627b6655a7f26a00105375a9 main_color avia-section-default avia-no-border-styling  avia-builder-el-8  el_after_av_section  avia-builder-el-last  avia-bg-style-scroll container_wrap fullsize'  ><div class='container av-section-cont-open' ><div class='template-page content  av-content-full alpha units'><div class='post-entry post-entry-type-page post-entry-3728'><div class='entry-content-wrapper clearfix'>\n\n<style type=\"text\/css\" data-created_by=\"avia_inline_auto\" id=\"style-css-av-lu87fbls-25ca8fb8a0751cbcd0c32b987b7fddfb\">\n#top .av-special-heading.av-lu87fbls-25ca8fb8a0751cbcd0c32b987b7fddfb{\npadding-bottom:10px;\n}\nbody .av-special-heading.av-lu87fbls-25ca8fb8a0751cbcd0c32b987b7fddfb .av-special-heading-tag .heading-char{\nfont-size:25px;\n}\n.av-special-heading.av-lu87fbls-25ca8fb8a0751cbcd0c32b987b7fddfb .av-subheading{\nfont-size:15px;\n}\n<\/style>\n<div  class='av-special-heading av-lu87fbls-25ca8fb8a0751cbcd0c32b987b7fddfb av-special-heading-h2 blockquote modern-quote  avia-builder-el-9  el_before_av_textblock  avia-builder-el-first '><h2 class='av-special-heading-tag '  itemprop=\"headline\"  >HOW CAN WE HELP YOU?<\/h2><div class=\"special-heading-border\"><div class=\"special-heading-inner-border\"><\/div><\/div><\/div>\n\n<style type=\"text\/css\" data-created_by=\"avia_inline_auto\" id=\"style-css-av-lu87fizq-c111eb47fcec279b4973fdb28192f234\">\n#top .av_textblock_section.av-lu87fizq-c111eb47fcec279b4973fdb28192f234 .avia_textblock{\nfont-size:30px;\n}\n<\/style>\n<section  class='av_textblock_section av-lu87fizq-c111eb47fcec279b4973fdb28192f234 '   itemscope=\"itemscope\" itemtype=\"https:\/\/schema.org\/CreativeWork\" ><div class='avia_textblock'  itemprop=\"text\" ><p>HDC HUTTELMAIER \u2013 RETROFITTING OF MACHINES FOR HIGH-END PRECISION<\/p>\n<\/div><\/section>\n<div  class='flex_column av-6ifq1c-f5d43f7e3f7626600ba92e5a69859190 av_one_fourth  avia-builder-el-11  el_after_av_textblock  el_before_av_one_half  first flex_column_div  column-top-margin'     ><style type=\"text\/css\" data-created_by=\"avia_inline_auto\" id=\"style-css-av-3i56tc-399f59d9da1c5dc8a2b18b879fa53e48\">\n.avia-image-container.av-3i56tc-399f59d9da1c5dc8a2b18b879fa53e48 img.avia_image{\nbox-shadow:none;\n}\n.avia-image-container.av-3i56tc-399f59d9da1c5dc8a2b18b879fa53e48 .av-image-caption-overlay-center{\ncolor:#ffffff;\n}\n<\/style>\n<div  class='avia-image-container av-3i56tc-399f59d9da1c5dc8a2b18b879fa53e48 av-styling- avia-align-center  avia-builder-el-12  avia-builder-el-no-sibling '   itemprop=\"image\" itemscope=\"itemscope\" itemtype=\"https:\/\/schema.org\/ImageObject\" ><div class=\"avia-image-container-inner\"><div class=\"avia-image-overlay-wrap\"><img decoding=\"async\" fetchpriority=\"high\" class='wp-image-451 avia-img-lazy-loading-not-451 avia_image ' src=\"https:\/\/retrofit.de\/wp-content\/uploads\/2023\/04\/Falko-Rehorst-_-Vertrieb-bei-HDC.webp\" alt='Falko Rehorst-Vertrieb-bei-HDC' title='Falko Rehorst-Vertrieb-bei-HDC'  height=\"400\" width=\"400\"  itemprop=\"thumbnailUrl\" srcset=\"https:\/\/retrofit.de\/wp-content\/uploads\/2023\/04\/Falko-Rehorst-_-Vertrieb-bei-HDC.webp 400w, https:\/\/retrofit.de\/wp-content\/uploads\/2023\/04\/Falko-Rehorst-_-Vertrieb-bei-HDC-300x300.webp 300w, https:\/\/retrofit.de\/wp-content\/uploads\/2023\/04\/Falko-Rehorst-_-Vertrieb-bei-HDC-80x80.webp 80w, https:\/\/retrofit.de\/wp-content\/uploads\/2023\/04\/Falko-Rehorst-_-Vertrieb-bei-HDC-36x36.webp 36w, https:\/\/retrofit.de\/wp-content\/uploads\/2023\/04\/Falko-Rehorst-_-Vertrieb-bei-HDC-180x180.webp 180w\" sizes=\"(max-width: 400px) 100vw, 400px\" \/><\/div><\/div><\/div><\/div><div  class='flex_column av-2aymb4-2055579340ea23adb29f80e9f12a6502 av_one_half  avia-builder-el-13  el_after_av_one_fourth  avia-builder-el-last  linie-links flex_column_div  column-top-margin'     ><style type=\"text\/css\" data-created_by=\"avia_inline_auto\" id=\"style-css-av-lu87gacy-e8b245f9ac6ef425146624be3eb50d72\">\n#top .av_textblock_section.av-lu87gacy-e8b245f9ac6ef425146624be3eb50d72 .avia_textblock{\nfont-size:18px;\n}\n<\/style>\n<section  class='av_textblock_section av-lu87gacy-e8b245f9ac6ef425146624be3eb50d72 '   itemscope=\"itemscope\" itemtype=\"https:\/\/schema.org\/CreativeWork\" ><div class='avia_textblock kontakt'  itemprop=\"text\" ><p><strong>Falco Rehorst<\/strong><\/p>\n<p style=\"line-height: 1.65em;\">Retrofit consultant<br \/>\nHuttelmaier GmbH<\/p>\n<p><strong>Get in touch<\/strong><\/p>\n<p><img loading=\"lazy\" decoding=\"async\" style=\"margin-right: 10px;\" src=\"https:\/\/retrofit.de\/wp-content\/uploads\/2023\/04\/HDC-Website_Kontakt-Icons_Phone.svg\" width=\"32\" height=\"32\" \/><a href=\"tel:+4971819786829\">+49 (0) 7181-97868-29<\/a><br \/>\n<img loading=\"lazy\" decoding=\"async\" style=\"margin-right: 10px; margin-bottom: -5px; padding-top: 5px;\" src=\"https:\/\/retrofit.de\/wp-content\/uploads\/2023\/04\/HDC-Website_Kontakt-Icons_Mobile.svg\" width=\"32\" height=\"32\" \/><a href=\"tel:+491727121011\">+49 (0) 172-7121011<\/a><br \/>\n<img loading=\"lazy\" decoding=\"async\" style=\"margin-right: 10px; margin-bottom: -10px; padding-top: 10px;\" src=\"https:\/\/retrofit.de\/wp-content\/uploads\/2023\/04\/HDC-Website_Kontakt-Icons_Mail.svg\" width=\"32\" height=\"32\" \/><a href=\"mailto:rehorst@huttelmaier.de\">rehorst@huttelmaier.de<\/a><\/p>\n<p>I look forward to talking to you!<\/p>\n<\/div><\/section><\/div>\n<\/p>\n","protected":false},"excerpt":{"rendered":"","protected":false},"author":5,"featured_media":0,"parent":3663,"menu_order":2,"comment_status":"closed","ping_status":"closed","template":"","meta":{"footnotes":""},"class_list":["post-3728","page","type-page","status-publish","hentry"],"yoast_head":"<!-- This site is optimized with the Yoast SEO plugin v27.3 - https:\/\/yoast.com\/product\/yoast-seo-wordpress\/ -->\n<title>Machinery refurbishment \u2013 Retrofitting old machines<\/title>\n<meta name=\"description\" content=\"Machinery refurbishment \u2713 Control system \u2606 Protective device \u2606 Measurement sensors \u2606 Automation \u2606 MDA system \u27a8 Retrofitting old machines\" \/>\n<meta name=\"robots\" content=\"index, follow, max-snippet:-1, max-image-preview:large, max-video-preview:-1\" \/>\n<link rel=\"canonical\" href=\"https:\/\/retrofit.de\/index.php\/en\/machine-overhaul\/machinery-refurbishment\/\" \/>\n<meta property=\"og:locale\" content=\"de_DE\" \/>\n<meta property=\"og:type\" content=\"article\" \/>\n<meta property=\"og:title\" content=\"Machinery refurbishment \u2013 Retrofitting old machines\" \/>\n<meta property=\"og:description\" content=\"Machinery refurbishment \u2713 Control system \u2606 Protective device \u2606 Measurement sensors \u2606 Automation \u2606 MDA system \u27a8 Retrofitting old machines\" \/>\n<meta property=\"og:url\" content=\"https:\/\/retrofit.de\/index.php\/en\/machine-overhaul\/machinery-refurbishment\/\" \/>\n<meta property=\"og:site_name\" content=\"HDC Huttelmaier Retrofit\" \/>\n<meta property=\"article:modified_time\" content=\"2025-10-27T09:58:16+00:00\" \/>\n<meta property=\"og:image\" content=\"https:\/\/retrofit.de\/wp-content\/uploads\/2023\/04\/HDC-Website_Kontakt-Icons_Phone.svg\" \/>\n<meta name=\"twitter:card\" content=\"summary_large_image\" \/>\n<meta name=\"twitter:label1\" content=\"Gesch\u00e4tzte Lesezeit\" \/>\n\t<meta name=\"twitter:data1\" content=\"2\u00a0Minuten\" \/>\n<script type=\"application\/ld+json\" class=\"yoast-schema-graph\">{\"@context\":\"https:\\\/\\\/schema.org\",\"@graph\":[{\"@type\":\"WebPage\",\"@id\":\"https:\\\/\\\/retrofit.de\\\/index.php\\\/en\\\/machine-overhaul\\\/machinery-refurbishment\\\/\",\"url\":\"https:\\\/\\\/retrofit.de\\\/index.php\\\/en\\\/machine-overhaul\\\/machinery-refurbishment\\\/\",\"name\":\"Machinery refurbishment \u2013 Retrofitting old machines\",\"isPartOf\":{\"@id\":\"https:\\\/\\\/retrofit.de\\\/#website\"},\"primaryImageOfPage\":{\"@id\":\"https:\\\/\\\/retrofit.de\\\/index.php\\\/en\\\/machine-overhaul\\\/machinery-refurbishment\\\/#primaryimage\"},\"image\":{\"@id\":\"https:\\\/\\\/retrofit.de\\\/index.php\\\/en\\\/machine-overhaul\\\/machinery-refurbishment\\\/#primaryimage\"},\"thumbnailUrl\":\"https:\\\/\\\/retrofit.de\\\/wp-content\\\/uploads\\\/2023\\\/04\\\/HDC-Website_Kontakt-Icons_Phone.svg\",\"datePublished\":\"2024-03-26T09:59:34+00:00\",\"dateModified\":\"2025-10-27T09:58:16+00:00\",\"description\":\"Machinery refurbishment \u2713 Control system \u2606 Protective device \u2606 Measurement sensors \u2606 Automation \u2606 MDA system \u27a8 Retrofitting old machines\",\"breadcrumb\":{\"@id\":\"https:\\\/\\\/retrofit.de\\\/index.php\\\/en\\\/machine-overhaul\\\/machinery-refurbishment\\\/#breadcrumb\"},\"inLanguage\":\"de\",\"potentialAction\":[{\"@type\":\"ReadAction\",\"target\":[\"https:\\\/\\\/retrofit.de\\\/index.php\\\/en\\\/machine-overhaul\\\/machinery-refurbishment\\\/\"]}]},{\"@type\":\"ImageObject\",\"inLanguage\":\"de\",\"@id\":\"https:\\\/\\\/retrofit.de\\\/index.php\\\/en\\\/machine-overhaul\\\/machinery-refurbishment\\\/#primaryimage\",\"url\":\"https:\\\/\\\/retrofit.de\\\/wp-content\\\/uploads\\\/2023\\\/04\\\/HDC-Website_Kontakt-Icons_Phone.svg\",\"contentUrl\":\"https:\\\/\\\/retrofit.de\\\/wp-content\\\/uploads\\\/2023\\\/04\\\/HDC-Website_Kontakt-Icons_Phone.svg\"},{\"@type\":\"BreadcrumbList\",\"@id\":\"https:\\\/\\\/retrofit.de\\\/index.php\\\/en\\\/machine-overhaul\\\/machinery-refurbishment\\\/#breadcrumb\",\"itemListElement\":[{\"@type\":\"ListItem\",\"position\":1,\"name\":\"Startseite\",\"item\":\"https:\\\/\\\/retrofit.de\\\/index.php\\\/de\\\/startseite\\\/\"},{\"@type\":\"ListItem\",\"position\":2,\"name\":\"Machine overhaul\",\"item\":\"https:\\\/\\\/retrofit.de\\\/index.php\\\/en\\\/machine-overhaul\\\/\"},{\"@type\":\"ListItem\",\"position\":3,\"name\":\"Machinery refurbishment\"}]},{\"@type\":\"WebSite\",\"@id\":\"https:\\\/\\\/retrofit.de\\\/#website\",\"url\":\"https:\\\/\\\/retrofit.de\\\/\",\"name\":\"HDC Huttelmaier Retrofit\",\"description\":\"Maschinen \u00dcberholung f\u00fcr High End Pr\u00e4zision\",\"publisher\":{\"@id\":\"https:\\\/\\\/retrofit.de\\\/#organization\"},\"potentialAction\":[{\"@type\":\"SearchAction\",\"target\":{\"@type\":\"EntryPoint\",\"urlTemplate\":\"https:\\\/\\\/retrofit.de\\\/?s={search_term_string}\"},\"query-input\":{\"@type\":\"PropertyValueSpecification\",\"valueRequired\":true,\"valueName\":\"search_term_string\"}}],\"inLanguage\":\"de\"},{\"@type\":\"Organization\",\"@id\":\"https:\\\/\\\/retrofit.de\\\/#organization\",\"name\":\"HDC Huttelmaier GmbH\",\"alternateName\":\"HDC\",\"url\":\"https:\\\/\\\/retrofit.de\\\/\",\"logo\":{\"@type\":\"ImageObject\",\"inLanguage\":\"de\",\"@id\":\"https:\\\/\\\/retrofit.de\\\/#\\\/schema\\\/logo\\\/image\\\/\",\"url\":\"https:\\\/\\\/retrofit.de\\\/wp-content\\\/uploads\\\/2023\\\/04\\\/Logo.jpg\",\"contentUrl\":\"https:\\\/\\\/retrofit.de\\\/wp-content\\\/uploads\\\/2023\\\/04\\\/Logo.jpg\",\"width\":2083,\"height\":2083,\"caption\":\"HDC Huttelmaier GmbH\"},\"image\":{\"@id\":\"https:\\\/\\\/retrofit.de\\\/#\\\/schema\\\/logo\\\/image\\\/\"}}]}<\/script>\n<!-- \/ Yoast SEO plugin. -->","yoast_head_json":{"title":"Machinery refurbishment \u2013 Retrofitting old machines","description":"Machinery refurbishment \u2713 Control system \u2606 Protective device \u2606 Measurement sensors \u2606 Automation \u2606 MDA system \u27a8 Retrofitting old machines","robots":{"index":"index","follow":"follow","max-snippet":"max-snippet:-1","max-image-preview":"max-image-preview:large","max-video-preview":"max-video-preview:-1"},"canonical":"https:\/\/retrofit.de\/index.php\/en\/machine-overhaul\/machinery-refurbishment\/","og_locale":"de_DE","og_type":"article","og_title":"Machinery refurbishment \u2013 Retrofitting old machines","og_description":"Machinery refurbishment \u2713 Control system \u2606 Protective device \u2606 Measurement sensors \u2606 Automation \u2606 MDA system \u27a8 Retrofitting old machines","og_url":"https:\/\/retrofit.de\/index.php\/en\/machine-overhaul\/machinery-refurbishment\/","og_site_name":"HDC Huttelmaier Retrofit","article_modified_time":"2025-10-27T09:58:16+00:00","og_image":[{"url":"https:\/\/retrofit.de\/wp-content\/uploads\/2023\/04\/HDC-Website_Kontakt-Icons_Phone.svg","type":"","width":"","height":""}],"twitter_card":"summary_large_image","twitter_misc":{"Gesch\u00e4tzte Lesezeit":"2\u00a0Minuten"},"schema":{"@context":"https:\/\/schema.org","@graph":[{"@type":"WebPage","@id":"https:\/\/retrofit.de\/index.php\/en\/machine-overhaul\/machinery-refurbishment\/","url":"https:\/\/retrofit.de\/index.php\/en\/machine-overhaul\/machinery-refurbishment\/","name":"Machinery refurbishment \u2013 Retrofitting old machines","isPartOf":{"@id":"https:\/\/retrofit.de\/#website"},"primaryImageOfPage":{"@id":"https:\/\/retrofit.de\/index.php\/en\/machine-overhaul\/machinery-refurbishment\/#primaryimage"},"image":{"@id":"https:\/\/retrofit.de\/index.php\/en\/machine-overhaul\/machinery-refurbishment\/#primaryimage"},"thumbnailUrl":"https:\/\/retrofit.de\/wp-content\/uploads\/2023\/04\/HDC-Website_Kontakt-Icons_Phone.svg","datePublished":"2024-03-26T09:59:34+00:00","dateModified":"2025-10-27T09:58:16+00:00","description":"Machinery refurbishment \u2713 Control system \u2606 Protective device \u2606 Measurement sensors \u2606 Automation \u2606 MDA system \u27a8 Retrofitting old machines","breadcrumb":{"@id":"https:\/\/retrofit.de\/index.php\/en\/machine-overhaul\/machinery-refurbishment\/#breadcrumb"},"inLanguage":"de","potentialAction":[{"@type":"ReadAction","target":["https:\/\/retrofit.de\/index.php\/en\/machine-overhaul\/machinery-refurbishment\/"]}]},{"@type":"ImageObject","inLanguage":"de","@id":"https:\/\/retrofit.de\/index.php\/en\/machine-overhaul\/machinery-refurbishment\/#primaryimage","url":"https:\/\/retrofit.de\/wp-content\/uploads\/2023\/04\/HDC-Website_Kontakt-Icons_Phone.svg","contentUrl":"https:\/\/retrofit.de\/wp-content\/uploads\/2023\/04\/HDC-Website_Kontakt-Icons_Phone.svg"},{"@type":"BreadcrumbList","@id":"https:\/\/retrofit.de\/index.php\/en\/machine-overhaul\/machinery-refurbishment\/#breadcrumb","itemListElement":[{"@type":"ListItem","position":1,"name":"Startseite","item":"https:\/\/retrofit.de\/index.php\/de\/startseite\/"},{"@type":"ListItem","position":2,"name":"Machine overhaul","item":"https:\/\/retrofit.de\/index.php\/en\/machine-overhaul\/"},{"@type":"ListItem","position":3,"name":"Machinery refurbishment"}]},{"@type":"WebSite","@id":"https:\/\/retrofit.de\/#website","url":"https:\/\/retrofit.de\/","name":"HDC Huttelmaier Retrofit","description":"Maschinen \u00dcberholung f\u00fcr High End Pr\u00e4zision","publisher":{"@id":"https:\/\/retrofit.de\/#organization"},"potentialAction":[{"@type":"SearchAction","target":{"@type":"EntryPoint","urlTemplate":"https:\/\/retrofit.de\/?s={search_term_string}"},"query-input":{"@type":"PropertyValueSpecification","valueRequired":true,"valueName":"search_term_string"}}],"inLanguage":"de"},{"@type":"Organization","@id":"https:\/\/retrofit.de\/#organization","name":"HDC Huttelmaier GmbH","alternateName":"HDC","url":"https:\/\/retrofit.de\/","logo":{"@type":"ImageObject","inLanguage":"de","@id":"https:\/\/retrofit.de\/#\/schema\/logo\/image\/","url":"https:\/\/retrofit.de\/wp-content\/uploads\/2023\/04\/Logo.jpg","contentUrl":"https:\/\/retrofit.de\/wp-content\/uploads\/2023\/04\/Logo.jpg","width":2083,"height":2083,"caption":"HDC Huttelmaier GmbH"},"image":{"@id":"https:\/\/retrofit.de\/#\/schema\/logo\/image\/"}}]}},"_links":{"self":[{"href":"https:\/\/retrofit.de\/index.php\/wp-json\/wp\/v2\/pages\/3728","targetHints":{"allow":["GET"]}}],"collection":[{"href":"https:\/\/retrofit.de\/index.php\/wp-json\/wp\/v2\/pages"}],"about":[{"href":"https:\/\/retrofit.de\/index.php\/wp-json\/wp\/v2\/types\/page"}],"author":[{"embeddable":true,"href":"https:\/\/retrofit.de\/index.php\/wp-json\/wp\/v2\/users\/5"}],"replies":[{"embeddable":true,"href":"https:\/\/retrofit.de\/index.php\/wp-json\/wp\/v2\/comments?post=3728"}],"version-history":[{"count":4,"href":"https:\/\/retrofit.de\/index.php\/wp-json\/wp\/v2\/pages\/3728\/revisions"}],"predecessor-version":[{"id":4871,"href":"https:\/\/retrofit.de\/index.php\/wp-json\/wp\/v2\/pages\/3728\/revisions\/4871"}],"up":[{"embeddable":true,"href":"https:\/\/retrofit.de\/index.php\/wp-json\/wp\/v2\/pages\/3663"}],"wp:attachment":[{"href":"https:\/\/retrofit.de\/index.php\/wp-json\/wp\/v2\/media?parent=3728"}],"curies":[{"name":"wp","href":"https:\/\/api.w.org\/{rel}","templated":true}]}}