{"id":3717,"date":"2024-03-26T10:38:17","date_gmt":"2024-03-26T09:38:17","guid":{"rendered":"https:\/\/retrofit.de\/?page_id=3717"},"modified":"2025-10-27T11:00:26","modified_gmt":"2025-10-27T10:00:26","slug":"grinding-hub-stuttgart-en","status":"publish","type":"page","link":"https:\/\/retrofit.de\/index.php\/en\/grinding-hub-stuttgart-en\/","title":{"rendered":"Grinding Hub"},"content":{"rendered":"<div id='av_section_1'  class='avia-section av-mytlid-b9f7f07fb42b436eafc2b169c037f4ee main_color avia-section-default avia-no-border-styling  avia-builder-el-0  el_before_av_section  avia-builder-el-first  avia-bg-style-scroll container_wrap fullsize'  ><div class='container av-section-cont-open' ><main  role=\"main\" itemprop=\"mainContentOfPage\"  class='template-page content  av-content-full alpha units'><div class='post-entry post-entry-type-page post-entry-3717'><div class='entry-content-wrapper clearfix'>\n<div  class='flex_column av-ksaith-6a9f19c5f1450886c140143c35190f35 av_one_full  avia-builder-el-1  el_before_av_video  avia-builder-el-first  first flex_column_div  '     ><p>\n<style type=\"text\/css\" data-created_by=\"avia_inline_auto\" id=\"style-css-av-j9wczp-57dffc06756f83e19858ffe55f3513cd\">\n#top .hr.hr-invisible.av-j9wczp-57dffc06756f83e19858ffe55f3513cd{\nheight:15px;\n}\n<\/style>\n<div  class='hr av-j9wczp-57dffc06756f83e19858ffe55f3513cd hr-invisible  avia-builder-el-2  el_before_av_heading  avia-builder-el-first '><span class='hr-inner '><span class=\"hr-inner-style\"><\/span><\/span><\/div><br \/>\n\n<style type=\"text\/css\" data-created_by=\"avia_inline_auto\" id=\"style-css-av-lu86k5vj-c9a90b6435157364ff758c50d99b33a3\">\n#top .av-special-heading.av-lu86k5vj-c9a90b6435157364ff758c50d99b33a3{\npadding-bottom:10px;\n}\nbody .av-special-heading.av-lu86k5vj-c9a90b6435157364ff758c50d99b33a3 .av-special-heading-tag .heading-char{\nfont-size:25px;\n}\n.av-special-heading.av-lu86k5vj-c9a90b6435157364ff758c50d99b33a3 .av-subheading{\nfont-size:15px;\n}\n<\/style>\n<div  class='av-special-heading av-lu86k5vj-c9a90b6435157364ff758c50d99b33a3 av-special-heading-h1 blockquote modern-quote  avia-builder-el-3  el_after_av_hr  el_before_av_image '><h1 class='av-special-heading-tag '  itemprop=\"headline\"  >Grinding Hub 2026 in Stuttgart<\/h1><div class=\"special-heading-border\"><div class=\"special-heading-inner-border\"><\/div><\/div><\/div><br \/>\n\n<style type=\"text\/css\" data-created_by=\"avia_inline_auto\" id=\"style-css-av-gtamqt-858efccbeb4437a2eca902835cb2ffd2\">\n.avia-image-container.av-gtamqt-858efccbeb4437a2eca902835cb2ffd2 img.avia_image{\nbox-shadow:none;\n}\n.avia-image-container.av-gtamqt-858efccbeb4437a2eca902835cb2ffd2 .av-image-caption-overlay-center{\ncolor:#ffffff;\n}\n<\/style>\n<div  class='avia-image-container av-gtamqt-858efccbeb4437a2eca902835cb2ffd2 av-styling- avia-align-left  avia-builder-el-4  el_after_av_heading  el_before_av_hr '   itemprop=\"image\" itemscope=\"itemscope\" itemtype=\"https:\/\/schema.org\/ImageObject\" ><div class=\"avia-image-container-inner\"><div class=\"avia-image-overlay-wrap\"><img decoding=\"async\" fetchpriority=\"high\" class='wp-image-3589 avia-img-lazy-loading-not-3589 avia_image ' src=\"https:\/\/retrofit.de\/wp-content\/uploads\/2024\/02\/grinding-hub-stuttgart-300x96.jpg\" alt='Grinding Hub in Stuttgart \u2013 HDC Huttelmaier GmbH' title='Grinding Hub in Stuttgart \u2013 HDC Huttelmaier GmbH'  height=\"96\" width=\"300\"  itemprop=\"thumbnailUrl\" srcset=\"https:\/\/retrofit.de\/wp-content\/uploads\/2024\/02\/grinding-hub-stuttgart-300x96.jpg 300w, https:\/\/retrofit.de\/wp-content\/uploads\/2024\/02\/grinding-hub-stuttgart-1030x329.jpg 1030w, https:\/\/retrofit.de\/wp-content\/uploads\/2024\/02\/grinding-hub-stuttgart-768x246.jpg 768w, https:\/\/retrofit.de\/wp-content\/uploads\/2024\/02\/grinding-hub-stuttgart-1536x491.jpg 1536w, https:\/\/retrofit.de\/wp-content\/uploads\/2024\/02\/grinding-hub-stuttgart-1500x480.jpg 1500w, https:\/\/retrofit.de\/wp-content\/uploads\/2024\/02\/grinding-hub-stuttgart-705x225.jpg 705w, https:\/\/retrofit.de\/wp-content\/uploads\/2024\/02\/grinding-hub-stuttgart.jpg 1920w\" sizes=\"(max-width: 300px) 100vw, 300px\" \/><\/div><\/div><\/div><br \/>\n\n<style type=\"text\/css\" data-created_by=\"avia_inline_auto\" id=\"style-css-av-fjzjlx-104bc05e635335a70b3946bc5529eea9\">\n#top .hr.hr-invisible.av-fjzjlx-104bc05e635335a70b3946bc5529eea9{\nheight:55px;\n}\n<\/style>\n<div  class='hr av-fjzjlx-104bc05e635335a70b3946bc5529eea9 hr-invisible  avia-builder-el-5  el_after_av_image  avia-builder-el-last '><span class='hr-inner '><span class=\"hr-inner-style\"><\/span><\/span><\/div><\/p><\/div><div  class='avia-video av-8jo1fp-04312c4278777e45619883d17269dbbe avia-video-16-9 av-no-preview-image avia-video-load-always av-lazyload-immediate av-lazyload-video-embed'  itemprop=\"video\" itemtype=\"https:\/\/schema.org\/VideoObject\"  data-original_url='https:\/\/www.youtube.com\/watch?v=EYtEGYR8yrM'><script type='text\/html' class='av-video-tmpl'><div class='avia-iframe-wrap'><iframe loading=\"lazy\" hcb-fetch-image-from=\"https:\/\/www.youtube.com\/watch?v=EYtEGYR8yrM\" title=\"Grinding Hub 2024 - Unser Messer\u00fcckblick\" width=\"1500\" height=\"844\" src=\"https:\/\/www.youtube.com\/embed\/EYtEGYR8yrM?feature=oembed&autoplay=0&loop=0&controls=1&mute=0\" frameborder=\"0\" allow=\"accelerometer; autoplay; clipboard-write; encrypted-media; gyroscope; picture-in-picture; web-share\" referrerpolicy=\"strict-origin-when-cross-origin\" allowfullscreen><\/iframe><\/div><\/script><div class='av-click-to-play-overlay'><div class=\"avia_playpause_icon\"><\/div><\/div><\/div>\n\n<style type=\"text\/css\" data-created_by=\"avia_inline_auto\" id=\"style-css-av-e148hx-44b8e3ca93d3c89926efd2493cc05e9f\">\n.avia-image-container.av-e148hx-44b8e3ca93d3c89926efd2493cc05e9f img.avia_image{\nbox-shadow:none;\n}\n.avia-image-container.av-e148hx-44b8e3ca93d3c89926efd2493cc05e9f .av-image-caption-overlay-center{\ncolor:#ffffff;\n}\n.avia-image-container.av-e148hx-44b8e3ca93d3c89926efd2493cc05e9f .avia-curtain-reveal-overlay{\nanimation-duration:1.5s;\nbackground:#d9000e;\nz-index:100;\n}\n<\/style>\n<div  class='avia-image-container av-e148hx-44b8e3ca93d3c89926efd2493cc05e9f av-styling- avia-align-left  avia-builder-el-7  el_after_av_video  el_before_av_one_full '   itemprop=\"image\" itemscope=\"itemscope\" itemtype=\"https:\/\/schema.org\/ImageObject\" ><div class=\"avia-image-container-inner\"><div class=\"avia-image-overlay-wrap\"><div class='avia-curtain-reveal-overlay av-animated-when-visible-95 animate-all-devices curtain-reveal-btt'><\/div><img decoding=\"async\" fetchpriority=\"high\" class='wp-image- avia-img-lazy-loading-not- avia_image ' src=\"https:\/\/retrofit.de\/wp-content\/uploads\/2024\/02\/grindinghub-logo-web-300x96.jpg\" alt='' title=''   itemprop=\"thumbnailUrl\"  \/><\/div><\/div><\/div>\n\n<style type=\"text\/css\" data-created_by=\"avia_inline_auto\" id=\"style-css-av-c8kmt1-4036a3cde0ffa01cf949751365a48274\">\n.flex_column.av-c8kmt1-4036a3cde0ffa01cf949751365a48274{\npadding:50px 0 0 0;\n}\n<\/style>\n<div  class='flex_column av-c8kmt1-4036a3cde0ffa01cf949751365a48274 av_one_full  avia-builder-el-8  el_after_av_image  el_before_av_one_full  first flex_column_div  '     ><section  class='av_textblock_section av-lu86nhrk-cc0c8853943147503f4113faf51af39e '   itemscope=\"itemscope\" itemtype=\"https:\/\/schema.org\/CreativeWork\" ><div class='avia_textblock av_inherit_color'  itemprop=\"text\" ><p><strong>Grinding Hub 2026<\/strong> will take place in <strong>Stuttgart<\/strong> from May 5 to 8, 2026. The European market launch of our new <a href=\"https:\/\/retrofit.de\/index.php\/en\/machine-tool-manufacturer\/cpg400-grinding-machine-for-protective-chamfers-and-circumferential-grinding\/\">carbide insert grinding machine CPG 400<\/a> took place at Grinding Hub 2024.<\/p>\n<p>Don&#8217;t you want to wait until the next trade fair? Simply make an appointment and test your workpieces in our showroom!<\/p>\n<\/div><\/section><\/div><div  class='flex_column av-axw8z9-fec2870d15e53d19bbc96fbb21f49687 av_one_full  avia-builder-el-10  el_after_av_one_full  avia-builder-el-last  first flex_column_div  column-top-margin'     ><p>\n<style type=\"text\/css\" data-created_by=\"avia_inline_auto\" id=\"style-css-av-lu86nsjv-4fc26864fea29d708e83d6f55ec97cdb\">\n#top .av-special-heading.av-lu86nsjv-4fc26864fea29d708e83d6f55ec97cdb{\npadding-bottom:10px;\n}\nbody .av-special-heading.av-lu86nsjv-4fc26864fea29d708e83d6f55ec97cdb .av-special-heading-tag .heading-char{\nfont-size:25px;\n}\n.av-special-heading.av-lu86nsjv-4fc26864fea29d708e83d6f55ec97cdb .av-subheading{\nfont-size:15px;\n}\n<\/style>\n<div  class='av-special-heading av-lu86nsjv-4fc26864fea29d708e83d6f55ec97cdb av-special-heading-h2 blockquote modern-quote  avia-builder-el-11  el_before_av_video  avia-builder-el-first '><h2 class='av-special-heading-tag '  itemprop=\"headline\"  >Introducing the Grinding Hub<\/h2><div class=\"special-heading-border\"><div class=\"special-heading-inner-border\"><\/div><\/div><\/div><br \/>\n<div  class='avia-video av-2eexlx-777d098440f92a2463c2dba385219321 avia-video-16-9 av-no-preview-image avia-video-load-always av-lazyload-immediate av-lazyload-video-embed'  itemprop=\"video\" itemtype=\"https:\/\/schema.org\/VideoObject\"  data-original_url='https:\/\/youtu.be\/JLy1rNuaPMc'><script type='text\/html' class='av-video-tmpl'><div class='avia-iframe-wrap'><iframe loading=\"lazy\" hcb-fetch-image-from=\"https:\/\/youtu.be\/JLy1rNuaPMc\" title=\"GrindingHub 2022 | Brings solutions to the surface. (DE)\" width=\"1500\" height=\"844\" src=\"https:\/\/www.youtube.com\/embed\/JLy1rNuaPMc?feature=oembed&autoplay=0&loop=0&controls=1&mute=0\" frameborder=\"0\" allow=\"accelerometer; autoplay; clipboard-write; encrypted-media; gyroscope; picture-in-picture; web-share\" allowfullscreen><\/iframe><\/div><\/script><div class='av-click-to-play-overlay'><div class=\"avia_playpause_icon\"><\/div><\/div><\/div><\/p><\/div>\n\n<\/div><\/div><\/main><!-- close content main element --><\/div><\/div><div id='av_section_2'  class='avia-section av-756wrp-23bfae702a9bc2db98fcf2add175c162 main_color avia-section-default avia-no-border-styling  avia-builder-el-13  el_after_av_section  avia-builder-el-last  avia-bg-style-scroll container_wrap fullsize'  ><div class='container av-section-cont-open' ><div class='template-page content  av-content-full alpha units'><div class='post-entry post-entry-type-page post-entry-3717'><div class='entry-content-wrapper clearfix'>\n\n<style type=\"text\/css\" data-created_by=\"avia_inline_auto\" id=\"style-css-av-lu86o6vs-2d74da42e03635990a60d169e342529e\">\n#top .av-special-heading.av-lu86o6vs-2d74da42e03635990a60d169e342529e{\npadding-bottom:60px;\n}\nbody .av-special-heading.av-lu86o6vs-2d74da42e03635990a60d169e342529e .av-special-heading-tag .heading-char{\nfont-size:25px;\n}\n.av-special-heading.av-lu86o6vs-2d74da42e03635990a60d169e342529e .av-subheading{\nfont-size:15px;\n}\n<\/style>\n<div  class='av-special-heading av-lu86o6vs-2d74da42e03635990a60d169e342529e av-special-heading-h2 blockquote modern-quote  avia-builder-el-14  el_before_av_heading  avia-builder-el-first '><h2 class='av-special-heading-tag '  itemprop=\"headline\"  >MEET US AT GRINDING HUB 2026!<\/h2><div class=\"special-heading-border\"><div class=\"special-heading-inner-border\"><\/div><\/div><\/div>\n\n<style type=\"text\/css\" data-created_by=\"avia_inline_auto\" id=\"style-css-av-lu86ohre-8bab383edbd4dc170f55a1b45fa43bd9\">\n#top .av-special-heading.av-lu86ohre-8bab383edbd4dc170f55a1b45fa43bd9{\npadding-bottom:60px;\n}\nbody .av-special-heading.av-lu86ohre-8bab383edbd4dc170f55a1b45fa43bd9 .av-special-heading-tag .heading-char{\nfont-size:25px;\n}\n.av-special-heading.av-lu86ohre-8bab383edbd4dc170f55a1b45fa43bd9 .av-subheading{\nfont-size:15px;\n}\n<\/style>\n<div  class='av-special-heading av-lu86ohre-8bab383edbd4dc170f55a1b45fa43bd9 av-special-heading-h2 blockquote modern-quote  avia-builder-el-15  el_after_av_heading  el_before_av_one_fourth '><h2 class='av-special-heading-tag '  itemprop=\"headline\"  >YOUR CONTACT PERSON<\/h2><div class=\"special-heading-border\"><div class=\"special-heading-inner-border\"><\/div><\/div><\/div>\n<div  class='flex_column av-5j9nbp-076644cabb6d2c862aaf42511a5ba5a9 av_one_fourth  avia-builder-el-16  el_after_av_heading  el_before_av_one_half  first flex_column_div  '     ><style type=\"text\/css\" data-created_by=\"avia_inline_auto\" id=\"style-css-av-4tl0ad-1ae076071cebe3e0b81a8a60aa3a6483\">\n.avia-image-container.av-4tl0ad-1ae076071cebe3e0b81a8a60aa3a6483 img.avia_image{\nbox-shadow:none;\n}\n.avia-image-container.av-4tl0ad-1ae076071cebe3e0b81a8a60aa3a6483 .av-image-caption-overlay-center{\ncolor:#ffffff;\n}\n<\/style>\n<div  class='avia-image-container av-4tl0ad-1ae076071cebe3e0b81a8a60aa3a6483 av-styling- avia-align-center  avia-builder-el-17  avia-builder-el-no-sibling '   itemprop=\"image\" itemscope=\"itemscope\" itemtype=\"https:\/\/schema.org\/ImageObject\" ><div class=\"avia-image-container-inner\"><div class=\"avia-image-overlay-wrap\"><img decoding=\"async\" fetchpriority=\"high\" class='wp-image-1454 avia-img-lazy-loading-not-1454 avia_image ' src=\"https:\/\/retrofit.de\/wp-content\/uploads\/2023\/05\/Joerg-Huttelmaier-_-Geschaeftsfuehrer-bei-HDC-01-1-1500x1500.webp\" alt='J\u00f6rg Huttelmaier-Gesch\u00e4ftsf\u00fchrer bei HDC' title='J\u00f6rg Huttelmaier-Gesch\u00e4ftsf\u00fchrer bei HDC'  height=\"1500\" width=\"1500\"  itemprop=\"thumbnailUrl\" srcset=\"https:\/\/retrofit.de\/wp-content\/uploads\/2023\/05\/Joerg-Huttelmaier-_-Geschaeftsfuehrer-bei-HDC-01-1-1500x1500.webp 1500w, https:\/\/retrofit.de\/wp-content\/uploads\/2023\/05\/Joerg-Huttelmaier-_-Geschaeftsfuehrer-bei-HDC-01-1-300x300.webp 300w, https:\/\/retrofit.de\/wp-content\/uploads\/2023\/05\/Joerg-Huttelmaier-_-Geschaeftsfuehrer-bei-HDC-01-1-1030x1030.webp 1030w, https:\/\/retrofit.de\/wp-content\/uploads\/2023\/05\/Joerg-Huttelmaier-_-Geschaeftsfuehrer-bei-HDC-01-1-80x80.webp 80w, https:\/\/retrofit.de\/wp-content\/uploads\/2023\/05\/Joerg-Huttelmaier-_-Geschaeftsfuehrer-bei-HDC-01-1-768x768.webp 768w, https:\/\/retrofit.de\/wp-content\/uploads\/2023\/05\/Joerg-Huttelmaier-_-Geschaeftsfuehrer-bei-HDC-01-1-1536x1536.webp 1536w, https:\/\/retrofit.de\/wp-content\/uploads\/2023\/05\/Joerg-Huttelmaier-_-Geschaeftsfuehrer-bei-HDC-01-1-36x36.webp 36w, https:\/\/retrofit.de\/wp-content\/uploads\/2023\/05\/Joerg-Huttelmaier-_-Geschaeftsfuehrer-bei-HDC-01-1-180x180.webp 180w, https:\/\/retrofit.de\/wp-content\/uploads\/2023\/05\/Joerg-Huttelmaier-_-Geschaeftsfuehrer-bei-HDC-01-1-705x705.webp 705w, https:\/\/retrofit.de\/wp-content\/uploads\/2023\/05\/Joerg-Huttelmaier-_-Geschaeftsfuehrer-bei-HDC-01-1.webp 1600w\" sizes=\"(max-width: 1500px) 100vw, 1500px\" \/><\/div><\/div><\/div><\/div><div  class='flex_column av-1y7q8l-05aedb3b160e75dfedbf424334db3072 av_one_half  avia-builder-el-18  el_after_av_one_fourth  avia-builder-el-last  linie-links flex_column_div  '     ><style type=\"text\/css\" data-created_by=\"avia_inline_auto\" id=\"style-css-av-lu86oz94-654c13e52d1a7116aff1214e239678f1\">\n#top .av_textblock_section.av-lu86oz94-654c13e52d1a7116aff1214e239678f1 .avia_textblock{\nfont-size:18px;\n}\n<\/style>\n<section  class='av_textblock_section av-lu86oz94-654c13e52d1a7116aff1214e239678f1 '   itemscope=\"itemscope\" itemtype=\"https:\/\/schema.org\/CreativeWork\" ><div class='avia_textblock kontakt'  itemprop=\"text\" ><p><strong>J\u00f6rg Huttelmaier<\/strong><\/p>\n<p>Owner<br \/>\nHuttelmaier GmbH<br \/>\nWinterbacher Stra\u00dfe 66<br \/>\nD &#8211; 73614 Schorndorf im Rems-Murr-Kreis<\/p>\n<p><strong>Get in touch<\/strong><\/p>\n<p><img loading=\"lazy\" decoding=\"async\" style=\"margin-right: 10px;\" src=\"https:\/\/retrofit.de\/wp-content\/uploads\/2023\/04\/HDC-Website_Kontakt-Icons_Phone.svg\" width=\"32\" height=\"32\" \/><a href=\"tel:+4907181978680\">+49 (0) 7181-97868-0<\/a><br \/>\n<img loading=\"lazy\" decoding=\"async\" style=\"margin-right: 10px; margin-bottom: -10px; padding-top: 10px;\" src=\"https:\/\/retrofit.de\/wp-content\/uploads\/2023\/04\/HDC-Website_Kontakt-Icons_Mail.svg\" width=\"32\" height=\"32\" \/><a href=\"mailto:joerg@huttelmaier.de\">joerg@huttelmaier.de<\/a><\/p>\n<\/div><\/section><\/div>\n","protected":false},"excerpt":{"rendered":"","protected":false},"author":5,"featured_media":0,"parent":0,"menu_order":6,"comment_status":"closed","ping_status":"closed","template":"","meta":{"footnotes":""},"class_list":["post-3717","page","type-page","status-publish","hentry"],"yoast_head":"<!-- This site is optimized with the Yoast SEO plugin v27.4 - https:\/\/yoast.com\/product\/yoast-seo-wordpress\/ -->\n<title>Grinding Hub 2026 in Stuttgart \u2013 HDC Huttelmaier GmbH<\/title>\n<meta name=\"description\" content=\"HDC Huttelmaier at Grinding Hub 2026 in Stuttgart \u2713 The new leading trade fair for the industry \u27a8 Find out more and make an appointment now\" \/>\n<meta name=\"robots\" content=\"index, follow, max-snippet:-1, max-image-preview:large, max-video-preview:-1\" \/>\n<link rel=\"canonical\" href=\"https:\/\/retrofit.de\/index.php\/en\/grinding-hub-stuttgart-en\/\" \/>\n<meta property=\"og:locale\" content=\"de_DE\" \/>\n<meta property=\"og:type\" content=\"article\" \/>\n<meta property=\"og:title\" content=\"Grinding Hub 2026 in Stuttgart \u2013 HDC Huttelmaier GmbH\" \/>\n<meta property=\"og:description\" content=\"HDC Huttelmaier at Grinding Hub 2026 in Stuttgart \u2713 The new leading trade fair for the industry \u27a8 Find out more and make an appointment now\" \/>\n<meta property=\"og:url\" content=\"https:\/\/retrofit.de\/index.php\/en\/grinding-hub-stuttgart-en\/\" \/>\n<meta property=\"og:site_name\" content=\"HDC Huttelmaier Retrofit\" \/>\n<meta property=\"article:modified_time\" content=\"2025-10-27T10:00:26+00:00\" \/>\n<meta property=\"og:image\" content=\"https:\/\/retrofit.de\/wp-content\/uploads\/2023\/04\/HDC-Website_Kontakt-Icons_Phone.svg\" \/>\n<meta name=\"twitter:card\" content=\"summary_large_image\" \/>\n<meta name=\"twitter:label1\" content=\"Gesch\u00e4tzte Lesezeit\" \/>\n\t<meta name=\"twitter:data1\" content=\"2\u00a0Minuten\" \/>\n<script type=\"application\/ld+json\" class=\"yoast-schema-graph\">{\"@context\":\"https:\\\/\\\/schema.org\",\"@graph\":[{\"@type\":\"WebPage\",\"@id\":\"https:\\\/\\\/retrofit.de\\\/index.php\\\/en\\\/grinding-hub-stuttgart-en\\\/\",\"url\":\"https:\\\/\\\/retrofit.de\\\/index.php\\\/en\\\/grinding-hub-stuttgart-en\\\/\",\"name\":\"Grinding Hub 2026 in Stuttgart \u2013 HDC Huttelmaier GmbH\",\"isPartOf\":{\"@id\":\"https:\\\/\\\/retrofit.de\\\/#website\"},\"primaryImageOfPage\":{\"@id\":\"https:\\\/\\\/retrofit.de\\\/index.php\\\/en\\\/grinding-hub-stuttgart-en\\\/#primaryimage\"},\"image\":{\"@id\":\"https:\\\/\\\/retrofit.de\\\/index.php\\\/en\\\/grinding-hub-stuttgart-en\\\/#primaryimage\"},\"thumbnailUrl\":\"https:\\\/\\\/retrofit.de\\\/wp-content\\\/uploads\\\/2023\\\/04\\\/HDC-Website_Kontakt-Icons_Phone.svg\",\"datePublished\":\"2024-03-26T09:38:17+00:00\",\"dateModified\":\"2025-10-27T10:00:26+00:00\",\"description\":\"HDC Huttelmaier at Grinding Hub 2026 in Stuttgart \u2713 The new leading trade fair for the industry \u27a8 Find out more and make an appointment now\",\"breadcrumb\":{\"@id\":\"https:\\\/\\\/retrofit.de\\\/index.php\\\/en\\\/grinding-hub-stuttgart-en\\\/#breadcrumb\"},\"inLanguage\":\"de\",\"potentialAction\":[{\"@type\":\"ReadAction\",\"target\":[\"https:\\\/\\\/retrofit.de\\\/index.php\\\/en\\\/grinding-hub-stuttgart-en\\\/\"]}]},{\"@type\":\"ImageObject\",\"inLanguage\":\"de\",\"@id\":\"https:\\\/\\\/retrofit.de\\\/index.php\\\/en\\\/grinding-hub-stuttgart-en\\\/#primaryimage\",\"url\":\"https:\\\/\\\/retrofit.de\\\/wp-content\\\/uploads\\\/2023\\\/04\\\/HDC-Website_Kontakt-Icons_Phone.svg\",\"contentUrl\":\"https:\\\/\\\/retrofit.de\\\/wp-content\\\/uploads\\\/2023\\\/04\\\/HDC-Website_Kontakt-Icons_Phone.svg\"},{\"@type\":\"BreadcrumbList\",\"@id\":\"https:\\\/\\\/retrofit.de\\\/index.php\\\/en\\\/grinding-hub-stuttgart-en\\\/#breadcrumb\",\"itemListElement\":[{\"@type\":\"ListItem\",\"position\":1,\"name\":\"Startseite\",\"item\":\"https:\\\/\\\/retrofit.de\\\/index.php\\\/de\\\/startseite\\\/\"},{\"@type\":\"ListItem\",\"position\":2,\"name\":\"Grinding Hub\"}]},{\"@type\":\"WebSite\",\"@id\":\"https:\\\/\\\/retrofit.de\\\/#website\",\"url\":\"https:\\\/\\\/retrofit.de\\\/\",\"name\":\"HDC Huttelmaier Retrofit\",\"description\":\"Maschinen \u00dcberholung f\u00fcr High End Pr\u00e4zision\",\"publisher\":{\"@id\":\"https:\\\/\\\/retrofit.de\\\/#organization\"},\"potentialAction\":[{\"@type\":\"SearchAction\",\"target\":{\"@type\":\"EntryPoint\",\"urlTemplate\":\"https:\\\/\\\/retrofit.de\\\/?s={search_term_string}\"},\"query-input\":{\"@type\":\"PropertyValueSpecification\",\"valueRequired\":true,\"valueName\":\"search_term_string\"}}],\"inLanguage\":\"de\"},{\"@type\":\"Organization\",\"@id\":\"https:\\\/\\\/retrofit.de\\\/#organization\",\"name\":\"HDC Huttelmaier GmbH\",\"alternateName\":\"HDC\",\"url\":\"https:\\\/\\\/retrofit.de\\\/\",\"logo\":{\"@type\":\"ImageObject\",\"inLanguage\":\"de\",\"@id\":\"https:\\\/\\\/retrofit.de\\\/#\\\/schema\\\/logo\\\/image\\\/\",\"url\":\"https:\\\/\\\/retrofit.de\\\/wp-content\\\/uploads\\\/2023\\\/04\\\/Logo.jpg\",\"contentUrl\":\"https:\\\/\\\/retrofit.de\\\/wp-content\\\/uploads\\\/2023\\\/04\\\/Logo.jpg\",\"width\":2083,\"height\":2083,\"caption\":\"HDC Huttelmaier GmbH\"},\"image\":{\"@id\":\"https:\\\/\\\/retrofit.de\\\/#\\\/schema\\\/logo\\\/image\\\/\"}}]}<\/script>\n<!-- \/ Yoast SEO plugin. -->","yoast_head_json":{"title":"Grinding Hub 2026 in Stuttgart \u2013 HDC Huttelmaier GmbH","description":"HDC Huttelmaier at Grinding Hub 2026 in Stuttgart \u2713 The new leading trade fair for the industry \u27a8 Find out more and make an appointment now","robots":{"index":"index","follow":"follow","max-snippet":"max-snippet:-1","max-image-preview":"max-image-preview:large","max-video-preview":"max-video-preview:-1"},"canonical":"https:\/\/retrofit.de\/index.php\/en\/grinding-hub-stuttgart-en\/","og_locale":"de_DE","og_type":"article","og_title":"Grinding Hub 2026 in Stuttgart \u2013 HDC Huttelmaier GmbH","og_description":"HDC Huttelmaier at Grinding Hub 2026 in Stuttgart \u2713 The new leading trade fair for the industry \u27a8 Find out more and make an appointment now","og_url":"https:\/\/retrofit.de\/index.php\/en\/grinding-hub-stuttgart-en\/","og_site_name":"HDC Huttelmaier Retrofit","article_modified_time":"2025-10-27T10:00:26+00:00","og_image":[{"url":"https:\/\/retrofit.de\/wp-content\/uploads\/2023\/04\/HDC-Website_Kontakt-Icons_Phone.svg","type":"","width":"","height":""}],"twitter_card":"summary_large_image","twitter_misc":{"Gesch\u00e4tzte Lesezeit":"2\u00a0Minuten"},"schema":{"@context":"https:\/\/schema.org","@graph":[{"@type":"WebPage","@id":"https:\/\/retrofit.de\/index.php\/en\/grinding-hub-stuttgart-en\/","url":"https:\/\/retrofit.de\/index.php\/en\/grinding-hub-stuttgart-en\/","name":"Grinding Hub 2026 in Stuttgart \u2013 HDC Huttelmaier GmbH","isPartOf":{"@id":"https:\/\/retrofit.de\/#website"},"primaryImageOfPage":{"@id":"https:\/\/retrofit.de\/index.php\/en\/grinding-hub-stuttgart-en\/#primaryimage"},"image":{"@id":"https:\/\/retrofit.de\/index.php\/en\/grinding-hub-stuttgart-en\/#primaryimage"},"thumbnailUrl":"https:\/\/retrofit.de\/wp-content\/uploads\/2023\/04\/HDC-Website_Kontakt-Icons_Phone.svg","datePublished":"2024-03-26T09:38:17+00:00","dateModified":"2025-10-27T10:00:26+00:00","description":"HDC Huttelmaier at Grinding Hub 2026 in Stuttgart \u2713 The new leading trade fair for the industry \u27a8 Find out more and make an appointment now","breadcrumb":{"@id":"https:\/\/retrofit.de\/index.php\/en\/grinding-hub-stuttgart-en\/#breadcrumb"},"inLanguage":"de","potentialAction":[{"@type":"ReadAction","target":["https:\/\/retrofit.de\/index.php\/en\/grinding-hub-stuttgart-en\/"]}]},{"@type":"ImageObject","inLanguage":"de","@id":"https:\/\/retrofit.de\/index.php\/en\/grinding-hub-stuttgart-en\/#primaryimage","url":"https:\/\/retrofit.de\/wp-content\/uploads\/2023\/04\/HDC-Website_Kontakt-Icons_Phone.svg","contentUrl":"https:\/\/retrofit.de\/wp-content\/uploads\/2023\/04\/HDC-Website_Kontakt-Icons_Phone.svg"},{"@type":"BreadcrumbList","@id":"https:\/\/retrofit.de\/index.php\/en\/grinding-hub-stuttgart-en\/#breadcrumb","itemListElement":[{"@type":"ListItem","position":1,"name":"Startseite","item":"https:\/\/retrofit.de\/index.php\/de\/startseite\/"},{"@type":"ListItem","position":2,"name":"Grinding Hub"}]},{"@type":"WebSite","@id":"https:\/\/retrofit.de\/#website","url":"https:\/\/retrofit.de\/","name":"HDC Huttelmaier Retrofit","description":"Maschinen \u00dcberholung f\u00fcr High End Pr\u00e4zision","publisher":{"@id":"https:\/\/retrofit.de\/#organization"},"potentialAction":[{"@type":"SearchAction","target":{"@type":"EntryPoint","urlTemplate":"https:\/\/retrofit.de\/?s={search_term_string}"},"query-input":{"@type":"PropertyValueSpecification","valueRequired":true,"valueName":"search_term_string"}}],"inLanguage":"de"},{"@type":"Organization","@id":"https:\/\/retrofit.de\/#organization","name":"HDC Huttelmaier GmbH","alternateName":"HDC","url":"https:\/\/retrofit.de\/","logo":{"@type":"ImageObject","inLanguage":"de","@id":"https:\/\/retrofit.de\/#\/schema\/logo\/image\/","url":"https:\/\/retrofit.de\/wp-content\/uploads\/2023\/04\/Logo.jpg","contentUrl":"https:\/\/retrofit.de\/wp-content\/uploads\/2023\/04\/Logo.jpg","width":2083,"height":2083,"caption":"HDC Huttelmaier GmbH"},"image":{"@id":"https:\/\/retrofit.de\/#\/schema\/logo\/image\/"}}]}},"_links":{"self":[{"href":"https:\/\/retrofit.de\/index.php\/wp-json\/wp\/v2\/pages\/3717","targetHints":{"allow":["GET"]}}],"collection":[{"href":"https:\/\/retrofit.de\/index.php\/wp-json\/wp\/v2\/pages"}],"about":[{"href":"https:\/\/retrofit.de\/index.php\/wp-json\/wp\/v2\/types\/page"}],"author":[{"embeddable":true,"href":"https:\/\/retrofit.de\/index.php\/wp-json\/wp\/v2\/users\/5"}],"replies":[{"embeddable":true,"href":"https:\/\/retrofit.de\/index.php\/wp-json\/wp\/v2\/comments?post=3717"}],"version-history":[{"count":13,"href":"https:\/\/retrofit.de\/index.php\/wp-json\/wp\/v2\/pages\/3717\/revisions"}],"predecessor-version":[{"id":4889,"href":"https:\/\/retrofit.de\/index.php\/wp-json\/wp\/v2\/pages\/3717\/revisions\/4889"}],"wp:attachment":[{"href":"https:\/\/retrofit.de\/index.php\/wp-json\/wp\/v2\/media?parent=3717"}],"curies":[{"name":"wp","href":"https:\/\/api.w.org\/{rel}","templated":true}]}}