{"id":3706,"date":"2024-03-26T10:26:19","date_gmt":"2024-03-26T09:26:19","guid":{"rendered":"https:\/\/retrofit.de\/?page_id=3706"},"modified":"2025-12-10T09:07:18","modified_gmt":"2025-12-10T08:07:18","slug":"machine-tool-manufacturer","status":"publish","type":"page","link":"https:\/\/retrofit.de\/index.php\/en\/machine-tool-manufacturer\/","title":{"rendered":"Machine tool manufacturer"},"content":{"rendered":"<div id='av_section_1'  class='avia-section av-xbu3fe-d114c0daf88f78f214c270e2273bf306 main_color avia-section-default avia-no-border-styling  avia-builder-el-0  el_before_av_section  avia-builder-el-first  avia-bg-style-scroll container_wrap fullsize'  ><div class='container av-section-cont-open' ><main  role=\"main\" itemprop=\"mainContentOfPage\"  class='template-page content  av-content-full alpha units'><div class='post-entry post-entry-type-page post-entry-3706'><div class='entry-content-wrapper clearfix'>\n<div  class='flex_column av-bfte2-381f5ea5ef8fe8b04c5f46a06c337a2e av_one_full  avia-builder-el-1  el_before_av_image  avia-builder-el-first  first flex_column_div  '     ><p>\n<style type=\"text\/css\" data-created_by=\"avia_inline_auto\" id=\"style-css-av-tzeym2-6e2f8ecd68a7716fba2580dbd4a7902f\">\n#top .hr.hr-invisible.av-tzeym2-6e2f8ecd68a7716fba2580dbd4a7902f{\nheight:15px;\n}\n<\/style>\n<div  class='hr av-tzeym2-6e2f8ecd68a7716fba2580dbd4a7902f hr-invisible  avia-builder-el-2  el_before_av_heading  avia-builder-el-first '><span class='hr-inner '><span class=\"hr-inner-style\"><\/span><\/span><\/div><br \/>\n\n<style type=\"text\/css\" data-created_by=\"avia_inline_auto\" id=\"style-css-av-stmrdm-5aa0256c8992693f4f9bed722d343972\">\n#top .av-special-heading.av-stmrdm-5aa0256c8992693f4f9bed722d343972{\npadding-bottom:10px;\n}\nbody .av-special-heading.av-stmrdm-5aa0256c8992693f4f9bed722d343972 .av-special-heading-tag .heading-char{\nfont-size:25px;\n}\n.av-special-heading.av-stmrdm-5aa0256c8992693f4f9bed722d343972 .av-subheading{\nfont-size:15px;\n}\n<\/style>\n<div  class='av-special-heading av-stmrdm-5aa0256c8992693f4f9bed722d343972 av-special-heading-h1 blockquote modern-quote  avia-builder-el-3  el_after_av_hr  el_before_av_hr '><h1 class='av-special-heading-tag '  itemprop=\"headline\"  >MACHINE TOOL MANUFACTURER<\/h1><div class=\"special-heading-border\"><div class=\"special-heading-inner-border\"><\/div><\/div><\/div><br \/>\n\n<style type=\"text\/css\" data-created_by=\"avia_inline_auto\" id=\"style-css-av-qw3bx6-4948e8418c0c3d8ff27806c71655f545\">\n#top .hr.hr-invisible.av-qw3bx6-4948e8418c0c3d8ff27806c71655f545{\nheight:55px;\n}\n<\/style>\n<div  class='hr av-qw3bx6-4948e8418c0c3d8ff27806c71655f545 hr-invisible  avia-builder-el-4  el_after_av_heading  avia-builder-el-last '><span class='hr-inner '><span class=\"hr-inner-style\"><\/span><\/span><\/div><\/p><\/div>\n<style type=\"text\/css\" data-created_by=\"avia_inline_auto\" id=\"style-css-av-pf4e8a-da2d1b623834ad238fd2032b12f83845\">\n.avia-image-container.av-pf4e8a-da2d1b623834ad238fd2032b12f83845 img.avia_image{\nbox-shadow:none;\n}\n.avia-image-container.av-pf4e8a-da2d1b623834ad238fd2032b12f83845 .av-image-caption-overlay-center{\ncolor:#ffffff;\n}\n.avia-image-container.av-pf4e8a-da2d1b623834ad238fd2032b12f83845 .avia-curtain-reveal-overlay{\nanimation-duration:1.5s;\nbackground:#d9000e;\nz-index:100;\n}\n<\/style>\n<div  class='avia-image-container av-pf4e8a-da2d1b623834ad238fd2032b12f83845 av-styling- avia-align-left  avia-builder-el-5  el_after_av_one_full  el_before_av_hr '   itemprop=\"image\" itemscope=\"itemscope\" itemtype=\"https:\/\/schema.org\/ImageObject\" ><div class=\"avia-image-container-inner\"><div class=\"avia-image-overlay-wrap\"><div class='avia-curtain-reveal-overlay av-animated-when-visible-95 animate-all-devices curtain-reveal-btt'><\/div><img decoding=\"async\" fetchpriority=\"high\" class='wp-image-1464 avia-img-lazy-loading-not-1464 avia_image ' src=\"https:\/\/retrofit.de\/wp-content\/uploads\/2023\/05\/Werkzeugmaschinenbau.webp\" alt='Werkzeugmaschinenbau' title='Werkzeugmaschinenbau'  height=\"750\" width=\"1920\"  itemprop=\"thumbnailUrl\" srcset=\"https:\/\/retrofit.de\/wp-content\/uploads\/2023\/05\/Werkzeugmaschinenbau.webp 1920w, https:\/\/retrofit.de\/wp-content\/uploads\/2023\/05\/Werkzeugmaschinenbau-300x117.webp 300w, https:\/\/retrofit.de\/wp-content\/uploads\/2023\/05\/Werkzeugmaschinenbau-1030x402.webp 1030w, https:\/\/retrofit.de\/wp-content\/uploads\/2023\/05\/Werkzeugmaschinenbau-768x300.webp 768w, https:\/\/retrofit.de\/wp-content\/uploads\/2023\/05\/Werkzeugmaschinenbau-1536x600.webp 1536w, https:\/\/retrofit.de\/wp-content\/uploads\/2023\/05\/Werkzeugmaschinenbau-1500x586.webp 1500w, https:\/\/retrofit.de\/wp-content\/uploads\/2023\/05\/Werkzeugmaschinenbau-705x275.webp 705w\" sizes=\"(max-width: 1920px) 100vw, 1920px\" \/><\/div><\/div><\/div>\n\n<style type=\"text\/css\" data-created_by=\"avia_inline_auto\" id=\"style-css-av-nm258q-685d7857fecc275a953fe7f619d0f557\">\n#top .hr.hr-invisible.av-nm258q-685d7857fecc275a953fe7f619d0f557{\nheight:100px;\n}\n<\/style>\n<div  class='hr av-nm258q-685d7857fecc275a953fe7f619d0f557 hr-invisible  avia-builder-el-6  el_after_av_image  el_before_av_one_third '><span class='hr-inner '><span class=\"hr-inner-style\"><\/span><\/span><\/div>\n<div  class='flex_column av-lwe2ei-5335636a6f9c0f444de96626fdf352ad av_one_third  avia-builder-el-7  el_after_av_hr  el_before_av_two_third  first flex_column_div  '     ><div  class='avia-slideshow av-kqtky2-db8e432f33012c9fddba9f422239b3ce avia-slideshow-extra_large av_slideshow avia-slide-slider  avia-builder-el-8  avia-builder-el-no-sibling  av-slideshow-ui av-control-minimal av-control-minimal-dark av-nav-arrows-visible av-no-slider-navigation av-slideshow-autoplay av-loop-endless av-loop-manual-endless av-default-height-applied avia-slideshow-1' data-slideshow-options=\"{&quot;animation&quot;:&quot;slide&quot;,&quot;autoplay&quot;:true,&quot;loop_autoplay&quot;:&quot;endless&quot;,&quot;interval&quot;:5,&quot;loop_manual&quot;:&quot;manual-endless&quot;,&quot;autoplay_stopper&quot;:false,&quot;noNavigation&quot;:false,&quot;bg_slider&quot;:false,&quot;transitionSpeed&quot;:400,&quot;keep_padding&quot;:false,&quot;hoverpause&quot;:false,&quot;show_slide_delay&quot;:0}\"  itemprop=\"image\" itemscope=\"itemscope\" itemtype=\"https:\/\/schema.org\/ImageObject\" ><ul class='avia-slideshow-inner ' style='padding-bottom: 149.75%;'><li  class='avia-slideshow-slide av-kqtky2-db8e432f33012c9fddba9f422239b3ce__0  av-single-slide slide-1 slide-odd'><div data-rel='slideshow-1' class='avia-slide-wrap '   ><img decoding=\"async\" fetchpriority=\"high\" class=\"wp-image-1463 avia-img-lazy-loading-not-1463\"  src=\"https:\/\/retrofit.de\/wp-content\/uploads\/2023\/05\/2022_10_10_HDC_Huttelmaier__W6A8971_web_full.webp\" width=\"400\" height=\"599\" title='2022_10_10_HDC_Huttelmaier__W6A8971_web_full' alt=''  itemprop=\"thumbnailUrl\" srcset=\"https:\/\/retrofit.de\/wp-content\/uploads\/2023\/05\/2022_10_10_HDC_Huttelmaier__W6A8971_web_full.webp 400w, https:\/\/retrofit.de\/wp-content\/uploads\/2023\/05\/2022_10_10_HDC_Huttelmaier__W6A8971_web_full-200x300.webp 200w\" sizes=\"(max-width: 400px) 100vw, 400px\" \/><\/div><\/li><\/ul><\/div><\/div><div  class='flex_column av-ht4pmy-efa5ca1c91234e5bc5c0cfdcdba96fa8 av_two_third  avia-builder-el-9  el_after_av_one_third  avia-builder-el-last  flex_column_div  '     ><p><section  class='av_textblock_section av-flb4ka-7bca6ef7928938f2fdbd86681df03226 '   itemscope=\"itemscope\" itemtype=\"https:\/\/schema.org\/CreativeWork\" ><div class='avia_textblock av_inherit_color'  itemprop=\"text\" ><p>We offer you the construction of new machine tools according to your individual requirements.<\/p>\n<p>HDC Huttelmaier has extensive experience as a machine tool manufacturer, particularly in the field of precision and customised solutions.<\/p>\n<p>Since 1947, we have been thinking our way into the challenges of our customers and offering innovative approaches to achieve shorter throughput times or energy savings.<\/p>\n<\/div><\/section><br \/>\n<section  class='av_textblock_section av-dvy6yi-528b9f88d0c729f12d8acbdcabdc82b3 '   itemscope=\"itemscope\" itemtype=\"https:\/\/schema.org\/CreativeWork\" ><div class='avia_textblock av_inherit_color'  itemprop=\"text\" ><p><strong>More information<\/strong><\/p>\n<ul>\n<li><a href=\"https:\/\/retrofit.de\/index.php\/en\/machine-tool-manufacturer\/metalworking-machinery-for-sale\/\">Machine tools for sale<\/a><\/li>\n<li><a href=\"https:\/\/retrofit.de\/index.php\/en\/machine-tool-manufacturer\/metalworking-machine-tool-rental\/\">Machine tool rental<\/a><\/li>\n<li><a href=\"https:\/\/retrofit.de\/index.php\/en\/machine-tool-manufacturer\/cnc-grinding-machines-sale-rental\/\">Industrial grinding machines<\/a><\/li>\n<li><a href=\"https:\/\/retrofit.de\/index.php\/en\/machine-tool-manufacturer\/2-in-1-industrial-laser-cutter-sale-rental\/\">2-in-1 industrial laser cutter<\/a><\/li>\n<li><a href=\"https:\/\/retrofit.de\/index.php\/en\/machine-tool-manufacturer\/fiber-laser-sheet-cutting-machine-sale-rental\/\">Fiber laser for sheets<\/a><\/li>\n<li><a href=\"https:\/\/retrofit.de\/index.php\/en\/machine-tool-manufacturer\/fiber-laser-tube-cutting-machine-sale-rental\/\">Fiber laser for tubes<\/a><\/li>\n<li><a href=\"https:\/\/retrofit.de\/index.php\/en\/grinding-hub-stuttgart-en\/\">GrindingHub<\/a><\/li>\n<\/ul>\n<\/div><\/section><\/p><\/div><\/div><\/div><\/main><!-- close content main element --><\/div><\/div><div id='av_section_2'  class='avia-section av-cxheqy-7fab3fbcda776ba646816c0d223b4d80 main_color avia-section-default avia-no-border-styling  avia-builder-el-12  el_after_av_section  avia-builder-el-last  avia-bg-style-scroll container_wrap fullsize'  ><div class='container av-section-cont-open' ><div class='template-page content  av-content-full alpha units'><div class='post-entry post-entry-type-page post-entry-3706'><div class='entry-content-wrapper clearfix'>\n\n<style type=\"text\/css\" data-created_by=\"avia_inline_auto\" id=\"style-css-av-b1ka22-1faa46ce0e9ed500db2fc33f6da68abd\">\n#top .av-special-heading.av-b1ka22-1faa46ce0e9ed500db2fc33f6da68abd{\npadding-bottom:10px;\n}\nbody .av-special-heading.av-b1ka22-1faa46ce0e9ed500db2fc33f6da68abd .av-special-heading-tag .heading-char{\nfont-size:25px;\n}\n.av-special-heading.av-b1ka22-1faa46ce0e9ed500db2fc33f6da68abd .av-subheading{\nfont-size:15px;\n}\n<\/style>\n<div  class='av-special-heading av-b1ka22-1faa46ce0e9ed500db2fc33f6da68abd av-special-heading-h2 blockquote modern-quote  avia-builder-el-13  el_before_av_textblock  avia-builder-el-first '><h2 class='av-special-heading-tag '  itemprop=\"headline\"  >HOW CAN WE HELP YOU?<\/h2><div class=\"special-heading-border\"><div class=\"special-heading-inner-border\"><\/div><\/div><\/div>\n\n<style type=\"text\/css\" data-created_by=\"avia_inline_auto\" id=\"style-css-av-8isylm-24ce52ddffe0f5a0f51009543db52f7c\">\n#top .av_textblock_section.av-8isylm-24ce52ddffe0f5a0f51009543db52f7c .avia_textblock{\nfont-size:30px;\n}\n<\/style>\n<section  class='av_textblock_section av-8isylm-24ce52ddffe0f5a0f51009543db52f7c '   itemscope=\"itemscope\" itemtype=\"https:\/\/schema.org\/CreativeWork\" ><div class='avia_textblock'  itemprop=\"text\" ><p>HDC HUTTELMAIER \u2013 RETROFITTING OF MACHINES FOR HIGH-END PRECISION<\/p>\n<\/div><\/section>\n<div  class='flex_column av-7ovxga-dfb9391c662d6c573ebc55c3a86b4819 av_one_fourth  avia-builder-el-15  el_after_av_textblock  el_before_av_one_half  first flex_column_div  column-top-margin'     ><style type=\"text\/css\" data-created_by=\"avia_inline_auto\" id=\"style-css-av-5nuooa-026969a477103de6543cf641e61a9f99\">\n.avia-image-container.av-5nuooa-026969a477103de6543cf641e61a9f99 img.avia_image{\nbox-shadow:none;\n}\n.avia-image-container.av-5nuooa-026969a477103de6543cf641e61a9f99 .av-image-caption-overlay-center{\ncolor:#ffffff;\n}\n<\/style>\n<div  class='avia-image-container av-5nuooa-026969a477103de6543cf641e61a9f99 av-styling- avia-align-center  avia-builder-el-16  avia-builder-el-no-sibling '   itemprop=\"image\" itemscope=\"itemscope\" itemtype=\"https:\/\/schema.org\/ImageObject\" ><div class=\"avia-image-container-inner\"><div class=\"avia-image-overlay-wrap\"><img decoding=\"async\" fetchpriority=\"high\" class='wp-image-1454 avia-img-lazy-loading-not-1454 avia_image ' src=\"https:\/\/retrofit.de\/wp-content\/uploads\/2023\/05\/Joerg-Huttelmaier-_-Geschaeftsfuehrer-bei-HDC-01-1-300x300.webp\" alt='J\u00f6rg Huttelmaier-Gesch\u00e4ftsf\u00fchrer bei HDC' title='J\u00f6rg Huttelmaier-Gesch\u00e4ftsf\u00fchrer bei HDC'  height=\"300\" width=\"300\"  itemprop=\"thumbnailUrl\" srcset=\"https:\/\/retrofit.de\/wp-content\/uploads\/2023\/05\/Joerg-Huttelmaier-_-Geschaeftsfuehrer-bei-HDC-01-1-300x300.webp 300w, https:\/\/retrofit.de\/wp-content\/uploads\/2023\/05\/Joerg-Huttelmaier-_-Geschaeftsfuehrer-bei-HDC-01-1-1030x1030.webp 1030w, https:\/\/retrofit.de\/wp-content\/uploads\/2023\/05\/Joerg-Huttelmaier-_-Geschaeftsfuehrer-bei-HDC-01-1-80x80.webp 80w, https:\/\/retrofit.de\/wp-content\/uploads\/2023\/05\/Joerg-Huttelmaier-_-Geschaeftsfuehrer-bei-HDC-01-1-768x768.webp 768w, https:\/\/retrofit.de\/wp-content\/uploads\/2023\/05\/Joerg-Huttelmaier-_-Geschaeftsfuehrer-bei-HDC-01-1-1536x1536.webp 1536w, https:\/\/retrofit.de\/wp-content\/uploads\/2023\/05\/Joerg-Huttelmaier-_-Geschaeftsfuehrer-bei-HDC-01-1-36x36.webp 36w, https:\/\/retrofit.de\/wp-content\/uploads\/2023\/05\/Joerg-Huttelmaier-_-Geschaeftsfuehrer-bei-HDC-01-1-180x180.webp 180w, https:\/\/retrofit.de\/wp-content\/uploads\/2023\/05\/Joerg-Huttelmaier-_-Geschaeftsfuehrer-bei-HDC-01-1-1500x1500.webp 1500w, https:\/\/retrofit.de\/wp-content\/uploads\/2023\/05\/Joerg-Huttelmaier-_-Geschaeftsfuehrer-bei-HDC-01-1-705x705.webp 705w, https:\/\/retrofit.de\/wp-content\/uploads\/2023\/05\/Joerg-Huttelmaier-_-Geschaeftsfuehrer-bei-HDC-01-1.webp 1600w\" sizes=\"(max-width: 300px) 100vw, 300px\" \/><\/div><\/div><\/div><\/div><div  class='flex_column av-4fk8ze-88b072c039139b13d3d0c67f14189b1f av_one_half  avia-builder-el-17  el_after_av_one_fourth  avia-builder-el-last  linie-links flex_column_div  column-top-margin'     ><style type=\"text\/css\" data-created_by=\"avia_inline_auto\" id=\"style-css-av-32w9zu-72f9d8c3c31a4cc4913c3877a21fb35a\">\n#top .av_textblock_section.av-32w9zu-72f9d8c3c31a4cc4913c3877a21fb35a .avia_textblock{\nfont-size:18px;\n}\n<\/style>\n<section  class='av_textblock_section av-32w9zu-72f9d8c3c31a4cc4913c3877a21fb35a '   itemscope=\"itemscope\" itemtype=\"https:\/\/schema.org\/CreativeWork\" ><div class='avia_textblock kontakt'  itemprop=\"text\" ><p><strong>J\u00f6rg Huttelmaier<\/strong><\/p>\n<p>Owner<br \/>\nHuttelmaier GmbH<br \/>\nWinterbacher Stra\u00dfe 66<br \/>\n73614 Schorndorf \/ Germany<\/p>\n<p><strong>Get in touch<\/strong><\/p>\n<p><img loading=\"lazy\" decoding=\"async\" style=\"margin-right: 10px;\" src=\"https:\/\/retrofit.de\/wp-content\/uploads\/2023\/04\/HDC-Website_Kontakt-Icons_Phone.svg\" width=\"32\" height=\"32\" \/><a href=\"tel:+4907181978680\">+49 (0) 7181-97868-0<\/a><br \/>\n<img loading=\"lazy\" decoding=\"async\" style=\"margin-right: 10px; margin-bottom: -10px; padding-top: 10px;\" src=\"https:\/\/retrofit.de\/wp-content\/uploads\/2023\/04\/HDC-Website_Kontakt-Icons_Mail.svg\" width=\"32\" height=\"32\" \/><a href=\"mailto:joerg@huttelmaier.de\">joerg@huttelmaier.de<\/a><\/p>\n<\/div><\/section><\/div>\n<\/p>\n","protected":false},"excerpt":{"rendered":"","protected":false},"author":5,"featured_media":0,"parent":0,"menu_order":4,"comment_status":"closed","ping_status":"closed","template":"","meta":{"footnotes":""},"class_list":["post-3706","page","type-page","status-publish","hentry"],"yoast_head":"<!-- This site is optimized with the Yoast SEO plugin v27.3 - https:\/\/yoast.com\/product\/yoast-seo-wordpress\/ -->\n<title>Machine tool manufacturer \u2013 HDC Huttelmaier since 1947<\/title>\n<meta name=\"description\" content=\"Machine tool manufacturer HDC \u2713 Wendt \u2606 Ball grinding machines \u2606 Customised machines \u27a8 Construction according to your requirements\" \/>\n<meta name=\"robots\" content=\"index, follow, max-snippet:-1, max-image-preview:large, max-video-preview:-1\" \/>\n<link rel=\"canonical\" href=\"https:\/\/retrofit.de\/index.php\/en\/machine-tool-manufacturer\/\" \/>\n<meta property=\"og:locale\" content=\"de_DE\" \/>\n<meta property=\"og:type\" content=\"article\" \/>\n<meta property=\"og:title\" content=\"Machine tool manufacturer \u2013 HDC Huttelmaier since 1947\" \/>\n<meta property=\"og:description\" content=\"Machine tool manufacturer HDC \u2713 Wendt \u2606 Ball grinding machines \u2606 Customised machines \u27a8 Construction according to your requirements\" \/>\n<meta property=\"og:url\" content=\"https:\/\/retrofit.de\/index.php\/en\/machine-tool-manufacturer\/\" \/>\n<meta property=\"og:site_name\" content=\"HDC Huttelmaier Retrofit\" \/>\n<meta property=\"article:modified_time\" content=\"2025-12-10T08:07:18+00:00\" \/>\n<meta property=\"og:image\" content=\"https:\/\/retrofit.de\/wp-content\/uploads\/2023\/04\/HDC-Website_Kontakt-Icons_Phone.svg\" \/>\n<meta name=\"twitter:card\" content=\"summary_large_image\" \/>\n<meta name=\"twitter:label1\" content=\"Gesch\u00e4tzte Lesezeit\" \/>\n\t<meta name=\"twitter:data1\" content=\"2\u00a0Minuten\" \/>\n<script type=\"application\/ld+json\" class=\"yoast-schema-graph\">{\"@context\":\"https:\\\/\\\/schema.org\",\"@graph\":[{\"@type\":\"WebPage\",\"@id\":\"https:\\\/\\\/retrofit.de\\\/index.php\\\/en\\\/machine-tool-manufacturer\\\/\",\"url\":\"https:\\\/\\\/retrofit.de\\\/index.php\\\/en\\\/machine-tool-manufacturer\\\/\",\"name\":\"Machine tool manufacturer \u2013 HDC Huttelmaier since 1947\",\"isPartOf\":{\"@id\":\"https:\\\/\\\/retrofit.de\\\/#website\"},\"primaryImageOfPage\":{\"@id\":\"https:\\\/\\\/retrofit.de\\\/index.php\\\/en\\\/machine-tool-manufacturer\\\/#primaryimage\"},\"image\":{\"@id\":\"https:\\\/\\\/retrofit.de\\\/index.php\\\/en\\\/machine-tool-manufacturer\\\/#primaryimage\"},\"thumbnailUrl\":\"https:\\\/\\\/retrofit.de\\\/wp-content\\\/uploads\\\/2023\\\/04\\\/HDC-Website_Kontakt-Icons_Phone.svg\",\"datePublished\":\"2024-03-26T09:26:19+00:00\",\"dateModified\":\"2025-12-10T08:07:18+00:00\",\"description\":\"Machine tool manufacturer HDC \u2713 Wendt \u2606 Ball grinding machines \u2606 Customised machines \u27a8 Construction according to your requirements\",\"breadcrumb\":{\"@id\":\"https:\\\/\\\/retrofit.de\\\/index.php\\\/en\\\/machine-tool-manufacturer\\\/#breadcrumb\"},\"inLanguage\":\"de\",\"potentialAction\":[{\"@type\":\"ReadAction\",\"target\":[\"https:\\\/\\\/retrofit.de\\\/index.php\\\/en\\\/machine-tool-manufacturer\\\/\"]}]},{\"@type\":\"ImageObject\",\"inLanguage\":\"de\",\"@id\":\"https:\\\/\\\/retrofit.de\\\/index.php\\\/en\\\/machine-tool-manufacturer\\\/#primaryimage\",\"url\":\"https:\\\/\\\/retrofit.de\\\/wp-content\\\/uploads\\\/2023\\\/04\\\/HDC-Website_Kontakt-Icons_Phone.svg\",\"contentUrl\":\"https:\\\/\\\/retrofit.de\\\/wp-content\\\/uploads\\\/2023\\\/04\\\/HDC-Website_Kontakt-Icons_Phone.svg\"},{\"@type\":\"BreadcrumbList\",\"@id\":\"https:\\\/\\\/retrofit.de\\\/index.php\\\/en\\\/machine-tool-manufacturer\\\/#breadcrumb\",\"itemListElement\":[{\"@type\":\"ListItem\",\"position\":1,\"name\":\"Startseite\",\"item\":\"https:\\\/\\\/retrofit.de\\\/index.php\\\/de\\\/startseite\\\/\"},{\"@type\":\"ListItem\",\"position\":2,\"name\":\"Machine tool manufacturer\"}]},{\"@type\":\"WebSite\",\"@id\":\"https:\\\/\\\/retrofit.de\\\/#website\",\"url\":\"https:\\\/\\\/retrofit.de\\\/\",\"name\":\"HDC Huttelmaier Retrofit\",\"description\":\"Maschinen \u00dcberholung f\u00fcr High End Pr\u00e4zision\",\"publisher\":{\"@id\":\"https:\\\/\\\/retrofit.de\\\/#organization\"},\"potentialAction\":[{\"@type\":\"SearchAction\",\"target\":{\"@type\":\"EntryPoint\",\"urlTemplate\":\"https:\\\/\\\/retrofit.de\\\/?s={search_term_string}\"},\"query-input\":{\"@type\":\"PropertyValueSpecification\",\"valueRequired\":true,\"valueName\":\"search_term_string\"}}],\"inLanguage\":\"de\"},{\"@type\":\"Organization\",\"@id\":\"https:\\\/\\\/retrofit.de\\\/#organization\",\"name\":\"HDC Huttelmaier GmbH\",\"alternateName\":\"HDC\",\"url\":\"https:\\\/\\\/retrofit.de\\\/\",\"logo\":{\"@type\":\"ImageObject\",\"inLanguage\":\"de\",\"@id\":\"https:\\\/\\\/retrofit.de\\\/#\\\/schema\\\/logo\\\/image\\\/\",\"url\":\"https:\\\/\\\/retrofit.de\\\/wp-content\\\/uploads\\\/2023\\\/04\\\/Logo.jpg\",\"contentUrl\":\"https:\\\/\\\/retrofit.de\\\/wp-content\\\/uploads\\\/2023\\\/04\\\/Logo.jpg\",\"width\":2083,\"height\":2083,\"caption\":\"HDC Huttelmaier GmbH\"},\"image\":{\"@id\":\"https:\\\/\\\/retrofit.de\\\/#\\\/schema\\\/logo\\\/image\\\/\"}}]}<\/script>\n<!-- \/ Yoast SEO plugin. -->","yoast_head_json":{"title":"Machine tool manufacturer \u2013 HDC Huttelmaier since 1947","description":"Machine tool manufacturer HDC \u2713 Wendt \u2606 Ball grinding machines \u2606 Customised machines \u27a8 Construction according to your requirements","robots":{"index":"index","follow":"follow","max-snippet":"max-snippet:-1","max-image-preview":"max-image-preview:large","max-video-preview":"max-video-preview:-1"},"canonical":"https:\/\/retrofit.de\/index.php\/en\/machine-tool-manufacturer\/","og_locale":"de_DE","og_type":"article","og_title":"Machine tool manufacturer \u2013 HDC Huttelmaier since 1947","og_description":"Machine tool manufacturer HDC \u2713 Wendt \u2606 Ball grinding machines \u2606 Customised machines \u27a8 Construction according to your requirements","og_url":"https:\/\/retrofit.de\/index.php\/en\/machine-tool-manufacturer\/","og_site_name":"HDC Huttelmaier Retrofit","article_modified_time":"2025-12-10T08:07:18+00:00","og_image":[{"url":"https:\/\/retrofit.de\/wp-content\/uploads\/2023\/04\/HDC-Website_Kontakt-Icons_Phone.svg","type":"","width":"","height":""}],"twitter_card":"summary_large_image","twitter_misc":{"Gesch\u00e4tzte Lesezeit":"2\u00a0Minuten"},"schema":{"@context":"https:\/\/schema.org","@graph":[{"@type":"WebPage","@id":"https:\/\/retrofit.de\/index.php\/en\/machine-tool-manufacturer\/","url":"https:\/\/retrofit.de\/index.php\/en\/machine-tool-manufacturer\/","name":"Machine tool manufacturer \u2013 HDC Huttelmaier since 1947","isPartOf":{"@id":"https:\/\/retrofit.de\/#website"},"primaryImageOfPage":{"@id":"https:\/\/retrofit.de\/index.php\/en\/machine-tool-manufacturer\/#primaryimage"},"image":{"@id":"https:\/\/retrofit.de\/index.php\/en\/machine-tool-manufacturer\/#primaryimage"},"thumbnailUrl":"https:\/\/retrofit.de\/wp-content\/uploads\/2023\/04\/HDC-Website_Kontakt-Icons_Phone.svg","datePublished":"2024-03-26T09:26:19+00:00","dateModified":"2025-12-10T08:07:18+00:00","description":"Machine tool manufacturer HDC \u2713 Wendt \u2606 Ball grinding machines \u2606 Customised machines \u27a8 Construction according to your requirements","breadcrumb":{"@id":"https:\/\/retrofit.de\/index.php\/en\/machine-tool-manufacturer\/#breadcrumb"},"inLanguage":"de","potentialAction":[{"@type":"ReadAction","target":["https:\/\/retrofit.de\/index.php\/en\/machine-tool-manufacturer\/"]}]},{"@type":"ImageObject","inLanguage":"de","@id":"https:\/\/retrofit.de\/index.php\/en\/machine-tool-manufacturer\/#primaryimage","url":"https:\/\/retrofit.de\/wp-content\/uploads\/2023\/04\/HDC-Website_Kontakt-Icons_Phone.svg","contentUrl":"https:\/\/retrofit.de\/wp-content\/uploads\/2023\/04\/HDC-Website_Kontakt-Icons_Phone.svg"},{"@type":"BreadcrumbList","@id":"https:\/\/retrofit.de\/index.php\/en\/machine-tool-manufacturer\/#breadcrumb","itemListElement":[{"@type":"ListItem","position":1,"name":"Startseite","item":"https:\/\/retrofit.de\/index.php\/de\/startseite\/"},{"@type":"ListItem","position":2,"name":"Machine tool manufacturer"}]},{"@type":"WebSite","@id":"https:\/\/retrofit.de\/#website","url":"https:\/\/retrofit.de\/","name":"HDC Huttelmaier Retrofit","description":"Maschinen \u00dcberholung f\u00fcr High End Pr\u00e4zision","publisher":{"@id":"https:\/\/retrofit.de\/#organization"},"potentialAction":[{"@type":"SearchAction","target":{"@type":"EntryPoint","urlTemplate":"https:\/\/retrofit.de\/?s={search_term_string}"},"query-input":{"@type":"PropertyValueSpecification","valueRequired":true,"valueName":"search_term_string"}}],"inLanguage":"de"},{"@type":"Organization","@id":"https:\/\/retrofit.de\/#organization","name":"HDC Huttelmaier GmbH","alternateName":"HDC","url":"https:\/\/retrofit.de\/","logo":{"@type":"ImageObject","inLanguage":"de","@id":"https:\/\/retrofit.de\/#\/schema\/logo\/image\/","url":"https:\/\/retrofit.de\/wp-content\/uploads\/2023\/04\/Logo.jpg","contentUrl":"https:\/\/retrofit.de\/wp-content\/uploads\/2023\/04\/Logo.jpg","width":2083,"height":2083,"caption":"HDC Huttelmaier GmbH"},"image":{"@id":"https:\/\/retrofit.de\/#\/schema\/logo\/image\/"}}]}},"_links":{"self":[{"href":"https:\/\/retrofit.de\/index.php\/wp-json\/wp\/v2\/pages\/3706","targetHints":{"allow":["GET"]}}],"collection":[{"href":"https:\/\/retrofit.de\/index.php\/wp-json\/wp\/v2\/pages"}],"about":[{"href":"https:\/\/retrofit.de\/index.php\/wp-json\/wp\/v2\/types\/page"}],"author":[{"embeddable":true,"href":"https:\/\/retrofit.de\/index.php\/wp-json\/wp\/v2\/users\/5"}],"replies":[{"embeddable":true,"href":"https:\/\/retrofit.de\/index.php\/wp-json\/wp\/v2\/comments?post=3706"}],"version-history":[{"count":6,"href":"https:\/\/retrofit.de\/index.php\/wp-json\/wp\/v2\/pages\/3706\/revisions"}],"predecessor-version":[{"id":4929,"href":"https:\/\/retrofit.de\/index.php\/wp-json\/wp\/v2\/pages\/3706\/revisions\/4929"}],"wp:attachment":[{"href":"https:\/\/retrofit.de\/index.php\/wp-json\/wp\/v2\/media?parent=3706"}],"curies":[{"name":"wp","href":"https:\/\/api.w.org\/{rel}","templated":true}]}}