{"id":3702,"date":"2024-03-26T10:12:56","date_gmt":"2024-03-26T09:12:56","guid":{"rendered":"https:\/\/retrofit.de\/?page_id=3702"},"modified":"2025-10-27T10:58:26","modified_gmt":"2025-10-27T09:58:26","slug":"machine-tool-repair","status":"publish","type":"page","link":"https:\/\/retrofit.de\/index.php\/en\/machine-overhaul\/machine-tool-repair\/","title":{"rendered":"Machine tool repair"},"content":{"rendered":"<div id='av_section_1'  class='avia-section av-av_section-f716ba51e7bf82947c918c6ed882cb73 main_color avia-section-default avia-no-border-styling  avia-builder-el-0  el_before_av_section  avia-builder-el-first  avia-bg-style-scroll container_wrap fullsize'  ><div class='container av-section-cont-open' ><main  role=\"main\" itemprop=\"mainContentOfPage\"  class='template-page content  av-content-full alpha units'><div class='post-entry post-entry-type-page post-entry-3702'><div class='entry-content-wrapper clearfix'>\n<div  class='flex_column av-av_one_full-7714eba142aeda1f8b5272a3c372b279 av_one_full  avia-builder-el-1  el_before_av_one_third  avia-builder-el-first  first flex_column_div  '     ><style type=\"text\/css\" data-created_by=\"avia_inline_auto\" id=\"style-css-av-lu85pz12-178b9fa3bcedf1f561227082cd6269c8\">\n#top .av-special-heading.av-lu85pz12-178b9fa3bcedf1f561227082cd6269c8{\npadding-bottom:10px;\n}\nbody .av-special-heading.av-lu85pz12-178b9fa3bcedf1f561227082cd6269c8 .av-special-heading-tag .heading-char{\nfont-size:25px;\n}\n.av-special-heading.av-lu85pz12-178b9fa3bcedf1f561227082cd6269c8 .av-subheading{\nfont-size:15px;\n}\n<\/style>\n<div  class='av-special-heading av-lu85pz12-178b9fa3bcedf1f561227082cd6269c8 av-special-heading-h1 blockquote modern-quote  avia-builder-el-2  avia-builder-el-no-sibling '><h1 class='av-special-heading-tag '  itemprop=\"headline\"  >MACHINE TOOL REPAIR<\/h1><div class=\"special-heading-border\"><div class=\"special-heading-inner-border\"><\/div><\/div><\/div><\/div><div  class='flex_column av-av_one_third-62182491de0c8640dccef865bfe8b366 av_one_third  avia-builder-el-3  el_after_av_one_full  el_before_av_two_third  first flex_column_div  column-top-margin'     ><div  class='avia-slideshow av-av_slideshow-acb2bf92da02dd4ff2a0abf2ec60d7d4 avia-slideshow-extra_large av_slideshow avia-slide-slider  avia-builder-el-4  avia-builder-el-no-sibling  av-slideshow-ui av-control-minimal av-control-minimal-dark av-nav-arrows-visible av-no-slider-navigation av-slideshow-autoplay av-loop-endless av-loop-manual-endless av-default-height-applied avia-slideshow-1' data-slideshow-options=\"{&quot;animation&quot;:&quot;slide&quot;,&quot;autoplay&quot;:true,&quot;loop_autoplay&quot;:&quot;endless&quot;,&quot;interval&quot;:5,&quot;loop_manual&quot;:&quot;manual-endless&quot;,&quot;autoplay_stopper&quot;:false,&quot;noNavigation&quot;:false,&quot;bg_slider&quot;:false,&quot;transitionSpeed&quot;:400,&quot;keep_padding&quot;:false,&quot;hoverpause&quot;:false,&quot;show_slide_delay&quot;:0}\"  itemprop=\"image\" itemscope=\"itemscope\" itemtype=\"https:\/\/schema.org\/ImageObject\" ><ul class='avia-slideshow-inner ' style='padding-bottom: 66.75%;'><li  class='avia-slideshow-slide av-av_slideshow-acb2bf92da02dd4ff2a0abf2ec60d7d4__0  slide-1 slide-odd'><div data-rel='slideshow-1' class='avia-slide-wrap '   ><img decoding=\"async\" fetchpriority=\"high\" class=\"wp-image-1485 avia-img-lazy-loading-not-1485\"  src=\"https:\/\/retrofit.de\/wp-content\/uploads\/2023\/05\/Werkzeugmaschinen-Reparatur.webp\" width=\"400\" height=\"267\" title='Werkzeugmaschinen Reparatur' alt='Werkzeugmaschinen Reparatur'  itemprop=\"thumbnailUrl\" srcset=\"https:\/\/retrofit.de\/wp-content\/uploads\/2023\/05\/Werkzeugmaschinen-Reparatur.webp 400w, https:\/\/retrofit.de\/wp-content\/uploads\/2023\/05\/Werkzeugmaschinen-Reparatur-300x200.webp 300w\" sizes=\"(max-width: 400px) 100vw, 400px\" \/><\/div><\/li><li  class='avia-slideshow-slide av-av_slideshow-acb2bf92da02dd4ff2a0abf2ec60d7d4__1  slide-2 slide-even'><div data-rel='slideshow-1' class='avia-slide-wrap '   ><img decoding=\"async\" fetchpriority=\"high\" class=\"wp-image-1484 avia-img-lazy-loading-not-1484\"  src=\"https:\/\/retrofit.de\/wp-content\/uploads\/2023\/05\/Werkzeugmaschinen-Reparatur-4.webp\" width=\"400\" height=\"267\" title='Werkzeugmaschinen Reparatur' alt='Werkzeugmaschinen Reparatur'  itemprop=\"thumbnailUrl\" srcset=\"https:\/\/retrofit.de\/wp-content\/uploads\/2023\/05\/Werkzeugmaschinen-Reparatur-4.webp 400w, https:\/\/retrofit.de\/wp-content\/uploads\/2023\/05\/Werkzeugmaschinen-Reparatur-4-300x200.webp 300w\" sizes=\"(max-width: 400px) 100vw, 400px\" \/><\/div><\/li><li  class='avia-slideshow-slide av-av_slideshow-acb2bf92da02dd4ff2a0abf2ec60d7d4__2  slide-3 slide-odd'><div data-rel='slideshow-1' class='avia-slide-wrap '   ><img decoding=\"async\" fetchpriority=\"high\" class=\"wp-image-1483 avia-img-lazy-loading-not-1483\"  src=\"https:\/\/retrofit.de\/wp-content\/uploads\/2023\/05\/Werkzeugmaschinen-Reparatur-3.webp\" width=\"400\" height=\"267\" title='Werkzeugmaschinen Reparatur' alt='Werkzeugmaschinen Reparatur'  itemprop=\"thumbnailUrl\" srcset=\"https:\/\/retrofit.de\/wp-content\/uploads\/2023\/05\/Werkzeugmaschinen-Reparatur-3.webp 400w, https:\/\/retrofit.de\/wp-content\/uploads\/2023\/05\/Werkzeugmaschinen-Reparatur-3-300x200.webp 300w\" sizes=\"(max-width: 400px) 100vw, 400px\" \/><\/div><\/li><li  class='avia-slideshow-slide av-av_slideshow-acb2bf92da02dd4ff2a0abf2ec60d7d4__3  slide-4 slide-even'><div data-rel='slideshow-1' class='avia-slide-wrap '   ><img decoding=\"async\" fetchpriority=\"high\" class=\"wp-image-1482 avia-img-lazy-loading-not-1482\"  src=\"https:\/\/retrofit.de\/wp-content\/uploads\/2023\/05\/Werkzeugmaschinen-Reparatur-2.webp\" width=\"400\" height=\"267\" title='Werkzeugmaschinen Reparatur' alt='Werkzeugmaschinen Reparatur'  itemprop=\"thumbnailUrl\" srcset=\"https:\/\/retrofit.de\/wp-content\/uploads\/2023\/05\/Werkzeugmaschinen-Reparatur-2.webp 400w, https:\/\/retrofit.de\/wp-content\/uploads\/2023\/05\/Werkzeugmaschinen-Reparatur-2-300x200.webp 300w\" sizes=\"(max-width: 400px) 100vw, 400px\" \/><\/div><\/li><\/ul><div class='avia-slideshow-arrows avia-slideshow-controls' ><a href='#prev' class='prev-slide ' aria-hidden='true' data-av_icon='\ue87c' data-av_iconfont='entypo-fontello'  tabindex='-1'>Zur\u00fcck<\/a><a href='#next' class='next-slide ' aria-hidden='true' data-av_icon='\ue87d' data-av_iconfont='entypo-fontello'  tabindex='-1'>Weiter<\/a><\/div><\/div><\/div><div  class='flex_column av-av_two_third-776923162c92d83497802fbc6ee5cf68 av_two_third  avia-builder-el-5  el_after_av_one_third  avia-builder-el-last  flex_column_div  column-top-margin'     ><p><section  class='av_textblock_section av-lu85q7cd-77054f55f694ad2f23156b274ba2877e '   itemscope=\"itemscope\" itemtype=\"https:\/\/schema.org\/CreativeWork\" ><div class='avia_textblock av_inherit_color'  itemprop=\"text\" ><p>HDC Huttelmaier has been your contact for professional CNC machine service since 1947.<\/p>\n<p>Our machine tool repair includes lathes, milling machines and grinding machines in particular, but also other cutting machines from the special machine construction sector.<\/p>\n<\/div><\/section><br \/>\n<section  class='av_textblock_section av-lu85r80r-e8a9239e83f6931be6c00601e649c49c '   itemscope=\"itemscope\" itemtype=\"https:\/\/schema.org\/CreativeWork\" ><div class='avia_textblock av_inherit_color'  itemprop=\"text\" ><p><strong>More information<\/strong><\/p>\n<ul>\n<li><a href=\"https:\/\/retrofit.de\/index.php\/maschinenueberholung\/werkzeugmaschinen-reparatur\/retrofit-drehmaschinen\/\">Lathes<\/a><\/li>\n<li><a href=\"https:\/\/retrofit.de\/index.php\/maschinenueberholung\/werkzeugmaschinen-reparatur\/retrofit-fraesmaschinen\/\">Milling machines<\/a><\/li>\n<li><a href=\"https:\/\/retrofit.de\/index.php\/maschinenueberholung\/werkzeugmaschinen-reparatur\/retrofit-schleifmaschinen\/\">Grinding machines<\/a><\/li>\n<\/ul>\n<\/div><\/section><\/p><\/div><\/div><\/div><\/main><!-- close content main element --><\/div><\/div><div id='av_section_2'  class='avia-section av-av_section-f716ba51e7bf82947c918c6ed882cb73 main_color avia-section-default avia-no-border-styling  avia-builder-el-8  el_after_av_section  avia-builder-el-last  avia-bg-style-scroll container_wrap fullsize'  ><div class='container av-section-cont-open' ><div class='template-page content  av-content-full alpha units'><div class='post-entry post-entry-type-page post-entry-3702'><div class='entry-content-wrapper clearfix'>\n\n<style type=\"text\/css\" data-created_by=\"avia_inline_auto\" id=\"style-css-av-lu85rj84-9b9e707f2a365cf18eee1dc185072da2\">\n#top .av-special-heading.av-lu85rj84-9b9e707f2a365cf18eee1dc185072da2{\npadding-bottom:10px;\n}\nbody .av-special-heading.av-lu85rj84-9b9e707f2a365cf18eee1dc185072da2 .av-special-heading-tag .heading-char{\nfont-size:25px;\n}\n.av-special-heading.av-lu85rj84-9b9e707f2a365cf18eee1dc185072da2 .av-subheading{\nfont-size:15px;\n}\n<\/style>\n<div  class='av-special-heading av-lu85rj84-9b9e707f2a365cf18eee1dc185072da2 av-special-heading-h2 blockquote modern-quote  avia-builder-el-9  el_before_av_textblock  avia-builder-el-first '><h2 class='av-special-heading-tag '  itemprop=\"headline\"  >HOW CAN WE HELP YOU?<\/h2><div class=\"special-heading-border\"><div class=\"special-heading-inner-border\"><\/div><\/div><\/div>\n\n<style type=\"text\/css\" data-created_by=\"avia_inline_auto\" id=\"style-css-av-lu85rqp4-7eb42145584f7b1773f69a17803a5e4b\">\n#top .av_textblock_section.av-lu85rqp4-7eb42145584f7b1773f69a17803a5e4b .avia_textblock{\nfont-size:30px;\n}\n<\/style>\n<section  class='av_textblock_section av-lu85rqp4-7eb42145584f7b1773f69a17803a5e4b '   itemscope=\"itemscope\" itemtype=\"https:\/\/schema.org\/CreativeWork\" ><div class='avia_textblock'  itemprop=\"text\" ><p>HDC HUTTELMAIER \u2013 RETROFITTING OF MACHINES FOR HIGH-END PRECISION<\/p>\n<\/div><\/section>\n<div  class='flex_column av-av_one_fourth-7714eba142aeda1f8b5272a3c372b279 av_one_fourth  avia-builder-el-11  el_after_av_textblock  el_before_av_one_half  first flex_column_div  column-top-margin'     ><style type=\"text\/css\" data-created_by=\"avia_inline_auto\" id=\"style-css-av-av_image-90063a625daf2e8b0351414ed56b9497\">\n.avia-image-container.av-av_image-90063a625daf2e8b0351414ed56b9497 img.avia_image{\nbox-shadow:none;\n}\n.avia-image-container.av-av_image-90063a625daf2e8b0351414ed56b9497 .av-image-caption-overlay-center{\ncolor:#ffffff;\n}\n<\/style>\n<div  class='avia-image-container av-av_image-90063a625daf2e8b0351414ed56b9497 av-styling- avia-align-center  avia-builder-el-12  avia-builder-el-no-sibling '   itemprop=\"image\" itemscope=\"itemscope\" itemtype=\"https:\/\/schema.org\/ImageObject\" ><div class=\"avia-image-container-inner\"><div class=\"avia-image-overlay-wrap\"><img decoding=\"async\" fetchpriority=\"high\" class='wp-image-451 avia-img-lazy-loading-not-451 avia_image ' src=\"https:\/\/retrofit.de\/wp-content\/uploads\/2023\/04\/Falko-Rehorst-_-Vertrieb-bei-HDC.webp\" alt='Falko Rehorst-Vertrieb-bei-HDC' title='Falko Rehorst-Vertrieb-bei-HDC'  height=\"400\" width=\"400\"  itemprop=\"thumbnailUrl\" srcset=\"https:\/\/retrofit.de\/wp-content\/uploads\/2023\/04\/Falko-Rehorst-_-Vertrieb-bei-HDC.webp 400w, https:\/\/retrofit.de\/wp-content\/uploads\/2023\/04\/Falko-Rehorst-_-Vertrieb-bei-HDC-300x300.webp 300w, https:\/\/retrofit.de\/wp-content\/uploads\/2023\/04\/Falko-Rehorst-_-Vertrieb-bei-HDC-80x80.webp 80w, https:\/\/retrofit.de\/wp-content\/uploads\/2023\/04\/Falko-Rehorst-_-Vertrieb-bei-HDC-36x36.webp 36w, https:\/\/retrofit.de\/wp-content\/uploads\/2023\/04\/Falko-Rehorst-_-Vertrieb-bei-HDC-180x180.webp 180w\" sizes=\"(max-width: 400px) 100vw, 400px\" \/><\/div><\/div><\/div><\/div><div  class='flex_column av-av_one_half-76ab3ec13c1473fb92f9aa300de7f059 av_one_half  avia-builder-el-13  el_after_av_one_fourth  avia-builder-el-last  linie-links flex_column_div  column-top-margin'     ><style type=\"text\/css\" data-created_by=\"avia_inline_auto\" id=\"style-css-av-lu85scx7-04e8dfeab4c0dea0638a89fe3f84f6f6\">\n#top .av_textblock_section.av-lu85scx7-04e8dfeab4c0dea0638a89fe3f84f6f6 .avia_textblock{\nfont-size:18px;\n}\n<\/style>\n<section  class='av_textblock_section av-lu85scx7-04e8dfeab4c0dea0638a89fe3f84f6f6 '   itemscope=\"itemscope\" itemtype=\"https:\/\/schema.org\/CreativeWork\" ><div class='avia_textblock kontakt'  itemprop=\"text\" ><p><strong>Falco Rehorst<\/strong><\/p>\n<p style=\"line-height: 1.65em;\">Retrofit consultant<br \/>\nHuttelmaier GmbH<\/p>\n<p><strong>Get in touch<\/strong><\/p>\n<p><img loading=\"lazy\" decoding=\"async\" style=\"margin-right: 10px;\" src=\"https:\/\/retrofit.de\/wp-content\/uploads\/2023\/04\/HDC-Website_Kontakt-Icons_Phone.svg\" width=\"32\" height=\"32\" \/><a href=\"tel:+4971819786829\">+49 (0) 7181-97868-29<\/a><br \/>\n<img loading=\"lazy\" decoding=\"async\" style=\"margin-right: 10px; margin-bottom: -5px; padding-top: 5px;\" src=\"https:\/\/retrofit.de\/wp-content\/uploads\/2023\/04\/HDC-Website_Kontakt-Icons_Mobile.svg\" width=\"32\" height=\"32\" \/><a href=\"tel:+491727121011\">+49 (0) 172-7121011<\/a><br \/>\n<img loading=\"lazy\" decoding=\"async\" style=\"margin-right: 10px; margin-bottom: -10px; padding-top: 10px;\" src=\"https:\/\/retrofit.de\/wp-content\/uploads\/2023\/04\/HDC-Website_Kontakt-Icons_Mail.svg\" width=\"32\" height=\"32\" \/><a href=\"mailto:rehorst@huttelmaier.de\">rehorst@huttelmaier.de<\/a><\/p>\n<p>I look forward to talking to you!<\/p>\n<\/div><\/section><\/div><\/p>\n","protected":false},"excerpt":{"rendered":"","protected":false},"author":5,"featured_media":0,"parent":3663,"menu_order":3,"comment_status":"closed","ping_status":"closed","template":"","meta":{"footnotes":""},"class_list":["post-3702","page","type-page","status-publish","hentry"],"yoast_head":"<!-- This site is optimized with the Yoast SEO plugin v27.3 - https:\/\/yoast.com\/product\/yoast-seo-wordpress\/ -->\n<title>Machine tool repair \u2013 CNC machine service in Germany<\/title>\n<meta name=\"description\" content=\"Machine tool repair \u2713 Lathes \u2606 Milling machines \u2606 Grinding machines \u2606 Customised construction \u27a8 Professional CNC machine service\" \/>\n<meta name=\"robots\" content=\"index, follow, max-snippet:-1, max-image-preview:large, max-video-preview:-1\" \/>\n<link rel=\"canonical\" href=\"https:\/\/retrofit.de\/index.php\/en\/machine-overhaul\/machine-tool-repair\/\" \/>\n<meta property=\"og:locale\" content=\"de_DE\" \/>\n<meta property=\"og:type\" content=\"article\" \/>\n<meta property=\"og:title\" content=\"Machine tool repair \u2013 CNC machine service in Germany\" \/>\n<meta property=\"og:description\" content=\"Machine tool repair \u2713 Lathes \u2606 Milling machines \u2606 Grinding machines \u2606 Customised construction \u27a8 Professional CNC machine service\" \/>\n<meta property=\"og:url\" content=\"https:\/\/retrofit.de\/index.php\/en\/machine-overhaul\/machine-tool-repair\/\" \/>\n<meta property=\"og:site_name\" content=\"HDC Huttelmaier Retrofit\" \/>\n<meta property=\"article:modified_time\" content=\"2025-10-27T09:58:26+00:00\" \/>\n<meta property=\"og:image\" content=\"https:\/\/retrofit.de\/wp-content\/uploads\/2023\/04\/HDC-Website_Kontakt-Icons_Phone.svg\" \/>\n<meta name=\"twitter:card\" content=\"summary_large_image\" \/>\n<meta name=\"twitter:label1\" content=\"Gesch\u00e4tzte Lesezeit\" \/>\n\t<meta name=\"twitter:data1\" content=\"3\u00a0Minuten\" \/>\n<script type=\"application\/ld+json\" class=\"yoast-schema-graph\">{\"@context\":\"https:\\\/\\\/schema.org\",\"@graph\":[{\"@type\":\"WebPage\",\"@id\":\"https:\\\/\\\/retrofit.de\\\/index.php\\\/en\\\/machine-overhaul\\\/machine-tool-repair\\\/\",\"url\":\"https:\\\/\\\/retrofit.de\\\/index.php\\\/en\\\/machine-overhaul\\\/machine-tool-repair\\\/\",\"name\":\"Machine tool repair \u2013 CNC machine service in Germany\",\"isPartOf\":{\"@id\":\"https:\\\/\\\/retrofit.de\\\/#website\"},\"primaryImageOfPage\":{\"@id\":\"https:\\\/\\\/retrofit.de\\\/index.php\\\/en\\\/machine-overhaul\\\/machine-tool-repair\\\/#primaryimage\"},\"image\":{\"@id\":\"https:\\\/\\\/retrofit.de\\\/index.php\\\/en\\\/machine-overhaul\\\/machine-tool-repair\\\/#primaryimage\"},\"thumbnailUrl\":\"https:\\\/\\\/retrofit.de\\\/wp-content\\\/uploads\\\/2023\\\/04\\\/HDC-Website_Kontakt-Icons_Phone.svg\",\"datePublished\":\"2024-03-26T09:12:56+00:00\",\"dateModified\":\"2025-10-27T09:58:26+00:00\",\"description\":\"Machine tool repair \u2713 Lathes \u2606 Milling machines \u2606 Grinding machines \u2606 Customised construction \u27a8 Professional CNC machine service\",\"breadcrumb\":{\"@id\":\"https:\\\/\\\/retrofit.de\\\/index.php\\\/en\\\/machine-overhaul\\\/machine-tool-repair\\\/#breadcrumb\"},\"inLanguage\":\"de\",\"potentialAction\":[{\"@type\":\"ReadAction\",\"target\":[\"https:\\\/\\\/retrofit.de\\\/index.php\\\/en\\\/machine-overhaul\\\/machine-tool-repair\\\/\"]}]},{\"@type\":\"ImageObject\",\"inLanguage\":\"de\",\"@id\":\"https:\\\/\\\/retrofit.de\\\/index.php\\\/en\\\/machine-overhaul\\\/machine-tool-repair\\\/#primaryimage\",\"url\":\"https:\\\/\\\/retrofit.de\\\/wp-content\\\/uploads\\\/2023\\\/04\\\/HDC-Website_Kontakt-Icons_Phone.svg\",\"contentUrl\":\"https:\\\/\\\/retrofit.de\\\/wp-content\\\/uploads\\\/2023\\\/04\\\/HDC-Website_Kontakt-Icons_Phone.svg\"},{\"@type\":\"BreadcrumbList\",\"@id\":\"https:\\\/\\\/retrofit.de\\\/index.php\\\/en\\\/machine-overhaul\\\/machine-tool-repair\\\/#breadcrumb\",\"itemListElement\":[{\"@type\":\"ListItem\",\"position\":1,\"name\":\"Startseite\",\"item\":\"https:\\\/\\\/retrofit.de\\\/index.php\\\/de\\\/startseite\\\/\"},{\"@type\":\"ListItem\",\"position\":2,\"name\":\"Machine overhaul\",\"item\":\"https:\\\/\\\/retrofit.de\\\/index.php\\\/en\\\/machine-overhaul\\\/\"},{\"@type\":\"ListItem\",\"position\":3,\"name\":\"Machine tool repair\"}]},{\"@type\":\"WebSite\",\"@id\":\"https:\\\/\\\/retrofit.de\\\/#website\",\"url\":\"https:\\\/\\\/retrofit.de\\\/\",\"name\":\"HDC Huttelmaier Retrofit\",\"description\":\"Maschinen \u00dcberholung f\u00fcr High End Pr\u00e4zision\",\"publisher\":{\"@id\":\"https:\\\/\\\/retrofit.de\\\/#organization\"},\"potentialAction\":[{\"@type\":\"SearchAction\",\"target\":{\"@type\":\"EntryPoint\",\"urlTemplate\":\"https:\\\/\\\/retrofit.de\\\/?s={search_term_string}\"},\"query-input\":{\"@type\":\"PropertyValueSpecification\",\"valueRequired\":true,\"valueName\":\"search_term_string\"}}],\"inLanguage\":\"de\"},{\"@type\":\"Organization\",\"@id\":\"https:\\\/\\\/retrofit.de\\\/#organization\",\"name\":\"HDC Huttelmaier GmbH\",\"alternateName\":\"HDC\",\"url\":\"https:\\\/\\\/retrofit.de\\\/\",\"logo\":{\"@type\":\"ImageObject\",\"inLanguage\":\"de\",\"@id\":\"https:\\\/\\\/retrofit.de\\\/#\\\/schema\\\/logo\\\/image\\\/\",\"url\":\"https:\\\/\\\/retrofit.de\\\/wp-content\\\/uploads\\\/2023\\\/04\\\/Logo.jpg\",\"contentUrl\":\"https:\\\/\\\/retrofit.de\\\/wp-content\\\/uploads\\\/2023\\\/04\\\/Logo.jpg\",\"width\":2083,\"height\":2083,\"caption\":\"HDC Huttelmaier GmbH\"},\"image\":{\"@id\":\"https:\\\/\\\/retrofit.de\\\/#\\\/schema\\\/logo\\\/image\\\/\"}}]}<\/script>\n<!-- \/ Yoast SEO plugin. -->","yoast_head_json":{"title":"Machine tool repair \u2013 CNC machine service in Germany","description":"Machine tool repair \u2713 Lathes \u2606 Milling machines \u2606 Grinding machines \u2606 Customised construction \u27a8 Professional CNC machine service","robots":{"index":"index","follow":"follow","max-snippet":"max-snippet:-1","max-image-preview":"max-image-preview:large","max-video-preview":"max-video-preview:-1"},"canonical":"https:\/\/retrofit.de\/index.php\/en\/machine-overhaul\/machine-tool-repair\/","og_locale":"de_DE","og_type":"article","og_title":"Machine tool repair \u2013 CNC machine service in Germany","og_description":"Machine tool repair \u2713 Lathes \u2606 Milling machines \u2606 Grinding machines \u2606 Customised construction \u27a8 Professional CNC machine service","og_url":"https:\/\/retrofit.de\/index.php\/en\/machine-overhaul\/machine-tool-repair\/","og_site_name":"HDC Huttelmaier Retrofit","article_modified_time":"2025-10-27T09:58:26+00:00","og_image":[{"url":"https:\/\/retrofit.de\/wp-content\/uploads\/2023\/04\/HDC-Website_Kontakt-Icons_Phone.svg","type":"","width":"","height":""}],"twitter_card":"summary_large_image","twitter_misc":{"Gesch\u00e4tzte Lesezeit":"3\u00a0Minuten"},"schema":{"@context":"https:\/\/schema.org","@graph":[{"@type":"WebPage","@id":"https:\/\/retrofit.de\/index.php\/en\/machine-overhaul\/machine-tool-repair\/","url":"https:\/\/retrofit.de\/index.php\/en\/machine-overhaul\/machine-tool-repair\/","name":"Machine tool repair \u2013 CNC machine service in Germany","isPartOf":{"@id":"https:\/\/retrofit.de\/#website"},"primaryImageOfPage":{"@id":"https:\/\/retrofit.de\/index.php\/en\/machine-overhaul\/machine-tool-repair\/#primaryimage"},"image":{"@id":"https:\/\/retrofit.de\/index.php\/en\/machine-overhaul\/machine-tool-repair\/#primaryimage"},"thumbnailUrl":"https:\/\/retrofit.de\/wp-content\/uploads\/2023\/04\/HDC-Website_Kontakt-Icons_Phone.svg","datePublished":"2024-03-26T09:12:56+00:00","dateModified":"2025-10-27T09:58:26+00:00","description":"Machine tool repair \u2713 Lathes \u2606 Milling machines \u2606 Grinding machines \u2606 Customised construction \u27a8 Professional CNC machine service","breadcrumb":{"@id":"https:\/\/retrofit.de\/index.php\/en\/machine-overhaul\/machine-tool-repair\/#breadcrumb"},"inLanguage":"de","potentialAction":[{"@type":"ReadAction","target":["https:\/\/retrofit.de\/index.php\/en\/machine-overhaul\/machine-tool-repair\/"]}]},{"@type":"ImageObject","inLanguage":"de","@id":"https:\/\/retrofit.de\/index.php\/en\/machine-overhaul\/machine-tool-repair\/#primaryimage","url":"https:\/\/retrofit.de\/wp-content\/uploads\/2023\/04\/HDC-Website_Kontakt-Icons_Phone.svg","contentUrl":"https:\/\/retrofit.de\/wp-content\/uploads\/2023\/04\/HDC-Website_Kontakt-Icons_Phone.svg"},{"@type":"BreadcrumbList","@id":"https:\/\/retrofit.de\/index.php\/en\/machine-overhaul\/machine-tool-repair\/#breadcrumb","itemListElement":[{"@type":"ListItem","position":1,"name":"Startseite","item":"https:\/\/retrofit.de\/index.php\/de\/startseite\/"},{"@type":"ListItem","position":2,"name":"Machine overhaul","item":"https:\/\/retrofit.de\/index.php\/en\/machine-overhaul\/"},{"@type":"ListItem","position":3,"name":"Machine tool repair"}]},{"@type":"WebSite","@id":"https:\/\/retrofit.de\/#website","url":"https:\/\/retrofit.de\/","name":"HDC Huttelmaier Retrofit","description":"Maschinen \u00dcberholung f\u00fcr High End Pr\u00e4zision","publisher":{"@id":"https:\/\/retrofit.de\/#organization"},"potentialAction":[{"@type":"SearchAction","target":{"@type":"EntryPoint","urlTemplate":"https:\/\/retrofit.de\/?s={search_term_string}"},"query-input":{"@type":"PropertyValueSpecification","valueRequired":true,"valueName":"search_term_string"}}],"inLanguage":"de"},{"@type":"Organization","@id":"https:\/\/retrofit.de\/#organization","name":"HDC Huttelmaier GmbH","alternateName":"HDC","url":"https:\/\/retrofit.de\/","logo":{"@type":"ImageObject","inLanguage":"de","@id":"https:\/\/retrofit.de\/#\/schema\/logo\/image\/","url":"https:\/\/retrofit.de\/wp-content\/uploads\/2023\/04\/Logo.jpg","contentUrl":"https:\/\/retrofit.de\/wp-content\/uploads\/2023\/04\/Logo.jpg","width":2083,"height":2083,"caption":"HDC Huttelmaier GmbH"},"image":{"@id":"https:\/\/retrofit.de\/#\/schema\/logo\/image\/"}}]}},"_links":{"self":[{"href":"https:\/\/retrofit.de\/index.php\/wp-json\/wp\/v2\/pages\/3702","targetHints":{"allow":["GET"]}}],"collection":[{"href":"https:\/\/retrofit.de\/index.php\/wp-json\/wp\/v2\/pages"}],"about":[{"href":"https:\/\/retrofit.de\/index.php\/wp-json\/wp\/v2\/types\/page"}],"author":[{"embeddable":true,"href":"https:\/\/retrofit.de\/index.php\/wp-json\/wp\/v2\/users\/5"}],"replies":[{"embeddable":true,"href":"https:\/\/retrofit.de\/index.php\/wp-json\/wp\/v2\/comments?post=3702"}],"version-history":[{"count":3,"href":"https:\/\/retrofit.de\/index.php\/wp-json\/wp\/v2\/pages\/3702\/revisions"}],"predecessor-version":[{"id":4872,"href":"https:\/\/retrofit.de\/index.php\/wp-json\/wp\/v2\/pages\/3702\/revisions\/4872"}],"up":[{"embeddable":true,"href":"https:\/\/retrofit.de\/index.php\/wp-json\/wp\/v2\/pages\/3663"}],"wp:attachment":[{"href":"https:\/\/retrofit.de\/index.php\/wp-json\/wp\/v2\/media?parent=3702"}],"curies":[{"name":"wp","href":"https:\/\/api.w.org\/{rel}","templated":true}]}}