{"id":3677,"date":"2024-03-26T09:34:00","date_gmt":"2024-03-26T08:34:00","guid":{"rendered":"https:\/\/retrofit.de\/?page_id=3677"},"modified":"2025-02-13T11:15:27","modified_gmt":"2025-02-13T10:15:27","slug":"cnc-retrofit-en","status":"publish","type":"page","link":"https:\/\/retrofit.de\/index.php\/en\/cnc-retrofit-en\/","title":{"rendered":"CNC retrofit"},"content":{"rendered":"<div id='av_section_1'  class='avia-section av-iosjkd-6af8c3e7aa0c3b3700af75d89775d525 main_color avia-section-default avia-no-border-styling  avia-builder-el-0  avia-builder-el-no-sibling  avia-bg-style-scroll container_wrap fullsize'  ><div class='container av-section-cont-open' ><main  role=\"main\" itemprop=\"mainContentOfPage\"  class='template-page content  av-content-full alpha units'><div class='post-entry post-entry-type-page post-entry-3677'><div class='entry-content-wrapper clearfix'>\n<div  class='flex_column av-htu03x-8166607a43d9e818d8a2917108000b64 av_one_full  avia-builder-el-1  el_before_av_two_fifth  avia-builder-el-first  first flex_column_div  '     ><style type=\"text\/css\" data-created_by=\"avia_inline_auto\" id=\"style-css-av-lu84axgw-be635ba921cc2e2b457e6f55f641930d\">\n#top .av-special-heading.av-lu84axgw-be635ba921cc2e2b457e6f55f641930d{\npadding-bottom:10px;\n}\nbody .av-special-heading.av-lu84axgw-be635ba921cc2e2b457e6f55f641930d .av-special-heading-tag .heading-char{\nfont-size:25px;\n}\n.av-special-heading.av-lu84axgw-be635ba921cc2e2b457e6f55f641930d .av-subheading{\nfont-size:15px;\n}\n<\/style>\n<div  class='av-special-heading av-lu84axgw-be635ba921cc2e2b457e6f55f641930d av-special-heading-h1 blockquote modern-quote  avia-builder-el-2  avia-builder-el-no-sibling '><h1 class='av-special-heading-tag '  itemprop=\"headline\"  >CNC retrofit<\/h1><div class=\"special-heading-border\"><div class=\"special-heading-inner-border\"><\/div><\/div><\/div><\/div><div  class='flex_column av-gav9jh-110a00bd21dc142b429415e74b9b03d5 av_two_fifth  avia-builder-el-3  el_after_av_one_full  el_before_av_three_fifth  first flex_column_div  column-top-margin'     ><div  class='avia-slideshow av-e4c6ul-32267f2ed6d36b4761fad817b9d422ce avia-slideshow-extra_large av_slideshow avia-slide-slider  avia-builder-el-4  avia-builder-el-no-sibling  av-slideshow-ui av-control-minimal av-control-minimal-dark av-nav-arrows-visible av-no-slider-navigation av-slideshow-autoplay av-loop-endless av-loop-manual-endless av-default-height-applied avia-slideshow-1' data-slideshow-options=\"{&quot;animation&quot;:&quot;slide&quot;,&quot;autoplay&quot;:true,&quot;loop_autoplay&quot;:&quot;endless&quot;,&quot;interval&quot;:5,&quot;loop_manual&quot;:&quot;manual-endless&quot;,&quot;autoplay_stopper&quot;:false,&quot;noNavigation&quot;:false,&quot;bg_slider&quot;:false,&quot;transitionSpeed&quot;:400,&quot;keep_padding&quot;:false,&quot;hoverpause&quot;:false,&quot;show_slide_delay&quot;:0}\"  itemprop=\"image\" itemscope=\"itemscope\" itemtype=\"https:\/\/schema.org\/ImageObject\" ><ul class='avia-slideshow-inner ' style='padding-bottom: 66.666666666667%;'><li  class='avia-slideshow-slide av-e4c6ul-32267f2ed6d36b4761fad817b9d422ce__0  slide-1 slide-odd'><div data-rel='slideshow-1' class='avia-slide-wrap '   ><img decoding=\"async\" fetchpriority=\"high\" class=\"wp-image-1489 avia-img-lazy-loading-not-1489\"  src=\"https:\/\/retrofit.de\/wp-content\/uploads\/2023\/05\/Retrofit-Service-1500x1000.webp\" width=\"1500\" height=\"1000\" title='Retrofit-Service' alt='Retrofit Service'  itemprop=\"thumbnailUrl\" srcset=\"https:\/\/retrofit.de\/wp-content\/uploads\/2023\/05\/Retrofit-Service-1500x1000.webp 1500w, https:\/\/retrofit.de\/wp-content\/uploads\/2023\/05\/Retrofit-Service-300x200.webp 300w, https:\/\/retrofit.de\/wp-content\/uploads\/2023\/05\/Retrofit-Service-1030x687.webp 1030w, https:\/\/retrofit.de\/wp-content\/uploads\/2023\/05\/Retrofit-Service-768x512.webp 768w, https:\/\/retrofit.de\/wp-content\/uploads\/2023\/05\/Retrofit-Service-1536x1024.webp 1536w, https:\/\/retrofit.de\/wp-content\/uploads\/2023\/05\/Retrofit-Service-705x470.webp 705w, https:\/\/retrofit.de\/wp-content\/uploads\/2023\/05\/Retrofit-Service.webp 1771w\" sizes=\"(max-width: 1500px) 100vw, 1500px\" \/><\/div><\/li><li  class='avia-slideshow-slide av-e4c6ul-32267f2ed6d36b4761fad817b9d422ce__1  slide-2 slide-even'><div data-rel='slideshow-1' class='avia-slide-wrap '   ><img decoding=\"async\" fetchpriority=\"high\" class=\"wp-image-1488 avia-img-lazy-loading-not-1488\"  src=\"https:\/\/retrofit.de\/wp-content\/uploads\/2023\/05\/Retrofit-Service-3.webp\" width=\"1089\" height=\"604\" title='Retrofit-Service' alt='Retrofit-Service'  itemprop=\"thumbnailUrl\" srcset=\"https:\/\/retrofit.de\/wp-content\/uploads\/2023\/05\/Retrofit-Service-3.webp 1089w, https:\/\/retrofit.de\/wp-content\/uploads\/2023\/05\/Retrofit-Service-3-300x166.webp 300w, https:\/\/retrofit.de\/wp-content\/uploads\/2023\/05\/Retrofit-Service-3-1030x571.webp 1030w, https:\/\/retrofit.de\/wp-content\/uploads\/2023\/05\/Retrofit-Service-3-768x426.webp 768w, https:\/\/retrofit.de\/wp-content\/uploads\/2023\/05\/Retrofit-Service-3-705x391.webp 705w\" sizes=\"(max-width: 1089px) 100vw, 1089px\" \/><\/div><\/li><li  class='avia-slideshow-slide av-e4c6ul-32267f2ed6d36b4761fad817b9d422ce__2  slide-3 slide-odd'><div data-rel='slideshow-1' class='avia-slide-wrap '   ><img decoding=\"async\" fetchpriority=\"high\" class=\"wp-image-1487 avia-img-lazy-loading-not-1487\"  src=\"https:\/\/retrofit.de\/wp-content\/uploads\/2023\/05\/Retrofit-Service-2-1500x1001.webp\" width=\"1500\" height=\"1001\" title='Retrofit-Service' alt='Retrofit-Service'  itemprop=\"thumbnailUrl\" srcset=\"https:\/\/retrofit.de\/wp-content\/uploads\/2023\/05\/Retrofit-Service-2-1500x1001.webp 1500w, https:\/\/retrofit.de\/wp-content\/uploads\/2023\/05\/Retrofit-Service-2-300x200.webp 300w, https:\/\/retrofit.de\/wp-content\/uploads\/2023\/05\/Retrofit-Service-2-1030x687.webp 1030w, https:\/\/retrofit.de\/wp-content\/uploads\/2023\/05\/Retrofit-Service-2-768x512.webp 768w, https:\/\/retrofit.de\/wp-content\/uploads\/2023\/05\/Retrofit-Service-2-1536x1025.webp 1536w, https:\/\/retrofit.de\/wp-content\/uploads\/2023\/05\/Retrofit-Service-2-2048x1367.webp 2048w, https:\/\/retrofit.de\/wp-content\/uploads\/2023\/05\/Retrofit-Service-2-705x470.webp 705w\" sizes=\"(max-width: 1500px) 100vw, 1500px\" \/><\/div><\/li><\/ul><div class='avia-slideshow-arrows avia-slideshow-controls' ><a href='#prev' class='prev-slide ' aria-hidden='true' data-av_icon='\ue87c' data-av_iconfont='entypo-fontello'  tabindex='-1'>Zur\u00fcck<\/a><a href='#next' class='next-slide ' aria-hidden='true' data-av_icon='\ue87d' data-av_iconfont='entypo-fontello'  tabindex='-1'>Weiter<\/a><\/div><\/div><\/div><div  class='flex_column av-7hgv8d-1c77b992ac45fecfbe43bfc1eceadc2e av_three_fifth  avia-builder-el-5  el_after_av_two_fifth  el_before_av_one_third  flex_column_div  column-top-margin'     ><p><section  class='av_textblock_section av-lu84b5wk-64c462c9f5875eea16ef387d8d2dff88 '   itemscope=\"itemscope\" itemtype=\"https:\/\/schema.org\/CreativeWork\" ><div class='avia_textblock av_inherit_color'  itemprop=\"text\" ><p><span lang=\"en-US\" data-olk-copy-source=\"MessageBody\">The experienced CNC retrofit specialists at HDC Huttelmaier offer professional Industry 4.0 machinery rebuilding.<\/span><\/p>\n<p><span lang=\"en-US\">Since 1947, we have been supporting manufacturing companies in the metal industry, particularly in the overhaul of machine tools.<\/span><\/p>\n<p><span lang=\"en-US\">We offer you precision, reliability and safety from a single source.<\/span><\/p>\n<\/div><\/section><br \/>\n<section  class='av_textblock_section av-lu84dgr7-b9067365e5280d36dbde7c58dd1d9644 '   itemscope=\"itemscope\" itemtype=\"https:\/\/schema.org\/CreativeWork\" ><div class='avia_textblock av_inherit_color'  itemprop=\"text\" ><ul>\n<li>Retrofit consulting for machine tools<\/li>\n<li>Actual state recording and diagnosis<\/li>\n<li>Geometry according to DIN: Maintain machine tolerances<\/li>\n<li>Reduced throughput times thanks to optimised processes<\/li>\n<li>Energy savings compared to the old machine<\/li>\n<li>Cost savings compared to the purchase of a new machine<\/li>\n<li>Create a reliable specification sheet together<\/li>\n<li>Advice on operational safety regulations<\/li>\n<li>Troubleshooting, maintenance and functional repairs<\/li>\n<li>Manufacturer-neutral service<\/li>\n<li>Scraping to produce the highest geometry<\/li>\n<li>Exchange machines if available<\/li>\n<li>Process optimisation<\/li>\n<li>Comprehensive project management: coordination of companies<\/li>\n<li>Quality with letter and seal: ISO 9001<\/li>\n<li>Reduction of the CO2 footprint<\/li>\n<li>Machine upgrade: increasing accuracy and\/or functionality<\/li>\n<\/ul>\n<\/div><\/section><\/p><\/div><div  class='flex_column av-6epc19-ae27fdd88fcf37a68028e1540f44dea5 av_one_third  avia-builder-el-8  el_after_av_three_fifth  el_before_av_two_third  first flex_column_div  '     ><\/div><div  class='flex_column av-djoul-46f974cd160f524a5f23d76f502e772d av_two_third  avia-builder-el-9  el_after_av_one_third  avia-builder-el-last  flex_column_div  '     ><p>\n<style type=\"text\/css\" data-created_by=\"avia_inline_auto\" id=\"style-css-av-lu84dqoy-d493d96e85e0e5fe0323ac2b9bd627f6\">\n#top .av-special-heading.av-lu84dqoy-d493d96e85e0e5fe0323ac2b9bd627f6{\npadding-bottom:10px;\n}\nbody .av-special-heading.av-lu84dqoy-d493d96e85e0e5fe0323ac2b9bd627f6 .av-special-heading-tag .heading-char{\nfont-size:25px;\n}\n#top #wrap_all .av-special-heading.av-lu84dqoy-d493d96e85e0e5fe0323ac2b9bd627f6 .av-special-heading-tag{\npadding:0 0 50px 0;\n}\n.av-special-heading.av-lu84dqoy-d493d96e85e0e5fe0323ac2b9bd627f6 .av-subheading{\nfont-size:15px;\n}\n<\/style>\n<div  class='av-special-heading av-lu84dqoy-d493d96e85e0e5fe0323ac2b9bd627f6 av-special-heading-h2 blockquote modern-quote  avia-builder-el-10  el_before_av_codeblock  avia-builder-el-first '><h2 class='av-special-heading-tag '  itemprop=\"headline\"  >RETROFIT BROCHURE<\/h2><div class=\"special-heading-border\"><div class=\"special-heading-inner-border\"><\/div><\/div><\/div><br \/>\n<\/p><\/div>\n","protected":false},"excerpt":{"rendered":"","protected":false},"author":5,"featured_media":0,"parent":0,"menu_order":2,"comment_status":"closed","ping_status":"closed","template":"","meta":{"footnotes":""},"class_list":["post-3677","page","type-page","status-publish","hentry"],"yoast_head":"<!-- This site is optimized with the Yoast SEO plugin v27.3 - https:\/\/yoast.com\/product\/yoast-seo-wordpress\/ -->\n<title>CNC retrofit \u2013 Industry 4.0 machinery rebuilding<\/title>\n<meta name=\"description\" content=\"CNC retrofit \u2713 For metal industry manufacturing companies \u2606 Overhaul of machine tools \u27a8 Industry 4.0 machinery rebuilding!\" \/>\n<meta name=\"robots\" content=\"index, follow, max-snippet:-1, max-image-preview:large, max-video-preview:-1\" \/>\n<link rel=\"canonical\" href=\"https:\/\/retrofit.de\/index.php\/en\/cnc-retrofit-en\/\" \/>\n<meta property=\"og:locale\" content=\"de_DE\" \/>\n<meta property=\"og:type\" content=\"article\" \/>\n<meta property=\"og:title\" content=\"CNC retrofit \u2013 Industry 4.0 machinery rebuilding\" \/>\n<meta property=\"og:description\" content=\"CNC retrofit \u2713 For metal industry manufacturing companies \u2606 Overhaul of machine tools \u27a8 Industry 4.0 machinery rebuilding!\" \/>\n<meta property=\"og:url\" content=\"https:\/\/retrofit.de\/index.php\/en\/cnc-retrofit-en\/\" \/>\n<meta property=\"og:site_name\" content=\"HDC Huttelmaier Retrofit\" \/>\n<meta property=\"article:modified_time\" content=\"2025-02-13T10:15:27+00:00\" \/>\n<meta name=\"twitter:card\" content=\"summary_large_image\" \/>\n<meta name=\"twitter:label1\" content=\"Gesch\u00e4tzte Lesezeit\" \/>\n\t<meta name=\"twitter:data1\" content=\"2\u00a0Minuten\" \/>\n<script type=\"application\/ld+json\" class=\"yoast-schema-graph\">{\"@context\":\"https:\\\/\\\/schema.org\",\"@graph\":[{\"@type\":\"WebPage\",\"@id\":\"https:\\\/\\\/retrofit.de\\\/index.php\\\/en\\\/cnc-retrofit-en\\\/\",\"url\":\"https:\\\/\\\/retrofit.de\\\/index.php\\\/en\\\/cnc-retrofit-en\\\/\",\"name\":\"CNC retrofit \u2013 Industry 4.0 machinery rebuilding\",\"isPartOf\":{\"@id\":\"https:\\\/\\\/retrofit.de\\\/#website\"},\"datePublished\":\"2024-03-26T08:34:00+00:00\",\"dateModified\":\"2025-02-13T10:15:27+00:00\",\"description\":\"CNC retrofit \u2713 For metal industry manufacturing companies \u2606 Overhaul of machine tools \u27a8 Industry 4.0 machinery rebuilding!\",\"breadcrumb\":{\"@id\":\"https:\\\/\\\/retrofit.de\\\/index.php\\\/en\\\/cnc-retrofit-en\\\/#breadcrumb\"},\"inLanguage\":\"de\",\"potentialAction\":[{\"@type\":\"ReadAction\",\"target\":[\"https:\\\/\\\/retrofit.de\\\/index.php\\\/en\\\/cnc-retrofit-en\\\/\"]}]},{\"@type\":\"BreadcrumbList\",\"@id\":\"https:\\\/\\\/retrofit.de\\\/index.php\\\/en\\\/cnc-retrofit-en\\\/#breadcrumb\",\"itemListElement\":[{\"@type\":\"ListItem\",\"position\":1,\"name\":\"Startseite\",\"item\":\"https:\\\/\\\/retrofit.de\\\/index.php\\\/de\\\/startseite\\\/\"},{\"@type\":\"ListItem\",\"position\":2,\"name\":\"CNC retrofit\"}]},{\"@type\":\"WebSite\",\"@id\":\"https:\\\/\\\/retrofit.de\\\/#website\",\"url\":\"https:\\\/\\\/retrofit.de\\\/\",\"name\":\"HDC Huttelmaier Retrofit\",\"description\":\"Maschinen \u00dcberholung f\u00fcr High End Pr\u00e4zision\",\"publisher\":{\"@id\":\"https:\\\/\\\/retrofit.de\\\/#organization\"},\"potentialAction\":[{\"@type\":\"SearchAction\",\"target\":{\"@type\":\"EntryPoint\",\"urlTemplate\":\"https:\\\/\\\/retrofit.de\\\/?s={search_term_string}\"},\"query-input\":{\"@type\":\"PropertyValueSpecification\",\"valueRequired\":true,\"valueName\":\"search_term_string\"}}],\"inLanguage\":\"de\"},{\"@type\":\"Organization\",\"@id\":\"https:\\\/\\\/retrofit.de\\\/#organization\",\"name\":\"HDC Huttelmaier GmbH\",\"alternateName\":\"HDC\",\"url\":\"https:\\\/\\\/retrofit.de\\\/\",\"logo\":{\"@type\":\"ImageObject\",\"inLanguage\":\"de\",\"@id\":\"https:\\\/\\\/retrofit.de\\\/#\\\/schema\\\/logo\\\/image\\\/\",\"url\":\"https:\\\/\\\/retrofit.de\\\/wp-content\\\/uploads\\\/2023\\\/04\\\/Logo.jpg\",\"contentUrl\":\"https:\\\/\\\/retrofit.de\\\/wp-content\\\/uploads\\\/2023\\\/04\\\/Logo.jpg\",\"width\":2083,\"height\":2083,\"caption\":\"HDC Huttelmaier GmbH\"},\"image\":{\"@id\":\"https:\\\/\\\/retrofit.de\\\/#\\\/schema\\\/logo\\\/image\\\/\"}}]}<\/script>\n<!-- \/ Yoast SEO plugin. -->","yoast_head_json":{"title":"CNC retrofit \u2013 Industry 4.0 machinery rebuilding","description":"CNC retrofit \u2713 For metal industry manufacturing companies \u2606 Overhaul of machine tools \u27a8 Industry 4.0 machinery rebuilding!","robots":{"index":"index","follow":"follow","max-snippet":"max-snippet:-1","max-image-preview":"max-image-preview:large","max-video-preview":"max-video-preview:-1"},"canonical":"https:\/\/retrofit.de\/index.php\/en\/cnc-retrofit-en\/","og_locale":"de_DE","og_type":"article","og_title":"CNC retrofit \u2013 Industry 4.0 machinery rebuilding","og_description":"CNC retrofit \u2713 For metal industry manufacturing companies \u2606 Overhaul of machine tools \u27a8 Industry 4.0 machinery rebuilding!","og_url":"https:\/\/retrofit.de\/index.php\/en\/cnc-retrofit-en\/","og_site_name":"HDC Huttelmaier Retrofit","article_modified_time":"2025-02-13T10:15:27+00:00","twitter_card":"summary_large_image","twitter_misc":{"Gesch\u00e4tzte Lesezeit":"2\u00a0Minuten"},"schema":{"@context":"https:\/\/schema.org","@graph":[{"@type":"WebPage","@id":"https:\/\/retrofit.de\/index.php\/en\/cnc-retrofit-en\/","url":"https:\/\/retrofit.de\/index.php\/en\/cnc-retrofit-en\/","name":"CNC retrofit \u2013 Industry 4.0 machinery rebuilding","isPartOf":{"@id":"https:\/\/retrofit.de\/#website"},"datePublished":"2024-03-26T08:34:00+00:00","dateModified":"2025-02-13T10:15:27+00:00","description":"CNC retrofit \u2713 For metal industry manufacturing companies \u2606 Overhaul of machine tools \u27a8 Industry 4.0 machinery rebuilding!","breadcrumb":{"@id":"https:\/\/retrofit.de\/index.php\/en\/cnc-retrofit-en\/#breadcrumb"},"inLanguage":"de","potentialAction":[{"@type":"ReadAction","target":["https:\/\/retrofit.de\/index.php\/en\/cnc-retrofit-en\/"]}]},{"@type":"BreadcrumbList","@id":"https:\/\/retrofit.de\/index.php\/en\/cnc-retrofit-en\/#breadcrumb","itemListElement":[{"@type":"ListItem","position":1,"name":"Startseite","item":"https:\/\/retrofit.de\/index.php\/de\/startseite\/"},{"@type":"ListItem","position":2,"name":"CNC retrofit"}]},{"@type":"WebSite","@id":"https:\/\/retrofit.de\/#website","url":"https:\/\/retrofit.de\/","name":"HDC Huttelmaier Retrofit","description":"Maschinen \u00dcberholung f\u00fcr High End Pr\u00e4zision","publisher":{"@id":"https:\/\/retrofit.de\/#organization"},"potentialAction":[{"@type":"SearchAction","target":{"@type":"EntryPoint","urlTemplate":"https:\/\/retrofit.de\/?s={search_term_string}"},"query-input":{"@type":"PropertyValueSpecification","valueRequired":true,"valueName":"search_term_string"}}],"inLanguage":"de"},{"@type":"Organization","@id":"https:\/\/retrofit.de\/#organization","name":"HDC Huttelmaier GmbH","alternateName":"HDC","url":"https:\/\/retrofit.de\/","logo":{"@type":"ImageObject","inLanguage":"de","@id":"https:\/\/retrofit.de\/#\/schema\/logo\/image\/","url":"https:\/\/retrofit.de\/wp-content\/uploads\/2023\/04\/Logo.jpg","contentUrl":"https:\/\/retrofit.de\/wp-content\/uploads\/2023\/04\/Logo.jpg","width":2083,"height":2083,"caption":"HDC Huttelmaier GmbH"},"image":{"@id":"https:\/\/retrofit.de\/#\/schema\/logo\/image\/"}}]}},"_links":{"self":[{"href":"https:\/\/retrofit.de\/index.php\/wp-json\/wp\/v2\/pages\/3677","targetHints":{"allow":["GET"]}}],"collection":[{"href":"https:\/\/retrofit.de\/index.php\/wp-json\/wp\/v2\/pages"}],"about":[{"href":"https:\/\/retrofit.de\/index.php\/wp-json\/wp\/v2\/types\/page"}],"author":[{"embeddable":true,"href":"https:\/\/retrofit.de\/index.php\/wp-json\/wp\/v2\/users\/5"}],"replies":[{"embeddable":true,"href":"https:\/\/retrofit.de\/index.php\/wp-json\/wp\/v2\/comments?post=3677"}],"version-history":[{"count":4,"href":"https:\/\/retrofit.de\/index.php\/wp-json\/wp\/v2\/pages\/3677\/revisions"}],"predecessor-version":[{"id":4189,"href":"https:\/\/retrofit.de\/index.php\/wp-json\/wp\/v2\/pages\/3677\/revisions\/4189"}],"wp:attachment":[{"href":"https:\/\/retrofit.de\/index.php\/wp-json\/wp\/v2\/media?parent=3677"}],"curies":[{"name":"wp","href":"https:\/\/api.w.org\/{rel}","templated":true}]}}