{"id":3663,"date":"2024-03-25T12:42:31","date_gmt":"2024-03-25T11:42:31","guid":{"rendered":"https:\/\/retrofit.de\/?page_id=3663"},"modified":"2025-10-27T10:57:59","modified_gmt":"2025-10-27T09:57:59","slug":"machine-overhaul","status":"publish","type":"page","link":"https:\/\/retrofit.de\/index.php\/en\/machine-overhaul\/","title":{"rendered":"Machine overhaul"},"content":{"rendered":"<div id='av_section_1'  class='avia-section av-kozkdb-d73476c97a6f37093dcb64197499fff9 main_color avia-section-default avia-no-border-styling  avia-builder-el-0  el_before_av_section  avia-builder-el-first  avia-bg-style-scroll container_wrap fullsize'  ><div class='container av-section-cont-open' ><main  role=\"main\" itemprop=\"mainContentOfPage\"  class='template-page content  av-content-full alpha units'><div class='post-entry post-entry-type-page post-entry-3663'><div class='entry-content-wrapper clearfix'>\n<div  class='flex_column av-jr77sf-3cfaa957927a1a04c0c06f0fa6bea08a av_one_full  avia-builder-el-1  el_before_av_one_third  avia-builder-el-first  first flex_column_div  '     ><style type=\"text\/css\" data-created_by=\"avia_inline_auto\" id=\"style-css-av-lu6veapi-5989b4569862c1014911113212012439\">\n#top .av-special-heading.av-lu6veapi-5989b4569862c1014911113212012439{\npadding-bottom:10px;\n}\nbody .av-special-heading.av-lu6veapi-5989b4569862c1014911113212012439 .av-special-heading-tag .heading-char{\nfont-size:25px;\n}\n.av-special-heading.av-lu6veapi-5989b4569862c1014911113212012439 .av-subheading{\nfont-size:15px;\n}\n<\/style>\n<div  class='av-special-heading av-lu6veapi-5989b4569862c1014911113212012439 av-special-heading-h1 blockquote modern-quote  avia-builder-el-2  avia-builder-el-no-sibling '><h1 class='av-special-heading-tag '  itemprop=\"headline\"  >Machine overhaul<\/h1><div class=\"special-heading-border\"><div class=\"special-heading-inner-border\"><\/div><\/div><\/div><\/div><div  class='flex_column av-hq4wfj-8b3afef2571a78c81d8394d83b3959b7 av_one_third  avia-builder-el-3  el_after_av_one_full  el_before_av_two_third  first flex_column_div  column-top-margin'     ><div  class='avia-slideshow av-ffm09r-e1dacaff3270f31c2b335b7b8704fa0e avia-slideshow-extra_large av_slideshow avia-slide-slider  avia-builder-el-4  avia-builder-el-no-sibling  av-slideshow-ui av-control-minimal av-control-minimal-dark av-nav-arrows-visible av-no-slider-navigation av-slideshow-autoplay av-loop-endless av-loop-manual-endless av-default-height-applied avia-slideshow-1' data-slideshow-options=\"{&quot;animation&quot;:&quot;slide&quot;,&quot;autoplay&quot;:true,&quot;loop_autoplay&quot;:&quot;endless&quot;,&quot;interval&quot;:5,&quot;loop_manual&quot;:&quot;manual-endless&quot;,&quot;autoplay_stopper&quot;:false,&quot;noNavigation&quot;:false,&quot;bg_slider&quot;:false,&quot;transitionSpeed&quot;:400,&quot;keep_padding&quot;:false,&quot;hoverpause&quot;:false,&quot;show_slide_delay&quot;:0}\"  itemprop=\"image\" itemscope=\"itemscope\" itemtype=\"https:\/\/schema.org\/ImageObject\" ><ul class='avia-slideshow-inner ' style='padding-bottom: 66.75%;'><li  class='avia-slideshow-slide av-ffm09r-e1dacaff3270f31c2b335b7b8704fa0e__0  slide-1 slide-odd'><div data-rel='slideshow-1' class='avia-slide-wrap '   ><img decoding=\"async\" fetchpriority=\"high\" class=\"wp-image-1475 avia-img-lazy-loading-not-1475\"  src=\"https:\/\/retrofit.de\/wp-content\/uploads\/2023\/05\/Maschinenueberholung-1.webp\" width=\"400\" height=\"267\" title='Maschinen\u00fcberholung' alt='Maschinen\u00fcberholung'  itemprop=\"thumbnailUrl\" srcset=\"https:\/\/retrofit.de\/wp-content\/uploads\/2023\/05\/Maschinenueberholung-1.webp 400w, https:\/\/retrofit.de\/wp-content\/uploads\/2023\/05\/Maschinenueberholung-1-300x200.webp 300w\" sizes=\"(max-width: 400px) 100vw, 400px\" \/><\/div><\/li><li  class='avia-slideshow-slide av-ffm09r-e1dacaff3270f31c2b335b7b8704fa0e__1  slide-2 slide-even'><div data-rel='slideshow-1' class='avia-slide-wrap '   ><img decoding=\"async\" fetchpriority=\"high\" class=\"wp-image-1474 avia-img-lazy-loading-not-1474\"  src=\"https:\/\/retrofit.de\/wp-content\/uploads\/2023\/05\/Maschinenueberholung-3.webp\" width=\"400\" height=\"267\" title='Maschinen\u00fcberholung' alt='Maschinen\u00fcberholung'  itemprop=\"thumbnailUrl\" srcset=\"https:\/\/retrofit.de\/wp-content\/uploads\/2023\/05\/Maschinenueberholung-3.webp 400w, https:\/\/retrofit.de\/wp-content\/uploads\/2023\/05\/Maschinenueberholung-3-300x200.webp 300w\" sizes=\"(max-width: 400px) 100vw, 400px\" \/><\/div><\/li><li  class='avia-slideshow-slide av-ffm09r-e1dacaff3270f31c2b335b7b8704fa0e__2  slide-3 slide-odd'><div data-rel='slideshow-1' class='avia-slide-wrap '   ><img decoding=\"async\" fetchpriority=\"high\" class=\"wp-image-1473 avia-img-lazy-loading-not-1473\"  src=\"https:\/\/retrofit.de\/wp-content\/uploads\/2023\/05\/Maschinenueberholung-2.webp\" width=\"400\" height=\"267\" title='Maschinen\u00fcberholung' alt='Maschinen\u00fcberholung'  itemprop=\"thumbnailUrl\" srcset=\"https:\/\/retrofit.de\/wp-content\/uploads\/2023\/05\/Maschinenueberholung-2.webp 400w, https:\/\/retrofit.de\/wp-content\/uploads\/2023\/05\/Maschinenueberholung-2-300x200.webp 300w\" sizes=\"(max-width: 400px) 100vw, 400px\" \/><\/div><\/li><\/ul><div class='avia-slideshow-arrows avia-slideshow-controls' ><a href='#prev' class='prev-slide ' aria-hidden='true' data-av_icon='\ue87c' data-av_iconfont='entypo-fontello'  tabindex='-1'>Zur\u00fcck<\/a><a href='#next' class='next-slide ' aria-hidden='true' data-av_icon='\ue87d' data-av_iconfont='entypo-fontello'  tabindex='-1'>Weiter<\/a><\/div><\/div><\/div><div  class='flex_column av-8t3jm7-f8692ebce60a21d4c5d59fedb98c5b4a av_two_third  avia-builder-el-5  el_after_av_one_third  avia-builder-el-last  flex_column_div  column-top-margin'     ><p><section  class='av_textblock_section av-lu6vg6ep-929a0d7a426646cdee80da8d831e9366 '   itemscope=\"itemscope\" itemtype=\"https:\/\/schema.org\/CreativeWork\" ><div class='avia_textblock av_inherit_color'  itemprop=\"text\" ><p>Our machine overhaul for machine tools is divided into several areas.<\/p>\n<ul>\n<li>Retrofitting restores your machine to its precise original condition.<\/li>\n<li>Modernisation extends the range of functions.<\/li>\n<li>Repair eliminates the causes of malfunctions.<\/li>\n<\/ul>\n<p>We offer a manufacturer-independent general overhaul for your CNC machines or entire machine park!<\/p>\n<\/div><\/section><br \/>\n<section  class='av_textblock_section av-lu6vi2fw-913d1f396523838d2e2636d03a21401e '   itemscope=\"itemscope\" itemtype=\"https:\/\/schema.org\/CreativeWork\" ><div class='avia_textblock av_inherit_color'  itemprop=\"text\" ><p><strong>Services for CNC machines<\/strong><\/p>\n<ul>\n<li>Retrofit<\/li>\n<li>Machine geometry<\/li>\n<li>Machine tool scraping<\/li>\n<li>Spindle service<\/li>\n<li>Control conversion<\/li>\n<li>Modernisation<\/li>\n<li>Control system modernisation<\/li>\n<li>Machine guarding<\/li>\n<li>Measurement sensors<\/li>\n<li>Automation<\/li>\n<li>Machine data acquisition<\/li>\n<li>Repair<\/li>\n<li>Lathes<\/li>\n<li>Milling machines<\/li>\n<li>Grinding machines<\/li>\n<li>Manufacturer independent service<\/li>\n<\/ul>\n<\/div><\/section><\/p><\/div>\n\n<\/div><\/div><\/main><!-- close content main element --><\/div><\/div><div id='av_section_2'  class='avia-section av-7rxgbj-be97ff66c89152fc9f88613286659391 main_color avia-section-default avia-no-border-styling  avia-builder-el-8  el_after_av_section  avia-builder-el-last  avia-bg-style-scroll container_wrap fullsize'  ><div class='container av-section-cont-open' ><div class='template-page content  av-content-full alpha units'><div class='post-entry post-entry-type-page post-entry-3663'><div class='entry-content-wrapper clearfix'>\n\n<style type=\"text\/css\" data-created_by=\"avia_inline_auto\" id=\"style-css-av-lu6vi8qe-62dd9f719a2daa8ffef5e610ccbf60f0\">\n#top .av-special-heading.av-lu6vi8qe-62dd9f719a2daa8ffef5e610ccbf60f0{\npadding-bottom:10px;\n}\nbody .av-special-heading.av-lu6vi8qe-62dd9f719a2daa8ffef5e610ccbf60f0 .av-special-heading-tag .heading-char{\nfont-size:25px;\n}\n.av-special-heading.av-lu6vi8qe-62dd9f719a2daa8ffef5e610ccbf60f0 .av-subheading{\nfont-size:15px;\n}\n<\/style>\n<div  class='av-special-heading av-lu6vi8qe-62dd9f719a2daa8ffef5e610ccbf60f0 av-special-heading-h2 blockquote modern-quote  avia-builder-el-9  el_before_av_textblock  avia-builder-el-first '><h2 class='av-special-heading-tag '  itemprop=\"headline\"  >HOW CAN WE HELP YOU?<\/h2><div class=\"special-heading-border\"><div class=\"special-heading-inner-border\"><\/div><\/div><\/div>\n\n<style type=\"text\/css\" data-created_by=\"avia_inline_auto\" id=\"style-css-av-lu6vjk71-4f3a9ea5d9646ab17e051cda618b5b5c\">\n#top .av_textblock_section.av-lu6vjk71-4f3a9ea5d9646ab17e051cda618b5b5c .avia_textblock{\nfont-size:30px;\n}\n<\/style>\n<section  class='av_textblock_section av-lu6vjk71-4f3a9ea5d9646ab17e051cda618b5b5c '   itemscope=\"itemscope\" itemtype=\"https:\/\/schema.org\/CreativeWork\" ><div class='avia_textblock'  itemprop=\"text\" ><p>HDC HUTTELMAIER \u2013 RETROFITTING OF MACHINES FOR HIGH-END PRECISION<\/p>\n<\/div><\/section>\n<div  class='flex_column av-5h5k33-670c0c58f120554e3c187de46c78314f av_one_fourth  avia-builder-el-11  el_after_av_textblock  el_before_av_one_half  first flex_column_div  column-top-margin'     ><style type=\"text\/css\" data-created_by=\"avia_inline_auto\" id=\"style-css-av-4a57cf-7bdfccb994f261f829120f91d29cd015\">\n.avia-image-container.av-4a57cf-7bdfccb994f261f829120f91d29cd015 img.avia_image{\nbox-shadow:none;\n}\n.avia-image-container.av-4a57cf-7bdfccb994f261f829120f91d29cd015 .av-image-caption-overlay-center{\ncolor:#ffffff;\n}\n<\/style>\n<div  class='avia-image-container av-4a57cf-7bdfccb994f261f829120f91d29cd015 av-styling- avia-align-center  avia-builder-el-12  avia-builder-el-no-sibling '   itemprop=\"image\" itemscope=\"itemscope\" itemtype=\"https:\/\/schema.org\/ImageObject\" ><div class=\"avia-image-container-inner\"><div class=\"avia-image-overlay-wrap\"><img decoding=\"async\" fetchpriority=\"high\" class='wp-image-451 avia-img-lazy-loading-not-451 avia_image ' src=\"https:\/\/retrofit.de\/wp-content\/uploads\/2023\/04\/Falko-Rehorst-_-Vertrieb-bei-HDC.webp\" alt='Falko Rehorst-Vertrieb-bei-HDC' title='Falko Rehorst-Vertrieb-bei-HDC'  height=\"400\" width=\"400\"  itemprop=\"thumbnailUrl\" srcset=\"https:\/\/retrofit.de\/wp-content\/uploads\/2023\/04\/Falko-Rehorst-_-Vertrieb-bei-HDC.webp 400w, https:\/\/retrofit.de\/wp-content\/uploads\/2023\/04\/Falko-Rehorst-_-Vertrieb-bei-HDC-300x300.webp 300w, https:\/\/retrofit.de\/wp-content\/uploads\/2023\/04\/Falko-Rehorst-_-Vertrieb-bei-HDC-80x80.webp 80w, https:\/\/retrofit.de\/wp-content\/uploads\/2023\/04\/Falko-Rehorst-_-Vertrieb-bei-HDC-36x36.webp 36w, https:\/\/retrofit.de\/wp-content\/uploads\/2023\/04\/Falko-Rehorst-_-Vertrieb-bei-HDC-180x180.webp 180w\" sizes=\"(max-width: 400px) 100vw, 400px\" \/><\/div><\/div><\/div><\/div><div  class='flex_column av-6vukv-b388aa78142834a755e2d757a94ff341 av_one_half  avia-builder-el-13  el_after_av_one_fourth  avia-builder-el-last  linie-links flex_column_div  column-top-margin'     ><style type=\"text\/css\" data-created_by=\"avia_inline_auto\" id=\"style-css-av-lu6vl8sa-4122e3bfe22ae8bfaa2ac2b41f153312\">\n#top .av_textblock_section.av-lu6vl8sa-4122e3bfe22ae8bfaa2ac2b41f153312 .avia_textblock{\nfont-size:18px;\n}\n<\/style>\n<section  class='av_textblock_section av-lu6vl8sa-4122e3bfe22ae8bfaa2ac2b41f153312 '   itemscope=\"itemscope\" itemtype=\"https:\/\/schema.org\/CreativeWork\" ><div class='avia_textblock kontakt'  itemprop=\"text\" ><p><strong>Falco Rehorst<\/strong><\/p>\n<p style=\"line-height: 1.65em;\">Retrofit consultant<br \/>\nHuttelmaier GmbH<\/p>\n<p><strong>Get in touch<\/strong><\/p>\n<p><img loading=\"lazy\" decoding=\"async\" style=\"margin-right: 10px;\" src=\"https:\/\/retrofit.de\/wp-content\/uploads\/2023\/04\/HDC-Website_Kontakt-Icons_Phone.svg\" width=\"32\" height=\"32\" \/><a href=\"tel:+4971819786829\">+49 (0) 7181-97868-29<\/a><br \/>\n<img loading=\"lazy\" decoding=\"async\" style=\"margin-right: 10px; margin-bottom: -5px; padding-top: 5px;\" src=\"https:\/\/retrofit.de\/wp-content\/uploads\/2023\/04\/HDC-Website_Kontakt-Icons_Mobile.svg\" width=\"32\" height=\"32\" \/><a href=\"tel:+491727121011\">+49 (0) 172-7121011<\/a><br \/>\n<img loading=\"lazy\" decoding=\"async\" style=\"margin-right: 10px; margin-bottom: -10px; padding-top: 10px;\" src=\"https:\/\/retrofit.de\/wp-content\/uploads\/2023\/04\/HDC-Website_Kontakt-Icons_Mail.svg\" width=\"32\" height=\"32\" \/><a href=\"mailto:rehorst@huttelmaier.de\">rehorst@huttelmaier.de<\/a><\/p>\n<p>I look forward to talking to you!<\/p>\n<\/div><\/section><\/div>\n","protected":false},"excerpt":{"rendered":"","protected":false},"author":5,"featured_media":0,"parent":0,"menu_order":3,"comment_status":"closed","ping_status":"closed","template":"","meta":{"footnotes":""},"class_list":["post-3663","page","type-page","status-publish","hentry"],"yoast_head":"<!-- This site is optimized with the Yoast SEO plugin v27.4 - https:\/\/yoast.com\/product\/yoast-seo-wordpress\/ -->\n<title>Machine overhaul \u2013 CNC machine refurbishment since 1947<\/title>\n<meta name=\"description\" content=\"Machine overhaul for machine tools \u2713 Retrofit \u2606 Modernisation \u2606 Repair \u2606 Manufacturer service \u27a8 Retrofit for CNC machines!\" \/>\n<meta name=\"robots\" content=\"index, follow, max-snippet:-1, max-image-preview:large, max-video-preview:-1\" \/>\n<link rel=\"canonical\" href=\"https:\/\/retrofit.de\/index.php\/en\/machine-overhaul\/\" \/>\n<meta property=\"og:locale\" content=\"de_DE\" \/>\n<meta property=\"og:type\" content=\"article\" \/>\n<meta property=\"og:title\" content=\"Machine overhaul \u2013 CNC machine refurbishment since 1947\" \/>\n<meta property=\"og:description\" content=\"Machine overhaul for machine tools \u2713 Retrofit \u2606 Modernisation \u2606 Repair \u2606 Manufacturer service \u27a8 Retrofit for CNC machines!\" \/>\n<meta property=\"og:url\" content=\"https:\/\/retrofit.de\/index.php\/en\/machine-overhaul\/\" \/>\n<meta property=\"og:site_name\" content=\"HDC Huttelmaier Retrofit\" \/>\n<meta property=\"article:modified_time\" content=\"2025-10-27T09:57:59+00:00\" \/>\n<meta property=\"og:image\" content=\"https:\/\/retrofit.de\/wp-content\/uploads\/2023\/04\/HDC-Website_Kontakt-Icons_Phone.svg\" \/>\n<meta name=\"twitter:card\" content=\"summary_large_image\" \/>\n<meta name=\"twitter:label1\" content=\"Gesch\u00e4tzte Lesezeit\" \/>\n\t<meta name=\"twitter:data1\" content=\"3\u00a0Minuten\" \/>\n<script type=\"application\/ld+json\" class=\"yoast-schema-graph\">{\"@context\":\"https:\\\/\\\/schema.org\",\"@graph\":[{\"@type\":\"WebPage\",\"@id\":\"https:\\\/\\\/retrofit.de\\\/index.php\\\/en\\\/machine-overhaul\\\/\",\"url\":\"https:\\\/\\\/retrofit.de\\\/index.php\\\/en\\\/machine-overhaul\\\/\",\"name\":\"Machine overhaul \u2013 CNC machine refurbishment since 1947\",\"isPartOf\":{\"@id\":\"https:\\\/\\\/retrofit.de\\\/#website\"},\"primaryImageOfPage\":{\"@id\":\"https:\\\/\\\/retrofit.de\\\/index.php\\\/en\\\/machine-overhaul\\\/#primaryimage\"},\"image\":{\"@id\":\"https:\\\/\\\/retrofit.de\\\/index.php\\\/en\\\/machine-overhaul\\\/#primaryimage\"},\"thumbnailUrl\":\"https:\\\/\\\/retrofit.de\\\/wp-content\\\/uploads\\\/2023\\\/04\\\/HDC-Website_Kontakt-Icons_Phone.svg\",\"datePublished\":\"2024-03-25T11:42:31+00:00\",\"dateModified\":\"2025-10-27T09:57:59+00:00\",\"description\":\"Machine overhaul for machine tools \u2713 Retrofit \u2606 Modernisation \u2606 Repair \u2606 Manufacturer service \u27a8 Retrofit for CNC machines!\",\"breadcrumb\":{\"@id\":\"https:\\\/\\\/retrofit.de\\\/index.php\\\/en\\\/machine-overhaul\\\/#breadcrumb\"},\"inLanguage\":\"de\",\"potentialAction\":[{\"@type\":\"ReadAction\",\"target\":[\"https:\\\/\\\/retrofit.de\\\/index.php\\\/en\\\/machine-overhaul\\\/\"]}]},{\"@type\":\"ImageObject\",\"inLanguage\":\"de\",\"@id\":\"https:\\\/\\\/retrofit.de\\\/index.php\\\/en\\\/machine-overhaul\\\/#primaryimage\",\"url\":\"https:\\\/\\\/retrofit.de\\\/wp-content\\\/uploads\\\/2023\\\/04\\\/HDC-Website_Kontakt-Icons_Phone.svg\",\"contentUrl\":\"https:\\\/\\\/retrofit.de\\\/wp-content\\\/uploads\\\/2023\\\/04\\\/HDC-Website_Kontakt-Icons_Phone.svg\"},{\"@type\":\"BreadcrumbList\",\"@id\":\"https:\\\/\\\/retrofit.de\\\/index.php\\\/en\\\/machine-overhaul\\\/#breadcrumb\",\"itemListElement\":[{\"@type\":\"ListItem\",\"position\":1,\"name\":\"Startseite\",\"item\":\"https:\\\/\\\/retrofit.de\\\/index.php\\\/de\\\/startseite\\\/\"},{\"@type\":\"ListItem\",\"position\":2,\"name\":\"Machine overhaul\"}]},{\"@type\":\"WebSite\",\"@id\":\"https:\\\/\\\/retrofit.de\\\/#website\",\"url\":\"https:\\\/\\\/retrofit.de\\\/\",\"name\":\"HDC Huttelmaier Retrofit\",\"description\":\"Maschinen \u00dcberholung f\u00fcr High End Pr\u00e4zision\",\"publisher\":{\"@id\":\"https:\\\/\\\/retrofit.de\\\/#organization\"},\"potentialAction\":[{\"@type\":\"SearchAction\",\"target\":{\"@type\":\"EntryPoint\",\"urlTemplate\":\"https:\\\/\\\/retrofit.de\\\/?s={search_term_string}\"},\"query-input\":{\"@type\":\"PropertyValueSpecification\",\"valueRequired\":true,\"valueName\":\"search_term_string\"}}],\"inLanguage\":\"de\"},{\"@type\":\"Organization\",\"@id\":\"https:\\\/\\\/retrofit.de\\\/#organization\",\"name\":\"HDC Huttelmaier GmbH\",\"alternateName\":\"HDC\",\"url\":\"https:\\\/\\\/retrofit.de\\\/\",\"logo\":{\"@type\":\"ImageObject\",\"inLanguage\":\"de\",\"@id\":\"https:\\\/\\\/retrofit.de\\\/#\\\/schema\\\/logo\\\/image\\\/\",\"url\":\"https:\\\/\\\/retrofit.de\\\/wp-content\\\/uploads\\\/2023\\\/04\\\/Logo.jpg\",\"contentUrl\":\"https:\\\/\\\/retrofit.de\\\/wp-content\\\/uploads\\\/2023\\\/04\\\/Logo.jpg\",\"width\":2083,\"height\":2083,\"caption\":\"HDC Huttelmaier GmbH\"},\"image\":{\"@id\":\"https:\\\/\\\/retrofit.de\\\/#\\\/schema\\\/logo\\\/image\\\/\"}}]}<\/script>\n<!-- \/ Yoast SEO plugin. -->","yoast_head_json":{"title":"Machine overhaul \u2013 CNC machine refurbishment since 1947","description":"Machine overhaul for machine tools \u2713 Retrofit \u2606 Modernisation \u2606 Repair \u2606 Manufacturer service \u27a8 Retrofit for CNC machines!","robots":{"index":"index","follow":"follow","max-snippet":"max-snippet:-1","max-image-preview":"max-image-preview:large","max-video-preview":"max-video-preview:-1"},"canonical":"https:\/\/retrofit.de\/index.php\/en\/machine-overhaul\/","og_locale":"de_DE","og_type":"article","og_title":"Machine overhaul \u2013 CNC machine refurbishment since 1947","og_description":"Machine overhaul for machine tools \u2713 Retrofit \u2606 Modernisation \u2606 Repair \u2606 Manufacturer service \u27a8 Retrofit for CNC machines!","og_url":"https:\/\/retrofit.de\/index.php\/en\/machine-overhaul\/","og_site_name":"HDC Huttelmaier Retrofit","article_modified_time":"2025-10-27T09:57:59+00:00","og_image":[{"url":"https:\/\/retrofit.de\/wp-content\/uploads\/2023\/04\/HDC-Website_Kontakt-Icons_Phone.svg","type":"","width":"","height":""}],"twitter_card":"summary_large_image","twitter_misc":{"Gesch\u00e4tzte Lesezeit":"3\u00a0Minuten"},"schema":{"@context":"https:\/\/schema.org","@graph":[{"@type":"WebPage","@id":"https:\/\/retrofit.de\/index.php\/en\/machine-overhaul\/","url":"https:\/\/retrofit.de\/index.php\/en\/machine-overhaul\/","name":"Machine overhaul \u2013 CNC machine refurbishment since 1947","isPartOf":{"@id":"https:\/\/retrofit.de\/#website"},"primaryImageOfPage":{"@id":"https:\/\/retrofit.de\/index.php\/en\/machine-overhaul\/#primaryimage"},"image":{"@id":"https:\/\/retrofit.de\/index.php\/en\/machine-overhaul\/#primaryimage"},"thumbnailUrl":"https:\/\/retrofit.de\/wp-content\/uploads\/2023\/04\/HDC-Website_Kontakt-Icons_Phone.svg","datePublished":"2024-03-25T11:42:31+00:00","dateModified":"2025-10-27T09:57:59+00:00","description":"Machine overhaul for machine tools \u2713 Retrofit \u2606 Modernisation \u2606 Repair \u2606 Manufacturer service \u27a8 Retrofit for CNC machines!","breadcrumb":{"@id":"https:\/\/retrofit.de\/index.php\/en\/machine-overhaul\/#breadcrumb"},"inLanguage":"de","potentialAction":[{"@type":"ReadAction","target":["https:\/\/retrofit.de\/index.php\/en\/machine-overhaul\/"]}]},{"@type":"ImageObject","inLanguage":"de","@id":"https:\/\/retrofit.de\/index.php\/en\/machine-overhaul\/#primaryimage","url":"https:\/\/retrofit.de\/wp-content\/uploads\/2023\/04\/HDC-Website_Kontakt-Icons_Phone.svg","contentUrl":"https:\/\/retrofit.de\/wp-content\/uploads\/2023\/04\/HDC-Website_Kontakt-Icons_Phone.svg"},{"@type":"BreadcrumbList","@id":"https:\/\/retrofit.de\/index.php\/en\/machine-overhaul\/#breadcrumb","itemListElement":[{"@type":"ListItem","position":1,"name":"Startseite","item":"https:\/\/retrofit.de\/index.php\/de\/startseite\/"},{"@type":"ListItem","position":2,"name":"Machine overhaul"}]},{"@type":"WebSite","@id":"https:\/\/retrofit.de\/#website","url":"https:\/\/retrofit.de\/","name":"HDC Huttelmaier Retrofit","description":"Maschinen \u00dcberholung f\u00fcr High End Pr\u00e4zision","publisher":{"@id":"https:\/\/retrofit.de\/#organization"},"potentialAction":[{"@type":"SearchAction","target":{"@type":"EntryPoint","urlTemplate":"https:\/\/retrofit.de\/?s={search_term_string}"},"query-input":{"@type":"PropertyValueSpecification","valueRequired":true,"valueName":"search_term_string"}}],"inLanguage":"de"},{"@type":"Organization","@id":"https:\/\/retrofit.de\/#organization","name":"HDC Huttelmaier GmbH","alternateName":"HDC","url":"https:\/\/retrofit.de\/","logo":{"@type":"ImageObject","inLanguage":"de","@id":"https:\/\/retrofit.de\/#\/schema\/logo\/image\/","url":"https:\/\/retrofit.de\/wp-content\/uploads\/2023\/04\/Logo.jpg","contentUrl":"https:\/\/retrofit.de\/wp-content\/uploads\/2023\/04\/Logo.jpg","width":2083,"height":2083,"caption":"HDC Huttelmaier GmbH"},"image":{"@id":"https:\/\/retrofit.de\/#\/schema\/logo\/image\/"}}]}},"_links":{"self":[{"href":"https:\/\/retrofit.de\/index.php\/wp-json\/wp\/v2\/pages\/3663","targetHints":{"allow":["GET"]}}],"collection":[{"href":"https:\/\/retrofit.de\/index.php\/wp-json\/wp\/v2\/pages"}],"about":[{"href":"https:\/\/retrofit.de\/index.php\/wp-json\/wp\/v2\/types\/page"}],"author":[{"embeddable":true,"href":"https:\/\/retrofit.de\/index.php\/wp-json\/wp\/v2\/users\/5"}],"replies":[{"embeddable":true,"href":"https:\/\/retrofit.de\/index.php\/wp-json\/wp\/v2\/comments?post=3663"}],"version-history":[{"count":7,"href":"https:\/\/retrofit.de\/index.php\/wp-json\/wp\/v2\/pages\/3663\/revisions"}],"predecessor-version":[{"id":4869,"href":"https:\/\/retrofit.de\/index.php\/wp-json\/wp\/v2\/pages\/3663\/revisions\/4869"}],"wp:attachment":[{"href":"https:\/\/retrofit.de\/index.php\/wp-json\/wp\/v2\/media?parent=3663"}],"curies":[{"name":"wp","href":"https:\/\/api.w.org\/{rel}","templated":true}]}}