{"id":3643,"date":"2024-03-26T11:09:56","date_gmt":"2024-03-26T10:09:56","guid":{"rendered":"https:\/\/retrofit.de\/?page_id=3643"},"modified":"2025-01-28T09:49:58","modified_gmt":"2025-01-28T08:49:58","slug":"gender-hinweis","status":"publish","type":"page","link":"https:\/\/retrofit.de\/index.php\/de\/gender-hinweis\/","title":{"rendered":"Gender-Hinweis"},"content":{"rendered":"<div  class='flex_column av-hpjl6-1cece1908f78c61ef5d9cd14813533a9 av_one_full  avia-builder-el-0  avia-builder-el-no-sibling  first flex_column_div  '     ><p>\n<style type=\"text\/css\" data-created_by=\"avia_inline_auto\" id=\"style-css-av-li34qidh-c2dde2c4bede8b7588125f25170cebb9\">\n#top .av-special-heading.av-li34qidh-c2dde2c4bede8b7588125f25170cebb9{\npadding-bottom:10px;\n}\nbody .av-special-heading.av-li34qidh-c2dde2c4bede8b7588125f25170cebb9 .av-special-heading-tag .heading-char{\nfont-size:25px;\n}\n.av-special-heading.av-li34qidh-c2dde2c4bede8b7588125f25170cebb9 .av-subheading{\nfont-size:15px;\n}\n<\/style>\n<div  class='av-special-heading av-li34qidh-c2dde2c4bede8b7588125f25170cebb9 av-special-heading-h1 blockquote modern-quote  avia-builder-el-1  el_before_av_heading  avia-builder-el-first '><h1 class='av-special-heading-tag '  itemprop=\"headline\"  >Gender-Hinweis<\/h1><div class=\"special-heading-border\"><div class=\"special-heading-inner-border\"><\/div><\/div><\/div><br \/>\n\n<style type=\"text\/css\" data-created_by=\"avia_inline_auto\" id=\"style-css-av-brj42-f20d954350a667dbdecdbaa4d3ebfa28\">\n#top .av-special-heading.av-brj42-f20d954350a667dbdecdbaa4d3ebfa28{\npadding-bottom:10px;\n}\nbody .av-special-heading.av-brj42-f20d954350a667dbdecdbaa4d3ebfa28 .av-special-heading-tag .heading-char{\nfont-size:25px;\n}\n.av-special-heading.av-brj42-f20d954350a667dbdecdbaa4d3ebfa28 .av-subheading{\nfont-size:15px;\n}\n<\/style>\n<div  class='av-special-heading av-brj42-f20d954350a667dbdecdbaa4d3ebfa28 av-special-heading-h2 blockquote modern-quote  avia-builder-el-2  el_after_av_heading  el_before_av_hr '><h2 class='av-special-heading-tag '  itemprop=\"headline\"  >Weil uns Gleichberechtigung, aber auch optimale Lesbarkeit wichtig sind!<\/h2><div class=\"special-heading-border\"><div class=\"special-heading-inner-border\"><\/div><\/div><\/div><br \/>\n\n<style type=\"text\/css\" data-created_by=\"avia_inline_auto\" id=\"style-css-av-aqjbm-1bf9661568db9d9a10660e4b31ef37a9\">\n#top .hr.hr-invisible.av-aqjbm-1bf9661568db9d9a10660e4b31ef37a9{\nheight:55px;\n}\n<\/style>\n<div  class='hr av-aqjbm-1bf9661568db9d9a10660e4b31ef37a9 hr-invisible  avia-builder-el-3  el_after_av_heading  el_before_av_textblock '><span class='hr-inner '><span class=\"hr-inner-style\"><\/span><\/span><\/div><br \/>\n\n<style type=\"text\/css\" data-created_by=\"avia_inline_auto\" id=\"style-css-av-li34sfkh-7cdae611ffb8609cc13aa5e0e94c21ce\">\n#top .av_textblock_section.av-li34sfkh-7cdae611ffb8609cc13aa5e0e94c21ce .avia_textblock{\ncolumn-count:2;\ncolumn-gap:10%;\n}\n<\/style>\n<section  class='av_textblock_section av-li34sfkh-7cdae611ffb8609cc13aa5e0e94c21ce '   itemscope=\"itemscope\" itemtype=\"https:\/\/schema.org\/CreativeWork\" ><div class='avia_textblock av_multi_colums av_inherit_color'  itemprop=\"text\" ><p>Im Sinne einer besseren Lesbarkeit der Texte wurde die m\u00e4nnliche Form von personenbezogenen Hauptw\u00f6rtern gew\u00e4hlt. Dies impliziert keinesfalls eine Benachteiligung des weiblichen Geschlechts. Frauen und M\u00e4nner m\u00f6gen sich von den Inhalten unseres Handbuchs gleicherma\u00dfen angesprochen f\u00fchlen.<\/p>\n<p><strong>Wir danken f\u00fcr Ihr Verst\u00e4ndnis.<\/strong><\/p>\n<\/div><\/section><\/p><\/div>\n","protected":false},"excerpt":{"rendered":"","protected":false},"author":5,"featured_media":0,"parent":0,"menu_order":2,"comment_status":"closed","ping_status":"closed","template":"","meta":{"footnotes":""},"class_list":["post-3643","page","type-page","status-publish","hentry"],"yoast_head":"<!-- This site is optimized with the Yoast SEO plugin v27.4 - https:\/\/yoast.com\/product\/yoast-seo-wordpress\/ -->\n<title>Gender-Hinweis - HDC Huttelmaier Retrofit<\/title>\n<meta name=\"description\" content=\"F\u00fcr bessere Lesbarkeit verwenden wir die m\u00e4nnliche Form, ohne Frauen zu benachteiligen. Alle m\u00f6gen sich von den Inhalten angesprochen f\u00fchlen.\" \/>\n<meta name=\"robots\" content=\"noindex, nofollow\" \/>\n<meta property=\"og:locale\" content=\"de_DE\" \/>\n<meta property=\"og:type\" content=\"article\" \/>\n<meta property=\"og:title\" content=\"Gender-Hinweis - HDC Huttelmaier Retrofit\" \/>\n<meta property=\"og:description\" content=\"F\u00fcr bessere Lesbarkeit verwenden wir die m\u00e4nnliche Form, ohne Frauen zu benachteiligen. Alle m\u00f6gen sich von den Inhalten angesprochen f\u00fchlen.\" \/>\n<meta property=\"og:url\" content=\"https:\/\/retrofit.de\/index.php\/de\/gender-hinweis\/\" \/>\n<meta property=\"og:site_name\" content=\"HDC Huttelmaier Retrofit\" \/>\n<meta property=\"article:modified_time\" content=\"2025-01-28T08:49:58+00:00\" \/>\n<meta name=\"twitter:card\" content=\"summary_large_image\" \/>\n<meta name=\"twitter:label1\" content=\"Gesch\u00e4tzte Lesezeit\" \/>\n\t<meta name=\"twitter:data1\" content=\"1\u00a0Minute\" \/>\n<script type=\"application\/ld+json\" class=\"yoast-schema-graph\">{\"@context\":\"https:\\\/\\\/schema.org\",\"@graph\":[{\"@type\":\"WebPage\",\"@id\":\"https:\\\/\\\/retrofit.de\\\/index.php\\\/de\\\/gender-hinweis\\\/\",\"url\":\"https:\\\/\\\/retrofit.de\\\/index.php\\\/de\\\/gender-hinweis\\\/\",\"name\":\"Gender-Hinweis - HDC Huttelmaier Retrofit\",\"isPartOf\":{\"@id\":\"https:\\\/\\\/retrofit.de\\\/#website\"},\"datePublished\":\"2024-03-26T10:09:56+00:00\",\"dateModified\":\"2025-01-28T08:49:58+00:00\",\"description\":\"F\u00fcr bessere Lesbarkeit verwenden wir die m\u00e4nnliche Form, ohne Frauen zu benachteiligen. Alle m\u00f6gen sich von den Inhalten angesprochen f\u00fchlen.\",\"breadcrumb\":{\"@id\":\"https:\\\/\\\/retrofit.de\\\/index.php\\\/de\\\/gender-hinweis\\\/#breadcrumb\"},\"inLanguage\":\"de\",\"potentialAction\":[{\"@type\":\"ReadAction\",\"target\":[\"https:\\\/\\\/retrofit.de\\\/index.php\\\/de\\\/gender-hinweis\\\/\"]}]},{\"@type\":\"BreadcrumbList\",\"@id\":\"https:\\\/\\\/retrofit.de\\\/index.php\\\/de\\\/gender-hinweis\\\/#breadcrumb\",\"itemListElement\":[{\"@type\":\"ListItem\",\"position\":1,\"name\":\"Startseite\",\"item\":\"https:\\\/\\\/retrofit.de\\\/index.php\\\/de\\\/startseite\\\/\"},{\"@type\":\"ListItem\",\"position\":2,\"name\":\"Gender-Hinweis\"}]},{\"@type\":\"WebSite\",\"@id\":\"https:\\\/\\\/retrofit.de\\\/#website\",\"url\":\"https:\\\/\\\/retrofit.de\\\/\",\"name\":\"HDC Huttelmaier Retrofit\",\"description\":\"Maschinen \u00dcberholung f\u00fcr High End Pr\u00e4zision\",\"publisher\":{\"@id\":\"https:\\\/\\\/retrofit.de\\\/#organization\"},\"potentialAction\":[{\"@type\":\"SearchAction\",\"target\":{\"@type\":\"EntryPoint\",\"urlTemplate\":\"https:\\\/\\\/retrofit.de\\\/?s={search_term_string}\"},\"query-input\":{\"@type\":\"PropertyValueSpecification\",\"valueRequired\":true,\"valueName\":\"search_term_string\"}}],\"inLanguage\":\"de\"},{\"@type\":\"Organization\",\"@id\":\"https:\\\/\\\/retrofit.de\\\/#organization\",\"name\":\"HDC Huttelmaier GmbH\",\"alternateName\":\"HDC\",\"url\":\"https:\\\/\\\/retrofit.de\\\/\",\"logo\":{\"@type\":\"ImageObject\",\"inLanguage\":\"de\",\"@id\":\"https:\\\/\\\/retrofit.de\\\/#\\\/schema\\\/logo\\\/image\\\/\",\"url\":\"https:\\\/\\\/retrofit.de\\\/wp-content\\\/uploads\\\/2023\\\/04\\\/Logo.jpg\",\"contentUrl\":\"https:\\\/\\\/retrofit.de\\\/wp-content\\\/uploads\\\/2023\\\/04\\\/Logo.jpg\",\"width\":2083,\"height\":2083,\"caption\":\"HDC Huttelmaier GmbH\"},\"image\":{\"@id\":\"https:\\\/\\\/retrofit.de\\\/#\\\/schema\\\/logo\\\/image\\\/\"}}]}<\/script>\n<!-- \/ Yoast SEO plugin. -->","yoast_head_json":{"title":"Gender-Hinweis - HDC Huttelmaier Retrofit","description":"F\u00fcr bessere Lesbarkeit verwenden wir die m\u00e4nnliche Form, ohne Frauen zu benachteiligen. Alle m\u00f6gen sich von den Inhalten angesprochen f\u00fchlen.","robots":{"index":"noindex","follow":"nofollow"},"og_locale":"de_DE","og_type":"article","og_title":"Gender-Hinweis - HDC Huttelmaier Retrofit","og_description":"F\u00fcr bessere Lesbarkeit verwenden wir die m\u00e4nnliche Form, ohne Frauen zu benachteiligen. Alle m\u00f6gen sich von den Inhalten angesprochen f\u00fchlen.","og_url":"https:\/\/retrofit.de\/index.php\/de\/gender-hinweis\/","og_site_name":"HDC Huttelmaier Retrofit","article_modified_time":"2025-01-28T08:49:58+00:00","twitter_card":"summary_large_image","twitter_misc":{"Gesch\u00e4tzte Lesezeit":"1\u00a0Minute"},"schema":{"@context":"https:\/\/schema.org","@graph":[{"@type":"WebPage","@id":"https:\/\/retrofit.de\/index.php\/de\/gender-hinweis\/","url":"https:\/\/retrofit.de\/index.php\/de\/gender-hinweis\/","name":"Gender-Hinweis - HDC Huttelmaier Retrofit","isPartOf":{"@id":"https:\/\/retrofit.de\/#website"},"datePublished":"2024-03-26T10:09:56+00:00","dateModified":"2025-01-28T08:49:58+00:00","description":"F\u00fcr bessere Lesbarkeit verwenden wir die m\u00e4nnliche Form, ohne Frauen zu benachteiligen. Alle m\u00f6gen sich von den Inhalten angesprochen f\u00fchlen.","breadcrumb":{"@id":"https:\/\/retrofit.de\/index.php\/de\/gender-hinweis\/#breadcrumb"},"inLanguage":"de","potentialAction":[{"@type":"ReadAction","target":["https:\/\/retrofit.de\/index.php\/de\/gender-hinweis\/"]}]},{"@type":"BreadcrumbList","@id":"https:\/\/retrofit.de\/index.php\/de\/gender-hinweis\/#breadcrumb","itemListElement":[{"@type":"ListItem","position":1,"name":"Startseite","item":"https:\/\/retrofit.de\/index.php\/de\/startseite\/"},{"@type":"ListItem","position":2,"name":"Gender-Hinweis"}]},{"@type":"WebSite","@id":"https:\/\/retrofit.de\/#website","url":"https:\/\/retrofit.de\/","name":"HDC Huttelmaier Retrofit","description":"Maschinen \u00dcberholung f\u00fcr High End Pr\u00e4zision","publisher":{"@id":"https:\/\/retrofit.de\/#organization"},"potentialAction":[{"@type":"SearchAction","target":{"@type":"EntryPoint","urlTemplate":"https:\/\/retrofit.de\/?s={search_term_string}"},"query-input":{"@type":"PropertyValueSpecification","valueRequired":true,"valueName":"search_term_string"}}],"inLanguage":"de"},{"@type":"Organization","@id":"https:\/\/retrofit.de\/#organization","name":"HDC Huttelmaier GmbH","alternateName":"HDC","url":"https:\/\/retrofit.de\/","logo":{"@type":"ImageObject","inLanguage":"de","@id":"https:\/\/retrofit.de\/#\/schema\/logo\/image\/","url":"https:\/\/retrofit.de\/wp-content\/uploads\/2023\/04\/Logo.jpg","contentUrl":"https:\/\/retrofit.de\/wp-content\/uploads\/2023\/04\/Logo.jpg","width":2083,"height":2083,"caption":"HDC Huttelmaier GmbH"},"image":{"@id":"https:\/\/retrofit.de\/#\/schema\/logo\/image\/"}}]}},"_links":{"self":[{"href":"https:\/\/retrofit.de\/index.php\/wp-json\/wp\/v2\/pages\/3643","targetHints":{"allow":["GET"]}}],"collection":[{"href":"https:\/\/retrofit.de\/index.php\/wp-json\/wp\/v2\/pages"}],"about":[{"href":"https:\/\/retrofit.de\/index.php\/wp-json\/wp\/v2\/types\/page"}],"author":[{"embeddable":true,"href":"https:\/\/retrofit.de\/index.php\/wp-json\/wp\/v2\/users\/5"}],"replies":[{"embeddable":true,"href":"https:\/\/retrofit.de\/index.php\/wp-json\/wp\/v2\/comments?post=3643"}],"version-history":[{"count":5,"href":"https:\/\/retrofit.de\/index.php\/wp-json\/wp\/v2\/pages\/3643\/revisions"}],"predecessor-version":[{"id":3648,"href":"https:\/\/retrofit.de\/index.php\/wp-json\/wp\/v2\/pages\/3643\/revisions\/3648"}],"wp:attachment":[{"href":"https:\/\/retrofit.de\/index.php\/wp-json\/wp\/v2\/media?parent=3643"}],"curies":[{"name":"wp","href":"https:\/\/api.w.org\/{rel}","templated":true}]}}