{"id":3576,"date":"2024-02-22T14:21:40","date_gmt":"2024-02-22T13:21:40","guid":{"rendered":"https:\/\/retrofit.de\/?page_id=3576"},"modified":"2025-10-27T11:01:33","modified_gmt":"2025-10-27T10:01:33","slug":"grinding-hub-de","status":"publish","type":"page","link":"https:\/\/retrofit.de\/index.php\/de\/grinding-hub-de\/","title":{"rendered":"Grinding Hub"},"content":{"rendered":"<div id='av_section_1'  class='avia-section av-1jlel-1bc90ba3e1ffa55f8d3a7be395c03e85 main_color avia-section-default avia-no-border-styling  avia-builder-el-0  el_before_av_section  avia-builder-el-first  avia-bg-style-scroll container_wrap fullsize'  ><div class='container av-section-cont-open' ><main  role=\"main\" itemprop=\"mainContentOfPage\"  class='template-page content  av-content-full alpha units'><div class='post-entry post-entry-type-page post-entry-3576'><div class='entry-content-wrapper clearfix'>\n<div  class='flex_column av-ok4d-ec5e928a20181e29bd166158ddb8e152 av_one_full  avia-builder-el-1  el_before_av_image  avia-builder-el-first  first flex_column_div  '     ><p>\n<style type=\"text\/css\" data-created_by=\"avia_inline_auto\" id=\"style-css-av-li2vnq8d-44904df20fbf0b97c4a62be99b5cbdf9\">\n#top .hr.hr-invisible.av-li2vnq8d-44904df20fbf0b97c4a62be99b5cbdf9{\nheight:15px;\n}\n<\/style>\n<div  class='hr av-li2vnq8d-44904df20fbf0b97c4a62be99b5cbdf9 hr-invisible  avia-builder-el-2  el_before_av_heading  avia-builder-el-first '><span class='hr-inner '><span class=\"hr-inner-style\"><\/span><\/span><\/div><br \/>\n\n<style type=\"text\/css\" data-created_by=\"avia_inline_auto\" id=\"style-css-av-ecyit-bbf84a5e23b630c301b0f74bd4a4af94\">\n#top .av-special-heading.av-ecyit-bbf84a5e23b630c301b0f74bd4a4af94{\npadding-bottom:10px;\n}\nbody .av-special-heading.av-ecyit-bbf84a5e23b630c301b0f74bd4a4af94 .av-special-heading-tag .heading-char{\nfont-size:25px;\n}\n.av-special-heading.av-ecyit-bbf84a5e23b630c301b0f74bd4a4af94 .av-subheading{\nfont-size:15px;\n}\n<\/style>\n<div  class='av-special-heading av-ecyit-bbf84a5e23b630c301b0f74bd4a4af94 av-special-heading-h1 blockquote modern-quote  avia-builder-el-3  el_after_av_hr  el_before_av_image '><h1 class='av-special-heading-tag '  itemprop=\"headline\"  >Grinding Hub 2026 in Stuttgart<\/h1><div class=\"special-heading-border\"><div class=\"special-heading-inner-border\"><\/div><\/div><\/div><br \/>\n\n<style type=\"text\/css\" data-created_by=\"avia_inline_auto\" id=\"style-css-av-lsvs3vnc-3c31b48999552b1fb5a9227fc82c7bfd\">\n.avia-image-container.av-lsvs3vnc-3c31b48999552b1fb5a9227fc82c7bfd img.avia_image{\nbox-shadow:none;\n}\n.avia-image-container.av-lsvs3vnc-3c31b48999552b1fb5a9227fc82c7bfd .av-image-caption-overlay-center{\ncolor:#ffffff;\n}\n<\/style>\n<div  class='avia-image-container av-lsvs3vnc-3c31b48999552b1fb5a9227fc82c7bfd av-styling- avia-align-left  avia-builder-el-4  el_after_av_heading  el_before_av_hr '   itemprop=\"image\" itemscope=\"itemscope\" itemtype=\"https:\/\/schema.org\/ImageObject\" ><div class=\"avia-image-container-inner\"><div class=\"avia-image-overlay-wrap\"><img decoding=\"async\" fetchpriority=\"high\" class='wp-image-3589 avia-img-lazy-loading-not-3589 avia_image ' src=\"https:\/\/retrofit.de\/wp-content\/uploads\/2024\/02\/grinding-hub-stuttgart-300x96.jpg\" alt='Grinding Hub in Stuttgart \u2013 HDC Huttelmaier GmbH' title='Grinding Hub in Stuttgart \u2013 HDC Huttelmaier GmbH'  height=\"96\" width=\"300\"  itemprop=\"thumbnailUrl\" srcset=\"https:\/\/retrofit.de\/wp-content\/uploads\/2024\/02\/grinding-hub-stuttgart-300x96.jpg 300w, https:\/\/retrofit.de\/wp-content\/uploads\/2024\/02\/grinding-hub-stuttgart-1030x329.jpg 1030w, https:\/\/retrofit.de\/wp-content\/uploads\/2024\/02\/grinding-hub-stuttgart-768x246.jpg 768w, https:\/\/retrofit.de\/wp-content\/uploads\/2024\/02\/grinding-hub-stuttgart-1536x491.jpg 1536w, https:\/\/retrofit.de\/wp-content\/uploads\/2024\/02\/grinding-hub-stuttgart-1500x480.jpg 1500w, https:\/\/retrofit.de\/wp-content\/uploads\/2024\/02\/grinding-hub-stuttgart-705x225.jpg 705w, https:\/\/retrofit.de\/wp-content\/uploads\/2024\/02\/grinding-hub-stuttgart.jpg 1920w\" sizes=\"(max-width: 300px) 100vw, 300px\" \/><\/div><\/div><\/div><br \/>\n\n<style type=\"text\/css\" data-created_by=\"avia_inline_auto\" id=\"style-css-av-li2voewt-bd95101cb9d97f521c2dd8bc022b1e7e\">\n#top .hr.hr-invisible.av-li2voewt-bd95101cb9d97f521c2dd8bc022b1e7e{\nheight:55px;\n}\n<\/style>\n<div  class='hr av-li2voewt-bd95101cb9d97f521c2dd8bc022b1e7e hr-invisible  avia-builder-el-5  el_after_av_image  el_before_av_video '><span class='hr-inner '><span class=\"hr-inner-style\"><\/span><\/span><\/div><br \/>\n<div  class='avia-video av-lsvrh3y1-26e9a433b078099ee999347571cdc19c avia-video-16-9 av-no-preview-image avia-video-load-always av-lazyload-immediate av-lazyload-video-embed'  itemprop=\"video\" itemtype=\"https:\/\/schema.org\/VideoObject\"  data-original_url='https:\/\/www.youtube.com\/watch?v=EYtEGYR8yrM'><script type='text\/html' class='av-video-tmpl'><div class='avia-iframe-wrap'><iframe loading=\"lazy\" hcb-fetch-image-from=\"https:\/\/www.youtube.com\/watch?v=EYtEGYR8yrM\" title=\"Grinding Hub 2024 - Unser Messer\u00fcckblick\" width=\"1500\" height=\"844\" src=\"https:\/\/www.youtube.com\/embed\/EYtEGYR8yrM?feature=oembed&autoplay=0&loop=0&controls=1&mute=0\" frameborder=\"0\" allow=\"accelerometer; autoplay; clipboard-write; encrypted-media; gyroscope; picture-in-picture; web-share\" referrerpolicy=\"strict-origin-when-cross-origin\" allowfullscreen><\/iframe><\/div><\/script><div class='av-click-to-play-overlay'><div class=\"avia_playpause_icon\"><\/div><\/div><\/div><\/p><\/div>\n<style type=\"text\/css\" data-created_by=\"avia_inline_auto\" id=\"style-css-av-li2vme5s-66d73cdb0de2285f947549b5cbf6793f\">\n.avia-image-container.av-li2vme5s-66d73cdb0de2285f947549b5cbf6793f img.avia_image{\nbox-shadow:none;\n}\n.avia-image-container.av-li2vme5s-66d73cdb0de2285f947549b5cbf6793f .av-image-caption-overlay-center{\ncolor:#ffffff;\n}\n.avia-image-container.av-li2vme5s-66d73cdb0de2285f947549b5cbf6793f .avia-curtain-reveal-overlay{\nanimation-duration:1.5s;\nbackground:#d9000e;\nz-index:100;\n}\n<\/style>\n<div  class='avia-image-container av-li2vme5s-66d73cdb0de2285f947549b5cbf6793f av-styling- avia-align-left  avia-builder-el-7  el_after_av_one_full  el_before_av_one_full '   itemprop=\"image\" itemscope=\"itemscope\" itemtype=\"https:\/\/schema.org\/ImageObject\" ><div class=\"avia-image-container-inner\"><div class=\"avia-image-overlay-wrap\"><div class='avia-curtain-reveal-overlay av-animated-when-visible-95 animate-all-devices curtain-reveal-btt'><\/div><img decoding=\"async\" fetchpriority=\"high\" class='wp-image- avia-img-lazy-loading-not- avia_image ' src=\"https:\/\/retrofit.de\/wp-content\/uploads\/2024\/02\/grindinghub-logo-web-300x96.jpg\" alt='' title=''   itemprop=\"thumbnailUrl\"  \/><\/div><\/div><\/div>\n\n<style type=\"text\/css\" data-created_by=\"avia_inline_auto\" id=\"style-css-av-9sy79-f91bdfa05d8a4b53e13ae189c9c4c082\">\n.flex_column.av-9sy79-f91bdfa05d8a4b53e13ae189c9c4c082{\npadding:50px 0 0 0;\n}\n<\/style>\n<div  class='flex_column av-9sy79-f91bdfa05d8a4b53e13ae189c9c4c082 av_one_full  avia-builder-el-8  el_after_av_image  el_before_av_one_full  first flex_column_div  '     ><section  class='av_textblock_section av-lgqlh4u8-98ae1d1f0973bcbe53d71ef4be553e0b '   itemscope=\"itemscope\" itemtype=\"https:\/\/schema.org\/CreativeWork\" ><div class='avia_textblock av_inherit_color'  itemprop=\"text\" ><p>Die <strong>Grinding Hub 2026<\/strong> findet vom 05. bis 08.05.2026 in <strong>Stuttgart<\/strong> statt. Auf der Grinding Hub erfolgte die europ\u00e4ische Markteinf\u00fchrung unserer neuen <a href=\"https:\/\/retrofit.de\/index.php\/werkzeugmaschinenbau\/cpg400-wendeplatten-schleifmaschine\/\">Hartmetallschleifmaschine CPG 400<\/a>.<\/p>\n<p>Wollen Sie nicht bis zur n\u00e4chsten Messe warten? Vereinbaren Sie einfach einen Termin und testen Sie ihre Werkst\u00fccke in unserem <a href=\"https:\/\/retrofit.de\/index.php\/werkzeugschleifmaschinen-hersteller\/showroom-praezisionsschleifmaschinen\/\">Showroom<\/a>!<\/p>\n<\/div><\/section><\/div><div  class='flex_column av-7o1pds-471c53fcd3c21d246b80a600494855a9 av_one_full  avia-builder-el-10  el_after_av_one_full  avia-builder-el-last  first flex_column_div  column-top-margin'     ><p>\n<style type=\"text\/css\" data-created_by=\"avia_inline_auto\" id=\"style-css-av-lsvppx6g-a966bbfce8a4388eec89a7612f977e0f\">\n#top .av-special-heading.av-lsvppx6g-a966bbfce8a4388eec89a7612f977e0f{\npadding-bottom:10px;\n}\nbody .av-special-heading.av-lsvppx6g-a966bbfce8a4388eec89a7612f977e0f .av-special-heading-tag .heading-char{\nfont-size:25px;\n}\n.av-special-heading.av-lsvppx6g-a966bbfce8a4388eec89a7612f977e0f .av-subheading{\nfont-size:15px;\n}\n<\/style>\n<div  class='av-special-heading av-lsvppx6g-a966bbfce8a4388eec89a7612f977e0f av-special-heading-h2 blockquote modern-quote  avia-builder-el-11  el_before_av_video  avia-builder-el-first '><h2 class='av-special-heading-tag '  itemprop=\"headline\"  >Die Grinding Hub stellt sich vor<\/h2><div class=\"special-heading-border\"><div class=\"special-heading-inner-border\"><\/div><\/div><\/div><br \/>\n<div  class='avia-video av-2xwvk8-970d80dd1359d67bee68cd5508331076 avia-video-16-9 av-no-preview-image avia-video-load-always av-lazyload-immediate av-lazyload-video-embed'  itemprop=\"video\" itemtype=\"https:\/\/schema.org\/VideoObject\"  data-original_url='https:\/\/youtu.be\/JLy1rNuaPMc'><script type='text\/html' class='av-video-tmpl'><div class='avia-iframe-wrap'><iframe loading=\"lazy\" hcb-fetch-image-from=\"https:\/\/youtu.be\/JLy1rNuaPMc\" title=\"GrindingHub 2022 | Brings solutions to the surface. (DE)\" width=\"1500\" height=\"844\" src=\"https:\/\/www.youtube.com\/embed\/JLy1rNuaPMc?feature=oembed&autoplay=0&loop=0&controls=1&mute=0\" frameborder=\"0\" allow=\"accelerometer; autoplay; clipboard-write; encrypted-media; gyroscope; picture-in-picture; web-share\" allowfullscreen><\/iframe><\/div><\/script><div class='av-click-to-play-overlay'><div class=\"avia_playpause_icon\"><\/div><\/div><\/div><\/p><\/div>\n\n<\/div><\/div><\/main><!-- close content main element --><\/div><\/div><div id='av_section_2'  class='avia-section av-177a5h-c4759478e71a9b1ec6415cd985a1851d main_color avia-section-default avia-no-border-styling  avia-builder-el-13  el_after_av_section  avia-builder-el-last  avia-bg-style-scroll container_wrap fullsize'  ><div class='container av-section-cont-open' ><div class='template-page content  av-content-full alpha units'><div class='post-entry post-entry-type-page post-entry-3576'><div class='entry-content-wrapper clearfix'>\n\n<style type=\"text\/css\" data-created_by=\"avia_inline_auto\" id=\"style-css-av-2ven3k-9ef827b9ff7e7501305bea57a5737c58\">\n#top .av-special-heading.av-2ven3k-9ef827b9ff7e7501305bea57a5737c58{\npadding-bottom:60px;\n}\nbody .av-special-heading.av-2ven3k-9ef827b9ff7e7501305bea57a5737c58 .av-special-heading-tag .heading-char{\nfont-size:25px;\n}\n.av-special-heading.av-2ven3k-9ef827b9ff7e7501305bea57a5737c58 .av-subheading{\nfont-size:15px;\n}\n<\/style>\n<div  class='av-special-heading av-2ven3k-9ef827b9ff7e7501305bea57a5737c58 av-special-heading-h2 blockquote modern-quote  avia-builder-el-14  el_before_av_heading  avia-builder-el-first '><h2 class='av-special-heading-tag '  itemprop=\"headline\"  >TREFFEN SIE UNS AUF DER GRINDING HUB 2026!<\/h2><div class=\"special-heading-border\"><div class=\"special-heading-inner-border\"><\/div><\/div><\/div>\n\n<style type=\"text\/css\" data-created_by=\"avia_inline_auto\" id=\"style-css-av-1wln2w-cfdb30ba3220fc12c2c7587d02d636ab\">\n#top .av-special-heading.av-1wln2w-cfdb30ba3220fc12c2c7587d02d636ab{\npadding-bottom:60px;\n}\nbody .av-special-heading.av-1wln2w-cfdb30ba3220fc12c2c7587d02d636ab .av-special-heading-tag .heading-char{\nfont-size:25px;\n}\n.av-special-heading.av-1wln2w-cfdb30ba3220fc12c2c7587d02d636ab .av-subheading{\nfont-size:15px;\n}\n<\/style>\n<div  class='av-special-heading av-1wln2w-cfdb30ba3220fc12c2c7587d02d636ab av-special-heading-h2 blockquote modern-quote  avia-builder-el-15  el_after_av_heading  el_before_av_one_fourth '><h2 class='av-special-heading-tag '  itemprop=\"headline\"  >Ihr Ansprechpartner<\/h2><div class=\"special-heading-border\"><div class=\"special-heading-inner-border\"><\/div><\/div><\/div>\n<div  class='flex_column av-sctet-50c74574d86e448403bcad192589be71 av_one_fourth  avia-builder-el-16  el_after_av_heading  el_before_av_one_half  first flex_column_div  '     ><style type=\"text\/css\" data-created_by=\"avia_inline_auto\" id=\"style-css-av-k25v9-0de1228b887e0ed1c7920d712656f701\">\n.avia-image-container.av-k25v9-0de1228b887e0ed1c7920d712656f701 img.avia_image{\nbox-shadow:none;\n}\n.avia-image-container.av-k25v9-0de1228b887e0ed1c7920d712656f701 .av-image-caption-overlay-center{\ncolor:#ffffff;\n}\n<\/style>\n<div  class='avia-image-container av-k25v9-0de1228b887e0ed1c7920d712656f701 av-styling- avia-align-center  avia-builder-el-17  avia-builder-el-no-sibling '   itemprop=\"image\" itemscope=\"itemscope\" itemtype=\"https:\/\/schema.org\/ImageObject\" ><div class=\"avia-image-container-inner\"><div class=\"avia-image-overlay-wrap\"><img decoding=\"async\" fetchpriority=\"high\" class='wp-image-1454 avia-img-lazy-loading-not-1454 avia_image ' src=\"https:\/\/retrofit.de\/wp-content\/uploads\/2023\/05\/Joerg-Huttelmaier-_-Geschaeftsfuehrer-bei-HDC-01-1-1500x1500.webp\" alt='J\u00f6rg Huttelmaier-Gesch\u00e4ftsf\u00fchrer bei HDC' title='J\u00f6rg Huttelmaier-Gesch\u00e4ftsf\u00fchrer bei HDC'  height=\"1500\" width=\"1500\"  itemprop=\"thumbnailUrl\" srcset=\"https:\/\/retrofit.de\/wp-content\/uploads\/2023\/05\/Joerg-Huttelmaier-_-Geschaeftsfuehrer-bei-HDC-01-1-1500x1500.webp 1500w, https:\/\/retrofit.de\/wp-content\/uploads\/2023\/05\/Joerg-Huttelmaier-_-Geschaeftsfuehrer-bei-HDC-01-1-300x300.webp 300w, https:\/\/retrofit.de\/wp-content\/uploads\/2023\/05\/Joerg-Huttelmaier-_-Geschaeftsfuehrer-bei-HDC-01-1-1030x1030.webp 1030w, https:\/\/retrofit.de\/wp-content\/uploads\/2023\/05\/Joerg-Huttelmaier-_-Geschaeftsfuehrer-bei-HDC-01-1-80x80.webp 80w, https:\/\/retrofit.de\/wp-content\/uploads\/2023\/05\/Joerg-Huttelmaier-_-Geschaeftsfuehrer-bei-HDC-01-1-768x768.webp 768w, https:\/\/retrofit.de\/wp-content\/uploads\/2023\/05\/Joerg-Huttelmaier-_-Geschaeftsfuehrer-bei-HDC-01-1-1536x1536.webp 1536w, https:\/\/retrofit.de\/wp-content\/uploads\/2023\/05\/Joerg-Huttelmaier-_-Geschaeftsfuehrer-bei-HDC-01-1-36x36.webp 36w, https:\/\/retrofit.de\/wp-content\/uploads\/2023\/05\/Joerg-Huttelmaier-_-Geschaeftsfuehrer-bei-HDC-01-1-180x180.webp 180w, https:\/\/retrofit.de\/wp-content\/uploads\/2023\/05\/Joerg-Huttelmaier-_-Geschaeftsfuehrer-bei-HDC-01-1-705x705.webp 705w, https:\/\/retrofit.de\/wp-content\/uploads\/2023\/05\/Joerg-Huttelmaier-_-Geschaeftsfuehrer-bei-HDC-01-1.webp 1600w\" sizes=\"(max-width: 1500px) 100vw, 1500px\" \/><\/div><\/div><\/div><\/div><div  class='flex_column av-coeql-6ec52868ce63ca000ad5584e4b35f196 av_one_half  avia-builder-el-18  el_after_av_one_fourth  avia-builder-el-last  linie-links flex_column_div  '     ><style type=\"text\/css\" data-created_by=\"avia_inline_auto\" id=\"style-css-av-9xyr9-042a455b9a10d96493951ac64e93729c\">\n#top .av_textblock_section.av-9xyr9-042a455b9a10d96493951ac64e93729c .avia_textblock{\nfont-size:18px;\n}\n<\/style>\n<section  class='av_textblock_section av-9xyr9-042a455b9a10d96493951ac64e93729c '   itemscope=\"itemscope\" itemtype=\"https:\/\/schema.org\/CreativeWork\" ><div class='avia_textblock kontakt'  itemprop=\"text\" ><p><strong>J\u00f6rg Huttelmaier<\/strong><\/p>\n<p>Inhaber<br \/>\nHuttelmaier GmbH<br \/>\nWinterbacher Stra\u00dfe 66<br \/>\nD &#8211; 73614 Schorndorf im Rems-Murr-Kreis<\/p>\n<p><strong>Kontaktieren Sie mich<\/strong><\/p>\n<p><img loading=\"lazy\" decoding=\"async\" style=\"margin-right: 10px;\" src=\"https:\/\/retrofit.de\/wp-content\/uploads\/2023\/04\/HDC-Website_Kontakt-Icons_Phone.svg\" width=\"32\" height=\"32\" \/><a href=\"tel:+4907181978680\">+49 (0) 7181-97868-0<\/a><br \/>\n<img loading=\"lazy\" decoding=\"async\" style=\"margin-right: 10px; margin-bottom: -10px; padding-top: 10px;\" src=\"https:\/\/retrofit.de\/wp-content\/uploads\/2023\/04\/HDC-Website_Kontakt-Icons_Mail.svg\" width=\"32\" height=\"32\" \/><a href=\"mailto:joerg@huttelmaier.de\">joerg@huttelmaier.de<\/a><\/p>\n<\/div><\/section><\/div>\n","protected":false},"excerpt":{"rendered":"","protected":false},"author":5,"featured_media":0,"parent":0,"menu_order":6,"comment_status":"closed","ping_status":"closed","template":"","meta":{"footnotes":""},"class_list":["post-3576","page","type-page","status-publish","hentry"],"yoast_head":"<!-- This site is optimized with the Yoast SEO plugin v27.4 - https:\/\/yoast.com\/product\/yoast-seo-wordpress\/ -->\n<title>Grinding Hub 2026 in Stuttgart \u2013 HDC Huttelmaier GmbH<\/title>\n<meta name=\"description\" content=\"HDC Huttelmaier auf der Grinding Hub 2026 in Stuttgart \u2713 Die neue Branchenleitmesse \u27a8 Jetzt informieren und Termin vereinbaren!\" \/>\n<meta name=\"robots\" content=\"index, follow, max-snippet:-1, max-image-preview:large, max-video-preview:-1\" \/>\n<link rel=\"canonical\" href=\"https:\/\/retrofit.de\/index.php\/de\/grinding-hub-de\/\" \/>\n<meta property=\"og:locale\" content=\"de_DE\" \/>\n<meta property=\"og:type\" content=\"article\" \/>\n<meta property=\"og:title\" content=\"Grinding Hub 2026 in Stuttgart \u2013 HDC Huttelmaier GmbH\" \/>\n<meta property=\"og:description\" content=\"HDC Huttelmaier auf der Grinding Hub 2026 in Stuttgart \u2713 Die neue Branchenleitmesse \u27a8 Jetzt informieren und Termin vereinbaren!\" \/>\n<meta property=\"og:url\" content=\"https:\/\/retrofit.de\/index.php\/de\/grinding-hub-de\/\" \/>\n<meta property=\"og:site_name\" content=\"HDC Huttelmaier Retrofit\" \/>\n<meta property=\"article:modified_time\" content=\"2025-10-27T10:01:33+00:00\" \/>\n<meta property=\"og:image\" content=\"https:\/\/retrofit.de\/wp-content\/uploads\/2023\/04\/HDC-Website_Kontakt-Icons_Phone.svg\" \/>\n<meta name=\"twitter:card\" content=\"summary_large_image\" \/>\n<meta name=\"twitter:label1\" content=\"Gesch\u00e4tzte Lesezeit\" \/>\n\t<meta name=\"twitter:data1\" content=\"2\u00a0Minuten\" \/>\n<script type=\"application\/ld+json\" class=\"yoast-schema-graph\">{\"@context\":\"https:\\\/\\\/schema.org\",\"@graph\":[{\"@type\":\"WebPage\",\"@id\":\"https:\\\/\\\/retrofit.de\\\/index.php\\\/de\\\/grinding-hub-de\\\/\",\"url\":\"https:\\\/\\\/retrofit.de\\\/index.php\\\/de\\\/grinding-hub-de\\\/\",\"name\":\"Grinding Hub 2026 in Stuttgart \u2013 HDC Huttelmaier GmbH\",\"isPartOf\":{\"@id\":\"https:\\\/\\\/retrofit.de\\\/#website\"},\"primaryImageOfPage\":{\"@id\":\"https:\\\/\\\/retrofit.de\\\/index.php\\\/de\\\/grinding-hub-de\\\/#primaryimage\"},\"image\":{\"@id\":\"https:\\\/\\\/retrofit.de\\\/index.php\\\/de\\\/grinding-hub-de\\\/#primaryimage\"},\"thumbnailUrl\":\"https:\\\/\\\/retrofit.de\\\/wp-content\\\/uploads\\\/2023\\\/04\\\/HDC-Website_Kontakt-Icons_Phone.svg\",\"datePublished\":\"2024-02-22T13:21:40+00:00\",\"dateModified\":\"2025-10-27T10:01:33+00:00\",\"description\":\"HDC Huttelmaier auf der Grinding Hub 2026 in Stuttgart \u2713 Die neue Branchenleitmesse \u27a8 Jetzt informieren und Termin vereinbaren!\",\"breadcrumb\":{\"@id\":\"https:\\\/\\\/retrofit.de\\\/index.php\\\/de\\\/grinding-hub-de\\\/#breadcrumb\"},\"inLanguage\":\"de\",\"potentialAction\":[{\"@type\":\"ReadAction\",\"target\":[\"https:\\\/\\\/retrofit.de\\\/index.php\\\/de\\\/grinding-hub-de\\\/\"]}]},{\"@type\":\"ImageObject\",\"inLanguage\":\"de\",\"@id\":\"https:\\\/\\\/retrofit.de\\\/index.php\\\/de\\\/grinding-hub-de\\\/#primaryimage\",\"url\":\"https:\\\/\\\/retrofit.de\\\/wp-content\\\/uploads\\\/2023\\\/04\\\/HDC-Website_Kontakt-Icons_Phone.svg\",\"contentUrl\":\"https:\\\/\\\/retrofit.de\\\/wp-content\\\/uploads\\\/2023\\\/04\\\/HDC-Website_Kontakt-Icons_Phone.svg\"},{\"@type\":\"BreadcrumbList\",\"@id\":\"https:\\\/\\\/retrofit.de\\\/index.php\\\/de\\\/grinding-hub-de\\\/#breadcrumb\",\"itemListElement\":[{\"@type\":\"ListItem\",\"position\":1,\"name\":\"Startseite\",\"item\":\"https:\\\/\\\/retrofit.de\\\/index.php\\\/de\\\/startseite\\\/\"},{\"@type\":\"ListItem\",\"position\":2,\"name\":\"Grinding Hub\"}]},{\"@type\":\"WebSite\",\"@id\":\"https:\\\/\\\/retrofit.de\\\/#website\",\"url\":\"https:\\\/\\\/retrofit.de\\\/\",\"name\":\"HDC Huttelmaier Retrofit\",\"description\":\"Maschinen \u00dcberholung f\u00fcr High End Pr\u00e4zision\",\"publisher\":{\"@id\":\"https:\\\/\\\/retrofit.de\\\/#organization\"},\"potentialAction\":[{\"@type\":\"SearchAction\",\"target\":{\"@type\":\"EntryPoint\",\"urlTemplate\":\"https:\\\/\\\/retrofit.de\\\/?s={search_term_string}\"},\"query-input\":{\"@type\":\"PropertyValueSpecification\",\"valueRequired\":true,\"valueName\":\"search_term_string\"}}],\"inLanguage\":\"de\"},{\"@type\":\"Organization\",\"@id\":\"https:\\\/\\\/retrofit.de\\\/#organization\",\"name\":\"HDC Huttelmaier GmbH\",\"alternateName\":\"HDC\",\"url\":\"https:\\\/\\\/retrofit.de\\\/\",\"logo\":{\"@type\":\"ImageObject\",\"inLanguage\":\"de\",\"@id\":\"https:\\\/\\\/retrofit.de\\\/#\\\/schema\\\/logo\\\/image\\\/\",\"url\":\"https:\\\/\\\/retrofit.de\\\/wp-content\\\/uploads\\\/2023\\\/04\\\/Logo.jpg\",\"contentUrl\":\"https:\\\/\\\/retrofit.de\\\/wp-content\\\/uploads\\\/2023\\\/04\\\/Logo.jpg\",\"width\":2083,\"height\":2083,\"caption\":\"HDC Huttelmaier GmbH\"},\"image\":{\"@id\":\"https:\\\/\\\/retrofit.de\\\/#\\\/schema\\\/logo\\\/image\\\/\"}}]}<\/script>\n<!-- \/ Yoast SEO plugin. -->","yoast_head_json":{"title":"Grinding Hub 2026 in Stuttgart \u2013 HDC Huttelmaier GmbH","description":"HDC Huttelmaier auf der Grinding Hub 2026 in Stuttgart \u2713 Die neue Branchenleitmesse \u27a8 Jetzt informieren und Termin vereinbaren!","robots":{"index":"index","follow":"follow","max-snippet":"max-snippet:-1","max-image-preview":"max-image-preview:large","max-video-preview":"max-video-preview:-1"},"canonical":"https:\/\/retrofit.de\/index.php\/de\/grinding-hub-de\/","og_locale":"de_DE","og_type":"article","og_title":"Grinding Hub 2026 in Stuttgart \u2013 HDC Huttelmaier GmbH","og_description":"HDC Huttelmaier auf der Grinding Hub 2026 in Stuttgart \u2713 Die neue Branchenleitmesse \u27a8 Jetzt informieren und Termin vereinbaren!","og_url":"https:\/\/retrofit.de\/index.php\/de\/grinding-hub-de\/","og_site_name":"HDC Huttelmaier Retrofit","article_modified_time":"2025-10-27T10:01:33+00:00","og_image":[{"url":"https:\/\/retrofit.de\/wp-content\/uploads\/2023\/04\/HDC-Website_Kontakt-Icons_Phone.svg","type":"","width":"","height":""}],"twitter_card":"summary_large_image","twitter_misc":{"Gesch\u00e4tzte Lesezeit":"2\u00a0Minuten"},"schema":{"@context":"https:\/\/schema.org","@graph":[{"@type":"WebPage","@id":"https:\/\/retrofit.de\/index.php\/de\/grinding-hub-de\/","url":"https:\/\/retrofit.de\/index.php\/de\/grinding-hub-de\/","name":"Grinding Hub 2026 in Stuttgart \u2013 HDC Huttelmaier GmbH","isPartOf":{"@id":"https:\/\/retrofit.de\/#website"},"primaryImageOfPage":{"@id":"https:\/\/retrofit.de\/index.php\/de\/grinding-hub-de\/#primaryimage"},"image":{"@id":"https:\/\/retrofit.de\/index.php\/de\/grinding-hub-de\/#primaryimage"},"thumbnailUrl":"https:\/\/retrofit.de\/wp-content\/uploads\/2023\/04\/HDC-Website_Kontakt-Icons_Phone.svg","datePublished":"2024-02-22T13:21:40+00:00","dateModified":"2025-10-27T10:01:33+00:00","description":"HDC Huttelmaier auf der Grinding Hub 2026 in Stuttgart \u2713 Die neue Branchenleitmesse \u27a8 Jetzt informieren und Termin vereinbaren!","breadcrumb":{"@id":"https:\/\/retrofit.de\/index.php\/de\/grinding-hub-de\/#breadcrumb"},"inLanguage":"de","potentialAction":[{"@type":"ReadAction","target":["https:\/\/retrofit.de\/index.php\/de\/grinding-hub-de\/"]}]},{"@type":"ImageObject","inLanguage":"de","@id":"https:\/\/retrofit.de\/index.php\/de\/grinding-hub-de\/#primaryimage","url":"https:\/\/retrofit.de\/wp-content\/uploads\/2023\/04\/HDC-Website_Kontakt-Icons_Phone.svg","contentUrl":"https:\/\/retrofit.de\/wp-content\/uploads\/2023\/04\/HDC-Website_Kontakt-Icons_Phone.svg"},{"@type":"BreadcrumbList","@id":"https:\/\/retrofit.de\/index.php\/de\/grinding-hub-de\/#breadcrumb","itemListElement":[{"@type":"ListItem","position":1,"name":"Startseite","item":"https:\/\/retrofit.de\/index.php\/de\/startseite\/"},{"@type":"ListItem","position":2,"name":"Grinding Hub"}]},{"@type":"WebSite","@id":"https:\/\/retrofit.de\/#website","url":"https:\/\/retrofit.de\/","name":"HDC Huttelmaier Retrofit","description":"Maschinen \u00dcberholung f\u00fcr High End Pr\u00e4zision","publisher":{"@id":"https:\/\/retrofit.de\/#organization"},"potentialAction":[{"@type":"SearchAction","target":{"@type":"EntryPoint","urlTemplate":"https:\/\/retrofit.de\/?s={search_term_string}"},"query-input":{"@type":"PropertyValueSpecification","valueRequired":true,"valueName":"search_term_string"}}],"inLanguage":"de"},{"@type":"Organization","@id":"https:\/\/retrofit.de\/#organization","name":"HDC Huttelmaier GmbH","alternateName":"HDC","url":"https:\/\/retrofit.de\/","logo":{"@type":"ImageObject","inLanguage":"de","@id":"https:\/\/retrofit.de\/#\/schema\/logo\/image\/","url":"https:\/\/retrofit.de\/wp-content\/uploads\/2023\/04\/Logo.jpg","contentUrl":"https:\/\/retrofit.de\/wp-content\/uploads\/2023\/04\/Logo.jpg","width":2083,"height":2083,"caption":"HDC Huttelmaier GmbH"},"image":{"@id":"https:\/\/retrofit.de\/#\/schema\/logo\/image\/"}}]}},"_links":{"self":[{"href":"https:\/\/retrofit.de\/index.php\/wp-json\/wp\/v2\/pages\/3576","targetHints":{"allow":["GET"]}}],"collection":[{"href":"https:\/\/retrofit.de\/index.php\/wp-json\/wp\/v2\/pages"}],"about":[{"href":"https:\/\/retrofit.de\/index.php\/wp-json\/wp\/v2\/types\/page"}],"author":[{"embeddable":true,"href":"https:\/\/retrofit.de\/index.php\/wp-json\/wp\/v2\/users\/5"}],"replies":[{"embeddable":true,"href":"https:\/\/retrofit.de\/index.php\/wp-json\/wp\/v2\/comments?post=3576"}],"version-history":[{"count":22,"href":"https:\/\/retrofit.de\/index.php\/wp-json\/wp\/v2\/pages\/3576\/revisions"}],"predecessor-version":[{"id":4890,"href":"https:\/\/retrofit.de\/index.php\/wp-json\/wp\/v2\/pages\/3576\/revisions\/4890"}],"wp:attachment":[{"href":"https:\/\/retrofit.de\/index.php\/wp-json\/wp\/v2\/media?parent=3576"}],"curies":[{"name":"wp","href":"https:\/\/api.w.org\/{rel}","templated":true}]}}