{"id":311,"date":"2023-04-05T14:31:38","date_gmt":"2023-04-05T12:31:38","guid":{"rendered":"https:\/\/retrofit.de\/wordpress\/?page_id=311"},"modified":"2025-08-12T14:27:59","modified_gmt":"2025-08-12T12:27:59","slug":"weiterbildung-maschinenbau","status":"publish","type":"page","link":"https:\/\/retrofit.de\/index.php\/de\/maschinenbau-jobs-schorndorf\/weiterbildung-maschinenbau\/","title":{"rendered":"Weiterbildung"},"content":{"rendered":"<div id='av_section_1'  class='avia-section av-1jlel-1bc90ba3e1ffa55f8d3a7be395c03e85 main_color avia-section-default avia-no-border-styling  avia-builder-el-0  el_before_av_section  avia-builder-el-first  avia-bg-style-scroll container_wrap fullsize'  ><div class='container av-section-cont-open' ><main  role=\"main\" itemprop=\"mainContentOfPage\"  class='template-page content  av-content-full alpha units'><div class='post-entry post-entry-type-page post-entry-311'><div class='entry-content-wrapper clearfix'>\n<div  class='flex_column av-ok4d-ec5e928a20181e29bd166158ddb8e152 av_one_full  avia-builder-el-1  el_before_av_one_full  avia-builder-el-first  first flex_column_div  '     ><p>\n<style type=\"text\/css\" data-created_by=\"avia_inline_auto\" id=\"style-css-av-jojyf-aac760dee074fe618b7c75dca02d33db\">\n#top .av-special-heading.av-jojyf-aac760dee074fe618b7c75dca02d33db{\npadding-bottom:10px;\n}\nbody .av-special-heading.av-jojyf-aac760dee074fe618b7c75dca02d33db .av-special-heading-tag .heading-char{\nfont-size:25px;\n}\n.av-special-heading.av-jojyf-aac760dee074fe618b7c75dca02d33db .av-subheading{\nfont-size:15px;\n}\n<\/style>\n<div  class='av-special-heading av-jojyf-aac760dee074fe618b7c75dca02d33db av-special-heading-h1 blockquote modern-quote  avia-builder-el-2  el_before_av_textblock  avia-builder-el-first '><h1 class='av-special-heading-tag '  itemprop=\"headline\"  >Weiterbildung im Maschinenbau \u2013 F\u00f6rderung bei HDC Huttelmaier in Schorndorf<\/h1><div class=\"special-heading-border\"><div class=\"special-heading-inner-border\"><\/div><\/div><\/div><br \/>\n<section  class='av_textblock_section av-lg29xm1f-7d3cdd8b59a629545178fbb262f8292d '   itemscope=\"itemscope\" itemtype=\"https:\/\/schema.org\/CreativeWork\" ><div class='avia_textblock av_inherit_color'  itemprop=\"text\" ><p>Als wachsende Maschinenbau-Firma ist HDC Huttelmaier st\u00e4ndig auf der Suche nach qualifizierten Mitarbeitern.<\/p>\n<\/div><\/section><\/p><\/div><div  class='flex_column av-lg29yef9-109989141a5dfb52d41595f0b8f08f30 av_one_full  avia-builder-el-4  el_after_av_one_full  el_before_av_one_full  first flex_column_div  column-top-margin'     ><p>\n<style type=\"text\/css\" data-created_by=\"avia_inline_auto\" id=\"style-css-av-lg29wfol-4fa44736ea8a890b966d6af0c941b7a0\">\n#top .av-special-heading.av-lg29wfol-4fa44736ea8a890b966d6af0c941b7a0{\npadding-bottom:10px;\n}\nbody .av-special-heading.av-lg29wfol-4fa44736ea8a890b966d6af0c941b7a0 .av-special-heading-tag .heading-char{\nfont-size:25px;\n}\n.av-special-heading.av-lg29wfol-4fa44736ea8a890b966d6af0c941b7a0 .av-subheading{\nfont-size:15px;\n}\n<\/style>\n<div  class='av-special-heading av-lg29wfol-4fa44736ea8a890b966d6af0c941b7a0 av-special-heading-h2 blockquote modern-quote  avia-builder-el-5  el_before_av_textblock  avia-builder-el-first '><h2 class='av-special-heading-tag '  itemprop=\"headline\"  >Sie suchen eine Weiterbildung im Bereich Maschinenbau?<\/h2><div class=\"special-heading-border\"><div class=\"special-heading-inner-border\"><\/div><\/div><\/div><br \/>\n<section  class='av_textblock_section av-lgqc38do-084e6d71d7c26b3484a5fda2ef3381fe '   itemscope=\"itemscope\" itemtype=\"https:\/\/schema.org\/CreativeWork\" ><div class='avia_textblock av_inherit_color'  itemprop=\"text\" ><p>Wir bieten ausgew\u00e4hlten Bewerbern, die sich als Mitarbeiter l\u00e4nger an uns binden m\u00f6chten, eine teilweise Subvention der Fortbildungsma\u00dfnahmen, wie etwa Lehrg\u00e4nge, Kurse, Zertifizierungen oder andere Qualifizierungen.<\/p>\n<p>Zu den einzelnen Weiterbildungen f\u00fcr folgende Ausbildungsberufe:<\/p>\n<ul>\n<li><a href=\"https:\/\/retrofit.de\/index.php\/maschinenbau-jobs-schorndorf\/weiterbildung-maschinenbau\/weiterbildung-fuer-elektriker\/\">Weiterbildung f\u00fcr Elektriker<\/a><\/li>\n<li><a href=\"https:\/\/retrofit.de\/index.php\/maschinenbau-jobs-schorndorf\/weiterbildung-maschinenbau\/weiterbildung-fuer-industriemechaniker\/\">Weiterbildung f\u00fcr Industriemechaniker<\/a><\/li>\n<\/ul>\n<p>Die regelm\u00e4\u00dfige fachliche Weiterentwicklung unserer Mitarbeiter ist uns bei HDC Huttelmaier sehr wichtig, damit sich die Qualit\u00e4t unserer Arbeit und die Kundenzufriedenheit immer auf Top-Niveau befinden.<\/p>\n<\/div><\/section><\/p><\/div><div  class='flex_column av-mww87-5b756078fc8ec10acb46dc4b45d2acd9 av_one_full  avia-builder-el-7  el_after_av_one_full  el_before_av_one_full  first flex_column_div  column-top-margin'     ><p>\n<style type=\"text\/css\" data-created_by=\"avia_inline_auto\" id=\"style-css-av-hmjlr-b5acc947b3913151434703a2b86c3d43\">\n#top .av-special-heading.av-hmjlr-b5acc947b3913151434703a2b86c3d43{\npadding-bottom:10px;\n}\nbody .av-special-heading.av-hmjlr-b5acc947b3913151434703a2b86c3d43 .av-special-heading-tag .heading-char{\nfont-size:25px;\n}\n.av-special-heading.av-hmjlr-b5acc947b3913151434703a2b86c3d43 .av-subheading{\nfont-size:15px;\n}\n<\/style>\n<div  class='av-special-heading av-hmjlr-b5acc947b3913151434703a2b86c3d43 av-special-heading-h2 blockquote modern-quote  avia-builder-el-8  el_before_av_textblock  avia-builder-el-first '><h2 class='av-special-heading-tag '  itemprop=\"headline\"  >Ist der Job in der N\u00e4he?<\/h2><div class=\"special-heading-border\"><div class=\"special-heading-inner-border\"><\/div><\/div><\/div><br \/>\n<section  class='av_textblock_section av-9aspj-ecc29cc1f22cb79bd0d7845bf214e275 '   itemscope=\"itemscope\" itemtype=\"https:\/\/schema.org\/CreativeWork\" ><div class='avia_textblock av_inherit_color'  itemprop=\"text\" ><ul type=\"disc\">\n<li class=\"x_MsoNormal\">71522\u00a0\u00a0 Backnang: Auto 28 min | Bahn 43 Min | Rad 1 h 14 min<\/li>\n<li class=\"x_MsoNormal\">73728\u00a0\u00a0 Esslingen: Auto 26 min | Bahn 38 Min | Rad 1 h 19 min<\/li>\n<li class=\"x_MsoNormal\">70734\u00a0\u00a0 Fellbach: Auto 15 min | Bahn 35 Min | Rad 1 h 04 min<\/li>\n<li class=\"x_MsoNormal\">73033\u00a0\u00a0 G\u00f6ppingen: Auto 27 min | Bahn 32 Min | Rad 1 h 09 min<\/li>\n<li class=\"x_MsoNormal\">73525\u00a0\u00a0 Schw\u00e4bisch Gm\u00fcnd: Auto 23 min | Bahn 52 Min | Rad 1 h 36 min<\/li>\n<li class=\"x_MsoNormal\">70173<b>\u00a0\u00a0\u00a0<\/b>Stuttgart Hbf: Auto 27 min | Bahn 36 Min | Rad 1 h 33 min<\/li>\n<li class=\"x_MsoNormal\">71332\u00a0\u00a0 Waiblingen: Auto 16 min | Bahn 22 Min | Rad 53 min<\/li>\n<li class=\"x_MsoNormal\">71384\u00a0\u00a0 Weinstadt: Auto 11 min | Bahn 15 Min | Rad 38 min<\/li>\n<li class=\"x_MsoNormal\">71364\u00a0\u00a0 Winnenden: Auto 20 min | Bahn 22 Min | Rad 47 min<\/li>\n<\/ul>\n<\/div><\/section><\/p><\/div><div  class='flex_column av-f7s5b-568d1b8599cc0ced6f1b088f214d0d5e av_one_full  avia-builder-el-10  el_after_av_one_full  el_before_av_one_full  first flex_column_div  column-top-margin'     ><p>\n<style type=\"text\/css\" data-created_by=\"avia_inline_auto\" id=\"style-css-av-lgqc3izv-746aed7f1a870e535539a881a2f6e0ee\">\n#top .av-special-heading.av-lgqc3izv-746aed7f1a870e535539a881a2f6e0ee{\npadding-bottom:10px;\n}\nbody .av-special-heading.av-lgqc3izv-746aed7f1a870e535539a881a2f6e0ee .av-special-heading-tag .heading-char{\nfont-size:25px;\n}\n.av-special-heading.av-lgqc3izv-746aed7f1a870e535539a881a2f6e0ee .av-subheading{\nfont-size:15px;\n}\n<\/style>\n<div  class='av-special-heading av-lgqc3izv-746aed7f1a870e535539a881a2f6e0ee av-special-heading-h2 blockquote modern-quote  avia-builder-el-11  el_before_av_textblock  avia-builder-el-first '><h2 class='av-special-heading-tag '  itemprop=\"headline\"  >\u00dcber HDC Huttelmaier<\/h2><div class=\"special-heading-border\"><div class=\"special-heading-inner-border\"><\/div><\/div><\/div><br \/>\n<section  class='av_textblock_section av-lgqc3qxl-dbcb7783a07745b60e359d32d93b4228 '   itemscope=\"itemscope\" itemtype=\"https:\/\/schema.org\/CreativeWork\" ><div class='avia_textblock av_inherit_color'  itemprop=\"text\" ><ul>\n<li><a href=\"https:\/\/retrofit.de\/index.php\/maschinenbau-jobs\/\">Mehr zum Thema Karriere bei HDC Huttelmaier erfahren<\/a><\/li>\n<\/ul>\n<\/div><\/section><\/p><\/div><div  class='flex_column av-r0gn-84c1856fdcff92347ca520730fb794df av_one_full  avia-builder-el-13  el_after_av_one_full  avia-builder-el-last  first flex_column_div  column-top-margin'     ><p>\n<style type=\"text\/css\" data-created_by=\"avia_inline_auto\" id=\"style-css-av-lgqc4y6n-91b49e5b03b9a9a97523d7943b166875\">\n#top .av-special-heading.av-lgqc4y6n-91b49e5b03b9a9a97523d7943b166875{\npadding-bottom:10px;\n}\nbody .av-special-heading.av-lgqc4y6n-91b49e5b03b9a9a97523d7943b166875 .av-special-heading-tag .heading-char{\nfont-size:25px;\n}\n.av-special-heading.av-lgqc4y6n-91b49e5b03b9a9a97523d7943b166875 .av-subheading{\nfont-size:15px;\n}\n<\/style>\n<div  class='av-special-heading av-lgqc4y6n-91b49e5b03b9a9a97523d7943b166875 av-special-heading-h2 blockquote modern-quote  avia-builder-el-14  el_before_av_textblock  avia-builder-el-first '><h2 class='av-special-heading-tag '  itemprop=\"headline\"  >Wir freuen uns darauf, Sie kennenzulernen!<\/h2><div class=\"special-heading-border\"><div class=\"special-heading-inner-border\"><\/div><\/div><\/div><br \/>\n<section  class='av_textblock_section av-lgqc5b4n-76edb2fc9934e69d38b86c556e3cb09a '   itemscope=\"itemscope\" itemtype=\"https:\/\/schema.org\/CreativeWork\" ><div class='avia_textblock av_inherit_color'  itemprop=\"text\" ><p>Der direkte Ansprechpartner f\u00fcr Fragen rund um die Stellenausschreibungen ist Herr J\u00f6rg Huttelmaier.<\/p>\n<p>Rufen Sie uns bei Interesse an und wir kl\u00e4ren, ob eine teilweise F\u00f6rderung Ihrer Weiterbildung prinzipiell denkbar ist.<\/p>\n<\/div><\/section><\/p><\/div>\n\n<\/div><\/div><\/main><!-- close content main element --><\/div><\/div><div id='av_section_2'  class='avia-section av-1alfl3-3406ae33eda2beeb641b38a48b885c6f main_color avia-section-default avia-no-border-styling  avia-builder-el-16  el_after_av_section  avia-builder-el-last  avia-bg-style-scroll container_wrap fullsize'  ><div class='container av-section-cont-open' ><div class='template-page content  av-content-full alpha units'><div class='post-entry post-entry-type-page post-entry-311'><div class='entry-content-wrapper clearfix'>\n\n<style type=\"text\/css\" data-created_by=\"avia_inline_auto\" id=\"style-css-av-15g3in-5fb6f5cbb10fc929ab8505557f498fa4\">\n#top .av-special-heading.av-15g3in-5fb6f5cbb10fc929ab8505557f498fa4{\npadding-bottom:10px;\n}\nbody .av-special-heading.av-15g3in-5fb6f5cbb10fc929ab8505557f498fa4 .av-special-heading-tag .heading-char{\nfont-size:25px;\n}\n.av-special-heading.av-15g3in-5fb6f5cbb10fc929ab8505557f498fa4 .av-subheading{\nfont-size:15px;\n}\n<\/style>\n<div  class='av-special-heading av-15g3in-5fb6f5cbb10fc929ab8505557f498fa4 av-special-heading-h2 blockquote modern-quote  avia-builder-el-17  el_before_av_hr  avia-builder-el-first '><h2 class='av-special-heading-tag '  itemprop=\"headline\"  >Ihr Ansprechpartner<\/h2><div class=\"special-heading-border\"><div class=\"special-heading-inner-border\"><\/div><\/div><\/div>\n\n<style type=\"text\/css\" data-created_by=\"avia_inline_auto\" id=\"style-css-av-3f7fb-69ee309b2900a356e36e776099043cde\">\n#top .hr.hr-invisible.av-3f7fb-69ee309b2900a356e36e776099043cde{\nheight:50px;\n}\n<\/style>\n<div  class='hr av-3f7fb-69ee309b2900a356e36e776099043cde hr-invisible  avia-builder-el-18  el_after_av_heading  el_before_av_one_fourth '><span class='hr-inner '><span class=\"hr-inner-style\"><\/span><\/span><\/div>\n<div  class='flex_column av-pyctb-e925c34b83b01302b53ec85758fb62a0 av_one_fourth  avia-builder-el-19  el_after_av_hr  el_before_av_one_half  first flex_column_div  '     ><style type=\"text\/css\" data-created_by=\"avia_inline_auto\" id=\"style-css-av-klvsv-bd98a545ebb9d57062d1514e3b647977\">\n.avia-image-container.av-klvsv-bd98a545ebb9d57062d1514e3b647977 img.avia_image{\nbox-shadow:none;\n}\n.avia-image-container.av-klvsv-bd98a545ebb9d57062d1514e3b647977 .av-image-caption-overlay-center{\ncolor:#ffffff;\n}\n<\/style>\n<div  class='avia-image-container av-klvsv-bd98a545ebb9d57062d1514e3b647977 av-styling- avia-align-center  avia-builder-el-20  avia-builder-el-no-sibling '   itemprop=\"image\" itemscope=\"itemscope\" itemtype=\"https:\/\/schema.org\/ImageObject\" ><div class=\"avia-image-container-inner\"><div class=\"avia-image-overlay-wrap\"><img decoding=\"async\" fetchpriority=\"high\" class='wp-image-1454 avia-img-lazy-loading-not-1454 avia_image ' src=\"https:\/\/retrofit.de\/wp-content\/uploads\/2023\/05\/Joerg-Huttelmaier-_-Geschaeftsfuehrer-bei-HDC-01-1-1500x1500.webp\" alt='J\u00f6rg Huttelmaier-Gesch\u00e4ftsf\u00fchrer bei HDC' title='J\u00f6rg Huttelmaier-Gesch\u00e4ftsf\u00fchrer bei HDC'  height=\"1500\" width=\"1500\"  itemprop=\"thumbnailUrl\" srcset=\"https:\/\/retrofit.de\/wp-content\/uploads\/2023\/05\/Joerg-Huttelmaier-_-Geschaeftsfuehrer-bei-HDC-01-1-1500x1500.webp 1500w, https:\/\/retrofit.de\/wp-content\/uploads\/2023\/05\/Joerg-Huttelmaier-_-Geschaeftsfuehrer-bei-HDC-01-1-300x300.webp 300w, https:\/\/retrofit.de\/wp-content\/uploads\/2023\/05\/Joerg-Huttelmaier-_-Geschaeftsfuehrer-bei-HDC-01-1-1030x1030.webp 1030w, https:\/\/retrofit.de\/wp-content\/uploads\/2023\/05\/Joerg-Huttelmaier-_-Geschaeftsfuehrer-bei-HDC-01-1-80x80.webp 80w, https:\/\/retrofit.de\/wp-content\/uploads\/2023\/05\/Joerg-Huttelmaier-_-Geschaeftsfuehrer-bei-HDC-01-1-768x768.webp 768w, https:\/\/retrofit.de\/wp-content\/uploads\/2023\/05\/Joerg-Huttelmaier-_-Geschaeftsfuehrer-bei-HDC-01-1-1536x1536.webp 1536w, https:\/\/retrofit.de\/wp-content\/uploads\/2023\/05\/Joerg-Huttelmaier-_-Geschaeftsfuehrer-bei-HDC-01-1-36x36.webp 36w, https:\/\/retrofit.de\/wp-content\/uploads\/2023\/05\/Joerg-Huttelmaier-_-Geschaeftsfuehrer-bei-HDC-01-1-180x180.webp 180w, https:\/\/retrofit.de\/wp-content\/uploads\/2023\/05\/Joerg-Huttelmaier-_-Geschaeftsfuehrer-bei-HDC-01-1-705x705.webp 705w, https:\/\/retrofit.de\/wp-content\/uploads\/2023\/05\/Joerg-Huttelmaier-_-Geschaeftsfuehrer-bei-HDC-01-1.webp 1600w\" sizes=\"(max-width: 1500px) 100vw, 1500px\" \/><\/div><\/div><\/div><\/div><div  class='flex_column av-esirj-17460ce74559338cdf294ac035082570 av_one_half  avia-builder-el-21  el_after_av_one_fourth  avia-builder-el-last  linie-links flex_column_div  '     ><style type=\"text\/css\" data-created_by=\"avia_inline_auto\" id=\"style-css-av-9pghj-0296c3e002d97699b01511f1fc1dc5bb\">\n#top .av_textblock_section.av-9pghj-0296c3e002d97699b01511f1fc1dc5bb .avia_textblock{\nfont-size:18px;\n}\n<\/style>\n<section  class='av_textblock_section av-9pghj-0296c3e002d97699b01511f1fc1dc5bb '   itemscope=\"itemscope\" itemtype=\"https:\/\/schema.org\/CreativeWork\" ><div class='avia_textblock kontakt'  itemprop=\"text\" ><p><strong>J\u00f6rg Huttelmaier<\/strong><\/p>\n<p>Inhaber<br \/>\nHDC Huttelmaier<br \/>\nWinterbacher Stra\u00dfe 66<br \/>\nD &#8211; 73614 Schorndorf im Rems-Murr-Kreis<\/p>\n<p><strong>Kontaktieren Sie mich<\/strong><\/p>\n<p><img loading=\"lazy\" decoding=\"async\" style=\"margin-right: 10px;\" src=\"https:\/\/retrofit.de\/wp-content\/uploads\/2023\/04\/HDC-Website_Kontakt-Icons_Phone.svg\" width=\"32\" height=\"32\" \/><a href=\"tel:+4907181978680\">+49 (0) 7181-97868-0<\/a><br \/>\n<img loading=\"lazy\" decoding=\"async\" style=\"margin-right: 10px; margin-bottom: -10px; padding-top: 10px;\" src=\"https:\/\/retrofit.de\/wp-content\/uploads\/2023\/04\/HDC-Website_Kontakt-Icons_Mail.svg\" width=\"32\" height=\"32\" \/><a href=\"mailto:bewerbung@huttelmaier.de\">bewerbung@huttelmaier.de<\/a><\/p>\n<\/div><\/section><\/div>\n","protected":false},"excerpt":{"rendered":"","protected":false},"author":1,"featured_media":0,"parent":309,"menu_order":8,"comment_status":"closed","ping_status":"closed","template":"","meta":{"footnotes":""},"class_list":["post-311","page","type-page","status-publish","hentry"],"yoast_head":"<!-- This site is optimized with the Yoast SEO plugin v27.3 - https:\/\/yoast.com\/product\/yoast-seo-wordpress\/ -->\n<title>Weiterbildung Maschinenbau \u2013 Bei HDC in Schorndorf<\/title>\n<meta name=\"description\" content=\"Weiterbildung im Maschinenbau \u2713 F\u00f6rderung bei HDC in Schorndorf \u2606 Fortbildungsangebote \u2606 Zertifizierungen \u27a8 Jetzt bewerben!\" \/>\n<meta name=\"robots\" content=\"index, follow, max-snippet:-1, max-image-preview:large, max-video-preview:-1\" \/>\n<link rel=\"canonical\" href=\"https:\/\/retrofit.de\/index.php\/de\/maschinenbau-jobs-schorndorf\/weiterbildung-maschinenbau\/\" \/>\n<meta property=\"og:locale\" content=\"de_DE\" \/>\n<meta property=\"og:type\" content=\"article\" \/>\n<meta property=\"og:title\" content=\"Weiterbildung Maschinenbau \u2013 Bei HDC in Schorndorf\" \/>\n<meta property=\"og:description\" content=\"Weiterbildung im Maschinenbau \u2713 F\u00f6rderung bei HDC in Schorndorf \u2606 Fortbildungsangebote \u2606 Zertifizierungen \u27a8 Jetzt bewerben!\" \/>\n<meta property=\"og:url\" content=\"https:\/\/retrofit.de\/index.php\/de\/maschinenbau-jobs-schorndorf\/weiterbildung-maschinenbau\/\" \/>\n<meta property=\"og:site_name\" content=\"HDC Huttelmaier Retrofit\" \/>\n<meta property=\"article:modified_time\" content=\"2025-08-12T12:27:59+00:00\" \/>\n<meta property=\"og:image\" content=\"https:\/\/retrofit.de\/wp-content\/uploads\/2023\/04\/HDC-Website_Kontakt-Icons_Phone.svg\" \/>\n<meta name=\"twitter:card\" content=\"summary_large_image\" \/>\n<meta name=\"twitter:label1\" content=\"Gesch\u00e4tzte Lesezeit\" \/>\n\t<meta name=\"twitter:data1\" content=\"3\u00a0Minuten\" \/>\n<script type=\"application\/ld+json\" class=\"yoast-schema-graph\">{\"@context\":\"https:\\\/\\\/schema.org\",\"@graph\":[{\"@type\":\"WebPage\",\"@id\":\"https:\\\/\\\/retrofit.de\\\/index.php\\\/de\\\/maschinenbau-jobs-schorndorf\\\/weiterbildung-maschinenbau\\\/\",\"url\":\"https:\\\/\\\/retrofit.de\\\/index.php\\\/de\\\/maschinenbau-jobs-schorndorf\\\/weiterbildung-maschinenbau\\\/\",\"name\":\"Weiterbildung Maschinenbau \u2013 Bei HDC in Schorndorf\",\"isPartOf\":{\"@id\":\"https:\\\/\\\/retrofit.de\\\/#website\"},\"primaryImageOfPage\":{\"@id\":\"https:\\\/\\\/retrofit.de\\\/index.php\\\/de\\\/maschinenbau-jobs-schorndorf\\\/weiterbildung-maschinenbau\\\/#primaryimage\"},\"image\":{\"@id\":\"https:\\\/\\\/retrofit.de\\\/index.php\\\/de\\\/maschinenbau-jobs-schorndorf\\\/weiterbildung-maschinenbau\\\/#primaryimage\"},\"thumbnailUrl\":\"https:\\\/\\\/retrofit.de\\\/wp-content\\\/uploads\\\/2023\\\/04\\\/HDC-Website_Kontakt-Icons_Phone.svg\",\"datePublished\":\"2023-04-05T12:31:38+00:00\",\"dateModified\":\"2025-08-12T12:27:59+00:00\",\"description\":\"Weiterbildung im Maschinenbau \u2713 F\u00f6rderung bei HDC in Schorndorf \u2606 Fortbildungsangebote \u2606 Zertifizierungen \u27a8 Jetzt bewerben!\",\"breadcrumb\":{\"@id\":\"https:\\\/\\\/retrofit.de\\\/index.php\\\/de\\\/maschinenbau-jobs-schorndorf\\\/weiterbildung-maschinenbau\\\/#breadcrumb\"},\"inLanguage\":\"de\",\"potentialAction\":[{\"@type\":\"ReadAction\",\"target\":[\"https:\\\/\\\/retrofit.de\\\/index.php\\\/de\\\/maschinenbau-jobs-schorndorf\\\/weiterbildung-maschinenbau\\\/\"]}]},{\"@type\":\"ImageObject\",\"inLanguage\":\"de\",\"@id\":\"https:\\\/\\\/retrofit.de\\\/index.php\\\/de\\\/maschinenbau-jobs-schorndorf\\\/weiterbildung-maschinenbau\\\/#primaryimage\",\"url\":\"https:\\\/\\\/retrofit.de\\\/wp-content\\\/uploads\\\/2023\\\/04\\\/HDC-Website_Kontakt-Icons_Phone.svg\",\"contentUrl\":\"https:\\\/\\\/retrofit.de\\\/wp-content\\\/uploads\\\/2023\\\/04\\\/HDC-Website_Kontakt-Icons_Phone.svg\"},{\"@type\":\"BreadcrumbList\",\"@id\":\"https:\\\/\\\/retrofit.de\\\/index.php\\\/de\\\/maschinenbau-jobs-schorndorf\\\/weiterbildung-maschinenbau\\\/#breadcrumb\",\"itemListElement\":[{\"@type\":\"ListItem\",\"position\":1,\"name\":\"Startseite\",\"item\":\"https:\\\/\\\/retrofit.de\\\/index.php\\\/de\\\/startseite\\\/\"},{\"@type\":\"ListItem\",\"position\":2,\"name\":\"Karriere\",\"item\":\"https:\\\/\\\/retrofit.de\\\/index.php\\\/de\\\/maschinenbau-jobs-schorndorf\\\/\"},{\"@type\":\"ListItem\",\"position\":3,\"name\":\"Weiterbildung\"}]},{\"@type\":\"WebSite\",\"@id\":\"https:\\\/\\\/retrofit.de\\\/#website\",\"url\":\"https:\\\/\\\/retrofit.de\\\/\",\"name\":\"HDC Huttelmaier Retrofit\",\"description\":\"Maschinen \u00dcberholung f\u00fcr High End Pr\u00e4zision\",\"publisher\":{\"@id\":\"https:\\\/\\\/retrofit.de\\\/#organization\"},\"potentialAction\":[{\"@type\":\"SearchAction\",\"target\":{\"@type\":\"EntryPoint\",\"urlTemplate\":\"https:\\\/\\\/retrofit.de\\\/?s={search_term_string}\"},\"query-input\":{\"@type\":\"PropertyValueSpecification\",\"valueRequired\":true,\"valueName\":\"search_term_string\"}}],\"inLanguage\":\"de\"},{\"@type\":\"Organization\",\"@id\":\"https:\\\/\\\/retrofit.de\\\/#organization\",\"name\":\"HDC Huttelmaier GmbH\",\"alternateName\":\"HDC\",\"url\":\"https:\\\/\\\/retrofit.de\\\/\",\"logo\":{\"@type\":\"ImageObject\",\"inLanguage\":\"de\",\"@id\":\"https:\\\/\\\/retrofit.de\\\/#\\\/schema\\\/logo\\\/image\\\/\",\"url\":\"https:\\\/\\\/retrofit.de\\\/wp-content\\\/uploads\\\/2023\\\/04\\\/Logo.jpg\",\"contentUrl\":\"https:\\\/\\\/retrofit.de\\\/wp-content\\\/uploads\\\/2023\\\/04\\\/Logo.jpg\",\"width\":2083,\"height\":2083,\"caption\":\"HDC Huttelmaier GmbH\"},\"image\":{\"@id\":\"https:\\\/\\\/retrofit.de\\\/#\\\/schema\\\/logo\\\/image\\\/\"}}]}<\/script>\n<!-- \/ Yoast SEO plugin. -->","yoast_head_json":{"title":"Weiterbildung Maschinenbau \u2013 Bei HDC in Schorndorf","description":"Weiterbildung im Maschinenbau \u2713 F\u00f6rderung bei HDC in Schorndorf \u2606 Fortbildungsangebote \u2606 Zertifizierungen \u27a8 Jetzt bewerben!","robots":{"index":"index","follow":"follow","max-snippet":"max-snippet:-1","max-image-preview":"max-image-preview:large","max-video-preview":"max-video-preview:-1"},"canonical":"https:\/\/retrofit.de\/index.php\/de\/maschinenbau-jobs-schorndorf\/weiterbildung-maschinenbau\/","og_locale":"de_DE","og_type":"article","og_title":"Weiterbildung Maschinenbau \u2013 Bei HDC in Schorndorf","og_description":"Weiterbildung im Maschinenbau \u2713 F\u00f6rderung bei HDC in Schorndorf \u2606 Fortbildungsangebote \u2606 Zertifizierungen \u27a8 Jetzt bewerben!","og_url":"https:\/\/retrofit.de\/index.php\/de\/maschinenbau-jobs-schorndorf\/weiterbildung-maschinenbau\/","og_site_name":"HDC Huttelmaier Retrofit","article_modified_time":"2025-08-12T12:27:59+00:00","og_image":[{"url":"https:\/\/retrofit.de\/wp-content\/uploads\/2023\/04\/HDC-Website_Kontakt-Icons_Phone.svg","type":"","width":"","height":""}],"twitter_card":"summary_large_image","twitter_misc":{"Gesch\u00e4tzte Lesezeit":"3\u00a0Minuten"},"schema":{"@context":"https:\/\/schema.org","@graph":[{"@type":"WebPage","@id":"https:\/\/retrofit.de\/index.php\/de\/maschinenbau-jobs-schorndorf\/weiterbildung-maschinenbau\/","url":"https:\/\/retrofit.de\/index.php\/de\/maschinenbau-jobs-schorndorf\/weiterbildung-maschinenbau\/","name":"Weiterbildung Maschinenbau \u2013 Bei HDC in Schorndorf","isPartOf":{"@id":"https:\/\/retrofit.de\/#website"},"primaryImageOfPage":{"@id":"https:\/\/retrofit.de\/index.php\/de\/maschinenbau-jobs-schorndorf\/weiterbildung-maschinenbau\/#primaryimage"},"image":{"@id":"https:\/\/retrofit.de\/index.php\/de\/maschinenbau-jobs-schorndorf\/weiterbildung-maschinenbau\/#primaryimage"},"thumbnailUrl":"https:\/\/retrofit.de\/wp-content\/uploads\/2023\/04\/HDC-Website_Kontakt-Icons_Phone.svg","datePublished":"2023-04-05T12:31:38+00:00","dateModified":"2025-08-12T12:27:59+00:00","description":"Weiterbildung im Maschinenbau \u2713 F\u00f6rderung bei HDC in Schorndorf \u2606 Fortbildungsangebote \u2606 Zertifizierungen \u27a8 Jetzt bewerben!","breadcrumb":{"@id":"https:\/\/retrofit.de\/index.php\/de\/maschinenbau-jobs-schorndorf\/weiterbildung-maschinenbau\/#breadcrumb"},"inLanguage":"de","potentialAction":[{"@type":"ReadAction","target":["https:\/\/retrofit.de\/index.php\/de\/maschinenbau-jobs-schorndorf\/weiterbildung-maschinenbau\/"]}]},{"@type":"ImageObject","inLanguage":"de","@id":"https:\/\/retrofit.de\/index.php\/de\/maschinenbau-jobs-schorndorf\/weiterbildung-maschinenbau\/#primaryimage","url":"https:\/\/retrofit.de\/wp-content\/uploads\/2023\/04\/HDC-Website_Kontakt-Icons_Phone.svg","contentUrl":"https:\/\/retrofit.de\/wp-content\/uploads\/2023\/04\/HDC-Website_Kontakt-Icons_Phone.svg"},{"@type":"BreadcrumbList","@id":"https:\/\/retrofit.de\/index.php\/de\/maschinenbau-jobs-schorndorf\/weiterbildung-maschinenbau\/#breadcrumb","itemListElement":[{"@type":"ListItem","position":1,"name":"Startseite","item":"https:\/\/retrofit.de\/index.php\/de\/startseite\/"},{"@type":"ListItem","position":2,"name":"Karriere","item":"https:\/\/retrofit.de\/index.php\/de\/maschinenbau-jobs-schorndorf\/"},{"@type":"ListItem","position":3,"name":"Weiterbildung"}]},{"@type":"WebSite","@id":"https:\/\/retrofit.de\/#website","url":"https:\/\/retrofit.de\/","name":"HDC Huttelmaier Retrofit","description":"Maschinen \u00dcberholung f\u00fcr High End Pr\u00e4zision","publisher":{"@id":"https:\/\/retrofit.de\/#organization"},"potentialAction":[{"@type":"SearchAction","target":{"@type":"EntryPoint","urlTemplate":"https:\/\/retrofit.de\/?s={search_term_string}"},"query-input":{"@type":"PropertyValueSpecification","valueRequired":true,"valueName":"search_term_string"}}],"inLanguage":"de"},{"@type":"Organization","@id":"https:\/\/retrofit.de\/#organization","name":"HDC Huttelmaier GmbH","alternateName":"HDC","url":"https:\/\/retrofit.de\/","logo":{"@type":"ImageObject","inLanguage":"de","@id":"https:\/\/retrofit.de\/#\/schema\/logo\/image\/","url":"https:\/\/retrofit.de\/wp-content\/uploads\/2023\/04\/Logo.jpg","contentUrl":"https:\/\/retrofit.de\/wp-content\/uploads\/2023\/04\/Logo.jpg","width":2083,"height":2083,"caption":"HDC Huttelmaier GmbH"},"image":{"@id":"https:\/\/retrofit.de\/#\/schema\/logo\/image\/"}}]}},"_links":{"self":[{"href":"https:\/\/retrofit.de\/index.php\/wp-json\/wp\/v2\/pages\/311","targetHints":{"allow":["GET"]}}],"collection":[{"href":"https:\/\/retrofit.de\/index.php\/wp-json\/wp\/v2\/pages"}],"about":[{"href":"https:\/\/retrofit.de\/index.php\/wp-json\/wp\/v2\/types\/page"}],"author":[{"embeddable":true,"href":"https:\/\/retrofit.de\/index.php\/wp-json\/wp\/v2\/users\/1"}],"replies":[{"embeddable":true,"href":"https:\/\/retrofit.de\/index.php\/wp-json\/wp\/v2\/comments?post=311"}],"version-history":[{"count":19,"href":"https:\/\/retrofit.de\/index.php\/wp-json\/wp\/v2\/pages\/311\/revisions"}],"predecessor-version":[{"id":4626,"href":"https:\/\/retrofit.de\/index.php\/wp-json\/wp\/v2\/pages\/311\/revisions\/4626"}],"up":[{"embeddable":true,"href":"https:\/\/retrofit.de\/index.php\/wp-json\/wp\/v2\/pages\/309"}],"wp:attachment":[{"href":"https:\/\/retrofit.de\/index.php\/wp-json\/wp\/v2\/media?parent=311"}],"curies":[{"name":"wp","href":"https:\/\/api.w.org\/{rel}","templated":true}]}}