{"id":309,"date":"2023-04-05T14:31:01","date_gmt":"2023-04-05T12:31:01","guid":{"rendered":"https:\/\/retrofit.de\/wordpress\/?page_id=309"},"modified":"2025-09-22T09:40:31","modified_gmt":"2025-09-22T07:40:31","slug":"maschinenbau-jobs-schorndorf","status":"publish","type":"page","link":"https:\/\/retrofit.de\/index.php\/de\/maschinenbau-jobs-schorndorf\/","title":{"rendered":"Karriere"},"content":{"rendered":"<div id='av_section_1'  class='avia-section av-1jlel-1bc90ba3e1ffa55f8d3a7be395c03e85 main_color avia-section-default avia-no-border-styling  avia-builder-el-0  el_before_av_section  avia-builder-el-first  avia-bg-style-scroll container_wrap fullsize'  ><div class='container av-section-cont-open' ><main  role=\"main\" itemprop=\"mainContentOfPage\"  class='template-page content  av-content-full alpha units'><div class='post-entry post-entry-type-page post-entry-309'><div class='entry-content-wrapper clearfix'>\n<div  class='flex_column av-ok4d-ec5e928a20181e29bd166158ddb8e152 av_two_third  avia-builder-el-1  el_before_av_one_third  avia-builder-el-first  first flex_column_div  '     ><p>\n<style type=\"text\/css\" data-created_by=\"avia_inline_auto\" id=\"style-css-av-1hggbx-e7da8b9e25cefd9aeead14d20031953f\">\n#top .av-special-heading.av-1hggbx-e7da8b9e25cefd9aeead14d20031953f{\npadding-bottom:10px;\n}\nbody .av-special-heading.av-1hggbx-e7da8b9e25cefd9aeead14d20031953f .av-special-heading-tag .heading-char{\nfont-size:25px;\n}\n.av-special-heading.av-1hggbx-e7da8b9e25cefd9aeead14d20031953f .av-subheading{\nfont-size:15px;\n}\n<\/style>\n<div  class='av-special-heading av-1hggbx-e7da8b9e25cefd9aeead14d20031953f av-special-heading-h1 blockquote modern-quote  avia-builder-el-2  el_before_av_textblock  avia-builder-el-first '><h1 class='av-special-heading-tag '  itemprop=\"headline\"  >Maschinenbau Jobs in Schorndorf \u2013 Stellenangebote in der Zerspanungstechnik<\/h1><div class=\"special-heading-border\"><div class=\"special-heading-inner-border\"><\/div><\/div><\/div><br \/>\n<section  class='av_textblock_section av-172ea5-c9365568b1523f1b12cde9c2807e6547 '   itemscope=\"itemscope\" itemtype=\"https:\/\/schema.org\/CreativeWork\" ><div class='avia_textblock av_inherit_color'  itemprop=\"text\" ><p>Suchen Sie einen Job im Bereich Maschinenbau? Hier finden Sie die aktuellen Stellenangebote bei HDC Huttelmaier in Schorndorf im Rems-Murr-Kreis f\u00fcr verschiedene Bereiche in Voll- und Teilzeit, sowie Ausbildungspl\u00e4tze. Bitte w\u00e4hlen Sie die Stellen f\u00fcr weitere Details aus.<\/p>\n<\/div><\/section><br \/>\n\n<style type=\"text\/css\" data-created_by=\"avia_inline_auto\" id=\"style-css-av-lg29wfol-b5546e44732c16ea363cd537659e3ffa\">\n#top .av-special-heading.av-lg29wfol-b5546e44732c16ea363cd537659e3ffa{\npadding-bottom:10px;\n}\nbody .av-special-heading.av-lg29wfol-b5546e44732c16ea363cd537659e3ffa .av-special-heading-tag .heading-char{\nfont-size:25px;\n}\n.av-special-heading.av-lg29wfol-b5546e44732c16ea363cd537659e3ffa .av-subheading{\nfont-size:15px;\n}\n<\/style>\n<div  class='av-special-heading av-lg29wfol-b5546e44732c16ea363cd537659e3ffa av-special-heading-h2 blockquote modern-quote  avia-builder-el-4  el_after_av_textblock  el_before_av_textblock '><h2 class='av-special-heading-tag '  itemprop=\"headline\"  >Aktuelle Stellenangebote in Schorndorf im Rems-Murr-Kreis<\/h2><div class=\"special-heading-border\"><div class=\"special-heading-inner-border\"><\/div><\/div><\/div><br \/>\n<section  class='av_textblock_section av-lg29xm1f-01cc101e2b160edd0e33387d7f495c0e '   itemscope=\"itemscope\" itemtype=\"https:\/\/schema.org\/CreativeWork\" ><div class='avia_textblock av_inherit_color'  itemprop=\"text\" ><ul>\n<li style=\"list-style-type: none;\">\n<ul>\n<li><a href=\"https:\/\/retrofit.de\/index.php\/maschinenbau-jobs\/elektriker-jobs\/\">Elektriker Jobs (Vollzeit)<\/a><\/li>\n<li><a href=\"https:\/\/retrofit.de\/index.php\/maschinenbau-jobs-schorndorf\/weiterbildung-maschinenbau\/weiterbildung-fuer-industriemechaniker\/\">Technischer Allrounder Retrofit\u00a0 (Vollzeit)<\/a><\/li>\n<li><a href=\"https:\/\/retrofit.de\/index.php\/de\/maschinenbau-jobs-schorndorf\/servicemonteur-jobs\/\">Servicemonteur Jobs (Vollzeit)<\/a><\/li>\n<\/ul>\n<\/li>\n<\/ul>\n<p><a href=\"https:\/\/retrofit.de\/index.php\/maschinenbau-jobs\/weiterbildung-maschinenbau\/\">Informieren Sie ich auch \u00fcber die Weiterbildungsm\u00f6glichkeiten bei HDC Huttelmaier<\/a><\/p>\n<\/div><\/section><br \/>\n\n<style type=\"text\/css\" data-created_by=\"avia_inline_auto\" id=\"style-css-av-meqyby58-a5c33053131c6b9ab3d71481cdb3e746\">\n#top .hr.hr-invisible.av-meqyby58-a5c33053131c6b9ab3d71481cdb3e746{\nheight:50px;\n}\n<\/style>\n<div  class='hr av-meqyby58-a5c33053131c6b9ab3d71481cdb3e746 hr-invisible  avia-builder-el-6  el_after_av_textblock  el_before_av_video '><span class='hr-inner '><span class=\"hr-inner-style\"><\/span><\/span><\/div><br \/>\n<div  class='avia-video av-liejfucl-06f4a3fc2de953180e6cef2f0c0d1800 avia-video-16-9 av-no-preview-image avia-video-load-always av-lazyload-immediate av-lazyload-video-embed'  itemprop=\"video\" itemtype=\"https:\/\/schema.org\/VideoObject\"  data-original_url='https:\/\/www.youtube.com\/watch?v=abeIYX_VWL8'><script type='text\/html' class='av-video-tmpl'><div hcb-fetch-image-from=\"https:\/\/www.youtube.com\/watch?v=abeIYX_VWL8\" class='avia-iframe-wrap'><iframe loading=\"lazy\" title=\"Neuer Job? Besserer Job? Komm\u00b4 zu HDC. Jetzt bewerben!\" width=\"1500\" height=\"844\" src=\"https:\/\/www.youtube.com\/embed\/abeIYX_VWL8?feature=oembed&autoplay=0&loop=0&controls=1&mute=0\" frameborder=\"0\" allow=\"accelerometer; autoplay; clipboard-write; encrypted-media; gyroscope; picture-in-picture; web-share\" allowfullscreen><\/iframe><\/div><\/script><div class='av-click-to-play-overlay'><div class=\"avia_playpause_icon\"><\/div><\/div><\/div><\/p><\/div><div  class='flex_column av-htfad-424be2aa5ef585c4d5cb6b2e6c227b32 av_one_third  avia-builder-el-8  el_after_av_two_third  avia-builder-el-last  flex_column_div  '     ><style type=\"text\/css\" data-created_by=\"avia_inline_auto\" id=\"style-css-av-7kbh9-acb7475001059bd5fad70b6c5ebd53f5\">\n.avia-image-container.av-7kbh9-acb7475001059bd5fad70b6c5ebd53f5 img.avia_image{\nbox-shadow:none;\n}\n.avia-image-container.av-7kbh9-acb7475001059bd5fad70b6c5ebd53f5 .av-image-caption-overlay-center{\ncolor:#ffffff;\n}\n<\/style>\n<div  class='avia-image-container av-7kbh9-acb7475001059bd5fad70b6c5ebd53f5 av-styling- avia-align-center  avia-builder-el-9  avia-builder-el-no-sibling '   itemprop=\"image\" itemscope=\"itemscope\" itemtype=\"https:\/\/schema.org\/ImageObject\" ><div class=\"avia-image-container-inner\"><div class=\"avia-image-overlay-wrap\"><img decoding=\"async\" fetchpriority=\"high\" class='wp-image-1813 avia-img-lazy-loading-not-1813 avia_image ' src=\"https:\/\/retrofit.de\/wp-content\/uploads\/2023\/05\/HDC_Alu-Platte-technischer-Allrounder_D-2-rotated.jpg\" alt='' title='HDC_Alu Platte technischer Allrounder DRUCK.indd'  height=\"1500\" width=\"780\"  itemprop=\"thumbnailUrl\" srcset=\"https:\/\/retrofit.de\/wp-content\/uploads\/2023\/05\/HDC_Alu-Platte-technischer-Allrounder_D-2-rotated.jpg 780w, https:\/\/retrofit.de\/wp-content\/uploads\/2023\/05\/HDC_Alu-Platte-technischer-Allrounder_D-2-156x300.jpg 156w, https:\/\/retrofit.de\/wp-content\/uploads\/2023\/05\/HDC_Alu-Platte-technischer-Allrounder_D-2-536x1030.jpg 536w, https:\/\/retrofit.de\/wp-content\/uploads\/2023\/05\/HDC_Alu-Platte-technischer-Allrounder_D-2-768x1477.jpg 768w, https:\/\/retrofit.de\/wp-content\/uploads\/2023\/05\/HDC_Alu-Platte-technischer-Allrounder_D-2-367x705.jpg 367w\" sizes=\"(max-width: 780px) 100vw, 780px\" \/><\/div><\/div><\/div><\/div><\/div><\/div><\/main><!-- close content main element --><\/div><\/div><div id='av_section_2'  class='avia-section av-w3oel-66b264c459c924912c5397b03f345910 main_color avia-section-default avia-no-border-styling  avia-builder-el-10  el_after_av_section  avia-builder-el-last  avia-bg-style-scroll container_wrap fullsize'  ><div class='container av-section-cont-open' ><div class='template-page content  av-content-full alpha units'><div class='post-entry post-entry-type-page post-entry-309'><div class='entry-content-wrapper clearfix'>\n\n<style type=\"text\/css\" data-created_by=\"avia_inline_auto\" id=\"style-css-av-lgqalshi-31df806d9543bbd2f3cee9e65edbb996\">\n#top .av-special-heading.av-lgqalshi-31df806d9543bbd2f3cee9e65edbb996{\npadding-bottom:10px;\n}\nbody .av-special-heading.av-lgqalshi-31df806d9543bbd2f3cee9e65edbb996 .av-special-heading-tag .heading-char{\nfont-size:25px;\n}\n.av-special-heading.av-lgqalshi-31df806d9543bbd2f3cee9e65edbb996 .av-subheading{\nfont-size:15px;\n}\n<\/style>\n<div  class='av-special-heading av-lgqalshi-31df806d9543bbd2f3cee9e65edbb996 av-special-heading-h2 blockquote modern-quote  avia-builder-el-11  el_before_av_hr  avia-builder-el-first '><h2 class='av-special-heading-tag '  itemprop=\"headline\"  >Wir freuen uns darauf, Sie kennenzulernen!<\/h2><div class=\"special-heading-border\"><div class=\"special-heading-inner-border\"><\/div><\/div><\/div>\n\n<style type=\"text\/css\" data-created_by=\"avia_inline_auto\" id=\"style-css-av-rp7xh-6fc9de5302a40fddc142f3ec0a1b4390\">\n#top .hr.hr-invisible.av-rp7xh-6fc9de5302a40fddc142f3ec0a1b4390{\nheight:50px;\n}\n<\/style>\n<div  class='hr av-rp7xh-6fc9de5302a40fddc142f3ec0a1b4390 hr-invisible  avia-builder-el-12  el_after_av_heading  el_before_av_textblock '><span class='hr-inner '><span class=\"hr-inner-style\"><\/span><\/span><\/div>\n<section  class='av_textblock_section av-lgqam6c2-4a2dd03866c109cee74cb1551e5fb43b '   itemscope=\"itemscope\" itemtype=\"https:\/\/schema.org\/CreativeWork\" ><div class='avia_textblock av_inherit_color'  itemprop=\"text\" ><p>Je nach Stellenangebot haben wir verschieden Ansprechpartner und leiten Ihre Bewerbung entsprechend weiter.<\/p>\n<p>Sie denken, Sie passen gut zu uns? Gerne k\u00f6nnen Sie uns auch eine Initiativbewerbung f\u00fcr Vollzeitstellen, Teilzeitjobs und Quereinstieg schicken.<\/p>\n<p><strong>Nehmen Sie direkt Kontakt auf:<\/strong><\/p>\n<\/div><\/section>\n\n<style type=\"text\/css\" data-created_by=\"avia_inline_auto\" id=\"style-css-av-irb71-06b5b3c890ad0f93d070e39b9ffa41a7\">\n#top .hr.hr-invisible.av-irb71-06b5b3c890ad0f93d070e39b9ffa41a7{\nheight:50px;\n}\n<\/style>\n<div  class='hr av-irb71-06b5b3c890ad0f93d070e39b9ffa41a7 hr-invisible  avia-builder-el-14  el_after_av_textblock  el_before_av_one_fourth '><span class='hr-inner '><span class=\"hr-inner-style\"><\/span><\/span><\/div>\n<div  class='flex_column av-cxe3h-9e6e71a349570045a88ed33cffcb5abe av_one_fourth  avia-builder-el-15  el_after_av_hr  el_before_av_one_half  first flex_column_div  '     ><style type=\"text\/css\" data-created_by=\"avia_inline_auto\" id=\"style-css-av-ljs8sszl-5762e1bf291d2c8bdd6eb6025e5551c8\">\n.avia-image-container.av-ljs8sszl-5762e1bf291d2c8bdd6eb6025e5551c8 img.avia_image{\nbox-shadow:none;\n}\n.avia-image-container.av-ljs8sszl-5762e1bf291d2c8bdd6eb6025e5551c8 .av-image-caption-overlay-center{\ncolor:#ffffff;\n}\n<\/style>\n<div  class='avia-image-container av-ljs8sszl-5762e1bf291d2c8bdd6eb6025e5551c8 av-styling- avia-align-center  avia-builder-el-16  avia-builder-el-no-sibling '   itemprop=\"image\" itemscope=\"itemscope\" itemtype=\"https:\/\/schema.org\/ImageObject\" ><div class=\"avia-image-container-inner\"><div class=\"avia-image-overlay-wrap\"><img decoding=\"async\" fetchpriority=\"high\" class='wp-image-1456 avia-img-lazy-loading-not-1456 avia_image ' src=\"https:\/\/retrofit.de\/wp-content\/uploads\/2023\/05\/Lisa-Huttelmiaer-_-Personal-bei-HDC-1-1500x1500.webp\" alt='Lisa Huttelmiaer-Personal bei HDC' title='Lisa Huttelmiaer-Personal bei HDC'  height=\"1500\" width=\"1500\"  itemprop=\"thumbnailUrl\" srcset=\"https:\/\/retrofit.de\/wp-content\/uploads\/2023\/05\/Lisa-Huttelmiaer-_-Personal-bei-HDC-1-1500x1500.webp 1500w, https:\/\/retrofit.de\/wp-content\/uploads\/2023\/05\/Lisa-Huttelmiaer-_-Personal-bei-HDC-1-300x300.webp 300w, https:\/\/retrofit.de\/wp-content\/uploads\/2023\/05\/Lisa-Huttelmiaer-_-Personal-bei-HDC-1-1030x1030.webp 1030w, https:\/\/retrofit.de\/wp-content\/uploads\/2023\/05\/Lisa-Huttelmiaer-_-Personal-bei-HDC-1-80x80.webp 80w, https:\/\/retrofit.de\/wp-content\/uploads\/2023\/05\/Lisa-Huttelmiaer-_-Personal-bei-HDC-1-768x768.webp 768w, https:\/\/retrofit.de\/wp-content\/uploads\/2023\/05\/Lisa-Huttelmiaer-_-Personal-bei-HDC-1-1536x1536.webp 1536w, https:\/\/retrofit.de\/wp-content\/uploads\/2023\/05\/Lisa-Huttelmiaer-_-Personal-bei-HDC-1-36x36.webp 36w, https:\/\/retrofit.de\/wp-content\/uploads\/2023\/05\/Lisa-Huttelmiaer-_-Personal-bei-HDC-1-180x180.webp 180w, https:\/\/retrofit.de\/wp-content\/uploads\/2023\/05\/Lisa-Huttelmiaer-_-Personal-bei-HDC-1-705x705.webp 705w, https:\/\/retrofit.de\/wp-content\/uploads\/2023\/05\/Lisa-Huttelmiaer-_-Personal-bei-HDC-1.webp 1600w\" sizes=\"(max-width: 1500px) 100vw, 1500px\" \/><\/div><\/div><\/div><\/div><div  class='flex_column av-9zpb9-35b65bde18d7c6615febe64688bd32da av_one_half  avia-builder-el-17  el_after_av_one_fourth  avia-builder-el-last  linie-links flex_column_div  '     ><style type=\"text\/css\" data-created_by=\"avia_inline_auto\" id=\"style-css-av-ljs8t6fp-42caef1e6bbf2beeee53a0d05394322f\">\n#top .av_textblock_section.av-ljs8t6fp-42caef1e6bbf2beeee53a0d05394322f .avia_textblock{\nfont-size:18px;\n}\n<\/style>\n<section  class='av_textblock_section av-ljs8t6fp-42caef1e6bbf2beeee53a0d05394322f '   itemscope=\"itemscope\" itemtype=\"https:\/\/schema.org\/CreativeWork\" ><div class='avia_textblock kontakt'  itemprop=\"text\" ><p><strong>Lisa Huttelmaier<\/strong><\/p>\n<p>Personal<br \/>\nHDC Huttelmaier<br \/>\nWinterbacher Stra\u00dfe 66<br \/>\nD &#8211; 73614 Schorndorf im Rems-Murr-Kreis<\/p>\n<p><strong>Kontaktieren Sie mich<\/strong><\/p>\n<p><img loading=\"lazy\" decoding=\"async\" style=\"margin-right: 10px;\" src=\"https:\/\/retrofit.de\/wp-content\/uploads\/2023\/04\/HDC-Website_Kontakt-Icons_Phone.svg\" width=\"32\" height=\"32\" \/><a href=\"tel:+4907181978680\">+49 (0) 7181-97868-0<\/a><br \/>\n<img loading=\"lazy\" decoding=\"async\" style=\"margin-right: 10px; margin-bottom: -10px; padding-top: 10px;\" src=\"https:\/\/retrofit.de\/wp-content\/uploads\/2023\/04\/HDC-Website_Kontakt-Icons_Mail.svg\" width=\"32\" height=\"32\" \/><a href=\"mailto:bewerbung@huttelmaier.de\">bewerbung@huttelmaier.de<\/a><\/p>\n<\/div><\/section><\/div>\n<\/p>\n","protected":false},"excerpt":{"rendered":"","protected":false},"author":1,"featured_media":0,"parent":0,"menu_order":7,"comment_status":"closed","ping_status":"closed","template":"","meta":{"footnotes":""},"class_list":["post-309","page","type-page","status-publish","hentry"],"yoast_head":"<!-- This site is optimized with the Yoast SEO plugin v27.3 - https:\/\/yoast.com\/product\/yoast-seo-wordpress\/ -->\n<title>Maschinenbau Jobs \u2013 Stellenangebote in Schorndorf<\/title>\n<meta name=\"description\" content=\"Maschinenbau Jobs in Schorndorf im Rems-Murr-Kreis \u2713 Offene Stellenangebote in der Retrofit-Branche \u27a8 Jetzt bei HDC Huttelmaier bewerben\" \/>\n<meta name=\"robots\" content=\"index, follow, max-snippet:-1, max-image-preview:large, max-video-preview:-1\" \/>\n<link rel=\"canonical\" href=\"https:\/\/retrofit.de\/index.php\/de\/maschinenbau-jobs-schorndorf\/\" \/>\n<meta property=\"og:locale\" content=\"de_DE\" \/>\n<meta property=\"og:type\" content=\"article\" \/>\n<meta property=\"og:title\" content=\"Maschinenbau Jobs \u2013 Stellenangebote in Schorndorf\" \/>\n<meta property=\"og:description\" content=\"Maschinenbau Jobs in Schorndorf im Rems-Murr-Kreis \u2713 Offene Stellenangebote in der Retrofit-Branche \u27a8 Jetzt bei HDC Huttelmaier bewerben\" \/>\n<meta property=\"og:url\" content=\"https:\/\/retrofit.de\/index.php\/de\/maschinenbau-jobs-schorndorf\/\" \/>\n<meta property=\"og:site_name\" content=\"HDC Huttelmaier Retrofit\" \/>\n<meta property=\"article:modified_time\" content=\"2025-09-22T07:40:31+00:00\" \/>\n<meta property=\"og:image\" content=\"https:\/\/retrofit.de\/wp-content\/uploads\/2023\/04\/HDC-Website_Kontakt-Icons_Phone.svg\" \/>\n<meta name=\"twitter:card\" content=\"summary_large_image\" \/>\n<meta name=\"twitter:label1\" content=\"Gesch\u00e4tzte Lesezeit\" \/>\n\t<meta name=\"twitter:data1\" content=\"2\u00a0Minuten\" \/>\n<script type=\"application\/ld+json\" class=\"yoast-schema-graph\">{\"@context\":\"https:\\\/\\\/schema.org\",\"@graph\":[{\"@type\":\"WebPage\",\"@id\":\"https:\\\/\\\/retrofit.de\\\/index.php\\\/de\\\/maschinenbau-jobs-schorndorf\\\/\",\"url\":\"https:\\\/\\\/retrofit.de\\\/index.php\\\/de\\\/maschinenbau-jobs-schorndorf\\\/\",\"name\":\"Maschinenbau Jobs \u2013 Stellenangebote in Schorndorf\",\"isPartOf\":{\"@id\":\"https:\\\/\\\/retrofit.de\\\/#website\"},\"primaryImageOfPage\":{\"@id\":\"https:\\\/\\\/retrofit.de\\\/index.php\\\/de\\\/maschinenbau-jobs-schorndorf\\\/#primaryimage\"},\"image\":{\"@id\":\"https:\\\/\\\/retrofit.de\\\/index.php\\\/de\\\/maschinenbau-jobs-schorndorf\\\/#primaryimage\"},\"thumbnailUrl\":\"https:\\\/\\\/retrofit.de\\\/wp-content\\\/uploads\\\/2023\\\/04\\\/HDC-Website_Kontakt-Icons_Phone.svg\",\"datePublished\":\"2023-04-05T12:31:01+00:00\",\"dateModified\":\"2025-09-22T07:40:31+00:00\",\"description\":\"Maschinenbau Jobs in Schorndorf im Rems-Murr-Kreis \u2713 Offene Stellenangebote in der Retrofit-Branche \u27a8 Jetzt bei HDC Huttelmaier bewerben\",\"breadcrumb\":{\"@id\":\"https:\\\/\\\/retrofit.de\\\/index.php\\\/de\\\/maschinenbau-jobs-schorndorf\\\/#breadcrumb\"},\"inLanguage\":\"de\",\"potentialAction\":[{\"@type\":\"ReadAction\",\"target\":[\"https:\\\/\\\/retrofit.de\\\/index.php\\\/de\\\/maschinenbau-jobs-schorndorf\\\/\"]}]},{\"@type\":\"ImageObject\",\"inLanguage\":\"de\",\"@id\":\"https:\\\/\\\/retrofit.de\\\/index.php\\\/de\\\/maschinenbau-jobs-schorndorf\\\/#primaryimage\",\"url\":\"https:\\\/\\\/retrofit.de\\\/wp-content\\\/uploads\\\/2023\\\/04\\\/HDC-Website_Kontakt-Icons_Phone.svg\",\"contentUrl\":\"https:\\\/\\\/retrofit.de\\\/wp-content\\\/uploads\\\/2023\\\/04\\\/HDC-Website_Kontakt-Icons_Phone.svg\"},{\"@type\":\"BreadcrumbList\",\"@id\":\"https:\\\/\\\/retrofit.de\\\/index.php\\\/de\\\/maschinenbau-jobs-schorndorf\\\/#breadcrumb\",\"itemListElement\":[{\"@type\":\"ListItem\",\"position\":1,\"name\":\"Startseite\",\"item\":\"https:\\\/\\\/retrofit.de\\\/index.php\\\/de\\\/startseite\\\/\"},{\"@type\":\"ListItem\",\"position\":2,\"name\":\"Karriere\"}]},{\"@type\":\"WebSite\",\"@id\":\"https:\\\/\\\/retrofit.de\\\/#website\",\"url\":\"https:\\\/\\\/retrofit.de\\\/\",\"name\":\"HDC Huttelmaier Retrofit\",\"description\":\"Maschinen \u00dcberholung f\u00fcr High End Pr\u00e4zision\",\"publisher\":{\"@id\":\"https:\\\/\\\/retrofit.de\\\/#organization\"},\"potentialAction\":[{\"@type\":\"SearchAction\",\"target\":{\"@type\":\"EntryPoint\",\"urlTemplate\":\"https:\\\/\\\/retrofit.de\\\/?s={search_term_string}\"},\"query-input\":{\"@type\":\"PropertyValueSpecification\",\"valueRequired\":true,\"valueName\":\"search_term_string\"}}],\"inLanguage\":\"de\"},{\"@type\":\"Organization\",\"@id\":\"https:\\\/\\\/retrofit.de\\\/#organization\",\"name\":\"HDC Huttelmaier GmbH\",\"alternateName\":\"HDC\",\"url\":\"https:\\\/\\\/retrofit.de\\\/\",\"logo\":{\"@type\":\"ImageObject\",\"inLanguage\":\"de\",\"@id\":\"https:\\\/\\\/retrofit.de\\\/#\\\/schema\\\/logo\\\/image\\\/\",\"url\":\"https:\\\/\\\/retrofit.de\\\/wp-content\\\/uploads\\\/2023\\\/04\\\/Logo.jpg\",\"contentUrl\":\"https:\\\/\\\/retrofit.de\\\/wp-content\\\/uploads\\\/2023\\\/04\\\/Logo.jpg\",\"width\":2083,\"height\":2083,\"caption\":\"HDC Huttelmaier GmbH\"},\"image\":{\"@id\":\"https:\\\/\\\/retrofit.de\\\/#\\\/schema\\\/logo\\\/image\\\/\"}}]}<\/script>\n<!-- \/ Yoast SEO plugin. -->","yoast_head_json":{"title":"Maschinenbau Jobs \u2013 Stellenangebote in Schorndorf","description":"Maschinenbau Jobs in Schorndorf im Rems-Murr-Kreis \u2713 Offene Stellenangebote in der Retrofit-Branche \u27a8 Jetzt bei HDC Huttelmaier bewerben","robots":{"index":"index","follow":"follow","max-snippet":"max-snippet:-1","max-image-preview":"max-image-preview:large","max-video-preview":"max-video-preview:-1"},"canonical":"https:\/\/retrofit.de\/index.php\/de\/maschinenbau-jobs-schorndorf\/","og_locale":"de_DE","og_type":"article","og_title":"Maschinenbau Jobs \u2013 Stellenangebote in Schorndorf","og_description":"Maschinenbau Jobs in Schorndorf im Rems-Murr-Kreis \u2713 Offene Stellenangebote in der Retrofit-Branche \u27a8 Jetzt bei HDC Huttelmaier bewerben","og_url":"https:\/\/retrofit.de\/index.php\/de\/maschinenbau-jobs-schorndorf\/","og_site_name":"HDC Huttelmaier Retrofit","article_modified_time":"2025-09-22T07:40:31+00:00","og_image":[{"url":"https:\/\/retrofit.de\/wp-content\/uploads\/2023\/04\/HDC-Website_Kontakt-Icons_Phone.svg","type":"","width":"","height":""}],"twitter_card":"summary_large_image","twitter_misc":{"Gesch\u00e4tzte Lesezeit":"2\u00a0Minuten"},"schema":{"@context":"https:\/\/schema.org","@graph":[{"@type":"WebPage","@id":"https:\/\/retrofit.de\/index.php\/de\/maschinenbau-jobs-schorndorf\/","url":"https:\/\/retrofit.de\/index.php\/de\/maschinenbau-jobs-schorndorf\/","name":"Maschinenbau Jobs \u2013 Stellenangebote in Schorndorf","isPartOf":{"@id":"https:\/\/retrofit.de\/#website"},"primaryImageOfPage":{"@id":"https:\/\/retrofit.de\/index.php\/de\/maschinenbau-jobs-schorndorf\/#primaryimage"},"image":{"@id":"https:\/\/retrofit.de\/index.php\/de\/maschinenbau-jobs-schorndorf\/#primaryimage"},"thumbnailUrl":"https:\/\/retrofit.de\/wp-content\/uploads\/2023\/04\/HDC-Website_Kontakt-Icons_Phone.svg","datePublished":"2023-04-05T12:31:01+00:00","dateModified":"2025-09-22T07:40:31+00:00","description":"Maschinenbau Jobs in Schorndorf im Rems-Murr-Kreis \u2713 Offene Stellenangebote in der Retrofit-Branche \u27a8 Jetzt bei HDC Huttelmaier bewerben","breadcrumb":{"@id":"https:\/\/retrofit.de\/index.php\/de\/maschinenbau-jobs-schorndorf\/#breadcrumb"},"inLanguage":"de","potentialAction":[{"@type":"ReadAction","target":["https:\/\/retrofit.de\/index.php\/de\/maschinenbau-jobs-schorndorf\/"]}]},{"@type":"ImageObject","inLanguage":"de","@id":"https:\/\/retrofit.de\/index.php\/de\/maschinenbau-jobs-schorndorf\/#primaryimage","url":"https:\/\/retrofit.de\/wp-content\/uploads\/2023\/04\/HDC-Website_Kontakt-Icons_Phone.svg","contentUrl":"https:\/\/retrofit.de\/wp-content\/uploads\/2023\/04\/HDC-Website_Kontakt-Icons_Phone.svg"},{"@type":"BreadcrumbList","@id":"https:\/\/retrofit.de\/index.php\/de\/maschinenbau-jobs-schorndorf\/#breadcrumb","itemListElement":[{"@type":"ListItem","position":1,"name":"Startseite","item":"https:\/\/retrofit.de\/index.php\/de\/startseite\/"},{"@type":"ListItem","position":2,"name":"Karriere"}]},{"@type":"WebSite","@id":"https:\/\/retrofit.de\/#website","url":"https:\/\/retrofit.de\/","name":"HDC Huttelmaier Retrofit","description":"Maschinen \u00dcberholung f\u00fcr High End Pr\u00e4zision","publisher":{"@id":"https:\/\/retrofit.de\/#organization"},"potentialAction":[{"@type":"SearchAction","target":{"@type":"EntryPoint","urlTemplate":"https:\/\/retrofit.de\/?s={search_term_string}"},"query-input":{"@type":"PropertyValueSpecification","valueRequired":true,"valueName":"search_term_string"}}],"inLanguage":"de"},{"@type":"Organization","@id":"https:\/\/retrofit.de\/#organization","name":"HDC Huttelmaier GmbH","alternateName":"HDC","url":"https:\/\/retrofit.de\/","logo":{"@type":"ImageObject","inLanguage":"de","@id":"https:\/\/retrofit.de\/#\/schema\/logo\/image\/","url":"https:\/\/retrofit.de\/wp-content\/uploads\/2023\/04\/Logo.jpg","contentUrl":"https:\/\/retrofit.de\/wp-content\/uploads\/2023\/04\/Logo.jpg","width":2083,"height":2083,"caption":"HDC Huttelmaier GmbH"},"image":{"@id":"https:\/\/retrofit.de\/#\/schema\/logo\/image\/"}}]}},"_links":{"self":[{"href":"https:\/\/retrofit.de\/index.php\/wp-json\/wp\/v2\/pages\/309","targetHints":{"allow":["GET"]}}],"collection":[{"href":"https:\/\/retrofit.de\/index.php\/wp-json\/wp\/v2\/pages"}],"about":[{"href":"https:\/\/retrofit.de\/index.php\/wp-json\/wp\/v2\/types\/page"}],"author":[{"embeddable":true,"href":"https:\/\/retrofit.de\/index.php\/wp-json\/wp\/v2\/users\/1"}],"replies":[{"embeddable":true,"href":"https:\/\/retrofit.de\/index.php\/wp-json\/wp\/v2\/comments?post=309"}],"version-history":[{"count":40,"href":"https:\/\/retrofit.de\/index.php\/wp-json\/wp\/v2\/pages\/309\/revisions"}],"predecessor-version":[{"id":4699,"href":"https:\/\/retrofit.de\/index.php\/wp-json\/wp\/v2\/pages\/309\/revisions\/4699"}],"wp:attachment":[{"href":"https:\/\/retrofit.de\/index.php\/wp-json\/wp\/v2\/media?parent=309"}],"curies":[{"name":"wp","href":"https:\/\/api.w.org\/{rel}","templated":true}]}}