{"id":30,"date":"2023-04-03T14:35:53","date_gmt":"2023-04-03T12:35:53","guid":{"rendered":"https:\/\/retrofit.de\/wordpress\/?page_id=30"},"modified":"2023-07-06T14:31:44","modified_gmt":"2023-07-06T12:31:44","slug":"ueber-uns","status":"publish","type":"page","link":"https:\/\/retrofit.de\/index.php\/de\/ueber-uns\/","title":{"rendered":"\u00dcber uns"},"content":{"rendered":"<div  class='flex_column av-103y2-8137e7dd72ba8e4f44fef36b42338079 av_one_full  avia-builder-el-0  el_before_av_one_third  avia-builder-el-first  first flex_column_div  '     ><p>\n<style type=\"text\/css\" data-created_by=\"avia_inline_auto\" id=\"style-css-av-li32jacr-49d92ad820366f97b471cc8923e55d57\">\n#top .hr.hr-invisible.av-li32jacr-49d92ad820366f97b471cc8923e55d57{\nheight:15px;\n}\n<\/style>\n<div  class='hr av-li32jacr-49d92ad820366f97b471cc8923e55d57 hr-invisible  avia-builder-el-1  el_before_av_heading  avia-builder-el-first '><span class='hr-inner '><span class=\"hr-inner-style\"><\/span><\/span><\/div><br \/>\n\n<style type=\"text\/css\" data-created_by=\"avia_inline_auto\" id=\"style-css-av-li32gv71-47ecbb4e741f2565cce6cd39722fa1f6\">\n#top .av-special-heading.av-li32gv71-47ecbb4e741f2565cce6cd39722fa1f6{\npadding-bottom:10px;\n}\nbody .av-special-heading.av-li32gv71-47ecbb4e741f2565cce6cd39722fa1f6 .av-special-heading-tag .heading-char{\nfont-size:25px;\n}\n.av-special-heading.av-li32gv71-47ecbb4e741f2565cce6cd39722fa1f6 .av-subheading{\nfont-size:15px;\n}\n<\/style>\n<div  class='av-special-heading av-li32gv71-47ecbb4e741f2565cce6cd39722fa1f6 av-special-heading-h1 blockquote modern-quote  avia-builder-el-2  el_after_av_hr  el_before_av_hr '><h1 class='av-special-heading-tag '  itemprop=\"headline\"  >\u00dcber Uns<\/h1><div class=\"special-heading-border\"><div class=\"special-heading-inner-border\"><\/div><\/div><\/div><br \/>\n\n<style type=\"text\/css\" data-created_by=\"avia_inline_auto\" id=\"style-css-av-li32jik5-1f1971a5b7d26431c59137820b073ae9\">\n#top .hr.hr-invisible.av-li32jik5-1f1971a5b7d26431c59137820b073ae9{\nheight:55px;\n}\n<\/style>\n<div  class='hr av-li32jik5-1f1971a5b7d26431c59137820b073ae9 hr-invisible  avia-builder-el-3  el_after_av_heading  el_before_av_image '><span class='hr-inner '><span class=\"hr-inner-style\"><\/span><\/span><\/div><br \/>\n\n<style type=\"text\/css\" data-created_by=\"avia_inline_auto\" id=\"style-css-av-19ewe-d6e584f41b3fc09737ec0eab3c33177d\">\n.avia-image-container.av-19ewe-d6e584f41b3fc09737ec0eab3c33177d img.avia_image{\nbox-shadow:none;\n}\n.avia-image-container.av-19ewe-d6e584f41b3fc09737ec0eab3c33177d .av-image-caption-overlay-center{\ncolor:#ffffff;\n}\n.avia-image-container.av-19ewe-d6e584f41b3fc09737ec0eab3c33177d .avia-curtain-reveal-overlay{\nanimation-duration:1.5s;\nbackground:#d9000e;\nz-index:100;\n}\n<\/style>\n<div  class='avia-image-container av-19ewe-d6e584f41b3fc09737ec0eab3c33177d av-styling- avia-align-left  avia-builder-el-4  el_after_av_hr  el_before_av_hr '   itemprop=\"image\" itemscope=\"itemscope\" itemtype=\"https:\/\/schema.org\/ImageObject\" ><div class=\"avia-image-container-inner\"><div class=\"avia-image-overlay-wrap\"><div class='avia-curtain-reveal-overlay av-animated-when-visible-95 animate-all-devices curtain-reveal-btt'><\/div><img decoding=\"async\" fetchpriority=\"high\" class='wp-image-1713 avia-img-lazy-loading-not-1713 avia_image ' src=\"https:\/\/retrofit.de\/wp-content\/uploads\/2023\/05\/Treppenaus-bei-HDC_1.webp\" alt='Treppenaus bei HDC' title='Treppenaus bei HDC'  height=\"750\" width=\"1920\"  itemprop=\"thumbnailUrl\" srcset=\"https:\/\/retrofit.de\/wp-content\/uploads\/2023\/05\/Treppenaus-bei-HDC_1.webp 1920w, https:\/\/retrofit.de\/wp-content\/uploads\/2023\/05\/Treppenaus-bei-HDC_1-300x117.webp 300w, https:\/\/retrofit.de\/wp-content\/uploads\/2023\/05\/Treppenaus-bei-HDC_1-1030x402.webp 1030w, https:\/\/retrofit.de\/wp-content\/uploads\/2023\/05\/Treppenaus-bei-HDC_1-768x300.webp 768w, https:\/\/retrofit.de\/wp-content\/uploads\/2023\/05\/Treppenaus-bei-HDC_1-1536x600.webp 1536w, https:\/\/retrofit.de\/wp-content\/uploads\/2023\/05\/Treppenaus-bei-HDC_1-1500x586.webp 1500w, https:\/\/retrofit.de\/wp-content\/uploads\/2023\/05\/Treppenaus-bei-HDC_1-705x275.webp 705w\" sizes=\"(max-width: 1920px) 100vw, 1920px\" \/><\/div><\/div><\/div><br \/>\n\n<style type=\"text\/css\" data-created_by=\"avia_inline_auto\" id=\"style-css-av-2yyu-ff29a6884574540b5b6f48674d534a8e\">\n#top .hr.hr-invisible.av-2yyu-ff29a6884574540b5b6f48674d534a8e{\nheight:55px;\n}\n<\/style>\n<div  class='hr av-2yyu-ff29a6884574540b5b6f48674d534a8e hr-invisible  avia-builder-el-5  el_after_av_image  el_before_av_hr '><span class='hr-inner '><span class=\"hr-inner-style\"><\/span><\/span><\/div><br \/>\n\n<style type=\"text\/css\" data-created_by=\"avia_inline_auto\" id=\"style-css-av-2xfa-df14028ccd3a3a21b94cf5360446bb3c\">\n#top .hr.hr-invisible.av-2xfa-df14028ccd3a3a21b94cf5360446bb3c{\nheight:55px;\n}\n<\/style>\n<div  class='hr av-2xfa-df14028ccd3a3a21b94cf5360446bb3c hr-invisible  avia-builder-el-6  el_after_av_hr  avia-builder-el-last '><span class='hr-inner '><span class=\"hr-inner-style\"><\/span><\/span><\/div><\/p><\/div>\n<div  class='flex_column av-u41u-d719ef467cadc829c09b641814a36d43 av_one_third  avia-builder-el-7  el_after_av_one_full  el_before_av_two_third  first flex_column_div  column-top-margin'     ><div  class='avia-video av-li32xmt1-3f4bbdd35f9d9c9e3d53632f80efe764 avia-video-16-9 av-no-preview-image avia-video-load-always av-lazyload-immediate av-lazyload-video-embed'  itemprop=\"video\" itemtype=\"https:\/\/schema.org\/VideoObject\"  data-original_url='https:\/\/youtu.be\/_vjzkCVqyvk'><script type='text\/html' class='av-video-tmpl'><div hcb-fetch-image-from=\"https:\/\/youtu.be\/_vjzkCVqyvk\" class='avia-iframe-wrap'><iframe loading=\"lazy\" title=\"JobDay bei HDC Huttelmaier Retrofit+Service\" width=\"1500\" height=\"844\" src=\"https:\/\/www.youtube.com\/embed\/_vjzkCVqyvk?feature=oembed&autoplay=0&loop=0&controls=1&mute=0\" frameborder=\"0\" allow=\"accelerometer; autoplay; clipboard-write; encrypted-media; gyroscope; picture-in-picture; web-share\" allowfullscreen><\/iframe><\/div><\/script><div class='av-click-to-play-overlay'><div class=\"avia_playpause_icon\"><\/div><\/div><\/div><\/div>\n<div  class='flex_column av-1e3km-a0a3411389ae757da1d5b8cbbeda50a6 av_two_third  avia-builder-el-9  el_after_av_one_third  el_before_av_one_full  flex_column_div  column-top-margin'     ><section  class='av_textblock_section av-li32u7b3-cce61b4d091fce91e59a6088332bb7d6 '   itemscope=\"itemscope\" itemtype=\"https:\/\/schema.org\/CreativeWork\" ><div class='avia_textblock av_inherit_color'  itemprop=\"text\" ><p>HDC Huttelmaier ist ein junges Unternehmen in Schorndorf, in der 3.Generation, mit mehr als 70 Jahren Erfahrung in den Branchen Retrofit und Sondermaschinenbau.<\/p>\n<p>Umfassende Branchenkenntnisse, tiefgreifendes Know-how \u00fcber unterschiedliche Maschinentypen und deren Spezialdisziplinen bilden die Grundlage f\u00fcr unsere hohe Selbstanforderung und Firmenphilosophie. In unseren\u00a0Referenzen\u00a0finden sich viele namhafte Unternehmen aus Deutschland und Europa, f\u00fcr die wir im Bereich\u00a0Retrofit\u00a0und\u00a0Sondermaschinenbau\u00a0t\u00e4tig waren oder sind.<\/p>\n<p>HDC Huttelmaier ist Ihr Spezialist rund um das Thema Werkzeugmaschinen. Unser Ziel ist es, unseren Kunden einen Rundumservice f\u00fcr ihre Werkzeugmaschinen anzubieten. Wir bieten fachkundige Instandhaltungsdienstleistungen innerhalb einer gro\u00dfen Bandbreite von interessanten M\u00f6glichkeiten. Von Zweckreparaturen \u00fcber Retrofit in Originalqualit\u00e4t bis zu CNC-Technik-Modernisierungen. Ihr Vorteil dadurch: alles aus einer Hand.<\/p>\n<\/div><\/section><\/div>\n<div  class='flex_column av-phm6-5999f9ce2c25dfddb042f9f6b2a99901 av_one_full  avia-builder-el-11  el_after_av_two_third  avia-builder-el-last  first flex_column_div  column-top-margin'     ><p>\n<style type=\"text\/css\" data-created_by=\"avia_inline_auto\" id=\"style-css-av-li332c4z-9eed4981fdad867910969a787b566e79\">\n#top .av-special-heading.av-li332c4z-9eed4981fdad867910969a787b566e79{\npadding-bottom:10px;\n}\nbody .av-special-heading.av-li332c4z-9eed4981fdad867910969a787b566e79 .av-special-heading-tag .heading-char{\nfont-size:25px;\n}\n.av-special-heading.av-li332c4z-9eed4981fdad867910969a787b566e79 .av-subheading{\nfont-size:15px;\n}\n<\/style>\n<div  class='av-special-heading av-li332c4z-9eed4981fdad867910969a787b566e79 av-special-heading-h2 blockquote modern-quote  avia-builder-el-12  el_before_av_textblock  avia-builder-el-first '><h2 class='av-special-heading-tag '  itemprop=\"headline\"  >RETROFIT UND SONDERMASCHINENBAU \u2013 UNSERE KERNKOMPETENZ<\/h2><div class=\"special-heading-border\"><div class=\"special-heading-inner-border\"><\/div><\/div><\/div><br \/>\n<section  class='av_textblock_section av-li3325wd-4e89ea26221b508cd150517ea4f71a26 '   itemscope=\"itemscope\" itemtype=\"https:\/\/schema.org\/CreativeWork\" ><div class='avia_textblock av_inherit_color'  itemprop=\"text\" ><p>Unsere Kernkompetenz liegt vor allem im Bereich Retrofit. General\u00fcberholung und Modernisierung von Werkzeugmaschinen egal von welchem Hersteller. Seit \u00fcber 50 Jahren geh\u00f6rt auch der Sondermaschinenbau mit unseren Spezialisten in diesem Bereich zu einem unserer Schwerpunkte.<\/p>\n<\/div><\/section><\/p><\/div>\n","protected":false},"excerpt":{"rendered":"","protected":false},"author":1,"featured_media":0,"parent":0,"menu_order":6,"comment_status":"closed","ping_status":"closed","template":"","meta":{"footnotes":""},"class_list":["post-30","page","type-page","status-publish","hentry"],"yoast_head":"<!-- This site is optimized with the Yoast SEO plugin v27.3 - https:\/\/yoast.com\/product\/yoast-seo-wordpress\/ -->\n<title>\u00dcber uns - HDC Huttelmaier Retrofit<\/title>\n<meta name=\"robots\" content=\"noindex, follow\" \/>\n<meta property=\"og:locale\" content=\"de_DE\" \/>\n<meta property=\"og:type\" content=\"article\" \/>\n<meta property=\"og:title\" content=\"\u00dcber uns - HDC Huttelmaier Retrofit\" \/>\n<meta property=\"og:url\" content=\"https:\/\/retrofit.de\/index.php\/de\/ueber-uns\/\" \/>\n<meta property=\"og:site_name\" content=\"HDC Huttelmaier Retrofit\" \/>\n<meta property=\"article:modified_time\" content=\"2023-07-06T12:31:44+00:00\" \/>\n<meta name=\"twitter:card\" content=\"summary_large_image\" \/>\n<meta name=\"twitter:label1\" content=\"Gesch\u00e4tzte Lesezeit\" \/>\n\t<meta name=\"twitter:data1\" content=\"6\u00a0Minuten\" \/>\n<script type=\"application\/ld+json\" class=\"yoast-schema-graph\">{\"@context\":\"https:\\\/\\\/schema.org\",\"@graph\":[{\"@type\":\"WebPage\",\"@id\":\"https:\\\/\\\/retrofit.de\\\/index.php\\\/de\\\/ueber-uns\\\/\",\"url\":\"https:\\\/\\\/retrofit.de\\\/index.php\\\/de\\\/ueber-uns\\\/\",\"name\":\"\u00dcber uns - HDC Huttelmaier Retrofit\",\"isPartOf\":{\"@id\":\"https:\\\/\\\/retrofit.de\\\/#website\"},\"datePublished\":\"2023-04-03T12:35:53+00:00\",\"dateModified\":\"2023-07-06T12:31:44+00:00\",\"breadcrumb\":{\"@id\":\"https:\\\/\\\/retrofit.de\\\/index.php\\\/de\\\/ueber-uns\\\/#breadcrumb\"},\"inLanguage\":\"de\",\"potentialAction\":[{\"@type\":\"ReadAction\",\"target\":[\"https:\\\/\\\/retrofit.de\\\/index.php\\\/de\\\/ueber-uns\\\/\"]}]},{\"@type\":\"BreadcrumbList\",\"@id\":\"https:\\\/\\\/retrofit.de\\\/index.php\\\/de\\\/ueber-uns\\\/#breadcrumb\",\"itemListElement\":[{\"@type\":\"ListItem\",\"position\":1,\"name\":\"Startseite\",\"item\":\"https:\\\/\\\/retrofit.de\\\/index.php\\\/de\\\/startseite\\\/\"},{\"@type\":\"ListItem\",\"position\":2,\"name\":\"\u00dcber uns\"}]},{\"@type\":\"WebSite\",\"@id\":\"https:\\\/\\\/retrofit.de\\\/#website\",\"url\":\"https:\\\/\\\/retrofit.de\\\/\",\"name\":\"HDC Huttelmaier Retrofit\",\"description\":\"Maschinen \u00dcberholung f\u00fcr High End Pr\u00e4zision\",\"publisher\":{\"@id\":\"https:\\\/\\\/retrofit.de\\\/#organization\"},\"potentialAction\":[{\"@type\":\"SearchAction\",\"target\":{\"@type\":\"EntryPoint\",\"urlTemplate\":\"https:\\\/\\\/retrofit.de\\\/?s={search_term_string}\"},\"query-input\":{\"@type\":\"PropertyValueSpecification\",\"valueRequired\":true,\"valueName\":\"search_term_string\"}}],\"inLanguage\":\"de\"},{\"@type\":\"Organization\",\"@id\":\"https:\\\/\\\/retrofit.de\\\/#organization\",\"name\":\"HDC Huttelmaier GmbH\",\"alternateName\":\"HDC\",\"url\":\"https:\\\/\\\/retrofit.de\\\/\",\"logo\":{\"@type\":\"ImageObject\",\"inLanguage\":\"de\",\"@id\":\"https:\\\/\\\/retrofit.de\\\/#\\\/schema\\\/logo\\\/image\\\/\",\"url\":\"https:\\\/\\\/retrofit.de\\\/wp-content\\\/uploads\\\/2023\\\/04\\\/Logo.jpg\",\"contentUrl\":\"https:\\\/\\\/retrofit.de\\\/wp-content\\\/uploads\\\/2023\\\/04\\\/Logo.jpg\",\"width\":2083,\"height\":2083,\"caption\":\"HDC Huttelmaier GmbH\"},\"image\":{\"@id\":\"https:\\\/\\\/retrofit.de\\\/#\\\/schema\\\/logo\\\/image\\\/\"}}]}<\/script>\n<!-- \/ Yoast SEO plugin. -->","yoast_head_json":{"title":"\u00dcber uns - HDC Huttelmaier Retrofit","robots":{"index":"noindex","follow":"follow"},"og_locale":"de_DE","og_type":"article","og_title":"\u00dcber uns - HDC Huttelmaier Retrofit","og_url":"https:\/\/retrofit.de\/index.php\/de\/ueber-uns\/","og_site_name":"HDC Huttelmaier Retrofit","article_modified_time":"2023-07-06T12:31:44+00:00","twitter_card":"summary_large_image","twitter_misc":{"Gesch\u00e4tzte Lesezeit":"6\u00a0Minuten"},"schema":{"@context":"https:\/\/schema.org","@graph":[{"@type":"WebPage","@id":"https:\/\/retrofit.de\/index.php\/de\/ueber-uns\/","url":"https:\/\/retrofit.de\/index.php\/de\/ueber-uns\/","name":"\u00dcber uns - HDC Huttelmaier Retrofit","isPartOf":{"@id":"https:\/\/retrofit.de\/#website"},"datePublished":"2023-04-03T12:35:53+00:00","dateModified":"2023-07-06T12:31:44+00:00","breadcrumb":{"@id":"https:\/\/retrofit.de\/index.php\/de\/ueber-uns\/#breadcrumb"},"inLanguage":"de","potentialAction":[{"@type":"ReadAction","target":["https:\/\/retrofit.de\/index.php\/de\/ueber-uns\/"]}]},{"@type":"BreadcrumbList","@id":"https:\/\/retrofit.de\/index.php\/de\/ueber-uns\/#breadcrumb","itemListElement":[{"@type":"ListItem","position":1,"name":"Startseite","item":"https:\/\/retrofit.de\/index.php\/de\/startseite\/"},{"@type":"ListItem","position":2,"name":"\u00dcber uns"}]},{"@type":"WebSite","@id":"https:\/\/retrofit.de\/#website","url":"https:\/\/retrofit.de\/","name":"HDC Huttelmaier Retrofit","description":"Maschinen \u00dcberholung f\u00fcr High End Pr\u00e4zision","publisher":{"@id":"https:\/\/retrofit.de\/#organization"},"potentialAction":[{"@type":"SearchAction","target":{"@type":"EntryPoint","urlTemplate":"https:\/\/retrofit.de\/?s={search_term_string}"},"query-input":{"@type":"PropertyValueSpecification","valueRequired":true,"valueName":"search_term_string"}}],"inLanguage":"de"},{"@type":"Organization","@id":"https:\/\/retrofit.de\/#organization","name":"HDC Huttelmaier GmbH","alternateName":"HDC","url":"https:\/\/retrofit.de\/","logo":{"@type":"ImageObject","inLanguage":"de","@id":"https:\/\/retrofit.de\/#\/schema\/logo\/image\/","url":"https:\/\/retrofit.de\/wp-content\/uploads\/2023\/04\/Logo.jpg","contentUrl":"https:\/\/retrofit.de\/wp-content\/uploads\/2023\/04\/Logo.jpg","width":2083,"height":2083,"caption":"HDC Huttelmaier GmbH"},"image":{"@id":"https:\/\/retrofit.de\/#\/schema\/logo\/image\/"}}]}},"_links":{"self":[{"href":"https:\/\/retrofit.de\/index.php\/wp-json\/wp\/v2\/pages\/30","targetHints":{"allow":["GET"]}}],"collection":[{"href":"https:\/\/retrofit.de\/index.php\/wp-json\/wp\/v2\/pages"}],"about":[{"href":"https:\/\/retrofit.de\/index.php\/wp-json\/wp\/v2\/types\/page"}],"author":[{"embeddable":true,"href":"https:\/\/retrofit.de\/index.php\/wp-json\/wp\/v2\/users\/1"}],"replies":[{"embeddable":true,"href":"https:\/\/retrofit.de\/index.php\/wp-json\/wp\/v2\/comments?post=30"}],"version-history":[{"count":21,"href":"https:\/\/retrofit.de\/index.php\/wp-json\/wp\/v2\/pages\/30\/revisions"}],"predecessor-version":[{"id":4583,"href":"https:\/\/retrofit.de\/index.php\/wp-json\/wp\/v2\/pages\/30\/revisions\/4583"}],"wp:attachment":[{"href":"https:\/\/retrofit.de\/index.php\/wp-json\/wp\/v2\/media?parent=30"}],"curies":[{"name":"wp","href":"https:\/\/api.w.org\/{rel}","templated":true}]}}