{"id":268,"date":"2023-04-05T14:19:18","date_gmt":"2023-04-05T12:19:18","guid":{"rendered":"https:\/\/retrofit.de\/wordpress\/?page_id=268"},"modified":"2023-07-21T08:38:02","modified_gmt":"2023-07-21T06:38:02","slug":"referenzen","status":"publish","type":"page","link":"https:\/\/retrofit.de\/index.php\/de\/ueber-uns\/referenzen\/","title":{"rendered":"Referenzen"},"content":{"rendered":"<div id='av_section_1'  class='avia-section av-1jlel-1bc90ba3e1ffa55f8d3a7be395c03e85 main_color avia-section-default avia-no-border-styling  avia-builder-el-0  avia-builder-el-no-sibling  avia-bg-style-scroll container_wrap fullsize'  ><div class='container av-section-cont-open' ><main  role=\"main\" itemprop=\"mainContentOfPage\"  class='template-page content  av-content-full alpha units'><div class='post-entry post-entry-type-page post-entry-268'><div class='entry-content-wrapper clearfix'>\n<div  class='flex_column av-ok4d-ec5e928a20181e29bd166158ddb8e152 av_one_full  avia-builder-el-1  el_before_av_one_full  avia-builder-el-first  first flex_column_div  '     ><style type=\"text\/css\" data-created_by=\"avia_inline_auto\" id=\"style-css-av-lg29wfol-72ba35d84b438cc5cd62a25bdaadc24e\">\n#top .av-special-heading.av-lg29wfol-72ba35d84b438cc5cd62a25bdaadc24e{\npadding-bottom:10px;\n}\nbody .av-special-heading.av-lg29wfol-72ba35d84b438cc5cd62a25bdaadc24e .av-special-heading-tag .heading-char{\nfont-size:25px;\n}\n.av-special-heading.av-lg29wfol-72ba35d84b438cc5cd62a25bdaadc24e .av-subheading{\nfont-size:15px;\n}\n<\/style>\n<div  class='av-special-heading av-lg29wfol-72ba35d84b438cc5cd62a25bdaadc24e av-special-heading-h1 blockquote modern-quote  avia-builder-el-2  avia-builder-el-no-sibling '><h1 class='av-special-heading-tag '  itemprop=\"headline\"  >Referenzen<\/h1><div class=\"special-heading-border\"><div class=\"special-heading-inner-border\"><\/div><\/div><\/div><\/div><div  class='flex_column av-lg29yef9-109989141a5dfb52d41595f0b8f08f30 av_one_full  avia-builder-el-3  el_after_av_one_full  el_before_av_hr  first flex_column_div  column-top-margin'     ><style type=\"text\/css\" data-created_by=\"avia_inline_auto\" id=\"style-css-av-lg29xm1f-a7ab9fc40531f2335769a2c500ad1751\">\n#top .av_textblock_section.av-lg29xm1f-a7ab9fc40531f2335769a2c500ad1751 .avia_textblock{\ncolumn-count:2;\n}\n<\/style>\n<section  class='av_textblock_section av-lg29xm1f-a7ab9fc40531f2335769a2c500ad1751 '   itemscope=\"itemscope\" itemtype=\"https:\/\/schema.org\/CreativeWork\" ><div class='avia_textblock av_multi_colums av_inherit_color'  itemprop=\"text\" ><p>Hier finden sie eine Auswahl von Unternehmen f\u00fcr die wir t\u00e4tig sind bzw. t\u00e4tig waren. Manchmal haben wir neben unserer Arbeit auch noch etwas zu sagen, das wir gerne einem gr\u00f6\u00dferen Publikum zug\u00e4nglich machen m\u00f6chten. Daher finden Sie hier interessante Beitr\u00e4ge \u00fcber die Branche, unser Unternehmen und vieles mehr:<\/p>\n<\/div><\/section><\/div>\n<style type=\"text\/css\" data-created_by=\"avia_inline_auto\" id=\"style-css-av-liiqq270-59dbb52ed09b9c45aa20226dab969908\">\n#top .hr.hr-invisible.av-liiqq270-59dbb52ed09b9c45aa20226dab969908{\nheight:20px;\n}\n<\/style>\n<div  class='hr av-liiqq270-59dbb52ed09b9c45aa20226dab969908 hr-invisible  avia-builder-el-5  el_after_av_one_full  el_before_av_partner '><span class='hr-inner '><span class=\"hr-inner-style\"><\/span><\/span><\/div>\n<div  class='avia-logo-element-container av-ljr3uayh-fc45a54138bc7e69341bd18f15396b77 av-border-deactivate avia-logo-slider avia-content-slider avia-smallarrow-slider avia-content-slider-active noHover avia-content-slider-even  avia-builder-el-6  el_after_av_hr  avia-builder-el-last  av-slideshow-ui av-control-default av-nav-arrows-visible av-nav-dots-visible av-no-slider-navigation av-slideshow-manual av-loop-once av-loop-manual-endless avia-content-slider1' data-slideshow-options=\"{&quot;animation&quot;:&quot;slide&quot;,&quot;autoplay&quot;:false,&quot;loop_autoplay&quot;:&quot;once&quot;,&quot;interval&quot;:5,&quot;loop_manual&quot;:&quot;manual-endless&quot;,&quot;autoplay_stopper&quot;:false,&quot;noNavigation&quot;:false,&quot;bg_slider&quot;:false,&quot;keep_padding&quot;:&quot;&quot;,&quot;hoverpause&quot;:false,&quot;show_slide_delay&quot;:0}\"><div class='avia-smallarrow-slider-heading  no-logo-slider-heading '><div class='new-special-heading'>&nbsp;<\/div><\/div><div class=\"avia-content-slider-inner\"><div class=\"slide-entry-wrap\"><div  class='slide-entry av-1h05vo-9d6a1b6571f197be9b86bc5632bc0b2b flex_column no_margin av_one_eighth real-thumbnail post-entry slide-entry-overview slide-loop-1 slide-parity-odd  first'><img decoding=\"async\" fetchpriority=\"high\" width=\"300\" height=\"300\" src=\"https:\/\/retrofit.de\/wp-content\/uploads\/2023\/07\/blum.png\" class=\"wp-image-3202 avia-img-lazy-loading-not-3202 attachment-no scaling size-no scaling\" alt=\"\" srcset=\"https:\/\/retrofit.de\/wp-content\/uploads\/2023\/07\/blum.png 300w, https:\/\/retrofit.de\/wp-content\/uploads\/2023\/07\/blum-80x80.png 80w, https:\/\/retrofit.de\/wp-content\/uploads\/2023\/07\/blum-36x36.png 36w, https:\/\/retrofit.de\/wp-content\/uploads\/2023\/07\/blum-180x180.png 180w\" sizes=\"(max-width: 300px) 100vw, 300px\" \/><\/div><div  class='slide-entry av-1a32ac-ef88a864d2e9232d06428be34b4de215 flex_column no_margin av_one_eighth real-thumbnail post-entry slide-entry-overview slide-loop-2 slide-parity-even  '><img decoding=\"async\" fetchpriority=\"high\" width=\"300\" height=\"300\" src=\"https:\/\/retrofit.de\/wp-content\/uploads\/2023\/07\/bosch.png\" class=\"wp-image-3203 avia-img-lazy-loading-not-3203 attachment-no scaling size-no scaling\" alt=\"\" srcset=\"https:\/\/retrofit.de\/wp-content\/uploads\/2023\/07\/bosch.png 300w, https:\/\/retrofit.de\/wp-content\/uploads\/2023\/07\/bosch-80x80.png 80w, https:\/\/retrofit.de\/wp-content\/uploads\/2023\/07\/bosch-36x36.png 36w, https:\/\/retrofit.de\/wp-content\/uploads\/2023\/07\/bosch-180x180.png 180w\" sizes=\"(max-width: 300px) 100vw, 300px\" \/><\/div><div  class='slide-entry av-14smks-80ba7093d50630afc16f2d2d5098a0df flex_column no_margin av_one_eighth real-thumbnail post-entry slide-entry-overview slide-loop-3 slide-parity-odd  '><img decoding=\"async\" fetchpriority=\"high\" width=\"300\" height=\"300\" src=\"https:\/\/retrofit.de\/wp-content\/uploads\/2023\/07\/festo.png\" class=\"wp-image-3204 avia-img-lazy-loading-not-3204 attachment-no scaling size-no scaling\" alt=\"\" srcset=\"https:\/\/retrofit.de\/wp-content\/uploads\/2023\/07\/festo.png 300w, https:\/\/retrofit.de\/wp-content\/uploads\/2023\/07\/festo-80x80.png 80w, https:\/\/retrofit.de\/wp-content\/uploads\/2023\/07\/festo-36x36.png 36w, https:\/\/retrofit.de\/wp-content\/uploads\/2023\/07\/festo-180x180.png 180w\" sizes=\"(max-width: 300px) 100vw, 300px\" \/><\/div><div  class='slide-entry av-y2n5o-c92811032fa1adf2c64935dab39fa35d flex_column no_margin av_one_eighth real-thumbnail post-entry slide-entry-overview slide-loop-4 slide-parity-even  '><img decoding=\"async\" fetchpriority=\"high\" width=\"300\" height=\"300\" src=\"https:\/\/retrofit.de\/wp-content\/uploads\/2023\/07\/heidelberg.png\" class=\"wp-image-3205 avia-img-lazy-loading-not-3205 attachment-no scaling size-no scaling\" alt=\"\" srcset=\"https:\/\/retrofit.de\/wp-content\/uploads\/2023\/07\/heidelberg.png 300w, https:\/\/retrofit.de\/wp-content\/uploads\/2023\/07\/heidelberg-80x80.png 80w, https:\/\/retrofit.de\/wp-content\/uploads\/2023\/07\/heidelberg-36x36.png 36w, https:\/\/retrofit.de\/wp-content\/uploads\/2023\/07\/heidelberg-180x180.png 180w\" sizes=\"(max-width: 300px) 100vw, 300px\" \/><\/div><div  class='slide-entry av-qxqp8-3cb44735d64c70813f6f7023cf2fbd15 flex_column no_margin av_one_eighth real-thumbnail post-entry slide-entry-overview slide-loop-5 slide-parity-odd  '><img decoding=\"async\" fetchpriority=\"high\" width=\"300\" height=\"300\" src=\"https:\/\/retrofit.de\/wp-content\/uploads\/2023\/07\/kappnils.png\" class=\"wp-image-3206 avia-img-lazy-loading-not-3206 attachment-no scaling size-no scaling\" alt=\"\" srcset=\"https:\/\/retrofit.de\/wp-content\/uploads\/2023\/07\/kappnils.png 300w, https:\/\/retrofit.de\/wp-content\/uploads\/2023\/07\/kappnils-80x80.png 80w, https:\/\/retrofit.de\/wp-content\/uploads\/2023\/07\/kappnils-36x36.png 36w, https:\/\/retrofit.de\/wp-content\/uploads\/2023\/07\/kappnils-180x180.png 180w\" sizes=\"(max-width: 300px) 100vw, 300px\" \/><\/div><div  class='slide-entry av-n3a4s-a92ed9169ac5f5bc3c7b017d154d961c flex_column no_margin av_one_eighth real-thumbnail post-entry slide-entry-overview slide-loop-6 slide-parity-even  '><img decoding=\"async\" fetchpriority=\"high\" width=\"300\" height=\"300\" src=\"https:\/\/retrofit.de\/wp-content\/uploads\/2023\/07\/mtu.png\" class=\"wp-image-3207 avia-img-lazy-loading-not-3207 attachment-no scaling size-no scaling\" alt=\"\" srcset=\"https:\/\/retrofit.de\/wp-content\/uploads\/2023\/07\/mtu.png 300w, https:\/\/retrofit.de\/wp-content\/uploads\/2023\/07\/mtu-80x80.png 80w, https:\/\/retrofit.de\/wp-content\/uploads\/2023\/07\/mtu-36x36.png 36w, https:\/\/retrofit.de\/wp-content\/uploads\/2023\/07\/mtu-180x180.png 180w\" sizes=\"(max-width: 300px) 100vw, 300px\" \/><\/div><div  class='slide-entry av-gfuj8-ef88ef074e5fbc78285c82feccd90fe6 flex_column no_margin av_one_eighth real-thumbnail post-entry slide-entry-overview slide-loop-7 slide-parity-odd  '><img decoding=\"async\" fetchpriority=\"high\" width=\"300\" height=\"300\" src=\"https:\/\/retrofit.de\/wp-content\/uploads\/2023\/07\/schuette.png\" class=\"wp-image-3208 avia-img-lazy-loading-not-3208 attachment-no scaling size-no scaling\" alt=\"\" srcset=\"https:\/\/retrofit.de\/wp-content\/uploads\/2023\/07\/schuette.png 300w, https:\/\/retrofit.de\/wp-content\/uploads\/2023\/07\/schuette-80x80.png 80w, https:\/\/retrofit.de\/wp-content\/uploads\/2023\/07\/schuette-36x36.png 36w, https:\/\/retrofit.de\/wp-content\/uploads\/2023\/07\/schuette-180x180.png 180w\" sizes=\"(max-width: 300px) 100vw, 300px\" \/><\/div><div  class='slide-entry av-7yz84-4cc2255241c00222a8ca21ca9cac6305 flex_column no_margin av_one_eighth real-thumbnail post-entry slide-entry-overview slide-loop-8 slide-parity-even post-entry-last '><img decoding=\"async\" fetchpriority=\"high\" width=\"300\" height=\"300\" src=\"https:\/\/retrofit.de\/wp-content\/uploads\/2023\/07\/voith.png\" class=\"wp-image-3209 avia-img-lazy-loading-not-3209 attachment-no scaling size-no scaling\" alt=\"\" srcset=\"https:\/\/retrofit.de\/wp-content\/uploads\/2023\/07\/voith.png 300w, https:\/\/retrofit.de\/wp-content\/uploads\/2023\/07\/voith-80x80.png 80w, https:\/\/retrofit.de\/wp-content\/uploads\/2023\/07\/voith-36x36.png 36w, https:\/\/retrofit.de\/wp-content\/uploads\/2023\/07\/voith-180x180.png 180w\" sizes=\"(max-width: 300px) 100vw, 300px\" \/><\/div><\/div><\/div><\/div>\n\n","protected":false},"excerpt":{"rendered":"","protected":false},"author":1,"featured_media":0,"parent":30,"menu_order":7,"comment_status":"closed","ping_status":"closed","template":"","meta":{"footnotes":""},"class_list":["post-268","page","type-page","status-publish","hentry"],"yoast_head":"<!-- This site is optimized with the Yoast SEO plugin v27.3 - https:\/\/yoast.com\/product\/yoast-seo-wordpress\/ -->\n<title>Referenzen - HDC Huttelmaier Retrofit<\/title>\n<meta name=\"robots\" content=\"noindex, follow\" \/>\n<meta property=\"og:locale\" content=\"de_DE\" \/>\n<meta property=\"og:type\" content=\"article\" \/>\n<meta property=\"og:title\" content=\"Referenzen - HDC Huttelmaier Retrofit\" \/>\n<meta property=\"og:url\" content=\"https:\/\/retrofit.de\/index.php\/de\/ueber-uns\/referenzen\/\" \/>\n<meta property=\"og:site_name\" content=\"HDC Huttelmaier Retrofit\" \/>\n<meta property=\"article:modified_time\" content=\"2023-07-21T06:38:02+00:00\" \/>\n<meta name=\"twitter:card\" content=\"summary_large_image\" \/>\n<meta name=\"twitter:label1\" content=\"Gesch\u00e4tzte Lesezeit\" \/>\n\t<meta name=\"twitter:data1\" content=\"23\u00a0Minuten\" \/>\n<script type=\"application\/ld+json\" class=\"yoast-schema-graph\">{\"@context\":\"https:\\\/\\\/schema.org\",\"@graph\":[{\"@type\":\"WebPage\",\"@id\":\"https:\\\/\\\/retrofit.de\\\/index.php\\\/de\\\/ueber-uns\\\/referenzen\\\/\",\"url\":\"https:\\\/\\\/retrofit.de\\\/index.php\\\/de\\\/ueber-uns\\\/referenzen\\\/\",\"name\":\"Referenzen - HDC Huttelmaier Retrofit\",\"isPartOf\":{\"@id\":\"https:\\\/\\\/retrofit.de\\\/#website\"},\"datePublished\":\"2023-04-05T12:19:18+00:00\",\"dateModified\":\"2023-07-21T06:38:02+00:00\",\"breadcrumb\":{\"@id\":\"https:\\\/\\\/retrofit.de\\\/index.php\\\/de\\\/ueber-uns\\\/referenzen\\\/#breadcrumb\"},\"inLanguage\":\"de\",\"potentialAction\":[{\"@type\":\"ReadAction\",\"target\":[\"https:\\\/\\\/retrofit.de\\\/index.php\\\/de\\\/ueber-uns\\\/referenzen\\\/\"]}]},{\"@type\":\"BreadcrumbList\",\"@id\":\"https:\\\/\\\/retrofit.de\\\/index.php\\\/de\\\/ueber-uns\\\/referenzen\\\/#breadcrumb\",\"itemListElement\":[{\"@type\":\"ListItem\",\"position\":1,\"name\":\"Startseite\",\"item\":\"https:\\\/\\\/retrofit.de\\\/index.php\\\/de\\\/startseite\\\/\"},{\"@type\":\"ListItem\",\"position\":2,\"name\":\"\u00dcber uns\",\"item\":\"https:\\\/\\\/retrofit.de\\\/index.php\\\/ueber-uns\\\/\"},{\"@type\":\"ListItem\",\"position\":3,\"name\":\"Referenzen\"}]},{\"@type\":\"WebSite\",\"@id\":\"https:\\\/\\\/retrofit.de\\\/#website\",\"url\":\"https:\\\/\\\/retrofit.de\\\/\",\"name\":\"HDC Huttelmaier Retrofit\",\"description\":\"Maschinen \u00dcberholung f\u00fcr High End Pr\u00e4zision\",\"publisher\":{\"@id\":\"https:\\\/\\\/retrofit.de\\\/#organization\"},\"potentialAction\":[{\"@type\":\"SearchAction\",\"target\":{\"@type\":\"EntryPoint\",\"urlTemplate\":\"https:\\\/\\\/retrofit.de\\\/?s={search_term_string}\"},\"query-input\":{\"@type\":\"PropertyValueSpecification\",\"valueRequired\":true,\"valueName\":\"search_term_string\"}}],\"inLanguage\":\"de\"},{\"@type\":\"Organization\",\"@id\":\"https:\\\/\\\/retrofit.de\\\/#organization\",\"name\":\"HDC Huttelmaier GmbH\",\"alternateName\":\"HDC\",\"url\":\"https:\\\/\\\/retrofit.de\\\/\",\"logo\":{\"@type\":\"ImageObject\",\"inLanguage\":\"de\",\"@id\":\"https:\\\/\\\/retrofit.de\\\/#\\\/schema\\\/logo\\\/image\\\/\",\"url\":\"https:\\\/\\\/retrofit.de\\\/wp-content\\\/uploads\\\/2023\\\/04\\\/Logo.jpg\",\"contentUrl\":\"https:\\\/\\\/retrofit.de\\\/wp-content\\\/uploads\\\/2023\\\/04\\\/Logo.jpg\",\"width\":2083,\"height\":2083,\"caption\":\"HDC Huttelmaier GmbH\"},\"image\":{\"@id\":\"https:\\\/\\\/retrofit.de\\\/#\\\/schema\\\/logo\\\/image\\\/\"}}]}<\/script>\n<!-- \/ Yoast SEO plugin. -->","yoast_head_json":{"title":"Referenzen - HDC Huttelmaier Retrofit","robots":{"index":"noindex","follow":"follow"},"og_locale":"de_DE","og_type":"article","og_title":"Referenzen - HDC Huttelmaier Retrofit","og_url":"https:\/\/retrofit.de\/index.php\/de\/ueber-uns\/referenzen\/","og_site_name":"HDC Huttelmaier Retrofit","article_modified_time":"2023-07-21T06:38:02+00:00","twitter_card":"summary_large_image","twitter_misc":{"Gesch\u00e4tzte Lesezeit":"23\u00a0Minuten"},"schema":{"@context":"https:\/\/schema.org","@graph":[{"@type":"WebPage","@id":"https:\/\/retrofit.de\/index.php\/de\/ueber-uns\/referenzen\/","url":"https:\/\/retrofit.de\/index.php\/de\/ueber-uns\/referenzen\/","name":"Referenzen - HDC Huttelmaier Retrofit","isPartOf":{"@id":"https:\/\/retrofit.de\/#website"},"datePublished":"2023-04-05T12:19:18+00:00","dateModified":"2023-07-21T06:38:02+00:00","breadcrumb":{"@id":"https:\/\/retrofit.de\/index.php\/de\/ueber-uns\/referenzen\/#breadcrumb"},"inLanguage":"de","potentialAction":[{"@type":"ReadAction","target":["https:\/\/retrofit.de\/index.php\/de\/ueber-uns\/referenzen\/"]}]},{"@type":"BreadcrumbList","@id":"https:\/\/retrofit.de\/index.php\/de\/ueber-uns\/referenzen\/#breadcrumb","itemListElement":[{"@type":"ListItem","position":1,"name":"Startseite","item":"https:\/\/retrofit.de\/index.php\/de\/startseite\/"},{"@type":"ListItem","position":2,"name":"\u00dcber uns","item":"https:\/\/retrofit.de\/index.php\/ueber-uns\/"},{"@type":"ListItem","position":3,"name":"Referenzen"}]},{"@type":"WebSite","@id":"https:\/\/retrofit.de\/#website","url":"https:\/\/retrofit.de\/","name":"HDC Huttelmaier Retrofit","description":"Maschinen \u00dcberholung f\u00fcr High End Pr\u00e4zision","publisher":{"@id":"https:\/\/retrofit.de\/#organization"},"potentialAction":[{"@type":"SearchAction","target":{"@type":"EntryPoint","urlTemplate":"https:\/\/retrofit.de\/?s={search_term_string}"},"query-input":{"@type":"PropertyValueSpecification","valueRequired":true,"valueName":"search_term_string"}}],"inLanguage":"de"},{"@type":"Organization","@id":"https:\/\/retrofit.de\/#organization","name":"HDC Huttelmaier GmbH","alternateName":"HDC","url":"https:\/\/retrofit.de\/","logo":{"@type":"ImageObject","inLanguage":"de","@id":"https:\/\/retrofit.de\/#\/schema\/logo\/image\/","url":"https:\/\/retrofit.de\/wp-content\/uploads\/2023\/04\/Logo.jpg","contentUrl":"https:\/\/retrofit.de\/wp-content\/uploads\/2023\/04\/Logo.jpg","width":2083,"height":2083,"caption":"HDC Huttelmaier GmbH"},"image":{"@id":"https:\/\/retrofit.de\/#\/schema\/logo\/image\/"}}]}},"_links":{"self":[{"href":"https:\/\/retrofit.de\/index.php\/wp-json\/wp\/v2\/pages\/268","targetHints":{"allow":["GET"]}}],"collection":[{"href":"https:\/\/retrofit.de\/index.php\/wp-json\/wp\/v2\/pages"}],"about":[{"href":"https:\/\/retrofit.de\/index.php\/wp-json\/wp\/v2\/types\/page"}],"author":[{"embeddable":true,"href":"https:\/\/retrofit.de\/index.php\/wp-json\/wp\/v2\/users\/1"}],"replies":[{"embeddable":true,"href":"https:\/\/retrofit.de\/index.php\/wp-json\/wp\/v2\/comments?post=268"}],"version-history":[{"count":35,"href":"https:\/\/retrofit.de\/index.php\/wp-json\/wp\/v2\/pages\/268\/revisions"}],"predecessor-version":[{"id":3267,"href":"https:\/\/retrofit.de\/index.php\/wp-json\/wp\/v2\/pages\/268\/revisions\/3267"}],"up":[{"embeddable":true,"href":"https:\/\/retrofit.de\/index.php\/wp-json\/wp\/v2\/pages\/30"}],"wp:attachment":[{"href":"https:\/\/retrofit.de\/index.php\/wp-json\/wp\/v2\/media?parent=268"}],"curies":[{"name":"wp","href":"https:\/\/api.w.org\/{rel}","templated":true}]}}