{"id":264,"date":"2023-04-05T14:18:35","date_gmt":"2023-04-05T12:18:35","guid":{"rendered":"https:\/\/retrofit.de\/wordpress\/?page_id=264"},"modified":"2026-02-03T11:16:21","modified_gmt":"2026-02-03T10:16:21","slug":"zertifikate","status":"publish","type":"page","link":"https:\/\/retrofit.de\/index.php\/de\/ueber-uns\/zertifikate\/","title":{"rendered":"Zertifikate"},"content":{"rendered":"<div id='av_section_1'  class='avia-section av-1jlel-1bc90ba3e1ffa55f8d3a7be395c03e85 main_color avia-section-default avia-no-border-styling  avia-builder-el-0  avia-builder-el-no-sibling  avia-bg-style-scroll container_wrap fullsize'  ><div class='container av-section-cont-open' ><main  role=\"main\" itemprop=\"mainContentOfPage\"  class='template-page content  av-content-full alpha units'><div class='post-entry post-entry-type-page post-entry-264'><div class='entry-content-wrapper clearfix'>\n<div  class='flex_column av-ok4d-ec5e928a20181e29bd166158ddb8e152 av_one_full  avia-builder-el-1  el_before_av_one_third  avia-builder-el-first  first flex_column_div  '     ><p>\n<style type=\"text\/css\" data-created_by=\"avia_inline_auto\" id=\"style-css-av-li9xuz2u-64e10a4c030bbc00ae948fbe4ae95fd7\">\n#top .hr.hr-invisible.av-li9xuz2u-64e10a4c030bbc00ae948fbe4ae95fd7{\nheight:15px;\n}\n<\/style>\n<div  class='hr av-li9xuz2u-64e10a4c030bbc00ae948fbe4ae95fd7 hr-invisible  avia-builder-el-2  el_before_av_heading  avia-builder-el-first '><span class='hr-inner '><span class=\"hr-inner-style\"><\/span><\/span><\/div><br \/>\n\n<style type=\"text\/css\" data-created_by=\"avia_inline_auto\" id=\"style-css-av-lg29wfol-129ef982a6449a0b59944ccf6965b65f\">\n#top .av-special-heading.av-lg29wfol-129ef982a6449a0b59944ccf6965b65f{\npadding-bottom:10px;\n}\nbody .av-special-heading.av-lg29wfol-129ef982a6449a0b59944ccf6965b65f .av-special-heading-tag .heading-char{\nfont-size:25px;\n}\n.av-special-heading.av-lg29wfol-129ef982a6449a0b59944ccf6965b65f .av-subheading{\nfont-size:15px;\n}\n<\/style>\n<div  class='av-special-heading av-lg29wfol-129ef982a6449a0b59944ccf6965b65f av-special-heading-h1 blockquote modern-quote  avia-builder-el-3  el_after_av_hr  el_before_av_hr '><h1 class='av-special-heading-tag '  itemprop=\"headline\"  >Zertifikate<\/h1><div class=\"special-heading-border\"><div class=\"special-heading-inner-border\"><\/div><\/div><\/div><br \/>\n\n<style type=\"text\/css\" data-created_by=\"avia_inline_auto\" id=\"style-css-av-li9xv852-fccd037653a2699744086cecd575eab4\">\n#top .hr.hr-invisible.av-li9xv852-fccd037653a2699744086cecd575eab4{\nheight:55px;\n}\n<\/style>\n<div  class='hr av-li9xv852-fccd037653a2699744086cecd575eab4 hr-invisible  avia-builder-el-4  el_after_av_heading  el_before_av_image '><span class='hr-inner '><span class=\"hr-inner-style\"><\/span><\/span><\/div><br \/>\n\n<style type=\"text\/css\" data-created_by=\"avia_inline_auto\" id=\"style-css-av-1nwu8-7e4a909cd77c24f811f4fe49d2643825\">\n.avia-image-container.av-1nwu8-7e4a909cd77c24f811f4fe49d2643825 img.avia_image{\nbox-shadow:none;\n}\n.avia-image-container.av-1nwu8-7e4a909cd77c24f811f4fe49d2643825 .av-image-caption-overlay-center{\ncolor:#ffffff;\n}\n.avia-image-container.av-1nwu8-7e4a909cd77c24f811f4fe49d2643825 .avia-curtain-reveal-overlay{\nanimation-duration:1.5s;\nbackground:#d9000e;\nz-index:100;\n}\n<\/style>\n<div  class='avia-image-container av-1nwu8-7e4a909cd77c24f811f4fe49d2643825 av-styling- avia-align-left  avia-builder-el-5  el_after_av_hr  el_before_av_hr '   itemprop=\"image\" itemscope=\"itemscope\" itemtype=\"https:\/\/schema.org\/ImageObject\" ><div class=\"avia-image-container-inner\"><div class=\"avia-image-overlay-wrap\"><div class='avia-curtain-reveal-overlay av-animated-when-visible-95 animate-all-devices curtain-reveal-btt'><\/div><img decoding=\"async\" fetchpriority=\"high\" class='wp-image-1502 avia-img-lazy-loading-not-1502 avia_image ' src=\"https:\/\/retrofit.de\/wp-content\/uploads\/2023\/05\/Besprechungs-Szene.webp\" alt='' title='Besprechungs-Szene'  height=\"750\" width=\"1920\"  itemprop=\"thumbnailUrl\" srcset=\"https:\/\/retrofit.de\/wp-content\/uploads\/2023\/05\/Besprechungs-Szene.webp 1920w, https:\/\/retrofit.de\/wp-content\/uploads\/2023\/05\/Besprechungs-Szene-300x117.webp 300w, https:\/\/retrofit.de\/wp-content\/uploads\/2023\/05\/Besprechungs-Szene-1030x402.webp 1030w, https:\/\/retrofit.de\/wp-content\/uploads\/2023\/05\/Besprechungs-Szene-768x300.webp 768w, https:\/\/retrofit.de\/wp-content\/uploads\/2023\/05\/Besprechungs-Szene-1536x600.webp 1536w, https:\/\/retrofit.de\/wp-content\/uploads\/2023\/05\/Besprechungs-Szene-1500x586.webp 1500w, https:\/\/retrofit.de\/wp-content\/uploads\/2023\/05\/Besprechungs-Szene-705x275.webp 705w\" sizes=\"(max-width: 1920px) 100vw, 1920px\" \/><\/div><\/div><\/div><br \/>\n\n<style type=\"text\/css\" data-created_by=\"avia_inline_auto\" id=\"style-css-av-li9y8rfa-87160c8e300f0c7e4ed8abd258b9c05f\">\n#top .hr.hr-invisible.av-li9y8rfa-87160c8e300f0c7e4ed8abd258b9c05f{\nheight:55px;\n}\n<\/style>\n<div  class='hr av-li9y8rfa-87160c8e300f0c7e4ed8abd258b9c05f hr-invisible  avia-builder-el-6  el_after_av_image  avia-builder-el-last '><span class='hr-inner '><span class=\"hr-inner-style\"><\/span><\/span><\/div><\/p><\/div><div  class='flex_column av-kqc9c-8efee3d09e6fe7e85354a2ac2a1948d7 av_one_third  avia-builder-el-7  el_after_av_one_full  el_before_av_one_third  first flex_column_div  column-top-margin'     ><style type=\"text\/css\" data-created_by=\"avia_inline_auto\" id=\"style-css-av-li9ya75b-33998d1a682a7ba4eceda5b5aa5eb385\">\n.avia-image-container.av-li9ya75b-33998d1a682a7ba4eceda5b5aa5eb385 img.avia_image{\nbox-shadow:none;\n}\n.avia-image-container.av-li9ya75b-33998d1a682a7ba4eceda5b5aa5eb385 .av-image-caption-overlay-center{\ncolor:#ffffff;\n}\n<\/style>\n<div  class='avia-image-container av-li9ya75b-33998d1a682a7ba4eceda5b5aa5eb385 av-styling- av-img-linked avia-align-center  avia-builder-el-8  avia-builder-el-no-sibling '   itemprop=\"image\" itemscope=\"itemscope\" itemtype=\"https:\/\/schema.org\/ImageObject\" ><div class=\"avia-image-container-inner\"><div class=\"avia-image-overlay-wrap\"><a href=\"https:\/\/retrofit.de\/wp-content\/uploads\/Zertifikat_2023-1-728x1030.jpg\" data-srcset=\"https:\/\/retrofit.de\/wp-content\/uploads\/Zertifikat_2023-1-728x1030.jpg 728w, https:\/\/retrofit.de\/wp-content\/uploads\/Zertifikat_2023-1-212x300.jpg 212w, https:\/\/retrofit.de\/wp-content\/uploads\/Zertifikat_2023-1-768x1086.jpg 768w, https:\/\/retrofit.de\/wp-content\/uploads\/Zertifikat_2023-1-1086x1536.jpg 1086w, https:\/\/retrofit.de\/wp-content\/uploads\/Zertifikat_2023-1-1448x2048.jpg 1448w, https:\/\/retrofit.de\/wp-content\/uploads\/Zertifikat_2023-1-1061x1500.jpg 1061w, https:\/\/retrofit.de\/wp-content\/uploads\/Zertifikat_2023-1-499x705.jpg 499w, https:\/\/retrofit.de\/wp-content\/uploads\/Zertifikat_2023-1-scaled.jpg 1810w\" data-sizes=\"(max-width: 728px) 100vw, 728px\" class='avia_image '  aria-label='Zertifikat_2023'><img decoding=\"async\" fetchpriority=\"high\" class='wp-image-5105 avia-img-lazy-loading-not-5105 avia_image ' src=\"https:\/\/retrofit.de\/wp-content\/uploads\/Zertifikat_2023-1-212x300.jpg\" alt='' title='Zertifikat_2023'  height=\"300\" width=\"212\"  itemprop=\"thumbnailUrl\" srcset=\"https:\/\/retrofit.de\/wp-content\/uploads\/Zertifikat_2023-1-212x300.jpg 212w, https:\/\/retrofit.de\/wp-content\/uploads\/Zertifikat_2023-1-728x1030.jpg 728w, https:\/\/retrofit.de\/wp-content\/uploads\/Zertifikat_2023-1-768x1086.jpg 768w, https:\/\/retrofit.de\/wp-content\/uploads\/Zertifikat_2023-1-1086x1536.jpg 1086w, https:\/\/retrofit.de\/wp-content\/uploads\/Zertifikat_2023-1-1448x2048.jpg 1448w, https:\/\/retrofit.de\/wp-content\/uploads\/Zertifikat_2023-1-1061x1500.jpg 1061w, https:\/\/retrofit.de\/wp-content\/uploads\/Zertifikat_2023-1-499x705.jpg 499w, https:\/\/retrofit.de\/wp-content\/uploads\/Zertifikat_2023-1-scaled.jpg 1810w\" sizes=\"(max-width: 212px) 100vw, 212px\" \/><\/a><\/div><\/div><\/div><\/div><div  class='flex_column av-htf94-e573b2c4a270e391e43cd899731dea35 av_one_third  avia-builder-el-9  el_after_av_one_third  el_before_av_one_third  flex_column_div  column-top-margin'     ><style type=\"text\/css\" data-created_by=\"avia_inline_auto\" id=\"style-css-av-li9yarxj-9a569de4a11947f1343cdeefe50c3b7b\">\n.avia-image-container.av-li9yarxj-9a569de4a11947f1343cdeefe50c3b7b img.avia_image{\nbox-shadow:none;\n}\n.avia-image-container.av-li9yarxj-9a569de4a11947f1343cdeefe50c3b7b .av-image-caption-overlay-center{\ncolor:#ffffff;\n}\n<\/style>\n<div  class='avia-image-container av-li9yarxj-9a569de4a11947f1343cdeefe50c3b7b av-styling- av-img-linked avia-align-center  avia-builder-el-10  avia-builder-el-no-sibling '   itemprop=\"image\" itemscope=\"itemscope\" itemtype=\"https:\/\/schema.org\/ImageObject\" ><div class=\"avia-image-container-inner\"><div class=\"avia-image-overlay-wrap\"><a href=\"https:\/\/retrofit.de\/wp-content\/uploads\/2023\/05\/80260261000000_Urkunde_HDC_20220204_754-729x1030.jpg\" data-srcset=\"https:\/\/retrofit.de\/wp-content\/uploads\/2023\/05\/80260261000000_Urkunde_HDC_20220204_754-729x1030.jpg 729w, https:\/\/retrofit.de\/wp-content\/uploads\/2023\/05\/80260261000000_Urkunde_HDC_20220204_754-212x300.jpg 212w, https:\/\/retrofit.de\/wp-content\/uploads\/2023\/05\/80260261000000_Urkunde_HDC_20220204_754-499x705.jpg 499w, https:\/\/retrofit.de\/wp-content\/uploads\/2023\/05\/80260261000000_Urkunde_HDC_20220204_754.jpg 754w\" data-sizes=\"(max-width: 729px) 100vw, 729px\" class='avia_image '  aria-label='80260261000000_Urkunde_HDC_20220204_754'><img decoding=\"async\" fetchpriority=\"high\" class='wp-image-1761 avia-img-lazy-loading-not-1761 avia_image ' src=\"https:\/\/retrofit.de\/wp-content\/uploads\/2023\/05\/80260261000000_Urkunde_HDC_20220204_754-212x300.jpg\" alt='' title='80260261000000_Urkunde_HDC_20220204_754'  height=\"300\" width=\"212\"  itemprop=\"thumbnailUrl\" srcset=\"https:\/\/retrofit.de\/wp-content\/uploads\/2023\/05\/80260261000000_Urkunde_HDC_20220204_754-212x300.jpg 212w, https:\/\/retrofit.de\/wp-content\/uploads\/2023\/05\/80260261000000_Urkunde_HDC_20220204_754-729x1030.jpg 729w, https:\/\/retrofit.de\/wp-content\/uploads\/2023\/05\/80260261000000_Urkunde_HDC_20220204_754-499x705.jpg 499w, https:\/\/retrofit.de\/wp-content\/uploads\/2023\/05\/80260261000000_Urkunde_HDC_20220204_754.jpg 754w\" sizes=\"(max-width: 212px) 100vw, 212px\" \/><\/a><\/div><\/div><\/div><\/div><div  class='flex_column av-8wy7s-2fbc4a2c0f9f10c62dd094b50dcf8ae4 av_one_third  avia-builder-el-11  el_after_av_one_third  el_before_av_one_full  flex_column_div  column-top-margin'     ><style type=\"text\/css\" data-created_by=\"avia_inline_auto\" id=\"style-css-av-ml6de574-2d4e0c08b130e649cb2a35b314a5bbe1\">\n.avia-image-container.av-ml6de574-2d4e0c08b130e649cb2a35b314a5bbe1 img.avia_image{\nbox-shadow:none;\n}\n.avia-image-container.av-ml6de574-2d4e0c08b130e649cb2a35b314a5bbe1 .av-image-caption-overlay-center{\ncolor:#ffffff;\n}\n<\/style>\n<div  class='avia-image-container av-ml6de574-2d4e0c08b130e649cb2a35b314a5bbe1 av-styling- av-img-linked avia-align-center  avia-builder-el-12  avia-builder-el-no-sibling '   itemprop=\"image\" itemscope=\"itemscope\" itemtype=\"https:\/\/schema.org\/ImageObject\" ><div class=\"avia-image-container-inner\"><div class=\"avia-image-overlay-wrap\"><a href=\"https:\/\/retrofit.de\/wp-content\/uploads\/Zertifikat-Fachbetrieb-nach-WGH_2025-2027-1-728x1030.jpg\" data-srcset=\"https:\/\/retrofit.de\/wp-content\/uploads\/Zertifikat-Fachbetrieb-nach-WGH_2025-2027-1-728x1030.jpg 728w, https:\/\/retrofit.de\/wp-content\/uploads\/Zertifikat-Fachbetrieb-nach-WGH_2025-2027-1-212x300.jpg 212w, https:\/\/retrofit.de\/wp-content\/uploads\/Zertifikat-Fachbetrieb-nach-WGH_2025-2027-1-768x1087.jpg 768w, https:\/\/retrofit.de\/wp-content\/uploads\/Zertifikat-Fachbetrieb-nach-WGH_2025-2027-1-1086x1536.jpg 1086w, https:\/\/retrofit.de\/wp-content\/uploads\/Zertifikat-Fachbetrieb-nach-WGH_2025-2027-1-1447x2048.jpg 1447w, https:\/\/retrofit.de\/wp-content\/uploads\/Zertifikat-Fachbetrieb-nach-WGH_2025-2027-1-1060x1500.jpg 1060w, https:\/\/retrofit.de\/wp-content\/uploads\/Zertifikat-Fachbetrieb-nach-WGH_2025-2027-1-498x705.jpg 498w, https:\/\/retrofit.de\/wp-content\/uploads\/Zertifikat-Fachbetrieb-nach-WGH_2025-2027-1-scaled.jpg 1809w\" data-sizes=\"(max-width: 728px) 100vw, 728px\" class='avia_image '  aria-label='Zertifikat Fachbetrieb nach WGH_2025-2027'><img decoding=\"async\" fetchpriority=\"high\" class='wp-image-5107 avia-img-lazy-loading-not-5107 avia_image ' src=\"https:\/\/retrofit.de\/wp-content\/uploads\/Zertifikat-Fachbetrieb-nach-WGH_2025-2027-1-212x300.jpg\" alt='' title='Zertifikat Fachbetrieb nach WGH_2025-2027'  height=\"300\" width=\"212\"  itemprop=\"thumbnailUrl\" srcset=\"https:\/\/retrofit.de\/wp-content\/uploads\/Zertifikat-Fachbetrieb-nach-WGH_2025-2027-1-212x300.jpg 212w, https:\/\/retrofit.de\/wp-content\/uploads\/Zertifikat-Fachbetrieb-nach-WGH_2025-2027-1-728x1030.jpg 728w, https:\/\/retrofit.de\/wp-content\/uploads\/Zertifikat-Fachbetrieb-nach-WGH_2025-2027-1-768x1087.jpg 768w, https:\/\/retrofit.de\/wp-content\/uploads\/Zertifikat-Fachbetrieb-nach-WGH_2025-2027-1-1086x1536.jpg 1086w, https:\/\/retrofit.de\/wp-content\/uploads\/Zertifikat-Fachbetrieb-nach-WGH_2025-2027-1-1447x2048.jpg 1447w, https:\/\/retrofit.de\/wp-content\/uploads\/Zertifikat-Fachbetrieb-nach-WGH_2025-2027-1-1060x1500.jpg 1060w, https:\/\/retrofit.de\/wp-content\/uploads\/Zertifikat-Fachbetrieb-nach-WGH_2025-2027-1-498x705.jpg 498w, https:\/\/retrofit.de\/wp-content\/uploads\/Zertifikat-Fachbetrieb-nach-WGH_2025-2027-1-scaled.jpg 1809w\" sizes=\"(max-width: 212px) 100vw, 212px\" \/><\/a><\/div><\/div><\/div><\/div><div  class='flex_column av-fu1t4-577387e48716b6c76dbc3cdc902a5bd1 av_one_full  avia-builder-el-13  el_after_av_one_third  avia-builder-el-last  first flex_column_div  column-top-margin'     ><style type=\"text\/css\" data-created_by=\"avia_inline_auto\" id=\"style-css-av-ba5cg-b7b08c0cbc8de2bd9ed295239dbce64b\">\n#top .hr.hr-invisible.av-ba5cg-b7b08c0cbc8de2bd9ed295239dbce64b{\nheight:55px;\n}\n<\/style>\n<div  class='hr av-ba5cg-b7b08c0cbc8de2bd9ed295239dbce64b hr-invisible  avia-builder-el-14  avia-builder-el-no-sibling '><span class='hr-inner '><span class=\"hr-inner-style\"><\/span><\/span><\/div><\/div>\n","protected":false},"excerpt":{"rendered":"","protected":false},"author":1,"featured_media":0,"parent":30,"menu_order":5,"comment_status":"closed","ping_status":"closed","template":"","meta":{"footnotes":""},"class_list":["post-264","page","type-page","status-publish","hentry"],"yoast_head":"<!-- This site is optimized with the Yoast SEO plugin v27.4 - https:\/\/yoast.com\/product\/yoast-seo-wordpress\/ -->\n<title>Zertifikate - HDC Huttelmaier Retrofit<\/title>\n<meta name=\"robots\" content=\"noindex, follow\" \/>\n<meta property=\"og:locale\" content=\"de_DE\" \/>\n<meta property=\"og:type\" content=\"article\" \/>\n<meta property=\"og:title\" content=\"Zertifikate - HDC Huttelmaier Retrofit\" \/>\n<meta property=\"og:url\" content=\"https:\/\/retrofit.de\/index.php\/de\/ueber-uns\/zertifikate\/\" \/>\n<meta property=\"og:site_name\" content=\"HDC Huttelmaier Retrofit\" \/>\n<meta property=\"article:modified_time\" content=\"2026-02-03T10:16:21+00:00\" \/>\n<meta name=\"twitter:card\" content=\"summary_large_image\" \/>\n<meta name=\"twitter:label1\" content=\"Gesch\u00e4tzte Lesezeit\" \/>\n\t<meta name=\"twitter:data1\" content=\"1\u00a0Minute\" \/>\n<script type=\"application\/ld+json\" class=\"yoast-schema-graph\">{\"@context\":\"https:\\\/\\\/schema.org\",\"@graph\":[{\"@type\":\"WebPage\",\"@id\":\"https:\\\/\\\/retrofit.de\\\/index.php\\\/de\\\/ueber-uns\\\/zertifikate\\\/\",\"url\":\"https:\\\/\\\/retrofit.de\\\/index.php\\\/de\\\/ueber-uns\\\/zertifikate\\\/\",\"name\":\"Zertifikate - HDC Huttelmaier Retrofit\",\"isPartOf\":{\"@id\":\"https:\\\/\\\/retrofit.de\\\/#website\"},\"datePublished\":\"2023-04-05T12:18:35+00:00\",\"dateModified\":\"2026-02-03T10:16:21+00:00\",\"breadcrumb\":{\"@id\":\"https:\\\/\\\/retrofit.de\\\/index.php\\\/de\\\/ueber-uns\\\/zertifikate\\\/#breadcrumb\"},\"inLanguage\":\"de\",\"potentialAction\":[{\"@type\":\"ReadAction\",\"target\":[\"https:\\\/\\\/retrofit.de\\\/index.php\\\/de\\\/ueber-uns\\\/zertifikate\\\/\"]}]},{\"@type\":\"BreadcrumbList\",\"@id\":\"https:\\\/\\\/retrofit.de\\\/index.php\\\/de\\\/ueber-uns\\\/zertifikate\\\/#breadcrumb\",\"itemListElement\":[{\"@type\":\"ListItem\",\"position\":1,\"name\":\"Startseite\",\"item\":\"https:\\\/\\\/retrofit.de\\\/index.php\\\/de\\\/startseite\\\/\"},{\"@type\":\"ListItem\",\"position\":2,\"name\":\"\u00dcber uns\",\"item\":\"https:\\\/\\\/retrofit.de\\\/index.php\\\/ueber-uns\\\/\"},{\"@type\":\"ListItem\",\"position\":3,\"name\":\"Zertifikate\"}]},{\"@type\":\"WebSite\",\"@id\":\"https:\\\/\\\/retrofit.de\\\/#website\",\"url\":\"https:\\\/\\\/retrofit.de\\\/\",\"name\":\"HDC Huttelmaier Retrofit\",\"description\":\"Maschinen \u00dcberholung f\u00fcr High End Pr\u00e4zision\",\"publisher\":{\"@id\":\"https:\\\/\\\/retrofit.de\\\/#organization\"},\"potentialAction\":[{\"@type\":\"SearchAction\",\"target\":{\"@type\":\"EntryPoint\",\"urlTemplate\":\"https:\\\/\\\/retrofit.de\\\/?s={search_term_string}\"},\"query-input\":{\"@type\":\"PropertyValueSpecification\",\"valueRequired\":true,\"valueName\":\"search_term_string\"}}],\"inLanguage\":\"de\"},{\"@type\":\"Organization\",\"@id\":\"https:\\\/\\\/retrofit.de\\\/#organization\",\"name\":\"HDC Huttelmaier GmbH\",\"alternateName\":\"HDC\",\"url\":\"https:\\\/\\\/retrofit.de\\\/\",\"logo\":{\"@type\":\"ImageObject\",\"inLanguage\":\"de\",\"@id\":\"https:\\\/\\\/retrofit.de\\\/#\\\/schema\\\/logo\\\/image\\\/\",\"url\":\"https:\\\/\\\/retrofit.de\\\/wp-content\\\/uploads\\\/2023\\\/04\\\/Logo.jpg\",\"contentUrl\":\"https:\\\/\\\/retrofit.de\\\/wp-content\\\/uploads\\\/2023\\\/04\\\/Logo.jpg\",\"width\":2083,\"height\":2083,\"caption\":\"HDC Huttelmaier GmbH\"},\"image\":{\"@id\":\"https:\\\/\\\/retrofit.de\\\/#\\\/schema\\\/logo\\\/image\\\/\"}}]}<\/script>\n<!-- \/ Yoast SEO plugin. -->","yoast_head_json":{"title":"Zertifikate - HDC Huttelmaier Retrofit","robots":{"index":"noindex","follow":"follow"},"og_locale":"de_DE","og_type":"article","og_title":"Zertifikate - HDC Huttelmaier Retrofit","og_url":"https:\/\/retrofit.de\/index.php\/de\/ueber-uns\/zertifikate\/","og_site_name":"HDC Huttelmaier Retrofit","article_modified_time":"2026-02-03T10:16:21+00:00","twitter_card":"summary_large_image","twitter_misc":{"Gesch\u00e4tzte Lesezeit":"1\u00a0Minute"},"schema":{"@context":"https:\/\/schema.org","@graph":[{"@type":"WebPage","@id":"https:\/\/retrofit.de\/index.php\/de\/ueber-uns\/zertifikate\/","url":"https:\/\/retrofit.de\/index.php\/de\/ueber-uns\/zertifikate\/","name":"Zertifikate - HDC Huttelmaier Retrofit","isPartOf":{"@id":"https:\/\/retrofit.de\/#website"},"datePublished":"2023-04-05T12:18:35+00:00","dateModified":"2026-02-03T10:16:21+00:00","breadcrumb":{"@id":"https:\/\/retrofit.de\/index.php\/de\/ueber-uns\/zertifikate\/#breadcrumb"},"inLanguage":"de","potentialAction":[{"@type":"ReadAction","target":["https:\/\/retrofit.de\/index.php\/de\/ueber-uns\/zertifikate\/"]}]},{"@type":"BreadcrumbList","@id":"https:\/\/retrofit.de\/index.php\/de\/ueber-uns\/zertifikate\/#breadcrumb","itemListElement":[{"@type":"ListItem","position":1,"name":"Startseite","item":"https:\/\/retrofit.de\/index.php\/de\/startseite\/"},{"@type":"ListItem","position":2,"name":"\u00dcber uns","item":"https:\/\/retrofit.de\/index.php\/ueber-uns\/"},{"@type":"ListItem","position":3,"name":"Zertifikate"}]},{"@type":"WebSite","@id":"https:\/\/retrofit.de\/#website","url":"https:\/\/retrofit.de\/","name":"HDC Huttelmaier Retrofit","description":"Maschinen \u00dcberholung f\u00fcr High End Pr\u00e4zision","publisher":{"@id":"https:\/\/retrofit.de\/#organization"},"potentialAction":[{"@type":"SearchAction","target":{"@type":"EntryPoint","urlTemplate":"https:\/\/retrofit.de\/?s={search_term_string}"},"query-input":{"@type":"PropertyValueSpecification","valueRequired":true,"valueName":"search_term_string"}}],"inLanguage":"de"},{"@type":"Organization","@id":"https:\/\/retrofit.de\/#organization","name":"HDC Huttelmaier GmbH","alternateName":"HDC","url":"https:\/\/retrofit.de\/","logo":{"@type":"ImageObject","inLanguage":"de","@id":"https:\/\/retrofit.de\/#\/schema\/logo\/image\/","url":"https:\/\/retrofit.de\/wp-content\/uploads\/2023\/04\/Logo.jpg","contentUrl":"https:\/\/retrofit.de\/wp-content\/uploads\/2023\/04\/Logo.jpg","width":2083,"height":2083,"caption":"HDC Huttelmaier GmbH"},"image":{"@id":"https:\/\/retrofit.de\/#\/schema\/logo\/image\/"}}]}},"_links":{"self":[{"href":"https:\/\/retrofit.de\/index.php\/wp-json\/wp\/v2\/pages\/264","targetHints":{"allow":["GET"]}}],"collection":[{"href":"https:\/\/retrofit.de\/index.php\/wp-json\/wp\/v2\/pages"}],"about":[{"href":"https:\/\/retrofit.de\/index.php\/wp-json\/wp\/v2\/types\/page"}],"author":[{"embeddable":true,"href":"https:\/\/retrofit.de\/index.php\/wp-json\/wp\/v2\/users\/1"}],"replies":[{"embeddable":true,"href":"https:\/\/retrofit.de\/index.php\/wp-json\/wp\/v2\/comments?post=264"}],"version-history":[{"count":17,"href":"https:\/\/retrofit.de\/index.php\/wp-json\/wp\/v2\/pages\/264\/revisions"}],"predecessor-version":[{"id":5104,"href":"https:\/\/retrofit.de\/index.php\/wp-json\/wp\/v2\/pages\/264\/revisions\/5104"}],"up":[{"embeddable":true,"href":"https:\/\/retrofit.de\/index.php\/wp-json\/wp\/v2\/pages\/30"}],"wp:attachment":[{"href":"https:\/\/retrofit.de\/index.php\/wp-json\/wp\/v2\/media?parent=264"}],"curies":[{"name":"wp","href":"https:\/\/api.w.org\/{rel}","templated":true}]}}