{"id":262,"date":"2023-04-05T14:18:10","date_gmt":"2023-04-05T12:18:10","guid":{"rendered":"https:\/\/retrofit.de\/wordpress\/?page_id=262"},"modified":"2023-07-03T16:41:24","modified_gmt":"2023-07-03T14:41:24","slug":"engagement","status":"publish","type":"page","link":"https:\/\/retrofit.de\/index.php\/de\/ueber-uns\/engagement\/","title":{"rendered":"Engagement"},"content":{"rendered":"<div id='av_section_1'  class='avia-section av-1jlel-1bc90ba3e1ffa55f8d3a7be395c03e85 main_color avia-section-default avia-no-border-styling  avia-builder-el-0  avia-builder-el-no-sibling  avia-bg-style-scroll container_wrap fullsize'  ><div class='container av-section-cont-open' ><main  role=\"main\" itemprop=\"mainContentOfPage\"  class='template-page content  av-content-full alpha units'><div class='post-entry post-entry-type-page post-entry-262'><div class='entry-content-wrapper clearfix'>\n<div  class='flex_column av-tjq6m-54dd0a4f097b74122575b4237e4856d8 av_one_full  avia-builder-el-1  el_before_av_partner  avia-builder-el-first  first flex_column_div  '     ><p>\n<style type=\"text\/css\" data-created_by=\"avia_inline_auto\" id=\"style-css-av-li9yhy38-3dc6feb35b63ec6a32bdf8949c6e3c3d\">\n#top .hr.hr-invisible.av-li9yhy38-3dc6feb35b63ec6a32bdf8949c6e3c3d{\nheight:15px;\n}\n<\/style>\n<div  class='hr av-li9yhy38-3dc6feb35b63ec6a32bdf8949c6e3c3d hr-invisible  avia-builder-el-2  el_before_av_heading  avia-builder-el-first '><span class='hr-inner '><span class=\"hr-inner-style\"><\/span><\/span><\/div><br \/>\n\n<style type=\"text\/css\" data-created_by=\"avia_inline_auto\" id=\"style-css-av-li9yh0gd-b713585a5a3edac872fe8d1dcd86c316\">\n#top .av-special-heading.av-li9yh0gd-b713585a5a3edac872fe8d1dcd86c316{\npadding-bottom:10px;\n}\nbody .av-special-heading.av-li9yh0gd-b713585a5a3edac872fe8d1dcd86c316 .av-special-heading-tag .heading-char{\nfont-size:25px;\n}\n.av-special-heading.av-li9yh0gd-b713585a5a3edac872fe8d1dcd86c316 .av-subheading{\nfont-size:15px;\n}\n<\/style>\n<div  class='av-special-heading av-li9yh0gd-b713585a5a3edac872fe8d1dcd86c316 av-special-heading-h1 blockquote modern-quote  avia-builder-el-3  el_after_av_hr  el_before_av_hr '><h1 class='av-special-heading-tag '  itemprop=\"headline\"  >Engagement<\/h1><div class=\"special-heading-border\"><div class=\"special-heading-inner-border\"><\/div><\/div><\/div><br \/>\n\n<style type=\"text\/css\" data-created_by=\"avia_inline_auto\" id=\"style-css-av-li9yibpo-2cf2b519897723219d52c31c592ade05\">\n#top .hr.hr-invisible.av-li9yibpo-2cf2b519897723219d52c31c592ade05{\nheight:55px;\n}\n<\/style>\n<div  class='hr av-li9yibpo-2cf2b519897723219d52c31c592ade05 hr-invisible  avia-builder-el-4  el_after_av_heading  el_before_av_image '><span class='hr-inner '><span class=\"hr-inner-style\"><\/span><\/span><\/div><br \/>\n\n<style type=\"text\/css\" data-created_by=\"avia_inline_auto\" id=\"style-css-av-itax2-fdcd35ca0a21df89c68621e5f0b4b285\">\n.avia-image-container.av-itax2-fdcd35ca0a21df89c68621e5f0b4b285 img.avia_image{\nbox-shadow:none;\n}\n.avia-image-container.av-itax2-fdcd35ca0a21df89c68621e5f0b4b285 .av-image-caption-overlay-center{\ncolor:#ffffff;\n}\n.avia-image-container.av-itax2-fdcd35ca0a21df89c68621e5f0b4b285 .avia-curtain-reveal-overlay{\nanimation-duration:1.5s;\nbackground:#d9000e;\nz-index:100;\n}\n<\/style>\n<div  class='avia-image-container av-itax2-fdcd35ca0a21df89c68621e5f0b4b285 av-styling- avia-align-left  avia-builder-el-5  el_after_av_hr  el_before_av_hr '   itemprop=\"image\" itemscope=\"itemscope\" itemtype=\"https:\/\/schema.org\/ImageObject\" ><div class=\"avia-image-container-inner\"><div class=\"avia-image-overlay-wrap\"><div class='avia-curtain-reveal-overlay av-animated-when-visible-95 animate-all-devices curtain-reveal-btt'><\/div><img decoding=\"async\" fetchpriority=\"high\" class='wp-image-1774 avia-img-lazy-loading-not-1774 avia_image ' src=\"https:\/\/retrofit.de\/wp-content\/uploads\/2023\/05\/egagement.webp\" alt='' title='egagement'  height=\"750\" width=\"1920\"  itemprop=\"thumbnailUrl\" srcset=\"https:\/\/retrofit.de\/wp-content\/uploads\/2023\/05\/egagement.webp 1920w, https:\/\/retrofit.de\/wp-content\/uploads\/2023\/05\/egagement-300x117.webp 300w, https:\/\/retrofit.de\/wp-content\/uploads\/2023\/05\/egagement-1030x402.webp 1030w, https:\/\/retrofit.de\/wp-content\/uploads\/2023\/05\/egagement-768x300.webp 768w, https:\/\/retrofit.de\/wp-content\/uploads\/2023\/05\/egagement-1536x600.webp 1536w, https:\/\/retrofit.de\/wp-content\/uploads\/2023\/05\/egagement-1500x586.webp 1500w, https:\/\/retrofit.de\/wp-content\/uploads\/2023\/05\/egagement-705x275.webp 705w\" sizes=\"(max-width: 1920px) 100vw, 1920px\" \/><\/div><\/div><\/div><br \/>\n\n<style type=\"text\/css\" data-created_by=\"avia_inline_auto\" id=\"style-css-av-fg51a-3269ee21b16f676db3ae3be413a92a85\">\n#top .hr.hr-invisible.av-fg51a-3269ee21b16f676db3ae3be413a92a85{\nheight:55px;\n}\n<\/style>\n<div  class='hr av-fg51a-3269ee21b16f676db3ae3be413a92a85 hr-invisible  avia-builder-el-6  el_after_av_image  el_before_av_textblock '><span class='hr-inner '><span class=\"hr-inner-style\"><\/span><\/span><\/div><br \/>\n<section  class='av_textblock_section av-li9yjdgc-c2fb899adbcf069a2473032b187bf514 '   itemscope=\"itemscope\" itemtype=\"https:\/\/schema.org\/CreativeWork\" ><div class='avia_textblock av_inherit_color'  itemprop=\"text\" ><p>Wir stellen uns unserer sozialen Verantwortung. HDC unterst\u00fctzt eine Reihe von gemeinn\u00fctzigen Projekten:<br \/>\nWir sind dienstbereit. Und gerne sind wir auch f\u00fcr Sie t\u00e4tig. Sprechen Sie uns an. M\u00f6glicherweise ist dies der Beginn einer erfolgreichen Zusammenarbeit.<\/p>\n<\/div><\/section><br \/>\n\n<style type=\"text\/css\" data-created_by=\"avia_inline_auto\" id=\"style-css-av-axvzi-5055cb2381b7a3b254e43ca6dd89109f\">\n#top .hr.hr-invisible.av-axvzi-5055cb2381b7a3b254e43ca6dd89109f{\nheight:55px;\n}\n<\/style>\n<div  class='hr av-axvzi-5055cb2381b7a3b254e43ca6dd89109f hr-invisible  avia-builder-el-8  el_after_av_textblock  avia-builder-el-last '><span class='hr-inner '><span class=\"hr-inner-style\"><\/span><\/span><\/div><\/p><\/div><div  class='avia-logo-element-container av-li9z140w-ab99cc3a1fe7058f53b1bec22b7a2f55 av-border-deactivate avia-logo-grid avia-content-slider avia-smallarrow-slider avia-content-grid-active noHover avia-content-slider-even  avia-builder-el-9  el_after_av_one_full  el_before_av_hr  avia-content-slider1' ><div class='avia-smallarrow-slider-heading  no-logo-slider-heading '><div class='new-special-heading'>&nbsp;<\/div><\/div><div class=\"avia-content-slider-inner\"><div class=\"slide-entry-wrap\"><div  class='slide-entry av-li9z1321-34906f47456ee73e2a2dc6c47b32f5d7 flex_column no_margin av_one_fourth real-thumbnail post-entry slide-entry-overview slide-loop-1 slide-parity-odd  first'><a href=\"https:\/\/bds-winterbach.de\/\" data-rel='slide-1' class='slide-image' title=''  target=\"_blank\"  rel=\"noopener noreferrer\"><img decoding=\"async\" loading=\"lazy\" width=\"300\" height=\"300\" src=\"https:\/\/retrofit.de\/wp-content\/uploads\/2023\/05\/bds_winterbach.webp\" class=\"wp-image-1776 avia-img-lazy-loading-1776 attachment-medium size-medium\" alt=\"\" srcset=\"https:\/\/retrofit.de\/wp-content\/uploads\/2023\/05\/bds_winterbach.webp 300w, https:\/\/retrofit.de\/wp-content\/uploads\/2023\/05\/bds_winterbach-80x80.webp 80w, https:\/\/retrofit.de\/wp-content\/uploads\/2023\/05\/bds_winterbach-36x36.webp 36w, https:\/\/retrofit.de\/wp-content\/uploads\/2023\/05\/bds_winterbach-180x180.webp 180w\" sizes=\"auto, (max-width: 300px) 100vw, 300px\" \/><\/a><\/div><div  class='slide-entry av-li9z1321-3-2525618f6269c8c9ab68d64a72a94a48 flex_column no_margin av_one_fourth real-thumbnail post-entry slide-entry-overview slide-loop-2 slide-parity-even  '><a href=\"https:\/\/www.klasse2000.de\/\" data-rel='slide-1' class='slide-image' title=''  target=\"_blank\"  rel=\"noopener noreferrer\"><img decoding=\"async\" loading=\"lazy\" width=\"300\" height=\"300\" src=\"https:\/\/retrofit.de\/wp-content\/uploads\/2023\/05\/klasse-2000.webp\" class=\"wp-image-1777 avia-img-lazy-loading-1777 attachment-medium size-medium\" alt=\"\" srcset=\"https:\/\/retrofit.de\/wp-content\/uploads\/2023\/05\/klasse-2000.webp 300w, https:\/\/retrofit.de\/wp-content\/uploads\/2023\/05\/klasse-2000-80x80.webp 80w, https:\/\/retrofit.de\/wp-content\/uploads\/2023\/05\/klasse-2000-36x36.webp 36w, https:\/\/retrofit.de\/wp-content\/uploads\/2023\/05\/klasse-2000-180x180.webp 180w\" sizes=\"auto, (max-width: 300px) 100vw, 300px\" \/><\/a><\/div><div  class='slide-entry av-li9z1321-2-035c10c6844d92703d2809d25e3fd097 flex_column no_margin av_one_fourth real-thumbnail post-entry slide-entry-overview slide-loop-3 slide-parity-odd  '><a href=\"https:\/\/www.lehenbachschule.com\/\" data-rel='slide-1' class='slide-image' title=''  target=\"_blank\"  rel=\"noopener noreferrer\"><img decoding=\"async\" loading=\"lazy\" width=\"300\" height=\"300\" src=\"https:\/\/retrofit.de\/wp-content\/uploads\/2023\/05\/lehenbachschule.webp\" class=\"wp-image-1778 avia-img-lazy-loading-1778 attachment-medium size-medium\" alt=\"\" srcset=\"https:\/\/retrofit.de\/wp-content\/uploads\/2023\/05\/lehenbachschule.webp 300w, https:\/\/retrofit.de\/wp-content\/uploads\/2023\/05\/lehenbachschule-80x80.webp 80w, https:\/\/retrofit.de\/wp-content\/uploads\/2023\/05\/lehenbachschule-36x36.webp 36w, https:\/\/retrofit.de\/wp-content\/uploads\/2023\/05\/lehenbachschule-180x180.webp 180w\" sizes=\"auto, (max-width: 300px) 100vw, 300px\" \/><\/a><\/div><div  class='slide-entry av-li9z1321-1-3d78fd1c4ce5b4f5fea29c5a4aa9b943 flex_column no_margin av_one_fourth real-thumbnail post-entry slide-entry-overview slide-loop-4 slide-parity-even  '><a href=\"https:\/\/www.mein-mpg.de\/\" data-rel='slide-1' class='slide-image' title=''  target=\"_blank\"  rel=\"noopener noreferrer\"><img decoding=\"async\" loading=\"lazy\" width=\"300\" height=\"300\" src=\"https:\/\/retrofit.de\/wp-content\/uploads\/2023\/05\/max-blank-gymnasium.webp\" class=\"wp-image-1779 avia-img-lazy-loading-1779 attachment-medium size-medium\" alt=\"\" srcset=\"https:\/\/retrofit.de\/wp-content\/uploads\/2023\/05\/max-blank-gymnasium.webp 300w, https:\/\/retrofit.de\/wp-content\/uploads\/2023\/05\/max-blank-gymnasium-80x80.webp 80w, https:\/\/retrofit.de\/wp-content\/uploads\/2023\/05\/max-blank-gymnasium-36x36.webp 36w, https:\/\/retrofit.de\/wp-content\/uploads\/2023\/05\/max-blank-gymnasium-180x180.webp 180w\" sizes=\"auto, (max-width: 300px) 100vw, 300px\" \/><\/a><\/div><\/div><div class=\"slide-entry-wrap\"><div  class='slide-entry av-li9z1321-1-4-fe5ec1218e9ce9cfd669e66275230bd2 flex_column no_margin av_one_fourth real-thumbnail post-entry slide-entry-overview slide-loop-5 slide-parity-odd  first'><a href=\"https:\/\/kulturinitiative-rock.de\/\" data-rel='slide-1' class='slide-image' title=''  target=\"_blank\"  rel=\"noopener noreferrer\"><img decoding=\"async\" loading=\"lazy\" width=\"300\" height=\"300\" src=\"https:\/\/retrofit.de\/wp-content\/uploads\/2023\/05\/rock-winterbach.webp\" class=\"wp-image-1786 avia-img-lazy-loading-1786 attachment-medium size-medium\" alt=\"\" srcset=\"https:\/\/retrofit.de\/wp-content\/uploads\/2023\/05\/rock-winterbach.webp 300w, https:\/\/retrofit.de\/wp-content\/uploads\/2023\/05\/rock-winterbach-80x80.webp 80w, https:\/\/retrofit.de\/wp-content\/uploads\/2023\/05\/rock-winterbach-36x36.webp 36w, https:\/\/retrofit.de\/wp-content\/uploads\/2023\/05\/rock-winterbach-180x180.webp 180w\" sizes=\"auto, (max-width: 300px) 100vw, 300px\" \/><\/a><\/div><div  class='slide-entry av-li9z1321-1-3-72228fcd39f98e2dae0e00a35303076c flex_column no_margin av_one_fourth real-thumbnail post-entry slide-entry-overview slide-loop-6 slide-parity-even  '><a href=\"https:\/\/ev-kirche-winterbach.de\/\" data-rel='slide-1' class='slide-image' title=''  target=\"_blank\"  rel=\"noopener noreferrer\"><img decoding=\"async\" loading=\"lazy\" width=\"300\" height=\"300\" src=\"https:\/\/retrofit.de\/wp-content\/uploads\/2023\/05\/ev-kirchengemeinde-winterbach.webp\" class=\"wp-image-1787 avia-img-lazy-loading-1787 attachment-medium size-medium\" alt=\"\" srcset=\"https:\/\/retrofit.de\/wp-content\/uploads\/2023\/05\/ev-kirchengemeinde-winterbach.webp 300w, https:\/\/retrofit.de\/wp-content\/uploads\/2023\/05\/ev-kirchengemeinde-winterbach-80x80.webp 80w, https:\/\/retrofit.de\/wp-content\/uploads\/2023\/05\/ev-kirchengemeinde-winterbach-36x36.webp 36w, https:\/\/retrofit.de\/wp-content\/uploads\/2023\/05\/ev-kirchengemeinde-winterbach-180x180.webp 180w\" sizes=\"auto, (max-width: 300px) 100vw, 300px\" \/><\/a><\/div><div  class='slide-entry av-li9z1321-1-2-afae6dd7253c247c73adae8a24705259 flex_column no_margin av_one_fourth real-thumbnail post-entry slide-entry-overview slide-loop-7 slide-parity-odd  '><a href=\"https:\/\/www.lions-winterbach.de\/\" data-rel='slide-1' class='slide-image' title=''  target=\"_blank\"  rel=\"noopener noreferrer\"><img decoding=\"async\" loading=\"lazy\" width=\"300\" height=\"300\" src=\"https:\/\/retrofit.de\/wp-content\/uploads\/2023\/05\/lions-club-winterbach.webp\" class=\"wp-image-1788 avia-img-lazy-loading-1788 attachment-medium size-medium\" alt=\"\" srcset=\"https:\/\/retrofit.de\/wp-content\/uploads\/2023\/05\/lions-club-winterbach.webp 300w, https:\/\/retrofit.de\/wp-content\/uploads\/2023\/05\/lions-club-winterbach-80x80.webp 80w, https:\/\/retrofit.de\/wp-content\/uploads\/2023\/05\/lions-club-winterbach-36x36.webp 36w, https:\/\/retrofit.de\/wp-content\/uploads\/2023\/05\/lions-club-winterbach-180x180.webp 180w\" sizes=\"auto, (max-width: 300px) 100vw, 300px\" \/><\/a><\/div><div  class='slide-entry av-li9z1321-1-1-ea283021cb6615346796ed6364f492ef flex_column no_margin av_one_fourth real-thumbnail post-entry slide-entry-overview slide-loop-8 slide-parity-even  '><a href=\"https:\/\/vfl-winterbach.de\/\" data-rel='slide-1' class='slide-image' title=''  target=\"_blank\"  rel=\"noopener noreferrer\"><img decoding=\"async\" loading=\"lazy\" width=\"300\" height=\"300\" src=\"https:\/\/retrofit.de\/wp-content\/uploads\/2023\/05\/vfl-winterbach.webp\" class=\"wp-image-1785 avia-img-lazy-loading-1785 attachment-medium size-medium\" alt=\"\" srcset=\"https:\/\/retrofit.de\/wp-content\/uploads\/2023\/05\/vfl-winterbach.webp 300w, https:\/\/retrofit.de\/wp-content\/uploads\/2023\/05\/vfl-winterbach-80x80.webp 80w, https:\/\/retrofit.de\/wp-content\/uploads\/2023\/05\/vfl-winterbach-36x36.webp 36w, https:\/\/retrofit.de\/wp-content\/uploads\/2023\/05\/vfl-winterbach-180x180.webp 180w\" sizes=\"auto, (max-width: 300px) 100vw, 300px\" \/><\/a><\/div><\/div><div class=\"slide-entry-wrap\"><div  class='slide-entry av-li9z1321-1-1-1-cacb6aad115db5b516d671ab17c24fbb flex_column no_margin av_one_fourth real-thumbnail post-entry slide-entry-overview slide-loop-9 slide-parity-odd  first'><a href=\"https:\/\/sg-schorndorf.de\/\" data-rel='slide-1' class='slide-image' title=''  target=\"_blank\"  rel=\"noopener noreferrer\"><img decoding=\"async\" loading=\"lazy\" width=\"300\" height=\"300\" src=\"https:\/\/retrofit.de\/wp-content\/uploads\/2023\/05\/sg-schorndorf.webp\" class=\"wp-image-1790 avia-img-lazy-loading-1790 attachment-medium size-medium\" alt=\"\" srcset=\"https:\/\/retrofit.de\/wp-content\/uploads\/2023\/05\/sg-schorndorf.webp 300w, https:\/\/retrofit.de\/wp-content\/uploads\/2023\/05\/sg-schorndorf-80x80.webp 80w, https:\/\/retrofit.de\/wp-content\/uploads\/2023\/05\/sg-schorndorf-36x36.webp 36w, https:\/\/retrofit.de\/wp-content\/uploads\/2023\/05\/sg-schorndorf-180x180.webp 180w\" sizes=\"auto, (max-width: 300px) 100vw, 300px\" \/><\/a><\/div><div  class='slide-entry av-li9z1321-1-1-1-2-9a9ea1b7459ae7eef60cbd0447b3f900 flex_column no_margin av_one_fourth real-thumbnail post-entry slide-entry-overview slide-loop-10 slide-parity-even  '><a href=\"https:\/\/tv-weiler-rems.de\/\" data-rel='slide-1' class='slide-image' title=''  target=\"_blank\"  rel=\"noopener noreferrer\"><img decoding=\"async\" loading=\"lazy\" width=\"300\" height=\"300\" src=\"https:\/\/retrofit.de\/wp-content\/uploads\/2023\/05\/tv-weiler.webp\" class=\"wp-image-1792 avia-img-lazy-loading-1792 attachment-medium size-medium\" alt=\"\" srcset=\"https:\/\/retrofit.de\/wp-content\/uploads\/2023\/05\/tv-weiler.webp 300w, https:\/\/retrofit.de\/wp-content\/uploads\/2023\/05\/tv-weiler-80x80.webp 80w, https:\/\/retrofit.de\/wp-content\/uploads\/2023\/05\/tv-weiler-36x36.webp 36w, https:\/\/retrofit.de\/wp-content\/uploads\/2023\/05\/tv-weiler-180x180.webp 180w\" sizes=\"auto, (max-width: 300px) 100vw, 300px\" \/><\/a><\/div><div  class='slide-entry av-li9z1321-1-1-1-1-30f9f9da7d1daf26e3f1df9973d47d86 flex_column no_margin av_one_fourth real-thumbnail post-entry slide-entry-overview slide-loop-11 slide-parity-odd post-entry-last '><a href=\"http:\/\/www.tc-schorndorf.de\/\" data-rel='slide-1' class='slide-image' title=''  target=\"_blank\"  rel=\"noopener noreferrer\"><img decoding=\"async\" loading=\"lazy\" width=\"300\" height=\"300\" src=\"https:\/\/retrofit.de\/wp-content\/uploads\/2023\/05\/tc-schorndorf.webp\" class=\"wp-image-1793 avia-img-lazy-loading-1793 attachment-medium size-medium\" alt=\"\" srcset=\"https:\/\/retrofit.de\/wp-content\/uploads\/2023\/05\/tc-schorndorf.webp 300w, https:\/\/retrofit.de\/wp-content\/uploads\/2023\/05\/tc-schorndorf-80x80.webp 80w, https:\/\/retrofit.de\/wp-content\/uploads\/2023\/05\/tc-schorndorf-36x36.webp 36w, https:\/\/retrofit.de\/wp-content\/uploads\/2023\/05\/tc-schorndorf-180x180.webp 180w\" sizes=\"auto, (max-width: 300px) 100vw, 300px\" \/><\/a><\/div><\/div><\/div><\/div>\n\n<style type=\"text\/css\" data-created_by=\"avia_inline_auto\" id=\"style-css-av-9d5jq-87d3fccb42699856d55dc4f40f62c80a\">\n#top .hr.hr-invisible.av-9d5jq-87d3fccb42699856d55dc4f40f62c80a{\nheight:55px;\n}\n<\/style>\n<div  class='hr av-9d5jq-87d3fccb42699856d55dc4f40f62c80a hr-invisible  avia-builder-el-10  el_after_av_partner  avia-builder-el-last '><span class='hr-inner '><span class=\"hr-inner-style\"><\/span><\/span><\/div>\n\n","protected":false},"excerpt":{"rendered":"","protected":false},"author":1,"featured_media":0,"parent":30,"menu_order":4,"comment_status":"closed","ping_status":"closed","template":"","meta":{"footnotes":""},"class_list":["post-262","page","type-page","status-publish","hentry"],"yoast_head":"<!-- This site is optimized with the Yoast SEO plugin v27.2 - https:\/\/yoast.com\/product\/yoast-seo-wordpress\/ -->\n<title>Engagement - HDC Huttelmaier Retrofit<\/title>\n<meta name=\"robots\" content=\"noindex, follow\" \/>\n<meta property=\"og:locale\" content=\"de_DE\" \/>\n<meta property=\"og:type\" content=\"article\" \/>\n<meta property=\"og:title\" content=\"Engagement - HDC Huttelmaier Retrofit\" \/>\n<meta property=\"og:url\" content=\"https:\/\/retrofit.de\/index.php\/de\/ueber-uns\/engagement\/\" \/>\n<meta property=\"og:site_name\" content=\"HDC Huttelmaier Retrofit\" \/>\n<meta property=\"article:modified_time\" content=\"2023-07-03T14:41:24+00:00\" \/>\n<meta name=\"twitter:card\" content=\"summary_large_image\" \/>\n<meta name=\"twitter:label1\" content=\"Gesch\u00e4tzte Lesezeit\" \/>\n\t<meta name=\"twitter:data1\" content=\"4\u00a0Minuten\" \/>\n<script type=\"application\/ld+json\" class=\"yoast-schema-graph\">{\"@context\":\"https:\/\/schema.org\",\"@graph\":[{\"@type\":\"WebPage\",\"@id\":\"https:\/\/retrofit.de\/index.php\/de\/ueber-uns\/engagement\/\",\"url\":\"https:\/\/retrofit.de\/index.php\/de\/ueber-uns\/engagement\/\",\"name\":\"Engagement - HDC Huttelmaier Retrofit\",\"isPartOf\":{\"@id\":\"https:\/\/retrofit.de\/#website\"},\"datePublished\":\"2023-04-05T12:18:10+00:00\",\"dateModified\":\"2023-07-03T14:41:24+00:00\",\"breadcrumb\":{\"@id\":\"https:\/\/retrofit.de\/index.php\/de\/ueber-uns\/engagement\/#breadcrumb\"},\"inLanguage\":\"de\",\"potentialAction\":[{\"@type\":\"ReadAction\",\"target\":[\"https:\/\/retrofit.de\/index.php\/de\/ueber-uns\/engagement\/\"]}]},{\"@type\":\"BreadcrumbList\",\"@id\":\"https:\/\/retrofit.de\/index.php\/de\/ueber-uns\/engagement\/#breadcrumb\",\"itemListElement\":[{\"@type\":\"ListItem\",\"position\":1,\"name\":\"Startseite\",\"item\":\"https:\/\/retrofit.de\/index.php\/de\/startseite\/\"},{\"@type\":\"ListItem\",\"position\":2,\"name\":\"\u00dcber uns\",\"item\":\"https:\/\/retrofit.de\/index.php\/ueber-uns\/\"},{\"@type\":\"ListItem\",\"position\":3,\"name\":\"Engagement\"}]},{\"@type\":\"WebSite\",\"@id\":\"https:\/\/retrofit.de\/#website\",\"url\":\"https:\/\/retrofit.de\/\",\"name\":\"HDC Huttelmaier Retrofit\",\"description\":\"Maschinen \u00dcberholung f\u00fcr High End Pr\u00e4zision\",\"publisher\":{\"@id\":\"https:\/\/retrofit.de\/#organization\"},\"potentialAction\":[{\"@type\":\"SearchAction\",\"target\":{\"@type\":\"EntryPoint\",\"urlTemplate\":\"https:\/\/retrofit.de\/?s={search_term_string}\"},\"query-input\":{\"@type\":\"PropertyValueSpecification\",\"valueRequired\":true,\"valueName\":\"search_term_string\"}}],\"inLanguage\":\"de\"},{\"@type\":\"Organization\",\"@id\":\"https:\/\/retrofit.de\/#organization\",\"name\":\"HDC Huttelmaier GmbH\",\"alternateName\":\"HDC\",\"url\":\"https:\/\/retrofit.de\/\",\"logo\":{\"@type\":\"ImageObject\",\"inLanguage\":\"de\",\"@id\":\"https:\/\/retrofit.de\/#\/schema\/logo\/image\/\",\"url\":\"https:\/\/retrofit.de\/wp-content\/uploads\/2023\/04\/Logo.jpg\",\"contentUrl\":\"https:\/\/retrofit.de\/wp-content\/uploads\/2023\/04\/Logo.jpg\",\"width\":2083,\"height\":2083,\"caption\":\"HDC Huttelmaier GmbH\"},\"image\":{\"@id\":\"https:\/\/retrofit.de\/#\/schema\/logo\/image\/\"}}]}<\/script>\n<!-- \/ Yoast SEO plugin. -->","yoast_head_json":{"title":"Engagement - HDC Huttelmaier Retrofit","robots":{"index":"noindex","follow":"follow"},"og_locale":"de_DE","og_type":"article","og_title":"Engagement - HDC Huttelmaier Retrofit","og_url":"https:\/\/retrofit.de\/index.php\/de\/ueber-uns\/engagement\/","og_site_name":"HDC Huttelmaier Retrofit","article_modified_time":"2023-07-03T14:41:24+00:00","twitter_card":"summary_large_image","twitter_misc":{"Gesch\u00e4tzte Lesezeit":"4\u00a0Minuten"},"schema":{"@context":"https:\/\/schema.org","@graph":[{"@type":"WebPage","@id":"https:\/\/retrofit.de\/index.php\/de\/ueber-uns\/engagement\/","url":"https:\/\/retrofit.de\/index.php\/de\/ueber-uns\/engagement\/","name":"Engagement - HDC Huttelmaier Retrofit","isPartOf":{"@id":"https:\/\/retrofit.de\/#website"},"datePublished":"2023-04-05T12:18:10+00:00","dateModified":"2023-07-03T14:41:24+00:00","breadcrumb":{"@id":"https:\/\/retrofit.de\/index.php\/de\/ueber-uns\/engagement\/#breadcrumb"},"inLanguage":"de","potentialAction":[{"@type":"ReadAction","target":["https:\/\/retrofit.de\/index.php\/de\/ueber-uns\/engagement\/"]}]},{"@type":"BreadcrumbList","@id":"https:\/\/retrofit.de\/index.php\/de\/ueber-uns\/engagement\/#breadcrumb","itemListElement":[{"@type":"ListItem","position":1,"name":"Startseite","item":"https:\/\/retrofit.de\/index.php\/de\/startseite\/"},{"@type":"ListItem","position":2,"name":"\u00dcber uns","item":"https:\/\/retrofit.de\/index.php\/ueber-uns\/"},{"@type":"ListItem","position":3,"name":"Engagement"}]},{"@type":"WebSite","@id":"https:\/\/retrofit.de\/#website","url":"https:\/\/retrofit.de\/","name":"HDC Huttelmaier Retrofit","description":"Maschinen \u00dcberholung f\u00fcr High End Pr\u00e4zision","publisher":{"@id":"https:\/\/retrofit.de\/#organization"},"potentialAction":[{"@type":"SearchAction","target":{"@type":"EntryPoint","urlTemplate":"https:\/\/retrofit.de\/?s={search_term_string}"},"query-input":{"@type":"PropertyValueSpecification","valueRequired":true,"valueName":"search_term_string"}}],"inLanguage":"de"},{"@type":"Organization","@id":"https:\/\/retrofit.de\/#organization","name":"HDC Huttelmaier GmbH","alternateName":"HDC","url":"https:\/\/retrofit.de\/","logo":{"@type":"ImageObject","inLanguage":"de","@id":"https:\/\/retrofit.de\/#\/schema\/logo\/image\/","url":"https:\/\/retrofit.de\/wp-content\/uploads\/2023\/04\/Logo.jpg","contentUrl":"https:\/\/retrofit.de\/wp-content\/uploads\/2023\/04\/Logo.jpg","width":2083,"height":2083,"caption":"HDC Huttelmaier GmbH"},"image":{"@id":"https:\/\/retrofit.de\/#\/schema\/logo\/image\/"}}]}},"_links":{"self":[{"href":"https:\/\/retrofit.de\/index.php\/wp-json\/wp\/v2\/pages\/262","targetHints":{"allow":["GET"]}}],"collection":[{"href":"https:\/\/retrofit.de\/index.php\/wp-json\/wp\/v2\/pages"}],"about":[{"href":"https:\/\/retrofit.de\/index.php\/wp-json\/wp\/v2\/types\/page"}],"author":[{"embeddable":true,"href":"https:\/\/retrofit.de\/index.php\/wp-json\/wp\/v2\/users\/1"}],"replies":[{"embeddable":true,"href":"https:\/\/retrofit.de\/index.php\/wp-json\/wp\/v2\/comments?post=262"}],"version-history":[{"count":13,"href":"https:\/\/retrofit.de\/index.php\/wp-json\/wp\/v2\/pages\/262\/revisions"}],"predecessor-version":[{"id":2898,"href":"https:\/\/retrofit.de\/index.php\/wp-json\/wp\/v2\/pages\/262\/revisions\/2898"}],"up":[{"embeddable":true,"href":"https:\/\/retrofit.de\/index.php\/wp-json\/wp\/v2\/pages\/30"}],"wp:attachment":[{"href":"https:\/\/retrofit.de\/index.php\/wp-json\/wp\/v2\/media?parent=262"}],"curies":[{"name":"wp","href":"https:\/\/api.w.org\/{rel}","templated":true}]}}