{"id":260,"date":"2023-04-05T14:17:34","date_gmt":"2023-04-05T12:17:34","guid":{"rendered":"https:\/\/retrofit.de\/wordpress\/?page_id=260"},"modified":"2024-11-07T11:02:49","modified_gmt":"2024-11-07T10:02:49","slug":"partner","status":"publish","type":"page","link":"https:\/\/retrofit.de\/index.php\/de\/ueber-uns\/partner\/","title":{"rendered":"Partner"},"content":{"rendered":"<div  class='flex_column av-rggb0-8fb6885fce42b9a53d9f980af898b5db av_one_full  avia-builder-el-0  el_before_av_one_full  avia-builder-el-first  first flex_column_div  '     ><p>\n<style type=\"text\/css\" data-created_by=\"avia_inline_auto\" id=\"style-css-av-l4xpw-5e88579aa13e7c320c2878611f3be60d\">\n#top .hr.hr-invisible.av-l4xpw-5e88579aa13e7c320c2878611f3be60d{\nheight:15px;\n}\n<\/style>\n<div  class='hr av-l4xpw-5e88579aa13e7c320c2878611f3be60d hr-invisible  avia-builder-el-1  el_before_av_heading  avia-builder-el-first '><span class='hr-inner '><span class=\"hr-inner-style\"><\/span><\/span><\/div><br \/>\n\n<style type=\"text\/css\" data-created_by=\"avia_inline_auto\" id=\"style-css-av-li35m5hu-a8284290450ab38531a5355d91c6696d\">\n#top .av-special-heading.av-li35m5hu-a8284290450ab38531a5355d91c6696d{\npadding-bottom:10px;\n}\nbody .av-special-heading.av-li35m5hu-a8284290450ab38531a5355d91c6696d .av-special-heading-tag .heading-char{\nfont-size:25px;\n}\n.av-special-heading.av-li35m5hu-a8284290450ab38531a5355d91c6696d .av-subheading{\nfont-size:15px;\n}\n<\/style>\n<div  class='av-special-heading av-li35m5hu-a8284290450ab38531a5355d91c6696d av-special-heading-h1 blockquote modern-quote  avia-builder-el-2  el_after_av_hr  el_before_av_hr '><h1 class='av-special-heading-tag '  itemprop=\"headline\"  >Partner<\/h1><div class=\"special-heading-border\"><div class=\"special-heading-inner-border\"><\/div><\/div><\/div><br \/>\n\n<style type=\"text\/css\" data-created_by=\"avia_inline_auto\" id=\"style-css-av-hsuf0-f2ba5ad260f68a22e4460a40764681f3\">\n#top .hr.hr-invisible.av-hsuf0-f2ba5ad260f68a22e4460a40764681f3{\nheight:55px;\n}\n<\/style>\n<div  class='hr av-hsuf0-f2ba5ad260f68a22e4460a40764681f3 hr-invisible  avia-builder-el-3  el_after_av_heading  el_before_av_image '><span class='hr-inner '><span class=\"hr-inner-style\"><\/span><\/span><\/div><br \/>\n\n<style type=\"text\/css\" data-created_by=\"avia_inline_auto\" id=\"style-css-av-li35pblm-292b66b1ee6e8a8550a9d73ff9125290\">\n.avia-image-container.av-li35pblm-292b66b1ee6e8a8550a9d73ff9125290 img.avia_image{\nbox-shadow:none;\n}\n.avia-image-container.av-li35pblm-292b66b1ee6e8a8550a9d73ff9125290 .av-image-caption-overlay-center{\ncolor:#ffffff;\n}\n.avia-image-container.av-li35pblm-292b66b1ee6e8a8550a9d73ff9125290 .avia-curtain-reveal-overlay{\nanimation-duration:1.5s;\nbackground:#d9000e;\nz-index:100;\n}\n<\/style>\n<div  class='avia-image-container av-li35pblm-292b66b1ee6e8a8550a9d73ff9125290 av-styling- avia-align-left  avia-builder-el-4  el_after_av_hr  el_before_av_hr '   itemprop=\"image\" itemscope=\"itemscope\" itemtype=\"https:\/\/schema.org\/ImageObject\" ><div class=\"avia-image-container-inner\"><div class=\"avia-image-overlay-wrap\"><div class='avia-curtain-reveal-overlay av-animated-when-visible-95 animate-all-devices curtain-reveal-btt'><\/div><img decoding=\"async\" fetchpriority=\"high\" class='wp-image-1730 avia-img-lazy-loading-not-1730 avia_image ' src=\"https:\/\/retrofit.de\/wp-content\/uploads\/2023\/05\/HDC-Logo-auf-Holzkiste-5.webp\" alt='' title='HDC-Logo auf Holzkiste (5)'  height=\"750\" width=\"1920\"  itemprop=\"thumbnailUrl\" srcset=\"https:\/\/retrofit.de\/wp-content\/uploads\/2023\/05\/HDC-Logo-auf-Holzkiste-5.webp 1920w, https:\/\/retrofit.de\/wp-content\/uploads\/2023\/05\/HDC-Logo-auf-Holzkiste-5-300x117.webp 300w, https:\/\/retrofit.de\/wp-content\/uploads\/2023\/05\/HDC-Logo-auf-Holzkiste-5-1030x402.webp 1030w, https:\/\/retrofit.de\/wp-content\/uploads\/2023\/05\/HDC-Logo-auf-Holzkiste-5-768x300.webp 768w, https:\/\/retrofit.de\/wp-content\/uploads\/2023\/05\/HDC-Logo-auf-Holzkiste-5-1536x600.webp 1536w, https:\/\/retrofit.de\/wp-content\/uploads\/2023\/05\/HDC-Logo-auf-Holzkiste-5-1500x586.webp 1500w, https:\/\/retrofit.de\/wp-content\/uploads\/2023\/05\/HDC-Logo-auf-Holzkiste-5-705x275.webp 705w\" sizes=\"(max-width: 1920px) 100vw, 1920px\" \/><\/div><\/div><\/div><br \/>\n\n<style type=\"text\/css\" data-created_by=\"avia_inline_auto\" id=\"style-css-av-7qj7g-4925f20cfb75ab931445812a7f49f9d0\">\n#top .hr.hr-invisible.av-7qj7g-4925f20cfb75ab931445812a7f49f9d0{\nheight:55px;\n}\n<\/style>\n<div  class='hr av-7qj7g-4925f20cfb75ab931445812a7f49f9d0 hr-invisible  avia-builder-el-5  el_after_av_image  avia-builder-el-last '><span class='hr-inner '><span class=\"hr-inner-style\"><\/span><\/span><\/div><\/p><\/div>\n<div  class='flex_column av-lg29yef9-109989141a5dfb52d41595f0b8f08f30 av_one_full  avia-builder-el-6  el_after_av_one_full  el_before_av_hr  first flex_column_div  column-top-margin'     ><p>\n<style type=\"text\/css\" data-created_by=\"avia_inline_auto\" id=\"style-css-av-lg29xm1f-c98303dd7f770b8116f4ee6bf00641f9\">\n#top .av_textblock_section.av-lg29xm1f-c98303dd7f770b8116f4ee6bf00641f9 .avia_textblock{\ncolumn-count:2;\ncolumn-gap:10%;\n}\n<\/style>\n<section  class='av_textblock_section av-lg29xm1f-c98303dd7f770b8116f4ee6bf00641f9 '   itemscope=\"itemscope\" itemtype=\"https:\/\/schema.org\/CreativeWork\" ><div class='avia_textblock av_multi_colums av_inherit_color'  itemprop=\"text\" ><p>Wir leben in vernetzten Systemen. Anforderungen der Gegenwart k\u00f6nnen nicht als Einzelk\u00e4mpfer bew\u00e4ltigt werden. Hierzu sind Kooperationen und lang angelegte Partnerschaften unerl\u00e4sslich. Die Natur macht es uns vor. Auch Industrie und Wirtschaft haben dies l\u00e4ngst erkannt. Zuverl\u00e4ssige Partnerschaften sind fester Bestandteil unserer Philosophie. <strong>Darauf bauen wir. Heute und in Zukunft.<br \/>\nZum Nutzen unserer Kunden.<\/strong><\/p>\n<\/div><\/section><br \/>\n\n<style type=\"text\/css\" data-created_by=\"avia_inline_auto\" id=\"style-css-av-aasys-5c198aaea96ccd26fb5c85db45fdbcf1\">\n#top .hr.hr-invisible.av-aasys-5c198aaea96ccd26fb5c85db45fdbcf1{\nheight:55px;\n}\n<\/style>\n<div  class='hr av-aasys-5c198aaea96ccd26fb5c85db45fdbcf1 hr-invisible  avia-builder-el-8  el_after_av_textblock  avia-builder-el-last '><span class='hr-inner '><span class=\"hr-inner-style\"><\/span><\/span><\/div><\/p><\/div>\n\n<style type=\"text\/css\" data-created_by=\"avia_inline_auto\" id=\"style-css-av-78564-393891d236c9b7085c9fb08cb7405b7a\">\n#top .hr.hr-invisible.av-78564-393891d236c9b7085c9fb08cb7405b7a{\nheight:55px;\n}\n<\/style>\n<div  class='hr av-78564-393891d236c9b7085c9fb08cb7405b7a hr-invisible  avia-builder-el-9  el_after_av_one_full  el_before_av_partner '><span class='hr-inner '><span class=\"hr-inner-style\"><\/span><\/span><\/div>\n<div  class='avia-logo-element-container av-ljs83r7g-dbac15b3a6248cad9367dc58290760c7 av-border-deactivate avia-logo-grid avia-content-slider avia-smallarrow-slider avia-content-grid-active noHover avia-content-slider-even  avia-builder-el-10  el_after_av_hr  avia-builder-el-last  avia-content-slider1' ><div class='avia-smallarrow-slider-heading  no-logo-slider-heading '><div class='new-special-heading'>&nbsp;<\/div><\/div><div class=\"avia-content-slider-inner\"><div class=\"slide-entry-wrap\"><div  class='slide-entry av-29eyv0-0812bf8ce93c02c17285e9d5b8d20744 flex_column no_margin av_one_fourth real-thumbnail post-entry slide-entry-overview slide-loop-1 slide-parity-odd  first'><a href=\"https:\/\/www.ilg-sulzberger.de\/\" data-rel='slide-1' class='slide-image' title='' ><img decoding=\"async\" loading=\"lazy\" width=\"300\" height=\"300\" src=\"https:\/\/retrofit.de\/wp-content\/uploads\/2023\/07\/ilg.png\" class=\"wp-image-3055 avia-img-lazy-loading-3055 attachment-medium size-medium\" alt=\"\" srcset=\"https:\/\/retrofit.de\/wp-content\/uploads\/2023\/07\/ilg.png 300w, https:\/\/retrofit.de\/wp-content\/uploads\/2023\/07\/ilg-80x80.png 80w, https:\/\/retrofit.de\/wp-content\/uploads\/2023\/07\/ilg-36x36.png 36w, https:\/\/retrofit.de\/wp-content\/uploads\/2023\/07\/ilg-180x180.png 180w\" sizes=\"auto, (max-width: 300px) 100vw, 300px\" \/><\/a><\/div><div  class='slide-entry av-205edg-4982409044f15dabde385b5c27f51cfe flex_column no_margin av_one_fourth real-thumbnail post-entry slide-entry-overview slide-loop-2 slide-parity-even  '><a href=\"https:\/\/www.siemens.com\/de\/de\/produkte\/automatisierung\/systeme\/cnc-sinumerik\/cnc-steuerungen\/sinumerik-one\/sinumerik-one-dynamics.html\" data-rel='slide-1' class='slide-image' title='' ><img decoding=\"async\" loading=\"lazy\" width=\"300\" height=\"300\" src=\"https:\/\/retrofit.de\/wp-content\/uploads\/2023\/07\/simens2.png\" class=\"wp-image-3067 avia-img-lazy-loading-3067 attachment-medium size-medium\" alt=\"\" srcset=\"https:\/\/retrofit.de\/wp-content\/uploads\/2023\/07\/simens2.png 300w, https:\/\/retrofit.de\/wp-content\/uploads\/2023\/07\/simens2-80x80.png 80w, https:\/\/retrofit.de\/wp-content\/uploads\/2023\/07\/simens2-36x36.png 36w, https:\/\/retrofit.de\/wp-content\/uploads\/2023\/07\/simens2-180x180.png 180w\" sizes=\"auto, (max-width: 300px) 100vw, 300px\" \/><\/a><\/div><div  class='slide-entry av-wdxys-b4b1e0a9406c237c4cdf3420a78415d2 flex_column no_margin av_one_fourth real-thumbnail post-entry slide-entry-overview slide-loop-3 slide-parity-odd  '><a href=\"https:\/\/www.boschrexroth.com\/de\/de\/produkte\/produktgruppen\/elektrische-antriebe-und-steuerungen\/\" data-rel='slide-1' class='slide-image' title=''  target=\"_blank\"  rel=\"noopener noreferrer\"><img decoding=\"async\" loading=\"lazy\" width=\"300\" height=\"300\" src=\"https:\/\/retrofit.de\/wp-content\/uploads\/2023\/05\/rexroth.webp\" class=\"wp-image-1741 avia-img-lazy-loading-1741 attachment-medium size-medium\" alt=\"\" srcset=\"https:\/\/retrofit.de\/wp-content\/uploads\/2023\/05\/rexroth.webp 300w, https:\/\/retrofit.de\/wp-content\/uploads\/2023\/05\/rexroth-80x80.webp 80w, https:\/\/retrofit.de\/wp-content\/uploads\/2023\/05\/rexroth-36x36.webp 36w, https:\/\/retrofit.de\/wp-content\/uploads\/2023\/05\/rexroth-180x180.webp 180w\" sizes=\"auto, (max-width: 300px) 100vw, 300px\" \/><\/a><\/div><div  class='slide-entry av-jkufg-4c5b7e663c85810f17312d94f118e12f flex_column no_margin av_one_fourth real-thumbnail post-entry slide-entry-overview slide-loop-4 slide-parity-even  '><a href=\"https:\/\/www.num.com\/company\/\" data-rel='slide-1' class='slide-image' title=''  target=\"_blank\"  rel=\"noopener noreferrer\"><img decoding=\"async\" loading=\"lazy\" width=\"300\" height=\"300\" src=\"https:\/\/retrofit.de\/wp-content\/uploads\/2023\/05\/num.webp\" class=\"wp-image-1752 avia-img-lazy-loading-1752 attachment-medium size-medium\" alt=\"\" srcset=\"https:\/\/retrofit.de\/wp-content\/uploads\/2023\/05\/num.webp 300w, https:\/\/retrofit.de\/wp-content\/uploads\/2023\/05\/num-80x80.webp 80w, https:\/\/retrofit.de\/wp-content\/uploads\/2023\/05\/num-36x36.webp 36w, https:\/\/retrofit.de\/wp-content\/uploads\/2023\/05\/num-180x180.webp 180w\" sizes=\"auto, (max-width: 300px) 100vw, 300px\" \/><\/a><\/div><\/div><div class=\"slide-entry-wrap\"><div  class='slide-entry av-b3kgk-97eb9bb67d47a51b839365dada3ea832 flex_column no_margin av_one_fourth real-thumbnail post-entry slide-entry-overview slide-loop-5 slide-parity-odd  first'><a href=\"https:\/\/www.mitsubishielectric-cnc.de\/\" data-rel='slide-1' class='slide-image' title=''  target=\"_blank\"  rel=\"noopener noreferrer\"><img decoding=\"async\" loading=\"lazy\" width=\"300\" height=\"300\" src=\"https:\/\/retrofit.de\/wp-content\/uploads\/2023\/05\/mitsubishi.webp\" class=\"wp-image-1751 avia-img-lazy-loading-1751 attachment-medium size-medium\" alt=\"\" srcset=\"https:\/\/retrofit.de\/wp-content\/uploads\/2023\/05\/mitsubishi.webp 300w, https:\/\/retrofit.de\/wp-content\/uploads\/2023\/05\/mitsubishi-80x80.webp 80w, https:\/\/retrofit.de\/wp-content\/uploads\/2023\/05\/mitsubishi-36x36.webp 36w, https:\/\/retrofit.de\/wp-content\/uploads\/2023\/05\/mitsubishi-180x180.webp 180w\" sizes=\"auto, (max-width: 300px) 100vw, 300px\" \/><\/a><\/div><div  class='slide-entry av-1w2hsk-6f26a77477d948a737b528b6b03a39b6 flex_column no_margin av_one_fourth real-thumbnail post-entry slide-entry-overview slide-loop-6 slide-parity-even  '><a href=\"https:\/\/alexroser.de\/home\/\" data-rel='slide-1' class='slide-image' title='' ><img decoding=\"async\" loading=\"lazy\" width=\"300\" height=\"300\" src=\"https:\/\/retrofit.de\/wp-content\/uploads\/2023\/07\/ar.png\" class=\"wp-image-3050 avia-img-lazy-loading-3050 attachment-medium size-medium\" alt=\"\" srcset=\"https:\/\/retrofit.de\/wp-content\/uploads\/2023\/07\/ar.png 300w, https:\/\/retrofit.de\/wp-content\/uploads\/2023\/07\/ar-80x80.png 80w, https:\/\/retrofit.de\/wp-content\/uploads\/2023\/07\/ar-36x36.png 36w, https:\/\/retrofit.de\/wp-content\/uploads\/2023\/07\/ar-180x180.png 180w\" sizes=\"auto, (max-width: 300px) 100vw, 300px\" \/><\/a><\/div><div  class='slide-entry av-1qlqgk-8376e1e2e0717535b0ee44b76e980137 flex_column no_margin av_one_fourth real-thumbnail post-entry slide-entry-overview slide-loop-7 slide-parity-odd  '><img decoding=\"async\" loading=\"lazy\" width=\"300\" height=\"300\" src=\"https:\/\/retrofit.de\/wp-content\/uploads\/2023\/07\/bb.png\" class=\"wp-image-3051 avia-img-lazy-loading-3051 attachment-medium size-medium\" alt=\"\" srcset=\"https:\/\/retrofit.de\/wp-content\/uploads\/2023\/07\/bb.png 300w, https:\/\/retrofit.de\/wp-content\/uploads\/2023\/07\/bb-80x80.png 80w, https:\/\/retrofit.de\/wp-content\/uploads\/2023\/07\/bb-36x36.png 36w, https:\/\/retrofit.de\/wp-content\/uploads\/2023\/07\/bb-180x180.png 180w\" sizes=\"auto, (max-width: 300px) 100vw, 300px\" \/><\/div><div  class='slide-entry av-1hklzg-3747038ffb8a33b1c04dac8ca86f12bd flex_column no_margin av_one_fourth real-thumbnail post-entry slide-entry-overview slide-loop-8 slide-parity-even  '><a href=\"https:\/\/www.finnsafety.com\/de\/\" data-rel='slide-1' class='slide-image' title='' ><img decoding=\"async\" loading=\"lazy\" width=\"300\" height=\"300\" src=\"https:\/\/retrofit.de\/wp-content\/uploads\/2023\/07\/Finn.png\" class=\"wp-image-3053 avia-img-lazy-loading-3053 attachment-medium size-medium\" alt=\"\" srcset=\"https:\/\/retrofit.de\/wp-content\/uploads\/2023\/07\/Finn.png 300w, https:\/\/retrofit.de\/wp-content\/uploads\/2023\/07\/Finn-80x80.png 80w, https:\/\/retrofit.de\/wp-content\/uploads\/2023\/07\/Finn-36x36.png 36w, https:\/\/retrofit.de\/wp-content\/uploads\/2023\/07\/Finn-180x180.png 180w\" sizes=\"auto, (max-width: 300px) 100vw, 300px\" \/><\/a><\/div><\/div><div class=\"slide-entry-wrap\"><div  class='slide-entry av-189xdg-450d3b87418ff1446d6bcff409e51c9b flex_column no_margin av_one_fourth real-thumbnail post-entry slide-entry-overview slide-loop-9 slide-parity-odd  first'><a href=\"https:\/\/www.hme-ag.com\/\" data-rel='slide-1' class='slide-image' title='' ><img decoding=\"async\" loading=\"lazy\" width=\"300\" height=\"300\" src=\"https:\/\/retrofit.de\/wp-content\/uploads\/2023\/07\/HME.png\" class=\"wp-image-3054 avia-img-lazy-loading-3054 attachment-medium size-medium\" alt=\"\" srcset=\"https:\/\/retrofit.de\/wp-content\/uploads\/2023\/07\/HME.png 300w, https:\/\/retrofit.de\/wp-content\/uploads\/2023\/07\/HME-80x80.png 80w, https:\/\/retrofit.de\/wp-content\/uploads\/2023\/07\/HME-36x36.png 36w, https:\/\/retrofit.de\/wp-content\/uploads\/2023\/07\/HME-180x180.png 180w\" sizes=\"auto, (max-width: 300px) 100vw, 300px\" \/><\/a><\/div><div  class='slide-entry av-14brbg-13e871247d1c4f8881cedab3a00fd679 flex_column no_margin av_one_fourth real-thumbnail post-entry slide-entry-overview slide-loop-10 slide-parity-even  '><a href=\"https:\/\/ingenioustec.de\/\" data-rel='slide-1' class='slide-image' title='' ><img decoding=\"async\" loading=\"lazy\" width=\"300\" height=\"300\" src=\"https:\/\/retrofit.de\/wp-content\/uploads\/2023\/07\/ING.png\" class=\"wp-image-3056 avia-img-lazy-loading-3056 attachment-medium size-medium\" alt=\"\" srcset=\"https:\/\/retrofit.de\/wp-content\/uploads\/2023\/07\/ING.png 300w, https:\/\/retrofit.de\/wp-content\/uploads\/2023\/07\/ING-80x80.png 80w, https:\/\/retrofit.de\/wp-content\/uploads\/2023\/07\/ING-36x36.png 36w, https:\/\/retrofit.de\/wp-content\/uploads\/2023\/07\/ING-180x180.png 180w\" sizes=\"auto, (max-width: 300px) 100vw, 300px\" \/><\/a><\/div><div  class='slide-entry av-qs6uk-fb894a211f559d20d7cf8c83f861865e flex_column no_margin av_one_fourth real-thumbnail post-entry slide-entry-overview slide-loop-11 slide-parity-odd  '><a href=\"https:\/\/noebauer-retrofit.com\/\" data-rel='slide-1' class='slide-image' title='' ><img decoding=\"async\" loading=\"lazy\" width=\"300\" height=\"300\" src=\"https:\/\/retrofit.de\/wp-content\/uploads\/2023\/07\/noebauer.png\" class=\"wp-image-3058 avia-img-lazy-loading-3058 attachment-medium size-medium\" alt=\"\" srcset=\"https:\/\/retrofit.de\/wp-content\/uploads\/2023\/07\/noebauer.png 300w, https:\/\/retrofit.de\/wp-content\/uploads\/2023\/07\/noebauer-80x80.png 80w, https:\/\/retrofit.de\/wp-content\/uploads\/2023\/07\/noebauer-36x36.png 36w, https:\/\/retrofit.de\/wp-content\/uploads\/2023\/07\/noebauer-180x180.png 180w\" sizes=\"auto, (max-width: 300px) 100vw, 300px\" \/><\/a><\/div><div  class='slide-entry av-1uj9g-b43601f916745234f92336a323c7a764 flex_column no_margin av_one_fourth real-thumbnail post-entry slide-entry-overview slide-loop-12 slide-parity-even  '><a href=\"https:\/\/www.sos-elektronik.com\/\" data-rel='slide-1' class='slide-image' title='' ><img decoding=\"async\" loading=\"lazy\" width=\"300\" height=\"300\" src=\"https:\/\/retrofit.de\/wp-content\/uploads\/2023\/07\/sos.png\" class=\"wp-image-3060 avia-img-lazy-loading-3060 attachment-medium size-medium\" alt=\"\" srcset=\"https:\/\/retrofit.de\/wp-content\/uploads\/2023\/07\/sos.png 300w, https:\/\/retrofit.de\/wp-content\/uploads\/2023\/07\/sos-80x80.png 80w, https:\/\/retrofit.de\/wp-content\/uploads\/2023\/07\/sos-36x36.png 36w, https:\/\/retrofit.de\/wp-content\/uploads\/2023\/07\/sos-180x180.png 180w\" sizes=\"auto, (max-width: 300px) 100vw, 300px\" \/><\/a><\/div><\/div><div class=\"slide-entry-wrap\"><div  class='slide-entry av-etqpg-89e1e4be81d5046e75cbef428dba533b flex_column no_margin av_one_fourth real-thumbnail post-entry slide-entry-overview slide-loop-13 slide-parity-odd  first'><a href=\"https:\/\/www.sms-gmbh.de\/\" data-rel='slide-1' class='slide-image' title='' ><img decoding=\"async\" loading=\"lazy\" width=\"300\" height=\"300\" src=\"https:\/\/retrofit.de\/wp-content\/uploads\/2024\/11\/sms.png\" class=\"wp-image-3976 avia-img-lazy-loading-3976 attachment-medium size-medium\" alt=\"\" srcset=\"https:\/\/retrofit.de\/wp-content\/uploads\/2024\/11\/sms.png 300w, https:\/\/retrofit.de\/wp-content\/uploads\/2024\/11\/sms-80x80.png 80w, https:\/\/retrofit.de\/wp-content\/uploads\/2024\/11\/sms-36x36.png 36w, https:\/\/retrofit.de\/wp-content\/uploads\/2024\/11\/sms-180x180.png 180w\" sizes=\"auto, (max-width: 300px) 100vw, 300px\" \/><\/a><\/div><div  class='slide-entry av-85n6s-a58a8ff1caea9c0e86f01fcee95544cb flex_column no_margin av_one_fourth real-thumbnail post-entry slide-entry-overview slide-loop-14 slide-parity-even post-entry-last '><a href=\"https:\/\/www.jung-machines.com\/de\/schleifmaschinen\/jung-rebuild\/rebuild-moeglichkeiten-bei-jung\/\" data-rel='slide-1' class='slide-image' title='' ><img decoding=\"async\" loading=\"lazy\" width=\"300\" height=\"300\" src=\"https:\/\/retrofit.de\/wp-content\/uploads\/2024\/11\/blohm-jung.png\" class=\"wp-image-3977 avia-img-lazy-loading-3977 attachment-medium size-medium\" alt=\"\" srcset=\"https:\/\/retrofit.de\/wp-content\/uploads\/2024\/11\/blohm-jung.png 300w, https:\/\/retrofit.de\/wp-content\/uploads\/2024\/11\/blohm-jung-80x80.png 80w, https:\/\/retrofit.de\/wp-content\/uploads\/2024\/11\/blohm-jung-36x36.png 36w, https:\/\/retrofit.de\/wp-content\/uploads\/2024\/11\/blohm-jung-180x180.png 180w\" sizes=\"auto, (max-width: 300px) 100vw, 300px\" \/><\/a><\/div><\/div><\/div><\/div>\n","protected":false},"excerpt":{"rendered":"","protected":false},"author":1,"featured_media":0,"parent":30,"menu_order":3,"comment_status":"closed","ping_status":"closed","template":"","meta":{"footnotes":""},"class_list":["post-260","page","type-page","status-publish","hentry"],"yoast_head":"<!-- This site is optimized with the Yoast SEO plugin v27.3 - https:\/\/yoast.com\/product\/yoast-seo-wordpress\/ -->\n<title>Partner - HDC Huttelmaier Retrofit<\/title>\n<meta name=\"robots\" content=\"noindex, follow\" \/>\n<meta property=\"og:locale\" content=\"de_DE\" \/>\n<meta property=\"og:type\" content=\"article\" \/>\n<meta property=\"og:title\" content=\"Partner - HDC Huttelmaier Retrofit\" \/>\n<meta property=\"og:url\" content=\"https:\/\/retrofit.de\/index.php\/de\/ueber-uns\/partner\/\" \/>\n<meta property=\"og:site_name\" content=\"HDC Huttelmaier Retrofit\" \/>\n<meta property=\"article:modified_time\" content=\"2024-11-07T10:02:49+00:00\" \/>\n<meta name=\"twitter:card\" content=\"summary_large_image\" \/>\n<meta name=\"twitter:label1\" content=\"Gesch\u00e4tzte Lesezeit\" \/>\n\t<meta name=\"twitter:data1\" content=\"4\u00a0Minuten\" \/>\n<script type=\"application\/ld+json\" class=\"yoast-schema-graph\">{\"@context\":\"https:\\\/\\\/schema.org\",\"@graph\":[{\"@type\":\"WebPage\",\"@id\":\"https:\\\/\\\/retrofit.de\\\/index.php\\\/de\\\/ueber-uns\\\/partner\\\/\",\"url\":\"https:\\\/\\\/retrofit.de\\\/index.php\\\/de\\\/ueber-uns\\\/partner\\\/\",\"name\":\"Partner - HDC Huttelmaier Retrofit\",\"isPartOf\":{\"@id\":\"https:\\\/\\\/retrofit.de\\\/#website\"},\"datePublished\":\"2023-04-05T12:17:34+00:00\",\"dateModified\":\"2024-11-07T10:02:49+00:00\",\"breadcrumb\":{\"@id\":\"https:\\\/\\\/retrofit.de\\\/index.php\\\/de\\\/ueber-uns\\\/partner\\\/#breadcrumb\"},\"inLanguage\":\"de\",\"potentialAction\":[{\"@type\":\"ReadAction\",\"target\":[\"https:\\\/\\\/retrofit.de\\\/index.php\\\/de\\\/ueber-uns\\\/partner\\\/\"]}]},{\"@type\":\"BreadcrumbList\",\"@id\":\"https:\\\/\\\/retrofit.de\\\/index.php\\\/de\\\/ueber-uns\\\/partner\\\/#breadcrumb\",\"itemListElement\":[{\"@type\":\"ListItem\",\"position\":1,\"name\":\"Startseite\",\"item\":\"https:\\\/\\\/retrofit.de\\\/index.php\\\/de\\\/startseite\\\/\"},{\"@type\":\"ListItem\",\"position\":2,\"name\":\"\u00dcber uns\",\"item\":\"https:\\\/\\\/retrofit.de\\\/index.php\\\/ueber-uns\\\/\"},{\"@type\":\"ListItem\",\"position\":3,\"name\":\"Partner\"}]},{\"@type\":\"WebSite\",\"@id\":\"https:\\\/\\\/retrofit.de\\\/#website\",\"url\":\"https:\\\/\\\/retrofit.de\\\/\",\"name\":\"HDC Huttelmaier Retrofit\",\"description\":\"Maschinen \u00dcberholung f\u00fcr High End Pr\u00e4zision\",\"publisher\":{\"@id\":\"https:\\\/\\\/retrofit.de\\\/#organization\"},\"potentialAction\":[{\"@type\":\"SearchAction\",\"target\":{\"@type\":\"EntryPoint\",\"urlTemplate\":\"https:\\\/\\\/retrofit.de\\\/?s={search_term_string}\"},\"query-input\":{\"@type\":\"PropertyValueSpecification\",\"valueRequired\":true,\"valueName\":\"search_term_string\"}}],\"inLanguage\":\"de\"},{\"@type\":\"Organization\",\"@id\":\"https:\\\/\\\/retrofit.de\\\/#organization\",\"name\":\"HDC Huttelmaier GmbH\",\"alternateName\":\"HDC\",\"url\":\"https:\\\/\\\/retrofit.de\\\/\",\"logo\":{\"@type\":\"ImageObject\",\"inLanguage\":\"de\",\"@id\":\"https:\\\/\\\/retrofit.de\\\/#\\\/schema\\\/logo\\\/image\\\/\",\"url\":\"https:\\\/\\\/retrofit.de\\\/wp-content\\\/uploads\\\/2023\\\/04\\\/Logo.jpg\",\"contentUrl\":\"https:\\\/\\\/retrofit.de\\\/wp-content\\\/uploads\\\/2023\\\/04\\\/Logo.jpg\",\"width\":2083,\"height\":2083,\"caption\":\"HDC Huttelmaier GmbH\"},\"image\":{\"@id\":\"https:\\\/\\\/retrofit.de\\\/#\\\/schema\\\/logo\\\/image\\\/\"}}]}<\/script>\n<!-- \/ Yoast SEO plugin. -->","yoast_head_json":{"title":"Partner - HDC Huttelmaier Retrofit","robots":{"index":"noindex","follow":"follow"},"og_locale":"de_DE","og_type":"article","og_title":"Partner - HDC Huttelmaier Retrofit","og_url":"https:\/\/retrofit.de\/index.php\/de\/ueber-uns\/partner\/","og_site_name":"HDC Huttelmaier Retrofit","article_modified_time":"2024-11-07T10:02:49+00:00","twitter_card":"summary_large_image","twitter_misc":{"Gesch\u00e4tzte Lesezeit":"4\u00a0Minuten"},"schema":{"@context":"https:\/\/schema.org","@graph":[{"@type":"WebPage","@id":"https:\/\/retrofit.de\/index.php\/de\/ueber-uns\/partner\/","url":"https:\/\/retrofit.de\/index.php\/de\/ueber-uns\/partner\/","name":"Partner - HDC Huttelmaier Retrofit","isPartOf":{"@id":"https:\/\/retrofit.de\/#website"},"datePublished":"2023-04-05T12:17:34+00:00","dateModified":"2024-11-07T10:02:49+00:00","breadcrumb":{"@id":"https:\/\/retrofit.de\/index.php\/de\/ueber-uns\/partner\/#breadcrumb"},"inLanguage":"de","potentialAction":[{"@type":"ReadAction","target":["https:\/\/retrofit.de\/index.php\/de\/ueber-uns\/partner\/"]}]},{"@type":"BreadcrumbList","@id":"https:\/\/retrofit.de\/index.php\/de\/ueber-uns\/partner\/#breadcrumb","itemListElement":[{"@type":"ListItem","position":1,"name":"Startseite","item":"https:\/\/retrofit.de\/index.php\/de\/startseite\/"},{"@type":"ListItem","position":2,"name":"\u00dcber uns","item":"https:\/\/retrofit.de\/index.php\/ueber-uns\/"},{"@type":"ListItem","position":3,"name":"Partner"}]},{"@type":"WebSite","@id":"https:\/\/retrofit.de\/#website","url":"https:\/\/retrofit.de\/","name":"HDC Huttelmaier Retrofit","description":"Maschinen \u00dcberholung f\u00fcr High End Pr\u00e4zision","publisher":{"@id":"https:\/\/retrofit.de\/#organization"},"potentialAction":[{"@type":"SearchAction","target":{"@type":"EntryPoint","urlTemplate":"https:\/\/retrofit.de\/?s={search_term_string}"},"query-input":{"@type":"PropertyValueSpecification","valueRequired":true,"valueName":"search_term_string"}}],"inLanguage":"de"},{"@type":"Organization","@id":"https:\/\/retrofit.de\/#organization","name":"HDC Huttelmaier GmbH","alternateName":"HDC","url":"https:\/\/retrofit.de\/","logo":{"@type":"ImageObject","inLanguage":"de","@id":"https:\/\/retrofit.de\/#\/schema\/logo\/image\/","url":"https:\/\/retrofit.de\/wp-content\/uploads\/2023\/04\/Logo.jpg","contentUrl":"https:\/\/retrofit.de\/wp-content\/uploads\/2023\/04\/Logo.jpg","width":2083,"height":2083,"caption":"HDC Huttelmaier GmbH"},"image":{"@id":"https:\/\/retrofit.de\/#\/schema\/logo\/image\/"}}]}},"_links":{"self":[{"href":"https:\/\/retrofit.de\/index.php\/wp-json\/wp\/v2\/pages\/260","targetHints":{"allow":["GET"]}}],"collection":[{"href":"https:\/\/retrofit.de\/index.php\/wp-json\/wp\/v2\/pages"}],"about":[{"href":"https:\/\/retrofit.de\/index.php\/wp-json\/wp\/v2\/types\/page"}],"author":[{"embeddable":true,"href":"https:\/\/retrofit.de\/index.php\/wp-json\/wp\/v2\/users\/1"}],"replies":[{"embeddable":true,"href":"https:\/\/retrofit.de\/index.php\/wp-json\/wp\/v2\/comments?post=260"}],"version-history":[{"count":33,"href":"https:\/\/retrofit.de\/index.php\/wp-json\/wp\/v2\/pages\/260\/revisions"}],"predecessor-version":[{"id":4681,"href":"https:\/\/retrofit.de\/index.php\/wp-json\/wp\/v2\/pages\/260\/revisions\/4681"}],"up":[{"embeddable":true,"href":"https:\/\/retrofit.de\/index.php\/wp-json\/wp\/v2\/pages\/30"}],"wp:attachment":[{"href":"https:\/\/retrofit.de\/index.php\/wp-json\/wp\/v2\/media?parent=260"}],"curies":[{"name":"wp","href":"https:\/\/api.w.org\/{rel}","templated":true}]}}