{"id":258,"date":"2023-04-05T14:17:14","date_gmt":"2023-04-05T12:17:14","guid":{"rendered":"https:\/\/retrofit.de\/wordpress\/?page_id=258"},"modified":"2023-07-18T16:15:40","modified_gmt":"2023-07-18T14:15:40","slug":"warum-hdc","status":"publish","type":"page","link":"https:\/\/retrofit.de\/index.php\/de\/ueber-uns\/warum-hdc\/","title":{"rendered":"Warum HDC"},"content":{"rendered":"<div  class='flex_column av-1eut5e-2575b0a36ea84d583f15e4c8083f8707 av_one_full  avia-builder-el-0  el_before_av_one_full  avia-builder-el-first  first flex_column_div  '     ><p>\n<style type=\"text\/css\" data-created_by=\"avia_inline_auto\" id=\"style-css-av-19vth6-7cb1a182830e4d81cd4a696bc127950c\">\n#top .hr.hr-invisible.av-19vth6-7cb1a182830e4d81cd4a696bc127950c{\nheight:15px;\n}\n<\/style>\n<div  class='hr av-19vth6-7cb1a182830e4d81cd4a696bc127950c hr-invisible  avia-builder-el-1  el_before_av_heading  avia-builder-el-first '><span class='hr-inner '><span class=\"hr-inner-style\"><\/span><\/span><\/div><br \/>\n\n<style type=\"text\/css\" data-created_by=\"avia_inline_auto\" id=\"style-css-av-li34qidh-23dd9f3f21f2d8fac9753418507a6246\">\n#top .av-special-heading.av-li34qidh-23dd9f3f21f2d8fac9753418507a6246{\npadding-bottom:10px;\n}\nbody .av-special-heading.av-li34qidh-23dd9f3f21f2d8fac9753418507a6246 .av-special-heading-tag .heading-char{\nfont-size:25px;\n}\n.av-special-heading.av-li34qidh-23dd9f3f21f2d8fac9753418507a6246 .av-subheading{\nfont-size:15px;\n}\n<\/style>\n<div  class='av-special-heading av-li34qidh-23dd9f3f21f2d8fac9753418507a6246 av-special-heading-h1 blockquote modern-quote  avia-builder-el-2  el_after_av_hr  el_before_av_hr '><h1 class='av-special-heading-tag '  itemprop=\"headline\"  >Warum HDC?<\/h1><div class=\"special-heading-border\"><div class=\"special-heading-inner-border\"><\/div><\/div><\/div><br \/>\n\n<style type=\"text\/css\" data-created_by=\"avia_inline_auto\" id=\"style-css-av-11ckiq-40eae1509d4ff6c29b02d2d56f20003b\">\n#top .hr.hr-invisible.av-11ckiq-40eae1509d4ff6c29b02d2d56f20003b{\nheight:55px;\n}\n<\/style>\n<div  class='hr av-11ckiq-40eae1509d4ff6c29b02d2d56f20003b hr-invisible  avia-builder-el-3  el_after_av_heading  el_before_av_image '><span class='hr-inner '><span class=\"hr-inner-style\"><\/span><\/span><\/div><br \/>\n\n<style type=\"text\/css\" data-created_by=\"avia_inline_auto\" id=\"style-css-av-wuroa-8af505a07b9e3c31b97b6f451bd6c001\">\n.avia-image-container.av-wuroa-8af505a07b9e3c31b97b6f451bd6c001 img.avia_image{\nbox-shadow:none;\n}\n.avia-image-container.av-wuroa-8af505a07b9e3c31b97b6f451bd6c001 .av-image-caption-overlay-center{\ncolor:#ffffff;\n}\n.avia-image-container.av-wuroa-8af505a07b9e3c31b97b6f451bd6c001 .avia-curtain-reveal-overlay{\nanimation-duration:1.5s;\nbackground:#d9000e;\nz-index:100;\n}\n<\/style>\n<div  class='avia-image-container av-wuroa-8af505a07b9e3c31b97b6f451bd6c001 av-styling- avia-align-left  avia-builder-el-4  el_after_av_hr  el_before_av_hr '   itemprop=\"image\" itemscope=\"itemscope\" itemtype=\"https:\/\/schema.org\/ImageObject\" ><div class=\"avia-image-container-inner\"><div class=\"avia-image-overlay-wrap\"><div class='avia-curtain-reveal-overlay av-animated-when-visible-95 animate-all-devices curtain-reveal-btt'><\/div><img decoding=\"async\" fetchpriority=\"high\" class='wp-image-1508 avia-img-lazy-loading-not-1508 avia_image ' src=\"https:\/\/retrofit.de\/wp-content\/uploads\/2023\/05\/Produktionshalle-HDC-1.webp\" alt='' title='Produktionshalle-HDC-1'  height=\"750\" width=\"1920\"  itemprop=\"thumbnailUrl\" srcset=\"https:\/\/retrofit.de\/wp-content\/uploads\/2023\/05\/Produktionshalle-HDC-1.webp 1920w, https:\/\/retrofit.de\/wp-content\/uploads\/2023\/05\/Produktionshalle-HDC-1-300x117.webp 300w, https:\/\/retrofit.de\/wp-content\/uploads\/2023\/05\/Produktionshalle-HDC-1-1030x402.webp 1030w, https:\/\/retrofit.de\/wp-content\/uploads\/2023\/05\/Produktionshalle-HDC-1-768x300.webp 768w, https:\/\/retrofit.de\/wp-content\/uploads\/2023\/05\/Produktionshalle-HDC-1-1536x600.webp 1536w, https:\/\/retrofit.de\/wp-content\/uploads\/2023\/05\/Produktionshalle-HDC-1-1500x586.webp 1500w, https:\/\/retrofit.de\/wp-content\/uploads\/2023\/05\/Produktionshalle-HDC-1-705x275.webp 705w\" sizes=\"(max-width: 1920px) 100vw, 1920px\" \/><\/div><\/div><\/div><br \/>\n\n<style type=\"text\/css\" data-created_by=\"avia_inline_auto\" id=\"style-css-av-qwipm-6c02b8448dde83f737c724a9c844c7a9\">\n#top .hr.hr-invisible.av-qwipm-6c02b8448dde83f737c724a9c844c7a9{\nheight:55px;\n}\n<\/style>\n<div  class='hr av-qwipm-6c02b8448dde83f737c724a9c844c7a9 hr-invisible  avia-builder-el-5  el_after_av_image  avia-builder-el-last '><span class='hr-inner '><span class=\"hr-inner-style\"><\/span><\/span><\/div><\/p><\/div><div  class='flex_column av-hpjl6-1cece1908f78c61ef5d9cd14813533a9 av_one_full  avia-builder-el-6  el_after_av_one_full  avia-builder-el-last  first flex_column_div  column-top-margin'     ><p>\n<style type=\"text\/css\" data-created_by=\"avia_inline_auto\" id=\"style-css-av-brj42-f022fbfaf65915d3a03aa24c6b4687e1\">\n#top .av-special-heading.av-brj42-f022fbfaf65915d3a03aa24c6b4687e1{\npadding-bottom:10px;\n}\nbody .av-special-heading.av-brj42-f022fbfaf65915d3a03aa24c6b4687e1 .av-special-heading-tag .heading-char{\nfont-size:25px;\n}\n.av-special-heading.av-brj42-f022fbfaf65915d3a03aa24c6b4687e1 .av-subheading{\nfont-size:15px;\n}\n<\/style>\n<div  class='av-special-heading av-brj42-f022fbfaf65915d3a03aa24c6b4687e1 av-special-heading-h2 blockquote modern-quote  avia-builder-el-7  el_before_av_hr  avia-builder-el-first '><h2 class='av-special-heading-tag '  itemprop=\"headline\"  >RETROFIT UND SONDERMASCHINENBAU \u2013 UNSERE KERNKOMPETENZ<\/h2><div class=\"special-heading-border\"><div class=\"special-heading-inner-border\"><\/div><\/div><\/div><br \/>\n\n<style type=\"text\/css\" data-created_by=\"avia_inline_auto\" id=\"style-css-av-av_hr-d25c98c2beecd8532cbab9d479c75414\">\n#top .hr.hr-invisible.av-av_hr-d25c98c2beecd8532cbab9d479c75414{\nheight:55px;\n}\n<\/style>\n<div  class='hr av-av_hr-d25c98c2beecd8532cbab9d479c75414 hr-invisible  avia-builder-el-8  el_after_av_heading  el_before_av_textblock '><span class='hr-inner '><span class=\"hr-inner-style\"><\/span><\/span><\/div><br \/>\n\n<style type=\"text\/css\" data-created_by=\"avia_inline_auto\" id=\"style-css-av-li34sfkh-4e679842dac78096a77017fdb3fe9796\">\n#top .av_textblock_section.av-li34sfkh-4e679842dac78096a77017fdb3fe9796 .avia_textblock{\ncolumn-count:2;\ncolumn-gap:10%;\n}\n<\/style>\n<section  class='av_textblock_section av-li34sfkh-4e679842dac78096a77017fdb3fe9796 '   itemscope=\"itemscope\" itemtype=\"https:\/\/schema.org\/CreativeWork\" ><div class='avia_textblock av_multi_colums av_inherit_color'  itemprop=\"text\" ><p><strong>Die HDC Huttelmaier in Schorndorf ist dank Einsatzbereitschaft unserer erfahrenen Belegschaft seit \u00fcber 70 Jahren ein fester Begriff in den Branchen Retrofit und Sondermaschinbau.<\/strong><\/p>\n<p>Retrofit von HDC bringt hersteller\u00fcbergreifend ihre Fr\u00e4s- , Schleif-, Dreh- oder Sondermaschinen zu einem Bruchteil der Kosten einer Neuanschaffung wieder auf Vordermann. Ganz gleich, ob mit der General\u00fcberholung oder Modernisierung Ihrer Werkzeugmaschinen und Anlagen. Umfassende Branchenkenntnis und detailliertes Know-how \u00fcber verschiedene Maschinentypen bilden die Grundlage f\u00fcr unsere hohe Selbstanforderung und Firmenphilosophie. In unseren Referenzen finden sich viele namhafte Unternehmen aus Deutschland und Europa.<\/p>\n<p>Sie haben ein Bohrwerk oder ein Fr\u00e4szentrum? Sie m\u00f6chten eine Rundschleifmaschine, Flachschleifmaschine, Centerless-Maschine, Sonderschleifmaschine, Drehmaschine, Walzendrehmaschine \u2026 renovieren?<\/p>\n<p><strong>Fordern Sie uns!<\/strong><\/p>\n<\/div><\/section><\/p><\/div><\/p>\n","protected":false},"excerpt":{"rendered":"","protected":false},"author":1,"featured_media":0,"parent":30,"menu_order":2,"comment_status":"closed","ping_status":"closed","template":"","meta":{"footnotes":""},"class_list":["post-258","page","type-page","status-publish","hentry"],"yoast_head":"<!-- This site is optimized with the Yoast SEO plugin v27.4 - https:\/\/yoast.com\/product\/yoast-seo-wordpress\/ -->\n<title>Warum HDC - HDC Huttelmaier Retrofit<\/title>\n<meta name=\"robots\" content=\"noindex, follow\" \/>\n<meta property=\"og:locale\" content=\"de_DE\" \/>\n<meta property=\"og:type\" content=\"article\" \/>\n<meta property=\"og:title\" content=\"Warum HDC - HDC Huttelmaier Retrofit\" \/>\n<meta property=\"og:url\" content=\"https:\/\/retrofit.de\/index.php\/de\/ueber-uns\/warum-hdc\/\" \/>\n<meta property=\"og:site_name\" content=\"HDC Huttelmaier Retrofit\" \/>\n<meta property=\"article:modified_time\" content=\"2023-07-18T14:15:40+00:00\" \/>\n<meta name=\"twitter:card\" content=\"summary_large_image\" \/>\n<meta name=\"twitter:label1\" content=\"Gesch\u00e4tzte Lesezeit\" \/>\n\t<meta name=\"twitter:data1\" content=\"4\u00a0Minuten\" \/>\n<script type=\"application\/ld+json\" class=\"yoast-schema-graph\">{\"@context\":\"https:\\\/\\\/schema.org\",\"@graph\":[{\"@type\":\"WebPage\",\"@id\":\"https:\\\/\\\/retrofit.de\\\/index.php\\\/de\\\/ueber-uns\\\/warum-hdc\\\/\",\"url\":\"https:\\\/\\\/retrofit.de\\\/index.php\\\/de\\\/ueber-uns\\\/warum-hdc\\\/\",\"name\":\"Warum HDC - HDC Huttelmaier Retrofit\",\"isPartOf\":{\"@id\":\"https:\\\/\\\/retrofit.de\\\/#website\"},\"datePublished\":\"2023-04-05T12:17:14+00:00\",\"dateModified\":\"2023-07-18T14:15:40+00:00\",\"breadcrumb\":{\"@id\":\"https:\\\/\\\/retrofit.de\\\/index.php\\\/de\\\/ueber-uns\\\/warum-hdc\\\/#breadcrumb\"},\"inLanguage\":\"de\",\"potentialAction\":[{\"@type\":\"ReadAction\",\"target\":[\"https:\\\/\\\/retrofit.de\\\/index.php\\\/de\\\/ueber-uns\\\/warum-hdc\\\/\"]}]},{\"@type\":\"BreadcrumbList\",\"@id\":\"https:\\\/\\\/retrofit.de\\\/index.php\\\/de\\\/ueber-uns\\\/warum-hdc\\\/#breadcrumb\",\"itemListElement\":[{\"@type\":\"ListItem\",\"position\":1,\"name\":\"Startseite\",\"item\":\"https:\\\/\\\/retrofit.de\\\/index.php\\\/de\\\/startseite\\\/\"},{\"@type\":\"ListItem\",\"position\":2,\"name\":\"\u00dcber uns\",\"item\":\"https:\\\/\\\/retrofit.de\\\/index.php\\\/ueber-uns\\\/\"},{\"@type\":\"ListItem\",\"position\":3,\"name\":\"Warum HDC\"}]},{\"@type\":\"WebSite\",\"@id\":\"https:\\\/\\\/retrofit.de\\\/#website\",\"url\":\"https:\\\/\\\/retrofit.de\\\/\",\"name\":\"HDC Huttelmaier Retrofit\",\"description\":\"Maschinen \u00dcberholung f\u00fcr High End Pr\u00e4zision\",\"publisher\":{\"@id\":\"https:\\\/\\\/retrofit.de\\\/#organization\"},\"potentialAction\":[{\"@type\":\"SearchAction\",\"target\":{\"@type\":\"EntryPoint\",\"urlTemplate\":\"https:\\\/\\\/retrofit.de\\\/?s={search_term_string}\"},\"query-input\":{\"@type\":\"PropertyValueSpecification\",\"valueRequired\":true,\"valueName\":\"search_term_string\"}}],\"inLanguage\":\"de\"},{\"@type\":\"Organization\",\"@id\":\"https:\\\/\\\/retrofit.de\\\/#organization\",\"name\":\"HDC Huttelmaier GmbH\",\"alternateName\":\"HDC\",\"url\":\"https:\\\/\\\/retrofit.de\\\/\",\"logo\":{\"@type\":\"ImageObject\",\"inLanguage\":\"de\",\"@id\":\"https:\\\/\\\/retrofit.de\\\/#\\\/schema\\\/logo\\\/image\\\/\",\"url\":\"https:\\\/\\\/retrofit.de\\\/wp-content\\\/uploads\\\/2023\\\/04\\\/Logo.jpg\",\"contentUrl\":\"https:\\\/\\\/retrofit.de\\\/wp-content\\\/uploads\\\/2023\\\/04\\\/Logo.jpg\",\"width\":2083,\"height\":2083,\"caption\":\"HDC Huttelmaier GmbH\"},\"image\":{\"@id\":\"https:\\\/\\\/retrofit.de\\\/#\\\/schema\\\/logo\\\/image\\\/\"}}]}<\/script>\n<!-- \/ Yoast SEO plugin. -->","yoast_head_json":{"title":"Warum HDC - HDC Huttelmaier Retrofit","robots":{"index":"noindex","follow":"follow"},"og_locale":"de_DE","og_type":"article","og_title":"Warum HDC - HDC Huttelmaier Retrofit","og_url":"https:\/\/retrofit.de\/index.php\/de\/ueber-uns\/warum-hdc\/","og_site_name":"HDC Huttelmaier Retrofit","article_modified_time":"2023-07-18T14:15:40+00:00","twitter_card":"summary_large_image","twitter_misc":{"Gesch\u00e4tzte Lesezeit":"4\u00a0Minuten"},"schema":{"@context":"https:\/\/schema.org","@graph":[{"@type":"WebPage","@id":"https:\/\/retrofit.de\/index.php\/de\/ueber-uns\/warum-hdc\/","url":"https:\/\/retrofit.de\/index.php\/de\/ueber-uns\/warum-hdc\/","name":"Warum HDC - HDC Huttelmaier Retrofit","isPartOf":{"@id":"https:\/\/retrofit.de\/#website"},"datePublished":"2023-04-05T12:17:14+00:00","dateModified":"2023-07-18T14:15:40+00:00","breadcrumb":{"@id":"https:\/\/retrofit.de\/index.php\/de\/ueber-uns\/warum-hdc\/#breadcrumb"},"inLanguage":"de","potentialAction":[{"@type":"ReadAction","target":["https:\/\/retrofit.de\/index.php\/de\/ueber-uns\/warum-hdc\/"]}]},{"@type":"BreadcrumbList","@id":"https:\/\/retrofit.de\/index.php\/de\/ueber-uns\/warum-hdc\/#breadcrumb","itemListElement":[{"@type":"ListItem","position":1,"name":"Startseite","item":"https:\/\/retrofit.de\/index.php\/de\/startseite\/"},{"@type":"ListItem","position":2,"name":"\u00dcber uns","item":"https:\/\/retrofit.de\/index.php\/ueber-uns\/"},{"@type":"ListItem","position":3,"name":"Warum HDC"}]},{"@type":"WebSite","@id":"https:\/\/retrofit.de\/#website","url":"https:\/\/retrofit.de\/","name":"HDC Huttelmaier Retrofit","description":"Maschinen \u00dcberholung f\u00fcr High End Pr\u00e4zision","publisher":{"@id":"https:\/\/retrofit.de\/#organization"},"potentialAction":[{"@type":"SearchAction","target":{"@type":"EntryPoint","urlTemplate":"https:\/\/retrofit.de\/?s={search_term_string}"},"query-input":{"@type":"PropertyValueSpecification","valueRequired":true,"valueName":"search_term_string"}}],"inLanguage":"de"},{"@type":"Organization","@id":"https:\/\/retrofit.de\/#organization","name":"HDC Huttelmaier GmbH","alternateName":"HDC","url":"https:\/\/retrofit.de\/","logo":{"@type":"ImageObject","inLanguage":"de","@id":"https:\/\/retrofit.de\/#\/schema\/logo\/image\/","url":"https:\/\/retrofit.de\/wp-content\/uploads\/2023\/04\/Logo.jpg","contentUrl":"https:\/\/retrofit.de\/wp-content\/uploads\/2023\/04\/Logo.jpg","width":2083,"height":2083,"caption":"HDC Huttelmaier GmbH"},"image":{"@id":"https:\/\/retrofit.de\/#\/schema\/logo\/image\/"}}]}},"_links":{"self":[{"href":"https:\/\/retrofit.de\/index.php\/wp-json\/wp\/v2\/pages\/258","targetHints":{"allow":["GET"]}}],"collection":[{"href":"https:\/\/retrofit.de\/index.php\/wp-json\/wp\/v2\/pages"}],"about":[{"href":"https:\/\/retrofit.de\/index.php\/wp-json\/wp\/v2\/types\/page"}],"author":[{"embeddable":true,"href":"https:\/\/retrofit.de\/index.php\/wp-json\/wp\/v2\/users\/1"}],"replies":[{"embeddable":true,"href":"https:\/\/retrofit.de\/index.php\/wp-json\/wp\/v2\/comments?post=258"}],"version-history":[{"count":10,"href":"https:\/\/retrofit.de\/index.php\/wp-json\/wp\/v2\/pages\/258\/revisions"}],"predecessor-version":[{"id":3164,"href":"https:\/\/retrofit.de\/index.php\/wp-json\/wp\/v2\/pages\/258\/revisions\/3164"}],"up":[{"embeddable":true,"href":"https:\/\/retrofit.de\/index.php\/wp-json\/wp\/v2\/pages\/30"}],"wp:attachment":[{"href":"https:\/\/retrofit.de\/index.php\/wp-json\/wp\/v2\/media?parent=258"}],"curies":[{"name":"wp","href":"https:\/\/api.w.org\/{rel}","templated":true}]}}