{"id":21,"date":"2023-04-03T14:32:27","date_gmt":"2023-04-03T12:32:27","guid":{"rendered":"https:\/\/retrofit.de\/wordpress\/?page_id=21"},"modified":"2025-02-13T11:04:12","modified_gmt":"2025-02-13T10:04:12","slug":"cnc-retrofit","status":"publish","type":"page","link":"https:\/\/retrofit.de\/index.php\/de\/cnc-retrofit\/","title":{"rendered":"CNC Retrofit"},"content":{"rendered":"<div id='av_section_1'  class='avia-section av-1jlel-1bc90ba3e1ffa55f8d3a7be395c03e85 main_color avia-section-default avia-no-border-styling  avia-builder-el-0  avia-builder-el-no-sibling  avia-bg-style-scroll container_wrap fullsize'  ><div class='container av-section-cont-open' ><main  role=\"main\" itemprop=\"mainContentOfPage\"  class='template-page content  av-content-full alpha units'><div class='post-entry post-entry-type-page post-entry-21'><div class='entry-content-wrapper clearfix'>\n<div  class='flex_column av-ok4d-ec5e928a20181e29bd166158ddb8e152 av_one_full  avia-builder-el-1  el_before_av_two_fifth  avia-builder-el-first  first flex_column_div  '     ><style type=\"text\/css\" data-created_by=\"avia_inline_auto\" id=\"style-css-av-lg29wfol-37e9971fa900703c1848cdeb9cb5fa1f\">\n#top .av-special-heading.av-lg29wfol-37e9971fa900703c1848cdeb9cb5fa1f{\npadding-bottom:10px;\n}\nbody .av-special-heading.av-lg29wfol-37e9971fa900703c1848cdeb9cb5fa1f .av-special-heading-tag .heading-char{\nfont-size:25px;\n}\n.av-special-heading.av-lg29wfol-37e9971fa900703c1848cdeb9cb5fa1f .av-subheading{\nfont-size:15px;\n}\n<\/style>\n<div  class='av-special-heading av-lg29wfol-37e9971fa900703c1848cdeb9cb5fa1f av-special-heading-h1 blockquote modern-quote  avia-builder-el-2  avia-builder-el-no-sibling '><h1 class='av-special-heading-tag '  itemprop=\"headline\"  >CNC Retrofit<\/h1><div class=\"special-heading-border\"><div class=\"special-heading-inner-border\"><\/div><\/div><\/div><\/div><div  class='flex_column av-1kak5-19779614919f109e2348b4c830a86930 av_two_fifth  avia-builder-el-3  el_after_av_one_full  el_before_av_three_fifth  first flex_column_div  column-top-margin'     ><div  class='avia-slideshow av-lh8w4oqn-ab992b4f6709a0c7aeccd20fbd556170 avia-slideshow-extra_large av_slideshow avia-slide-slider  avia-builder-el-4  avia-builder-el-no-sibling  av-slideshow-ui av-control-minimal av-control-minimal-dark av-nav-arrows-visible av-no-slider-navigation av-slideshow-autoplay av-loop-endless av-loop-manual-endless av-default-height-applied avia-slideshow-1' data-slideshow-options=\"{&quot;animation&quot;:&quot;slide&quot;,&quot;autoplay&quot;:true,&quot;loop_autoplay&quot;:&quot;endless&quot;,&quot;interval&quot;:5,&quot;loop_manual&quot;:&quot;manual-endless&quot;,&quot;autoplay_stopper&quot;:false,&quot;noNavigation&quot;:false,&quot;bg_slider&quot;:false,&quot;transitionSpeed&quot;:400,&quot;keep_padding&quot;:false,&quot;hoverpause&quot;:false,&quot;show_slide_delay&quot;:0}\"  itemprop=\"image\" itemscope=\"itemscope\" itemtype=\"https:\/\/schema.org\/ImageObject\" ><ul class='avia-slideshow-inner ' style='padding-bottom: 66.666666666667%;'><li  class='avia-slideshow-slide av-lh8w4oqn-ab992b4f6709a0c7aeccd20fbd556170__0  slide-1 slide-odd'><div data-rel='slideshow-1' class='avia-slide-wrap '   ><img decoding=\"async\" fetchpriority=\"high\" class=\"wp-image-1489 avia-img-lazy-loading-not-1489\"  src=\"https:\/\/retrofit.de\/wp-content\/uploads\/2023\/05\/Retrofit-Service-1500x1000.webp\" width=\"1500\" height=\"1000\" title='Retrofit-Service' alt='Retrofit Service'  itemprop=\"thumbnailUrl\" srcset=\"https:\/\/retrofit.de\/wp-content\/uploads\/2023\/05\/Retrofit-Service-1500x1000.webp 1500w, https:\/\/retrofit.de\/wp-content\/uploads\/2023\/05\/Retrofit-Service-300x200.webp 300w, https:\/\/retrofit.de\/wp-content\/uploads\/2023\/05\/Retrofit-Service-1030x687.webp 1030w, https:\/\/retrofit.de\/wp-content\/uploads\/2023\/05\/Retrofit-Service-768x512.webp 768w, https:\/\/retrofit.de\/wp-content\/uploads\/2023\/05\/Retrofit-Service-1536x1024.webp 1536w, https:\/\/retrofit.de\/wp-content\/uploads\/2023\/05\/Retrofit-Service-705x470.webp 705w, https:\/\/retrofit.de\/wp-content\/uploads\/2023\/05\/Retrofit-Service.webp 1771w\" sizes=\"(max-width: 1500px) 100vw, 1500px\" \/><\/div><\/li><li  class='avia-slideshow-slide av-lh8w4oqn-ab992b4f6709a0c7aeccd20fbd556170__1  slide-2 slide-even'><div data-rel='slideshow-1' class='avia-slide-wrap '   ><img decoding=\"async\" fetchpriority=\"high\" class=\"wp-image-1488 avia-img-lazy-loading-not-1488\"  src=\"https:\/\/retrofit.de\/wp-content\/uploads\/2023\/05\/Retrofit-Service-3.webp\" width=\"1089\" height=\"604\" title='Retrofit-Service' alt='Retrofit-Service'  itemprop=\"thumbnailUrl\" srcset=\"https:\/\/retrofit.de\/wp-content\/uploads\/2023\/05\/Retrofit-Service-3.webp 1089w, https:\/\/retrofit.de\/wp-content\/uploads\/2023\/05\/Retrofit-Service-3-300x166.webp 300w, https:\/\/retrofit.de\/wp-content\/uploads\/2023\/05\/Retrofit-Service-3-1030x571.webp 1030w, https:\/\/retrofit.de\/wp-content\/uploads\/2023\/05\/Retrofit-Service-3-768x426.webp 768w, https:\/\/retrofit.de\/wp-content\/uploads\/2023\/05\/Retrofit-Service-3-705x391.webp 705w\" sizes=\"(max-width: 1089px) 100vw, 1089px\" \/><\/div><\/li><li  class='avia-slideshow-slide av-lh8w4oqn-ab992b4f6709a0c7aeccd20fbd556170__2  slide-3 slide-odd'><div data-rel='slideshow-1' class='avia-slide-wrap '   ><img decoding=\"async\" fetchpriority=\"high\" class=\"wp-image-1487 avia-img-lazy-loading-not-1487\"  src=\"https:\/\/retrofit.de\/wp-content\/uploads\/2023\/05\/Retrofit-Service-2-1500x1001.webp\" width=\"1500\" height=\"1001\" title='Retrofit-Service' alt='Retrofit-Service'  itemprop=\"thumbnailUrl\" srcset=\"https:\/\/retrofit.de\/wp-content\/uploads\/2023\/05\/Retrofit-Service-2-1500x1001.webp 1500w, https:\/\/retrofit.de\/wp-content\/uploads\/2023\/05\/Retrofit-Service-2-300x200.webp 300w, https:\/\/retrofit.de\/wp-content\/uploads\/2023\/05\/Retrofit-Service-2-1030x687.webp 1030w, https:\/\/retrofit.de\/wp-content\/uploads\/2023\/05\/Retrofit-Service-2-768x512.webp 768w, https:\/\/retrofit.de\/wp-content\/uploads\/2023\/05\/Retrofit-Service-2-1536x1025.webp 1536w, https:\/\/retrofit.de\/wp-content\/uploads\/2023\/05\/Retrofit-Service-2-2048x1367.webp 2048w, https:\/\/retrofit.de\/wp-content\/uploads\/2023\/05\/Retrofit-Service-2-705x470.webp 705w\" sizes=\"(max-width: 1500px) 100vw, 1500px\" \/><\/div><\/li><\/ul><div class='avia-slideshow-arrows avia-slideshow-controls' ><a href='#prev' class='prev-slide ' aria-hidden='true' data-av_icon='\ue87c' data-av_iconfont='entypo-fontello'  tabindex='-1'>Zur\u00fcck<\/a><a href='#next' class='next-slide ' aria-hidden='true' data-av_icon='\ue87d' data-av_iconfont='entypo-fontello'  tabindex='-1'>Weiter<\/a><\/div><\/div><\/div><div  class='flex_column av-lg29yef9-ceae01e18e4e83d1415545add6ab8f0e av_three_fifth  avia-builder-el-5  el_after_av_two_fifth  el_before_av_one_third  flex_column_div  column-top-margin'     ><section  class='av_textblock_section av-lg29xm1f-01cc101e2b160edd0e33387d7f495c0e '   itemscope=\"itemscope\" itemtype=\"https:\/\/schema.org\/CreativeWork\" ><div class='avia_textblock av_inherit_color'  itemprop=\"text\" ><p data-olk-copy-source=\"MessageBody\">Die erfahrenen CNC Retrofit Spezialisten von HDC Huttelmaier bieten einen professionellen Industrie 4.0 Retrofit f\u00fcr den Maschinenbau.<\/p>\n<p>Seit 1947 unterst\u00fctzen wir Fertigungsunternehmen in der Metallindustrie insbesondere bei der \u00dcberholung von Werkzeugmaschinen.<\/p>\n<p>Wir bieten Ihnen Pr\u00e4zision, Zuverl\u00e4ssigkeit und Sicherheit aus einer Hand.<\/p>\n<\/div><\/section><br \/>\n<section  class='av_textblock_section av-lgqkjpzi-6c43173a957f9bc2cafd84452483d9d6 '   itemscope=\"itemscope\" itemtype=\"https:\/\/schema.org\/CreativeWork\" ><div class='avia_textblock av_inherit_color'  itemprop=\"text\" ><ul>\n<li>Retrofit Beratung f\u00fcr Werkzeugmaschinen<\/li>\n<li>IST-Stand Aufnahme und Befundung<\/li>\n<li>Geometrie nach DIN: Maschinentoleranzen einhalten<\/li>\n<li>Geringere Durchlaufzeiten durch optimierte Prozesse<\/li>\n<li>Energieersparnis im Vergleich zur Alt-Maschine<\/li>\n<li>Kostenersparnis im Vergleich zur Anschaffung einer Neumaschine<\/li>\n<li>Belastbares Lastenheft zusammen erstellen<\/li>\n<li>Beratung Betriebssicherheitsverordnung<\/li>\n<li>Fehlerbehebung, Instandhaltung und Zweckreparaturen<\/li>\n<li>Herstellerneutraler Service<\/li>\n<li>Schaben zum Herstellen h\u00f6chster Geometrie<\/li>\n<li>Tauschmaschinen sofern verf\u00fcgbar<\/li>\n<li>Prozessoptimierung<\/li>\n<li>\u00dcbergreifende Projektleitung: Koordination von Firmen<\/li>\n<li>Qualit\u00e4t mit Brief und Siegel: ISO 9001<\/li>\n<li>Verringerung des CO2-Fu\u00dfabdrucks<\/li>\n<li>Maschinen Upgrade: Erh\u00f6hung der Genauigkeit und\/oder Funktionalit\u00e4t<\/li>\n<\/ul>\n<\/div><\/section><\/p><\/div><div  class='flex_column av-1dk9x-77cbb9542fcd013178b797765fa2ac8b av_one_third  avia-builder-el-8  el_after_av_three_fifth  el_before_av_two_third  first flex_column_div  '     ><\/div><div  class='flex_column av-3exl-5f47289c286993c3e703d791a1a1690c av_two_third  avia-builder-el-9  el_after_av_one_third  avia-builder-el-last  flex_column_div  '     ><p>\n<style type=\"text\/css\" data-created_by=\"avia_inline_auto\" id=\"style-css-av-lhj4kbmn-32296a64de89832c9ef79956f12ccbe5\">\n#top .av-special-heading.av-lhj4kbmn-32296a64de89832c9ef79956f12ccbe5{\npadding-bottom:10px;\n}\nbody .av-special-heading.av-lhj4kbmn-32296a64de89832c9ef79956f12ccbe5 .av-special-heading-tag .heading-char{\nfont-size:25px;\n}\n#top #wrap_all .av-special-heading.av-lhj4kbmn-32296a64de89832c9ef79956f12ccbe5 .av-special-heading-tag{\npadding:0 0 50px 0;\n}\n.av-special-heading.av-lhj4kbmn-32296a64de89832c9ef79956f12ccbe5 .av-subheading{\nfont-size:15px;\n}\n<\/style>\n<div  class='av-special-heading av-lhj4kbmn-32296a64de89832c9ef79956f12ccbe5 av-special-heading-h2 blockquote modern-quote  avia-builder-el-10  el_before_av_codeblock  avia-builder-el-first '><h2 class='av-special-heading-tag '  itemprop=\"headline\"  >Retrofit Brosch\u00fcre<\/h2><div class=\"special-heading-border\"><div class=\"special-heading-inner-border\"><\/div><\/div><\/div><br \/>\n<\/p><\/div>\n","protected":false},"excerpt":{"rendered":"","protected":false},"author":1,"featured_media":0,"parent":0,"menu_order":2,"comment_status":"closed","ping_status":"closed","template":"","meta":{"footnotes":""},"class_list":["post-21","page","type-page","status-publish","hentry"],"yoast_head":"<!-- This site is optimized with the Yoast SEO plugin v27.3 - https:\/\/yoast.com\/product\/yoast-seo-wordpress\/ -->\n<title>CNC Retrofit \u2013 Industrie 4.0 Retrofit f\u00fcr den Maschinenbau<\/title>\n<meta name=\"description\" content=\"CNC Retrofit \u2713 F\u00fcr Metallindustrie Fertigungsunternehmen \u2606 \u00dcberholung von Werkzeugmaschinen \u27a8 Industrie 4.0 Retrofit f\u00fcr den Maschinenbau!\" \/>\n<meta name=\"robots\" content=\"index, follow, max-snippet:-1, max-image-preview:large, max-video-preview:-1\" \/>\n<link rel=\"canonical\" href=\"https:\/\/retrofit.de\/index.php\/de\/cnc-retrofit\/\" \/>\n<meta property=\"og:locale\" content=\"de_DE\" \/>\n<meta property=\"og:type\" content=\"article\" \/>\n<meta property=\"og:title\" content=\"CNC Retrofit \u2013 Industrie 4.0 Retrofit f\u00fcr den Maschinenbau\" \/>\n<meta property=\"og:description\" content=\"CNC Retrofit \u2713 F\u00fcr Metallindustrie Fertigungsunternehmen \u2606 \u00dcberholung von Werkzeugmaschinen \u27a8 Industrie 4.0 Retrofit f\u00fcr den Maschinenbau!\" \/>\n<meta property=\"og:url\" content=\"https:\/\/retrofit.de\/index.php\/de\/cnc-retrofit\/\" \/>\n<meta property=\"og:site_name\" content=\"HDC Huttelmaier Retrofit\" \/>\n<meta property=\"article:modified_time\" content=\"2025-02-13T10:04:12+00:00\" \/>\n<meta name=\"twitter:card\" content=\"summary_large_image\" \/>\n<meta name=\"twitter:label1\" content=\"Gesch\u00e4tzte Lesezeit\" \/>\n\t<meta name=\"twitter:data1\" content=\"2\u00a0Minuten\" \/>\n<script type=\"application\/ld+json\" class=\"yoast-schema-graph\">{\"@context\":\"https:\\\/\\\/schema.org\",\"@graph\":[{\"@type\":\"WebPage\",\"@id\":\"https:\\\/\\\/retrofit.de\\\/index.php\\\/de\\\/cnc-retrofit\\\/\",\"url\":\"https:\\\/\\\/retrofit.de\\\/index.php\\\/de\\\/cnc-retrofit\\\/\",\"name\":\"CNC Retrofit \u2013 Industrie 4.0 Retrofit f\u00fcr den Maschinenbau\",\"isPartOf\":{\"@id\":\"https:\\\/\\\/retrofit.de\\\/#website\"},\"datePublished\":\"2023-04-03T12:32:27+00:00\",\"dateModified\":\"2025-02-13T10:04:12+00:00\",\"description\":\"CNC Retrofit \u2713 F\u00fcr Metallindustrie Fertigungsunternehmen \u2606 \u00dcberholung von Werkzeugmaschinen \u27a8 Industrie 4.0 Retrofit f\u00fcr den Maschinenbau!\",\"breadcrumb\":{\"@id\":\"https:\\\/\\\/retrofit.de\\\/index.php\\\/de\\\/cnc-retrofit\\\/#breadcrumb\"},\"inLanguage\":\"de\",\"potentialAction\":[{\"@type\":\"ReadAction\",\"target\":[\"https:\\\/\\\/retrofit.de\\\/index.php\\\/de\\\/cnc-retrofit\\\/\"]}]},{\"@type\":\"BreadcrumbList\",\"@id\":\"https:\\\/\\\/retrofit.de\\\/index.php\\\/de\\\/cnc-retrofit\\\/#breadcrumb\",\"itemListElement\":[{\"@type\":\"ListItem\",\"position\":1,\"name\":\"Startseite\",\"item\":\"https:\\\/\\\/retrofit.de\\\/index.php\\\/de\\\/startseite\\\/\"},{\"@type\":\"ListItem\",\"position\":2,\"name\":\"CNC Retrofit\"}]},{\"@type\":\"WebSite\",\"@id\":\"https:\\\/\\\/retrofit.de\\\/#website\",\"url\":\"https:\\\/\\\/retrofit.de\\\/\",\"name\":\"HDC Huttelmaier Retrofit\",\"description\":\"Maschinen \u00dcberholung f\u00fcr High End Pr\u00e4zision\",\"publisher\":{\"@id\":\"https:\\\/\\\/retrofit.de\\\/#organization\"},\"potentialAction\":[{\"@type\":\"SearchAction\",\"target\":{\"@type\":\"EntryPoint\",\"urlTemplate\":\"https:\\\/\\\/retrofit.de\\\/?s={search_term_string}\"},\"query-input\":{\"@type\":\"PropertyValueSpecification\",\"valueRequired\":true,\"valueName\":\"search_term_string\"}}],\"inLanguage\":\"de\"},{\"@type\":\"Organization\",\"@id\":\"https:\\\/\\\/retrofit.de\\\/#organization\",\"name\":\"HDC Huttelmaier GmbH\",\"alternateName\":\"HDC\",\"url\":\"https:\\\/\\\/retrofit.de\\\/\",\"logo\":{\"@type\":\"ImageObject\",\"inLanguage\":\"de\",\"@id\":\"https:\\\/\\\/retrofit.de\\\/#\\\/schema\\\/logo\\\/image\\\/\",\"url\":\"https:\\\/\\\/retrofit.de\\\/wp-content\\\/uploads\\\/2023\\\/04\\\/Logo.jpg\",\"contentUrl\":\"https:\\\/\\\/retrofit.de\\\/wp-content\\\/uploads\\\/2023\\\/04\\\/Logo.jpg\",\"width\":2083,\"height\":2083,\"caption\":\"HDC Huttelmaier GmbH\"},\"image\":{\"@id\":\"https:\\\/\\\/retrofit.de\\\/#\\\/schema\\\/logo\\\/image\\\/\"}}]}<\/script>\n<!-- \/ Yoast SEO plugin. -->","yoast_head_json":{"title":"CNC Retrofit \u2013 Industrie 4.0 Retrofit f\u00fcr den Maschinenbau","description":"CNC Retrofit \u2713 F\u00fcr Metallindustrie Fertigungsunternehmen \u2606 \u00dcberholung von Werkzeugmaschinen \u27a8 Industrie 4.0 Retrofit f\u00fcr den Maschinenbau!","robots":{"index":"index","follow":"follow","max-snippet":"max-snippet:-1","max-image-preview":"max-image-preview:large","max-video-preview":"max-video-preview:-1"},"canonical":"https:\/\/retrofit.de\/index.php\/de\/cnc-retrofit\/","og_locale":"de_DE","og_type":"article","og_title":"CNC Retrofit \u2013 Industrie 4.0 Retrofit f\u00fcr den Maschinenbau","og_description":"CNC Retrofit \u2713 F\u00fcr Metallindustrie Fertigungsunternehmen \u2606 \u00dcberholung von Werkzeugmaschinen \u27a8 Industrie 4.0 Retrofit f\u00fcr den Maschinenbau!","og_url":"https:\/\/retrofit.de\/index.php\/de\/cnc-retrofit\/","og_site_name":"HDC Huttelmaier Retrofit","article_modified_time":"2025-02-13T10:04:12+00:00","twitter_card":"summary_large_image","twitter_misc":{"Gesch\u00e4tzte Lesezeit":"2\u00a0Minuten"},"schema":{"@context":"https:\/\/schema.org","@graph":[{"@type":"WebPage","@id":"https:\/\/retrofit.de\/index.php\/de\/cnc-retrofit\/","url":"https:\/\/retrofit.de\/index.php\/de\/cnc-retrofit\/","name":"CNC Retrofit \u2013 Industrie 4.0 Retrofit f\u00fcr den Maschinenbau","isPartOf":{"@id":"https:\/\/retrofit.de\/#website"},"datePublished":"2023-04-03T12:32:27+00:00","dateModified":"2025-02-13T10:04:12+00:00","description":"CNC Retrofit \u2713 F\u00fcr Metallindustrie Fertigungsunternehmen \u2606 \u00dcberholung von Werkzeugmaschinen \u27a8 Industrie 4.0 Retrofit f\u00fcr den Maschinenbau!","breadcrumb":{"@id":"https:\/\/retrofit.de\/index.php\/de\/cnc-retrofit\/#breadcrumb"},"inLanguage":"de","potentialAction":[{"@type":"ReadAction","target":["https:\/\/retrofit.de\/index.php\/de\/cnc-retrofit\/"]}]},{"@type":"BreadcrumbList","@id":"https:\/\/retrofit.de\/index.php\/de\/cnc-retrofit\/#breadcrumb","itemListElement":[{"@type":"ListItem","position":1,"name":"Startseite","item":"https:\/\/retrofit.de\/index.php\/de\/startseite\/"},{"@type":"ListItem","position":2,"name":"CNC Retrofit"}]},{"@type":"WebSite","@id":"https:\/\/retrofit.de\/#website","url":"https:\/\/retrofit.de\/","name":"HDC Huttelmaier Retrofit","description":"Maschinen \u00dcberholung f\u00fcr High End Pr\u00e4zision","publisher":{"@id":"https:\/\/retrofit.de\/#organization"},"potentialAction":[{"@type":"SearchAction","target":{"@type":"EntryPoint","urlTemplate":"https:\/\/retrofit.de\/?s={search_term_string}"},"query-input":{"@type":"PropertyValueSpecification","valueRequired":true,"valueName":"search_term_string"}}],"inLanguage":"de"},{"@type":"Organization","@id":"https:\/\/retrofit.de\/#organization","name":"HDC Huttelmaier GmbH","alternateName":"HDC","url":"https:\/\/retrofit.de\/","logo":{"@type":"ImageObject","inLanguage":"de","@id":"https:\/\/retrofit.de\/#\/schema\/logo\/image\/","url":"https:\/\/retrofit.de\/wp-content\/uploads\/2023\/04\/Logo.jpg","contentUrl":"https:\/\/retrofit.de\/wp-content\/uploads\/2023\/04\/Logo.jpg","width":2083,"height":2083,"caption":"HDC Huttelmaier GmbH"},"image":{"@id":"https:\/\/retrofit.de\/#\/schema\/logo\/image\/"}}]}},"_links":{"self":[{"href":"https:\/\/retrofit.de\/index.php\/wp-json\/wp\/v2\/pages\/21","targetHints":{"allow":["GET"]}}],"collection":[{"href":"https:\/\/retrofit.de\/index.php\/wp-json\/wp\/v2\/pages"}],"about":[{"href":"https:\/\/retrofit.de\/index.php\/wp-json\/wp\/v2\/types\/page"}],"author":[{"embeddable":true,"href":"https:\/\/retrofit.de\/index.php\/wp-json\/wp\/v2\/users\/1"}],"replies":[{"embeddable":true,"href":"https:\/\/retrofit.de\/index.php\/wp-json\/wp\/v2\/comments?post=21"}],"version-history":[{"count":20,"href":"https:\/\/retrofit.de\/index.php\/wp-json\/wp\/v2\/pages\/21\/revisions"}],"predecessor-version":[{"id":4190,"href":"https:\/\/retrofit.de\/index.php\/wp-json\/wp\/v2\/pages\/21\/revisions\/4190"}],"wp:attachment":[{"href":"https:\/\/retrofit.de\/index.php\/wp-json\/wp\/v2\/media?parent=21"}],"curies":[{"name":"wp","href":"https:\/\/api.w.org\/{rel}","templated":true}]}}