{"id":1944,"date":"2023-06-06T08:18:44","date_gmt":"2023-06-06T06:18:44","guid":{"rendered":"https:\/\/retrofit.de\/wordpress\/?page_id=1944"},"modified":"2025-03-26T13:16:23","modified_gmt":"2025-03-26T12:16:23","slug":"password-protected","status":"publish","type":"page","link":"https:\/\/retrofit.de\/index.php\/de\/password-protected\/","title":{"rendered":"Password Protected"},"content":{"rendered":"<div class=\"passster-form\" id=\"ps-981\">\n    <form class=\"password-form\" method=\"post\" autocomplete=\"off\" target=\"_top\">\n        <span class=\"ps-form-headline\">GESCH\u00dcTZTER BEREICH<\/span>\n        <div class=\"ps-form-instructions-wrap\"><\/div>\n        <fieldset>\n            <span class=\"ps-loader\" style=\"display:none;\"><img decoding=\"async\" src=\"https:\/\/retrofit.de\/wp-content\/plugins\/content-protector\/assets\/public\/ps-loader.svg\" alt=\"\" \/><\/span>\n            <label for=\"input-ps-981\" style=\"display:none;\" class=\"passster-hidden\">Trage dein Passwort ein<\/label>\n            <input placeholder=\"Passwort...\" type=\"password\" tabindex=\"1\" name=\"passster_password\"\n                   id=\"input-ps-981\" class=\"passster-password\" autocomplete=\"off\"\n                   data-protection-type=\"password\" data-list=\"[PASSSTER_LIST]\" data-lists=\"[PASSSTER_LISTS]\" data-area=\"[PASSSTER_AREA]\"\n                   data-protection=\"full\">\n            \n            <button name=\"submit\" type=\"submit\" class=\"passster-submit\" data-psid=\"ps-981\" data-post-id=\"1944\" data-term-id=\"0\" \n                    data-submit=\"...Checking Password\" data-redirect=\"https:\/\/retrofit.de\/index.php\/startseite\/\">LOGIN\n            <\/button>\n            <div class=\"passster-error\"><\/div>\n        <\/fieldset>\n    <\/form>\n<\/div>\n","protected":false},"excerpt":{"rendered":"<div class=\"passster-form\" id=\"ps-981\">\n<form class=\"password-form\" method=\"post\" autocomplete=\"off\" target=\"_top\">\n        <span class=\"ps-form-headline\">GESCH\u00dcTZTER BEREICH<\/span><\/p>\n<div class=\"ps-form-instructions-wrap\"><\/div>\n<fieldset>\n            <span class=\"ps-loader\" style=\"display:none;\"><img decoding=\"async\" src=\"https:\/\/retrofit.de\/wp-content\/plugins\/content-protector\/assets\/public\/ps-loader.svg\" alt=\"\" \/><\/span><br \/>\n            <label for=\"input-ps-981\" style=\"display:none;\" class=\"passster-hidden\">Trage dein Passwort ein<\/label><br \/>\n            <input placeholder=\"Passwort...\" type=\"password\" tabindex=\"1\" name=\"passster_password\"\n                   id=\"input-ps-981\" class=\"passster-password\" autocomplete=\"off\"\n                   data-protection-type=\"password\" data-list=\"[PASSSTER_LIST]\" data-lists=\"[PASSSTER_LISTS]\" data-area=\"[PASSSTER_AREA]\"\n                   data-protection=\"full\"><\/p>\n<p>            <button name=\"submit\" type=\"submit\" class=\"passster-submit\" data-psid=\"ps-981\" data-post-id=\"1944\" data-term-id=\"0\" \n                    data-submit=\"...Checking Password\" data-redirect=\"https:\/\/retrofit.de\/index.php\/startseite\/\">LOGIN<br \/>\n            <\/button><\/p>\n<div class=\"passster-error\"><\/div>\n<\/fieldset><\/form>\n<\/div>\n","protected":false},"author":5,"featured_media":0,"parent":0,"menu_order":0,"comment_status":"closed","ping_status":"closed","template":"template-blank.php","meta":{"footnotes":""},"class_list":["post-1944","page","type-page","status-publish","hentry"],"yoast_head":"<!-- This site is optimized with the Yoast SEO plugin v27.4 - https:\/\/yoast.com\/product\/yoast-seo-wordpress\/ -->\n<title>Password Protected - HDC Huttelmaier Retrofit<\/title>\n<meta name=\"robots\" content=\"noindex, follow\" \/>\n<meta property=\"og:locale\" content=\"de_DE\" \/>\n<meta property=\"og:type\" content=\"article\" \/>\n<meta property=\"og:title\" content=\"Password Protected - HDC Huttelmaier Retrofit\" \/>\n<meta property=\"og:description\" content=\"GESCH\u00dcTZTER BEREICH                      Trage dein Passwort ein                    LOGIN\" \/>\n<meta property=\"og:url\" content=\"https:\/\/retrofit.de\/index.php\/de\/password-protected\/\" \/>\n<meta property=\"og:site_name\" content=\"HDC Huttelmaier Retrofit\" \/>\n<meta property=\"article:modified_time\" content=\"2025-03-26T12:16:23+00:00\" \/>\n<meta name=\"twitter:card\" content=\"summary_large_image\" \/>\n<script type=\"application\/ld+json\" class=\"yoast-schema-graph\">{\"@context\":\"https:\\\/\\\/schema.org\",\"@graph\":[{\"@type\":\"WebPage\",\"@id\":\"https:\\\/\\\/retrofit.de\\\/index.php\\\/de\\\/password-protected\\\/\",\"url\":\"https:\\\/\\\/retrofit.de\\\/index.php\\\/de\\\/password-protected\\\/\",\"name\":\"Password Protected - HDC Huttelmaier Retrofit\",\"isPartOf\":{\"@id\":\"https:\\\/\\\/retrofit.de\\\/#website\"},\"datePublished\":\"2023-06-06T06:18:44+00:00\",\"dateModified\":\"2025-03-26T12:16:23+00:00\",\"breadcrumb\":{\"@id\":\"https:\\\/\\\/retrofit.de\\\/index.php\\\/de\\\/password-protected\\\/#breadcrumb\"},\"inLanguage\":\"de\",\"potentialAction\":[{\"@type\":\"ReadAction\",\"target\":[\"https:\\\/\\\/retrofit.de\\\/index.php\\\/de\\\/password-protected\\\/\"]}]},{\"@type\":\"BreadcrumbList\",\"@id\":\"https:\\\/\\\/retrofit.de\\\/index.php\\\/de\\\/password-protected\\\/#breadcrumb\",\"itemListElement\":[{\"@type\":\"ListItem\",\"position\":1,\"name\":\"Startseite\",\"item\":\"https:\\\/\\\/retrofit.de\\\/index.php\\\/de\\\/startseite\\\/\"},{\"@type\":\"ListItem\",\"position\":2,\"name\":\"Password Protected\"}]},{\"@type\":\"WebSite\",\"@id\":\"https:\\\/\\\/retrofit.de\\\/#website\",\"url\":\"https:\\\/\\\/retrofit.de\\\/\",\"name\":\"HDC Huttelmaier Retrofit\",\"description\":\"Maschinen \u00dcberholung f\u00fcr High End Pr\u00e4zision\",\"publisher\":{\"@id\":\"https:\\\/\\\/retrofit.de\\\/#organization\"},\"potentialAction\":[{\"@type\":\"SearchAction\",\"target\":{\"@type\":\"EntryPoint\",\"urlTemplate\":\"https:\\\/\\\/retrofit.de\\\/?s={search_term_string}\"},\"query-input\":{\"@type\":\"PropertyValueSpecification\",\"valueRequired\":true,\"valueName\":\"search_term_string\"}}],\"inLanguage\":\"de\"},{\"@type\":\"Organization\",\"@id\":\"https:\\\/\\\/retrofit.de\\\/#organization\",\"name\":\"HDC Huttelmaier GmbH\",\"alternateName\":\"HDC\",\"url\":\"https:\\\/\\\/retrofit.de\\\/\",\"logo\":{\"@type\":\"ImageObject\",\"inLanguage\":\"de\",\"@id\":\"https:\\\/\\\/retrofit.de\\\/#\\\/schema\\\/logo\\\/image\\\/\",\"url\":\"https:\\\/\\\/retrofit.de\\\/wp-content\\\/uploads\\\/2023\\\/04\\\/Logo.jpg\",\"contentUrl\":\"https:\\\/\\\/retrofit.de\\\/wp-content\\\/uploads\\\/2023\\\/04\\\/Logo.jpg\",\"width\":2083,\"height\":2083,\"caption\":\"HDC Huttelmaier GmbH\"},\"image\":{\"@id\":\"https:\\\/\\\/retrofit.de\\\/#\\\/schema\\\/logo\\\/image\\\/\"}}]}<\/script>\n<!-- \/ Yoast SEO plugin. -->","yoast_head_json":{"title":"Password Protected - HDC Huttelmaier Retrofit","robots":{"index":"noindex","follow":"follow"},"og_locale":"de_DE","og_type":"article","og_title":"Password Protected - HDC Huttelmaier Retrofit","og_description":"GESCH\u00dcTZTER BEREICH                      Trage dein Passwort ein                    LOGIN","og_url":"https:\/\/retrofit.de\/index.php\/de\/password-protected\/","og_site_name":"HDC Huttelmaier Retrofit","article_modified_time":"2025-03-26T12:16:23+00:00","twitter_card":"summary_large_image","schema":{"@context":"https:\/\/schema.org","@graph":[{"@type":"WebPage","@id":"https:\/\/retrofit.de\/index.php\/de\/password-protected\/","url":"https:\/\/retrofit.de\/index.php\/de\/password-protected\/","name":"Password Protected - HDC Huttelmaier Retrofit","isPartOf":{"@id":"https:\/\/retrofit.de\/#website"},"datePublished":"2023-06-06T06:18:44+00:00","dateModified":"2025-03-26T12:16:23+00:00","breadcrumb":{"@id":"https:\/\/retrofit.de\/index.php\/de\/password-protected\/#breadcrumb"},"inLanguage":"de","potentialAction":[{"@type":"ReadAction","target":["https:\/\/retrofit.de\/index.php\/de\/password-protected\/"]}]},{"@type":"BreadcrumbList","@id":"https:\/\/retrofit.de\/index.php\/de\/password-protected\/#breadcrumb","itemListElement":[{"@type":"ListItem","position":1,"name":"Startseite","item":"https:\/\/retrofit.de\/index.php\/de\/startseite\/"},{"@type":"ListItem","position":2,"name":"Password Protected"}]},{"@type":"WebSite","@id":"https:\/\/retrofit.de\/#website","url":"https:\/\/retrofit.de\/","name":"HDC Huttelmaier Retrofit","description":"Maschinen \u00dcberholung f\u00fcr High End Pr\u00e4zision","publisher":{"@id":"https:\/\/retrofit.de\/#organization"},"potentialAction":[{"@type":"SearchAction","target":{"@type":"EntryPoint","urlTemplate":"https:\/\/retrofit.de\/?s={search_term_string}"},"query-input":{"@type":"PropertyValueSpecification","valueRequired":true,"valueName":"search_term_string"}}],"inLanguage":"de"},{"@type":"Organization","@id":"https:\/\/retrofit.de\/#organization","name":"HDC Huttelmaier GmbH","alternateName":"HDC","url":"https:\/\/retrofit.de\/","logo":{"@type":"ImageObject","inLanguage":"de","@id":"https:\/\/retrofit.de\/#\/schema\/logo\/image\/","url":"https:\/\/retrofit.de\/wp-content\/uploads\/2023\/04\/Logo.jpg","contentUrl":"https:\/\/retrofit.de\/wp-content\/uploads\/2023\/04\/Logo.jpg","width":2083,"height":2083,"caption":"HDC Huttelmaier GmbH"},"image":{"@id":"https:\/\/retrofit.de\/#\/schema\/logo\/image\/"}}]}},"_links":{"self":[{"href":"https:\/\/retrofit.de\/index.php\/wp-json\/wp\/v2\/pages\/1944","targetHints":{"allow":["GET"]}}],"collection":[{"href":"https:\/\/retrofit.de\/index.php\/wp-json\/wp\/v2\/pages"}],"about":[{"href":"https:\/\/retrofit.de\/index.php\/wp-json\/wp\/v2\/types\/page"}],"author":[{"embeddable":true,"href":"https:\/\/retrofit.de\/index.php\/wp-json\/wp\/v2\/users\/5"}],"replies":[{"embeddable":true,"href":"https:\/\/retrofit.de\/index.php\/wp-json\/wp\/v2\/comments?post=1944"}],"version-history":[{"count":1,"href":"https:\/\/retrofit.de\/index.php\/wp-json\/wp\/v2\/pages\/1944\/revisions"}],"predecessor-version":[{"id":1945,"href":"https:\/\/retrofit.de\/index.php\/wp-json\/wp\/v2\/pages\/1944\/revisions\/1945"}],"wp:attachment":[{"href":"https:\/\/retrofit.de\/index.php\/wp-json\/wp\/v2\/media?parent=1944"}],"curies":[{"name":"wp","href":"https:\/\/api.w.org\/{rel}","templated":true}]}}