{"id":175,"date":"2023-04-04T16:42:30","date_gmt":"2023-04-04T14:42:30","guid":{"rendered":"https:\/\/retrofit.de\/wordpress\/?page_id=175"},"modified":"2023-07-03T10:31:00","modified_gmt":"2023-07-03T08:31:00","slug":"retrofit-drehmaschinen","status":"publish","type":"page","link":"https:\/\/retrofit.de\/index.php\/de\/maschinenueberholung\/werkzeugmaschinen-reparatur\/retrofit-drehmaschinen\/","title":{"rendered":"Drehmaschinen"},"content":{"rendered":"<div id='av_section_1'  class='avia-section av-1jlel-1bc90ba3e1ffa55f8d3a7be395c03e85 main_color avia-section-default avia-no-border-styling  avia-builder-el-0  el_before_av_section  avia-builder-el-first  avia-bg-style-scroll container_wrap fullsize'  ><div class='container av-section-cont-open' ><main  role=\"main\" itemprop=\"mainContentOfPage\"  class='template-page content  av-content-full alpha units'><div class='post-entry post-entry-type-page post-entry-175'><div class='entry-content-wrapper clearfix'>\n<div  class='flex_column av-ok4d-ec5e928a20181e29bd166158ddb8e152 av_one_full  avia-builder-el-1  el_before_av_one_third  avia-builder-el-first  first flex_column_div  '     ><style type=\"text\/css\" data-created_by=\"avia_inline_auto\" id=\"style-css-av-lg29wfol-addc80fdc82104ea38d945706801be20\">\n#top .av-special-heading.av-lg29wfol-addc80fdc82104ea38d945706801be20{\npadding-bottom:10px;\n}\nbody .av-special-heading.av-lg29wfol-addc80fdc82104ea38d945706801be20 .av-special-heading-tag .heading-char{\nfont-size:25px;\n}\n.av-special-heading.av-lg29wfol-addc80fdc82104ea38d945706801be20 .av-subheading{\nfont-size:15px;\n}\n<\/style>\n<div  class='av-special-heading av-lg29wfol-addc80fdc82104ea38d945706801be20 av-special-heading-h1 blockquote modern-quote  avia-builder-el-2  avia-builder-el-no-sibling '><h1 class='av-special-heading-tag '  itemprop=\"headline\"  >Retrofit f\u00fcr Drehmaschinen<\/h1><div class=\"special-heading-border\"><div class=\"special-heading-inner-border\"><\/div><\/div><\/div><\/div><div  class='flex_column av-sn6tj-ec87c4ec241e0d6a860770bdab40fb26 av_one_third  avia-builder-el-3  el_after_av_one_full  el_before_av_two_third  first flex_column_div  column-top-margin'     ><div  class='avia-slideshow av-li1ed1r6-8a2ab3974aacde48ac39458e41ab7def avia-slideshow-extra_large av_slideshow avia-slide-slider  avia-builder-el-4  avia-builder-el-no-sibling  av-slideshow-ui av-control-minimal av-control-minimal-dark av-nav-arrows-visible av-no-slider-navigation av-slideshow-autoplay av-loop-endless av-loop-manual-endless av-default-height-applied avia-slideshow-1' data-slideshow-options=\"{&quot;animation&quot;:&quot;slide&quot;,&quot;autoplay&quot;:true,&quot;loop_autoplay&quot;:&quot;endless&quot;,&quot;interval&quot;:5,&quot;loop_manual&quot;:&quot;manual-endless&quot;,&quot;autoplay_stopper&quot;:false,&quot;noNavigation&quot;:false,&quot;bg_slider&quot;:false,&quot;transitionSpeed&quot;:400,&quot;keep_padding&quot;:false,&quot;hoverpause&quot;:false,&quot;show_slide_delay&quot;:0}\"  itemprop=\"image\" itemscope=\"itemscope\" itemtype=\"https:\/\/schema.org\/ImageObject\" ><ul class='avia-slideshow-inner ' style='padding-bottom: 66.5%;'><li  class='avia-slideshow-slide av-li1ed1r6-8a2ab3974aacde48ac39458e41ab7def__0  slide-1 slide-odd'><div data-rel='slideshow-1' class='avia-slide-wrap '   ><img decoding=\"async\" fetchpriority=\"high\" class=\"wp-image-1433 avia-img-lazy-loading-not-1433\"  src=\"https:\/\/retrofit.de\/wp-content\/uploads\/2023\/05\/Monforts-KNC6.webp\" width=\"400\" height=\"266\" title='Retrofit f\u00fcr Drehmaschinen' alt='Retrofit f\u00fcr Drehmaschinen'  itemprop=\"thumbnailUrl\" srcset=\"https:\/\/retrofit.de\/wp-content\/uploads\/2023\/05\/Monforts-KNC6.webp 400w, https:\/\/retrofit.de\/wp-content\/uploads\/2023\/05\/Monforts-KNC6-300x200.webp 300w\" sizes=\"(max-width: 400px) 100vw, 400px\" \/><\/div><\/li><li  class='avia-slideshow-slide av-li1ed1r6-8a2ab3974aacde48ac39458e41ab7def__1  slide-2 slide-even'><div data-rel='slideshow-1' class='avia-slide-wrap '   ><img decoding=\"async\" fetchpriority=\"high\" class=\"wp-image-1432 avia-img-lazy-loading-not-1432\"  src=\"https:\/\/retrofit.de\/wp-content\/uploads\/2023\/05\/Retrofit-Drehmaschinen-2.webp\" width=\"400\" height=\"267\" title='Retrofit f\u00fcr Drehmaschinen' alt='Retrofit f\u00fcr Drehmaschinen'  itemprop=\"thumbnailUrl\" srcset=\"https:\/\/retrofit.de\/wp-content\/uploads\/2023\/05\/Retrofit-Drehmaschinen-2.webp 400w, https:\/\/retrofit.de\/wp-content\/uploads\/2023\/05\/Retrofit-Drehmaschinen-2-300x200.webp 300w\" sizes=\"(max-width: 400px) 100vw, 400px\" \/><\/div><\/li><li  class='avia-slideshow-slide av-li1ed1r6-8a2ab3974aacde48ac39458e41ab7def__2  slide-3 slide-odd'><div data-rel='slideshow-1' class='avia-slide-wrap '   ><img decoding=\"async\" fetchpriority=\"high\" class=\"wp-image-1431 avia-img-lazy-loading-not-1431\"  src=\"https:\/\/retrofit.de\/wp-content\/uploads\/2023\/05\/Retrofit-Drehmaschinen-1.webp\" width=\"400\" height=\"267\" title='Retrofit f\u00fcr Drehmaschinen' alt='Retrofit f\u00fcr Drehmaschinen'  itemprop=\"thumbnailUrl\" srcset=\"https:\/\/retrofit.de\/wp-content\/uploads\/2023\/05\/Retrofit-Drehmaschinen-1.webp 400w, https:\/\/retrofit.de\/wp-content\/uploads\/2023\/05\/Retrofit-Drehmaschinen-1-300x200.webp 300w\" sizes=\"(max-width: 400px) 100vw, 400px\" \/><\/div><\/li><\/ul><div class='avia-slideshow-arrows avia-slideshow-controls' ><a href='#prev' class='prev-slide ' aria-hidden='true' data-av_icon='\ue87c' data-av_iconfont='entypo-fontello'  tabindex='-1'>Zur\u00fcck<\/a><a href='#next' class='next-slide ' aria-hidden='true' data-av_icon='\ue87d' data-av_iconfont='entypo-fontello'  tabindex='-1'>Weiter<\/a><\/div><\/div><\/div><div  class='flex_column av-lg29yef9-ceae01e18e4e83d1415545add6ab8f0e av_two_third  avia-builder-el-5  el_after_av_one_third  avia-builder-el-last  flex_column_div  column-top-margin'     ><p><section  class='av_textblock_section av-lg29xm1f-7d3cdd8b59a629545178fbb262f8292d '   itemscope=\"itemscope\" itemtype=\"https:\/\/schema.org\/CreativeWork\" ><div class='avia_textblock av_inherit_color'  itemprop=\"text\" ><p>Das Retrofit f\u00fcr Drehmaschinen ist eine unserer Spezialit\u00e4ten.<\/p>\n<p>Bei der Reparatur und dem \u00dcberholen der Maschine inklusive CNC Steuerung sind uns drei Dinge besonders wichtig: Pr\u00e4zision, Zuverl\u00e4ssigkeit und Sicherheit!<\/p>\n<\/div><\/section><br \/>\n<section  class='av_textblock_section av-lgqkyhn3-916aeed1827a38701fbeb2807466d29a '   itemscope=\"itemscope\" itemtype=\"https:\/\/schema.org\/CreativeWork\" ><div class='avia_textblock av_inherit_color'  itemprop=\"text\" ><p><strong>Typische Drehmaschinen Modelle<\/strong><\/p>\n<ul>\n<li>Walzendrehmaschine<\/li>\n<li>Leitspindeldrehmaschine<\/li>\n<li>Zugspindeldrehmaschine<\/li>\n<li>Universaldrehmaschinen<\/li>\n<li>Karusselldrehmaschine<\/li>\n<li>Senkrechtdrehmaschine<\/li>\n<li>Drehautomat<\/li>\n<li>Flachbettdrehmaschine<\/li>\n<li>Frontdrehmaschine \/ Kopfdrehmaschine<\/li>\n<li>Ultrapr\u00e4zisionsdrehmaschine<\/li>\n<\/ul>\n<\/div><\/section><\/p><\/div><\/div><\/div><\/main><!-- close content main element --><\/div><\/div><div id='av_section_2'  class='avia-section av-4hjpz-6c95bc9a2f1e6172e4ebb667d6059bed main_color avia-section-default avia-no-border-styling  avia-builder-el-8  el_after_av_section  avia-builder-el-last  avia-bg-style-scroll container_wrap fullsize'  ><div class='container av-section-cont-open' ><div class='template-page content  av-content-full alpha units'><div class='post-entry post-entry-type-page post-entry-175'><div class='entry-content-wrapper clearfix'>\n\n<style type=\"text\/css\" data-created_by=\"avia_inline_auto\" id=\"style-css-av-11x5yv-1f4f1347b92f37901331fc54d9c30704\">\n#top .av-special-heading.av-11x5yv-1f4f1347b92f37901331fc54d9c30704{\npadding-bottom:10px;\n}\nbody .av-special-heading.av-11x5yv-1f4f1347b92f37901331fc54d9c30704 .av-special-heading-tag .heading-char{\nfont-size:25px;\n}\n.av-special-heading.av-11x5yv-1f4f1347b92f37901331fc54d9c30704 .av-subheading{\nfont-size:15px;\n}\n<\/style>\n<div  class='av-special-heading av-11x5yv-1f4f1347b92f37901331fc54d9c30704 av-special-heading-h2 blockquote modern-quote  avia-builder-el-9  el_before_av_textblock  avia-builder-el-first '><h2 class='av-special-heading-tag '  itemprop=\"headline\"  >Wie k\u00f6nnen wir Ihnen helfen?<\/h2><div class=\"special-heading-border\"><div class=\"special-heading-inner-border\"><\/div><\/div><\/div>\n\n<style type=\"text\/css\" data-created_by=\"avia_inline_auto\" id=\"style-css-av-vfk8v-fd1da765083e093f6df5364e2bbaf125\">\n#top .av_textblock_section.av-vfk8v-fd1da765083e093f6df5364e2bbaf125 .avia_textblock{\nfont-size:30px;\n}\n<\/style>\n<section  class='av_textblock_section av-vfk8v-fd1da765083e093f6df5364e2bbaf125 '   itemscope=\"itemscope\" itemtype=\"https:\/\/schema.org\/CreativeWork\" ><div class='avia_textblock'  itemprop=\"text\" ><p>HDC Huttelmaier Retrofit \u2013 Maschinen \u00dcberholung f\u00fcr High End Pr\u00e4zision<\/p>\n<\/div><\/section>\n<div  class='flex_column av-sh7jj-22429673ad314becbdd625e5169126b0 av_one_fourth  avia-builder-el-11  el_after_av_textblock  el_before_av_one_half  first flex_column_div  column-top-margin'     ><style type=\"text\/css\" data-created_by=\"avia_inline_auto\" id=\"style-css-av-k3qx3-bf8fe80aee562d4dd878574c2818a408\">\n.avia-image-container.av-k3qx3-bf8fe80aee562d4dd878574c2818a408 img.avia_image{\nbox-shadow:none;\n}\n.avia-image-container.av-k3qx3-bf8fe80aee562d4dd878574c2818a408 .av-image-caption-overlay-center{\ncolor:#ffffff;\n}\n<\/style>\n<div  class='avia-image-container av-k3qx3-bf8fe80aee562d4dd878574c2818a408 av-styling- avia-align-center  avia-builder-el-12  avia-builder-el-no-sibling '   itemprop=\"image\" itemscope=\"itemscope\" itemtype=\"https:\/\/schema.org\/ImageObject\" ><div class=\"avia-image-container-inner\"><div class=\"avia-image-overlay-wrap\"><img decoding=\"async\" fetchpriority=\"high\" class='wp-image-451 avia-img-lazy-loading-not-451 avia_image ' src=\"https:\/\/retrofit.de\/wp-content\/uploads\/2023\/04\/Falko-Rehorst-_-Vertrieb-bei-HDC.webp\" alt='Falko Rehorst-Vertrieb-bei-HDC' title='Falko Rehorst-Vertrieb-bei-HDC'  height=\"400\" width=\"400\"  itemprop=\"thumbnailUrl\" srcset=\"https:\/\/retrofit.de\/wp-content\/uploads\/2023\/04\/Falko-Rehorst-_-Vertrieb-bei-HDC.webp 400w, https:\/\/retrofit.de\/wp-content\/uploads\/2023\/04\/Falko-Rehorst-_-Vertrieb-bei-HDC-300x300.webp 300w, https:\/\/retrofit.de\/wp-content\/uploads\/2023\/04\/Falko-Rehorst-_-Vertrieb-bei-HDC-80x80.webp 80w, https:\/\/retrofit.de\/wp-content\/uploads\/2023\/04\/Falko-Rehorst-_-Vertrieb-bei-HDC-36x36.webp 36w, https:\/\/retrofit.de\/wp-content\/uploads\/2023\/04\/Falko-Rehorst-_-Vertrieb-bei-HDC-180x180.webp 180w\" sizes=\"(max-width: 400px) 100vw, 400px\" \/><\/div><\/div><\/div><\/div><div  class='flex_column av-1c1av-986651951558581b5cfd67df5669fb85 av_one_half  avia-builder-el-13  el_after_av_one_fourth  avia-builder-el-last  linie-links flex_column_div  column-top-margin'     ><style type=\"text\/css\" data-created_by=\"avia_inline_auto\" id=\"style-css-av-74y4v-63e96e894e7e7534cffbf18e5318d922\">\n#top .av_textblock_section.av-74y4v-63e96e894e7e7534cffbf18e5318d922 .avia_textblock{\nfont-size:18px;\n}\n<\/style>\n<section  class='av_textblock_section av-74y4v-63e96e894e7e7534cffbf18e5318d922 '   itemscope=\"itemscope\" itemtype=\"https:\/\/schema.org\/CreativeWork\" ><div class='avia_textblock kontakt'  itemprop=\"text\" ><p><strong>Falko Rehorst<\/strong><\/p>\n<p style=\"line-height: 1.65em;\">Retrofit Berater<br \/>\nHuttelmaier GmbH<\/p>\n<p><strong>Kontaktieren Sie mich<\/strong><\/p>\n<p><img loading=\"lazy\" decoding=\"async\" style=\"margin-right: 10px;\" src=\"https:\/\/retrofit.de\/wp-content\/uploads\/2023\/04\/HDC-Website_Kontakt-Icons_Phone.svg\" width=\"32\" height=\"32\" \/><a href=\"tel:+4971819786829\">+49 (0) 7181-97868-29<\/a><br \/>\n<img loading=\"lazy\" decoding=\"async\" style=\"margin-right: 10px; margin-bottom: -5px; padding-top: 5px;\" src=\"https:\/\/retrofit.de\/wp-content\/uploads\/2023\/04\/HDC-Website_Kontakt-Icons_Mobile.svg\" width=\"32\" height=\"32\" \/><a href=\"tel:+491727121011\">+49 (0) 172-7121011<\/a><br \/>\n<img loading=\"lazy\" decoding=\"async\" style=\"margin-right: 10px; margin-bottom: -10px; padding-top: 10px;\" src=\"https:\/\/retrofit.de\/wp-content\/uploads\/2023\/04\/HDC-Website_Kontakt-Icons_Mail.svg\" width=\"32\" height=\"32\" \/><a href=\"mailto:rehorst@huttelmaier.de\">rehorst@huttelmaier.de<\/a><\/p>\n<p>Ich freue mich auf ein Gespr\u00e4ch mit Ihnen!<\/p>\n<\/div><\/section><\/div>\n<\/p>\n","protected":false},"excerpt":{"rendered":"","protected":false},"author":1,"featured_media":0,"parent":171,"menu_order":1,"comment_status":"closed","ping_status":"closed","template":"","meta":{"footnotes":""},"class_list":["post-175","page","type-page","status-publish","hentry"],"yoast_head":"<!-- This site is optimized with the Yoast SEO plugin v27.2 - https:\/\/yoast.com\/product\/yoast-seo-wordpress\/ -->\n<title>Retrofit Drehmaschinen \u2013 Reparatur und \u00dcberholen<\/title>\n<meta name=\"description\" content=\"Retrofit f\u00fcr Drehmaschinen \u2713 Pr\u00e4zision \u2606 Zuverl\u00e4ssigkeit \u2606 Sicherheit \u27a8 Reparatur und \u00dcberholen der Maschine inklusive CNC Steuerung!\" \/>\n<meta name=\"robots\" content=\"index, follow, max-snippet:-1, max-image-preview:large, max-video-preview:-1\" \/>\n<link rel=\"canonical\" href=\"https:\/\/retrofit.de\/index.php\/de\/maschinenueberholung\/werkzeugmaschinen-reparatur\/retrofit-drehmaschinen\/\" \/>\n<meta property=\"og:locale\" content=\"de_DE\" \/>\n<meta property=\"og:type\" content=\"article\" \/>\n<meta property=\"og:title\" content=\"Retrofit Drehmaschinen \u2013 Reparatur und \u00dcberholen\" \/>\n<meta property=\"og:description\" content=\"Retrofit f\u00fcr Drehmaschinen \u2713 Pr\u00e4zision \u2606 Zuverl\u00e4ssigkeit \u2606 Sicherheit \u27a8 Reparatur und \u00dcberholen der Maschine inklusive CNC Steuerung!\" \/>\n<meta property=\"og:url\" content=\"https:\/\/retrofit.de\/index.php\/de\/maschinenueberholung\/werkzeugmaschinen-reparatur\/retrofit-drehmaschinen\/\" \/>\n<meta property=\"og:site_name\" content=\"HDC Huttelmaier Retrofit\" \/>\n<meta property=\"article:modified_time\" content=\"2023-07-03T08:31:00+00:00\" \/>\n<meta property=\"og:image\" content=\"https:\/\/retrofit.de\/wp-content\/uploads\/2023\/04\/HDC-Website_Kontakt-Icons_Phone.svg\" \/>\n<meta name=\"twitter:card\" content=\"summary_large_image\" \/>\n<meta name=\"twitter:label1\" content=\"Gesch\u00e4tzte Lesezeit\" \/>\n\t<meta name=\"twitter:data1\" content=\"7\u00a0Minuten\" \/>\n<script type=\"application\/ld+json\" class=\"yoast-schema-graph\">{\"@context\":\"https:\/\/schema.org\",\"@graph\":[{\"@type\":\"WebPage\",\"@id\":\"https:\/\/retrofit.de\/index.php\/de\/maschinenueberholung\/werkzeugmaschinen-reparatur\/retrofit-drehmaschinen\/\",\"url\":\"https:\/\/retrofit.de\/index.php\/de\/maschinenueberholung\/werkzeugmaschinen-reparatur\/retrofit-drehmaschinen\/\",\"name\":\"Retrofit Drehmaschinen \u2013 Reparatur und \u00dcberholen\",\"isPartOf\":{\"@id\":\"https:\/\/retrofit.de\/#website\"},\"primaryImageOfPage\":{\"@id\":\"https:\/\/retrofit.de\/index.php\/de\/maschinenueberholung\/werkzeugmaschinen-reparatur\/retrofit-drehmaschinen\/#primaryimage\"},\"image\":{\"@id\":\"https:\/\/retrofit.de\/index.php\/de\/maschinenueberholung\/werkzeugmaschinen-reparatur\/retrofit-drehmaschinen\/#primaryimage\"},\"thumbnailUrl\":\"https:\/\/retrofit.de\/wp-content\/uploads\/2023\/04\/HDC-Website_Kontakt-Icons_Phone.svg\",\"datePublished\":\"2023-04-04T14:42:30+00:00\",\"dateModified\":\"2023-07-03T08:31:00+00:00\",\"description\":\"Retrofit f\u00fcr Drehmaschinen \u2713 Pr\u00e4zision \u2606 Zuverl\u00e4ssigkeit \u2606 Sicherheit \u27a8 Reparatur und \u00dcberholen der Maschine inklusive CNC Steuerung!\",\"breadcrumb\":{\"@id\":\"https:\/\/retrofit.de\/index.php\/de\/maschinenueberholung\/werkzeugmaschinen-reparatur\/retrofit-drehmaschinen\/#breadcrumb\"},\"inLanguage\":\"de\",\"potentialAction\":[{\"@type\":\"ReadAction\",\"target\":[\"https:\/\/retrofit.de\/index.php\/de\/maschinenueberholung\/werkzeugmaschinen-reparatur\/retrofit-drehmaschinen\/\"]}]},{\"@type\":\"ImageObject\",\"inLanguage\":\"de\",\"@id\":\"https:\/\/retrofit.de\/index.php\/de\/maschinenueberholung\/werkzeugmaschinen-reparatur\/retrofit-drehmaschinen\/#primaryimage\",\"url\":\"https:\/\/retrofit.de\/wp-content\/uploads\/2023\/04\/HDC-Website_Kontakt-Icons_Phone.svg\",\"contentUrl\":\"https:\/\/retrofit.de\/wp-content\/uploads\/2023\/04\/HDC-Website_Kontakt-Icons_Phone.svg\"},{\"@type\":\"BreadcrumbList\",\"@id\":\"https:\/\/retrofit.de\/index.php\/de\/maschinenueberholung\/werkzeugmaschinen-reparatur\/retrofit-drehmaschinen\/#breadcrumb\",\"itemListElement\":[{\"@type\":\"ListItem\",\"position\":1,\"name\":\"Startseite\",\"item\":\"https:\/\/retrofit.de\/index.php\/de\/startseite\/\"},{\"@type\":\"ListItem\",\"position\":2,\"name\":\"Maschinen\u00fcberholung\",\"item\":\"https:\/\/retrofit.de\/index.php\/de\/maschinenueberholung\/\"},{\"@type\":\"ListItem\",\"position\":3,\"name\":\"Reparatur\",\"item\":\"https:\/\/retrofit.de\/index.php\/de\/maschinenueberholung\/werkzeugmaschinen-reparatur\/\"},{\"@type\":\"ListItem\",\"position\":4,\"name\":\"Drehmaschinen\"}]},{\"@type\":\"WebSite\",\"@id\":\"https:\/\/retrofit.de\/#website\",\"url\":\"https:\/\/retrofit.de\/\",\"name\":\"HDC Huttelmaier Retrofit\",\"description\":\"Maschinen \u00dcberholung f\u00fcr High End Pr\u00e4zision\",\"publisher\":{\"@id\":\"https:\/\/retrofit.de\/#organization\"},\"potentialAction\":[{\"@type\":\"SearchAction\",\"target\":{\"@type\":\"EntryPoint\",\"urlTemplate\":\"https:\/\/retrofit.de\/?s={search_term_string}\"},\"query-input\":{\"@type\":\"PropertyValueSpecification\",\"valueRequired\":true,\"valueName\":\"search_term_string\"}}],\"inLanguage\":\"de\"},{\"@type\":\"Organization\",\"@id\":\"https:\/\/retrofit.de\/#organization\",\"name\":\"HDC Huttelmaier GmbH\",\"alternateName\":\"HDC\",\"url\":\"https:\/\/retrofit.de\/\",\"logo\":{\"@type\":\"ImageObject\",\"inLanguage\":\"de\",\"@id\":\"https:\/\/retrofit.de\/#\/schema\/logo\/image\/\",\"url\":\"https:\/\/retrofit.de\/wp-content\/uploads\/2023\/04\/Logo.jpg\",\"contentUrl\":\"https:\/\/retrofit.de\/wp-content\/uploads\/2023\/04\/Logo.jpg\",\"width\":2083,\"height\":2083,\"caption\":\"HDC Huttelmaier GmbH\"},\"image\":{\"@id\":\"https:\/\/retrofit.de\/#\/schema\/logo\/image\/\"}}]}<\/script>\n<!-- \/ Yoast SEO plugin. -->","yoast_head_json":{"title":"Retrofit Drehmaschinen \u2013 Reparatur und \u00dcberholen","description":"Retrofit f\u00fcr Drehmaschinen \u2713 Pr\u00e4zision \u2606 Zuverl\u00e4ssigkeit \u2606 Sicherheit \u27a8 Reparatur und \u00dcberholen der Maschine inklusive CNC Steuerung!","robots":{"index":"index","follow":"follow","max-snippet":"max-snippet:-1","max-image-preview":"max-image-preview:large","max-video-preview":"max-video-preview:-1"},"canonical":"https:\/\/retrofit.de\/index.php\/de\/maschinenueberholung\/werkzeugmaschinen-reparatur\/retrofit-drehmaschinen\/","og_locale":"de_DE","og_type":"article","og_title":"Retrofit Drehmaschinen \u2013 Reparatur und \u00dcberholen","og_description":"Retrofit f\u00fcr Drehmaschinen \u2713 Pr\u00e4zision \u2606 Zuverl\u00e4ssigkeit \u2606 Sicherheit \u27a8 Reparatur und \u00dcberholen der Maschine inklusive CNC Steuerung!","og_url":"https:\/\/retrofit.de\/index.php\/de\/maschinenueberholung\/werkzeugmaschinen-reparatur\/retrofit-drehmaschinen\/","og_site_name":"HDC Huttelmaier Retrofit","article_modified_time":"2023-07-03T08:31:00+00:00","og_image":[{"url":"https:\/\/retrofit.de\/wp-content\/uploads\/2023\/04\/HDC-Website_Kontakt-Icons_Phone.svg","type":"","width":"","height":""}],"twitter_card":"summary_large_image","twitter_misc":{"Gesch\u00e4tzte Lesezeit":"7\u00a0Minuten"},"schema":{"@context":"https:\/\/schema.org","@graph":[{"@type":"WebPage","@id":"https:\/\/retrofit.de\/index.php\/de\/maschinenueberholung\/werkzeugmaschinen-reparatur\/retrofit-drehmaschinen\/","url":"https:\/\/retrofit.de\/index.php\/de\/maschinenueberholung\/werkzeugmaschinen-reparatur\/retrofit-drehmaschinen\/","name":"Retrofit Drehmaschinen \u2013 Reparatur und \u00dcberholen","isPartOf":{"@id":"https:\/\/retrofit.de\/#website"},"primaryImageOfPage":{"@id":"https:\/\/retrofit.de\/index.php\/de\/maschinenueberholung\/werkzeugmaschinen-reparatur\/retrofit-drehmaschinen\/#primaryimage"},"image":{"@id":"https:\/\/retrofit.de\/index.php\/de\/maschinenueberholung\/werkzeugmaschinen-reparatur\/retrofit-drehmaschinen\/#primaryimage"},"thumbnailUrl":"https:\/\/retrofit.de\/wp-content\/uploads\/2023\/04\/HDC-Website_Kontakt-Icons_Phone.svg","datePublished":"2023-04-04T14:42:30+00:00","dateModified":"2023-07-03T08:31:00+00:00","description":"Retrofit f\u00fcr Drehmaschinen \u2713 Pr\u00e4zision \u2606 Zuverl\u00e4ssigkeit \u2606 Sicherheit \u27a8 Reparatur und \u00dcberholen der Maschine inklusive CNC Steuerung!","breadcrumb":{"@id":"https:\/\/retrofit.de\/index.php\/de\/maschinenueberholung\/werkzeugmaschinen-reparatur\/retrofit-drehmaschinen\/#breadcrumb"},"inLanguage":"de","potentialAction":[{"@type":"ReadAction","target":["https:\/\/retrofit.de\/index.php\/de\/maschinenueberholung\/werkzeugmaschinen-reparatur\/retrofit-drehmaschinen\/"]}]},{"@type":"ImageObject","inLanguage":"de","@id":"https:\/\/retrofit.de\/index.php\/de\/maschinenueberholung\/werkzeugmaschinen-reparatur\/retrofit-drehmaschinen\/#primaryimage","url":"https:\/\/retrofit.de\/wp-content\/uploads\/2023\/04\/HDC-Website_Kontakt-Icons_Phone.svg","contentUrl":"https:\/\/retrofit.de\/wp-content\/uploads\/2023\/04\/HDC-Website_Kontakt-Icons_Phone.svg"},{"@type":"BreadcrumbList","@id":"https:\/\/retrofit.de\/index.php\/de\/maschinenueberholung\/werkzeugmaschinen-reparatur\/retrofit-drehmaschinen\/#breadcrumb","itemListElement":[{"@type":"ListItem","position":1,"name":"Startseite","item":"https:\/\/retrofit.de\/index.php\/de\/startseite\/"},{"@type":"ListItem","position":2,"name":"Maschinen\u00fcberholung","item":"https:\/\/retrofit.de\/index.php\/de\/maschinenueberholung\/"},{"@type":"ListItem","position":3,"name":"Reparatur","item":"https:\/\/retrofit.de\/index.php\/de\/maschinenueberholung\/werkzeugmaschinen-reparatur\/"},{"@type":"ListItem","position":4,"name":"Drehmaschinen"}]},{"@type":"WebSite","@id":"https:\/\/retrofit.de\/#website","url":"https:\/\/retrofit.de\/","name":"HDC Huttelmaier Retrofit","description":"Maschinen \u00dcberholung f\u00fcr High End Pr\u00e4zision","publisher":{"@id":"https:\/\/retrofit.de\/#organization"},"potentialAction":[{"@type":"SearchAction","target":{"@type":"EntryPoint","urlTemplate":"https:\/\/retrofit.de\/?s={search_term_string}"},"query-input":{"@type":"PropertyValueSpecification","valueRequired":true,"valueName":"search_term_string"}}],"inLanguage":"de"},{"@type":"Organization","@id":"https:\/\/retrofit.de\/#organization","name":"HDC Huttelmaier GmbH","alternateName":"HDC","url":"https:\/\/retrofit.de\/","logo":{"@type":"ImageObject","inLanguage":"de","@id":"https:\/\/retrofit.de\/#\/schema\/logo\/image\/","url":"https:\/\/retrofit.de\/wp-content\/uploads\/2023\/04\/Logo.jpg","contentUrl":"https:\/\/retrofit.de\/wp-content\/uploads\/2023\/04\/Logo.jpg","width":2083,"height":2083,"caption":"HDC Huttelmaier GmbH"},"image":{"@id":"https:\/\/retrofit.de\/#\/schema\/logo\/image\/"}}]}},"_links":{"self":[{"href":"https:\/\/retrofit.de\/index.php\/wp-json\/wp\/v2\/pages\/175","targetHints":{"allow":["GET"]}}],"collection":[{"href":"https:\/\/retrofit.de\/index.php\/wp-json\/wp\/v2\/pages"}],"about":[{"href":"https:\/\/retrofit.de\/index.php\/wp-json\/wp\/v2\/types\/page"}],"author":[{"embeddable":true,"href":"https:\/\/retrofit.de\/index.php\/wp-json\/wp\/v2\/users\/1"}],"replies":[{"embeddable":true,"href":"https:\/\/retrofit.de\/index.php\/wp-json\/wp\/v2\/comments?post=175"}],"version-history":[{"count":10,"href":"https:\/\/retrofit.de\/index.php\/wp-json\/wp\/v2\/pages\/175\/revisions"}],"predecessor-version":[{"id":1580,"href":"https:\/\/retrofit.de\/index.php\/wp-json\/wp\/v2\/pages\/175\/revisions\/1580"}],"up":[{"embeddable":true,"href":"https:\/\/retrofit.de\/index.php\/wp-json\/wp\/v2\/pages\/171"}],"wp:attachment":[{"href":"https:\/\/retrofit.de\/index.php\/wp-json\/wp\/v2\/media?parent=175"}],"curies":[{"name":"wp","href":"https:\/\/api.w.org\/{rel}","templated":true}]}}