{"id":161,"date":"2023-04-04T16:29:32","date_gmt":"2023-04-04T14:29:32","guid":{"rendered":"https:\/\/retrofit.de\/wordpress\/?page_id=161"},"modified":"2023-07-07T10:41:07","modified_gmt":"2023-07-07T08:41:07","slug":"maschinendatenerfassung-system","status":"publish","type":"page","link":"https:\/\/retrofit.de\/index.php\/de\/maschinenueberholung\/maschinenmodernisierung\/maschinendatenerfassung-system\/","title":{"rendered":"Maschinendatenerfassung"},"content":{"rendered":"<div id='av_section_1'  class='avia-section av-1jlel-1bc90ba3e1ffa55f8d3a7be395c03e85 main_color avia-section-default avia-no-border-styling  avia-builder-el-0  el_before_av_section  avia-builder-el-first  avia-bg-style-scroll container_wrap fullsize'  ><div class='container av-section-cont-open' ><main  role=\"main\" itemprop=\"mainContentOfPage\"  class='template-page content  av-content-full alpha units'><div class='post-entry post-entry-type-page post-entry-161'><div class='entry-content-wrapper clearfix'>\n<div  class='flex_column av-ok4d-ec5e928a20181e29bd166158ddb8e152 av_one_full  avia-builder-el-1  el_before_av_image  avia-builder-el-first  first flex_column_div  '     ><style type=\"text\/css\" data-created_by=\"avia_inline_auto\" id=\"style-css-av-lg29wfol-eeba0b4b5cddf21516085b4730c10955\">\n#top .av-special-heading.av-lg29wfol-eeba0b4b5cddf21516085b4730c10955{\npadding-bottom:10px;\n}\nbody .av-special-heading.av-lg29wfol-eeba0b4b5cddf21516085b4730c10955 .av-special-heading-tag .heading-char{\nfont-size:25px;\n}\n.av-special-heading.av-lg29wfol-eeba0b4b5cddf21516085b4730c10955 .av-subheading{\nfont-size:15px;\n}\n<\/style>\n<div  class='av-special-heading av-lg29wfol-eeba0b4b5cddf21516085b4730c10955 av-special-heading-h1 blockquote modern-quote  avia-builder-el-2  avia-builder-el-no-sibling '><h1 class='av-special-heading-tag '  itemprop=\"headline\"  >Maschinendatenerfassungs-System<\/h1><div class=\"special-heading-border\"><div class=\"special-heading-inner-border\"><\/div><\/div><\/div><\/div>\n<style type=\"text\/css\" data-created_by=\"avia_inline_auto\" id=\"style-css-av-li1e6adp-bcdfb3856a34d3668f0fd13b64cfe9c4\">\n.avia-image-container.av-li1e6adp-bcdfb3856a34d3668f0fd13b64cfe9c4 img.avia_image{\nbox-shadow:none;\n}\n.avia-image-container.av-li1e6adp-bcdfb3856a34d3668f0fd13b64cfe9c4 .av-image-caption-overlay-center{\ncolor:#ffffff;\n}\n<\/style>\n<div  class='avia-image-container av-li1e6adp-bcdfb3856a34d3668f0fd13b64cfe9c4 av-styling- avia-align-left  avia-builder-el-3  el_after_av_one_full  el_before_av_hr '   itemprop=\"image\" itemscope=\"itemscope\" itemtype=\"https:\/\/schema.org\/ImageObject\" ><div class=\"avia-image-container-inner\"><div class=\"avia-image-overlay-wrap\"><img decoding=\"async\" fetchpriority=\"high\" class='wp-image-1465 avia-img-lazy-loading-not-1465 avia_image ' src=\"https:\/\/retrofit.de\/wp-content\/uploads\/2023\/05\/Maschinendatenerfassung-System-1500x630.webp\" alt='Maschinendatenerfassung-System' title='Maschinendatenerfassung-System'  height=\"630\" width=\"1500\"  itemprop=\"thumbnailUrl\"  \/><\/div><\/div><\/div>\n\n<style type=\"text\/css\" data-created_by=\"avia_inline_auto\" id=\"style-css-av-ljsbuc0m-e38d4d961afee2247041db03f302fd48\">\n#top .hr.hr-invisible.av-ljsbuc0m-e38d4d961afee2247041db03f302fd48{\nheight:50px;\n}\n<\/style>\n<div  class='hr av-ljsbuc0m-e38d4d961afee2247041db03f302fd48 hr-invisible  avia-builder-el-4  el_after_av_image  el_before_av_one_full '><span class='hr-inner '><span class=\"hr-inner-style\"><\/span><\/span><\/div>\n<div  class='flex_column av-lg29yef9-109989141a5dfb52d41595f0b8f08f30 av_one_full  avia-builder-el-5  el_after_av_hr  avia-builder-el-last  first flex_column_div  '     ><style type=\"text\/css\" data-created_by=\"avia_inline_auto\" id=\"style-css-av-lg29xm1f-c98303dd7f770b8116f4ee6bf00641f9\">\n#top .av_textblock_section.av-lg29xm1f-c98303dd7f770b8116f4ee6bf00641f9 .avia_textblock{\ncolumn-count:2;\ncolumn-gap:10%;\n}\n<\/style>\n<section  class='av_textblock_section av-lg29xm1f-c98303dd7f770b8116f4ee6bf00641f9 '   itemscope=\"itemscope\" itemtype=\"https:\/\/schema.org\/CreativeWork\" ><div class='avia_textblock av_multi_colums av_inherit_color'  itemprop=\"text\" ><p>Ein Maschinendatenerfassungs-System stellt Ihnen Informationen zur Verf\u00fcgung \u00fcber den Maschinenstatus und teilt St\u00f6rmeldungen oder Warnungen mit.<\/p>\n<p>\u00dcber die OPCUA Schnittstelle erhalten Sie nicht nur Kennzahlen zur Fertigung f\u00fcr Ihre MDE, sondern gegebenenfalls auch Betriebsdaten f\u00fcr Ihre BDE!<\/p>\n<\/div><\/section><\/div><\/div><\/div><\/main><!-- close content main element --><\/div><\/div><div id='av_section_2'  class='avia-section av-18xmox-38d4c2107be6bda86299e4ca2bab4ccf main_color avia-section-default avia-no-border-styling  avia-builder-el-7  el_after_av_section  avia-builder-el-last  avia-bg-style-scroll container_wrap fullsize'  ><div class='container av-section-cont-open' ><div class='template-page content  av-content-full alpha units'><div class='post-entry post-entry-type-page post-entry-161'><div class='entry-content-wrapper clearfix'>\n\n<style type=\"text\/css\" data-created_by=\"avia_inline_auto\" id=\"style-css-av-121mg9-4d4dc34f7ac39ce31e3f1ba9c2dc8a5b\">\n#top .av-special-heading.av-121mg9-4d4dc34f7ac39ce31e3f1ba9c2dc8a5b{\npadding-bottom:10px;\n}\nbody .av-special-heading.av-121mg9-4d4dc34f7ac39ce31e3f1ba9c2dc8a5b .av-special-heading-tag .heading-char{\nfont-size:25px;\n}\n.av-special-heading.av-121mg9-4d4dc34f7ac39ce31e3f1ba9c2dc8a5b .av-subheading{\nfont-size:15px;\n}\n<\/style>\n<div  class='av-special-heading av-121mg9-4d4dc34f7ac39ce31e3f1ba9c2dc8a5b av-special-heading-h2 blockquote modern-quote  avia-builder-el-8  el_before_av_textblock  avia-builder-el-first '><h2 class='av-special-heading-tag '  itemprop=\"headline\"  >Wie k\u00f6nnen wir Ihnen helfen?<\/h2><div class=\"special-heading-border\"><div class=\"special-heading-inner-border\"><\/div><\/div><\/div>\n\n<style type=\"text\/css\" data-created_by=\"avia_inline_auto\" id=\"style-css-av-yl9ll-1e0b9081a0248346b44b95f42951e5ec\">\n#top .av_textblock_section.av-yl9ll-1e0b9081a0248346b44b95f42951e5ec .avia_textblock{\nfont-size:30px;\n}\n<\/style>\n<section  class='av_textblock_section av-yl9ll-1e0b9081a0248346b44b95f42951e5ec '   itemscope=\"itemscope\" itemtype=\"https:\/\/schema.org\/CreativeWork\" ><div class='avia_textblock'  itemprop=\"text\" ><p>HDC Huttelmaier Retrofit \u2013 Maschinen \u00dcberholung f\u00fcr High End Pr\u00e4zision<\/p>\n<\/div><\/section>\n<div  class='flex_column av-pxgah-b1c70aec8d691a089c81b8da17390c99 av_one_fourth  avia-builder-el-10  el_after_av_textblock  el_before_av_one_half  first flex_column_div  column-top-margin'     ><style type=\"text\/css\" data-created_by=\"avia_inline_auto\" id=\"style-css-av-kdgg1-bac7dea0e86c6c4ace053334795ffda0\">\n.avia-image-container.av-kdgg1-bac7dea0e86c6c4ace053334795ffda0 img.avia_image{\nbox-shadow:none;\n}\n.avia-image-container.av-kdgg1-bac7dea0e86c6c4ace053334795ffda0 .av-image-caption-overlay-center{\ncolor:#ffffff;\n}\n<\/style>\n<div  class='avia-image-container av-kdgg1-bac7dea0e86c6c4ace053334795ffda0 av-styling- avia-align-center  avia-builder-el-11  avia-builder-el-no-sibling '   itemprop=\"image\" itemscope=\"itemscope\" itemtype=\"https:\/\/schema.org\/ImageObject\" ><div class=\"avia-image-container-inner\"><div class=\"avia-image-overlay-wrap\"><img decoding=\"async\" fetchpriority=\"high\" class='wp-image-451 avia-img-lazy-loading-not-451 avia_image ' src=\"https:\/\/retrofit.de\/wp-content\/uploads\/2023\/04\/Falko-Rehorst-_-Vertrieb-bei-HDC.webp\" alt='Falko Rehorst-Vertrieb-bei-HDC' title='Falko Rehorst-Vertrieb-bei-HDC'  height=\"400\" width=\"400\"  itemprop=\"thumbnailUrl\" srcset=\"https:\/\/retrofit.de\/wp-content\/uploads\/2023\/04\/Falko-Rehorst-_-Vertrieb-bei-HDC.webp 400w, https:\/\/retrofit.de\/wp-content\/uploads\/2023\/04\/Falko-Rehorst-_-Vertrieb-bei-HDC-300x300.webp 300w, https:\/\/retrofit.de\/wp-content\/uploads\/2023\/04\/Falko-Rehorst-_-Vertrieb-bei-HDC-80x80.webp 80w, https:\/\/retrofit.de\/wp-content\/uploads\/2023\/04\/Falko-Rehorst-_-Vertrieb-bei-HDC-36x36.webp 36w, https:\/\/retrofit.de\/wp-content\/uploads\/2023\/04\/Falko-Rehorst-_-Vertrieb-bei-HDC-180x180.webp 180w\" sizes=\"(max-width: 400px) 100vw, 400px\" \/><\/div><\/div><\/div><\/div><div  class='flex_column av-ep03t-32e6009fda18ead565a1786e28904e56 av_one_half  avia-builder-el-12  el_after_av_one_fourth  avia-builder-el-last  linie-links flex_column_div  column-top-margin'     ><style type=\"text\/css\" data-created_by=\"avia_inline_auto\" id=\"style-css-av-71rxd-72591b2128c79551c430598937bfde92\">\n#top .av_textblock_section.av-71rxd-72591b2128c79551c430598937bfde92 .avia_textblock{\nfont-size:18px;\n}\n<\/style>\n<section  class='av_textblock_section av-71rxd-72591b2128c79551c430598937bfde92 '   itemscope=\"itemscope\" itemtype=\"https:\/\/schema.org\/CreativeWork\" ><div class='avia_textblock kontakt'  itemprop=\"text\" ><p><strong>Falko Rehorst<\/strong><\/p>\n<p style=\"line-height: 1.65em;\">Retrofit Berater<br \/>\nHuttelmaier GmbH<\/p>\n<p><strong>Kontaktieren Sie mich<\/strong><\/p>\n<p><img loading=\"lazy\" decoding=\"async\" style=\"margin-right: 10px;\" src=\"https:\/\/retrofit.de\/wp-content\/uploads\/2023\/04\/HDC-Website_Kontakt-Icons_Phone.svg\" width=\"32\" height=\"32\" \/><a href=\"tel:+4971819786829\">+49 (0) 7181-97868-29<\/a><br \/>\n<img loading=\"lazy\" decoding=\"async\" style=\"margin-right: 10px; margin-bottom: -5px; padding-top: 5px;\" src=\"https:\/\/retrofit.de\/wp-content\/uploads\/2023\/04\/HDC-Website_Kontakt-Icons_Mobile.svg\" width=\"32\" height=\"32\" \/><a href=\"tel:+491727121011\">+49 (0) 172-7121011<\/a><br \/>\n<img loading=\"lazy\" decoding=\"async\" style=\"margin-right: 10px; margin-bottom: -10px; padding-top: 10px;\" src=\"https:\/\/retrofit.de\/wp-content\/uploads\/2023\/04\/HDC-Website_Kontakt-Icons_Mail.svg\" width=\"32\" height=\"32\" \/><a href=\"mailto:rehorst@huttelmaier.de\">rehorst@huttelmaier.de<\/a><\/p>\n<p>Ich freue mich auf ein Gespr\u00e4ch mit Ihnen!<\/p>\n<\/div><\/section><\/div>\n<\/p>\n","protected":false},"excerpt":{"rendered":"","protected":false},"author":1,"featured_media":0,"parent":139,"menu_order":5,"comment_status":"closed","ping_status":"closed","template":"","meta":{"footnotes":""},"class_list":["post-161","page","type-page","status-publish","hentry"],"yoast_head":"<!-- This site is optimized with the Yoast SEO plugin v27.2 - https:\/\/yoast.com\/product\/yoast-seo-wordpress\/ -->\n<title>Maschinendatenerfassungs-System \u2013 MDE und BDE Systeme<\/title>\n<meta name=\"description\" content=\"Maschinendatenerfassungs-System \u2713 Maschinenstatus \u2606 St\u00f6rmeldungen \u2606 Warnungen \u2606 OPCUA Schnittstelle \u27a8 MDE und BDE f\u00fcr Werkzeugmaschinen!\" \/>\n<meta name=\"robots\" content=\"index, follow, max-snippet:-1, max-image-preview:large, max-video-preview:-1\" \/>\n<link rel=\"canonical\" href=\"https:\/\/retrofit.de\/index.php\/de\/maschinenueberholung\/maschinenmodernisierung\/maschinendatenerfassung-system\/\" \/>\n<meta property=\"og:locale\" content=\"de_DE\" \/>\n<meta property=\"og:type\" content=\"article\" \/>\n<meta property=\"og:title\" content=\"Maschinendatenerfassungs-System \u2013 MDE und BDE Systeme\" \/>\n<meta property=\"og:description\" content=\"Maschinendatenerfassungs-System \u2713 Maschinenstatus \u2606 St\u00f6rmeldungen \u2606 Warnungen \u2606 OPCUA Schnittstelle \u27a8 MDE und BDE f\u00fcr Werkzeugmaschinen!\" \/>\n<meta property=\"og:url\" content=\"https:\/\/retrofit.de\/index.php\/de\/maschinenueberholung\/maschinenmodernisierung\/maschinendatenerfassung-system\/\" \/>\n<meta property=\"og:site_name\" content=\"HDC Huttelmaier Retrofit\" \/>\n<meta property=\"article:modified_time\" content=\"2023-07-07T08:41:07+00:00\" \/>\n<meta property=\"og:image\" content=\"https:\/\/retrofit.de\/wp-content\/uploads\/2023\/04\/HDC-Website_Kontakt-Icons_Phone.svg\" \/>\n<meta name=\"twitter:card\" content=\"summary_large_image\" \/>\n<meta name=\"twitter:label1\" content=\"Gesch\u00e4tzte Lesezeit\" \/>\n\t<meta name=\"twitter:data1\" content=\"7\u00a0Minuten\" \/>\n<script type=\"application\/ld+json\" class=\"yoast-schema-graph\">{\"@context\":\"https:\/\/schema.org\",\"@graph\":[{\"@type\":\"WebPage\",\"@id\":\"https:\/\/retrofit.de\/index.php\/de\/maschinenueberholung\/maschinenmodernisierung\/maschinendatenerfassung-system\/\",\"url\":\"https:\/\/retrofit.de\/index.php\/de\/maschinenueberholung\/maschinenmodernisierung\/maschinendatenerfassung-system\/\",\"name\":\"Maschinendatenerfassungs-System \u2013 MDE und BDE Systeme\",\"isPartOf\":{\"@id\":\"https:\/\/retrofit.de\/#website\"},\"primaryImageOfPage\":{\"@id\":\"https:\/\/retrofit.de\/index.php\/de\/maschinenueberholung\/maschinenmodernisierung\/maschinendatenerfassung-system\/#primaryimage\"},\"image\":{\"@id\":\"https:\/\/retrofit.de\/index.php\/de\/maschinenueberholung\/maschinenmodernisierung\/maschinendatenerfassung-system\/#primaryimage\"},\"thumbnailUrl\":\"https:\/\/retrofit.de\/wp-content\/uploads\/2023\/04\/HDC-Website_Kontakt-Icons_Phone.svg\",\"datePublished\":\"2023-04-04T14:29:32+00:00\",\"dateModified\":\"2023-07-07T08:41:07+00:00\",\"description\":\"Maschinendatenerfassungs-System \u2713 Maschinenstatus \u2606 St\u00f6rmeldungen \u2606 Warnungen \u2606 OPCUA Schnittstelle \u27a8 MDE und BDE f\u00fcr Werkzeugmaschinen!\",\"breadcrumb\":{\"@id\":\"https:\/\/retrofit.de\/index.php\/de\/maschinenueberholung\/maschinenmodernisierung\/maschinendatenerfassung-system\/#breadcrumb\"},\"inLanguage\":\"de\",\"potentialAction\":[{\"@type\":\"ReadAction\",\"target\":[\"https:\/\/retrofit.de\/index.php\/de\/maschinenueberholung\/maschinenmodernisierung\/maschinendatenerfassung-system\/\"]}]},{\"@type\":\"ImageObject\",\"inLanguage\":\"de\",\"@id\":\"https:\/\/retrofit.de\/index.php\/de\/maschinenueberholung\/maschinenmodernisierung\/maschinendatenerfassung-system\/#primaryimage\",\"url\":\"https:\/\/retrofit.de\/wp-content\/uploads\/2023\/04\/HDC-Website_Kontakt-Icons_Phone.svg\",\"contentUrl\":\"https:\/\/retrofit.de\/wp-content\/uploads\/2023\/04\/HDC-Website_Kontakt-Icons_Phone.svg\"},{\"@type\":\"BreadcrumbList\",\"@id\":\"https:\/\/retrofit.de\/index.php\/de\/maschinenueberholung\/maschinenmodernisierung\/maschinendatenerfassung-system\/#breadcrumb\",\"itemListElement\":[{\"@type\":\"ListItem\",\"position\":1,\"name\":\"Startseite\",\"item\":\"https:\/\/retrofit.de\/index.php\/de\/startseite\/\"},{\"@type\":\"ListItem\",\"position\":2,\"name\":\"Maschinen\u00fcberholung\",\"item\":\"https:\/\/retrofit.de\/index.php\/de\/maschinenueberholung\/\"},{\"@type\":\"ListItem\",\"position\":3,\"name\":\"Modernisierung\",\"item\":\"https:\/\/retrofit.de\/index.php\/de\/maschinenueberholung\/maschinenmodernisierung\/\"},{\"@type\":\"ListItem\",\"position\":4,\"name\":\"Maschinendatenerfassung\"}]},{\"@type\":\"WebSite\",\"@id\":\"https:\/\/retrofit.de\/#website\",\"url\":\"https:\/\/retrofit.de\/\",\"name\":\"HDC Huttelmaier Retrofit\",\"description\":\"Maschinen \u00dcberholung f\u00fcr High End Pr\u00e4zision\",\"publisher\":{\"@id\":\"https:\/\/retrofit.de\/#organization\"},\"potentialAction\":[{\"@type\":\"SearchAction\",\"target\":{\"@type\":\"EntryPoint\",\"urlTemplate\":\"https:\/\/retrofit.de\/?s={search_term_string}\"},\"query-input\":{\"@type\":\"PropertyValueSpecification\",\"valueRequired\":true,\"valueName\":\"search_term_string\"}}],\"inLanguage\":\"de\"},{\"@type\":\"Organization\",\"@id\":\"https:\/\/retrofit.de\/#organization\",\"name\":\"HDC Huttelmaier GmbH\",\"alternateName\":\"HDC\",\"url\":\"https:\/\/retrofit.de\/\",\"logo\":{\"@type\":\"ImageObject\",\"inLanguage\":\"de\",\"@id\":\"https:\/\/retrofit.de\/#\/schema\/logo\/image\/\",\"url\":\"https:\/\/retrofit.de\/wp-content\/uploads\/2023\/04\/Logo.jpg\",\"contentUrl\":\"https:\/\/retrofit.de\/wp-content\/uploads\/2023\/04\/Logo.jpg\",\"width\":2083,\"height\":2083,\"caption\":\"HDC Huttelmaier GmbH\"},\"image\":{\"@id\":\"https:\/\/retrofit.de\/#\/schema\/logo\/image\/\"}}]}<\/script>\n<!-- \/ Yoast SEO plugin. -->","yoast_head_json":{"title":"Maschinendatenerfassungs-System \u2013 MDE und BDE Systeme","description":"Maschinendatenerfassungs-System \u2713 Maschinenstatus \u2606 St\u00f6rmeldungen \u2606 Warnungen \u2606 OPCUA Schnittstelle \u27a8 MDE und BDE f\u00fcr Werkzeugmaschinen!","robots":{"index":"index","follow":"follow","max-snippet":"max-snippet:-1","max-image-preview":"max-image-preview:large","max-video-preview":"max-video-preview:-1"},"canonical":"https:\/\/retrofit.de\/index.php\/de\/maschinenueberholung\/maschinenmodernisierung\/maschinendatenerfassung-system\/","og_locale":"de_DE","og_type":"article","og_title":"Maschinendatenerfassungs-System \u2013 MDE und BDE Systeme","og_description":"Maschinendatenerfassungs-System \u2713 Maschinenstatus \u2606 St\u00f6rmeldungen \u2606 Warnungen \u2606 OPCUA Schnittstelle \u27a8 MDE und BDE f\u00fcr Werkzeugmaschinen!","og_url":"https:\/\/retrofit.de\/index.php\/de\/maschinenueberholung\/maschinenmodernisierung\/maschinendatenerfassung-system\/","og_site_name":"HDC Huttelmaier Retrofit","article_modified_time":"2023-07-07T08:41:07+00:00","og_image":[{"url":"https:\/\/retrofit.de\/wp-content\/uploads\/2023\/04\/HDC-Website_Kontakt-Icons_Phone.svg","type":"","width":"","height":""}],"twitter_card":"summary_large_image","twitter_misc":{"Gesch\u00e4tzte Lesezeit":"7\u00a0Minuten"},"schema":{"@context":"https:\/\/schema.org","@graph":[{"@type":"WebPage","@id":"https:\/\/retrofit.de\/index.php\/de\/maschinenueberholung\/maschinenmodernisierung\/maschinendatenerfassung-system\/","url":"https:\/\/retrofit.de\/index.php\/de\/maschinenueberholung\/maschinenmodernisierung\/maschinendatenerfassung-system\/","name":"Maschinendatenerfassungs-System \u2013 MDE und BDE Systeme","isPartOf":{"@id":"https:\/\/retrofit.de\/#website"},"primaryImageOfPage":{"@id":"https:\/\/retrofit.de\/index.php\/de\/maschinenueberholung\/maschinenmodernisierung\/maschinendatenerfassung-system\/#primaryimage"},"image":{"@id":"https:\/\/retrofit.de\/index.php\/de\/maschinenueberholung\/maschinenmodernisierung\/maschinendatenerfassung-system\/#primaryimage"},"thumbnailUrl":"https:\/\/retrofit.de\/wp-content\/uploads\/2023\/04\/HDC-Website_Kontakt-Icons_Phone.svg","datePublished":"2023-04-04T14:29:32+00:00","dateModified":"2023-07-07T08:41:07+00:00","description":"Maschinendatenerfassungs-System \u2713 Maschinenstatus \u2606 St\u00f6rmeldungen \u2606 Warnungen \u2606 OPCUA Schnittstelle \u27a8 MDE und BDE f\u00fcr Werkzeugmaschinen!","breadcrumb":{"@id":"https:\/\/retrofit.de\/index.php\/de\/maschinenueberholung\/maschinenmodernisierung\/maschinendatenerfassung-system\/#breadcrumb"},"inLanguage":"de","potentialAction":[{"@type":"ReadAction","target":["https:\/\/retrofit.de\/index.php\/de\/maschinenueberholung\/maschinenmodernisierung\/maschinendatenerfassung-system\/"]}]},{"@type":"ImageObject","inLanguage":"de","@id":"https:\/\/retrofit.de\/index.php\/de\/maschinenueberholung\/maschinenmodernisierung\/maschinendatenerfassung-system\/#primaryimage","url":"https:\/\/retrofit.de\/wp-content\/uploads\/2023\/04\/HDC-Website_Kontakt-Icons_Phone.svg","contentUrl":"https:\/\/retrofit.de\/wp-content\/uploads\/2023\/04\/HDC-Website_Kontakt-Icons_Phone.svg"},{"@type":"BreadcrumbList","@id":"https:\/\/retrofit.de\/index.php\/de\/maschinenueberholung\/maschinenmodernisierung\/maschinendatenerfassung-system\/#breadcrumb","itemListElement":[{"@type":"ListItem","position":1,"name":"Startseite","item":"https:\/\/retrofit.de\/index.php\/de\/startseite\/"},{"@type":"ListItem","position":2,"name":"Maschinen\u00fcberholung","item":"https:\/\/retrofit.de\/index.php\/de\/maschinenueberholung\/"},{"@type":"ListItem","position":3,"name":"Modernisierung","item":"https:\/\/retrofit.de\/index.php\/de\/maschinenueberholung\/maschinenmodernisierung\/"},{"@type":"ListItem","position":4,"name":"Maschinendatenerfassung"}]},{"@type":"WebSite","@id":"https:\/\/retrofit.de\/#website","url":"https:\/\/retrofit.de\/","name":"HDC Huttelmaier Retrofit","description":"Maschinen \u00dcberholung f\u00fcr High End Pr\u00e4zision","publisher":{"@id":"https:\/\/retrofit.de\/#organization"},"potentialAction":[{"@type":"SearchAction","target":{"@type":"EntryPoint","urlTemplate":"https:\/\/retrofit.de\/?s={search_term_string}"},"query-input":{"@type":"PropertyValueSpecification","valueRequired":true,"valueName":"search_term_string"}}],"inLanguage":"de"},{"@type":"Organization","@id":"https:\/\/retrofit.de\/#organization","name":"HDC Huttelmaier GmbH","alternateName":"HDC","url":"https:\/\/retrofit.de\/","logo":{"@type":"ImageObject","inLanguage":"de","@id":"https:\/\/retrofit.de\/#\/schema\/logo\/image\/","url":"https:\/\/retrofit.de\/wp-content\/uploads\/2023\/04\/Logo.jpg","contentUrl":"https:\/\/retrofit.de\/wp-content\/uploads\/2023\/04\/Logo.jpg","width":2083,"height":2083,"caption":"HDC Huttelmaier GmbH"},"image":{"@id":"https:\/\/retrofit.de\/#\/schema\/logo\/image\/"}}]}},"_links":{"self":[{"href":"https:\/\/retrofit.de\/index.php\/wp-json\/wp\/v2\/pages\/161","targetHints":{"allow":["GET"]}}],"collection":[{"href":"https:\/\/retrofit.de\/index.php\/wp-json\/wp\/v2\/pages"}],"about":[{"href":"https:\/\/retrofit.de\/index.php\/wp-json\/wp\/v2\/types\/page"}],"author":[{"embeddable":true,"href":"https:\/\/retrofit.de\/index.php\/wp-json\/wp\/v2\/users\/1"}],"replies":[{"embeddable":true,"href":"https:\/\/retrofit.de\/index.php\/wp-json\/wp\/v2\/comments?post=161"}],"version-history":[{"count":10,"href":"https:\/\/retrofit.de\/index.php\/wp-json\/wp\/v2\/pages\/161\/revisions"}],"predecessor-version":[{"id":3089,"href":"https:\/\/retrofit.de\/index.php\/wp-json\/wp\/v2\/pages\/161\/revisions\/3089"}],"up":[{"embeddable":true,"href":"https:\/\/retrofit.de\/index.php\/wp-json\/wp\/v2\/pages\/139"}],"wp:attachment":[{"href":"https:\/\/retrofit.de\/index.php\/wp-json\/wp\/v2\/media?parent=161"}],"curies":[{"name":"wp","href":"https:\/\/api.w.org\/{rel}","templated":true}]}}