{"id":149,"date":"2023-04-04T16:18:32","date_gmt":"2023-04-04T14:18:32","guid":{"rendered":"https:\/\/retrofit.de\/wordpress\/?page_id=149"},"modified":"2024-11-07T10:33:51","modified_gmt":"2024-11-07T09:33:51","slug":"modernisierung-cnc-steuerung","status":"publish","type":"page","link":"https:\/\/retrofit.de\/index.php\/de\/maschinenueberholung\/maschinenmodernisierung\/modernisierung-cnc-steuerung\/","title":{"rendered":"Modernisierung Steuerung"},"content":{"rendered":"<div id='av_section_1'  class='avia-section av-1jlel-1bc90ba3e1ffa55f8d3a7be395c03e85 main_color avia-section-default avia-no-border-styling  avia-builder-el-0  el_before_av_section  avia-builder-el-first  avia-bg-style-scroll container_wrap fullsize'  ><div class='container av-section-cont-open' ><main  role=\"main\" itemprop=\"mainContentOfPage\"  class='template-page content  av-content-full alpha units'><div class='post-entry post-entry-type-page post-entry-149'><div class='entry-content-wrapper clearfix'>\n<div  class='flex_column av-ok4d-ec5e928a20181e29bd166158ddb8e152 av_one_full  avia-builder-el-1  el_before_av_one_third  avia-builder-el-first  first flex_column_div  '     ><style type=\"text\/css\" data-created_by=\"avia_inline_auto\" id=\"style-css-av-lg29wfol-8e8315950d71050025bea54cdaae03b9\">\n#top .av-special-heading.av-lg29wfol-8e8315950d71050025bea54cdaae03b9{\npadding-bottom:10px;\n}\nbody .av-special-heading.av-lg29wfol-8e8315950d71050025bea54cdaae03b9 .av-special-heading-tag .heading-char{\nfont-size:25px;\n}\n.av-special-heading.av-lg29wfol-8e8315950d71050025bea54cdaae03b9 .av-subheading{\nfont-size:15px;\n}\n<\/style>\n<div  class='av-special-heading av-lg29wfol-8e8315950d71050025bea54cdaae03b9 av-special-heading-h1 blockquote modern-quote  avia-builder-el-2  avia-builder-el-no-sibling '><h1 class='av-special-heading-tag '  itemprop=\"headline\"  >Modernisierung Steuerung<\/h1><div class=\"special-heading-border\"><div class=\"special-heading-inner-border\"><\/div><\/div><\/div><\/div><div  class='flex_column av-39e71-72d90428f8fa05d62bff549a573046b8 av_one_third  avia-builder-el-3  el_after_av_one_full  el_before_av_two_third  first flex_column_div  column-top-margin'     ><div  class='avia-slideshow av-li1dvmgm-682a059d8fb8e494838190142a52f562 avia-slideshow-extra_large av_slideshow avia-slide-slider  avia-builder-el-4  avia-builder-el-no-sibling  av-slideshow-ui av-control-minimal av-control-minimal-dark av-nav-arrows-visible av-no-slider-navigation av-slideshow-autoplay av-loop-endless av-loop-manual-endless av-default-height-applied avia-slideshow-1' data-slideshow-options=\"{&quot;animation&quot;:&quot;slide&quot;,&quot;autoplay&quot;:true,&quot;loop_autoplay&quot;:&quot;endless&quot;,&quot;interval&quot;:5,&quot;loop_manual&quot;:&quot;manual-endless&quot;,&quot;autoplay_stopper&quot;:false,&quot;noNavigation&quot;:false,&quot;bg_slider&quot;:false,&quot;transitionSpeed&quot;:400,&quot;keep_padding&quot;:false,&quot;hoverpause&quot;:false,&quot;show_slide_delay&quot;:0}\"  itemprop=\"image\" itemscope=\"itemscope\" itemtype=\"https:\/\/schema.org\/ImageObject\" ><ul class='avia-slideshow-inner ' style='padding-bottom: 91.75%;'><li  class='avia-slideshow-slide av-li1dvmgm-682a059d8fb8e494838190142a52f562__0  slide-1 slide-odd'><div data-rel='slideshow-1' class='avia-slide-wrap '   ><img decoding=\"async\" fetchpriority=\"high\" class=\"wp-image-1481 avia-img-lazy-loading-not-1481\"  src=\"https:\/\/retrofit.de\/wp-content\/uploads\/2023\/05\/Modernisierung-CNC-Steuerung-1.jpg\" width=\"400\" height=\"367\" title='Modernisierung Steuerung' alt='Modernisierung Steuerung'  itemprop=\"thumbnailUrl\"   \/><\/div><\/li><li  class='avia-slideshow-slide av-li1dvmgm-682a059d8fb8e494838190142a52f562__1  slide-2 slide-even'><div data-rel='slideshow-1' class='avia-slide-wrap '   ><img decoding=\"async\" fetchpriority=\"high\" class=\"wp-image-1480 avia-img-lazy-loading-not-1480\"  src=\"https:\/\/retrofit.de\/wp-content\/uploads\/2023\/05\/Modernisierung-CNC-Steuerung-4.webp\" width=\"400\" height=\"600\" title='Modernisierung Steuerung' alt='Modernisierung Steuerung'  itemprop=\"thumbnailUrl\" srcset=\"https:\/\/retrofit.de\/wp-content\/uploads\/2023\/05\/Modernisierung-CNC-Steuerung-4.webp 400w, https:\/\/retrofit.de\/wp-content\/uploads\/2023\/05\/Modernisierung-CNC-Steuerung-4-200x300.webp 200w\" sizes=\"(max-width: 400px) 100vw, 400px\" \/><\/div><\/li><li  class='avia-slideshow-slide av-li1dvmgm-682a059d8fb8e494838190142a52f562__2  slide-3 slide-odd'><div data-rel='slideshow-1' class='avia-slide-wrap '   ><img decoding=\"async\" fetchpriority=\"high\" class=\"wp-image-1479 avia-img-lazy-loading-not-1479\"  src=\"https:\/\/retrofit.de\/wp-content\/uploads\/2023\/05\/Modernisierung-CNC-Steuerung-3.webp\" width=\"400\" height=\"300\" title='Modernisierung Steuerung' alt='Modernisierung Steuerung'  itemprop=\"thumbnailUrl\" srcset=\"https:\/\/retrofit.de\/wp-content\/uploads\/2023\/05\/Modernisierung-CNC-Steuerung-3.webp 400w, https:\/\/retrofit.de\/wp-content\/uploads\/2023\/05\/Modernisierung-CNC-Steuerung-3-300x225.webp 300w\" sizes=\"(max-width: 400px) 100vw, 400px\" \/><\/div><\/li><li  class='avia-slideshow-slide av-li1dvmgm-682a059d8fb8e494838190142a52f562__3  slide-4 slide-even'><div data-rel='slideshow-1' class='avia-slide-wrap '   ><img decoding=\"async\" fetchpriority=\"high\" class=\"wp-image-1478 avia-img-lazy-loading-not-1478\"  src=\"https:\/\/retrofit.de\/wp-content\/uploads\/2023\/05\/Modernisierung-CNC-Steuerung-2.webp\" width=\"400\" height=\"600\" title='Modernisierung Steuerung' alt='Modernisierung Steuerung'  itemprop=\"thumbnailUrl\" srcset=\"https:\/\/retrofit.de\/wp-content\/uploads\/2023\/05\/Modernisierung-CNC-Steuerung-2.webp 400w, https:\/\/retrofit.de\/wp-content\/uploads\/2023\/05\/Modernisierung-CNC-Steuerung-2-200x300.webp 200w\" sizes=\"(max-width: 400px) 100vw, 400px\" \/><\/div><\/li><li  class='avia-slideshow-slide av-li1dvmgm-682a059d8fb8e494838190142a52f562__4  slide-5 slide-odd'><div data-rel='slideshow-1' class='avia-slide-wrap '   ><img decoding=\"async\" fetchpriority=\"high\" class=\"wp-image-3973 avia-img-lazy-loading-not-3973\"  src=\"https:\/\/retrofit.de\/wp-content\/uploads\/2024\/11\/mitsubishi-lightworkart-pro-bedienpult.jpg\" width=\"1080\" height=\"1080\" title='mitsubishi-lightworkart-pro-bedienpult' alt=''  itemprop=\"thumbnailUrl\" srcset=\"https:\/\/retrofit.de\/wp-content\/uploads\/2024\/11\/mitsubishi-lightworkart-pro-bedienpult.jpg 1080w, https:\/\/retrofit.de\/wp-content\/uploads\/2024\/11\/mitsubishi-lightworkart-pro-bedienpult-300x300.jpg 300w, https:\/\/retrofit.de\/wp-content\/uploads\/2024\/11\/mitsubishi-lightworkart-pro-bedienpult-1030x1030.jpg 1030w, https:\/\/retrofit.de\/wp-content\/uploads\/2024\/11\/mitsubishi-lightworkart-pro-bedienpult-80x80.jpg 80w, https:\/\/retrofit.de\/wp-content\/uploads\/2024\/11\/mitsubishi-lightworkart-pro-bedienpult-768x768.jpg 768w, https:\/\/retrofit.de\/wp-content\/uploads\/2024\/11\/mitsubishi-lightworkart-pro-bedienpult-36x36.jpg 36w, https:\/\/retrofit.de\/wp-content\/uploads\/2024\/11\/mitsubishi-lightworkart-pro-bedienpult-180x180.jpg 180w, https:\/\/retrofit.de\/wp-content\/uploads\/2024\/11\/mitsubishi-lightworkart-pro-bedienpult-705x705.jpg 705w\" sizes=\"(max-width: 1080px) 100vw, 1080px\" \/><\/div><\/li><\/ul><div class='avia-slideshow-arrows avia-slideshow-controls' ><a href='#prev' class='prev-slide ' aria-hidden='true' data-av_icon='\ue87c' data-av_iconfont='entypo-fontello'  tabindex='-1'>Zur\u00fcck<\/a><a href='#next' class='next-slide ' aria-hidden='true' data-av_icon='\ue87d' data-av_iconfont='entypo-fontello'  tabindex='-1'>Weiter<\/a><\/div><\/div><\/div><div  class='flex_column av-lg29yef9-ceae01e18e4e83d1415545add6ab8f0e av_two_third  avia-builder-el-5  el_after_av_one_third  avia-builder-el-last  flex_column_div  column-top-margin'     ><section  class='av_textblock_section av-lg29xm1f-7d3cdd8b59a629545178fbb262f8292d '   itemscope=\"itemscope\" itemtype=\"https:\/\/schema.org\/CreativeWork\" ><div class='avia_textblock av_inherit_color'  itemprop=\"text\" ><p>Eine Modernisierung der Steuerung bietet f\u00fcr Werkzeugmaschinen viele Vorteile von der zuverl\u00e4ssigen Fertigung \u00fcber weniger Ausschuss bis hin zu geringeren Durchlaufzeiten.<\/p>\n<p>Um diese optimierten Prozesse zu realisieren, greifen wir je nach Einsatzgebiet auf die CNC Steuerung verschiedener Hersteller zur\u00fcck.<\/p>\n<\/div><\/section><\/div><\/div><\/div><\/main><!-- close content main element --><\/div><\/div><div id='av_section_2'  class='avia-section av-17gn9x-f10b66dced3c99f825833552e29aa187 main_color avia-section-default avia-no-border-styling  avia-builder-el-7  el_after_av_section  avia-builder-el-last  avia-bg-style-scroll container_wrap fullsize'  ><div class='container av-section-cont-open' ><div class='template-page content  av-content-full alpha units'><div class='post-entry post-entry-type-page post-entry-149'><div class='entry-content-wrapper clearfix'>\n\n<style type=\"text\/css\" data-created_by=\"avia_inline_auto\" id=\"style-css-av-139hx1-735d91656bc7ce8e6bbd095edaf48009\">\n#top .av-special-heading.av-139hx1-735d91656bc7ce8e6bbd095edaf48009{\npadding-bottom:10px;\n}\nbody .av-special-heading.av-139hx1-735d91656bc7ce8e6bbd095edaf48009 .av-special-heading-tag .heading-char{\nfont-size:25px;\n}\n.av-special-heading.av-139hx1-735d91656bc7ce8e6bbd095edaf48009 .av-subheading{\nfont-size:15px;\n}\n<\/style>\n<div  class='av-special-heading av-139hx1-735d91656bc7ce8e6bbd095edaf48009 av-special-heading-h2 blockquote modern-quote  avia-builder-el-8  el_before_av_textblock  avia-builder-el-first '><h2 class='av-special-heading-tag '  itemprop=\"headline\"  >Wie k\u00f6nnen wir Ihnen helfen?<\/h2><div class=\"special-heading-border\"><div class=\"special-heading-inner-border\"><\/div><\/div><\/div>\n\n<style type=\"text\/css\" data-created_by=\"avia_inline_auto\" id=\"style-css-av-wwe8d-f27220998535f6c1351b7225b7acb077\">\n#top .av_textblock_section.av-wwe8d-f27220998535f6c1351b7225b7acb077 .avia_textblock{\nfont-size:30px;\n}\n<\/style>\n<section  class='av_textblock_section av-wwe8d-f27220998535f6c1351b7225b7acb077 '   itemscope=\"itemscope\" itemtype=\"https:\/\/schema.org\/CreativeWork\" ><div class='avia_textblock'  itemprop=\"text\" ><p>HDC Huttelmaier Retrofit \u2013 Maschinen \u00dcberholung f\u00fcr High End Pr\u00e4zision<\/p>\n<\/div><\/section>\n<div  class='flex_column av-r6wut-62d37339a8b2c6f1ccd36c01b7bcff97 av_one_fourth  avia-builder-el-10  el_after_av_textblock  el_before_av_one_half  first flex_column_div  column-top-margin'     ><style type=\"text\/css\" data-created_by=\"avia_inline_auto\" id=\"style-css-av-j98wl-d2c1aec427e510e09de77fae7961b9f8\">\n.avia-image-container.av-j98wl-d2c1aec427e510e09de77fae7961b9f8 img.avia_image{\nbox-shadow:none;\n}\n.avia-image-container.av-j98wl-d2c1aec427e510e09de77fae7961b9f8 .av-image-caption-overlay-center{\ncolor:#ffffff;\n}\n<\/style>\n<div  class='avia-image-container av-j98wl-d2c1aec427e510e09de77fae7961b9f8 av-styling- avia-align-center  avia-builder-el-11  avia-builder-el-no-sibling '   itemprop=\"image\" itemscope=\"itemscope\" itemtype=\"https:\/\/schema.org\/ImageObject\" ><div class=\"avia-image-container-inner\"><div class=\"avia-image-overlay-wrap\"><img decoding=\"async\" fetchpriority=\"high\" class='wp-image-451 avia-img-lazy-loading-not-451 avia_image ' src=\"https:\/\/retrofit.de\/wp-content\/uploads\/2023\/04\/Falko-Rehorst-_-Vertrieb-bei-HDC.webp\" alt='Falko Rehorst-Vertrieb-bei-HDC' title='Falko Rehorst-Vertrieb-bei-HDC'  height=\"400\" width=\"400\"  itemprop=\"thumbnailUrl\" srcset=\"https:\/\/retrofit.de\/wp-content\/uploads\/2023\/04\/Falko-Rehorst-_-Vertrieb-bei-HDC.webp 400w, https:\/\/retrofit.de\/wp-content\/uploads\/2023\/04\/Falko-Rehorst-_-Vertrieb-bei-HDC-300x300.webp 300w, https:\/\/retrofit.de\/wp-content\/uploads\/2023\/04\/Falko-Rehorst-_-Vertrieb-bei-HDC-80x80.webp 80w, https:\/\/retrofit.de\/wp-content\/uploads\/2023\/04\/Falko-Rehorst-_-Vertrieb-bei-HDC-36x36.webp 36w, https:\/\/retrofit.de\/wp-content\/uploads\/2023\/04\/Falko-Rehorst-_-Vertrieb-bei-HDC-180x180.webp 180w\" sizes=\"(max-width: 400px) 100vw, 400px\" \/><\/div><\/div><\/div><\/div><div  class='flex_column av-g04ut-6893e0ec53d939e213d49a33296da6c1 av_one_half  avia-builder-el-12  el_after_av_one_fourth  avia-builder-el-last  linie-links flex_column_div  column-top-margin'     ><style type=\"text\/css\" data-created_by=\"avia_inline_auto\" id=\"style-css-av-15sqt-fea94484040862db827c102ccab4f4e7\">\n#top .av_textblock_section.av-15sqt-fea94484040862db827c102ccab4f4e7 .avia_textblock{\nfont-size:18px;\n}\n<\/style>\n<section  class='av_textblock_section av-15sqt-fea94484040862db827c102ccab4f4e7 '   itemscope=\"itemscope\" itemtype=\"https:\/\/schema.org\/CreativeWork\" ><div class='avia_textblock kontakt'  itemprop=\"text\" ><p><strong>Falko Rehorst<\/strong><\/p>\n<p style=\"line-height: 1.65em;\">Retrofit Berater<br \/>\nHuttelmaier GmbH<\/p>\n<p><strong>Kontaktieren Sie mich<\/strong><\/p>\n<p><img loading=\"lazy\" decoding=\"async\" style=\"margin-right: 10px;\" src=\"https:\/\/retrofit.de\/wp-content\/uploads\/2023\/04\/HDC-Website_Kontakt-Icons_Phone.svg\" width=\"32\" height=\"32\" \/><a href=\"tel:+4971819786829\">+49 (0) 7181-97868-29<\/a><br \/>\n<img loading=\"lazy\" decoding=\"async\" style=\"margin-right: 10px; margin-bottom: -5px; padding-top: 5px;\" src=\"https:\/\/retrofit.de\/wp-content\/uploads\/2023\/04\/HDC-Website_Kontakt-Icons_Mobile.svg\" width=\"32\" height=\"32\" \/><a href=\"tel:+491727121011\">+49 (0) 172-7121011<\/a><br \/>\n<img loading=\"lazy\" decoding=\"async\" style=\"margin-right: 10px; margin-bottom: -10px; padding-top: 10px;\" src=\"https:\/\/retrofit.de\/wp-content\/uploads\/2023\/04\/HDC-Website_Kontakt-Icons_Mail.svg\" width=\"32\" height=\"32\" \/><a href=\"mailto:rehorst@huttelmaier.de\">rehorst@huttelmaier.de<\/a><\/p>\n<p>Ich freue mich auf ein Gespr\u00e4ch mit Ihnen!<\/p>\n<\/div><\/section><\/div>\n<\/p>\n","protected":false},"excerpt":{"rendered":"","protected":false},"author":1,"featured_media":0,"parent":139,"menu_order":1,"comment_status":"closed","ping_status":"closed","template":"","meta":{"footnotes":""},"class_list":["post-149","page","type-page","status-publish","hentry"],"yoast_head":"<!-- This site is optimized with the Yoast SEO plugin v27.3 - https:\/\/yoast.com\/product\/yoast-seo-wordpress\/ -->\n<title>Modernisierung Steuerung \u2013 CNC Steuerung div. Hersteller<\/title>\n<meta name=\"description\" content=\"Modernisierung Steuerung \u2713 Zuverl\u00e4ssige Fertigung \u2606 Weniger Ausschuss \u2606 Geringe Durchlaufzeiten \u27a8 CNC Steuerung verschiedener Hersteller!\" \/>\n<meta name=\"robots\" content=\"index, follow, max-snippet:-1, max-image-preview:large, max-video-preview:-1\" \/>\n<link rel=\"canonical\" href=\"https:\/\/retrofit.de\/index.php\/de\/maschinenueberholung\/maschinenmodernisierung\/modernisierung-cnc-steuerung\/\" \/>\n<meta property=\"og:locale\" content=\"de_DE\" \/>\n<meta property=\"og:type\" content=\"article\" \/>\n<meta property=\"og:title\" content=\"Modernisierung Steuerung \u2013 CNC Steuerung div. Hersteller\" \/>\n<meta property=\"og:description\" content=\"Modernisierung Steuerung \u2713 Zuverl\u00e4ssige Fertigung \u2606 Weniger Ausschuss \u2606 Geringe Durchlaufzeiten \u27a8 CNC Steuerung verschiedener Hersteller!\" \/>\n<meta property=\"og:url\" content=\"https:\/\/retrofit.de\/index.php\/de\/maschinenueberholung\/maschinenmodernisierung\/modernisierung-cnc-steuerung\/\" \/>\n<meta property=\"og:site_name\" content=\"HDC Huttelmaier Retrofit\" \/>\n<meta property=\"article:modified_time\" content=\"2024-11-07T09:33:51+00:00\" \/>\n<meta property=\"og:image\" content=\"https:\/\/retrofit.de\/wp-content\/uploads\/2023\/04\/HDC-Website_Kontakt-Icons_Phone.svg\" \/>\n<meta name=\"twitter:card\" content=\"summary_large_image\" \/>\n<meta name=\"twitter:label1\" content=\"Gesch\u00e4tzte Lesezeit\" \/>\n\t<meta name=\"twitter:data1\" content=\"3\u00a0Minuten\" \/>\n<script type=\"application\/ld+json\" class=\"yoast-schema-graph\">{\"@context\":\"https:\\\/\\\/schema.org\",\"@graph\":[{\"@type\":\"WebPage\",\"@id\":\"https:\\\/\\\/retrofit.de\\\/index.php\\\/de\\\/maschinenueberholung\\\/maschinenmodernisierung\\\/modernisierung-cnc-steuerung\\\/\",\"url\":\"https:\\\/\\\/retrofit.de\\\/index.php\\\/de\\\/maschinenueberholung\\\/maschinenmodernisierung\\\/modernisierung-cnc-steuerung\\\/\",\"name\":\"Modernisierung Steuerung \u2013 CNC Steuerung div. Hersteller\",\"isPartOf\":{\"@id\":\"https:\\\/\\\/retrofit.de\\\/#website\"},\"primaryImageOfPage\":{\"@id\":\"https:\\\/\\\/retrofit.de\\\/index.php\\\/de\\\/maschinenueberholung\\\/maschinenmodernisierung\\\/modernisierung-cnc-steuerung\\\/#primaryimage\"},\"image\":{\"@id\":\"https:\\\/\\\/retrofit.de\\\/index.php\\\/de\\\/maschinenueberholung\\\/maschinenmodernisierung\\\/modernisierung-cnc-steuerung\\\/#primaryimage\"},\"thumbnailUrl\":\"https:\\\/\\\/retrofit.de\\\/wp-content\\\/uploads\\\/2023\\\/04\\\/HDC-Website_Kontakt-Icons_Phone.svg\",\"datePublished\":\"2023-04-04T14:18:32+00:00\",\"dateModified\":\"2024-11-07T09:33:51+00:00\",\"description\":\"Modernisierung Steuerung \u2713 Zuverl\u00e4ssige Fertigung \u2606 Weniger Ausschuss \u2606 Geringe Durchlaufzeiten \u27a8 CNC Steuerung verschiedener Hersteller!\",\"breadcrumb\":{\"@id\":\"https:\\\/\\\/retrofit.de\\\/index.php\\\/de\\\/maschinenueberholung\\\/maschinenmodernisierung\\\/modernisierung-cnc-steuerung\\\/#breadcrumb\"},\"inLanguage\":\"de\",\"potentialAction\":[{\"@type\":\"ReadAction\",\"target\":[\"https:\\\/\\\/retrofit.de\\\/index.php\\\/de\\\/maschinenueberholung\\\/maschinenmodernisierung\\\/modernisierung-cnc-steuerung\\\/\"]}]},{\"@type\":\"ImageObject\",\"inLanguage\":\"de\",\"@id\":\"https:\\\/\\\/retrofit.de\\\/index.php\\\/de\\\/maschinenueberholung\\\/maschinenmodernisierung\\\/modernisierung-cnc-steuerung\\\/#primaryimage\",\"url\":\"https:\\\/\\\/retrofit.de\\\/wp-content\\\/uploads\\\/2023\\\/04\\\/HDC-Website_Kontakt-Icons_Phone.svg\",\"contentUrl\":\"https:\\\/\\\/retrofit.de\\\/wp-content\\\/uploads\\\/2023\\\/04\\\/HDC-Website_Kontakt-Icons_Phone.svg\"},{\"@type\":\"BreadcrumbList\",\"@id\":\"https:\\\/\\\/retrofit.de\\\/index.php\\\/de\\\/maschinenueberholung\\\/maschinenmodernisierung\\\/modernisierung-cnc-steuerung\\\/#breadcrumb\",\"itemListElement\":[{\"@type\":\"ListItem\",\"position\":1,\"name\":\"Startseite\",\"item\":\"https:\\\/\\\/retrofit.de\\\/index.php\\\/de\\\/startseite\\\/\"},{\"@type\":\"ListItem\",\"position\":2,\"name\":\"Maschinen\u00fcberholung\",\"item\":\"https:\\\/\\\/retrofit.de\\\/index.php\\\/de\\\/maschinenueberholung\\\/\"},{\"@type\":\"ListItem\",\"position\":3,\"name\":\"Modernisierung\",\"item\":\"https:\\\/\\\/retrofit.de\\\/index.php\\\/de\\\/maschinenueberholung\\\/maschinenmodernisierung\\\/\"},{\"@type\":\"ListItem\",\"position\":4,\"name\":\"Modernisierung Steuerung\"}]},{\"@type\":\"WebSite\",\"@id\":\"https:\\\/\\\/retrofit.de\\\/#website\",\"url\":\"https:\\\/\\\/retrofit.de\\\/\",\"name\":\"HDC Huttelmaier Retrofit\",\"description\":\"Maschinen \u00dcberholung f\u00fcr High End Pr\u00e4zision\",\"publisher\":{\"@id\":\"https:\\\/\\\/retrofit.de\\\/#organization\"},\"potentialAction\":[{\"@type\":\"SearchAction\",\"target\":{\"@type\":\"EntryPoint\",\"urlTemplate\":\"https:\\\/\\\/retrofit.de\\\/?s={search_term_string}\"},\"query-input\":{\"@type\":\"PropertyValueSpecification\",\"valueRequired\":true,\"valueName\":\"search_term_string\"}}],\"inLanguage\":\"de\"},{\"@type\":\"Organization\",\"@id\":\"https:\\\/\\\/retrofit.de\\\/#organization\",\"name\":\"HDC Huttelmaier GmbH\",\"alternateName\":\"HDC\",\"url\":\"https:\\\/\\\/retrofit.de\\\/\",\"logo\":{\"@type\":\"ImageObject\",\"inLanguage\":\"de\",\"@id\":\"https:\\\/\\\/retrofit.de\\\/#\\\/schema\\\/logo\\\/image\\\/\",\"url\":\"https:\\\/\\\/retrofit.de\\\/wp-content\\\/uploads\\\/2023\\\/04\\\/Logo.jpg\",\"contentUrl\":\"https:\\\/\\\/retrofit.de\\\/wp-content\\\/uploads\\\/2023\\\/04\\\/Logo.jpg\",\"width\":2083,\"height\":2083,\"caption\":\"HDC Huttelmaier GmbH\"},\"image\":{\"@id\":\"https:\\\/\\\/retrofit.de\\\/#\\\/schema\\\/logo\\\/image\\\/\"}}]}<\/script>\n<!-- \/ Yoast SEO plugin. -->","yoast_head_json":{"title":"Modernisierung Steuerung \u2013 CNC Steuerung div. Hersteller","description":"Modernisierung Steuerung \u2713 Zuverl\u00e4ssige Fertigung \u2606 Weniger Ausschuss \u2606 Geringe Durchlaufzeiten \u27a8 CNC Steuerung verschiedener Hersteller!","robots":{"index":"index","follow":"follow","max-snippet":"max-snippet:-1","max-image-preview":"max-image-preview:large","max-video-preview":"max-video-preview:-1"},"canonical":"https:\/\/retrofit.de\/index.php\/de\/maschinenueberholung\/maschinenmodernisierung\/modernisierung-cnc-steuerung\/","og_locale":"de_DE","og_type":"article","og_title":"Modernisierung Steuerung \u2013 CNC Steuerung div. Hersteller","og_description":"Modernisierung Steuerung \u2713 Zuverl\u00e4ssige Fertigung \u2606 Weniger Ausschuss \u2606 Geringe Durchlaufzeiten \u27a8 CNC Steuerung verschiedener Hersteller!","og_url":"https:\/\/retrofit.de\/index.php\/de\/maschinenueberholung\/maschinenmodernisierung\/modernisierung-cnc-steuerung\/","og_site_name":"HDC Huttelmaier Retrofit","article_modified_time":"2024-11-07T09:33:51+00:00","og_image":[{"url":"https:\/\/retrofit.de\/wp-content\/uploads\/2023\/04\/HDC-Website_Kontakt-Icons_Phone.svg","type":"","width":"","height":""}],"twitter_card":"summary_large_image","twitter_misc":{"Gesch\u00e4tzte Lesezeit":"3\u00a0Minuten"},"schema":{"@context":"https:\/\/schema.org","@graph":[{"@type":"WebPage","@id":"https:\/\/retrofit.de\/index.php\/de\/maschinenueberholung\/maschinenmodernisierung\/modernisierung-cnc-steuerung\/","url":"https:\/\/retrofit.de\/index.php\/de\/maschinenueberholung\/maschinenmodernisierung\/modernisierung-cnc-steuerung\/","name":"Modernisierung Steuerung \u2013 CNC Steuerung div. Hersteller","isPartOf":{"@id":"https:\/\/retrofit.de\/#website"},"primaryImageOfPage":{"@id":"https:\/\/retrofit.de\/index.php\/de\/maschinenueberholung\/maschinenmodernisierung\/modernisierung-cnc-steuerung\/#primaryimage"},"image":{"@id":"https:\/\/retrofit.de\/index.php\/de\/maschinenueberholung\/maschinenmodernisierung\/modernisierung-cnc-steuerung\/#primaryimage"},"thumbnailUrl":"https:\/\/retrofit.de\/wp-content\/uploads\/2023\/04\/HDC-Website_Kontakt-Icons_Phone.svg","datePublished":"2023-04-04T14:18:32+00:00","dateModified":"2024-11-07T09:33:51+00:00","description":"Modernisierung Steuerung \u2713 Zuverl\u00e4ssige Fertigung \u2606 Weniger Ausschuss \u2606 Geringe Durchlaufzeiten \u27a8 CNC Steuerung verschiedener Hersteller!","breadcrumb":{"@id":"https:\/\/retrofit.de\/index.php\/de\/maschinenueberholung\/maschinenmodernisierung\/modernisierung-cnc-steuerung\/#breadcrumb"},"inLanguage":"de","potentialAction":[{"@type":"ReadAction","target":["https:\/\/retrofit.de\/index.php\/de\/maschinenueberholung\/maschinenmodernisierung\/modernisierung-cnc-steuerung\/"]}]},{"@type":"ImageObject","inLanguage":"de","@id":"https:\/\/retrofit.de\/index.php\/de\/maschinenueberholung\/maschinenmodernisierung\/modernisierung-cnc-steuerung\/#primaryimage","url":"https:\/\/retrofit.de\/wp-content\/uploads\/2023\/04\/HDC-Website_Kontakt-Icons_Phone.svg","contentUrl":"https:\/\/retrofit.de\/wp-content\/uploads\/2023\/04\/HDC-Website_Kontakt-Icons_Phone.svg"},{"@type":"BreadcrumbList","@id":"https:\/\/retrofit.de\/index.php\/de\/maschinenueberholung\/maschinenmodernisierung\/modernisierung-cnc-steuerung\/#breadcrumb","itemListElement":[{"@type":"ListItem","position":1,"name":"Startseite","item":"https:\/\/retrofit.de\/index.php\/de\/startseite\/"},{"@type":"ListItem","position":2,"name":"Maschinen\u00fcberholung","item":"https:\/\/retrofit.de\/index.php\/de\/maschinenueberholung\/"},{"@type":"ListItem","position":3,"name":"Modernisierung","item":"https:\/\/retrofit.de\/index.php\/de\/maschinenueberholung\/maschinenmodernisierung\/"},{"@type":"ListItem","position":4,"name":"Modernisierung Steuerung"}]},{"@type":"WebSite","@id":"https:\/\/retrofit.de\/#website","url":"https:\/\/retrofit.de\/","name":"HDC Huttelmaier Retrofit","description":"Maschinen \u00dcberholung f\u00fcr High End Pr\u00e4zision","publisher":{"@id":"https:\/\/retrofit.de\/#organization"},"potentialAction":[{"@type":"SearchAction","target":{"@type":"EntryPoint","urlTemplate":"https:\/\/retrofit.de\/?s={search_term_string}"},"query-input":{"@type":"PropertyValueSpecification","valueRequired":true,"valueName":"search_term_string"}}],"inLanguage":"de"},{"@type":"Organization","@id":"https:\/\/retrofit.de\/#organization","name":"HDC Huttelmaier GmbH","alternateName":"HDC","url":"https:\/\/retrofit.de\/","logo":{"@type":"ImageObject","inLanguage":"de","@id":"https:\/\/retrofit.de\/#\/schema\/logo\/image\/","url":"https:\/\/retrofit.de\/wp-content\/uploads\/2023\/04\/Logo.jpg","contentUrl":"https:\/\/retrofit.de\/wp-content\/uploads\/2023\/04\/Logo.jpg","width":2083,"height":2083,"caption":"HDC Huttelmaier GmbH"},"image":{"@id":"https:\/\/retrofit.de\/#\/schema\/logo\/image\/"}}]}},"_links":{"self":[{"href":"https:\/\/retrofit.de\/index.php\/wp-json\/wp\/v2\/pages\/149","targetHints":{"allow":["GET"]}}],"collection":[{"href":"https:\/\/retrofit.de\/index.php\/wp-json\/wp\/v2\/pages"}],"about":[{"href":"https:\/\/retrofit.de\/index.php\/wp-json\/wp\/v2\/types\/page"}],"author":[{"embeddable":true,"href":"https:\/\/retrofit.de\/index.php\/wp-json\/wp\/v2\/users\/1"}],"replies":[{"embeddable":true,"href":"https:\/\/retrofit.de\/index.php\/wp-json\/wp\/v2\/comments?post=149"}],"version-history":[{"count":10,"href":"https:\/\/retrofit.de\/index.php\/wp-json\/wp\/v2\/pages\/149\/revisions"}],"predecessor-version":[{"id":4493,"href":"https:\/\/retrofit.de\/index.php\/wp-json\/wp\/v2\/pages\/149\/revisions\/4493"}],"up":[{"embeddable":true,"href":"https:\/\/retrofit.de\/index.php\/wp-json\/wp\/v2\/pages\/139"}],"wp:attachment":[{"href":"https:\/\/retrofit.de\/index.php\/wp-json\/wp\/v2\/media?parent=149"}],"curies":[{"name":"wp","href":"https:\/\/api.w.org\/{rel}","templated":true}]}}