{"id":144,"date":"2023-04-04T16:08:31","date_gmt":"2023-04-04T14:08:31","guid":{"rendered":"https:\/\/retrofit.de\/wordpress\/?page_id=144"},"modified":"2025-01-28T14:23:24","modified_gmt":"2025-01-28T13:23:24","slug":"steuerungsumbau","status":"publish","type":"page","link":"https:\/\/retrofit.de\/index.php\/de\/maschinenueberholung\/retrofit-werkzeugmaschinen\/steuerungsumbau\/","title":{"rendered":"Steuerungsumbau"},"content":{"rendered":"<div id='av_section_1'  class='avia-section av-1jlel-1bc90ba3e1ffa55f8d3a7be395c03e85 main_color avia-section-default avia-no-border-styling  avia-builder-el-0  el_before_av_section  avia-builder-el-first  avia-bg-style-scroll container_wrap fullsize'  ><div class='container av-section-cont-open' ><main  role=\"main\" itemprop=\"mainContentOfPage\"  class='template-page content  av-content-full alpha units'><div class='post-entry post-entry-type-page post-entry-144'><div class='entry-content-wrapper clearfix'>\n<div  class='flex_column av-ok4d-ec5e928a20181e29bd166158ddb8e152 av_one_full  avia-builder-el-1  el_before_av_one_half  avia-builder-el-first  first flex_column_div  '     ><style type=\"text\/css\" data-created_by=\"avia_inline_auto\" id=\"style-css-av-lg29wfol-397c4ed251d31f747703089da5f744aa\">\n#top .av-special-heading.av-lg29wfol-397c4ed251d31f747703089da5f744aa{\npadding-bottom:10px;\n}\nbody .av-special-heading.av-lg29wfol-397c4ed251d31f747703089da5f744aa .av-special-heading-tag .heading-char{\nfont-size:25px;\n}\n.av-special-heading.av-lg29wfol-397c4ed251d31f747703089da5f744aa .av-subheading{\nfont-size:15px;\n}\n<\/style>\n<div  class='av-special-heading av-lg29wfol-397c4ed251d31f747703089da5f744aa av-special-heading-h1 blockquote modern-quote  avia-builder-el-2  avia-builder-el-no-sibling '><h1 class='av-special-heading-tag '  itemprop=\"headline\"  >Steuerungsumbau<\/h1><div class=\"special-heading-border\"><div class=\"special-heading-inner-border\"><\/div><\/div><\/div><\/div><div  class='flex_column av-pleo-2997fe59530ea2b6ea7510c2c977db29 av_one_half  avia-builder-el-3  el_after_av_one_full  el_before_av_one_half  first flex_column_div  column-top-margin'     ><section  class='av_textblock_section av-lkquemsk-99c8f086e2e60658c96c36b6cd57a041 '   itemscope=\"itemscope\" itemtype=\"https:\/\/schema.org\/CreativeWork\" ><div class='avia_textblock av_inherit_color'  itemprop=\"text\" ><p>Unser Steuerungsumbau bei Werkzeugmaschinen bietet Ihnen zum einen ein bew\u00e4hrtes CNC Steuerung Retrofit. Wir verwenden eine genau passende Steuerung f\u00fcr Ihre Maschine von namhaften Herstellern wie Siemens, Num, Heidenhain, Mitsubishi, Fanuc oder Bosch Rexroth.<\/p>\n<\/div><\/section><\/div><div  class='flex_column av-1rbk5k-7ce27448509bb5c4a597b35a35285a4b av_one_half  avia-builder-el-5  el_after_av_one_half  el_before_av_one_full  flex_column_div  column-top-margin'     ><section  class='av_textblock_section av-lkqugf47-2c8863bc60b40494e8670fdbec83b1be '   itemscope=\"itemscope\" itemtype=\"https:\/\/schema.org\/CreativeWork\" ><div class='avia_textblock av_inherit_color'  itemprop=\"text\" ><p>Zum anderen erhalten Sie eine elektrische Modernisierung zum Beispiel durch eine neue Verkabelung und neuem Schaltschrankbau.<\/p>\n<\/div><\/section><\/div><div  class='flex_column av-1na74o-6c5b3b1f1eccd1568c719802f4ea737e av_one_full  avia-builder-el-7  el_after_av_one_half  avia-builder-el-last  first flex_column_div  column-top-margin'     ><div  class='avia-logo-element-container av-1gphiw-746904058ead1e8a41dfeffb624f9276 av-border-deactivate avia-logo-grid avia-content-slider avia-smallarrow-slider avia-content-grid-active noHover avia-content-slider-even  avia-builder-el-8  avia-builder-el-no-sibling  avia-content-slider1' ><div class='avia-smallarrow-slider-heading  no-logo-slider-heading '><div class='new-special-heading'>&nbsp;<\/div><\/div><div class=\"avia-content-slider-inner\"><div class=\"slide-entry-wrap\"><div  class='slide-entry av-1abkio-c785bb32f7e7825e06e8a7e43f1943c6 flex_column no_margin av_one_fourth real-thumbnail post-entry slide-entry-overview slide-loop-1 slide-parity-odd  first'><a href=\"https:\/\/www.siemens.com\/de\/de\/produkte\/automatisierung\/systeme\/cnc-sinumerik\/cnc-steuerungen\/sinumerik-one\/sinumerik-one-dynamics.html\" data-rel='slide-1' class='slide-image' title=''  target=\"_blank\"  rel=\"noopener noreferrer\"><img decoding=\"async\" loading=\"lazy\" width=\"300\" height=\"300\" src=\"https:\/\/retrofit.de\/wp-content\/uploads\/2023\/05\/simens.webp\" class=\"wp-image-1735 avia-img-lazy-loading-1735 attachment-medium size-medium\" alt=\"\" srcset=\"https:\/\/retrofit.de\/wp-content\/uploads\/2023\/05\/simens.webp 300w, https:\/\/retrofit.de\/wp-content\/uploads\/2023\/05\/simens-80x80.webp 80w, https:\/\/retrofit.de\/wp-content\/uploads\/2023\/05\/simens-36x36.webp 36w, https:\/\/retrofit.de\/wp-content\/uploads\/2023\/05\/simens-180x180.webp 180w\" sizes=\"auto, (max-width: 300px) 100vw, 300px\" \/><\/a><\/div><div  class='slide-entry av-143ui8-6cb362ed7177e4a8de73a31f1acd0bb7 flex_column no_margin av_one_fourth real-thumbnail post-entry slide-entry-overview slide-loop-2 slide-parity-even  '><a href=\"https:\/\/www.boschrexroth.com\/de\/de\/produkte\/produktgruppen\/elektrische-antriebe-und-steuerungen\/\" data-rel='slide-1' class='slide-image' title=''  target=\"_blank\"  rel=\"noopener noreferrer\"><img decoding=\"async\" loading=\"lazy\" width=\"300\" height=\"300\" src=\"https:\/\/retrofit.de\/wp-content\/uploads\/2023\/05\/rexroth.webp\" class=\"wp-image-1741 avia-img-lazy-loading-1741 attachment-medium size-medium\" alt=\"\" srcset=\"https:\/\/retrofit.de\/wp-content\/uploads\/2023\/05\/rexroth.webp 300w, https:\/\/retrofit.de\/wp-content\/uploads\/2023\/05\/rexroth-80x80.webp 80w, https:\/\/retrofit.de\/wp-content\/uploads\/2023\/05\/rexroth-36x36.webp 36w, https:\/\/retrofit.de\/wp-content\/uploads\/2023\/05\/rexroth-180x180.webp 180w\" sizes=\"auto, (max-width: 300px) 100vw, 300px\" \/><\/a><\/div><div  class='slide-entry av-34908-a8706e5f284637b655c6ea33f10864a2 flex_column no_margin av_one_fourth real-thumbnail post-entry slide-entry-overview slide-loop-3 slide-parity-odd  '><a href=\"https:\/\/www.heidenhain.de\/\" data-rel='slide-1' class='slide-image' title=''  target=\"_blank\"  rel=\"noopener noreferrer\"><img decoding=\"async\" loading=\"lazy\" width=\"300\" height=\"300\" src=\"https:\/\/retrofit.de\/wp-content\/uploads\/2023\/05\/heidenhain.webp\" class=\"wp-image-1743 avia-img-lazy-loading-1743 attachment-medium size-medium\" alt=\"\" srcset=\"https:\/\/retrofit.de\/wp-content\/uploads\/2023\/05\/heidenhain.webp 300w, https:\/\/retrofit.de\/wp-content\/uploads\/2023\/05\/heidenhain-80x80.webp 80w, https:\/\/retrofit.de\/wp-content\/uploads\/2023\/05\/heidenhain-36x36.webp 36w, https:\/\/retrofit.de\/wp-content\/uploads\/2023\/05\/heidenhain-180x180.webp 180w\" sizes=\"auto, (max-width: 300px) 100vw, 300px\" \/><\/a><\/div><div  class='slide-entry av-ote5c-5dd248ce3757cd556118d51344b1e491 flex_column no_margin av_one_fourth real-thumbnail post-entry slide-entry-overview slide-loop-4 slide-parity-even  '><a href=\"https:\/\/www.fanuc.eu\/de\/de\" data-rel='slide-1' class='slide-image' title=''  target=\"_blank\"  rel=\"noopener noreferrer\"><img decoding=\"async\" loading=\"lazy\" width=\"300\" height=\"300\" src=\"https:\/\/retrofit.de\/wp-content\/uploads\/2023\/05\/fanuc.webp\" class=\"wp-image-1745 avia-img-lazy-loading-1745 attachment-medium size-medium\" alt=\"\" srcset=\"https:\/\/retrofit.de\/wp-content\/uploads\/2023\/05\/fanuc.webp 300w, https:\/\/retrofit.de\/wp-content\/uploads\/2023\/05\/fanuc-80x80.webp 80w, https:\/\/retrofit.de\/wp-content\/uploads\/2023\/05\/fanuc-36x36.webp 36w, https:\/\/retrofit.de\/wp-content\/uploads\/2023\/05\/fanuc-180x180.webp 180w\" sizes=\"auto, (max-width: 300px) 100vw, 300px\" \/><\/a><\/div><\/div><div class=\"slide-entry-wrap\"><div  class='slide-entry av-ihrpc-9cf793634910e92bd367e648f1aa1e5c flex_column no_margin av_one_fourth real-thumbnail post-entry slide-entry-overview slide-loop-5 slide-parity-odd  first'><a href=\"https:\/\/www.num.com\/de\/\" data-rel='slide-1' class='slide-image' title=''  target=\"_blank\"  rel=\"noopener noreferrer\"><img decoding=\"async\" loading=\"lazy\" width=\"300\" height=\"300\" src=\"https:\/\/retrofit.de\/wp-content\/uploads\/2023\/05\/num.webp\" class=\"wp-image-1752 avia-img-lazy-loading-1752 attachment-medium size-medium\" alt=\"\" srcset=\"https:\/\/retrofit.de\/wp-content\/uploads\/2023\/05\/num.webp 300w, https:\/\/retrofit.de\/wp-content\/uploads\/2023\/05\/num-80x80.webp 80w, https:\/\/retrofit.de\/wp-content\/uploads\/2023\/05\/num-36x36.webp 36w, https:\/\/retrofit.de\/wp-content\/uploads\/2023\/05\/num-180x180.webp 180w\" sizes=\"auto, (max-width: 300px) 100vw, 300px\" \/><\/a><\/div><div  class='slide-entry av-ckww8-43033748ce32ccf3f95794fc79d30588 flex_column no_margin av_one_fourth real-thumbnail post-entry slide-entry-overview slide-loop-6 slide-parity-even  '><a href=\"https:\/\/www.pilz.com\/de-DE\" data-rel='slide-1' class='slide-image' title=''  target=\"_blank\"  rel=\"noopener noreferrer\"><img decoding=\"async\" loading=\"lazy\" width=\"300\" height=\"300\" src=\"https:\/\/retrofit.de\/wp-content\/uploads\/2023\/05\/pilz.webp\" class=\"wp-image-1750 avia-img-lazy-loading-1750 attachment-medium size-medium\" alt=\"\" srcset=\"https:\/\/retrofit.de\/wp-content\/uploads\/2023\/05\/pilz.webp 300w, https:\/\/retrofit.de\/wp-content\/uploads\/2023\/05\/pilz-80x80.webp 80w, https:\/\/retrofit.de\/wp-content\/uploads\/2023\/05\/pilz-36x36.webp 36w, https:\/\/retrofit.de\/wp-content\/uploads\/2023\/05\/pilz-180x180.webp 180w\" sizes=\"auto, (max-width: 300px) 100vw, 300px\" \/><\/a><\/div><div  class='slide-entry av-aclow-381b5f248d11bfcf62b4da78ec2fcc96 flex_column no_margin av_one_fourth real-thumbnail post-entry slide-entry-overview slide-loop-7 slide-parity-odd post-entry-last '><a href=\"https:\/\/www.mitsubishielectric-cnc.de\/\" data-rel='slide-1' class='slide-image' title=''  target=\"_blank\"  rel=\"noopener noreferrer\"><img decoding=\"async\" loading=\"lazy\" width=\"300\" height=\"300\" src=\"https:\/\/retrofit.de\/wp-content\/uploads\/2023\/05\/mitsubishi.webp\" class=\"wp-image-1751 avia-img-lazy-loading-1751 attachment-medium size-medium\" alt=\"\" srcset=\"https:\/\/retrofit.de\/wp-content\/uploads\/2023\/05\/mitsubishi.webp 300w, https:\/\/retrofit.de\/wp-content\/uploads\/2023\/05\/mitsubishi-80x80.webp 80w, https:\/\/retrofit.de\/wp-content\/uploads\/2023\/05\/mitsubishi-36x36.webp 36w, https:\/\/retrofit.de\/wp-content\/uploads\/2023\/05\/mitsubishi-180x180.webp 180w\" sizes=\"auto, (max-width: 300px) 100vw, 300px\" \/><\/a><\/div><\/div><\/div><\/div><\/div>\n\n<\/div><\/div><\/main><!-- close content main element --><\/div><\/div><div id='av_section_2'  class='avia-section av-16ojp4-9a1fba86340a4116833fce6bedb05608 main_color avia-section-default avia-no-border-styling  avia-builder-el-9  el_after_av_section  avia-builder-el-last  avia-bg-style-scroll container_wrap fullsize'  ><div class='container av-section-cont-open' ><div class='template-page content  av-content-full alpha units'><div class='post-entry post-entry-type-page post-entry-144'><div class='entry-content-wrapper clearfix'>\n\n<style type=\"text\/css\" data-created_by=\"avia_inline_auto\" id=\"style-css-av-133ax4-9ff8ec2db2209eea8797b8740bd923ea\">\n#top .av-special-heading.av-133ax4-9ff8ec2db2209eea8797b8740bd923ea{\npadding-bottom:10px;\n}\nbody .av-special-heading.av-133ax4-9ff8ec2db2209eea8797b8740bd923ea .av-special-heading-tag .heading-char{\nfont-size:25px;\n}\n.av-special-heading.av-133ax4-9ff8ec2db2209eea8797b8740bd923ea .av-subheading{\nfont-size:15px;\n}\n<\/style>\n<div  class='av-special-heading av-133ax4-9ff8ec2db2209eea8797b8740bd923ea av-special-heading-h2 blockquote modern-quote  avia-builder-el-10  el_before_av_textblock  avia-builder-el-first '><h2 class='av-special-heading-tag '  itemprop=\"headline\"  >Wie k\u00f6nnen wir Ihnen helfen?<\/h2><div class=\"special-heading-border\"><div class=\"special-heading-inner-border\"><\/div><\/div><\/div>\n\n<style type=\"text\/css\" data-created_by=\"avia_inline_auto\" id=\"style-css-av-yieyo-9781d57fdfa93f7b3d37b680474b50ab\">\n#top .av_textblock_section.av-yieyo-9781d57fdfa93f7b3d37b680474b50ab .avia_textblock{\nfont-size:30px;\n}\n<\/style>\n<section  class='av_textblock_section av-yieyo-9781d57fdfa93f7b3d37b680474b50ab '   itemscope=\"itemscope\" itemtype=\"https:\/\/schema.org\/CreativeWork\" ><div class='avia_textblock'  itemprop=\"text\" ><p>HDC Huttelmaier Retrofit \u2013 Maschinen \u00dcberholung f\u00fcr High End Pr\u00e4zision<\/p>\n<\/div><\/section>\n<div  class='flex_column av-q3uzk-9de2817f5dc4834bd48c2d680302c44a av_one_fourth  avia-builder-el-12  el_after_av_textblock  el_before_av_one_half  first flex_column_div  column-top-margin'     ><style type=\"text\/css\" data-created_by=\"avia_inline_auto\" id=\"style-css-av-j3ivs-c923a172f33bbda2048594b422ba64a0\">\n.avia-image-container.av-j3ivs-c923a172f33bbda2048594b422ba64a0 img.avia_image{\nbox-shadow:none;\n}\n.avia-image-container.av-j3ivs-c923a172f33bbda2048594b422ba64a0 .av-image-caption-overlay-center{\ncolor:#ffffff;\n}\n<\/style>\n<div  class='avia-image-container av-j3ivs-c923a172f33bbda2048594b422ba64a0 av-styling- avia-align-center  avia-builder-el-13  avia-builder-el-no-sibling '   itemprop=\"image\" itemscope=\"itemscope\" itemtype=\"https:\/\/schema.org\/ImageObject\" ><div class=\"avia-image-container-inner\"><div class=\"avia-image-overlay-wrap\"><img decoding=\"async\" fetchpriority=\"high\" class='wp-image-451 avia-img-lazy-loading-not-451 avia_image ' src=\"https:\/\/retrofit.de\/wp-content\/uploads\/2023\/04\/Falko-Rehorst-_-Vertrieb-bei-HDC.webp\" alt='Falko Rehorst-Vertrieb-bei-HDC' title='Falko Rehorst-Vertrieb-bei-HDC'  height=\"400\" width=\"400\"  itemprop=\"thumbnailUrl\" srcset=\"https:\/\/retrofit.de\/wp-content\/uploads\/2023\/04\/Falko-Rehorst-_-Vertrieb-bei-HDC.webp 400w, https:\/\/retrofit.de\/wp-content\/uploads\/2023\/04\/Falko-Rehorst-_-Vertrieb-bei-HDC-300x300.webp 300w, https:\/\/retrofit.de\/wp-content\/uploads\/2023\/04\/Falko-Rehorst-_-Vertrieb-bei-HDC-80x80.webp 80w, https:\/\/retrofit.de\/wp-content\/uploads\/2023\/04\/Falko-Rehorst-_-Vertrieb-bei-HDC-36x36.webp 36w, https:\/\/retrofit.de\/wp-content\/uploads\/2023\/04\/Falko-Rehorst-_-Vertrieb-bei-HDC-180x180.webp 180w\" sizes=\"(max-width: 400px) 100vw, 400px\" \/><\/div><\/div><\/div><\/div><div  class='flex_column av-1rjx4-a72ebcb597792b6ac8bd3d89ced2d79b av_one_half  avia-builder-el-14  el_after_av_one_fourth  avia-builder-el-last  linie-links flex_column_div  column-top-margin'     ><style type=\"text\/css\" data-created_by=\"avia_inline_auto\" id=\"style-css-av-az7qg-170601515f62094be26e73fe09057b97\">\n#top .av_textblock_section.av-az7qg-170601515f62094be26e73fe09057b97 .avia_textblock{\nfont-size:18px;\n}\n<\/style>\n<section  class='av_textblock_section av-az7qg-170601515f62094be26e73fe09057b97 '   itemscope=\"itemscope\" itemtype=\"https:\/\/schema.org\/CreativeWork\" ><div class='avia_textblock kontakt'  itemprop=\"text\" ><p><strong>Falko Rehorst<\/strong><\/p>\n<p style=\"line-height: 1.65em;\">Retrofit Berater<br \/>\nHuttelmaier GmbH<\/p>\n<p><strong>Kontaktieren Sie mich<\/strong><\/p>\n<p><a href=\"tel:+4971819786829\">\n<style type=\"text\/css\" data-created_by=\"avia_inline_auto\" id=\"style-css-av-av_font_icon-cc71c4479a360ffd333863b3dbf74870\">\n.av_font_icon.av-av_font_icon-cc71c4479a360ffd333863b3dbf74870{\ncolor:#d9000e;\nborder-color:#d9000e;\n}\n.av_font_icon.av-av_font_icon-cc71c4479a360ffd333863b3dbf74870 .av-icon-char{\nfont-size:20px;\nline-height:20px;\n}\n<\/style>\n<span  class='av_font_icon av-av_font_icon-cc71c4479a360ffd333863b3dbf74870 avia_animate_when_visible av-icon-style- avia-icon-pos-left avia-icon-animate'><span class='av-icon-char' aria-hidden='true' data-av_icon='\ue854' data-av_iconfont='entypo-fontello' ><\/span><\/span>+49 (0) 7181-97868-29<\/a><\/p>\n<p><a href=\"tel:+491727121011\">\n<style type=\"text\/css\" data-created_by=\"avia_inline_auto\" id=\"style-css-av-av_font_icon-415caf424f6d405d7148e01e382b9edd\">\n.av_font_icon.av-av_font_icon-415caf424f6d405d7148e01e382b9edd{\ncolor:#d9000e;\nborder-color:#d9000e;\n}\n.av_font_icon.av-av_font_icon-415caf424f6d405d7148e01e382b9edd .av-icon-char{\nfont-size:20px;\nline-height:20px;\n}\n<\/style>\n<span  class='av_font_icon av-av_font_icon-415caf424f6d405d7148e01e382b9edd avia_animate_when_visible av-icon-style- avia-icon-pos-left avia-icon-animate'><span class='av-icon-char' aria-hidden='true' data-av_icon='\ue8ac' data-av_iconfont='entypo-fontello' ><\/span><\/span>+49 (0) 172-7121011<\/a><\/p>\n<p><a href=\"mailto:rehorst@huttelmaier.de\">\n<style type=\"text\/css\" data-created_by=\"avia_inline_auto\" id=\"style-css-av-av_font_icon-307e90fb9554a031c5052513ef710d28\">\n.av_font_icon.av-av_font_icon-307e90fb9554a031c5052513ef710d28{\ncolor:#d9000e;\nborder-color:#d9000e;\n}\n.av_font_icon.av-av_font_icon-307e90fb9554a031c5052513ef710d28 .av-icon-char{\nfont-size:20px;\nline-height:20px;\n}\n<\/style>\n<span  class='av_font_icon av-av_font_icon-307e90fb9554a031c5052513ef710d28 avia_animate_when_visible av-icon-style- avia-icon-pos-left avia-icon-animate'><span class='av-icon-char' aria-hidden='true' data-av_icon='\ue805' data-av_iconfont='entypo-fontello' ><\/span><\/span>rehorst@huttelmaier.de<\/a><\/p>\n<p>Ich freue mich auf ein Gespr\u00e4ch mit Ihnen!<\/p>\n<\/div><\/section><\/div>\n","protected":false},"excerpt":{"rendered":"","protected":false},"author":1,"featured_media":0,"parent":118,"menu_order":4,"comment_status":"closed","ping_status":"closed","template":"","meta":{"footnotes":""},"class_list":["post-144","page","type-page","status-publish","hentry"],"yoast_head":"<!-- This site is optimized with the Yoast SEO plugin v27.3 - https:\/\/yoast.com\/product\/yoast-seo-wordpress\/ -->\n<title>Steuerungsumbau Werkzeugmaschinen \u2013 CNC Steuerung Retrofit<\/title>\n<meta name=\"description\" content=\"Steuerungsumbau Werkzeugmaschinen \u2713 Elektrische Modernisierung \u2606 Steuerungen von namhaften Herstellern \u27a8 Zum CNC Steuerung Retrofit!\" \/>\n<meta name=\"robots\" content=\"index, follow, max-snippet:-1, max-image-preview:large, max-video-preview:-1\" \/>\n<link rel=\"canonical\" href=\"https:\/\/retrofit.de\/index.php\/de\/maschinenueberholung\/retrofit-werkzeugmaschinen\/steuerungsumbau\/\" \/>\n<meta property=\"og:locale\" content=\"de_DE\" \/>\n<meta property=\"og:type\" content=\"article\" \/>\n<meta property=\"og:title\" content=\"Steuerungsumbau Werkzeugmaschinen \u2013 CNC Steuerung Retrofit\" \/>\n<meta property=\"og:description\" content=\"Steuerungsumbau Werkzeugmaschinen \u2713 Elektrische Modernisierung \u2606 Steuerungen von namhaften Herstellern \u27a8 Zum CNC Steuerung Retrofit!\" \/>\n<meta property=\"og:url\" content=\"https:\/\/retrofit.de\/index.php\/de\/maschinenueberholung\/retrofit-werkzeugmaschinen\/steuerungsumbau\/\" \/>\n<meta property=\"og:site_name\" content=\"HDC Huttelmaier Retrofit\" \/>\n<meta property=\"article:modified_time\" content=\"2025-01-28T13:23:24+00:00\" \/>\n<meta name=\"twitter:card\" content=\"summary_large_image\" \/>\n<meta name=\"twitter:label1\" content=\"Gesch\u00e4tzte Lesezeit\" \/>\n\t<meta name=\"twitter:data1\" content=\"3\u00a0Minuten\" \/>\n<script type=\"application\/ld+json\" class=\"yoast-schema-graph\">{\"@context\":\"https:\\\/\\\/schema.org\",\"@graph\":[{\"@type\":\"WebPage\",\"@id\":\"https:\\\/\\\/retrofit.de\\\/index.php\\\/de\\\/maschinenueberholung\\\/retrofit-werkzeugmaschinen\\\/steuerungsumbau\\\/\",\"url\":\"https:\\\/\\\/retrofit.de\\\/index.php\\\/de\\\/maschinenueberholung\\\/retrofit-werkzeugmaschinen\\\/steuerungsumbau\\\/\",\"name\":\"Steuerungsumbau Werkzeugmaschinen \u2013 CNC Steuerung Retrofit\",\"isPartOf\":{\"@id\":\"https:\\\/\\\/retrofit.de\\\/#website\"},\"datePublished\":\"2023-04-04T14:08:31+00:00\",\"dateModified\":\"2025-01-28T13:23:24+00:00\",\"description\":\"Steuerungsumbau Werkzeugmaschinen \u2713 Elektrische Modernisierung \u2606 Steuerungen von namhaften Herstellern \u27a8 Zum CNC Steuerung Retrofit!\",\"breadcrumb\":{\"@id\":\"https:\\\/\\\/retrofit.de\\\/index.php\\\/de\\\/maschinenueberholung\\\/retrofit-werkzeugmaschinen\\\/steuerungsumbau\\\/#breadcrumb\"},\"inLanguage\":\"de\",\"potentialAction\":[{\"@type\":\"ReadAction\",\"target\":[\"https:\\\/\\\/retrofit.de\\\/index.php\\\/de\\\/maschinenueberholung\\\/retrofit-werkzeugmaschinen\\\/steuerungsumbau\\\/\"]}]},{\"@type\":\"BreadcrumbList\",\"@id\":\"https:\\\/\\\/retrofit.de\\\/index.php\\\/de\\\/maschinenueberholung\\\/retrofit-werkzeugmaschinen\\\/steuerungsumbau\\\/#breadcrumb\",\"itemListElement\":[{\"@type\":\"ListItem\",\"position\":1,\"name\":\"Startseite\",\"item\":\"https:\\\/\\\/retrofit.de\\\/index.php\\\/de\\\/startseite\\\/\"},{\"@type\":\"ListItem\",\"position\":2,\"name\":\"Maschinen\u00fcberholung\",\"item\":\"https:\\\/\\\/retrofit.de\\\/index.php\\\/de\\\/maschinenueberholung\\\/\"},{\"@type\":\"ListItem\",\"position\":3,\"name\":\"Retrofit\",\"item\":\"https:\\\/\\\/retrofit.de\\\/index.php\\\/de\\\/maschinenueberholung\\\/retrofit-werkzeugmaschinen\\\/\"},{\"@type\":\"ListItem\",\"position\":4,\"name\":\"Steuerungsumbau\"}]},{\"@type\":\"WebSite\",\"@id\":\"https:\\\/\\\/retrofit.de\\\/#website\",\"url\":\"https:\\\/\\\/retrofit.de\\\/\",\"name\":\"HDC Huttelmaier Retrofit\",\"description\":\"Maschinen \u00dcberholung f\u00fcr High End Pr\u00e4zision\",\"publisher\":{\"@id\":\"https:\\\/\\\/retrofit.de\\\/#organization\"},\"potentialAction\":[{\"@type\":\"SearchAction\",\"target\":{\"@type\":\"EntryPoint\",\"urlTemplate\":\"https:\\\/\\\/retrofit.de\\\/?s={search_term_string}\"},\"query-input\":{\"@type\":\"PropertyValueSpecification\",\"valueRequired\":true,\"valueName\":\"search_term_string\"}}],\"inLanguage\":\"de\"},{\"@type\":\"Organization\",\"@id\":\"https:\\\/\\\/retrofit.de\\\/#organization\",\"name\":\"HDC Huttelmaier GmbH\",\"alternateName\":\"HDC\",\"url\":\"https:\\\/\\\/retrofit.de\\\/\",\"logo\":{\"@type\":\"ImageObject\",\"inLanguage\":\"de\",\"@id\":\"https:\\\/\\\/retrofit.de\\\/#\\\/schema\\\/logo\\\/image\\\/\",\"url\":\"https:\\\/\\\/retrofit.de\\\/wp-content\\\/uploads\\\/2023\\\/04\\\/Logo.jpg\",\"contentUrl\":\"https:\\\/\\\/retrofit.de\\\/wp-content\\\/uploads\\\/2023\\\/04\\\/Logo.jpg\",\"width\":2083,\"height\":2083,\"caption\":\"HDC Huttelmaier GmbH\"},\"image\":{\"@id\":\"https:\\\/\\\/retrofit.de\\\/#\\\/schema\\\/logo\\\/image\\\/\"}}]}<\/script>\n<!-- \/ Yoast SEO plugin. -->","yoast_head_json":{"title":"Steuerungsumbau Werkzeugmaschinen \u2013 CNC Steuerung Retrofit","description":"Steuerungsumbau Werkzeugmaschinen \u2713 Elektrische Modernisierung \u2606 Steuerungen von namhaften Herstellern \u27a8 Zum CNC Steuerung Retrofit!","robots":{"index":"index","follow":"follow","max-snippet":"max-snippet:-1","max-image-preview":"max-image-preview:large","max-video-preview":"max-video-preview:-1"},"canonical":"https:\/\/retrofit.de\/index.php\/de\/maschinenueberholung\/retrofit-werkzeugmaschinen\/steuerungsumbau\/","og_locale":"de_DE","og_type":"article","og_title":"Steuerungsumbau Werkzeugmaschinen \u2013 CNC Steuerung Retrofit","og_description":"Steuerungsumbau Werkzeugmaschinen \u2713 Elektrische Modernisierung \u2606 Steuerungen von namhaften Herstellern \u27a8 Zum CNC Steuerung Retrofit!","og_url":"https:\/\/retrofit.de\/index.php\/de\/maschinenueberholung\/retrofit-werkzeugmaschinen\/steuerungsumbau\/","og_site_name":"HDC Huttelmaier Retrofit","article_modified_time":"2025-01-28T13:23:24+00:00","twitter_card":"summary_large_image","twitter_misc":{"Gesch\u00e4tzte Lesezeit":"3\u00a0Minuten"},"schema":{"@context":"https:\/\/schema.org","@graph":[{"@type":"WebPage","@id":"https:\/\/retrofit.de\/index.php\/de\/maschinenueberholung\/retrofit-werkzeugmaschinen\/steuerungsumbau\/","url":"https:\/\/retrofit.de\/index.php\/de\/maschinenueberholung\/retrofit-werkzeugmaschinen\/steuerungsumbau\/","name":"Steuerungsumbau Werkzeugmaschinen \u2013 CNC Steuerung Retrofit","isPartOf":{"@id":"https:\/\/retrofit.de\/#website"},"datePublished":"2023-04-04T14:08:31+00:00","dateModified":"2025-01-28T13:23:24+00:00","description":"Steuerungsumbau Werkzeugmaschinen \u2713 Elektrische Modernisierung \u2606 Steuerungen von namhaften Herstellern \u27a8 Zum CNC Steuerung Retrofit!","breadcrumb":{"@id":"https:\/\/retrofit.de\/index.php\/de\/maschinenueberholung\/retrofit-werkzeugmaschinen\/steuerungsumbau\/#breadcrumb"},"inLanguage":"de","potentialAction":[{"@type":"ReadAction","target":["https:\/\/retrofit.de\/index.php\/de\/maschinenueberholung\/retrofit-werkzeugmaschinen\/steuerungsumbau\/"]}]},{"@type":"BreadcrumbList","@id":"https:\/\/retrofit.de\/index.php\/de\/maschinenueberholung\/retrofit-werkzeugmaschinen\/steuerungsumbau\/#breadcrumb","itemListElement":[{"@type":"ListItem","position":1,"name":"Startseite","item":"https:\/\/retrofit.de\/index.php\/de\/startseite\/"},{"@type":"ListItem","position":2,"name":"Maschinen\u00fcberholung","item":"https:\/\/retrofit.de\/index.php\/de\/maschinenueberholung\/"},{"@type":"ListItem","position":3,"name":"Retrofit","item":"https:\/\/retrofit.de\/index.php\/de\/maschinenueberholung\/retrofit-werkzeugmaschinen\/"},{"@type":"ListItem","position":4,"name":"Steuerungsumbau"}]},{"@type":"WebSite","@id":"https:\/\/retrofit.de\/#website","url":"https:\/\/retrofit.de\/","name":"HDC Huttelmaier Retrofit","description":"Maschinen \u00dcberholung f\u00fcr High End Pr\u00e4zision","publisher":{"@id":"https:\/\/retrofit.de\/#organization"},"potentialAction":[{"@type":"SearchAction","target":{"@type":"EntryPoint","urlTemplate":"https:\/\/retrofit.de\/?s={search_term_string}"},"query-input":{"@type":"PropertyValueSpecification","valueRequired":true,"valueName":"search_term_string"}}],"inLanguage":"de"},{"@type":"Organization","@id":"https:\/\/retrofit.de\/#organization","name":"HDC Huttelmaier GmbH","alternateName":"HDC","url":"https:\/\/retrofit.de\/","logo":{"@type":"ImageObject","inLanguage":"de","@id":"https:\/\/retrofit.de\/#\/schema\/logo\/image\/","url":"https:\/\/retrofit.de\/wp-content\/uploads\/2023\/04\/Logo.jpg","contentUrl":"https:\/\/retrofit.de\/wp-content\/uploads\/2023\/04\/Logo.jpg","width":2083,"height":2083,"caption":"HDC Huttelmaier GmbH"},"image":{"@id":"https:\/\/retrofit.de\/#\/schema\/logo\/image\/"}}]}},"_links":{"self":[{"href":"https:\/\/retrofit.de\/index.php\/wp-json\/wp\/v2\/pages\/144","targetHints":{"allow":["GET"]}}],"collection":[{"href":"https:\/\/retrofit.de\/index.php\/wp-json\/wp\/v2\/pages"}],"about":[{"href":"https:\/\/retrofit.de\/index.php\/wp-json\/wp\/v2\/types\/page"}],"author":[{"embeddable":true,"href":"https:\/\/retrofit.de\/index.php\/wp-json\/wp\/v2\/users\/1"}],"replies":[{"embeddable":true,"href":"https:\/\/retrofit.de\/index.php\/wp-json\/wp\/v2\/comments?post=144"}],"version-history":[{"count":17,"href":"https:\/\/retrofit.de\/index.php\/wp-json\/wp\/v2\/pages\/144\/revisions"}],"predecessor-version":[{"id":4147,"href":"https:\/\/retrofit.de\/index.php\/wp-json\/wp\/v2\/pages\/144\/revisions\/4147"}],"up":[{"embeddable":true,"href":"https:\/\/retrofit.de\/index.php\/wp-json\/wp\/v2\/pages\/118"}],"wp:attachment":[{"href":"https:\/\/retrofit.de\/index.php\/wp-json\/wp\/v2\/media?parent=144"}],"curies":[{"name":"wp","href":"https:\/\/api.w.org\/{rel}","templated":true}]}}