{"id":1417,"date":"2023-05-17T12:39:40","date_gmt":"2023-05-17T10:39:40","guid":{"rendered":"https:\/\/retrofit.de\/wordpress\/?page_id=1417"},"modified":"2025-09-22T12:40:01","modified_gmt":"2025-09-22T10:40:01","slug":"wotan","status":"publish","type":"page","link":"https:\/\/retrofit.de\/index.php\/de\/maschinenueberholung\/werkzeugmaschinen-service\/wotan\/","title":{"rendered":"Wotan"},"content":{"rendered":"<div id='av_section_1'  class='avia-section av-1jlel-1bc90ba3e1ffa55f8d3a7be395c03e85 main_color avia-section-default avia-no-border-styling  avia-builder-el-0  el_before_av_section  avia-builder-el-first  avia-bg-style-scroll container_wrap fullsize'  ><div class='container av-section-cont-open' ><main  role=\"main\" itemprop=\"mainContentOfPage\"  class='template-page content  av-content-full alpha units'><div class='post-entry post-entry-type-page post-entry-1417'><div class='entry-content-wrapper clearfix'>\n<div  class='flex_column av-ok4d-ec5e928a20181e29bd166158ddb8e152 av_one_full  avia-builder-el-1  el_before_av_one_full  avia-builder-el-first  first flex_column_div  '     ><style type=\"text\/css\" data-created_by=\"avia_inline_auto\" id=\"style-css-av-lhovc07g-f53fd0479bd7da42b3336eefe1e6bf4c\">\n#top .av-special-heading.av-lhovc07g-f53fd0479bd7da42b3336eefe1e6bf4c{\npadding-bottom:10px;\n}\nbody .av-special-heading.av-lhovc07g-f53fd0479bd7da42b3336eefe1e6bf4c .av-special-heading-tag .heading-char{\nfont-size:25px;\n}\n.av-special-heading.av-lhovc07g-f53fd0479bd7da42b3336eefe1e6bf4c .av-subheading{\nfont-size:15px;\n}\n<\/style>\n<div  class='av-special-heading av-lhovc07g-f53fd0479bd7da42b3336eefe1e6bf4c av-special-heading-h1  avia-builder-el-2  avia-builder-el-no-sibling '><h1 class='av-special-heading-tag '  itemprop=\"headline\"  >Wotan-Maschinen Retrofit <span class='special_amp'>&amp;<\/span> Modernisierung \u2013 HDC Huttelmaier<\/h1><div class=\"special-heading-border\"><div class=\"special-heading-inner-border\"><\/div><\/div><\/div><\/div><div  class='flex_column av-lg29yef9-109989141a5dfb52d41595f0b8f08f30 av_one_full  avia-builder-el-3  el_after_av_one_full  avia-builder-el-last  first flex_column_div  column-top-margin'     ><section  class='av_textblock_section av-lg29xm1f-7d3cdd8b59a629545178fbb262f8292d '   itemscope=\"itemscope\" itemtype=\"https:\/\/schema.org\/CreativeWork\" ><div class='avia_textblock av_inherit_color'  itemprop=\"text\" ><p>Das Wotan-Maschinen Retrofit &amp; Modernisierung von HDC Huttelmaier bietet Ihnen Kompetenz und Qualit\u00e4tsarbeit rund um diese Kernthemen:<\/p>\n<p>Altmaschinen \u00fcberholen<br \/>\nSteuerung modernisieren<br \/>\nSchutzeinrichtung nach Betriebssicherheitsverordnung<\/p>\n<p>Dabei legen wir Wert auf Pr\u00e4zision, Zuverl\u00e4ssigkeit und Sicherheit.<\/p>\n<\/div><\/section><\/div><\/div><\/div><\/main><!-- close content main element --><\/div><\/div><div id='av_section_2'  class='avia-section av-d17ynt-1ec821644e9a0ab1fd8453a9ea5904ba main_color avia-section-default avia-no-border-styling  avia-builder-el-5  el_after_av_section  avia-builder-el-last  avia-bg-style-scroll container_wrap fullsize'  ><div class='container av-section-cont-open' ><div class='template-page content  av-content-full alpha units'><div class='post-entry post-entry-type-page post-entry-1417'><div class='entry-content-wrapper clearfix'>\n\n<style type=\"text\/css\" data-created_by=\"avia_inline_auto\" id=\"style-css-av-a9lpq1-5aa0f986fddacc1f3d15c345726e8cc9\">\n#top .av-special-heading.av-a9lpq1-5aa0f986fddacc1f3d15c345726e8cc9{\npadding-bottom:10px;\n}\nbody .av-special-heading.av-a9lpq1-5aa0f986fddacc1f3d15c345726e8cc9 .av-special-heading-tag .heading-char{\nfont-size:25px;\n}\n.av-special-heading.av-a9lpq1-5aa0f986fddacc1f3d15c345726e8cc9 .av-subheading{\nfont-size:15px;\n}\n<\/style>\n<div  class='av-special-heading av-a9lpq1-5aa0f986fddacc1f3d15c345726e8cc9 av-special-heading-h2 blockquote modern-quote  avia-builder-el-6  el_before_av_textblock  avia-builder-el-first '><h2 class='av-special-heading-tag '  itemprop=\"headline\"  >Wie k\u00f6nnen wir Ihnen helfen?<\/h2><div class=\"special-heading-border\"><div class=\"special-heading-inner-border\"><\/div><\/div><\/div>\n\n<style type=\"text\/css\" data-created_by=\"avia_inline_auto\" id=\"style-css-av-9wjofd-c785e09344aafa7ca8b852ef7f94e295\">\n#top .av_textblock_section.av-9wjofd-c785e09344aafa7ca8b852ef7f94e295 .avia_textblock{\nfont-size:30px;\n}\n<\/style>\n<section  class='av_textblock_section av-9wjofd-c785e09344aafa7ca8b852ef7f94e295 '   itemscope=\"itemscope\" itemtype=\"https:\/\/schema.org\/CreativeWork\" ><div class='avia_textblock'  itemprop=\"text\" ><p>HDC Huttelmaier Retrofit \u2013 Maschinen \u00dcberholung f\u00fcr High End Pr\u00e4zision<\/p>\n<\/div><\/section>\n<div  class='flex_column av-tbucp-5b4a1a6a248ff688813d67eb140c2810 av_one_fourth  avia-builder-el-8  el_after_av_textblock  el_before_av_one_half  first flex_column_div  column-top-margin'     ><style type=\"text\/css\" data-created_by=\"avia_inline_auto\" id=\"style-css-av-jawix-3009f8cba0588a2c61804482d77167bf\">\n.avia-image-container.av-jawix-3009f8cba0588a2c61804482d77167bf img.avia_image{\nbox-shadow:none;\n}\n.avia-image-container.av-jawix-3009f8cba0588a2c61804482d77167bf .av-image-caption-overlay-center{\ncolor:#ffffff;\n}\n<\/style>\n<div  class='avia-image-container av-jawix-3009f8cba0588a2c61804482d77167bf av-styling- avia-align-center  avia-builder-el-9  avia-builder-el-no-sibling '   itemprop=\"image\" itemscope=\"itemscope\" itemtype=\"https:\/\/schema.org\/ImageObject\" ><div class=\"avia-image-container-inner\"><div class=\"avia-image-overlay-wrap\"><img decoding=\"async\" fetchpriority=\"high\" class='wp-image-451 avia-img-lazy-loading-not-451 avia_image ' src=\"https:\/\/retrofit.de\/wp-content\/uploads\/2023\/04\/Falko-Rehorst-_-Vertrieb-bei-HDC.webp\" alt='Falko Rehorst-Vertrieb-bei-HDC' title='Falko Rehorst-Vertrieb-bei-HDC'  height=\"400\" width=\"400\"  itemprop=\"thumbnailUrl\" srcset=\"https:\/\/retrofit.de\/wp-content\/uploads\/2023\/04\/Falko-Rehorst-_-Vertrieb-bei-HDC.webp 400w, https:\/\/retrofit.de\/wp-content\/uploads\/2023\/04\/Falko-Rehorst-_-Vertrieb-bei-HDC-300x300.webp 300w, https:\/\/retrofit.de\/wp-content\/uploads\/2023\/04\/Falko-Rehorst-_-Vertrieb-bei-HDC-80x80.webp 80w, https:\/\/retrofit.de\/wp-content\/uploads\/2023\/04\/Falko-Rehorst-_-Vertrieb-bei-HDC-36x36.webp 36w, https:\/\/retrofit.de\/wp-content\/uploads\/2023\/04\/Falko-Rehorst-_-Vertrieb-bei-HDC-180x180.webp 180w\" sizes=\"(max-width: 400px) 100vw, 400px\" \/><\/div><\/div><\/div><\/div><div  class='flex_column av-47uf7t-dd8868fe7a53477277cda403c668eff6 av_one_half  avia-builder-el-10  el_after_av_one_fourth  avia-builder-el-last  linie-links flex_column_div  column-top-margin'     ><style type=\"text\/css\" data-created_by=\"avia_inline_auto\" id=\"style-css-av-1tqaa1-06ee8b695b6f9e590d3510c3c5ea0bc0\">\n#top .av_textblock_section.av-1tqaa1-06ee8b695b6f9e590d3510c3c5ea0bc0 .avia_textblock{\nfont-size:18px;\n}\n<\/style>\n<section  class='av_textblock_section av-1tqaa1-06ee8b695b6f9e590d3510c3c5ea0bc0 '   itemscope=\"itemscope\" itemtype=\"https:\/\/schema.org\/CreativeWork\" ><div class='avia_textblock kontakt'  itemprop=\"text\" ><p><strong>Falko Rehorst<\/strong><\/p>\n<p style=\"line-height: 1.65em;\">Retrofit Berater<br \/>\nHuttelmaier GmbH<\/p>\n<p><strong>Kontaktieren Sie mich<\/strong><\/p>\n<p><img loading=\"lazy\" decoding=\"async\" style=\"margin-right: 10px;\" src=\"https:\/\/retrofit.de\/wp-content\/uploads\/2023\/04\/HDC-Website_Kontakt-Icons_Phone.svg\" width=\"32\" height=\"32\" \/><a href=\"tel:+4971819786829\">+49 (0) 7181-97868-29<\/a><br \/>\n<img loading=\"lazy\" decoding=\"async\" style=\"margin-right: 10px; margin-bottom: -5px; padding-top: 5px;\" src=\"https:\/\/retrofit.de\/wp-content\/uploads\/2023\/04\/HDC-Website_Kontakt-Icons_Mobile.svg\" width=\"32\" height=\"32\" \/><a href=\"tel:+491727121011\">+49 (0) 172-7121011<\/a><br \/>\n<img loading=\"lazy\" decoding=\"async\" style=\"margin-right: 10px; margin-bottom: -10px; padding-top: 10px;\" src=\"https:\/\/retrofit.de\/wp-content\/uploads\/2023\/04\/HDC-Website_Kontakt-Icons_Mail.svg\" width=\"32\" height=\"32\" \/><a href=\"mailto:rehorst@huttelmaier.de\">rehorst@huttelmaier.de<\/a><\/p>\n<p>Ich freue mich auf ein Gespr\u00e4ch mit Ihnen!<\/p>\n<\/div><\/section><\/div>\n<\/p>\n","protected":false},"excerpt":{"rendered":"","protected":false},"author":5,"featured_media":0,"parent":187,"menu_order":1,"comment_status":"closed","ping_status":"closed","template":"","meta":{"footnotes":""},"class_list":["post-1417","page","type-page","status-publish","hentry"],"yoast_head":"<!-- This site is optimized with the Yoast SEO plugin v27.2 - https:\/\/yoast.com\/product\/yoast-seo-wordpress\/ -->\n<title>Wotan-Maschinen Retrofit &amp; Modernisierung \u2013 HDC Huttelmaier<\/title>\n<meta name=\"description\" content=\"Wotan Maschinen Retrofit &amp; Modernisierung \u2713 Altmaschinen \u00fcberholen \u2606 Steuerung modernisieren \u2606 Schutzeinrichtung \u27a8 Zu HDC Huttelmaier!\" \/>\n<meta name=\"robots\" content=\"index, follow, max-snippet:-1, max-image-preview:large, max-video-preview:-1\" \/>\n<link rel=\"canonical\" href=\"https:\/\/retrofit.de\/index.php\/de\/maschinenueberholung\/werkzeugmaschinen-service\/wotan\/\" \/>\n<meta property=\"og:locale\" content=\"de_DE\" \/>\n<meta property=\"og:type\" content=\"article\" \/>\n<meta property=\"og:title\" content=\"Wotan-Maschinen Retrofit &amp; Modernisierung \u2013 HDC Huttelmaier\" \/>\n<meta property=\"og:description\" content=\"Wotan Maschinen Retrofit &amp; Modernisierung \u2713 Altmaschinen \u00fcberholen \u2606 Steuerung modernisieren \u2606 Schutzeinrichtung \u27a8 Zu HDC Huttelmaier!\" \/>\n<meta property=\"og:url\" content=\"https:\/\/retrofit.de\/index.php\/de\/maschinenueberholung\/werkzeugmaschinen-service\/wotan\/\" \/>\n<meta property=\"og:site_name\" content=\"HDC Huttelmaier Retrofit\" \/>\n<meta property=\"article:modified_time\" content=\"2025-09-22T10:40:01+00:00\" \/>\n<meta property=\"og:image\" content=\"https:\/\/retrofit.de\/wp-content\/uploads\/2023\/04\/HDC-Website_Kontakt-Icons_Phone.svg\" \/>\n<meta name=\"twitter:card\" content=\"summary_large_image\" \/>\n<meta name=\"twitter:label1\" content=\"Gesch\u00e4tzte Lesezeit\" \/>\n\t<meta name=\"twitter:data1\" content=\"2\u00a0Minuten\" \/>\n<script type=\"application\/ld+json\" class=\"yoast-schema-graph\">{\"@context\":\"https:\/\/schema.org\",\"@graph\":[{\"@type\":\"WebPage\",\"@id\":\"https:\/\/retrofit.de\/index.php\/de\/maschinenueberholung\/werkzeugmaschinen-service\/wotan\/\",\"url\":\"https:\/\/retrofit.de\/index.php\/de\/maschinenueberholung\/werkzeugmaschinen-service\/wotan\/\",\"name\":\"Wotan-Maschinen Retrofit & Modernisierung \u2013 HDC Huttelmaier\",\"isPartOf\":{\"@id\":\"https:\/\/retrofit.de\/#website\"},\"primaryImageOfPage\":{\"@id\":\"https:\/\/retrofit.de\/index.php\/de\/maschinenueberholung\/werkzeugmaschinen-service\/wotan\/#primaryimage\"},\"image\":{\"@id\":\"https:\/\/retrofit.de\/index.php\/de\/maschinenueberholung\/werkzeugmaschinen-service\/wotan\/#primaryimage\"},\"thumbnailUrl\":\"https:\/\/retrofit.de\/wp-content\/uploads\/2023\/04\/HDC-Website_Kontakt-Icons_Phone.svg\",\"datePublished\":\"2023-05-17T10:39:40+00:00\",\"dateModified\":\"2025-09-22T10:40:01+00:00\",\"description\":\"Wotan Maschinen Retrofit & Modernisierung \u2713 Altmaschinen \u00fcberholen \u2606 Steuerung modernisieren \u2606 Schutzeinrichtung \u27a8 Zu HDC Huttelmaier!\",\"breadcrumb\":{\"@id\":\"https:\/\/retrofit.de\/index.php\/de\/maschinenueberholung\/werkzeugmaschinen-service\/wotan\/#breadcrumb\"},\"inLanguage\":\"de\",\"potentialAction\":[{\"@type\":\"ReadAction\",\"target\":[\"https:\/\/retrofit.de\/index.php\/de\/maschinenueberholung\/werkzeugmaschinen-service\/wotan\/\"]}]},{\"@type\":\"ImageObject\",\"inLanguage\":\"de\",\"@id\":\"https:\/\/retrofit.de\/index.php\/de\/maschinenueberholung\/werkzeugmaschinen-service\/wotan\/#primaryimage\",\"url\":\"https:\/\/retrofit.de\/wp-content\/uploads\/2023\/04\/HDC-Website_Kontakt-Icons_Phone.svg\",\"contentUrl\":\"https:\/\/retrofit.de\/wp-content\/uploads\/2023\/04\/HDC-Website_Kontakt-Icons_Phone.svg\"},{\"@type\":\"BreadcrumbList\",\"@id\":\"https:\/\/retrofit.de\/index.php\/de\/maschinenueberholung\/werkzeugmaschinen-service\/wotan\/#breadcrumb\",\"itemListElement\":[{\"@type\":\"ListItem\",\"position\":1,\"name\":\"Startseite\",\"item\":\"https:\/\/retrofit.de\/index.php\/de\/startseite\/\"},{\"@type\":\"ListItem\",\"position\":2,\"name\":\"Maschinen\u00fcberholung\",\"item\":\"https:\/\/retrofit.de\/index.php\/de\/maschinenueberholung\/\"},{\"@type\":\"ListItem\",\"position\":3,\"name\":\"Hersteller Service\",\"item\":\"https:\/\/retrofit.de\/index.php\/de\/maschinenueberholung\/werkzeugmaschinen-service\/\"},{\"@type\":\"ListItem\",\"position\":4,\"name\":\"Wotan\"}]},{\"@type\":\"WebSite\",\"@id\":\"https:\/\/retrofit.de\/#website\",\"url\":\"https:\/\/retrofit.de\/\",\"name\":\"HDC Huttelmaier Retrofit\",\"description\":\"Maschinen \u00dcberholung f\u00fcr High End Pr\u00e4zision\",\"publisher\":{\"@id\":\"https:\/\/retrofit.de\/#organization\"},\"potentialAction\":[{\"@type\":\"SearchAction\",\"target\":{\"@type\":\"EntryPoint\",\"urlTemplate\":\"https:\/\/retrofit.de\/?s={search_term_string}\"},\"query-input\":{\"@type\":\"PropertyValueSpecification\",\"valueRequired\":true,\"valueName\":\"search_term_string\"}}],\"inLanguage\":\"de\"},{\"@type\":\"Organization\",\"@id\":\"https:\/\/retrofit.de\/#organization\",\"name\":\"HDC Huttelmaier GmbH\",\"alternateName\":\"HDC\",\"url\":\"https:\/\/retrofit.de\/\",\"logo\":{\"@type\":\"ImageObject\",\"inLanguage\":\"de\",\"@id\":\"https:\/\/retrofit.de\/#\/schema\/logo\/image\/\",\"url\":\"https:\/\/retrofit.de\/wp-content\/uploads\/2023\/04\/Logo.jpg\",\"contentUrl\":\"https:\/\/retrofit.de\/wp-content\/uploads\/2023\/04\/Logo.jpg\",\"width\":2083,\"height\":2083,\"caption\":\"HDC Huttelmaier GmbH\"},\"image\":{\"@id\":\"https:\/\/retrofit.de\/#\/schema\/logo\/image\/\"}}]}<\/script>\n<!-- \/ Yoast SEO plugin. -->","yoast_head_json":{"title":"Wotan-Maschinen Retrofit & Modernisierung \u2013 HDC Huttelmaier","description":"Wotan Maschinen Retrofit & Modernisierung \u2713 Altmaschinen \u00fcberholen \u2606 Steuerung modernisieren \u2606 Schutzeinrichtung \u27a8 Zu HDC Huttelmaier!","robots":{"index":"index","follow":"follow","max-snippet":"max-snippet:-1","max-image-preview":"max-image-preview:large","max-video-preview":"max-video-preview:-1"},"canonical":"https:\/\/retrofit.de\/index.php\/de\/maschinenueberholung\/werkzeugmaschinen-service\/wotan\/","og_locale":"de_DE","og_type":"article","og_title":"Wotan-Maschinen Retrofit & Modernisierung \u2013 HDC Huttelmaier","og_description":"Wotan Maschinen Retrofit & Modernisierung \u2713 Altmaschinen \u00fcberholen \u2606 Steuerung modernisieren \u2606 Schutzeinrichtung \u27a8 Zu HDC Huttelmaier!","og_url":"https:\/\/retrofit.de\/index.php\/de\/maschinenueberholung\/werkzeugmaschinen-service\/wotan\/","og_site_name":"HDC Huttelmaier Retrofit","article_modified_time":"2025-09-22T10:40:01+00:00","og_image":[{"url":"https:\/\/retrofit.de\/wp-content\/uploads\/2023\/04\/HDC-Website_Kontakt-Icons_Phone.svg","type":"","width":"","height":""}],"twitter_card":"summary_large_image","twitter_misc":{"Gesch\u00e4tzte Lesezeit":"2\u00a0Minuten"},"schema":{"@context":"https:\/\/schema.org","@graph":[{"@type":"WebPage","@id":"https:\/\/retrofit.de\/index.php\/de\/maschinenueberholung\/werkzeugmaschinen-service\/wotan\/","url":"https:\/\/retrofit.de\/index.php\/de\/maschinenueberholung\/werkzeugmaschinen-service\/wotan\/","name":"Wotan-Maschinen Retrofit & Modernisierung \u2013 HDC Huttelmaier","isPartOf":{"@id":"https:\/\/retrofit.de\/#website"},"primaryImageOfPage":{"@id":"https:\/\/retrofit.de\/index.php\/de\/maschinenueberholung\/werkzeugmaschinen-service\/wotan\/#primaryimage"},"image":{"@id":"https:\/\/retrofit.de\/index.php\/de\/maschinenueberholung\/werkzeugmaschinen-service\/wotan\/#primaryimage"},"thumbnailUrl":"https:\/\/retrofit.de\/wp-content\/uploads\/2023\/04\/HDC-Website_Kontakt-Icons_Phone.svg","datePublished":"2023-05-17T10:39:40+00:00","dateModified":"2025-09-22T10:40:01+00:00","description":"Wotan Maschinen Retrofit & Modernisierung \u2713 Altmaschinen \u00fcberholen \u2606 Steuerung modernisieren \u2606 Schutzeinrichtung \u27a8 Zu HDC Huttelmaier!","breadcrumb":{"@id":"https:\/\/retrofit.de\/index.php\/de\/maschinenueberholung\/werkzeugmaschinen-service\/wotan\/#breadcrumb"},"inLanguage":"de","potentialAction":[{"@type":"ReadAction","target":["https:\/\/retrofit.de\/index.php\/de\/maschinenueberholung\/werkzeugmaschinen-service\/wotan\/"]}]},{"@type":"ImageObject","inLanguage":"de","@id":"https:\/\/retrofit.de\/index.php\/de\/maschinenueberholung\/werkzeugmaschinen-service\/wotan\/#primaryimage","url":"https:\/\/retrofit.de\/wp-content\/uploads\/2023\/04\/HDC-Website_Kontakt-Icons_Phone.svg","contentUrl":"https:\/\/retrofit.de\/wp-content\/uploads\/2023\/04\/HDC-Website_Kontakt-Icons_Phone.svg"},{"@type":"BreadcrumbList","@id":"https:\/\/retrofit.de\/index.php\/de\/maschinenueberholung\/werkzeugmaschinen-service\/wotan\/#breadcrumb","itemListElement":[{"@type":"ListItem","position":1,"name":"Startseite","item":"https:\/\/retrofit.de\/index.php\/de\/startseite\/"},{"@type":"ListItem","position":2,"name":"Maschinen\u00fcberholung","item":"https:\/\/retrofit.de\/index.php\/de\/maschinenueberholung\/"},{"@type":"ListItem","position":3,"name":"Hersteller Service","item":"https:\/\/retrofit.de\/index.php\/de\/maschinenueberholung\/werkzeugmaschinen-service\/"},{"@type":"ListItem","position":4,"name":"Wotan"}]},{"@type":"WebSite","@id":"https:\/\/retrofit.de\/#website","url":"https:\/\/retrofit.de\/","name":"HDC Huttelmaier Retrofit","description":"Maschinen \u00dcberholung f\u00fcr High End Pr\u00e4zision","publisher":{"@id":"https:\/\/retrofit.de\/#organization"},"potentialAction":[{"@type":"SearchAction","target":{"@type":"EntryPoint","urlTemplate":"https:\/\/retrofit.de\/?s={search_term_string}"},"query-input":{"@type":"PropertyValueSpecification","valueRequired":true,"valueName":"search_term_string"}}],"inLanguage":"de"},{"@type":"Organization","@id":"https:\/\/retrofit.de\/#organization","name":"HDC Huttelmaier GmbH","alternateName":"HDC","url":"https:\/\/retrofit.de\/","logo":{"@type":"ImageObject","inLanguage":"de","@id":"https:\/\/retrofit.de\/#\/schema\/logo\/image\/","url":"https:\/\/retrofit.de\/wp-content\/uploads\/2023\/04\/Logo.jpg","contentUrl":"https:\/\/retrofit.de\/wp-content\/uploads\/2023\/04\/Logo.jpg","width":2083,"height":2083,"caption":"HDC Huttelmaier GmbH"},"image":{"@id":"https:\/\/retrofit.de\/#\/schema\/logo\/image\/"}}]}},"_links":{"self":[{"href":"https:\/\/retrofit.de\/index.php\/wp-json\/wp\/v2\/pages\/1417","targetHints":{"allow":["GET"]}}],"collection":[{"href":"https:\/\/retrofit.de\/index.php\/wp-json\/wp\/v2\/pages"}],"about":[{"href":"https:\/\/retrofit.de\/index.php\/wp-json\/wp\/v2\/types\/page"}],"author":[{"embeddable":true,"href":"https:\/\/retrofit.de\/index.php\/wp-json\/wp\/v2\/users\/5"}],"replies":[{"embeddable":true,"href":"https:\/\/retrofit.de\/index.php\/wp-json\/wp\/v2\/comments?post=1417"}],"version-history":[{"count":7,"href":"https:\/\/retrofit.de\/index.php\/wp-json\/wp\/v2\/pages\/1417\/revisions"}],"predecessor-version":[{"id":4842,"href":"https:\/\/retrofit.de\/index.php\/wp-json\/wp\/v2\/pages\/1417\/revisions\/4842"}],"up":[{"embeddable":true,"href":"https:\/\/retrofit.de\/index.php\/wp-json\/wp\/v2\/pages\/187"}],"wp:attachment":[{"href":"https:\/\/retrofit.de\/index.php\/wp-json\/wp\/v2\/media?parent=1417"}],"curies":[{"name":"wp","href":"https:\/\/api.w.org\/{rel}","templated":true}]}}