{"id":139,"date":"2023-04-04T16:06:14","date_gmt":"2023-04-04T14:06:14","guid":{"rendered":"https:\/\/retrofit.de\/wordpress\/?page_id=139"},"modified":"2025-01-28T14:10:20","modified_gmt":"2025-01-28T13:10:20","slug":"maschinenmodernisierung","status":"publish","type":"page","link":"https:\/\/retrofit.de\/index.php\/de\/maschinenueberholung\/maschinenmodernisierung\/","title":{"rendered":"Modernisierung"},"content":{"rendered":"<div id='av_section_1'  class='avia-section av-1jlel-1bc90ba3e1ffa55f8d3a7be395c03e85 main_color avia-section-default avia-no-border-styling  avia-builder-el-0  el_before_av_section  avia-builder-el-first  avia-bg-style-scroll container_wrap fullsize'  ><div class='container av-section-cont-open' ><main  role=\"main\" itemprop=\"mainContentOfPage\"  class='template-page content  av-content-full alpha units'><div class='post-entry post-entry-type-page post-entry-139'><div class='entry-content-wrapper clearfix'>\n<div  class='flex_column av-ok4d-ec5e928a20181e29bd166158ddb8e152 av_one_full  avia-builder-el-1  el_before_av_one_half  avia-builder-el-first  first flex_column_div  '     ><style type=\"text\/css\" data-created_by=\"avia_inline_auto\" id=\"style-css-av-lg29wfol-eebcace125e7305a8a23e59e74a4bd71\">\n#top .av-special-heading.av-lg29wfol-eebcace125e7305a8a23e59e74a4bd71{\npadding-bottom:10px;\n}\nbody .av-special-heading.av-lg29wfol-eebcace125e7305a8a23e59e74a4bd71 .av-special-heading-tag .heading-char{\nfont-size:25px;\n}\n.av-special-heading.av-lg29wfol-eebcace125e7305a8a23e59e74a4bd71 .av-subheading{\nfont-size:15px;\n}\n<\/style>\n<div  class='av-special-heading av-lg29wfol-eebcace125e7305a8a23e59e74a4bd71 av-special-heading-h1 blockquote modern-quote  avia-builder-el-2  avia-builder-el-no-sibling '><h1 class='av-special-heading-tag '  itemprop=\"headline\"  >Maschinenmodernisierung<\/h1><div class=\"special-heading-border\"><div class=\"special-heading-inner-border\"><\/div><\/div><\/div><\/div><div  class='flex_column av-7naln-dcdeb73a3df2d415b53f4ae7c258d848 av_one_half  avia-builder-el-3  el_after_av_one_full  el_before_av_one_half  first flex_column_div  column-top-margin'     ><style type=\"text\/css\" data-created_by=\"avia_inline_auto\" id=\"style-css-av-li1dsxo8-4f8df01bdbe2b050cc34fa3a59ec7bd9\">\n.avia-image-container.av-li1dsxo8-4f8df01bdbe2b050cc34fa3a59ec7bd9 img.avia_image{\nbox-shadow:none;\n}\n.avia-image-container.av-li1dsxo8-4f8df01bdbe2b050cc34fa3a59ec7bd9 .av-image-caption-overlay-center{\ncolor:#ffffff;\n}\n<\/style>\n<div  class='avia-image-container av-li1dsxo8-4f8df01bdbe2b050cc34fa3a59ec7bd9 av-styling- avia-align-left  avia-builder-el-4  avia-builder-el-no-sibling '   itemprop=\"image\" itemscope=\"itemscope\" itemtype=\"https:\/\/schema.org\/ImageObject\" ><div class=\"avia-image-container-inner\"><div class=\"avia-image-overlay-wrap\"><img decoding=\"async\" fetchpriority=\"high\" class='wp-image-1477 avia-img-lazy-loading-not-1477 avia_image ' src=\"https:\/\/retrofit.de\/wp-content\/uploads\/2023\/05\/Modernisierung-Werkzeugmaschinen.webp\" alt='Maschinenmodernisierung' title='Maschinenmodernisierung'  height=\"261\" width=\"685\"  itemprop=\"thumbnailUrl\" srcset=\"https:\/\/retrofit.de\/wp-content\/uploads\/2023\/05\/Modernisierung-Werkzeugmaschinen.webp 685w, https:\/\/retrofit.de\/wp-content\/uploads\/2023\/05\/Modernisierung-Werkzeugmaschinen-300x114.webp 300w\" sizes=\"(max-width: 685px) 100vw, 685px\" \/><\/div><\/div><\/div><\/div><div  class='flex_column av-lg29yef9-ceae01e18e4e83d1415545add6ab8f0e av_one_half  avia-builder-el-5  el_after_av_one_half  avia-builder-el-last  flex_column_div  column-top-margin'     ><p><section  class='av_textblock_section av-lg29xm1f-7d3cdd8b59a629545178fbb262f8292d '   itemscope=\"itemscope\" itemtype=\"https:\/\/schema.org\/CreativeWork\" ><div class='avia_textblock av_inherit_color'  itemprop=\"text\" ><p>Seit 1947 ist HDC Huttelmaier der Ansprechpartner f\u00fcr die professionelle Nachr\u00fcstung von Altmaschinen.<\/p>\n<p>Unsere Maschinenmodernisierung umfasst unter anderem die Steuerung, die Schutzeinrichtung, Messtaster, Automatisierungs- und MDE Systeme.<\/p>\n<\/div><\/section><br \/>\n<section  class='av_textblock_section av-lgqko82g-01b740666b4e2a277944874be0b01553 '   itemscope=\"itemscope\" itemtype=\"https:\/\/schema.org\/CreativeWork\" ><div class='avia_textblock av_inherit_color'  itemprop=\"text\" ><p><strong>Mehr Informationen<\/strong><\/p>\n<ul>\n<li><a href=\"https:\/\/retrofit.de\/index.php\/maschinenueberholung\/maschinenmodernisierung\/modernisierung-cnc-steuerung\/\">Modernisierung Steuerung<\/a><\/li>\n<li><a href=\"https:\/\/retrofit.de\/index.php\/maschinenueberholung\/maschinenmodernisierung\/schutzeinrichtung-maschinen\/\">Schutzeinrichtung Maschinen<\/a><\/li>\n<li><a href=\"https:\/\/retrofit.de\/index.php\/maschinenueberholung\/maschinenmodernisierung\/messtaster-drehmaschine-fraesmaschine\/\">Messtaster<\/a><\/li>\n<li><a href=\"https:\/\/retrofit.de\/index.php\/maschinenueberholung\/maschinenmodernisierung\/automatisierung-werkzeugmaschinen\/\">Automatisierung<\/a><\/li>\n<li><a href=\"https:\/\/retrofit.de\/index.php\/maschinenueberholung\/maschinenmodernisierung\/maschinendatenerfassung-system\/\">Maschinendatenerfassung<\/a><\/li>\n<\/ul>\n<\/div><\/section><\/p><\/div>\n\n<\/div><\/div><\/main><!-- close content main element --><\/div><\/div><div id='av_section_2'  class='avia-section av-19ba6r-65988ea13123a3aa9642ae526e0a0433 main_color avia-section-default avia-no-border-styling  avia-builder-el-8  el_after_av_section  avia-builder-el-last  avia-bg-style-scroll container_wrap fullsize'  ><div class='container av-section-cont-open' ><div class='template-page content  av-content-full alpha units'><div class='post-entry post-entry-type-page post-entry-139'><div class='entry-content-wrapper clearfix'>\n\n<style type=\"text\/css\" data-created_by=\"avia_inline_auto\" id=\"style-css-av-12koe3-d6d46f31cacbf6161ad72de73f1424eb\">\n#top .av-special-heading.av-12koe3-d6d46f31cacbf6161ad72de73f1424eb{\npadding-bottom:10px;\n}\nbody .av-special-heading.av-12koe3-d6d46f31cacbf6161ad72de73f1424eb .av-special-heading-tag .heading-char{\nfont-size:25px;\n}\n.av-special-heading.av-12koe3-d6d46f31cacbf6161ad72de73f1424eb .av-subheading{\nfont-size:15px;\n}\n<\/style>\n<div  class='av-special-heading av-12koe3-d6d46f31cacbf6161ad72de73f1424eb av-special-heading-h2 blockquote modern-quote  avia-builder-el-9  el_before_av_textblock  avia-builder-el-first '><h2 class='av-special-heading-tag '  itemprop=\"headline\"  >Wie k\u00f6nnen wir Ihnen helfen?<\/h2><div class=\"special-heading-border\"><div class=\"special-heading-inner-border\"><\/div><\/div><\/div>\n\n<style type=\"text\/css\" data-created_by=\"avia_inline_auto\" id=\"style-css-av-ylwqb-28f5d753056279b21245b5c535e2aa46\">\n#top .av_textblock_section.av-ylwqb-28f5d753056279b21245b5c535e2aa46 .avia_textblock{\nfont-size:30px;\n}\n<\/style>\n<section  class='av_textblock_section av-ylwqb-28f5d753056279b21245b5c535e2aa46 '   itemscope=\"itemscope\" itemtype=\"https:\/\/schema.org\/CreativeWork\" ><div class='avia_textblock'  itemprop=\"text\" ><p>HDC Huttelmaier Retrofit \u2013 Maschinen \u00dcberholung f\u00fcr High End Pr\u00e4zision<\/p>\n<\/div><\/section>\n<div  class='flex_column av-rzz57-f57be6b2ef3a44a764ad82d8570a79e6 av_one_fourth  avia-builder-el-11  el_after_av_textblock  el_before_av_one_half  first flex_column_div  column-top-margin'     ><style type=\"text\/css\" data-created_by=\"avia_inline_auto\" id=\"style-css-av-jl883-5012fe7620ebdf69e2e62e8f5f0daffa\">\n.avia-image-container.av-jl883-5012fe7620ebdf69e2e62e8f5f0daffa img.avia_image{\nbox-shadow:none;\n}\n.avia-image-container.av-jl883-5012fe7620ebdf69e2e62e8f5f0daffa .av-image-caption-overlay-center{\ncolor:#ffffff;\n}\n<\/style>\n<div  class='avia-image-container av-jl883-5012fe7620ebdf69e2e62e8f5f0daffa av-styling- avia-align-center  avia-builder-el-12  avia-builder-el-no-sibling '   itemprop=\"image\" itemscope=\"itemscope\" itemtype=\"https:\/\/schema.org\/ImageObject\" ><div class=\"avia-image-container-inner\"><div class=\"avia-image-overlay-wrap\"><img decoding=\"async\" fetchpriority=\"high\" class='wp-image-451 avia-img-lazy-loading-not-451 avia_image ' src=\"https:\/\/retrofit.de\/wp-content\/uploads\/2023\/04\/Falko-Rehorst-_-Vertrieb-bei-HDC.webp\" alt='Falko Rehorst-Vertrieb-bei-HDC' title='Falko Rehorst-Vertrieb-bei-HDC'  height=\"400\" width=\"400\"  itemprop=\"thumbnailUrl\" srcset=\"https:\/\/retrofit.de\/wp-content\/uploads\/2023\/04\/Falko-Rehorst-_-Vertrieb-bei-HDC.webp 400w, https:\/\/retrofit.de\/wp-content\/uploads\/2023\/04\/Falko-Rehorst-_-Vertrieb-bei-HDC-300x300.webp 300w, https:\/\/retrofit.de\/wp-content\/uploads\/2023\/04\/Falko-Rehorst-_-Vertrieb-bei-HDC-80x80.webp 80w, https:\/\/retrofit.de\/wp-content\/uploads\/2023\/04\/Falko-Rehorst-_-Vertrieb-bei-HDC-36x36.webp 36w, https:\/\/retrofit.de\/wp-content\/uploads\/2023\/04\/Falko-Rehorst-_-Vertrieb-bei-HDC-180x180.webp 180w\" sizes=\"(max-width: 400px) 100vw, 400px\" \/><\/div><\/div><\/div><\/div><div  class='flex_column av-ejyrf-b4707b669e7a41c01f21d4fd22e1b80e av_one_half  avia-builder-el-13  el_after_av_one_fourth  avia-builder-el-last  linie-links flex_column_div  column-top-margin'     ><style type=\"text\/css\" data-created_by=\"avia_inline_auto\" id=\"style-css-av-9v4tv-2388dab96f1fae2c5f8d556b733cd982\">\n#top .av_textblock_section.av-9v4tv-2388dab96f1fae2c5f8d556b733cd982 .avia_textblock{\nfont-size:18px;\n}\n<\/style>\n<section  class='av_textblock_section av-9v4tv-2388dab96f1fae2c5f8d556b733cd982 '   itemscope=\"itemscope\" itemtype=\"https:\/\/schema.org\/CreativeWork\" ><div class='avia_textblock kontakt'  itemprop=\"text\" ><p><strong>Falko Rehorst<\/strong><\/p>\n<p style=\"line-height: 1.65em;\">Retrofit Berater<br \/>\nHuttelmaier GmbH<\/p>\n<p><strong>Kontaktieren Sie mich<\/strong><\/p>\n<p><a href=\"tel:+4971819786829\">\n<style type=\"text\/css\" data-created_by=\"avia_inline_auto\" id=\"style-css-av-av_font_icon-cc71c4479a360ffd333863b3dbf74870\">\n.av_font_icon.av-av_font_icon-cc71c4479a360ffd333863b3dbf74870{\ncolor:#d9000e;\nborder-color:#d9000e;\n}\n.av_font_icon.av-av_font_icon-cc71c4479a360ffd333863b3dbf74870 .av-icon-char{\nfont-size:20px;\nline-height:20px;\n}\n<\/style>\n<span  class='av_font_icon av-av_font_icon-cc71c4479a360ffd333863b3dbf74870 avia_animate_when_visible av-icon-style- avia-icon-pos-left avia-icon-animate'><span class='av-icon-char' aria-hidden='true' data-av_icon='\ue854' data-av_iconfont='entypo-fontello' ><\/span><\/span>+49 (0) 7181-97868-29<\/a><\/p>\n<p><a href=\"tel:+491727121011\">\n<style type=\"text\/css\" data-created_by=\"avia_inline_auto\" id=\"style-css-av-av_font_icon-415caf424f6d405d7148e01e382b9edd\">\n.av_font_icon.av-av_font_icon-415caf424f6d405d7148e01e382b9edd{\ncolor:#d9000e;\nborder-color:#d9000e;\n}\n.av_font_icon.av-av_font_icon-415caf424f6d405d7148e01e382b9edd .av-icon-char{\nfont-size:20px;\nline-height:20px;\n}\n<\/style>\n<span  class='av_font_icon av-av_font_icon-415caf424f6d405d7148e01e382b9edd avia_animate_when_visible av-icon-style- avia-icon-pos-left avia-icon-animate'><span class='av-icon-char' aria-hidden='true' data-av_icon='\ue8ac' data-av_iconfont='entypo-fontello' ><\/span><\/span>+49 (0) 172-7121011<\/a><\/p>\n<p><a href=\"mailto:rehorst@huttelmaier.de\">\n<style type=\"text\/css\" data-created_by=\"avia_inline_auto\" id=\"style-css-av-av_font_icon-307e90fb9554a031c5052513ef710d28\">\n.av_font_icon.av-av_font_icon-307e90fb9554a031c5052513ef710d28{\ncolor:#d9000e;\nborder-color:#d9000e;\n}\n.av_font_icon.av-av_font_icon-307e90fb9554a031c5052513ef710d28 .av-icon-char{\nfont-size:20px;\nline-height:20px;\n}\n<\/style>\n<span  class='av_font_icon av-av_font_icon-307e90fb9554a031c5052513ef710d28 avia_animate_when_visible av-icon-style- avia-icon-pos-left avia-icon-animate'><span class='av-icon-char' aria-hidden='true' data-av_icon='\ue805' data-av_iconfont='entypo-fontello' ><\/span><\/span>rehorst@huttelmaier.de<\/a><\/p>\n<p>Ich freue mich auf ein Gespr\u00e4ch mit Ihnen!<\/p>\n<\/div><\/section><\/div>\n","protected":false},"excerpt":{"rendered":"","protected":false},"author":1,"featured_media":0,"parent":23,"menu_order":2,"comment_status":"closed","ping_status":"closed","template":"","meta":{"footnotes":""},"class_list":["post-139","page","type-page","status-publish","hentry"],"yoast_head":"<!-- This site is optimized with the Yoast SEO plugin v27.3 - https:\/\/yoast.com\/product\/yoast-seo-wordpress\/ -->\n<title>Maschinenmodernisierung \u2013 Altmaschinen nachr\u00fcsten<\/title>\n<meta name=\"description\" content=\"Maschinenmodernisierung \u2713 Steuerung \u2606 Schutzeinrichtung \u2606 Messtaster \u2606 Automatisierung \u2606 MDE System \u27a8 Altmaschinen nachr\u00fcsten!\" \/>\n<meta name=\"robots\" content=\"index, follow, max-snippet:-1, max-image-preview:large, max-video-preview:-1\" \/>\n<link rel=\"canonical\" href=\"https:\/\/retrofit.de\/index.php\/de\/maschinenueberholung\/maschinenmodernisierung\/\" \/>\n<meta property=\"og:locale\" content=\"de_DE\" \/>\n<meta property=\"og:type\" content=\"article\" \/>\n<meta property=\"og:title\" content=\"Maschinenmodernisierung \u2013 Altmaschinen nachr\u00fcsten\" \/>\n<meta property=\"og:description\" content=\"Maschinenmodernisierung \u2713 Steuerung \u2606 Schutzeinrichtung \u2606 Messtaster \u2606 Automatisierung \u2606 MDE System \u27a8 Altmaschinen nachr\u00fcsten!\" \/>\n<meta property=\"og:url\" content=\"https:\/\/retrofit.de\/index.php\/de\/maschinenueberholung\/maschinenmodernisierung\/\" \/>\n<meta property=\"og:site_name\" content=\"HDC Huttelmaier Retrofit\" \/>\n<meta property=\"article:modified_time\" content=\"2025-01-28T13:10:20+00:00\" \/>\n<meta name=\"twitter:card\" content=\"summary_large_image\" \/>\n<meta name=\"twitter:label1\" content=\"Gesch\u00e4tzte Lesezeit\" \/>\n\t<meta name=\"twitter:data1\" content=\"2\u00a0Minuten\" \/>\n<script type=\"application\/ld+json\" class=\"yoast-schema-graph\">{\"@context\":\"https:\\\/\\\/schema.org\",\"@graph\":[{\"@type\":\"WebPage\",\"@id\":\"https:\\\/\\\/retrofit.de\\\/index.php\\\/de\\\/maschinenueberholung\\\/maschinenmodernisierung\\\/\",\"url\":\"https:\\\/\\\/retrofit.de\\\/index.php\\\/de\\\/maschinenueberholung\\\/maschinenmodernisierung\\\/\",\"name\":\"Maschinenmodernisierung \u2013 Altmaschinen nachr\u00fcsten\",\"isPartOf\":{\"@id\":\"https:\\\/\\\/retrofit.de\\\/#website\"},\"datePublished\":\"2023-04-04T14:06:14+00:00\",\"dateModified\":\"2025-01-28T13:10:20+00:00\",\"description\":\"Maschinenmodernisierung \u2713 Steuerung \u2606 Schutzeinrichtung \u2606 Messtaster \u2606 Automatisierung \u2606 MDE System \u27a8 Altmaschinen nachr\u00fcsten!\",\"breadcrumb\":{\"@id\":\"https:\\\/\\\/retrofit.de\\\/index.php\\\/de\\\/maschinenueberholung\\\/maschinenmodernisierung\\\/#breadcrumb\"},\"inLanguage\":\"de\",\"potentialAction\":[{\"@type\":\"ReadAction\",\"target\":[\"https:\\\/\\\/retrofit.de\\\/index.php\\\/de\\\/maschinenueberholung\\\/maschinenmodernisierung\\\/\"]}]},{\"@type\":\"BreadcrumbList\",\"@id\":\"https:\\\/\\\/retrofit.de\\\/index.php\\\/de\\\/maschinenueberholung\\\/maschinenmodernisierung\\\/#breadcrumb\",\"itemListElement\":[{\"@type\":\"ListItem\",\"position\":1,\"name\":\"Startseite\",\"item\":\"https:\\\/\\\/retrofit.de\\\/index.php\\\/de\\\/startseite\\\/\"},{\"@type\":\"ListItem\",\"position\":2,\"name\":\"Maschinen\u00fcberholung\",\"item\":\"https:\\\/\\\/retrofit.de\\\/index.php\\\/de\\\/maschinenueberholung\\\/\"},{\"@type\":\"ListItem\",\"position\":3,\"name\":\"Modernisierung\"}]},{\"@type\":\"WebSite\",\"@id\":\"https:\\\/\\\/retrofit.de\\\/#website\",\"url\":\"https:\\\/\\\/retrofit.de\\\/\",\"name\":\"HDC Huttelmaier Retrofit\",\"description\":\"Maschinen \u00dcberholung f\u00fcr High End Pr\u00e4zision\",\"publisher\":{\"@id\":\"https:\\\/\\\/retrofit.de\\\/#organization\"},\"potentialAction\":[{\"@type\":\"SearchAction\",\"target\":{\"@type\":\"EntryPoint\",\"urlTemplate\":\"https:\\\/\\\/retrofit.de\\\/?s={search_term_string}\"},\"query-input\":{\"@type\":\"PropertyValueSpecification\",\"valueRequired\":true,\"valueName\":\"search_term_string\"}}],\"inLanguage\":\"de\"},{\"@type\":\"Organization\",\"@id\":\"https:\\\/\\\/retrofit.de\\\/#organization\",\"name\":\"HDC Huttelmaier GmbH\",\"alternateName\":\"HDC\",\"url\":\"https:\\\/\\\/retrofit.de\\\/\",\"logo\":{\"@type\":\"ImageObject\",\"inLanguage\":\"de\",\"@id\":\"https:\\\/\\\/retrofit.de\\\/#\\\/schema\\\/logo\\\/image\\\/\",\"url\":\"https:\\\/\\\/retrofit.de\\\/wp-content\\\/uploads\\\/2023\\\/04\\\/Logo.jpg\",\"contentUrl\":\"https:\\\/\\\/retrofit.de\\\/wp-content\\\/uploads\\\/2023\\\/04\\\/Logo.jpg\",\"width\":2083,\"height\":2083,\"caption\":\"HDC Huttelmaier GmbH\"},\"image\":{\"@id\":\"https:\\\/\\\/retrofit.de\\\/#\\\/schema\\\/logo\\\/image\\\/\"}}]}<\/script>\n<!-- \/ Yoast SEO plugin. -->","yoast_head_json":{"title":"Maschinenmodernisierung \u2013 Altmaschinen nachr\u00fcsten","description":"Maschinenmodernisierung \u2713 Steuerung \u2606 Schutzeinrichtung \u2606 Messtaster \u2606 Automatisierung \u2606 MDE System \u27a8 Altmaschinen nachr\u00fcsten!","robots":{"index":"index","follow":"follow","max-snippet":"max-snippet:-1","max-image-preview":"max-image-preview:large","max-video-preview":"max-video-preview:-1"},"canonical":"https:\/\/retrofit.de\/index.php\/de\/maschinenueberholung\/maschinenmodernisierung\/","og_locale":"de_DE","og_type":"article","og_title":"Maschinenmodernisierung \u2013 Altmaschinen nachr\u00fcsten","og_description":"Maschinenmodernisierung \u2713 Steuerung \u2606 Schutzeinrichtung \u2606 Messtaster \u2606 Automatisierung \u2606 MDE System \u27a8 Altmaschinen nachr\u00fcsten!","og_url":"https:\/\/retrofit.de\/index.php\/de\/maschinenueberholung\/maschinenmodernisierung\/","og_site_name":"HDC Huttelmaier Retrofit","article_modified_time":"2025-01-28T13:10:20+00:00","twitter_card":"summary_large_image","twitter_misc":{"Gesch\u00e4tzte Lesezeit":"2\u00a0Minuten"},"schema":{"@context":"https:\/\/schema.org","@graph":[{"@type":"WebPage","@id":"https:\/\/retrofit.de\/index.php\/de\/maschinenueberholung\/maschinenmodernisierung\/","url":"https:\/\/retrofit.de\/index.php\/de\/maschinenueberholung\/maschinenmodernisierung\/","name":"Maschinenmodernisierung \u2013 Altmaschinen nachr\u00fcsten","isPartOf":{"@id":"https:\/\/retrofit.de\/#website"},"datePublished":"2023-04-04T14:06:14+00:00","dateModified":"2025-01-28T13:10:20+00:00","description":"Maschinenmodernisierung \u2713 Steuerung \u2606 Schutzeinrichtung \u2606 Messtaster \u2606 Automatisierung \u2606 MDE System \u27a8 Altmaschinen nachr\u00fcsten!","breadcrumb":{"@id":"https:\/\/retrofit.de\/index.php\/de\/maschinenueberholung\/maschinenmodernisierung\/#breadcrumb"},"inLanguage":"de","potentialAction":[{"@type":"ReadAction","target":["https:\/\/retrofit.de\/index.php\/de\/maschinenueberholung\/maschinenmodernisierung\/"]}]},{"@type":"BreadcrumbList","@id":"https:\/\/retrofit.de\/index.php\/de\/maschinenueberholung\/maschinenmodernisierung\/#breadcrumb","itemListElement":[{"@type":"ListItem","position":1,"name":"Startseite","item":"https:\/\/retrofit.de\/index.php\/de\/startseite\/"},{"@type":"ListItem","position":2,"name":"Maschinen\u00fcberholung","item":"https:\/\/retrofit.de\/index.php\/de\/maschinenueberholung\/"},{"@type":"ListItem","position":3,"name":"Modernisierung"}]},{"@type":"WebSite","@id":"https:\/\/retrofit.de\/#website","url":"https:\/\/retrofit.de\/","name":"HDC Huttelmaier Retrofit","description":"Maschinen \u00dcberholung f\u00fcr High End Pr\u00e4zision","publisher":{"@id":"https:\/\/retrofit.de\/#organization"},"potentialAction":[{"@type":"SearchAction","target":{"@type":"EntryPoint","urlTemplate":"https:\/\/retrofit.de\/?s={search_term_string}"},"query-input":{"@type":"PropertyValueSpecification","valueRequired":true,"valueName":"search_term_string"}}],"inLanguage":"de"},{"@type":"Organization","@id":"https:\/\/retrofit.de\/#organization","name":"HDC Huttelmaier GmbH","alternateName":"HDC","url":"https:\/\/retrofit.de\/","logo":{"@type":"ImageObject","inLanguage":"de","@id":"https:\/\/retrofit.de\/#\/schema\/logo\/image\/","url":"https:\/\/retrofit.de\/wp-content\/uploads\/2023\/04\/Logo.jpg","contentUrl":"https:\/\/retrofit.de\/wp-content\/uploads\/2023\/04\/Logo.jpg","width":2083,"height":2083,"caption":"HDC Huttelmaier GmbH"},"image":{"@id":"https:\/\/retrofit.de\/#\/schema\/logo\/image\/"}}]}},"_links":{"self":[{"href":"https:\/\/retrofit.de\/index.php\/wp-json\/wp\/v2\/pages\/139","targetHints":{"allow":["GET"]}}],"collection":[{"href":"https:\/\/retrofit.de\/index.php\/wp-json\/wp\/v2\/pages"}],"about":[{"href":"https:\/\/retrofit.de\/index.php\/wp-json\/wp\/v2\/types\/page"}],"author":[{"embeddable":true,"href":"https:\/\/retrofit.de\/index.php\/wp-json\/wp\/v2\/users\/1"}],"replies":[{"embeddable":true,"href":"https:\/\/retrofit.de\/index.php\/wp-json\/wp\/v2\/comments?post=139"}],"version-history":[{"count":15,"href":"https:\/\/retrofit.de\/index.php\/wp-json\/wp\/v2\/pages\/139\/revisions"}],"predecessor-version":[{"id":4138,"href":"https:\/\/retrofit.de\/index.php\/wp-json\/wp\/v2\/pages\/139\/revisions\/4138"}],"up":[{"embeddable":true,"href":"https:\/\/retrofit.de\/index.php\/wp-json\/wp\/v2\/pages\/23"}],"wp:attachment":[{"href":"https:\/\/retrofit.de\/index.php\/wp-json\/wp\/v2\/media?parent=139"}],"curies":[{"name":"wp","href":"https:\/\/api.w.org\/{rel}","templated":true}]}}