{"id":133,"date":"2023-04-04T15:56:20","date_gmt":"2023-04-04T13:56:20","guid":{"rendered":"https:\/\/retrofit.de\/wordpress\/?page_id=133"},"modified":"2025-01-28T14:16:04","modified_gmt":"2025-01-28T13:16:04","slug":"maschinengeometrie-ueberpruefen","status":"publish","type":"page","link":"https:\/\/retrofit.de\/index.php\/de\/maschinenueberholung\/retrofit-werkzeugmaschinen\/maschinengeometrie-ueberpruefen\/","title":{"rendered":"Maschinengeometrie"},"content":{"rendered":"<div id='av_section_1'  class='avia-section av-1jlel-1bc90ba3e1ffa55f8d3a7be395c03e85 main_color avia-section-default avia-no-border-styling  avia-builder-el-0  el_before_av_section  avia-builder-el-first  avia-bg-style-scroll container_wrap fullsize'  ><div class='container av-section-cont-open' ><main  role=\"main\" itemprop=\"mainContentOfPage\"  class='template-page content  av-content-full alpha units'><div class='post-entry post-entry-type-page post-entry-133'><div class='entry-content-wrapper clearfix'>\n<div  class='flex_column av-ok4d-ec5e928a20181e29bd166158ddb8e152 av_one_full  avia-builder-el-1  el_before_av_one_third  avia-builder-el-first  first flex_column_div  '     ><style type=\"text\/css\" data-created_by=\"avia_inline_auto\" id=\"style-css-av-lg29wfol-4a2c25688421d6de6417a3e964a22e2e\">\n#top .av-special-heading.av-lg29wfol-4a2c25688421d6de6417a3e964a22e2e{\npadding-bottom:10px;\n}\nbody .av-special-heading.av-lg29wfol-4a2c25688421d6de6417a3e964a22e2e .av-special-heading-tag .heading-char{\nfont-size:25px;\n}\n.av-special-heading.av-lg29wfol-4a2c25688421d6de6417a3e964a22e2e .av-subheading{\nfont-size:15px;\n}\n<\/style>\n<div  class='av-special-heading av-lg29wfol-4a2c25688421d6de6417a3e964a22e2e av-special-heading-h1 blockquote modern-quote  avia-builder-el-2  avia-builder-el-no-sibling '><h1 class='av-special-heading-tag '  itemprop=\"headline\"  >Maschinengeometrie \u00fcberpr\u00fcfen<\/h1><div class=\"special-heading-border\"><div class=\"special-heading-inner-border\"><\/div><\/div><\/div><\/div><div  class='flex_column av-1h2bph-eb75281162f74641848e2a3ba661ce0a av_one_third  avia-builder-el-3  el_after_av_one_full  el_before_av_two_third  first flex_column_div  column-top-margin'     ><div  class='avia-slideshow av-li1di1z9-1d1f084a8fb873934f2ae4357813ae3b avia-slideshow-extra_large av_slideshow avia-slide-slider  avia-builder-el-4  avia-builder-el-no-sibling  av-slideshow-ui av-control-minimal av-control-minimal-dark av-nav-arrows-visible av-no-slider-navigation av-slideshow-autoplay av-loop-endless av-loop-manual-endless av-default-height-applied avia-slideshow-1' data-slideshow-options=\"{&quot;animation&quot;:&quot;slide&quot;,&quot;autoplay&quot;:true,&quot;loop_autoplay&quot;:&quot;endless&quot;,&quot;interval&quot;:5,&quot;loop_manual&quot;:&quot;manual-endless&quot;,&quot;autoplay_stopper&quot;:false,&quot;noNavigation&quot;:false,&quot;bg_slider&quot;:false,&quot;transitionSpeed&quot;:400,&quot;keep_padding&quot;:false,&quot;hoverpause&quot;:false,&quot;show_slide_delay&quot;:0}\"  itemprop=\"image\" itemscope=\"itemscope\" itemtype=\"https:\/\/schema.org\/ImageObject\" ><ul class='avia-slideshow-inner ' style='padding-bottom: 56.25%;'><li  class='avia-slideshow-slide av-li1di1z9-1d1f084a8fb873934f2ae4357813ae3b__0  slide-1 slide-odd'><div data-rel='slideshow-1' class='avia-slide-wrap '   ><img decoding=\"async\" fetchpriority=\"high\" class=\"wp-image-1472 avia-img-lazy-loading-not-1472\"  src=\"https:\/\/retrofit.de\/wp-content\/uploads\/2023\/05\/Maschinengeometrie-ueberpruefen-1-scaled-1.webp\" width=\"400\" height=\"225\" title='Maschinengeometrie-ueberpruefen-1-scaled-1' alt='Maschinengeometrie \u00fcberpr\u00fcfen'  itemprop=\"thumbnailUrl\" srcset=\"https:\/\/retrofit.de\/wp-content\/uploads\/2023\/05\/Maschinengeometrie-ueberpruefen-1-scaled-1.webp 400w, https:\/\/retrofit.de\/wp-content\/uploads\/2023\/05\/Maschinengeometrie-ueberpruefen-1-scaled-1-300x169.webp 300w\" sizes=\"(max-width: 400px) 100vw, 400px\" \/><\/div><\/li><li  class='avia-slideshow-slide av-li1di1z9-1d1f084a8fb873934f2ae4357813ae3b__1  slide-2 slide-even'><div data-rel='slideshow-1' class='avia-slide-wrap '   ><img decoding=\"async\" fetchpriority=\"high\" class=\"wp-image-1471 avia-img-lazy-loading-not-1471\"  src=\"https:\/\/retrofit.de\/wp-content\/uploads\/2023\/05\/Maschinengeometrie-ueberpruefen-5.webp\" width=\"400\" height=\"341\" title='Maschinengeometrie \u00fcberpr\u00fcfen' alt='Maschinengeometrie \u00fcberpr\u00fcfen'  itemprop=\"thumbnailUrl\" srcset=\"https:\/\/retrofit.de\/wp-content\/uploads\/2023\/05\/Maschinengeometrie-ueberpruefen-5.webp 400w, https:\/\/retrofit.de\/wp-content\/uploads\/2023\/05\/Maschinengeometrie-ueberpruefen-5-300x256.webp 300w\" sizes=\"(max-width: 400px) 100vw, 400px\" \/><\/div><\/li><li  class='avia-slideshow-slide av-li1di1z9-1d1f084a8fb873934f2ae4357813ae3b__2  slide-3 slide-odd'><div data-rel='slideshow-1' class='avia-slide-wrap '   ><img decoding=\"async\" fetchpriority=\"high\" class=\"wp-image-1470 avia-img-lazy-loading-not-1470\"  src=\"https:\/\/retrofit.de\/wp-content\/uploads\/2023\/05\/Maschinengeometrie-ueberpruefen-4.webp\" width=\"400\" height=\"113\" title='Maschinengeometrie \u00fcberpr\u00fcfen' alt='Maschinengeometrie \u00fcberpr\u00fcfen'  itemprop=\"thumbnailUrl\" srcset=\"https:\/\/retrofit.de\/wp-content\/uploads\/2023\/05\/Maschinengeometrie-ueberpruefen-4.webp 400w, https:\/\/retrofit.de\/wp-content\/uploads\/2023\/05\/Maschinengeometrie-ueberpruefen-4-300x85.webp 300w\" sizes=\"(max-width: 400px) 100vw, 400px\" \/><\/div><\/li><li  class='avia-slideshow-slide av-li1di1z9-1d1f084a8fb873934f2ae4357813ae3b__3  slide-4 slide-even'><div data-rel='slideshow-1' class='avia-slide-wrap '   ><img decoding=\"async\" fetchpriority=\"high\" class=\"wp-image-1469 avia-img-lazy-loading-not-1469\"  src=\"https:\/\/retrofit.de\/wp-content\/uploads\/2023\/05\/Maschinengeometrie-ueberpruefen-3.webp\" width=\"400\" height=\"358\" title='Maschinengeometrie \u00fcberpr\u00fcfen' alt='Maschinengeometrie \u00fcberpr\u00fcfen'  itemprop=\"thumbnailUrl\" srcset=\"https:\/\/retrofit.de\/wp-content\/uploads\/2023\/05\/Maschinengeometrie-ueberpruefen-3.webp 400w, https:\/\/retrofit.de\/wp-content\/uploads\/2023\/05\/Maschinengeometrie-ueberpruefen-3-300x269.webp 300w\" sizes=\"(max-width: 400px) 100vw, 400px\" \/><\/div><\/li><li  class='avia-slideshow-slide av-li1di1z9-1d1f084a8fb873934f2ae4357813ae3b__4  slide-5 slide-odd'><div data-rel='slideshow-1' class='avia-slide-wrap '   ><img decoding=\"async\" fetchpriority=\"high\" class=\"wp-image-1468 avia-img-lazy-loading-not-1468\"  src=\"https:\/\/retrofit.de\/wp-content\/uploads\/2023\/05\/Maschinengeometrie-ueberpruefen-2.webp\" width=\"400\" height=\"218\" title='Maschinengeometrie \u00fcberpr\u00fcfen' alt='Maschinengeometrie \u00fcberpr\u00fcfen'  itemprop=\"thumbnailUrl\" srcset=\"https:\/\/retrofit.de\/wp-content\/uploads\/2023\/05\/Maschinengeometrie-ueberpruefen-2.webp 400w, https:\/\/retrofit.de\/wp-content\/uploads\/2023\/05\/Maschinengeometrie-ueberpruefen-2-300x164.webp 300w\" sizes=\"(max-width: 400px) 100vw, 400px\" \/><\/div><\/li><li  class='avia-slideshow-slide av-li1di1z9-1d1f084a8fb873934f2ae4357813ae3b__5  slide-6 slide-even'><div data-rel='slideshow-1' class='avia-slide-wrap '   ><img decoding=\"async\" fetchpriority=\"high\" class=\"wp-image-1467 avia-img-lazy-loading-not-1467\"  src=\"https:\/\/retrofit.de\/wp-content\/uploads\/2023\/05\/Maschinengeometrie-ueberpruefen1-2.webp\" width=\"400\" height=\"273\" title='Maschinengeometrie \u00fcberpr\u00fcfen' alt='Maschinengeometrie \u00fcberpr\u00fcfen'  itemprop=\"thumbnailUrl\" srcset=\"https:\/\/retrofit.de\/wp-content\/uploads\/2023\/05\/Maschinengeometrie-ueberpruefen1-2.webp 400w, https:\/\/retrofit.de\/wp-content\/uploads\/2023\/05\/Maschinengeometrie-ueberpruefen1-2-300x205.webp 300w\" sizes=\"(max-width: 400px) 100vw, 400px\" \/><\/div><\/li><li  class='avia-slideshow-slide av-li1di1z9-1d1f084a8fb873934f2ae4357813ae3b__6  slide-7 slide-odd'><div data-rel='slideshow-1' class='avia-slide-wrap '   ><img decoding=\"async\" fetchpriority=\"high\" class=\"wp-image-1466 avia-img-lazy-loading-not-1466\"  src=\"https:\/\/retrofit.de\/wp-content\/uploads\/2023\/05\/Maschinengeometrie-ueberpruefen1-1.webp\" width=\"400\" height=\"267\" title='Maschinengeometrie \u00fcberpr\u00fcfen' alt='Maschinengeometrie \u00fcberpr\u00fcfen'  itemprop=\"thumbnailUrl\" srcset=\"https:\/\/retrofit.de\/wp-content\/uploads\/2023\/05\/Maschinengeometrie-ueberpruefen1-1.webp 400w, https:\/\/retrofit.de\/wp-content\/uploads\/2023\/05\/Maschinengeometrie-ueberpruefen1-1-300x200.webp 300w\" sizes=\"(max-width: 400px) 100vw, 400px\" \/><\/div><\/li><\/ul><div class='avia-slideshow-arrows avia-slideshow-controls' ><a href='#prev' class='prev-slide ' aria-hidden='true' data-av_icon='\ue87c' data-av_iconfont='entypo-fontello'  tabindex='-1'>Zur\u00fcck<\/a><a href='#next' class='next-slide ' aria-hidden='true' data-av_icon='\ue87d' data-av_iconfont='entypo-fontello'  tabindex='-1'>Weiter<\/a><\/div><\/div><\/div><div  class='flex_column av-lg29yef9-ceae01e18e4e83d1415545add6ab8f0e av_two_third  avia-builder-el-5  el_after_av_one_third  avia-builder-el-last  flex_column_div  column-top-margin'     ><section  class='av_textblock_section av-lg29xm1f-7d3cdd8b59a629545178fbb262f8292d '   itemscope=\"itemscope\" itemtype=\"https:\/\/schema.org\/CreativeWork\" ><div class='avia_textblock av_inherit_color'  itemprop=\"text\" ><p>Unsere Kunden sind insbesondere Metallindustrie-Unternehmen und m\u00fcssen zwingend die Maschinentoleranzen einhalten, da sie im 1\/100 mm bis 1\/1000 mm Bereich fertigen.<\/p>\n<p>Um die Maschinengeometrie zu \u00fcberpr\u00fcfen nehmen wir eine Maschinenvermessung der Achsen, Baugruppen, Schlitten und ganzer Maschinen vor, ob sie weiterhin der Geometrie nach DIN entsprechen.<\/p>\n<\/div><\/section><\/div>\n\n<\/div><\/div><\/main><!-- close content main element --><\/div><\/div><div id='av_section_2'  class='avia-section av-4j40l-b32762d4fc574207a1e42044907ae8f6 main_color avia-section-default avia-no-border-styling  avia-builder-el-7  el_after_av_section  avia-builder-el-last  avia-bg-style-scroll container_wrap fullsize'  ><div class='container av-section-cont-open' ><div class='template-page content  av-content-full alpha units'><div class='post-entry post-entry-type-page post-entry-133'><div class='entry-content-wrapper clearfix'>\n\n<style type=\"text\/css\" data-created_by=\"avia_inline_auto\" id=\"style-css-av-10nap9-326143f7d71ff6422a70323df69cab0f\">\n#top .av-special-heading.av-10nap9-326143f7d71ff6422a70323df69cab0f{\npadding-bottom:10px;\n}\nbody .av-special-heading.av-10nap9-326143f7d71ff6422a70323df69cab0f .av-special-heading-tag .heading-char{\nfont-size:25px;\n}\n.av-special-heading.av-10nap9-326143f7d71ff6422a70323df69cab0f .av-subheading{\nfont-size:15px;\n}\n<\/style>\n<div  class='av-special-heading av-10nap9-326143f7d71ff6422a70323df69cab0f av-special-heading-h2 blockquote modern-quote  avia-builder-el-8  el_before_av_textblock  avia-builder-el-first '><h2 class='av-special-heading-tag '  itemprop=\"headline\"  >Wie k\u00f6nnen wir Ihnen helfen?<\/h2><div class=\"special-heading-border\"><div class=\"special-heading-inner-border\"><\/div><\/div><\/div>\n\n<style type=\"text\/css\" data-created_by=\"avia_inline_auto\" id=\"style-css-av-vmb9p-960fde2c2ff9fa136eef05909ba51f69\">\n#top .av_textblock_section.av-vmb9p-960fde2c2ff9fa136eef05909ba51f69 .avia_textblock{\nfont-size:30px;\n}\n<\/style>\n<section  class='av_textblock_section av-vmb9p-960fde2c2ff9fa136eef05909ba51f69 '   itemscope=\"itemscope\" itemtype=\"https:\/\/schema.org\/CreativeWork\" ><div class='avia_textblock'  itemprop=\"text\" ><p>HDC Huttelmaier Retrofit \u2013 Maschinen \u00dcberholung f\u00fcr High End Pr\u00e4zision<\/p>\n<\/div><\/section>\n<div  class='flex_column av-s7wmt-d03487dc1ad61e0df38266892044148c av_one_fourth  avia-builder-el-10  el_after_av_textblock  el_before_av_one_half  first flex_column_div  column-top-margin'     ><style type=\"text\/css\" data-created_by=\"avia_inline_auto\" id=\"style-css-av-iuz05-2a48556a918fd385e39d273fc0043f44\">\n.avia-image-container.av-iuz05-2a48556a918fd385e39d273fc0043f44 img.avia_image{\nbox-shadow:none;\n}\n.avia-image-container.av-iuz05-2a48556a918fd385e39d273fc0043f44 .av-image-caption-overlay-center{\ncolor:#ffffff;\n}\n<\/style>\n<div  class='avia-image-container av-iuz05-2a48556a918fd385e39d273fc0043f44 av-styling- avia-align-center  avia-builder-el-11  avia-builder-el-no-sibling '   itemprop=\"image\" itemscope=\"itemscope\" itemtype=\"https:\/\/schema.org\/ImageObject\" ><div class=\"avia-image-container-inner\"><div class=\"avia-image-overlay-wrap\"><img decoding=\"async\" fetchpriority=\"high\" class='wp-image-451 avia-img-lazy-loading-not-451 avia_image ' src=\"https:\/\/retrofit.de\/wp-content\/uploads\/2023\/04\/Falko-Rehorst-_-Vertrieb-bei-HDC.webp\" alt='Falko Rehorst-Vertrieb-bei-HDC' title='Falko Rehorst-Vertrieb-bei-HDC'  height=\"400\" width=\"400\"  itemprop=\"thumbnailUrl\" srcset=\"https:\/\/retrofit.de\/wp-content\/uploads\/2023\/04\/Falko-Rehorst-_-Vertrieb-bei-HDC.webp 400w, https:\/\/retrofit.de\/wp-content\/uploads\/2023\/04\/Falko-Rehorst-_-Vertrieb-bei-HDC-300x300.webp 300w, https:\/\/retrofit.de\/wp-content\/uploads\/2023\/04\/Falko-Rehorst-_-Vertrieb-bei-HDC-80x80.webp 80w, https:\/\/retrofit.de\/wp-content\/uploads\/2023\/04\/Falko-Rehorst-_-Vertrieb-bei-HDC-36x36.webp 36w, https:\/\/retrofit.de\/wp-content\/uploads\/2023\/04\/Falko-Rehorst-_-Vertrieb-bei-HDC-180x180.webp 180w\" sizes=\"(max-width: 400px) 100vw, 400px\" \/><\/div><\/div><\/div><\/div><div  class='flex_column av-e506d-2f5a0495f4bb53d2dcd2eed8ab65b9da av_one_half  avia-builder-el-12  el_after_av_one_fourth  avia-builder-el-last  linie-links flex_column_div  column-top-margin'     ><style type=\"text\/css\" data-created_by=\"avia_inline_auto\" id=\"style-css-av-arr7h-754ae14d9034241fab3c41e916a3ccff\">\n#top .av_textblock_section.av-arr7h-754ae14d9034241fab3c41e916a3ccff .avia_textblock{\nfont-size:18px;\n}\n<\/style>\n<section  class='av_textblock_section av-arr7h-754ae14d9034241fab3c41e916a3ccff '   itemscope=\"itemscope\" itemtype=\"https:\/\/schema.org\/CreativeWork\" ><div class='avia_textblock kontakt'  itemprop=\"text\" ><p><strong>Falko Rehorst<\/strong><\/p>\n<p style=\"line-height: 1.65em;\">Retrofit Berater<br \/>\nHuttelmaier GmbH<\/p>\n<p><strong>Kontaktieren Sie mich<\/strong><\/p>\n<p><a href=\"tel:+4971819786829\">\n<style type=\"text\/css\" data-created_by=\"avia_inline_auto\" id=\"style-css-av-av_font_icon-cc71c4479a360ffd333863b3dbf74870\">\n.av_font_icon.av-av_font_icon-cc71c4479a360ffd333863b3dbf74870{\ncolor:#d9000e;\nborder-color:#d9000e;\n}\n.av_font_icon.av-av_font_icon-cc71c4479a360ffd333863b3dbf74870 .av-icon-char{\nfont-size:20px;\nline-height:20px;\n}\n<\/style>\n<span  class='av_font_icon av-av_font_icon-cc71c4479a360ffd333863b3dbf74870 avia_animate_when_visible av-icon-style- avia-icon-pos-left avia-icon-animate'><span class='av-icon-char' aria-hidden='true' data-av_icon='\ue854' data-av_iconfont='entypo-fontello' ><\/span><\/span>+49 (0) 7181-97868-29<\/a><\/p>\n<p><a href=\"tel:+491727121011\">\n<style type=\"text\/css\" data-created_by=\"avia_inline_auto\" id=\"style-css-av-av_font_icon-415caf424f6d405d7148e01e382b9edd\">\n.av_font_icon.av-av_font_icon-415caf424f6d405d7148e01e382b9edd{\ncolor:#d9000e;\nborder-color:#d9000e;\n}\n.av_font_icon.av-av_font_icon-415caf424f6d405d7148e01e382b9edd .av-icon-char{\nfont-size:20px;\nline-height:20px;\n}\n<\/style>\n<span  class='av_font_icon av-av_font_icon-415caf424f6d405d7148e01e382b9edd avia_animate_when_visible av-icon-style- avia-icon-pos-left avia-icon-animate'><span class='av-icon-char' aria-hidden='true' data-av_icon='\ue8ac' data-av_iconfont='entypo-fontello' ><\/span><\/span>+49 (0) 172-7121011<\/a><\/p>\n<p><a href=\"mailto:rehorst@huttelmaier.de\">\n<style type=\"text\/css\" data-created_by=\"avia_inline_auto\" id=\"style-css-av-av_font_icon-307e90fb9554a031c5052513ef710d28\">\n.av_font_icon.av-av_font_icon-307e90fb9554a031c5052513ef710d28{\ncolor:#d9000e;\nborder-color:#d9000e;\n}\n.av_font_icon.av-av_font_icon-307e90fb9554a031c5052513ef710d28 .av-icon-char{\nfont-size:20px;\nline-height:20px;\n}\n<\/style>\n<span  class='av_font_icon av-av_font_icon-307e90fb9554a031c5052513ef710d28 avia_animate_when_visible av-icon-style- avia-icon-pos-left avia-icon-animate'><span class='av-icon-char' aria-hidden='true' data-av_icon='\ue805' data-av_iconfont='entypo-fontello' ><\/span><\/span>rehorst@huttelmaier.de<\/a><\/p>\n<p>Ich freue mich auf ein Gespr\u00e4ch mit Ihnen!<\/p>\n<\/div><\/section><\/div>\n","protected":false},"excerpt":{"rendered":"","protected":false},"author":1,"featured_media":0,"parent":118,"menu_order":1,"comment_status":"closed","ping_status":"closed","template":"","meta":{"footnotes":""},"class_list":["post-133","page","type-page","status-publish","hentry"],"yoast_head":"<!-- This site is optimized with the Yoast SEO plugin v27.3 - https:\/\/yoast.com\/product\/yoast-seo-wordpress\/ -->\n<title>Maschinengeometrie \u00fcberpr\u00fcfen \u2013 Maschinenvermessung<\/title>\n<meta name=\"description\" content=\"Maschinengeometrie \u00fcberpr\u00fcfen \u2713 Geometrie nach DIN \u2606 Maschinentoleranzen \u2606 Fertigung im 1\/1000 mm Bereich \u27a8 Zur Maschinenvermessung!\" \/>\n<meta name=\"robots\" content=\"index, follow, max-snippet:-1, max-image-preview:large, max-video-preview:-1\" \/>\n<link rel=\"canonical\" href=\"https:\/\/retrofit.de\/index.php\/de\/maschinenueberholung\/retrofit-werkzeugmaschinen\/maschinengeometrie-ueberpruefen\/\" \/>\n<meta property=\"og:locale\" content=\"de_DE\" \/>\n<meta property=\"og:type\" content=\"article\" \/>\n<meta property=\"og:title\" content=\"Maschinengeometrie \u00fcberpr\u00fcfen \u2013 Maschinenvermessung\" \/>\n<meta property=\"og:description\" content=\"Maschinengeometrie \u00fcberpr\u00fcfen \u2713 Geometrie nach DIN \u2606 Maschinentoleranzen \u2606 Fertigung im 1\/1000 mm Bereich \u27a8 Zur Maschinenvermessung!\" \/>\n<meta property=\"og:url\" content=\"https:\/\/retrofit.de\/index.php\/de\/maschinenueberholung\/retrofit-werkzeugmaschinen\/maschinengeometrie-ueberpruefen\/\" \/>\n<meta property=\"og:site_name\" content=\"HDC Huttelmaier Retrofit\" \/>\n<meta property=\"article:modified_time\" content=\"2025-01-28T13:16:04+00:00\" \/>\n<meta name=\"twitter:card\" content=\"summary_large_image\" \/>\n<meta name=\"twitter:label1\" content=\"Gesch\u00e4tzte Lesezeit\" \/>\n\t<meta name=\"twitter:data1\" content=\"3\u00a0Minuten\" \/>\n<script type=\"application\/ld+json\" class=\"yoast-schema-graph\">{\"@context\":\"https:\\\/\\\/schema.org\",\"@graph\":[{\"@type\":\"WebPage\",\"@id\":\"https:\\\/\\\/retrofit.de\\\/index.php\\\/de\\\/maschinenueberholung\\\/retrofit-werkzeugmaschinen\\\/maschinengeometrie-ueberpruefen\\\/\",\"url\":\"https:\\\/\\\/retrofit.de\\\/index.php\\\/de\\\/maschinenueberholung\\\/retrofit-werkzeugmaschinen\\\/maschinengeometrie-ueberpruefen\\\/\",\"name\":\"Maschinengeometrie \u00fcberpr\u00fcfen \u2013 Maschinenvermessung\",\"isPartOf\":{\"@id\":\"https:\\\/\\\/retrofit.de\\\/#website\"},\"datePublished\":\"2023-04-04T13:56:20+00:00\",\"dateModified\":\"2025-01-28T13:16:04+00:00\",\"description\":\"Maschinengeometrie \u00fcberpr\u00fcfen \u2713 Geometrie nach DIN \u2606 Maschinentoleranzen \u2606 Fertigung im 1\\\/1000 mm Bereich \u27a8 Zur Maschinenvermessung!\",\"breadcrumb\":{\"@id\":\"https:\\\/\\\/retrofit.de\\\/index.php\\\/de\\\/maschinenueberholung\\\/retrofit-werkzeugmaschinen\\\/maschinengeometrie-ueberpruefen\\\/#breadcrumb\"},\"inLanguage\":\"de\",\"potentialAction\":[{\"@type\":\"ReadAction\",\"target\":[\"https:\\\/\\\/retrofit.de\\\/index.php\\\/de\\\/maschinenueberholung\\\/retrofit-werkzeugmaschinen\\\/maschinengeometrie-ueberpruefen\\\/\"]}]},{\"@type\":\"BreadcrumbList\",\"@id\":\"https:\\\/\\\/retrofit.de\\\/index.php\\\/de\\\/maschinenueberholung\\\/retrofit-werkzeugmaschinen\\\/maschinengeometrie-ueberpruefen\\\/#breadcrumb\",\"itemListElement\":[{\"@type\":\"ListItem\",\"position\":1,\"name\":\"Startseite\",\"item\":\"https:\\\/\\\/retrofit.de\\\/index.php\\\/de\\\/startseite\\\/\"},{\"@type\":\"ListItem\",\"position\":2,\"name\":\"Maschinen\u00fcberholung\",\"item\":\"https:\\\/\\\/retrofit.de\\\/index.php\\\/de\\\/maschinenueberholung\\\/\"},{\"@type\":\"ListItem\",\"position\":3,\"name\":\"Retrofit\",\"item\":\"https:\\\/\\\/retrofit.de\\\/index.php\\\/de\\\/maschinenueberholung\\\/retrofit-werkzeugmaschinen\\\/\"},{\"@type\":\"ListItem\",\"position\":4,\"name\":\"Maschinengeometrie\"}]},{\"@type\":\"WebSite\",\"@id\":\"https:\\\/\\\/retrofit.de\\\/#website\",\"url\":\"https:\\\/\\\/retrofit.de\\\/\",\"name\":\"HDC Huttelmaier Retrofit\",\"description\":\"Maschinen \u00dcberholung f\u00fcr High End Pr\u00e4zision\",\"publisher\":{\"@id\":\"https:\\\/\\\/retrofit.de\\\/#organization\"},\"potentialAction\":[{\"@type\":\"SearchAction\",\"target\":{\"@type\":\"EntryPoint\",\"urlTemplate\":\"https:\\\/\\\/retrofit.de\\\/?s={search_term_string}\"},\"query-input\":{\"@type\":\"PropertyValueSpecification\",\"valueRequired\":true,\"valueName\":\"search_term_string\"}}],\"inLanguage\":\"de\"},{\"@type\":\"Organization\",\"@id\":\"https:\\\/\\\/retrofit.de\\\/#organization\",\"name\":\"HDC Huttelmaier GmbH\",\"alternateName\":\"HDC\",\"url\":\"https:\\\/\\\/retrofit.de\\\/\",\"logo\":{\"@type\":\"ImageObject\",\"inLanguage\":\"de\",\"@id\":\"https:\\\/\\\/retrofit.de\\\/#\\\/schema\\\/logo\\\/image\\\/\",\"url\":\"https:\\\/\\\/retrofit.de\\\/wp-content\\\/uploads\\\/2023\\\/04\\\/Logo.jpg\",\"contentUrl\":\"https:\\\/\\\/retrofit.de\\\/wp-content\\\/uploads\\\/2023\\\/04\\\/Logo.jpg\",\"width\":2083,\"height\":2083,\"caption\":\"HDC Huttelmaier GmbH\"},\"image\":{\"@id\":\"https:\\\/\\\/retrofit.de\\\/#\\\/schema\\\/logo\\\/image\\\/\"}}]}<\/script>\n<!-- \/ Yoast SEO plugin. -->","yoast_head_json":{"title":"Maschinengeometrie \u00fcberpr\u00fcfen \u2013 Maschinenvermessung","description":"Maschinengeometrie \u00fcberpr\u00fcfen \u2713 Geometrie nach DIN \u2606 Maschinentoleranzen \u2606 Fertigung im 1\/1000 mm Bereich \u27a8 Zur Maschinenvermessung!","robots":{"index":"index","follow":"follow","max-snippet":"max-snippet:-1","max-image-preview":"max-image-preview:large","max-video-preview":"max-video-preview:-1"},"canonical":"https:\/\/retrofit.de\/index.php\/de\/maschinenueberholung\/retrofit-werkzeugmaschinen\/maschinengeometrie-ueberpruefen\/","og_locale":"de_DE","og_type":"article","og_title":"Maschinengeometrie \u00fcberpr\u00fcfen \u2013 Maschinenvermessung","og_description":"Maschinengeometrie \u00fcberpr\u00fcfen \u2713 Geometrie nach DIN \u2606 Maschinentoleranzen \u2606 Fertigung im 1\/1000 mm Bereich \u27a8 Zur Maschinenvermessung!","og_url":"https:\/\/retrofit.de\/index.php\/de\/maschinenueberholung\/retrofit-werkzeugmaschinen\/maschinengeometrie-ueberpruefen\/","og_site_name":"HDC Huttelmaier Retrofit","article_modified_time":"2025-01-28T13:16:04+00:00","twitter_card":"summary_large_image","twitter_misc":{"Gesch\u00e4tzte Lesezeit":"3\u00a0Minuten"},"schema":{"@context":"https:\/\/schema.org","@graph":[{"@type":"WebPage","@id":"https:\/\/retrofit.de\/index.php\/de\/maschinenueberholung\/retrofit-werkzeugmaschinen\/maschinengeometrie-ueberpruefen\/","url":"https:\/\/retrofit.de\/index.php\/de\/maschinenueberholung\/retrofit-werkzeugmaschinen\/maschinengeometrie-ueberpruefen\/","name":"Maschinengeometrie \u00fcberpr\u00fcfen \u2013 Maschinenvermessung","isPartOf":{"@id":"https:\/\/retrofit.de\/#website"},"datePublished":"2023-04-04T13:56:20+00:00","dateModified":"2025-01-28T13:16:04+00:00","description":"Maschinengeometrie \u00fcberpr\u00fcfen \u2713 Geometrie nach DIN \u2606 Maschinentoleranzen \u2606 Fertigung im 1\/1000 mm Bereich \u27a8 Zur Maschinenvermessung!","breadcrumb":{"@id":"https:\/\/retrofit.de\/index.php\/de\/maschinenueberholung\/retrofit-werkzeugmaschinen\/maschinengeometrie-ueberpruefen\/#breadcrumb"},"inLanguage":"de","potentialAction":[{"@type":"ReadAction","target":["https:\/\/retrofit.de\/index.php\/de\/maschinenueberholung\/retrofit-werkzeugmaschinen\/maschinengeometrie-ueberpruefen\/"]}]},{"@type":"BreadcrumbList","@id":"https:\/\/retrofit.de\/index.php\/de\/maschinenueberholung\/retrofit-werkzeugmaschinen\/maschinengeometrie-ueberpruefen\/#breadcrumb","itemListElement":[{"@type":"ListItem","position":1,"name":"Startseite","item":"https:\/\/retrofit.de\/index.php\/de\/startseite\/"},{"@type":"ListItem","position":2,"name":"Maschinen\u00fcberholung","item":"https:\/\/retrofit.de\/index.php\/de\/maschinenueberholung\/"},{"@type":"ListItem","position":3,"name":"Retrofit","item":"https:\/\/retrofit.de\/index.php\/de\/maschinenueberholung\/retrofit-werkzeugmaschinen\/"},{"@type":"ListItem","position":4,"name":"Maschinengeometrie"}]},{"@type":"WebSite","@id":"https:\/\/retrofit.de\/#website","url":"https:\/\/retrofit.de\/","name":"HDC Huttelmaier Retrofit","description":"Maschinen \u00dcberholung f\u00fcr High End Pr\u00e4zision","publisher":{"@id":"https:\/\/retrofit.de\/#organization"},"potentialAction":[{"@type":"SearchAction","target":{"@type":"EntryPoint","urlTemplate":"https:\/\/retrofit.de\/?s={search_term_string}"},"query-input":{"@type":"PropertyValueSpecification","valueRequired":true,"valueName":"search_term_string"}}],"inLanguage":"de"},{"@type":"Organization","@id":"https:\/\/retrofit.de\/#organization","name":"HDC Huttelmaier GmbH","alternateName":"HDC","url":"https:\/\/retrofit.de\/","logo":{"@type":"ImageObject","inLanguage":"de","@id":"https:\/\/retrofit.de\/#\/schema\/logo\/image\/","url":"https:\/\/retrofit.de\/wp-content\/uploads\/2023\/04\/Logo.jpg","contentUrl":"https:\/\/retrofit.de\/wp-content\/uploads\/2023\/04\/Logo.jpg","width":2083,"height":2083,"caption":"HDC Huttelmaier GmbH"},"image":{"@id":"https:\/\/retrofit.de\/#\/schema\/logo\/image\/"}}]}},"_links":{"self":[{"href":"https:\/\/retrofit.de\/index.php\/wp-json\/wp\/v2\/pages\/133","targetHints":{"allow":["GET"]}}],"collection":[{"href":"https:\/\/retrofit.de\/index.php\/wp-json\/wp\/v2\/pages"}],"about":[{"href":"https:\/\/retrofit.de\/index.php\/wp-json\/wp\/v2\/types\/page"}],"author":[{"embeddable":true,"href":"https:\/\/retrofit.de\/index.php\/wp-json\/wp\/v2\/users\/1"}],"replies":[{"embeddable":true,"href":"https:\/\/retrofit.de\/index.php\/wp-json\/wp\/v2\/comments?post=133"}],"version-history":[{"count":10,"href":"https:\/\/retrofit.de\/index.php\/wp-json\/wp\/v2\/pages\/133\/revisions"}],"predecessor-version":[{"id":1553,"href":"https:\/\/retrofit.de\/index.php\/wp-json\/wp\/v2\/pages\/133\/revisions\/1553"}],"up":[{"embeddable":true,"href":"https:\/\/retrofit.de\/index.php\/wp-json\/wp\/v2\/pages\/118"}],"wp:attachment":[{"href":"https:\/\/retrofit.de\/index.php\/wp-json\/wp\/v2\/media?parent=133"}],"curies":[{"name":"wp","href":"https:\/\/api.w.org\/{rel}","templated":true}]}}